{"id":18182,"date":"2025-01-13T15:19:39","date_gmt":"2025-01-13T15:19:39","guid":{"rendered":"https:\/\/aivlisoft.com\/?post_type=product&#038;p=18182"},"modified":"2025-01-14T20:19:59","modified_gmt":"2025-01-14T20:19:59","slug":"edimax-ew-7611ucb-adaptador-usb-wifi-ac600-bt4-0","status":"publish","type":"product","link":"https:\/\/aivlisoft.net\/shop\/producto\/edimax-ew-7611ucb-adaptador-usb-wifi-ac600-bt4-0\/","title":{"rendered":"Edimax EW-7611UCB Adaptador USB WiFi AC600 BT4.0"},"content":{"rendered":"<p>Edimax EW-7611UCB Adaptador USB WiFi AC600 BT4.0<br \/>&nbsp;<\/p>\n<table width=\"100%\">\n<tr>\n<td><strong>Marca<\/strong><\/td>\n<td>Edimax<\/td>\n<\/tr>\n<tr>\n<td><strong>Modelo<\/strong><\/td>\n<td><strong>EW-7611UCB<\/strong><\/td>\n<\/tr>\n<tr>\n<td><strong>Especificaciones<\/strong><\/td>\n<td>&#8211; Bluetooth de baja energ&iacute;a (BLE, Bluetooth Low Energy)<br \/>\t\t\t&#8211; Cantidad de antenas: 2<br \/>\t\t\t<strong>Puertos e interfaces<\/strong><br \/>\t\t\t&#8211; Tecnolog&iacute;a de conectividad: Inal&aacute;mbrico<br \/>\t\t\t&#8211; Interfaz de host: USB<br \/>\t\t\t&#8211; Interfaz: WLAN \/ Bluetooth<br \/>\t\t\t&#8211; Versi&oacute;n USB: 2.0<br \/>\t\t\t<strong>Conexi&oacute;n<\/strong><br \/>\t\t\t&#8211; Est&aacute;ndares de red: IEEE 802.11a,IEEE 802.11ac,IEEE 802.11b,IEEE 802.11g,IEEE 802.11n<br \/>\t\t\t&#8211; Wifi<br \/>\t\t\t&#8211; Banda Wi-Fi: Doble banda (2,4 GHz \/ 5 GHz)<br \/>\t\t\t&#8211; Est&aacute;ndar Wi-Fi: Wi-Fi 5 (802.11ac)<br \/>\t\t\t&#8211; Wi-Fi est&aacute;ndares: 802.11a,Wi-Fi 5 (802.11ac),802.11b,802.11g,Wi-Fi 4 (802.11n)<br \/>\t\t\t&#8211; Versi&oacute;n de Bluetooth: 4.0<br \/>\t\t\t<strong>Dise&ntilde;o<\/strong><br \/>\t\t\t&#8211; Color del producto: Negro<br \/>\t\t\t&#8211; Dise&ntilde;o de la antena: Interno<br \/>\t\t\t&#8211; Seguridad por pulsador WPS:&nbsp;<br \/>\t\t\t&#8211; Indicadores LED: Actividad, Enlace<br \/>\t\t\t&#8211; Certificaci&oacute;n: CE<br \/>\t\t\t<strong>Control de nerg&iacute;a<\/strong><br \/>\t\t\t&#8211; USB con suministro de corriente<br \/>\t\t\t<strong>Requisitos del sistema<\/strong><br \/>\t\t\t&#8211; Sistema operativo Windows soportado: Windows 10,Windows 7,Windows 8,Windows 8.1<br \/>\t\t\t&#8211; Sistema operativo MAC soportado: Mac OS X 10.11 , Mac OS X 10.12 Sierra, Mac OS X 10.13 High Sierra, Mac OS X 10.9 Mavericks<br \/>\t\t\t&#8211; Sistema operativo Linux soportado<br \/>\t\t\t<strong>Peso y dimensiones<\/strong><br \/>\t\t\t&#8211; Ancho: 24 mm<br \/>\t\t\t&#8211; Profundidad: 51 mm<br \/>\t\t\t&#8211; Altura: 11,5 mm<br \/>\t\t\t&#8211; Peso: 9&nbsp;<\/td>\n<\/tr>\n<tr>\n<td><strong>Fecha de revisi&oacute;n<\/strong><\/td>\n<td>17-12-2020 por MSB<\/td>\n<\/tr>\n<\/table>\n","protected":false},"excerpt":{"rendered":"<p>Edimax EW-7611UCB Adaptador USB WiFi AC600 BT4.0&nbsp; Marca Edimax Modelo EW-7611UCB Especificaciones &#8211; Bluetooth de baja energ&iacute;a (BLE, Bluetooth Low Energy) &#8211; Cantidad de antenas: 2 Puertos e interfaces &#8211; Tecnolog&iacute;a de conectividad: Inal&aacute;mbrico &#8211; Interfaz de host: USB &#8211; Interfaz: WLAN \/ Bluetooth &#8211; Versi&oacute;n USB: 2.0 Conexi&oacute;n &#8211; Est&aacute;ndares de red: IEEE 802.11a,IEEE&hellip;&nbsp;<a href=\"https:\/\/aivlisoft.net\/shop\/producto\/edimax-ew-7611ucb-adaptador-usb-wifi-ac600-bt4-0\/\" rel=\"bookmark\"><span class=\"screen-reader-text\">Edimax EW-7611UCB Adaptador USB WiFi AC600 BT4.0<\/span><\/a><\/p>\n","protected":false},"featured_media":18183,"template":"","meta":{"neve_meta_sidebar":"","neve_meta_container":"","neve_meta_enable_content_width":"","neve_meta_content_width":0,"neve_meta_title_alignment":"","neve_meta_author_avatar":"","neve_post_elements_order":"","neve_meta_disable_header":"","neve_meta_disable_footer":"","neve_meta_disable_title":""},"product_brand":[],"product_cat":[15,1399,8705,8702],"product_tag":[6655],"class_list":{"0":"post-18182","1":"product","2":"type-product","3":"status-publish","4":"has-post-thumbnail","6":"product_cat-sin-categorizar","7":"product_cat-accesorios-redes","8":"product_cat-accesorios-redes-wifi","9":"product_cat-herramientasconectores-redes","10":"product_tag-ew-7611ucb","12":"first","13":"instock","14":"taxable","15":"shipping-taxable","16":"purchasable","17":"product-type-simple"},"yoast_head":"<!-- This site is optimized with the Yoast SEO plugin v26.0 - https:\/\/yoast.com\/wordpress\/plugins\/seo\/ -->\n<title>Edimax EW-7611UCB Adaptador USB WiFi AC600 BT4.0 - Aivlisoft Inform\u00e1tica<\/title>\n<meta name=\"robots\" content=\"index, follow, max-snippet:-1, max-image-preview:large, max-video-preview:-1\" \/>\n<link rel=\"canonical\" href=\"https:\/\/aivlisoft.net\/shop\/producto\/edimax-ew-7611ucb-adaptador-usb-wifi-ac600-bt4-0\/\" \/>\n<meta property=\"og:locale\" content=\"es_ES\" \/>\n<meta property=\"og:type\" content=\"article\" \/>\n<meta property=\"og:title\" content=\"Edimax EW-7611UCB Adaptador USB WiFi AC600 BT4.0 - Aivlisoft Inform\u00e1tica\" \/>\n<meta property=\"og:description\" content=\"Edimax EW-7611UCB Adaptador USB WiFi AC600 BT4.0&nbsp; Marca Edimax Modelo EW-7611UCB Especificaciones &#8211; Bluetooth de baja energ&iacute;a (BLE, Bluetooth Low Energy) &#8211; Cantidad de antenas: 2 Puertos e interfaces &#8211; Tecnolog&iacute;a de conectividad: Inal&aacute;mbrico &#8211; Interfaz de host: USB &#8211; Interfaz: WLAN \/ Bluetooth &#8211; Versi&oacute;n USB: 2.0 Conexi&oacute;n &#8211; Est&aacute;ndares de red: IEEE 802.11a,IEEE&hellip;&nbsp;Edimax EW-7611UCB Adaptador USB WiFi AC600 BT4.0\" \/>\n<meta property=\"og:url\" content=\"https:\/\/aivlisoft.net\/shop\/producto\/edimax-ew-7611ucb-adaptador-usb-wifi-ac600-bt4-0\/\" \/>\n<meta property=\"og:site_name\" content=\"Aivlisoft Inform\u00e1tica\" \/>\n<meta property=\"article:modified_time\" content=\"2025-01-14T20:19:59+00:00\" \/>\n<meta property=\"og:image\" content=\"https:\/\/aivlisoft.net\/shop\/wp-content\/uploads\/2025\/01\/NADAIN0267_800.jpg\" \/>\n\t<meta property=\"og:image:width\" content=\"800\" \/>\n\t<meta property=\"og:image:height\" content=\"800\" \/>\n\t<meta property=\"og:image:type\" content=\"image\/jpeg\" \/>\n<meta name=\"twitter:card\" content=\"summary_large_image\" \/>\n<meta name=\"twitter:label1\" content=\"Tiempo de lectura\" \/>\n\t<meta name=\"twitter:data1\" content=\"1 minuto\" \/>\n<script type=\"application\/ld+json\" class=\"yoast-schema-graph\">{\"@context\":\"https:\/\/schema.org\",\"@graph\":[{\"@type\":\"WebPage\",\"@id\":\"https:\/\/aivlisoft.net\/shop\/producto\/edimax-ew-7611ucb-adaptador-usb-wifi-ac600-bt4-0\/\",\"url\":\"https:\/\/aivlisoft.net\/shop\/producto\/edimax-ew-7611ucb-adaptador-usb-wifi-ac600-bt4-0\/\",\"name\":\"Edimax EW-7611UCB Adaptador USB WiFi AC600 BT4.0 - Aivlisoft Inform\u00e1tica\",\"isPartOf\":{\"@id\":\"https:\/\/aivlisoft.net\/shop\/#website\"},\"primaryImageOfPage\":{\"@id\":\"https:\/\/aivlisoft.net\/shop\/producto\/edimax-ew-7611ucb-adaptador-usb-wifi-ac600-bt4-0\/#primaryimage\"},\"image\":{\"@id\":\"https:\/\/aivlisoft.net\/shop\/producto\/edimax-ew-7611ucb-adaptador-usb-wifi-ac600-bt4-0\/#primaryimage\"},\"thumbnailUrl\":\"https:\/\/aivlisoft.net\/shop\/wp-content\/uploads\/2025\/01\/NADAIN0267_800.jpg\",\"datePublished\":\"2025-01-13T15:19:39+00:00\",\"dateModified\":\"2025-01-14T20:19:59+00:00\",\"breadcrumb\":{\"@id\":\"https:\/\/aivlisoft.net\/shop\/producto\/edimax-ew-7611ucb-adaptador-usb-wifi-ac600-bt4-0\/#breadcrumb\"},\"inLanguage\":\"es\",\"potentialAction\":[{\"@type\":\"ReadAction\",\"target\":[\"https:\/\/aivlisoft.net\/shop\/producto\/edimax-ew-7611ucb-adaptador-usb-wifi-ac600-bt4-0\/\"]}]},{\"@type\":\"ImageObject\",\"inLanguage\":\"es\",\"@id\":\"https:\/\/aivlisoft.net\/shop\/producto\/edimax-ew-7611ucb-adaptador-usb-wifi-ac600-bt4-0\/#primaryimage\",\"url\":\"https:\/\/aivlisoft.net\/shop\/wp-content\/uploads\/2025\/01\/NADAIN0267_800.jpg\",\"contentUrl\":\"https:\/\/aivlisoft.net\/shop\/wp-content\/uploads\/2025\/01\/NADAIN0267_800.jpg\",\"width\":800,\"height\":800},{\"@type\":\"BreadcrumbList\",\"@id\":\"https:\/\/aivlisoft.net\/shop\/producto\/edimax-ew-7611ucb-adaptador-usb-wifi-ac600-bt4-0\/#breadcrumb\",\"itemListElement\":[{\"@type\":\"ListItem\",\"position\":1,\"name\":\"Portada\",\"item\":\"https:\/\/aivlisoft.net\/shop\/\"},{\"@type\":\"ListItem\",\"position\":2,\"name\":\"Tienda\",\"item\":\"https:\/\/aivlisoft.net\/shop\/tienda\/\"},{\"@type\":\"ListItem\",\"position\":3,\"name\":\"Edimax EW-7611UCB Adaptador USB WiFi AC600 BT4.0\"}]},{\"@type\":\"WebSite\",\"@id\":\"https:\/\/aivlisoft.net\/shop\/#website\",\"url\":\"https:\/\/aivlisoft.net\/shop\/\",\"name\":\"Aivlisoft Inform\u00e1tica\",\"description\":\"En Aivlisoft Inform\u00e1tica ofrecemos soluciones tecnol\u00f3gicas para empresas: venta de ordenadores, consumibles, perif\u00e9ricos y m\u00e1s. Calidad, atenci\u00f3n personalizada y los mejores precios para tu negocio.\",\"publisher\":{\"@id\":\"https:\/\/aivlisoft.net\/shop\/#organization\"},\"potentialAction\":[{\"@type\":\"SearchAction\",\"target\":{\"@type\":\"EntryPoint\",\"urlTemplate\":\"https:\/\/aivlisoft.net\/shop\/?s={search_term_string}\"},\"query-input\":{\"@type\":\"PropertyValueSpecification\",\"valueRequired\":true,\"valueName\":\"search_term_string\"}}],\"inLanguage\":\"es\"},{\"@type\":\"Organization\",\"@id\":\"https:\/\/aivlisoft.net\/shop\/#organization\",\"name\":\"Aivlisoft Inform\u00e1tica\",\"url\":\"https:\/\/aivlisoft.net\/shop\/\",\"logo\":{\"@type\":\"ImageObject\",\"inLanguage\":\"es\",\"@id\":\"https:\/\/aivlisoft.net\/shop\/#\/schema\/logo\/image\/\",\"url\":\"https:\/\/aivlisoft.net\/shop\/wp-content\/uploads\/2024\/12\/removal.ai_5b848c54-0cdf-4140-95c5-c5536bb7573b-logodef.png\",\"contentUrl\":\"https:\/\/aivlisoft.net\/shop\/wp-content\/uploads\/2024\/12\/removal.ai_5b848c54-0cdf-4140-95c5-c5536bb7573b-logodef.png\",\"width\":484,\"height\":182,\"caption\":\"Aivlisoft Inform\u00e1tica\"},\"image\":{\"@id\":\"https:\/\/aivlisoft.net\/shop\/#\/schema\/logo\/image\/\"}}]}<\/script>\n<!-- \/ Yoast SEO plugin. -->","yoast_head_json":{"title":"Edimax EW-7611UCB Adaptador USB WiFi AC600 BT4.0 - Aivlisoft Inform\u00e1tica","robots":{"index":"index","follow":"follow","max-snippet":"max-snippet:-1","max-image-preview":"max-image-preview:large","max-video-preview":"max-video-preview:-1"},"canonical":"https:\/\/aivlisoft.net\/shop\/producto\/edimax-ew-7611ucb-adaptador-usb-wifi-ac600-bt4-0\/","og_locale":"es_ES","og_type":"article","og_title":"Edimax EW-7611UCB Adaptador USB WiFi AC600 BT4.0 - Aivlisoft Inform\u00e1tica","og_description":"Edimax EW-7611UCB Adaptador USB WiFi AC600 BT4.0&nbsp; Marca Edimax Modelo EW-7611UCB Especificaciones &#8211; Bluetooth de baja energ&iacute;a (BLE, Bluetooth Low Energy) &#8211; Cantidad de antenas: 2 Puertos e interfaces &#8211; Tecnolog&iacute;a de conectividad: Inal&aacute;mbrico &#8211; Interfaz de host: USB &#8211; Interfaz: WLAN \/ Bluetooth &#8211; Versi&oacute;n USB: 2.0 Conexi&oacute;n &#8211; Est&aacute;ndares de red: IEEE 802.11a,IEEE&hellip;&nbsp;Edimax EW-7611UCB Adaptador USB WiFi AC600 BT4.0","og_url":"https:\/\/aivlisoft.net\/shop\/producto\/edimax-ew-7611ucb-adaptador-usb-wifi-ac600-bt4-0\/","og_site_name":"Aivlisoft Inform\u00e1tica","article_modified_time":"2025-01-14T20:19:59+00:00","og_image":[{"width":800,"height":800,"url":"https:\/\/aivlisoft.net\/shop\/wp-content\/uploads\/2025\/01\/NADAIN0267_800.jpg","type":"image\/jpeg"}],"twitter_card":"summary_large_image","twitter_misc":{"Tiempo de lectura":"1 minuto"},"schema":{"@context":"https:\/\/schema.org","@graph":[{"@type":"WebPage","@id":"https:\/\/aivlisoft.net\/shop\/producto\/edimax-ew-7611ucb-adaptador-usb-wifi-ac600-bt4-0\/","url":"https:\/\/aivlisoft.net\/shop\/producto\/edimax-ew-7611ucb-adaptador-usb-wifi-ac600-bt4-0\/","name":"Edimax EW-7611UCB Adaptador USB WiFi AC600 BT4.0 - Aivlisoft Inform\u00e1tica","isPartOf":{"@id":"https:\/\/aivlisoft.net\/shop\/#website"},"primaryImageOfPage":{"@id":"https:\/\/aivlisoft.net\/shop\/producto\/edimax-ew-7611ucb-adaptador-usb-wifi-ac600-bt4-0\/#primaryimage"},"image":{"@id":"https:\/\/aivlisoft.net\/shop\/producto\/edimax-ew-7611ucb-adaptador-usb-wifi-ac600-bt4-0\/#primaryimage"},"thumbnailUrl":"https:\/\/aivlisoft.net\/shop\/wp-content\/uploads\/2025\/01\/NADAIN0267_800.jpg","datePublished":"2025-01-13T15:19:39+00:00","dateModified":"2025-01-14T20:19:59+00:00","breadcrumb":{"@id":"https:\/\/aivlisoft.net\/shop\/producto\/edimax-ew-7611ucb-adaptador-usb-wifi-ac600-bt4-0\/#breadcrumb"},"inLanguage":"es","potentialAction":[{"@type":"ReadAction","target":["https:\/\/aivlisoft.net\/shop\/producto\/edimax-ew-7611ucb-adaptador-usb-wifi-ac600-bt4-0\/"]}]},{"@type":"ImageObject","inLanguage":"es","@id":"https:\/\/aivlisoft.net\/shop\/producto\/edimax-ew-7611ucb-adaptador-usb-wifi-ac600-bt4-0\/#primaryimage","url":"https:\/\/aivlisoft.net\/shop\/wp-content\/uploads\/2025\/01\/NADAIN0267_800.jpg","contentUrl":"https:\/\/aivlisoft.net\/shop\/wp-content\/uploads\/2025\/01\/NADAIN0267_800.jpg","width":800,"height":800},{"@type":"BreadcrumbList","@id":"https:\/\/aivlisoft.net\/shop\/producto\/edimax-ew-7611ucb-adaptador-usb-wifi-ac600-bt4-0\/#breadcrumb","itemListElement":[{"@type":"ListItem","position":1,"name":"Portada","item":"https:\/\/aivlisoft.net\/shop\/"},{"@type":"ListItem","position":2,"name":"Tienda","item":"https:\/\/aivlisoft.net\/shop\/tienda\/"},{"@type":"ListItem","position":3,"name":"Edimax EW-7611UCB Adaptador USB WiFi AC600 BT4.0"}]},{"@type":"WebSite","@id":"https:\/\/aivlisoft.net\/shop\/#website","url":"https:\/\/aivlisoft.net\/shop\/","name":"Aivlisoft Inform\u00e1tica","description":"En Aivlisoft Inform\u00e1tica ofrecemos soluciones tecnol\u00f3gicas para empresas: venta de ordenadores, consumibles, perif\u00e9ricos y m\u00e1s. Calidad, atenci\u00f3n personalizada y los mejores precios para tu negocio.","publisher":{"@id":"https:\/\/aivlisoft.net\/shop\/#organization"},"potentialAction":[{"@type":"SearchAction","target":{"@type":"EntryPoint","urlTemplate":"https:\/\/aivlisoft.net\/shop\/?s={search_term_string}"},"query-input":{"@type":"PropertyValueSpecification","valueRequired":true,"valueName":"search_term_string"}}],"inLanguage":"es"},{"@type":"Organization","@id":"https:\/\/aivlisoft.net\/shop\/#organization","name":"Aivlisoft Inform\u00e1tica","url":"https:\/\/aivlisoft.net\/shop\/","logo":{"@type":"ImageObject","inLanguage":"es","@id":"https:\/\/aivlisoft.net\/shop\/#\/schema\/logo\/image\/","url":"https:\/\/aivlisoft.net\/shop\/wp-content\/uploads\/2024\/12\/removal.ai_5b848c54-0cdf-4140-95c5-c5536bb7573b-logodef.png","contentUrl":"https:\/\/aivlisoft.net\/shop\/wp-content\/uploads\/2024\/12\/removal.ai_5b848c54-0cdf-4140-95c5-c5536bb7573b-logodef.png","width":484,"height":182,"caption":"Aivlisoft Inform\u00e1tica"},"image":{"@id":"https:\/\/aivlisoft.net\/shop\/#\/schema\/logo\/image\/"}}]}},"_links":{"self":[{"href":"https:\/\/aivlisoft.net\/shop\/wp-json\/wp\/v2\/product\/18182","targetHints":{"allow":["GET"]}}],"collection":[{"href":"https:\/\/aivlisoft.net\/shop\/wp-json\/wp\/v2\/product"}],"about":[{"href":"https:\/\/aivlisoft.net\/shop\/wp-json\/wp\/v2\/types\/product"}],"wp:featuredmedia":[{"embeddable":true,"href":"https:\/\/aivlisoft.net\/shop\/wp-json\/wp\/v2\/media\/18183"}],"wp:attachment":[{"href":"https:\/\/aivlisoft.net\/shop\/wp-json\/wp\/v2\/media?parent=18182"}],"wp:term":[{"taxonomy":"product_brand","embeddable":true,"href":"https:\/\/aivlisoft.net\/shop\/wp-json\/wp\/v2\/product_brand?post=18182"},{"taxonomy":"product_cat","embeddable":true,"href":"https:\/\/aivlisoft.net\/shop\/wp-json\/wp\/v2\/product_cat?post=18182"},{"taxonomy":"product_tag","embeddable":true,"href":"https:\/\/aivlisoft.net\/shop\/wp-json\/wp\/v2\/product_tag?post=18182"}],"curies":[{"name":"wp","href":"https:\/\/api.w.org\/{rel}","templated":true}]}}