{"id":18175,"date":"2025-01-13T15:19:36","date_gmt":"2025-01-13T15:19:36","guid":{"rendered":"https:\/\/aivlisoft.com\/?post_type=product&#038;p=18175"},"modified":"2025-01-14T20:20:00","modified_gmt":"2025-01-14T20:20:00","slug":"tp-link-archer-t3u-plus-adaptador-usb-wifi-ac1300","status":"publish","type":"product","link":"https:\/\/aivlisoft.net\/shop\/producto\/tp-link-archer-t3u-plus-adaptador-usb-wifi-ac1300\/","title":{"rendered":"TP-Link Archer T3U Plus Adaptador USB WiFi AC1300"},"content":{"rendered":"<p>AC1300 Velocidad Ultrar&aacute;pida &mdash; <strong>AC1300<\/strong> (867 Mbps en la banda de 5 GHz o 400 Mbps en la banda de 2.4 GHz) Wi-Fi&nbsp; banda dual asegura que todos tus equipos funcionen su velocidad m&aacute;xima<\/p>\n<p>Tecnolog&iacute;a MU-MIMO Technology &mdash; Mejora el rendimiento y la eficiencia de toda la red con la tecnolog&iacute;a MU-MIMO<\/p>\n<p>Wi-Fi Banda Dual &mdash; Las bandas de 2.4 GHz y 5 GHz proporcionan conectividad flexible, dando a los dispositivos acceso a los routers de Wi-Fi AC para velocidads m&aacute;s r&aacute;pidas y una cobertura extendida<\/p>\n<p>Antenas de Alta Ganancia &mdash; Las antenas externas de alta ganancia avanzadas mejoran en gran medida la potencia de la se&ntilde;al de recepci&oacute;n y transmisi&oacute;n del adaptador USB<\/p>\n<p>Soporta los Sistemas Operativos m&aacute;s Recientes &mdash; Completamente compatible con Windows 10\/8.1\/8\/7\/XP y macOS<br \/>&nbsp;<\/p>\n<table class=\"tabla_caracteristicas\" width=\"100%\">\n<tr>\n<td valign=\"top\"><strong>Marca<\/strong><\/td>\n<td>TP-Link<\/td>\n<\/tr>\n<tr>\n<td><strong>Modelo<\/strong><\/td>\n<td><strong>Archer T3U Plus<\/strong><\/td>\n<\/tr>\n<tr>\n<td><strong>Caracter&iacute;sticas<\/strong><\/td>\n<td><strong>Hardware<\/strong><br \/>\t\t\t&#8211; Interfaz: USB 3.0<br \/>\t\t\t&#8211; LED: Estado<br \/>\t\t\t&#8211; Dimensiones: 57.8 &times; 18 &times; 173.4 mm (2.28 &times; 0.71 &times; 6.83 in )<br \/>\t\t\t&#8211; Antenas: 2 Antenas de Externas de Alta Ganancia<br \/>\t\t\t<strong>Inal&aacute;mbricas<\/strong><br \/>\t\t\t&#8211; Est&aacute;ndares Inal&aacute;mbricos: IEEE 802.11b\/g\/n 2.4 GHz, IEEE 802.11a\/n\/ac 5 GHz<br \/>\t\t\t&#8211; Tasa de Se&ntilde;al<br \/>\t\t\t&nbsp; 5 GHz:<br \/>\t\t\t&nbsp; 11ac: Up to 867 Mbps(dynamic)<br \/>\t\t\t&nbsp; 11n: Up to 300 Mbps(dynamic)<br \/>\t\t\t&nbsp; 11a: Up to 54 Mbps(dynamic)<br \/>\t\t\t&nbsp; 2.4 GHz:<br \/>\t\t\t&nbsp; 11n: Up to 400 Mbps(dynamic)<br \/>\t\t\t&nbsp; 11g: Up to 54 Mbps(dynamic)<br \/>\t\t\t&nbsp; 11b: Up to 11 Mbps(dynamic)<br \/>\t\t\t&#8211; Sensibilidad de Recepci&oacute;n<br \/>\t\t\t&nbsp; 5 GHz:<br \/>\t\t\t&nbsp; 11ac VHT80: -62dBm<br \/>\t\t\t&nbsp; 11ac VHT40: -64dBm<br \/>\t\t\t&nbsp; 11ac VHT20: -68dBm<br \/>\t\t\t&nbsp; 11n HT40: -71dBm<br \/>\t\t\t&nbsp; 11n HT20: -73dBm<br \/>\t\t\t&nbsp; 11a 54Mbps: -77dBm<br \/>\t\t\t&nbsp; 2.4 GHz:<br \/>\t\t\t&nbsp; 11n HT40: -70dBm<br \/>\t\t\t&nbsp; 11n HT20: -71dBm<br \/>\t\t\t&nbsp; 11g 54Mbps: -73dBm<br \/>\t\t\t&nbsp; 11b 11Mbps: -87dBm<br \/>\t\t\t&#8211; Potencia de Transmisi&oacute;n:<br \/>\t\t\t&nbsp; 5 GHz: 20dBm(FCC) \/ 20dBm(CE) (EIRP)<br \/>\t\t\t&nbsp; 2.4 GHz: 18dBm(FCC) \/ 18dBm(CE) (EIRP)<br \/>\t\t\t&#8211; Modos Inal&aacute;mbricos: Modo Infraestructura<br \/>\t\t\t&#8211; Seguridad Inal&aacute;mbrica: WEP, WPA\/WPA2, WPA-PSK\/WPA2-PSK<br \/>\t\t\t<strong>Otros<\/strong><br \/>\t\t\t&#8211; Certificaciones: CE, FCC, RoHS<br \/>\t\t\t&#8211; Requisitos del sistema: Windows 10\/8.1\/8\/7 (32\/64 bit)<br \/>\t\t\t&#8211; Factores Ambientales:<br \/>\t\t\t&nbsp; Temperatura de funcionamiento: 0 &deg;C ~ 40 &deg;C<br \/>\t\t\t&nbsp; Temperatura de almacenamiento: -40 &deg;C ~ 70 &deg;C<br \/>\t\t\t&nbsp; Humedad de funcionamiento: 10% ~ 90% sin condensaci&oacute;n<br \/>\t\t\t&nbsp; Humedad de almacenamiento: 5% ~ 90% sin condensaci&oacute;n<br \/>\t\t\t<strong>Contenido<\/strong><br \/>\t\t\t&#8211; Adaptador USB Banda Dual inal&aacute;mbrica AC1300 Alta Ganancia<br \/>\t\t\t&#8211; Gu&iacute;a instalaci&oacute;n r&aacute;pida<br \/>\t\t\t&#8211; CD de instalaci&oacute;n<\/td>\n<\/tr>\n<tr>\n<td><strong>Fecha de revisi&oacute;n<\/strong><\/td>\n<td>24-03-2021 por MPM<\/td>\n<\/tr>\n<\/table>\n","protected":false},"excerpt":{"rendered":"<p>AC1300 Velocidad Ultrar&aacute;pida &mdash; AC1300 (867 Mbps en la banda de 5 GHz o 400 Mbps en la banda de 2.4 GHz) Wi-Fi&nbsp; banda dual asegura que todos tus equipos funcionen su velocidad m&aacute;xima Tecnolog&iacute;a MU-MIMO Technology &mdash; Mejora el rendimiento y la eficiencia de toda la red con la tecnolog&iacute;a MU-MIMO Wi-Fi Banda Dual&hellip;&nbsp;<a href=\"https:\/\/aivlisoft.net\/shop\/producto\/tp-link-archer-t3u-plus-adaptador-usb-wifi-ac1300\/\" rel=\"bookmark\"><span class=\"screen-reader-text\">TP-Link Archer T3U Plus Adaptador USB WiFi AC1300<\/span><\/a><\/p>\n","protected":false},"featured_media":18176,"template":"","meta":{"neve_meta_sidebar":"","neve_meta_container":"","neve_meta_enable_content_width":"","neve_meta_content_width":0,"neve_meta_title_alignment":"","neve_meta_author_avatar":"","neve_post_elements_order":"","neve_meta_disable_header":"","neve_meta_disable_footer":"","neve_meta_disable_title":""},"product_brand":[],"product_cat":[15,1399,8705,8702],"product_tag":[6653],"class_list":{"0":"post-18175","1":"product","2":"type-product","3":"status-publish","4":"has-post-thumbnail","6":"product_cat-sin-categorizar","7":"product_cat-accesorios-redes","8":"product_cat-accesorios-redes-wifi","9":"product_cat-herramientasconectores-redes","10":"product_tag-archer-t3u-plus","12":"first","13":"instock","14":"taxable","15":"shipping-taxable","16":"purchasable","17":"product-type-simple"},"yoast_head":"<!-- This site is optimized with the Yoast SEO plugin v26.0 - https:\/\/yoast.com\/wordpress\/plugins\/seo\/ -->\n<title>TP-Link Archer T3U Plus Adaptador USB WiFi AC1300 - Aivlisoft Inform\u00e1tica<\/title>\n<meta name=\"robots\" content=\"index, follow, max-snippet:-1, max-image-preview:large, max-video-preview:-1\" \/>\n<link rel=\"canonical\" href=\"https:\/\/aivlisoft.net\/shop\/producto\/tp-link-archer-t3u-plus-adaptador-usb-wifi-ac1300\/\" \/>\n<meta property=\"og:locale\" content=\"es_ES\" \/>\n<meta property=\"og:type\" content=\"article\" \/>\n<meta property=\"og:title\" content=\"TP-Link Archer T3U Plus Adaptador USB WiFi AC1300 - Aivlisoft Inform\u00e1tica\" \/>\n<meta property=\"og:description\" content=\"AC1300 Velocidad Ultrar&aacute;pida &mdash; AC1300 (867 Mbps en la banda de 5 GHz o 400 Mbps en la banda de 2.4 GHz) Wi-Fi&nbsp; banda dual asegura que todos tus equipos funcionen su velocidad m&aacute;xima Tecnolog&iacute;a MU-MIMO Technology &mdash; Mejora el rendimiento y la eficiencia de toda la red con la tecnolog&iacute;a MU-MIMO Wi-Fi Banda Dual&hellip;&nbsp;TP-Link Archer T3U Plus Adaptador USB WiFi AC1300\" \/>\n<meta property=\"og:url\" content=\"https:\/\/aivlisoft.net\/shop\/producto\/tp-link-archer-t3u-plus-adaptador-usb-wifi-ac1300\/\" \/>\n<meta property=\"og:site_name\" content=\"Aivlisoft Inform\u00e1tica\" \/>\n<meta property=\"article:modified_time\" content=\"2025-01-14T20:20:00+00:00\" \/>\n<meta property=\"og:image\" content=\"https:\/\/aivlisoft.net\/shop\/wp-content\/uploads\/2025\/01\/NADAIN0265_800.jpg\" \/>\n\t<meta property=\"og:image:width\" content=\"800\" \/>\n\t<meta property=\"og:image:height\" content=\"800\" \/>\n\t<meta property=\"og:image:type\" content=\"image\/jpeg\" \/>\n<meta name=\"twitter:card\" content=\"summary_large_image\" \/>\n<meta name=\"twitter:label1\" content=\"Tiempo de lectura\" \/>\n\t<meta name=\"twitter:data1\" content=\"2 minutos\" \/>\n<script type=\"application\/ld+json\" class=\"yoast-schema-graph\">{\"@context\":\"https:\/\/schema.org\",\"@graph\":[{\"@type\":\"WebPage\",\"@id\":\"https:\/\/aivlisoft.net\/shop\/producto\/tp-link-archer-t3u-plus-adaptador-usb-wifi-ac1300\/\",\"url\":\"https:\/\/aivlisoft.net\/shop\/producto\/tp-link-archer-t3u-plus-adaptador-usb-wifi-ac1300\/\",\"name\":\"TP-Link Archer T3U Plus Adaptador USB WiFi AC1300 - Aivlisoft Inform\u00e1tica\",\"isPartOf\":{\"@id\":\"https:\/\/aivlisoft.net\/shop\/#website\"},\"primaryImageOfPage\":{\"@id\":\"https:\/\/aivlisoft.net\/shop\/producto\/tp-link-archer-t3u-plus-adaptador-usb-wifi-ac1300\/#primaryimage\"},\"image\":{\"@id\":\"https:\/\/aivlisoft.net\/shop\/producto\/tp-link-archer-t3u-plus-adaptador-usb-wifi-ac1300\/#primaryimage\"},\"thumbnailUrl\":\"https:\/\/aivlisoft.net\/shop\/wp-content\/uploads\/2025\/01\/NADAIN0265_800.jpg\",\"datePublished\":\"2025-01-13T15:19:36+00:00\",\"dateModified\":\"2025-01-14T20:20:00+00:00\",\"breadcrumb\":{\"@id\":\"https:\/\/aivlisoft.net\/shop\/producto\/tp-link-archer-t3u-plus-adaptador-usb-wifi-ac1300\/#breadcrumb\"},\"inLanguage\":\"es\",\"potentialAction\":[{\"@type\":\"ReadAction\",\"target\":[\"https:\/\/aivlisoft.net\/shop\/producto\/tp-link-archer-t3u-plus-adaptador-usb-wifi-ac1300\/\"]}]},{\"@type\":\"ImageObject\",\"inLanguage\":\"es\",\"@id\":\"https:\/\/aivlisoft.net\/shop\/producto\/tp-link-archer-t3u-plus-adaptador-usb-wifi-ac1300\/#primaryimage\",\"url\":\"https:\/\/aivlisoft.net\/shop\/wp-content\/uploads\/2025\/01\/NADAIN0265_800.jpg\",\"contentUrl\":\"https:\/\/aivlisoft.net\/shop\/wp-content\/uploads\/2025\/01\/NADAIN0265_800.jpg\",\"width\":800,\"height\":800},{\"@type\":\"BreadcrumbList\",\"@id\":\"https:\/\/aivlisoft.net\/shop\/producto\/tp-link-archer-t3u-plus-adaptador-usb-wifi-ac1300\/#breadcrumb\",\"itemListElement\":[{\"@type\":\"ListItem\",\"position\":1,\"name\":\"Portada\",\"item\":\"https:\/\/aivlisoft.net\/shop\/\"},{\"@type\":\"ListItem\",\"position\":2,\"name\":\"Tienda\",\"item\":\"https:\/\/aivlisoft.net\/shop\/tienda\/\"},{\"@type\":\"ListItem\",\"position\":3,\"name\":\"TP-Link Archer T3U Plus Adaptador USB WiFi AC1300\"}]},{\"@type\":\"WebSite\",\"@id\":\"https:\/\/aivlisoft.net\/shop\/#website\",\"url\":\"https:\/\/aivlisoft.net\/shop\/\",\"name\":\"Aivlisoft Inform\u00e1tica\",\"description\":\"En Aivlisoft Inform\u00e1tica ofrecemos soluciones tecnol\u00f3gicas para empresas: venta de ordenadores, consumibles, perif\u00e9ricos y m\u00e1s. Calidad, atenci\u00f3n personalizada y los mejores precios para tu negocio.\",\"publisher\":{\"@id\":\"https:\/\/aivlisoft.net\/shop\/#organization\"},\"potentialAction\":[{\"@type\":\"SearchAction\",\"target\":{\"@type\":\"EntryPoint\",\"urlTemplate\":\"https:\/\/aivlisoft.net\/shop\/?s={search_term_string}\"},\"query-input\":{\"@type\":\"PropertyValueSpecification\",\"valueRequired\":true,\"valueName\":\"search_term_string\"}}],\"inLanguage\":\"es\"},{\"@type\":\"Organization\",\"@id\":\"https:\/\/aivlisoft.net\/shop\/#organization\",\"name\":\"Aivlisoft Inform\u00e1tica\",\"url\":\"https:\/\/aivlisoft.net\/shop\/\",\"logo\":{\"@type\":\"ImageObject\",\"inLanguage\":\"es\",\"@id\":\"https:\/\/aivlisoft.net\/shop\/#\/schema\/logo\/image\/\",\"url\":\"https:\/\/aivlisoft.net\/shop\/wp-content\/uploads\/2024\/12\/removal.ai_5b848c54-0cdf-4140-95c5-c5536bb7573b-logodef.png\",\"contentUrl\":\"https:\/\/aivlisoft.net\/shop\/wp-content\/uploads\/2024\/12\/removal.ai_5b848c54-0cdf-4140-95c5-c5536bb7573b-logodef.png\",\"width\":484,\"height\":182,\"caption\":\"Aivlisoft Inform\u00e1tica\"},\"image\":{\"@id\":\"https:\/\/aivlisoft.net\/shop\/#\/schema\/logo\/image\/\"}}]}<\/script>\n<!-- \/ Yoast SEO plugin. -->","yoast_head_json":{"title":"TP-Link Archer T3U Plus Adaptador USB WiFi AC1300 - Aivlisoft Inform\u00e1tica","robots":{"index":"index","follow":"follow","max-snippet":"max-snippet:-1","max-image-preview":"max-image-preview:large","max-video-preview":"max-video-preview:-1"},"canonical":"https:\/\/aivlisoft.net\/shop\/producto\/tp-link-archer-t3u-plus-adaptador-usb-wifi-ac1300\/","og_locale":"es_ES","og_type":"article","og_title":"TP-Link Archer T3U Plus Adaptador USB WiFi AC1300 - Aivlisoft Inform\u00e1tica","og_description":"AC1300 Velocidad Ultrar&aacute;pida &mdash; AC1300 (867 Mbps en la banda de 5 GHz o 400 Mbps en la banda de 2.4 GHz) Wi-Fi&nbsp; banda dual asegura que todos tus equipos funcionen su velocidad m&aacute;xima Tecnolog&iacute;a MU-MIMO Technology &mdash; Mejora el rendimiento y la eficiencia de toda la red con la tecnolog&iacute;a MU-MIMO Wi-Fi Banda Dual&hellip;&nbsp;TP-Link Archer T3U Plus Adaptador USB WiFi AC1300","og_url":"https:\/\/aivlisoft.net\/shop\/producto\/tp-link-archer-t3u-plus-adaptador-usb-wifi-ac1300\/","og_site_name":"Aivlisoft Inform\u00e1tica","article_modified_time":"2025-01-14T20:20:00+00:00","og_image":[{"width":800,"height":800,"url":"https:\/\/aivlisoft.net\/shop\/wp-content\/uploads\/2025\/01\/NADAIN0265_800.jpg","type":"image\/jpeg"}],"twitter_card":"summary_large_image","twitter_misc":{"Tiempo de lectura":"2 minutos"},"schema":{"@context":"https:\/\/schema.org","@graph":[{"@type":"WebPage","@id":"https:\/\/aivlisoft.net\/shop\/producto\/tp-link-archer-t3u-plus-adaptador-usb-wifi-ac1300\/","url":"https:\/\/aivlisoft.net\/shop\/producto\/tp-link-archer-t3u-plus-adaptador-usb-wifi-ac1300\/","name":"TP-Link Archer T3U Plus Adaptador USB WiFi AC1300 - Aivlisoft Inform\u00e1tica","isPartOf":{"@id":"https:\/\/aivlisoft.net\/shop\/#website"},"primaryImageOfPage":{"@id":"https:\/\/aivlisoft.net\/shop\/producto\/tp-link-archer-t3u-plus-adaptador-usb-wifi-ac1300\/#primaryimage"},"image":{"@id":"https:\/\/aivlisoft.net\/shop\/producto\/tp-link-archer-t3u-plus-adaptador-usb-wifi-ac1300\/#primaryimage"},"thumbnailUrl":"https:\/\/aivlisoft.net\/shop\/wp-content\/uploads\/2025\/01\/NADAIN0265_800.jpg","datePublished":"2025-01-13T15:19:36+00:00","dateModified":"2025-01-14T20:20:00+00:00","breadcrumb":{"@id":"https:\/\/aivlisoft.net\/shop\/producto\/tp-link-archer-t3u-plus-adaptador-usb-wifi-ac1300\/#breadcrumb"},"inLanguage":"es","potentialAction":[{"@type":"ReadAction","target":["https:\/\/aivlisoft.net\/shop\/producto\/tp-link-archer-t3u-plus-adaptador-usb-wifi-ac1300\/"]}]},{"@type":"ImageObject","inLanguage":"es","@id":"https:\/\/aivlisoft.net\/shop\/producto\/tp-link-archer-t3u-plus-adaptador-usb-wifi-ac1300\/#primaryimage","url":"https:\/\/aivlisoft.net\/shop\/wp-content\/uploads\/2025\/01\/NADAIN0265_800.jpg","contentUrl":"https:\/\/aivlisoft.net\/shop\/wp-content\/uploads\/2025\/01\/NADAIN0265_800.jpg","width":800,"height":800},{"@type":"BreadcrumbList","@id":"https:\/\/aivlisoft.net\/shop\/producto\/tp-link-archer-t3u-plus-adaptador-usb-wifi-ac1300\/#breadcrumb","itemListElement":[{"@type":"ListItem","position":1,"name":"Portada","item":"https:\/\/aivlisoft.net\/shop\/"},{"@type":"ListItem","position":2,"name":"Tienda","item":"https:\/\/aivlisoft.net\/shop\/tienda\/"},{"@type":"ListItem","position":3,"name":"TP-Link Archer T3U Plus Adaptador USB WiFi AC1300"}]},{"@type":"WebSite","@id":"https:\/\/aivlisoft.net\/shop\/#website","url":"https:\/\/aivlisoft.net\/shop\/","name":"Aivlisoft Inform\u00e1tica","description":"En Aivlisoft Inform\u00e1tica ofrecemos soluciones tecnol\u00f3gicas para empresas: venta de ordenadores, consumibles, perif\u00e9ricos y m\u00e1s. Calidad, atenci\u00f3n personalizada y los mejores precios para tu negocio.","publisher":{"@id":"https:\/\/aivlisoft.net\/shop\/#organization"},"potentialAction":[{"@type":"SearchAction","target":{"@type":"EntryPoint","urlTemplate":"https:\/\/aivlisoft.net\/shop\/?s={search_term_string}"},"query-input":{"@type":"PropertyValueSpecification","valueRequired":true,"valueName":"search_term_string"}}],"inLanguage":"es"},{"@type":"Organization","@id":"https:\/\/aivlisoft.net\/shop\/#organization","name":"Aivlisoft Inform\u00e1tica","url":"https:\/\/aivlisoft.net\/shop\/","logo":{"@type":"ImageObject","inLanguage":"es","@id":"https:\/\/aivlisoft.net\/shop\/#\/schema\/logo\/image\/","url":"https:\/\/aivlisoft.net\/shop\/wp-content\/uploads\/2024\/12\/removal.ai_5b848c54-0cdf-4140-95c5-c5536bb7573b-logodef.png","contentUrl":"https:\/\/aivlisoft.net\/shop\/wp-content\/uploads\/2024\/12\/removal.ai_5b848c54-0cdf-4140-95c5-c5536bb7573b-logodef.png","width":484,"height":182,"caption":"Aivlisoft Inform\u00e1tica"},"image":{"@id":"https:\/\/aivlisoft.net\/shop\/#\/schema\/logo\/image\/"}}]}},"_links":{"self":[{"href":"https:\/\/aivlisoft.net\/shop\/wp-json\/wp\/v2\/product\/18175","targetHints":{"allow":["GET"]}}],"collection":[{"href":"https:\/\/aivlisoft.net\/shop\/wp-json\/wp\/v2\/product"}],"about":[{"href":"https:\/\/aivlisoft.net\/shop\/wp-json\/wp\/v2\/types\/product"}],"wp:featuredmedia":[{"embeddable":true,"href":"https:\/\/aivlisoft.net\/shop\/wp-json\/wp\/v2\/media\/18176"}],"wp:attachment":[{"href":"https:\/\/aivlisoft.net\/shop\/wp-json\/wp\/v2\/media?parent=18175"}],"wp:term":[{"taxonomy":"product_brand","embeddable":true,"href":"https:\/\/aivlisoft.net\/shop\/wp-json\/wp\/v2\/product_brand?post=18175"},{"taxonomy":"product_cat","embeddable":true,"href":"https:\/\/aivlisoft.net\/shop\/wp-json\/wp\/v2\/product_cat?post=18175"},{"taxonomy":"product_tag","embeddable":true,"href":"https:\/\/aivlisoft.net\/shop\/wp-json\/wp\/v2\/product_tag?post=18175"}],"curies":[{"name":"wp","href":"https:\/\/api.w.org\/{rel}","templated":true}]}}