{"id":18172,"date":"2025-01-13T15:19:34","date_gmt":"2025-01-13T15:19:34","guid":{"rendered":"https:\/\/aivlisoft.com\/?post_type=product&#038;p=18172"},"modified":"2025-01-14T20:20:01","modified_gmt":"2025-01-14T20:20:01","slug":"tp-link-archer-t3u-mini-adaptador-usb-wifi-ac1300","status":"publish","type":"product","link":"https:\/\/aivlisoft.net\/shop\/producto\/tp-link-archer-t3u-mini-adaptador-usb-wifi-ac1300\/","title":{"rendered":"TP-Link Archer T3U Mini Adaptador USB WiFi AC1300"},"content":{"rendered":"<p>Wi-Fi Ultra r&aacute;pido&nbsp; &ndash; <strong>AC1300<\/strong> (400 Mpbs en banda 2.4GHz&nbsp; y&nbsp; 867 Mbps en banda 5GHz ) conexi&oacute;n wifi r&aacute;pida con la siguiente generaci&oacute;n Wi-Fi &#8211; 802.11ac<br \/>&nbsp; &nbsp;<br \/>Doble banda inal&aacute;mbrica &ndash; bandas 2.4GHz y 5GHz para conectividad flexible<\/p>\n<p>Dise&ntilde;o mini &ndash; Tama&ntilde;o mini dise&ntilde;ado para f&aacute;cil portabilidad con alto rendimiento fiable<\/p>\n<p>Super velocidad en puerto USB 3.0 &#8211; 10x transferencia m&aacute;s r&aacute;pida que el puerto USB 2.0<br \/>&nbsp; &nbsp;<br \/>MU-MIMO &#8211; Ofrece conexi&oacute;n inal&aacute;mbrica altamente eficiente<\/p>\n<p>Sistemas operativos soportados &ndash; Soporta Windows 10\/8.1\/8\/7\/XP, Mac OS X<\/p>\n<table class=\"tabla_caracteristicas\" width=\"100%\">\n<tr>\n<td valign=\"top\"><strong>Marca<\/strong><\/td>\n<td>TP-Link<\/td>\n<\/tr>\n<tr>\n<td><strong>Modelo<\/strong><\/td>\n<td><strong>Archer T3U<\/strong><\/td>\n<\/tr>\n<tr>\n<td><strong>Caracter&iacute;sticas<\/strong><\/td>\n<td><strong>Hardware<\/strong><br \/>\t\t\t&#8211; Interfaz: USB 3.0<br \/>\t\t\t&#8211; Dimensiones: 40.5 &times; 19.72 &times; 10.29mm<br \/>\t\t\t&#8211; Tipo de Antena: Omnidireccional<br \/>\t\t\t<strong>Inal&aacute;mbricas<\/strong><br \/>\t\t\t&#8211; Est&aacute;ndares Inal&aacute;mbricos<br \/>\t\t\t&nbsp; IEEE 802.11ac, IEEE 802.11a,<br \/>\t\t\t&nbsp; IEEE 802.11n, IEEE 802.11g, IEEE 802.11b<br \/>\t\t\t&#8211; Frecuencia: 5GHz y 2.4GHz<br \/>\t\t\t&#8211; Tasa de Se&ntilde;al:<br \/>\t\t\t&nbsp; 5GHz<br \/>\t\t\t&nbsp; 11ac: Up to 867Mbps(din&aacute;mico)<br \/>\t\t\t&nbsp; 11n: Up to 300Mbps(din&aacute;mico)<br \/>\t\t\t&nbsp; 11a: Up to 54Mbps(din&aacute;mico)<br \/>\t\t\t&nbsp; 2.4GHz<br \/>\t\t\t&nbsp; 11n: Up to 400Mbps(din&aacute;mico)<br \/>\t\t\t&nbsp; 11g: Up to 54Mbps(din&aacute;mico)<br \/>\t\t\t&nbsp; 11b: Up to 11Mbps(din&aacute;mico)<br \/>\t\t\t&#8211; Sensibilidad de Recepci&oacute;n:<br \/>\t\t\t&nbsp; 5GHz?<br \/>\t\t\t&nbsp; 11a 6Mbps: -91dBm<br \/>\t\t\t&nbsp; 11a 54Mbps: -76dBm<br \/>\t\t\t&nbsp; 11n HT20?-71dBm<br \/>\t\t\t&nbsp; 11n HT40?-70dBm<br \/>\t\t\t&nbsp; 11ac HT20: -68dBm<br \/>\t\t\t&nbsp; 11ac HT40: -64dBm<br \/>\t\t\t&nbsp; 11ac HT80: -62dBm<br \/>\t\t\t&nbsp; 2.4GHz:<br \/>\t\t\t&nbsp; 11b 11Mbps: -86dBm<br \/>\t\t\t&nbsp; 11g 54Mbps: -73dBm<br \/>\t\t\t&nbsp; 11n HT20: -71dBm<br \/>\t\t\t&nbsp; 11n HT40: -70dBm<br \/>\t\t\t&#8211; Potencia de Transmisi&oacute;n: &lt;23dBm (EIRP)<br \/>\t\t\t&#8211; Modos Inal&aacute;mbricos: Ad-Hoc \/ Modo infraestructura<br \/>\t\t\t&#8211; Seguridad Inal&aacute;mbrica: Soporta 64\/128 bit WEP, WPA\/WPA2, WPA-PSK\/WPA2-PSK<br \/>\t\t\t&#8211; Tecnolog&iacute;a de Modulaci&oacute;n: DBPSK, DQPSK, CCK, OFDM, 16-QAM, 64-QAM, 256-QAM<br \/>\t\t\t<strong>Otros<\/strong><br \/>\t\t\t&#8211; Certificaciones: CE, FCC, RoHS<br \/>\t\t\t&#8211; Requisitos del sistema: Windows 10\/8.1\/8\/7\/XP, Mac OS X<br \/>\t\t\t&#8211; Factores Ambientales:<br \/>\t\t\t&nbsp; Temperatura de funcionamiento: 0 &deg;C ~ 40 &deg;C<br \/>\t\t\t&nbsp; Temperatura de almacenamiento: -40 &deg;C ~ 70 &deg;C<br \/>\t\t\t&nbsp; Humedad de funcionamiento: 10% ~ 90% sin condensaci&oacute;n<br \/>\t\t\t&nbsp; Humedad de almacenamiento: 5% ~ 90% sin condensaci&oacute;n<br \/>\t\t\t<strong>Contenido<\/strong><br \/>\t\t\t&#8211; AC1300 Mini inal&aacute;mbrico MU-MIMO Adaptador USB Archer T3U<br \/>\t\t\t&#8211; Gu&iacute;a instalaci&oacute;n r&aacute;pida<br \/>\t\t\t&#8211; CD de instalaci&oacute;n<\/td>\n<\/tr>\n<tr>\n<td><strong>Fecha de revisi&oacute;n<\/strong><\/td>\n<td>24-03-2021 por MPM<\/td>\n<\/tr>\n<\/table>\n","protected":false},"excerpt":{"rendered":"<p>Wi-Fi Ultra r&aacute;pido&nbsp; &ndash; AC1300 (400 Mpbs en banda 2.4GHz&nbsp; y&nbsp; 867 Mbps en banda 5GHz ) conexi&oacute;n wifi r&aacute;pida con la siguiente generaci&oacute;n Wi-Fi &#8211; 802.11ac&nbsp; &nbsp;Doble banda inal&aacute;mbrica &ndash; bandas 2.4GHz y 5GHz para conectividad flexible Dise&ntilde;o mini &ndash; Tama&ntilde;o mini dise&ntilde;ado para f&aacute;cil portabilidad con alto rendimiento fiable Super velocidad en puerto&hellip;&nbsp;<a href=\"https:\/\/aivlisoft.net\/shop\/producto\/tp-link-archer-t3u-mini-adaptador-usb-wifi-ac1300\/\" rel=\"bookmark\"><span class=\"screen-reader-text\">TP-Link Archer T3U Mini Adaptador USB WiFi AC1300<\/span><\/a><\/p>\n","protected":false},"featured_media":18173,"template":"","meta":{"neve_meta_sidebar":"","neve_meta_container":"","neve_meta_enable_content_width":"","neve_meta_content_width":0,"neve_meta_title_alignment":"","neve_meta_author_avatar":"","neve_post_elements_order":"","neve_meta_disable_header":"","neve_meta_disable_footer":"","neve_meta_disable_title":""},"product_brand":[],"product_cat":[15,1399,8705,8702],"product_tag":[6652],"class_list":{"0":"post-18172","1":"product","2":"type-product","3":"status-publish","4":"has-post-thumbnail","6":"product_cat-sin-categorizar","7":"product_cat-accesorios-redes","8":"product_cat-accesorios-redes-wifi","9":"product_cat-herramientasconectores-redes","10":"product_tag-archer-t3u","12":"first","13":"instock","14":"taxable","15":"shipping-taxable","16":"purchasable","17":"product-type-simple"},"yoast_head":"<!-- This site is optimized with the Yoast SEO plugin v26.0 - https:\/\/yoast.com\/wordpress\/plugins\/seo\/ -->\n<title>TP-Link Archer T3U Mini Adaptador USB WiFi AC1300 - Aivlisoft Inform\u00e1tica<\/title>\n<meta name=\"robots\" content=\"index, follow, max-snippet:-1, max-image-preview:large, max-video-preview:-1\" \/>\n<link rel=\"canonical\" href=\"https:\/\/aivlisoft.net\/shop\/producto\/tp-link-archer-t3u-mini-adaptador-usb-wifi-ac1300\/\" \/>\n<meta property=\"og:locale\" content=\"es_ES\" \/>\n<meta property=\"og:type\" content=\"article\" \/>\n<meta property=\"og:title\" content=\"TP-Link Archer T3U Mini Adaptador USB WiFi AC1300 - Aivlisoft Inform\u00e1tica\" \/>\n<meta property=\"og:description\" content=\"Wi-Fi Ultra r&aacute;pido&nbsp; &ndash; AC1300 (400 Mpbs en banda 2.4GHz&nbsp; y&nbsp; 867 Mbps en banda 5GHz ) conexi&oacute;n wifi r&aacute;pida con la siguiente generaci&oacute;n Wi-Fi &#8211; 802.11ac&nbsp; &nbsp;Doble banda inal&aacute;mbrica &ndash; bandas 2.4GHz y 5GHz para conectividad flexible Dise&ntilde;o mini &ndash; Tama&ntilde;o mini dise&ntilde;ado para f&aacute;cil portabilidad con alto rendimiento fiable Super velocidad en puerto&hellip;&nbsp;TP-Link Archer T3U Mini Adaptador USB WiFi AC1300\" \/>\n<meta property=\"og:url\" content=\"https:\/\/aivlisoft.net\/shop\/producto\/tp-link-archer-t3u-mini-adaptador-usb-wifi-ac1300\/\" \/>\n<meta property=\"og:site_name\" content=\"Aivlisoft Inform\u00e1tica\" \/>\n<meta property=\"article:modified_time\" content=\"2025-01-14T20:20:01+00:00\" \/>\n<meta property=\"og:image\" content=\"https:\/\/aivlisoft.net\/shop\/wp-content\/uploads\/2025\/01\/NADAIN0264_800.jpg\" \/>\n\t<meta property=\"og:image:width\" content=\"800\" \/>\n\t<meta property=\"og:image:height\" content=\"800\" \/>\n\t<meta property=\"og:image:type\" content=\"image\/jpeg\" \/>\n<meta name=\"twitter:card\" content=\"summary_large_image\" \/>\n<meta name=\"twitter:label1\" content=\"Tiempo de lectura\" \/>\n\t<meta name=\"twitter:data1\" content=\"2 minutos\" \/>\n<script type=\"application\/ld+json\" class=\"yoast-schema-graph\">{\"@context\":\"https:\/\/schema.org\",\"@graph\":[{\"@type\":\"WebPage\",\"@id\":\"https:\/\/aivlisoft.net\/shop\/producto\/tp-link-archer-t3u-mini-adaptador-usb-wifi-ac1300\/\",\"url\":\"https:\/\/aivlisoft.net\/shop\/producto\/tp-link-archer-t3u-mini-adaptador-usb-wifi-ac1300\/\",\"name\":\"TP-Link Archer T3U Mini Adaptador USB WiFi AC1300 - Aivlisoft Inform\u00e1tica\",\"isPartOf\":{\"@id\":\"https:\/\/aivlisoft.net\/shop\/#website\"},\"primaryImageOfPage\":{\"@id\":\"https:\/\/aivlisoft.net\/shop\/producto\/tp-link-archer-t3u-mini-adaptador-usb-wifi-ac1300\/#primaryimage\"},\"image\":{\"@id\":\"https:\/\/aivlisoft.net\/shop\/producto\/tp-link-archer-t3u-mini-adaptador-usb-wifi-ac1300\/#primaryimage\"},\"thumbnailUrl\":\"https:\/\/aivlisoft.net\/shop\/wp-content\/uploads\/2025\/01\/NADAIN0264_800.jpg\",\"datePublished\":\"2025-01-13T15:19:34+00:00\",\"dateModified\":\"2025-01-14T20:20:01+00:00\",\"breadcrumb\":{\"@id\":\"https:\/\/aivlisoft.net\/shop\/producto\/tp-link-archer-t3u-mini-adaptador-usb-wifi-ac1300\/#breadcrumb\"},\"inLanguage\":\"es\",\"potentialAction\":[{\"@type\":\"ReadAction\",\"target\":[\"https:\/\/aivlisoft.net\/shop\/producto\/tp-link-archer-t3u-mini-adaptador-usb-wifi-ac1300\/\"]}]},{\"@type\":\"ImageObject\",\"inLanguage\":\"es\",\"@id\":\"https:\/\/aivlisoft.net\/shop\/producto\/tp-link-archer-t3u-mini-adaptador-usb-wifi-ac1300\/#primaryimage\",\"url\":\"https:\/\/aivlisoft.net\/shop\/wp-content\/uploads\/2025\/01\/NADAIN0264_800.jpg\",\"contentUrl\":\"https:\/\/aivlisoft.net\/shop\/wp-content\/uploads\/2025\/01\/NADAIN0264_800.jpg\",\"width\":800,\"height\":800},{\"@type\":\"BreadcrumbList\",\"@id\":\"https:\/\/aivlisoft.net\/shop\/producto\/tp-link-archer-t3u-mini-adaptador-usb-wifi-ac1300\/#breadcrumb\",\"itemListElement\":[{\"@type\":\"ListItem\",\"position\":1,\"name\":\"Portada\",\"item\":\"https:\/\/aivlisoft.net\/shop\/\"},{\"@type\":\"ListItem\",\"position\":2,\"name\":\"Tienda\",\"item\":\"https:\/\/aivlisoft.net\/shop\/tienda\/\"},{\"@type\":\"ListItem\",\"position\":3,\"name\":\"TP-Link Archer T3U Mini Adaptador USB WiFi AC1300\"}]},{\"@type\":\"WebSite\",\"@id\":\"https:\/\/aivlisoft.net\/shop\/#website\",\"url\":\"https:\/\/aivlisoft.net\/shop\/\",\"name\":\"Aivlisoft Inform\u00e1tica\",\"description\":\"En Aivlisoft Inform\u00e1tica ofrecemos soluciones tecnol\u00f3gicas para empresas: venta de ordenadores, consumibles, perif\u00e9ricos y m\u00e1s. Calidad, atenci\u00f3n personalizada y los mejores precios para tu negocio.\",\"publisher\":{\"@id\":\"https:\/\/aivlisoft.net\/shop\/#organization\"},\"potentialAction\":[{\"@type\":\"SearchAction\",\"target\":{\"@type\":\"EntryPoint\",\"urlTemplate\":\"https:\/\/aivlisoft.net\/shop\/?s={search_term_string}\"},\"query-input\":{\"@type\":\"PropertyValueSpecification\",\"valueRequired\":true,\"valueName\":\"search_term_string\"}}],\"inLanguage\":\"es\"},{\"@type\":\"Organization\",\"@id\":\"https:\/\/aivlisoft.net\/shop\/#organization\",\"name\":\"Aivlisoft Inform\u00e1tica\",\"url\":\"https:\/\/aivlisoft.net\/shop\/\",\"logo\":{\"@type\":\"ImageObject\",\"inLanguage\":\"es\",\"@id\":\"https:\/\/aivlisoft.net\/shop\/#\/schema\/logo\/image\/\",\"url\":\"https:\/\/aivlisoft.net\/shop\/wp-content\/uploads\/2024\/12\/removal.ai_5b848c54-0cdf-4140-95c5-c5536bb7573b-logodef.png\",\"contentUrl\":\"https:\/\/aivlisoft.net\/shop\/wp-content\/uploads\/2024\/12\/removal.ai_5b848c54-0cdf-4140-95c5-c5536bb7573b-logodef.png\",\"width\":484,\"height\":182,\"caption\":\"Aivlisoft Inform\u00e1tica\"},\"image\":{\"@id\":\"https:\/\/aivlisoft.net\/shop\/#\/schema\/logo\/image\/\"}}]}<\/script>\n<!-- \/ Yoast SEO plugin. -->","yoast_head_json":{"title":"TP-Link Archer T3U Mini Adaptador USB WiFi AC1300 - Aivlisoft Inform\u00e1tica","robots":{"index":"index","follow":"follow","max-snippet":"max-snippet:-1","max-image-preview":"max-image-preview:large","max-video-preview":"max-video-preview:-1"},"canonical":"https:\/\/aivlisoft.net\/shop\/producto\/tp-link-archer-t3u-mini-adaptador-usb-wifi-ac1300\/","og_locale":"es_ES","og_type":"article","og_title":"TP-Link Archer T3U Mini Adaptador USB WiFi AC1300 - Aivlisoft Inform\u00e1tica","og_description":"Wi-Fi Ultra r&aacute;pido&nbsp; &ndash; AC1300 (400 Mpbs en banda 2.4GHz&nbsp; y&nbsp; 867 Mbps en banda 5GHz ) conexi&oacute;n wifi r&aacute;pida con la siguiente generaci&oacute;n Wi-Fi &#8211; 802.11ac&nbsp; &nbsp;Doble banda inal&aacute;mbrica &ndash; bandas 2.4GHz y 5GHz para conectividad flexible Dise&ntilde;o mini &ndash; Tama&ntilde;o mini dise&ntilde;ado para f&aacute;cil portabilidad con alto rendimiento fiable Super velocidad en puerto&hellip;&nbsp;TP-Link Archer T3U Mini Adaptador USB WiFi AC1300","og_url":"https:\/\/aivlisoft.net\/shop\/producto\/tp-link-archer-t3u-mini-adaptador-usb-wifi-ac1300\/","og_site_name":"Aivlisoft Inform\u00e1tica","article_modified_time":"2025-01-14T20:20:01+00:00","og_image":[{"width":800,"height":800,"url":"https:\/\/aivlisoft.net\/shop\/wp-content\/uploads\/2025\/01\/NADAIN0264_800.jpg","type":"image\/jpeg"}],"twitter_card":"summary_large_image","twitter_misc":{"Tiempo de lectura":"2 minutos"},"schema":{"@context":"https:\/\/schema.org","@graph":[{"@type":"WebPage","@id":"https:\/\/aivlisoft.net\/shop\/producto\/tp-link-archer-t3u-mini-adaptador-usb-wifi-ac1300\/","url":"https:\/\/aivlisoft.net\/shop\/producto\/tp-link-archer-t3u-mini-adaptador-usb-wifi-ac1300\/","name":"TP-Link Archer T3U Mini Adaptador USB WiFi AC1300 - Aivlisoft Inform\u00e1tica","isPartOf":{"@id":"https:\/\/aivlisoft.net\/shop\/#website"},"primaryImageOfPage":{"@id":"https:\/\/aivlisoft.net\/shop\/producto\/tp-link-archer-t3u-mini-adaptador-usb-wifi-ac1300\/#primaryimage"},"image":{"@id":"https:\/\/aivlisoft.net\/shop\/producto\/tp-link-archer-t3u-mini-adaptador-usb-wifi-ac1300\/#primaryimage"},"thumbnailUrl":"https:\/\/aivlisoft.net\/shop\/wp-content\/uploads\/2025\/01\/NADAIN0264_800.jpg","datePublished":"2025-01-13T15:19:34+00:00","dateModified":"2025-01-14T20:20:01+00:00","breadcrumb":{"@id":"https:\/\/aivlisoft.net\/shop\/producto\/tp-link-archer-t3u-mini-adaptador-usb-wifi-ac1300\/#breadcrumb"},"inLanguage":"es","potentialAction":[{"@type":"ReadAction","target":["https:\/\/aivlisoft.net\/shop\/producto\/tp-link-archer-t3u-mini-adaptador-usb-wifi-ac1300\/"]}]},{"@type":"ImageObject","inLanguage":"es","@id":"https:\/\/aivlisoft.net\/shop\/producto\/tp-link-archer-t3u-mini-adaptador-usb-wifi-ac1300\/#primaryimage","url":"https:\/\/aivlisoft.net\/shop\/wp-content\/uploads\/2025\/01\/NADAIN0264_800.jpg","contentUrl":"https:\/\/aivlisoft.net\/shop\/wp-content\/uploads\/2025\/01\/NADAIN0264_800.jpg","width":800,"height":800},{"@type":"BreadcrumbList","@id":"https:\/\/aivlisoft.net\/shop\/producto\/tp-link-archer-t3u-mini-adaptador-usb-wifi-ac1300\/#breadcrumb","itemListElement":[{"@type":"ListItem","position":1,"name":"Portada","item":"https:\/\/aivlisoft.net\/shop\/"},{"@type":"ListItem","position":2,"name":"Tienda","item":"https:\/\/aivlisoft.net\/shop\/tienda\/"},{"@type":"ListItem","position":3,"name":"TP-Link Archer T3U Mini Adaptador USB WiFi AC1300"}]},{"@type":"WebSite","@id":"https:\/\/aivlisoft.net\/shop\/#website","url":"https:\/\/aivlisoft.net\/shop\/","name":"Aivlisoft Inform\u00e1tica","description":"En Aivlisoft Inform\u00e1tica ofrecemos soluciones tecnol\u00f3gicas para empresas: venta de ordenadores, consumibles, perif\u00e9ricos y m\u00e1s. Calidad, atenci\u00f3n personalizada y los mejores precios para tu negocio.","publisher":{"@id":"https:\/\/aivlisoft.net\/shop\/#organization"},"potentialAction":[{"@type":"SearchAction","target":{"@type":"EntryPoint","urlTemplate":"https:\/\/aivlisoft.net\/shop\/?s={search_term_string}"},"query-input":{"@type":"PropertyValueSpecification","valueRequired":true,"valueName":"search_term_string"}}],"inLanguage":"es"},{"@type":"Organization","@id":"https:\/\/aivlisoft.net\/shop\/#organization","name":"Aivlisoft Inform\u00e1tica","url":"https:\/\/aivlisoft.net\/shop\/","logo":{"@type":"ImageObject","inLanguage":"es","@id":"https:\/\/aivlisoft.net\/shop\/#\/schema\/logo\/image\/","url":"https:\/\/aivlisoft.net\/shop\/wp-content\/uploads\/2024\/12\/removal.ai_5b848c54-0cdf-4140-95c5-c5536bb7573b-logodef.png","contentUrl":"https:\/\/aivlisoft.net\/shop\/wp-content\/uploads\/2024\/12\/removal.ai_5b848c54-0cdf-4140-95c5-c5536bb7573b-logodef.png","width":484,"height":182,"caption":"Aivlisoft Inform\u00e1tica"},"image":{"@id":"https:\/\/aivlisoft.net\/shop\/#\/schema\/logo\/image\/"}}]}},"_links":{"self":[{"href":"https:\/\/aivlisoft.net\/shop\/wp-json\/wp\/v2\/product\/18172","targetHints":{"allow":["GET"]}}],"collection":[{"href":"https:\/\/aivlisoft.net\/shop\/wp-json\/wp\/v2\/product"}],"about":[{"href":"https:\/\/aivlisoft.net\/shop\/wp-json\/wp\/v2\/types\/product"}],"wp:featuredmedia":[{"embeddable":true,"href":"https:\/\/aivlisoft.net\/shop\/wp-json\/wp\/v2\/media\/18173"}],"wp:attachment":[{"href":"https:\/\/aivlisoft.net\/shop\/wp-json\/wp\/v2\/media?parent=18172"}],"wp:term":[{"taxonomy":"product_brand","embeddable":true,"href":"https:\/\/aivlisoft.net\/shop\/wp-json\/wp\/v2\/product_brand?post=18172"},{"taxonomy":"product_cat","embeddable":true,"href":"https:\/\/aivlisoft.net\/shop\/wp-json\/wp\/v2\/product_cat?post=18172"},{"taxonomy":"product_tag","embeddable":true,"href":"https:\/\/aivlisoft.net\/shop\/wp-json\/wp\/v2\/product_tag?post=18172"}],"curies":[{"name":"wp","href":"https:\/\/api.w.org\/{rel}","templated":true}]}}