{"id":18170,"date":"2025-01-13T15:19:33","date_gmt":"2025-01-13T15:19:33","guid":{"rendered":"https:\/\/aivlisoft.com\/?post_type=product&#038;p=18170"},"modified":"2025-01-14T20:20:01","modified_gmt":"2025-01-14T20:20:01","slug":"tp-link-tapo-p100-2-pck-enchufe-inteligente-wifi","status":"publish","type":"product","link":"https:\/\/aivlisoft.net\/shop\/producto\/tp-link-tapo-p100-2-pck-enchufe-inteligente-wifi\/","title":{"rendered":"TP-Link Tapo P100 (2-pck) Enchufe Inteligente WiFi"},"content":{"rendered":"<p><strong>Control Remoto<\/strong> &ndash; Enciende y apaga inmediatamente los dispositivos conectados en cualquier lugar a trav&eacute;s de la aplicaci&oacute;n Tapo<br \/><strong>Programaci&oacute;n<\/strong> &ndash; Crea un horario para administrar tus dispositivos autom&aacute;ticamente<br \/><strong>Temporizador<\/strong> &#8211; Crea una cuenta atr&aacute;s para apagar o encender los dispositivos electr&oacute;nicos conectados<br \/><strong>Control de Voz<\/strong> &ndash; Controla tu enchufe inteligente con comandos de voz a trav&eacute;s de Amazon Alexa o Google Assistant<br \/><strong>Modo Fuera de Casa<\/strong> &ndash; Enciende y apaga tus dispositivos en diferentes horarios para dar la apariencia de que alguien est&aacute; en casa<br \/><strong>Dise&ntilde;o Compacto<\/strong> &#8211; Tama&ntilde;o peque&ntilde;o para evitar obstruir enchufes adyacentes<br \/><strong>F&aacute;cil de Utilizar e Instalar&nbsp; <\/strong>&#8211; No requiere de Hub, config&uacute;ralo r&aacute;pidamente y contr&oacute;lalo f&aacute;cilmente a trav&eacute;s de la App gratuita Tapo<\/p>\n<table class=\"tabla_caracteristicas\" width=\"100%\">\n<tr>\n<td><strong>Marca<\/strong><\/td>\n<td>TP-Link<\/td>\n<\/tr>\n<tr>\n<td><strong>Modelo<\/strong><\/td>\n<td><strong>Tapo P100(2-pack)<\/strong><\/td>\n<\/tr>\n<tr>\n<td><strong>Caracteristicas<\/strong><\/td>\n<td><strong>Red<\/strong><br \/>\t\t\t&#8211; Protocolo: IEEE 802.11b\/g\/n, Bluetooth 4.2 (solo para la configuraci&oacute;n)<br \/>\t\t\t&#8211; Tipo de Wi-Fi: 2.4 GHz<br \/>\t\t\t&#8211; Requisitos del Sistema: Android 4.3 o superior, iOS 9.0 o superior<br \/>\t\t\t<strong>General<\/strong><br \/>\t\t\t&#8211; Power Requirements: AC 220-240 V~50\/60 Hz 10 A<br \/>\t\t\t&#8211; Dimensiones: 2.0 x 2.8 x 1.6 in (51 x 72.0 x 40 mm)<br \/>\t\t\t&#8211; Material: PC<br \/>\t\t\t&#8211; Botones: Bot&oacute;n Power<br \/>\t\t\t&#8211; LED de Estado<br \/>\t\t\t<strong>Estado de Trabajo<\/strong><br \/>\t\t\t&#8211; Carga M&aacute;xima: 2300 W, 10 A<br \/>\t\t\t<strong>Otros<\/strong><br \/>\t\t\t&#8211; Factores Ambientales: Temperatura de Funcionamiento: 0 &ordm;C&ndash;35 &ordm;C<br \/>\t\t\t&#8211; Humedad de Funcionamiento: 10%&ndash;90%RH, Sin condensaci&oacute;n<br \/>\t\t\t&#8211; Certifications: CE, RoHS<br \/>\t\t\t<strong>Contenido<\/strong><br \/>\t\t\t&#8211; 2 x Mini Enchufe Inteligente Wi-Fi Tapo P100<br \/>\t\t\t&#8211; Gu&iacute;a de Inicio R&aacute;pida<\/td>\n<\/tr>\n<tr>\n<td><strong>Fecha de revisi&oacute;n<\/strong><\/td>\n<td>04-02-2021 por MPM<\/td>\n<\/tr>\n<\/table>\n","protected":false},"excerpt":{"rendered":"<p>Control Remoto &ndash; Enciende y apaga inmediatamente los dispositivos conectados en cualquier lugar a trav&eacute;s de la aplicaci&oacute;n TapoProgramaci&oacute;n &ndash; Crea un horario para administrar tus dispositivos autom&aacute;ticamenteTemporizador &#8211; Crea una cuenta atr&aacute;s para apagar o encender los dispositivos electr&oacute;nicos conectadosControl de Voz &ndash; Controla tu enchufe inteligente con comandos de voz a trav&eacute;s de&hellip;&nbsp;<a href=\"https:\/\/aivlisoft.net\/shop\/producto\/tp-link-tapo-p100-2-pck-enchufe-inteligente-wifi\/\" rel=\"bookmark\"><span class=\"screen-reader-text\">TP-Link Tapo P100 (2-pck) Enchufe Inteligente WiFi<\/span><\/a><\/p>\n","protected":false},"featured_media":18171,"template":"","meta":{"neve_meta_sidebar":"","neve_meta_container":"","neve_meta_enable_content_width":"","neve_meta_content_width":0,"neve_meta_title_alignment":"","neve_meta_author_avatar":"","neve_post_elements_order":"","neve_meta_disable_header":"","neve_meta_disable_footer":"","neve_meta_disable_title":""},"product_brand":[],"product_cat":[15,1399,8705,8702],"product_tag":[6651],"class_list":{"0":"post-18170","1":"product","2":"type-product","3":"status-publish","4":"has-post-thumbnail","6":"product_cat-sin-categorizar","7":"product_cat-accesorios-redes","8":"product_cat-accesorios-redes-wifi","9":"product_cat-herramientasconectores-redes","10":"product_tag-tapo-p1002-pack","12":"first","13":"instock","14":"taxable","15":"shipping-taxable","16":"purchasable","17":"product-type-simple"},"yoast_head":"<!-- This site is optimized with the Yoast SEO plugin v26.0 - https:\/\/yoast.com\/wordpress\/plugins\/seo\/ -->\n<title>TP-Link Tapo P100 (2-pck) Enchufe Inteligente WiFi - Aivlisoft Inform\u00e1tica<\/title>\n<meta name=\"robots\" content=\"index, follow, max-snippet:-1, max-image-preview:large, max-video-preview:-1\" \/>\n<link rel=\"canonical\" href=\"https:\/\/aivlisoft.net\/shop\/producto\/tp-link-tapo-p100-2-pck-enchufe-inteligente-wifi\/\" \/>\n<meta property=\"og:locale\" content=\"es_ES\" \/>\n<meta property=\"og:type\" content=\"article\" \/>\n<meta property=\"og:title\" content=\"TP-Link Tapo P100 (2-pck) Enchufe Inteligente WiFi - Aivlisoft Inform\u00e1tica\" \/>\n<meta property=\"og:description\" content=\"Control Remoto &ndash; Enciende y apaga inmediatamente los dispositivos conectados en cualquier lugar a trav&eacute;s de la aplicaci&oacute;n TapoProgramaci&oacute;n &ndash; Crea un horario para administrar tus dispositivos autom&aacute;ticamenteTemporizador &#8211; Crea una cuenta atr&aacute;s para apagar o encender los dispositivos electr&oacute;nicos conectadosControl de Voz &ndash; Controla tu enchufe inteligente con comandos de voz a trav&eacute;s de&hellip;&nbsp;TP-Link Tapo P100 (2-pck) Enchufe Inteligente WiFi\" \/>\n<meta property=\"og:url\" content=\"https:\/\/aivlisoft.net\/shop\/producto\/tp-link-tapo-p100-2-pck-enchufe-inteligente-wifi\/\" \/>\n<meta property=\"og:site_name\" content=\"Aivlisoft Inform\u00e1tica\" \/>\n<meta property=\"article:modified_time\" content=\"2025-01-14T20:20:01+00:00\" \/>\n<meta property=\"og:image\" content=\"https:\/\/aivlisoft.net\/shop\/wp-content\/uploads\/2025\/01\/NADAIN0261_800.jpg\" \/>\n\t<meta property=\"og:image:width\" content=\"800\" \/>\n\t<meta property=\"og:image:height\" content=\"800\" \/>\n\t<meta property=\"og:image:type\" content=\"image\/jpeg\" \/>\n<meta name=\"twitter:card\" content=\"summary_large_image\" \/>\n<meta name=\"twitter:label1\" content=\"Tiempo de lectura\" \/>\n\t<meta name=\"twitter:data1\" content=\"1 minuto\" \/>\n<script type=\"application\/ld+json\" class=\"yoast-schema-graph\">{\"@context\":\"https:\/\/schema.org\",\"@graph\":[{\"@type\":\"WebPage\",\"@id\":\"https:\/\/aivlisoft.net\/shop\/producto\/tp-link-tapo-p100-2-pck-enchufe-inteligente-wifi\/\",\"url\":\"https:\/\/aivlisoft.net\/shop\/producto\/tp-link-tapo-p100-2-pck-enchufe-inteligente-wifi\/\",\"name\":\"TP-Link Tapo P100 (2-pck) Enchufe Inteligente WiFi - Aivlisoft Inform\u00e1tica\",\"isPartOf\":{\"@id\":\"https:\/\/aivlisoft.net\/shop\/#website\"},\"primaryImageOfPage\":{\"@id\":\"https:\/\/aivlisoft.net\/shop\/producto\/tp-link-tapo-p100-2-pck-enchufe-inteligente-wifi\/#primaryimage\"},\"image\":{\"@id\":\"https:\/\/aivlisoft.net\/shop\/producto\/tp-link-tapo-p100-2-pck-enchufe-inteligente-wifi\/#primaryimage\"},\"thumbnailUrl\":\"https:\/\/aivlisoft.net\/shop\/wp-content\/uploads\/2025\/01\/NADAIN0261_800.jpg\",\"datePublished\":\"2025-01-13T15:19:33+00:00\",\"dateModified\":\"2025-01-14T20:20:01+00:00\",\"breadcrumb\":{\"@id\":\"https:\/\/aivlisoft.net\/shop\/producto\/tp-link-tapo-p100-2-pck-enchufe-inteligente-wifi\/#breadcrumb\"},\"inLanguage\":\"es\",\"potentialAction\":[{\"@type\":\"ReadAction\",\"target\":[\"https:\/\/aivlisoft.net\/shop\/producto\/tp-link-tapo-p100-2-pck-enchufe-inteligente-wifi\/\"]}]},{\"@type\":\"ImageObject\",\"inLanguage\":\"es\",\"@id\":\"https:\/\/aivlisoft.net\/shop\/producto\/tp-link-tapo-p100-2-pck-enchufe-inteligente-wifi\/#primaryimage\",\"url\":\"https:\/\/aivlisoft.net\/shop\/wp-content\/uploads\/2025\/01\/NADAIN0261_800.jpg\",\"contentUrl\":\"https:\/\/aivlisoft.net\/shop\/wp-content\/uploads\/2025\/01\/NADAIN0261_800.jpg\",\"width\":800,\"height\":800},{\"@type\":\"BreadcrumbList\",\"@id\":\"https:\/\/aivlisoft.net\/shop\/producto\/tp-link-tapo-p100-2-pck-enchufe-inteligente-wifi\/#breadcrumb\",\"itemListElement\":[{\"@type\":\"ListItem\",\"position\":1,\"name\":\"Portada\",\"item\":\"https:\/\/aivlisoft.net\/shop\/\"},{\"@type\":\"ListItem\",\"position\":2,\"name\":\"Tienda\",\"item\":\"https:\/\/aivlisoft.net\/shop\/tienda\/\"},{\"@type\":\"ListItem\",\"position\":3,\"name\":\"TP-Link Tapo P100 (2-pck) Enchufe Inteligente WiFi\"}]},{\"@type\":\"WebSite\",\"@id\":\"https:\/\/aivlisoft.net\/shop\/#website\",\"url\":\"https:\/\/aivlisoft.net\/shop\/\",\"name\":\"Aivlisoft Inform\u00e1tica\",\"description\":\"En Aivlisoft Inform\u00e1tica ofrecemos soluciones tecnol\u00f3gicas para empresas: venta de ordenadores, consumibles, perif\u00e9ricos y m\u00e1s. Calidad, atenci\u00f3n personalizada y los mejores precios para tu negocio.\",\"publisher\":{\"@id\":\"https:\/\/aivlisoft.net\/shop\/#organization\"},\"potentialAction\":[{\"@type\":\"SearchAction\",\"target\":{\"@type\":\"EntryPoint\",\"urlTemplate\":\"https:\/\/aivlisoft.net\/shop\/?s={search_term_string}\"},\"query-input\":{\"@type\":\"PropertyValueSpecification\",\"valueRequired\":true,\"valueName\":\"search_term_string\"}}],\"inLanguage\":\"es\"},{\"@type\":\"Organization\",\"@id\":\"https:\/\/aivlisoft.net\/shop\/#organization\",\"name\":\"Aivlisoft Inform\u00e1tica\",\"url\":\"https:\/\/aivlisoft.net\/shop\/\",\"logo\":{\"@type\":\"ImageObject\",\"inLanguage\":\"es\",\"@id\":\"https:\/\/aivlisoft.net\/shop\/#\/schema\/logo\/image\/\",\"url\":\"https:\/\/aivlisoft.net\/shop\/wp-content\/uploads\/2024\/12\/removal.ai_5b848c54-0cdf-4140-95c5-c5536bb7573b-logodef.png\",\"contentUrl\":\"https:\/\/aivlisoft.net\/shop\/wp-content\/uploads\/2024\/12\/removal.ai_5b848c54-0cdf-4140-95c5-c5536bb7573b-logodef.png\",\"width\":484,\"height\":182,\"caption\":\"Aivlisoft Inform\u00e1tica\"},\"image\":{\"@id\":\"https:\/\/aivlisoft.net\/shop\/#\/schema\/logo\/image\/\"}}]}<\/script>\n<!-- \/ Yoast SEO plugin. -->","yoast_head_json":{"title":"TP-Link Tapo P100 (2-pck) Enchufe Inteligente WiFi - Aivlisoft Inform\u00e1tica","robots":{"index":"index","follow":"follow","max-snippet":"max-snippet:-1","max-image-preview":"max-image-preview:large","max-video-preview":"max-video-preview:-1"},"canonical":"https:\/\/aivlisoft.net\/shop\/producto\/tp-link-tapo-p100-2-pck-enchufe-inteligente-wifi\/","og_locale":"es_ES","og_type":"article","og_title":"TP-Link Tapo P100 (2-pck) Enchufe Inteligente WiFi - Aivlisoft Inform\u00e1tica","og_description":"Control Remoto &ndash; Enciende y apaga inmediatamente los dispositivos conectados en cualquier lugar a trav&eacute;s de la aplicaci&oacute;n TapoProgramaci&oacute;n &ndash; Crea un horario para administrar tus dispositivos autom&aacute;ticamenteTemporizador &#8211; Crea una cuenta atr&aacute;s para apagar o encender los dispositivos electr&oacute;nicos conectadosControl de Voz &ndash; Controla tu enchufe inteligente con comandos de voz a trav&eacute;s de&hellip;&nbsp;TP-Link Tapo P100 (2-pck) Enchufe Inteligente WiFi","og_url":"https:\/\/aivlisoft.net\/shop\/producto\/tp-link-tapo-p100-2-pck-enchufe-inteligente-wifi\/","og_site_name":"Aivlisoft Inform\u00e1tica","article_modified_time":"2025-01-14T20:20:01+00:00","og_image":[{"width":800,"height":800,"url":"https:\/\/aivlisoft.net\/shop\/wp-content\/uploads\/2025\/01\/NADAIN0261_800.jpg","type":"image\/jpeg"}],"twitter_card":"summary_large_image","twitter_misc":{"Tiempo de lectura":"1 minuto"},"schema":{"@context":"https:\/\/schema.org","@graph":[{"@type":"WebPage","@id":"https:\/\/aivlisoft.net\/shop\/producto\/tp-link-tapo-p100-2-pck-enchufe-inteligente-wifi\/","url":"https:\/\/aivlisoft.net\/shop\/producto\/tp-link-tapo-p100-2-pck-enchufe-inteligente-wifi\/","name":"TP-Link Tapo P100 (2-pck) Enchufe Inteligente WiFi - Aivlisoft Inform\u00e1tica","isPartOf":{"@id":"https:\/\/aivlisoft.net\/shop\/#website"},"primaryImageOfPage":{"@id":"https:\/\/aivlisoft.net\/shop\/producto\/tp-link-tapo-p100-2-pck-enchufe-inteligente-wifi\/#primaryimage"},"image":{"@id":"https:\/\/aivlisoft.net\/shop\/producto\/tp-link-tapo-p100-2-pck-enchufe-inteligente-wifi\/#primaryimage"},"thumbnailUrl":"https:\/\/aivlisoft.net\/shop\/wp-content\/uploads\/2025\/01\/NADAIN0261_800.jpg","datePublished":"2025-01-13T15:19:33+00:00","dateModified":"2025-01-14T20:20:01+00:00","breadcrumb":{"@id":"https:\/\/aivlisoft.net\/shop\/producto\/tp-link-tapo-p100-2-pck-enchufe-inteligente-wifi\/#breadcrumb"},"inLanguage":"es","potentialAction":[{"@type":"ReadAction","target":["https:\/\/aivlisoft.net\/shop\/producto\/tp-link-tapo-p100-2-pck-enchufe-inteligente-wifi\/"]}]},{"@type":"ImageObject","inLanguage":"es","@id":"https:\/\/aivlisoft.net\/shop\/producto\/tp-link-tapo-p100-2-pck-enchufe-inteligente-wifi\/#primaryimage","url":"https:\/\/aivlisoft.net\/shop\/wp-content\/uploads\/2025\/01\/NADAIN0261_800.jpg","contentUrl":"https:\/\/aivlisoft.net\/shop\/wp-content\/uploads\/2025\/01\/NADAIN0261_800.jpg","width":800,"height":800},{"@type":"BreadcrumbList","@id":"https:\/\/aivlisoft.net\/shop\/producto\/tp-link-tapo-p100-2-pck-enchufe-inteligente-wifi\/#breadcrumb","itemListElement":[{"@type":"ListItem","position":1,"name":"Portada","item":"https:\/\/aivlisoft.net\/shop\/"},{"@type":"ListItem","position":2,"name":"Tienda","item":"https:\/\/aivlisoft.net\/shop\/tienda\/"},{"@type":"ListItem","position":3,"name":"TP-Link Tapo P100 (2-pck) Enchufe Inteligente WiFi"}]},{"@type":"WebSite","@id":"https:\/\/aivlisoft.net\/shop\/#website","url":"https:\/\/aivlisoft.net\/shop\/","name":"Aivlisoft Inform\u00e1tica","description":"En Aivlisoft Inform\u00e1tica ofrecemos soluciones tecnol\u00f3gicas para empresas: venta de ordenadores, consumibles, perif\u00e9ricos y m\u00e1s. Calidad, atenci\u00f3n personalizada y los mejores precios para tu negocio.","publisher":{"@id":"https:\/\/aivlisoft.net\/shop\/#organization"},"potentialAction":[{"@type":"SearchAction","target":{"@type":"EntryPoint","urlTemplate":"https:\/\/aivlisoft.net\/shop\/?s={search_term_string}"},"query-input":{"@type":"PropertyValueSpecification","valueRequired":true,"valueName":"search_term_string"}}],"inLanguage":"es"},{"@type":"Organization","@id":"https:\/\/aivlisoft.net\/shop\/#organization","name":"Aivlisoft Inform\u00e1tica","url":"https:\/\/aivlisoft.net\/shop\/","logo":{"@type":"ImageObject","inLanguage":"es","@id":"https:\/\/aivlisoft.net\/shop\/#\/schema\/logo\/image\/","url":"https:\/\/aivlisoft.net\/shop\/wp-content\/uploads\/2024\/12\/removal.ai_5b848c54-0cdf-4140-95c5-c5536bb7573b-logodef.png","contentUrl":"https:\/\/aivlisoft.net\/shop\/wp-content\/uploads\/2024\/12\/removal.ai_5b848c54-0cdf-4140-95c5-c5536bb7573b-logodef.png","width":484,"height":182,"caption":"Aivlisoft Inform\u00e1tica"},"image":{"@id":"https:\/\/aivlisoft.net\/shop\/#\/schema\/logo\/image\/"}}]}},"_links":{"self":[{"href":"https:\/\/aivlisoft.net\/shop\/wp-json\/wp\/v2\/product\/18170","targetHints":{"allow":["GET"]}}],"collection":[{"href":"https:\/\/aivlisoft.net\/shop\/wp-json\/wp\/v2\/product"}],"about":[{"href":"https:\/\/aivlisoft.net\/shop\/wp-json\/wp\/v2\/types\/product"}],"wp:featuredmedia":[{"embeddable":true,"href":"https:\/\/aivlisoft.net\/shop\/wp-json\/wp\/v2\/media\/18171"}],"wp:attachment":[{"href":"https:\/\/aivlisoft.net\/shop\/wp-json\/wp\/v2\/media?parent=18170"}],"wp:term":[{"taxonomy":"product_brand","embeddable":true,"href":"https:\/\/aivlisoft.net\/shop\/wp-json\/wp\/v2\/product_brand?post=18170"},{"taxonomy":"product_cat","embeddable":true,"href":"https:\/\/aivlisoft.net\/shop\/wp-json\/wp\/v2\/product_cat?post=18170"},{"taxonomy":"product_tag","embeddable":true,"href":"https:\/\/aivlisoft.net\/shop\/wp-json\/wp\/v2\/product_tag?post=18170"}],"curies":[{"name":"wp","href":"https:\/\/api.w.org\/{rel}","templated":true}]}}