{"id":18158,"date":"2025-01-13T15:19:27","date_gmt":"2025-01-13T15:19:27","guid":{"rendered":"https:\/\/aivlisoft.com\/?post_type=product&#038;p=18158"},"modified":"2025-01-14T20:20:03","modified_gmt":"2025-01-14T20:20:03","slug":"tp-link-archer-t4u-plus-tarjet-red-wifi-ac1300-usb","status":"publish","type":"product","link":"https:\/\/aivlisoft.net\/shop\/producto\/tp-link-archer-t4u-plus-tarjet-red-wifi-ac1300-usb\/","title":{"rendered":"TP-LINK Archer T4U Plus Tarjet Red WiFi AC1300 USB"},"content":{"rendered":"<p><strong><\/strong><\/p>\n<table>\n<tbody>\n<tr>\n<td><strong>Marca<\/strong><\/td>\n<td>TP-Link<\/td>\n<\/tr>\n<tr>\n<td><strong>Modelo<\/strong><\/td>\n<td><strong>Archer T4U Plus<\/strong><\/td>\n<\/tr>\n<tr>\n<td><strong>Caracter&iacute;sticas<\/strong><\/td>\n<td><strong>Hardware<br \/><\/strong>&#8211; Interfaz: USB 3.0<br \/>&#8211; LED: Estado<br \/>&#8211; Dimensiones: 84 &times; 156.3 &times; 19.2 mm<br \/>&#8211; Antenas: 2 antenas externas de alta ganancia de 5 dBi<strong><\/strong><br \/><strong>Inal&aacute;mbricas<\/strong><br \/>&#8211; Est&aacute;ndares Inal&aacute;mbricos<br \/>&nbsp; IEEE 802.11b\/g\/n 2.4 GHz, IEEE 802.11a\/n\/ac 5 GHz<br \/>&#8211; Tasa de Se&ntilde;al<br \/>&nbsp; 5 GHz:<br \/>&nbsp; 11ac: hasta 867 Mbps (din&aacute;mico)<br \/>&nbsp; 11n: hasta 300 Mbps (din&aacute;mico)<br \/>&nbsp; 11a: hasta 54 Mbps (din&aacute;mico)<br \/>&nbsp; 2,4 GHz:<br \/>&nbsp; 11n: hasta 400 Mbps (din&aacute;mico)<br \/>&nbsp; 11g: hasta 54 Mbps (din&aacute;mico)<br \/>&nbsp; 11b: hasta 11 Mbps (din&aacute;mico)<br \/>&#8211; Sensibilidad de Recepci&oacute;n<br \/>&nbsp; 5 GHz:<br \/>&nbsp; 11ac VHT80: -62dBm<br \/>&nbsp; 11ac VHT40: -65dBm<br \/>&nbsp; 11ac VHT20: -69dBm<br \/>&nbsp; 11n HT40: -71dBm<br \/>&nbsp; 11n HT20: -74dBm<br \/>&nbsp; 11a 54Mbps: -77dBm<br \/>&nbsp; 2.4 GHz:<br \/>&nbsp; 11n HT40: -70dBm<br \/>&nbsp; 11n HT20: -72dBm<br \/>&nbsp; 11g 54Mbps: -75dBm<br \/>&nbsp; 11b 11Mbps: -87dBm<br \/>&#8211; Potencia de Transmisi&oacute;n<br \/>&nbsp; 5 GHz: 20dBm (FCC) \/ 20dBm (CE) (EIRP)<br \/>&nbsp; 2,4 GHz: 18dBm (FCC) \/ 18dBm (CE) (EIRP)<br \/>&#8211; Modos Inal&aacute;mbricos: Modo de infraestructura<br \/>&#8211; Seguridad Inal&aacute;mbrica: WEP, WPA\/WPA2, WPA-PSK\/WPA2-PSK<br \/><strong>Certificaciones<\/strong><br \/>&#8211; Certificaciones: CE, FCC, RoHS<br \/><strong>Requisitos del sistema<br \/><\/strong>&#8211; Windows 10 \/ 8.1 \/ 8\/7<br \/>&#8211; Mac OS<strong><br \/>Caracter&iacute;sticas ambientales<\/strong><br \/>&#8211; Temperatura de funcionamiento: 0&ordm;C ~ 40&ordm;C<br \/>&#8211; Humedad de funcionamiento: 10% ~ 90% sin condensaci&oacute;n<br \/>&#8211; Humedad de almacenamiento: 5% ~ 90% sin condensaci&oacute;n<strong><br \/>Contenido<\/strong><br \/>&#8211; Adaptador USB inal&aacute;mbrico: AC1300 Archer T4U Plus<br \/>&#8211; Gu&iacute;a de Instalaci&oacute;n R&aacute;pida<br \/>&#8211; CD de recursos<br \/>&#8211; Cable USB 3.0 de 1 metro<\/td>\n<\/tr>\n<tr>\n<td><strong>Fecha de revisi&oacute;n<\/strong><\/td>\n<td>06-11-2020 por MPM<\/td>\n<\/tr>\n<\/tbody>\n<\/table>\n","protected":false},"excerpt":{"rendered":"<p>Marca TP-Link Modelo Archer T4U Plus Caracter&iacute;sticas Hardware&#8211; Interfaz: USB 3.0&#8211; LED: Estado&#8211; Dimensiones: 84 &times; 156.3 &times; 19.2 mm&#8211; Antenas: 2 antenas externas de alta ganancia de 5 dBiInal&aacute;mbricas&#8211; Est&aacute;ndares Inal&aacute;mbricos&nbsp; IEEE 802.11b\/g\/n 2.4 GHz, IEEE 802.11a\/n\/ac 5 GHz&#8211; Tasa de Se&ntilde;al&nbsp; 5 GHz:&nbsp; 11ac: hasta 867 Mbps (din&aacute;mico)&nbsp; 11n: hasta 300 Mbps (din&aacute;mico)&nbsp;&hellip;&nbsp;<a href=\"https:\/\/aivlisoft.net\/shop\/producto\/tp-link-archer-t4u-plus-tarjet-red-wifi-ac1300-usb\/\" rel=\"bookmark\"><span class=\"screen-reader-text\">TP-LINK Archer T4U Plus Tarjet Red WiFi AC1300 USB<\/span><\/a><\/p>\n","protected":false},"featured_media":18159,"template":"","meta":{"neve_meta_sidebar":"","neve_meta_container":"","neve_meta_enable_content_width":"","neve_meta_content_width":0,"neve_meta_title_alignment":"","neve_meta_author_avatar":"","neve_post_elements_order":"","neve_meta_disable_header":"","neve_meta_disable_footer":"","neve_meta_disable_title":""},"product_brand":[],"product_cat":[15,1399,8705,8702],"product_tag":[6648],"class_list":{"0":"post-18158","1":"product","2":"type-product","3":"status-publish","4":"has-post-thumbnail","6":"product_cat-sin-categorizar","7":"product_cat-accesorios-redes","8":"product_cat-accesorios-redes-wifi","9":"product_cat-herramientasconectores-redes","10":"product_tag-archer-t4u-plus","12":"first","13":"instock","14":"taxable","15":"shipping-taxable","16":"purchasable","17":"product-type-simple"},"yoast_head":"<!-- This site is optimized with the Yoast SEO plugin v26.0 - https:\/\/yoast.com\/wordpress\/plugins\/seo\/ -->\n<title>TP-LINK Archer T4U Plus Tarjet Red WiFi AC1300 USB - Aivlisoft Inform\u00e1tica<\/title>\n<meta name=\"robots\" content=\"index, follow, max-snippet:-1, max-image-preview:large, max-video-preview:-1\" \/>\n<link rel=\"canonical\" href=\"https:\/\/aivlisoft.net\/shop\/producto\/tp-link-archer-t4u-plus-tarjet-red-wifi-ac1300-usb\/\" \/>\n<meta property=\"og:locale\" content=\"es_ES\" \/>\n<meta property=\"og:type\" content=\"article\" \/>\n<meta property=\"og:title\" content=\"TP-LINK Archer T4U Plus Tarjet Red WiFi AC1300 USB - Aivlisoft Inform\u00e1tica\" \/>\n<meta property=\"og:description\" content=\"Marca TP-Link Modelo Archer T4U Plus Caracter&iacute;sticas Hardware&#8211; Interfaz: USB 3.0&#8211; LED: Estado&#8211; Dimensiones: 84 &times; 156.3 &times; 19.2 mm&#8211; Antenas: 2 antenas externas de alta ganancia de 5 dBiInal&aacute;mbricas&#8211; Est&aacute;ndares Inal&aacute;mbricos&nbsp; IEEE 802.11b\/g\/n 2.4 GHz, IEEE 802.11a\/n\/ac 5 GHz&#8211; Tasa de Se&ntilde;al&nbsp; 5 GHz:&nbsp; 11ac: hasta 867 Mbps (din&aacute;mico)&nbsp; 11n: hasta 300 Mbps (din&aacute;mico)&nbsp;&hellip;&nbsp;TP-LINK Archer T4U Plus Tarjet Red WiFi AC1300 USB\" \/>\n<meta property=\"og:url\" content=\"https:\/\/aivlisoft.net\/shop\/producto\/tp-link-archer-t4u-plus-tarjet-red-wifi-ac1300-usb\/\" \/>\n<meta property=\"og:site_name\" content=\"Aivlisoft Inform\u00e1tica\" \/>\n<meta property=\"article:modified_time\" content=\"2025-01-14T20:20:03+00:00\" \/>\n<meta property=\"og:image\" content=\"https:\/\/aivlisoft.net\/shop\/wp-content\/uploads\/2025\/01\/NADAIN0255_800.jpg\" \/>\n\t<meta property=\"og:image:width\" content=\"800\" \/>\n\t<meta property=\"og:image:height\" content=\"800\" \/>\n\t<meta property=\"og:image:type\" content=\"image\/jpeg\" \/>\n<meta name=\"twitter:card\" content=\"summary_large_image\" \/>\n<meta name=\"twitter:label1\" content=\"Tiempo de lectura\" \/>\n\t<meta name=\"twitter:data1\" content=\"1 minuto\" \/>\n<script type=\"application\/ld+json\" class=\"yoast-schema-graph\">{\"@context\":\"https:\/\/schema.org\",\"@graph\":[{\"@type\":\"WebPage\",\"@id\":\"https:\/\/aivlisoft.net\/shop\/producto\/tp-link-archer-t4u-plus-tarjet-red-wifi-ac1300-usb\/\",\"url\":\"https:\/\/aivlisoft.net\/shop\/producto\/tp-link-archer-t4u-plus-tarjet-red-wifi-ac1300-usb\/\",\"name\":\"TP-LINK Archer T4U Plus Tarjet Red WiFi AC1300 USB - Aivlisoft Inform\u00e1tica\",\"isPartOf\":{\"@id\":\"https:\/\/aivlisoft.net\/shop\/#website\"},\"primaryImageOfPage\":{\"@id\":\"https:\/\/aivlisoft.net\/shop\/producto\/tp-link-archer-t4u-plus-tarjet-red-wifi-ac1300-usb\/#primaryimage\"},\"image\":{\"@id\":\"https:\/\/aivlisoft.net\/shop\/producto\/tp-link-archer-t4u-plus-tarjet-red-wifi-ac1300-usb\/#primaryimage\"},\"thumbnailUrl\":\"https:\/\/aivlisoft.net\/shop\/wp-content\/uploads\/2025\/01\/NADAIN0255_800.jpg\",\"datePublished\":\"2025-01-13T15:19:27+00:00\",\"dateModified\":\"2025-01-14T20:20:03+00:00\",\"breadcrumb\":{\"@id\":\"https:\/\/aivlisoft.net\/shop\/producto\/tp-link-archer-t4u-plus-tarjet-red-wifi-ac1300-usb\/#breadcrumb\"},\"inLanguage\":\"es\",\"potentialAction\":[{\"@type\":\"ReadAction\",\"target\":[\"https:\/\/aivlisoft.net\/shop\/producto\/tp-link-archer-t4u-plus-tarjet-red-wifi-ac1300-usb\/\"]}]},{\"@type\":\"ImageObject\",\"inLanguage\":\"es\",\"@id\":\"https:\/\/aivlisoft.net\/shop\/producto\/tp-link-archer-t4u-plus-tarjet-red-wifi-ac1300-usb\/#primaryimage\",\"url\":\"https:\/\/aivlisoft.net\/shop\/wp-content\/uploads\/2025\/01\/NADAIN0255_800.jpg\",\"contentUrl\":\"https:\/\/aivlisoft.net\/shop\/wp-content\/uploads\/2025\/01\/NADAIN0255_800.jpg\",\"width\":800,\"height\":800},{\"@type\":\"BreadcrumbList\",\"@id\":\"https:\/\/aivlisoft.net\/shop\/producto\/tp-link-archer-t4u-plus-tarjet-red-wifi-ac1300-usb\/#breadcrumb\",\"itemListElement\":[{\"@type\":\"ListItem\",\"position\":1,\"name\":\"Portada\",\"item\":\"https:\/\/aivlisoft.net\/shop\/\"},{\"@type\":\"ListItem\",\"position\":2,\"name\":\"Tienda\",\"item\":\"https:\/\/aivlisoft.net\/shop\/tienda\/\"},{\"@type\":\"ListItem\",\"position\":3,\"name\":\"TP-LINK Archer T4U Plus Tarjet Red WiFi AC1300 USB\"}]},{\"@type\":\"WebSite\",\"@id\":\"https:\/\/aivlisoft.net\/shop\/#website\",\"url\":\"https:\/\/aivlisoft.net\/shop\/\",\"name\":\"Aivlisoft Inform\u00e1tica\",\"description\":\"En Aivlisoft Inform\u00e1tica ofrecemos soluciones tecnol\u00f3gicas para empresas: venta de ordenadores, consumibles, perif\u00e9ricos y m\u00e1s. Calidad, atenci\u00f3n personalizada y los mejores precios para tu negocio.\",\"publisher\":{\"@id\":\"https:\/\/aivlisoft.net\/shop\/#organization\"},\"potentialAction\":[{\"@type\":\"SearchAction\",\"target\":{\"@type\":\"EntryPoint\",\"urlTemplate\":\"https:\/\/aivlisoft.net\/shop\/?s={search_term_string}\"},\"query-input\":{\"@type\":\"PropertyValueSpecification\",\"valueRequired\":true,\"valueName\":\"search_term_string\"}}],\"inLanguage\":\"es\"},{\"@type\":\"Organization\",\"@id\":\"https:\/\/aivlisoft.net\/shop\/#organization\",\"name\":\"Aivlisoft Inform\u00e1tica\",\"url\":\"https:\/\/aivlisoft.net\/shop\/\",\"logo\":{\"@type\":\"ImageObject\",\"inLanguage\":\"es\",\"@id\":\"https:\/\/aivlisoft.net\/shop\/#\/schema\/logo\/image\/\",\"url\":\"https:\/\/aivlisoft.net\/shop\/wp-content\/uploads\/2024\/12\/removal.ai_5b848c54-0cdf-4140-95c5-c5536bb7573b-logodef.png\",\"contentUrl\":\"https:\/\/aivlisoft.net\/shop\/wp-content\/uploads\/2024\/12\/removal.ai_5b848c54-0cdf-4140-95c5-c5536bb7573b-logodef.png\",\"width\":484,\"height\":182,\"caption\":\"Aivlisoft Inform\u00e1tica\"},\"image\":{\"@id\":\"https:\/\/aivlisoft.net\/shop\/#\/schema\/logo\/image\/\"}}]}<\/script>\n<!-- \/ Yoast SEO plugin. -->","yoast_head_json":{"title":"TP-LINK Archer T4U Plus Tarjet Red WiFi AC1300 USB - Aivlisoft Inform\u00e1tica","robots":{"index":"index","follow":"follow","max-snippet":"max-snippet:-1","max-image-preview":"max-image-preview:large","max-video-preview":"max-video-preview:-1"},"canonical":"https:\/\/aivlisoft.net\/shop\/producto\/tp-link-archer-t4u-plus-tarjet-red-wifi-ac1300-usb\/","og_locale":"es_ES","og_type":"article","og_title":"TP-LINK Archer T4U Plus Tarjet Red WiFi AC1300 USB - Aivlisoft Inform\u00e1tica","og_description":"Marca TP-Link Modelo Archer T4U Plus Caracter&iacute;sticas Hardware&#8211; Interfaz: USB 3.0&#8211; LED: Estado&#8211; Dimensiones: 84 &times; 156.3 &times; 19.2 mm&#8211; Antenas: 2 antenas externas de alta ganancia de 5 dBiInal&aacute;mbricas&#8211; Est&aacute;ndares Inal&aacute;mbricos&nbsp; IEEE 802.11b\/g\/n 2.4 GHz, IEEE 802.11a\/n\/ac 5 GHz&#8211; Tasa de Se&ntilde;al&nbsp; 5 GHz:&nbsp; 11ac: hasta 867 Mbps (din&aacute;mico)&nbsp; 11n: hasta 300 Mbps (din&aacute;mico)&nbsp;&hellip;&nbsp;TP-LINK Archer T4U Plus Tarjet Red WiFi AC1300 USB","og_url":"https:\/\/aivlisoft.net\/shop\/producto\/tp-link-archer-t4u-plus-tarjet-red-wifi-ac1300-usb\/","og_site_name":"Aivlisoft Inform\u00e1tica","article_modified_time":"2025-01-14T20:20:03+00:00","og_image":[{"width":800,"height":800,"url":"https:\/\/aivlisoft.net\/shop\/wp-content\/uploads\/2025\/01\/NADAIN0255_800.jpg","type":"image\/jpeg"}],"twitter_card":"summary_large_image","twitter_misc":{"Tiempo de lectura":"1 minuto"},"schema":{"@context":"https:\/\/schema.org","@graph":[{"@type":"WebPage","@id":"https:\/\/aivlisoft.net\/shop\/producto\/tp-link-archer-t4u-plus-tarjet-red-wifi-ac1300-usb\/","url":"https:\/\/aivlisoft.net\/shop\/producto\/tp-link-archer-t4u-plus-tarjet-red-wifi-ac1300-usb\/","name":"TP-LINK Archer T4U Plus Tarjet Red WiFi AC1300 USB - Aivlisoft Inform\u00e1tica","isPartOf":{"@id":"https:\/\/aivlisoft.net\/shop\/#website"},"primaryImageOfPage":{"@id":"https:\/\/aivlisoft.net\/shop\/producto\/tp-link-archer-t4u-plus-tarjet-red-wifi-ac1300-usb\/#primaryimage"},"image":{"@id":"https:\/\/aivlisoft.net\/shop\/producto\/tp-link-archer-t4u-plus-tarjet-red-wifi-ac1300-usb\/#primaryimage"},"thumbnailUrl":"https:\/\/aivlisoft.net\/shop\/wp-content\/uploads\/2025\/01\/NADAIN0255_800.jpg","datePublished":"2025-01-13T15:19:27+00:00","dateModified":"2025-01-14T20:20:03+00:00","breadcrumb":{"@id":"https:\/\/aivlisoft.net\/shop\/producto\/tp-link-archer-t4u-plus-tarjet-red-wifi-ac1300-usb\/#breadcrumb"},"inLanguage":"es","potentialAction":[{"@type":"ReadAction","target":["https:\/\/aivlisoft.net\/shop\/producto\/tp-link-archer-t4u-plus-tarjet-red-wifi-ac1300-usb\/"]}]},{"@type":"ImageObject","inLanguage":"es","@id":"https:\/\/aivlisoft.net\/shop\/producto\/tp-link-archer-t4u-plus-tarjet-red-wifi-ac1300-usb\/#primaryimage","url":"https:\/\/aivlisoft.net\/shop\/wp-content\/uploads\/2025\/01\/NADAIN0255_800.jpg","contentUrl":"https:\/\/aivlisoft.net\/shop\/wp-content\/uploads\/2025\/01\/NADAIN0255_800.jpg","width":800,"height":800},{"@type":"BreadcrumbList","@id":"https:\/\/aivlisoft.net\/shop\/producto\/tp-link-archer-t4u-plus-tarjet-red-wifi-ac1300-usb\/#breadcrumb","itemListElement":[{"@type":"ListItem","position":1,"name":"Portada","item":"https:\/\/aivlisoft.net\/shop\/"},{"@type":"ListItem","position":2,"name":"Tienda","item":"https:\/\/aivlisoft.net\/shop\/tienda\/"},{"@type":"ListItem","position":3,"name":"TP-LINK Archer T4U Plus Tarjet Red WiFi AC1300 USB"}]},{"@type":"WebSite","@id":"https:\/\/aivlisoft.net\/shop\/#website","url":"https:\/\/aivlisoft.net\/shop\/","name":"Aivlisoft Inform\u00e1tica","description":"En Aivlisoft Inform\u00e1tica ofrecemos soluciones tecnol\u00f3gicas para empresas: venta de ordenadores, consumibles, perif\u00e9ricos y m\u00e1s. Calidad, atenci\u00f3n personalizada y los mejores precios para tu negocio.","publisher":{"@id":"https:\/\/aivlisoft.net\/shop\/#organization"},"potentialAction":[{"@type":"SearchAction","target":{"@type":"EntryPoint","urlTemplate":"https:\/\/aivlisoft.net\/shop\/?s={search_term_string}"},"query-input":{"@type":"PropertyValueSpecification","valueRequired":true,"valueName":"search_term_string"}}],"inLanguage":"es"},{"@type":"Organization","@id":"https:\/\/aivlisoft.net\/shop\/#organization","name":"Aivlisoft Inform\u00e1tica","url":"https:\/\/aivlisoft.net\/shop\/","logo":{"@type":"ImageObject","inLanguage":"es","@id":"https:\/\/aivlisoft.net\/shop\/#\/schema\/logo\/image\/","url":"https:\/\/aivlisoft.net\/shop\/wp-content\/uploads\/2024\/12\/removal.ai_5b848c54-0cdf-4140-95c5-c5536bb7573b-logodef.png","contentUrl":"https:\/\/aivlisoft.net\/shop\/wp-content\/uploads\/2024\/12\/removal.ai_5b848c54-0cdf-4140-95c5-c5536bb7573b-logodef.png","width":484,"height":182,"caption":"Aivlisoft Inform\u00e1tica"},"image":{"@id":"https:\/\/aivlisoft.net\/shop\/#\/schema\/logo\/image\/"}}]}},"_links":{"self":[{"href":"https:\/\/aivlisoft.net\/shop\/wp-json\/wp\/v2\/product\/18158","targetHints":{"allow":["GET"]}}],"collection":[{"href":"https:\/\/aivlisoft.net\/shop\/wp-json\/wp\/v2\/product"}],"about":[{"href":"https:\/\/aivlisoft.net\/shop\/wp-json\/wp\/v2\/types\/product"}],"wp:featuredmedia":[{"embeddable":true,"href":"https:\/\/aivlisoft.net\/shop\/wp-json\/wp\/v2\/media\/18159"}],"wp:attachment":[{"href":"https:\/\/aivlisoft.net\/shop\/wp-json\/wp\/v2\/media?parent=18158"}],"wp:term":[{"taxonomy":"product_brand","embeddable":true,"href":"https:\/\/aivlisoft.net\/shop\/wp-json\/wp\/v2\/product_brand?post=18158"},{"taxonomy":"product_cat","embeddable":true,"href":"https:\/\/aivlisoft.net\/shop\/wp-json\/wp\/v2\/product_cat?post=18158"},{"taxonomy":"product_tag","embeddable":true,"href":"https:\/\/aivlisoft.net\/shop\/wp-json\/wp\/v2\/product_tag?post=18158"}],"curies":[{"name":"wp","href":"https:\/\/api.w.org\/{rel}","templated":true}]}}