{"id":18153,"date":"2025-01-13T15:19:22","date_gmt":"2025-01-13T15:19:22","guid":{"rendered":"https:\/\/aivlisoft.com\/?post_type=product&#038;p=18153"},"modified":"2025-01-14T20:20:05","modified_gmt":"2025-01-14T20:20:05","slug":"asus-pce-ax3000-tarjeta-red-wifi6-pcie-dual-band","status":"publish","type":"product","link":"https:\/\/aivlisoft.net\/shop\/producto\/asus-pce-ax3000-tarjeta-red-wifi6-pcie-dual-band\/","title":{"rendered":"ASUS PCE-AX3000 Tarjeta Red WiFi6 PCIe Dual Band"},"content":{"rendered":"<p>&#8211; El nuevo est&aacute;ndar Wi-Fi: WiFi 6 (802.11ax) rinde m&aacute;s y consume menos energ&iacute;a.<br \/>&#8211; Conexiones Wi-Fi de alta velocidad: 3000 Mbps para manejar las redes m&aacute;s saturadas.<br \/>&#8211; Tecnolog&iacute;a 802.11ax: Con OFDMA y MU-MIMO, WiFi 6 ofrece unas transmisiones m&aacute;s r&aacute;pidas, estables y eficientes cuando se conectan m&uacute;ltiples dispositivos simult&aacute;neamente.<br \/>&#8211; Bluetooth 5.0 es m&aacute;s r&aacute;pido y llega m&aacute;s lejos: Disfruta de transmisiones Bluetooth el doble de r&aacute;pidas y de un rango hasta 4 veces superior.<br \/>&nbsp;<\/p>\n<table class=\"tabla_caracteristicas k-table\" width=\"100%\">\n<tr>\n<td valign=\"top\"><strong>Marca<\/strong><\/td>\n<td>Asus<\/td>\n<\/tr>\n<tr>\n<td valign=\"top\"><strong>Modelo<\/strong><\/td>\n<td valign=\"top\"><strong>90IG0610-MO0R10<\/strong><\/td>\n<\/tr>\n<tr>\n<td valign=\"top\"><strong>Caracter&iacute;sticas<\/strong><\/td>\n<td>&#8211; Est&aacute;ndar de red: IEEE 802.11 ax, Bluetooth&reg; 5.0<br \/>\t\t\t&#8211; Segmento de producto: AX 3000 (2402Mbps+574Mbps)<br \/>\t\t\t&#8211; Bluetooth: 5.0<br \/>\t\t\t&#8211; Velocidad de transferencia:<br \/>\t\t\t&nbsp; 802.11a : 6,9,12,18,24,36,48,54 Mbps<br \/>\t\t\t&nbsp; 802.11b : 1, 2, 5.5, 11 Mbps<br \/>\t\t\t&nbsp; 802.11g : 6,9,12,18,24,36,48,54 Mbps<br \/>\t\t\t&nbsp; 802.11n: hasta 300 Mbps<br \/>\t\t\t&nbsp; 802.11ac (5GHz) : up to 1733 Mbps<br \/>\t\t\t&nbsp; 802.11ax (2.4GHz) : up to 574 Mbps<br \/>\t\t\t&nbsp; 802.11ax (5GHz) : up to 2402 Mbps<br \/>\t\t\t&#8211; Frecuencia de funcionamiento: 2.4 GHz \/ 5 GHz<br \/>\t\t\t&#8211; Peso: 80 g (s&oacute;lo el dispositivo)<br \/>\t\t\t&#8211; SO compatibles:<br \/>\t\t\t&nbsp; Windows&reg; 10 64-bit<br \/>\t\t\t&nbsp; Linux<\/td>\n<\/tr>\n<tr>\n<td valign=\"top\"><strong>Fecha Revisi&oacute;n<\/strong><\/td>\n<td>06-10-2020 por MSB<\/td>\n<\/tr>\n<\/table>\n","protected":false},"excerpt":{"rendered":"<p>&#8211; El nuevo est&aacute;ndar Wi-Fi: WiFi 6 (802.11ax) rinde m&aacute;s y consume menos energ&iacute;a.&#8211; Conexiones Wi-Fi de alta velocidad: 3000 Mbps para manejar las redes m&aacute;s saturadas.&#8211; Tecnolog&iacute;a 802.11ax: Con OFDMA y MU-MIMO, WiFi 6 ofrece unas transmisiones m&aacute;s r&aacute;pidas, estables y eficientes cuando se conectan m&uacute;ltiples dispositivos simult&aacute;neamente.&#8211; Bluetooth 5.0 es m&aacute;s r&aacute;pido y&hellip;&nbsp;<a href=\"https:\/\/aivlisoft.net\/shop\/producto\/asus-pce-ax3000-tarjeta-red-wifi6-pcie-dual-band\/\" rel=\"bookmark\"><span class=\"screen-reader-text\">ASUS PCE-AX3000 Tarjeta Red WiFi6 PCIe Dual Band<\/span><\/a><\/p>\n","protected":false},"featured_media":18154,"template":"","meta":{"neve_meta_sidebar":"","neve_meta_container":"","neve_meta_enable_content_width":"","neve_meta_content_width":0,"neve_meta_title_alignment":"","neve_meta_author_avatar":"","neve_post_elements_order":"","neve_meta_disable_header":"","neve_meta_disable_footer":"","neve_meta_disable_title":""},"product_brand":[],"product_cat":[15,1399,8705,8702],"product_tag":[6646],"class_list":{"0":"post-18153","1":"product","2":"type-product","3":"status-publish","4":"has-post-thumbnail","6":"product_cat-sin-categorizar","7":"product_cat-accesorios-redes","8":"product_cat-accesorios-redes-wifi","9":"product_cat-herramientasconectores-redes","10":"product_tag-90ig0610-mo0r10","12":"first","13":"instock","14":"taxable","15":"shipping-taxable","16":"purchasable","17":"product-type-simple"},"yoast_head":"<!-- This site is optimized with the Yoast SEO plugin v26.0 - https:\/\/yoast.com\/wordpress\/plugins\/seo\/ -->\n<title>ASUS PCE-AX3000 Tarjeta Red WiFi6 PCIe Dual Band - Aivlisoft Inform\u00e1tica<\/title>\n<meta name=\"robots\" content=\"index, follow, max-snippet:-1, max-image-preview:large, max-video-preview:-1\" \/>\n<link rel=\"canonical\" href=\"https:\/\/aivlisoft.net\/shop\/producto\/asus-pce-ax3000-tarjeta-red-wifi6-pcie-dual-band\/\" \/>\n<meta property=\"og:locale\" content=\"es_ES\" \/>\n<meta property=\"og:type\" content=\"article\" \/>\n<meta property=\"og:title\" content=\"ASUS PCE-AX3000 Tarjeta Red WiFi6 PCIe Dual Band - Aivlisoft Inform\u00e1tica\" \/>\n<meta property=\"og:description\" content=\"&#8211; El nuevo est&aacute;ndar Wi-Fi: WiFi 6 (802.11ax) rinde m&aacute;s y consume menos energ&iacute;a.&#8211; Conexiones Wi-Fi de alta velocidad: 3000 Mbps para manejar las redes m&aacute;s saturadas.&#8211; Tecnolog&iacute;a 802.11ax: Con OFDMA y MU-MIMO, WiFi 6 ofrece unas transmisiones m&aacute;s r&aacute;pidas, estables y eficientes cuando se conectan m&uacute;ltiples dispositivos simult&aacute;neamente.&#8211; Bluetooth 5.0 es m&aacute;s r&aacute;pido y&hellip;&nbsp;ASUS PCE-AX3000 Tarjeta Red WiFi6 PCIe Dual Band\" \/>\n<meta property=\"og:url\" content=\"https:\/\/aivlisoft.net\/shop\/producto\/asus-pce-ax3000-tarjeta-red-wifi6-pcie-dual-band\/\" \/>\n<meta property=\"og:site_name\" content=\"Aivlisoft Inform\u00e1tica\" \/>\n<meta property=\"article:modified_time\" content=\"2025-01-14T20:20:05+00:00\" \/>\n<meta property=\"og:image\" content=\"https:\/\/aivlisoft.net\/shop\/wp-content\/uploads\/2025\/01\/NADAIN0253_800.jpg\" \/>\n\t<meta property=\"og:image:width\" content=\"800\" \/>\n\t<meta property=\"og:image:height\" content=\"800\" \/>\n\t<meta property=\"og:image:type\" content=\"image\/jpeg\" \/>\n<meta name=\"twitter:card\" content=\"summary_large_image\" \/>\n<meta name=\"twitter:label1\" content=\"Tiempo de lectura\" \/>\n\t<meta name=\"twitter:data1\" content=\"1 minuto\" \/>\n<script type=\"application\/ld+json\" class=\"yoast-schema-graph\">{\"@context\":\"https:\/\/schema.org\",\"@graph\":[{\"@type\":\"WebPage\",\"@id\":\"https:\/\/aivlisoft.net\/shop\/producto\/asus-pce-ax3000-tarjeta-red-wifi6-pcie-dual-band\/\",\"url\":\"https:\/\/aivlisoft.net\/shop\/producto\/asus-pce-ax3000-tarjeta-red-wifi6-pcie-dual-band\/\",\"name\":\"ASUS PCE-AX3000 Tarjeta Red WiFi6 PCIe Dual Band - Aivlisoft Inform\u00e1tica\",\"isPartOf\":{\"@id\":\"https:\/\/aivlisoft.net\/shop\/#website\"},\"primaryImageOfPage\":{\"@id\":\"https:\/\/aivlisoft.net\/shop\/producto\/asus-pce-ax3000-tarjeta-red-wifi6-pcie-dual-band\/#primaryimage\"},\"image\":{\"@id\":\"https:\/\/aivlisoft.net\/shop\/producto\/asus-pce-ax3000-tarjeta-red-wifi6-pcie-dual-band\/#primaryimage\"},\"thumbnailUrl\":\"https:\/\/aivlisoft.net\/shop\/wp-content\/uploads\/2025\/01\/NADAIN0253_800.jpg\",\"datePublished\":\"2025-01-13T15:19:22+00:00\",\"dateModified\":\"2025-01-14T20:20:05+00:00\",\"breadcrumb\":{\"@id\":\"https:\/\/aivlisoft.net\/shop\/producto\/asus-pce-ax3000-tarjeta-red-wifi6-pcie-dual-band\/#breadcrumb\"},\"inLanguage\":\"es\",\"potentialAction\":[{\"@type\":\"ReadAction\",\"target\":[\"https:\/\/aivlisoft.net\/shop\/producto\/asus-pce-ax3000-tarjeta-red-wifi6-pcie-dual-band\/\"]}]},{\"@type\":\"ImageObject\",\"inLanguage\":\"es\",\"@id\":\"https:\/\/aivlisoft.net\/shop\/producto\/asus-pce-ax3000-tarjeta-red-wifi6-pcie-dual-band\/#primaryimage\",\"url\":\"https:\/\/aivlisoft.net\/shop\/wp-content\/uploads\/2025\/01\/NADAIN0253_800.jpg\",\"contentUrl\":\"https:\/\/aivlisoft.net\/shop\/wp-content\/uploads\/2025\/01\/NADAIN0253_800.jpg\",\"width\":800,\"height\":800},{\"@type\":\"BreadcrumbList\",\"@id\":\"https:\/\/aivlisoft.net\/shop\/producto\/asus-pce-ax3000-tarjeta-red-wifi6-pcie-dual-band\/#breadcrumb\",\"itemListElement\":[{\"@type\":\"ListItem\",\"position\":1,\"name\":\"Portada\",\"item\":\"https:\/\/aivlisoft.net\/shop\/\"},{\"@type\":\"ListItem\",\"position\":2,\"name\":\"Tienda\",\"item\":\"https:\/\/aivlisoft.net\/shop\/tienda\/\"},{\"@type\":\"ListItem\",\"position\":3,\"name\":\"ASUS PCE-AX3000 Tarjeta Red WiFi6 PCIe Dual Band\"}]},{\"@type\":\"WebSite\",\"@id\":\"https:\/\/aivlisoft.net\/shop\/#website\",\"url\":\"https:\/\/aivlisoft.net\/shop\/\",\"name\":\"Aivlisoft Inform\u00e1tica\",\"description\":\"En Aivlisoft Inform\u00e1tica ofrecemos soluciones tecnol\u00f3gicas para empresas: venta de ordenadores, consumibles, perif\u00e9ricos y m\u00e1s. Calidad, atenci\u00f3n personalizada y los mejores precios para tu negocio.\",\"publisher\":{\"@id\":\"https:\/\/aivlisoft.net\/shop\/#organization\"},\"potentialAction\":[{\"@type\":\"SearchAction\",\"target\":{\"@type\":\"EntryPoint\",\"urlTemplate\":\"https:\/\/aivlisoft.net\/shop\/?s={search_term_string}\"},\"query-input\":{\"@type\":\"PropertyValueSpecification\",\"valueRequired\":true,\"valueName\":\"search_term_string\"}}],\"inLanguage\":\"es\"},{\"@type\":\"Organization\",\"@id\":\"https:\/\/aivlisoft.net\/shop\/#organization\",\"name\":\"Aivlisoft Inform\u00e1tica\",\"url\":\"https:\/\/aivlisoft.net\/shop\/\",\"logo\":{\"@type\":\"ImageObject\",\"inLanguage\":\"es\",\"@id\":\"https:\/\/aivlisoft.net\/shop\/#\/schema\/logo\/image\/\",\"url\":\"https:\/\/aivlisoft.net\/shop\/wp-content\/uploads\/2024\/12\/removal.ai_5b848c54-0cdf-4140-95c5-c5536bb7573b-logodef.png\",\"contentUrl\":\"https:\/\/aivlisoft.net\/shop\/wp-content\/uploads\/2024\/12\/removal.ai_5b848c54-0cdf-4140-95c5-c5536bb7573b-logodef.png\",\"width\":484,\"height\":182,\"caption\":\"Aivlisoft Inform\u00e1tica\"},\"image\":{\"@id\":\"https:\/\/aivlisoft.net\/shop\/#\/schema\/logo\/image\/\"}}]}<\/script>\n<!-- \/ Yoast SEO plugin. -->","yoast_head_json":{"title":"ASUS PCE-AX3000 Tarjeta Red WiFi6 PCIe Dual Band - Aivlisoft Inform\u00e1tica","robots":{"index":"index","follow":"follow","max-snippet":"max-snippet:-1","max-image-preview":"max-image-preview:large","max-video-preview":"max-video-preview:-1"},"canonical":"https:\/\/aivlisoft.net\/shop\/producto\/asus-pce-ax3000-tarjeta-red-wifi6-pcie-dual-band\/","og_locale":"es_ES","og_type":"article","og_title":"ASUS PCE-AX3000 Tarjeta Red WiFi6 PCIe Dual Band - Aivlisoft Inform\u00e1tica","og_description":"&#8211; El nuevo est&aacute;ndar Wi-Fi: WiFi 6 (802.11ax) rinde m&aacute;s y consume menos energ&iacute;a.&#8211; Conexiones Wi-Fi de alta velocidad: 3000 Mbps para manejar las redes m&aacute;s saturadas.&#8211; Tecnolog&iacute;a 802.11ax: Con OFDMA y MU-MIMO, WiFi 6 ofrece unas transmisiones m&aacute;s r&aacute;pidas, estables y eficientes cuando se conectan m&uacute;ltiples dispositivos simult&aacute;neamente.&#8211; Bluetooth 5.0 es m&aacute;s r&aacute;pido y&hellip;&nbsp;ASUS PCE-AX3000 Tarjeta Red WiFi6 PCIe Dual Band","og_url":"https:\/\/aivlisoft.net\/shop\/producto\/asus-pce-ax3000-tarjeta-red-wifi6-pcie-dual-band\/","og_site_name":"Aivlisoft Inform\u00e1tica","article_modified_time":"2025-01-14T20:20:05+00:00","og_image":[{"width":800,"height":800,"url":"https:\/\/aivlisoft.net\/shop\/wp-content\/uploads\/2025\/01\/NADAIN0253_800.jpg","type":"image\/jpeg"}],"twitter_card":"summary_large_image","twitter_misc":{"Tiempo de lectura":"1 minuto"},"schema":{"@context":"https:\/\/schema.org","@graph":[{"@type":"WebPage","@id":"https:\/\/aivlisoft.net\/shop\/producto\/asus-pce-ax3000-tarjeta-red-wifi6-pcie-dual-band\/","url":"https:\/\/aivlisoft.net\/shop\/producto\/asus-pce-ax3000-tarjeta-red-wifi6-pcie-dual-band\/","name":"ASUS PCE-AX3000 Tarjeta Red WiFi6 PCIe Dual Band - Aivlisoft Inform\u00e1tica","isPartOf":{"@id":"https:\/\/aivlisoft.net\/shop\/#website"},"primaryImageOfPage":{"@id":"https:\/\/aivlisoft.net\/shop\/producto\/asus-pce-ax3000-tarjeta-red-wifi6-pcie-dual-band\/#primaryimage"},"image":{"@id":"https:\/\/aivlisoft.net\/shop\/producto\/asus-pce-ax3000-tarjeta-red-wifi6-pcie-dual-band\/#primaryimage"},"thumbnailUrl":"https:\/\/aivlisoft.net\/shop\/wp-content\/uploads\/2025\/01\/NADAIN0253_800.jpg","datePublished":"2025-01-13T15:19:22+00:00","dateModified":"2025-01-14T20:20:05+00:00","breadcrumb":{"@id":"https:\/\/aivlisoft.net\/shop\/producto\/asus-pce-ax3000-tarjeta-red-wifi6-pcie-dual-band\/#breadcrumb"},"inLanguage":"es","potentialAction":[{"@type":"ReadAction","target":["https:\/\/aivlisoft.net\/shop\/producto\/asus-pce-ax3000-tarjeta-red-wifi6-pcie-dual-band\/"]}]},{"@type":"ImageObject","inLanguage":"es","@id":"https:\/\/aivlisoft.net\/shop\/producto\/asus-pce-ax3000-tarjeta-red-wifi6-pcie-dual-band\/#primaryimage","url":"https:\/\/aivlisoft.net\/shop\/wp-content\/uploads\/2025\/01\/NADAIN0253_800.jpg","contentUrl":"https:\/\/aivlisoft.net\/shop\/wp-content\/uploads\/2025\/01\/NADAIN0253_800.jpg","width":800,"height":800},{"@type":"BreadcrumbList","@id":"https:\/\/aivlisoft.net\/shop\/producto\/asus-pce-ax3000-tarjeta-red-wifi6-pcie-dual-band\/#breadcrumb","itemListElement":[{"@type":"ListItem","position":1,"name":"Portada","item":"https:\/\/aivlisoft.net\/shop\/"},{"@type":"ListItem","position":2,"name":"Tienda","item":"https:\/\/aivlisoft.net\/shop\/tienda\/"},{"@type":"ListItem","position":3,"name":"ASUS PCE-AX3000 Tarjeta Red WiFi6 PCIe Dual Band"}]},{"@type":"WebSite","@id":"https:\/\/aivlisoft.net\/shop\/#website","url":"https:\/\/aivlisoft.net\/shop\/","name":"Aivlisoft Inform\u00e1tica","description":"En Aivlisoft Inform\u00e1tica ofrecemos soluciones tecnol\u00f3gicas para empresas: venta de ordenadores, consumibles, perif\u00e9ricos y m\u00e1s. Calidad, atenci\u00f3n personalizada y los mejores precios para tu negocio.","publisher":{"@id":"https:\/\/aivlisoft.net\/shop\/#organization"},"potentialAction":[{"@type":"SearchAction","target":{"@type":"EntryPoint","urlTemplate":"https:\/\/aivlisoft.net\/shop\/?s={search_term_string}"},"query-input":{"@type":"PropertyValueSpecification","valueRequired":true,"valueName":"search_term_string"}}],"inLanguage":"es"},{"@type":"Organization","@id":"https:\/\/aivlisoft.net\/shop\/#organization","name":"Aivlisoft Inform\u00e1tica","url":"https:\/\/aivlisoft.net\/shop\/","logo":{"@type":"ImageObject","inLanguage":"es","@id":"https:\/\/aivlisoft.net\/shop\/#\/schema\/logo\/image\/","url":"https:\/\/aivlisoft.net\/shop\/wp-content\/uploads\/2024\/12\/removal.ai_5b848c54-0cdf-4140-95c5-c5536bb7573b-logodef.png","contentUrl":"https:\/\/aivlisoft.net\/shop\/wp-content\/uploads\/2024\/12\/removal.ai_5b848c54-0cdf-4140-95c5-c5536bb7573b-logodef.png","width":484,"height":182,"caption":"Aivlisoft Inform\u00e1tica"},"image":{"@id":"https:\/\/aivlisoft.net\/shop\/#\/schema\/logo\/image\/"}}]}},"_links":{"self":[{"href":"https:\/\/aivlisoft.net\/shop\/wp-json\/wp\/v2\/product\/18153","targetHints":{"allow":["GET"]}}],"collection":[{"href":"https:\/\/aivlisoft.net\/shop\/wp-json\/wp\/v2\/product"}],"about":[{"href":"https:\/\/aivlisoft.net\/shop\/wp-json\/wp\/v2\/types\/product"}],"wp:featuredmedia":[{"embeddable":true,"href":"https:\/\/aivlisoft.net\/shop\/wp-json\/wp\/v2\/media\/18154"}],"wp:attachment":[{"href":"https:\/\/aivlisoft.net\/shop\/wp-json\/wp\/v2\/media?parent=18153"}],"wp:term":[{"taxonomy":"product_brand","embeddable":true,"href":"https:\/\/aivlisoft.net\/shop\/wp-json\/wp\/v2\/product_brand?post=18153"},{"taxonomy":"product_cat","embeddable":true,"href":"https:\/\/aivlisoft.net\/shop\/wp-json\/wp\/v2\/product_cat?post=18153"},{"taxonomy":"product_tag","embeddable":true,"href":"https:\/\/aivlisoft.net\/shop\/wp-json\/wp\/v2\/product_tag?post=18153"}],"curies":[{"name":"wp","href":"https:\/\/api.w.org\/{rel}","templated":true}]}}