{"id":18145,"date":"2025-01-13T15:19:18","date_gmt":"2025-01-13T15:19:18","guid":{"rendered":"https:\/\/aivlisoft.com\/?post_type=product&#038;p=18145"},"modified":"2025-01-14T20:20:07","modified_gmt":"2025-01-14T20:20:07","slug":"d-link-dwa-181-nano-adaptador-usb-wifi-ac1300-mu-m","status":"publish","type":"product","link":"https:\/\/aivlisoft.net\/shop\/producto\/d-link-dwa-181-nano-adaptador-usb-wifi-ac1300-mu-m\/","title":{"rendered":"D-Link DWA-181 Nano Adaptador USB WiFi AC1300 MU-M"},"content":{"rendered":"<p><strong>Rendimiento total en nano USB.<\/strong><br \/>A&ntilde;ada este adaptador extra peque&ntilde;o y pr&aacute;ctico a cualquier puerto USB de dispositivos como port&aacute;tiles y ordenadores. Lleve el rendimiento Wi-Fi 802.11ac Wave 2, la eficiencia de MU-MIMO y la &uacute;ltima seguridad de red cifrado de 128 bits a cualquier ordenador en un abrir y cerrar de ojos. y tan peque&ntilde;o que no bloquea puertos USB adyacentes<\/p>\n<p><strong>Mejore a una Wi-Fi m&aacute;s r&aacute;pida y m&aacute;s segura.<\/strong><br \/>Con&eacute;ctelo a un puerto USB y obtenga una mejor conexi&oacute;n Wi-Fi. Disfrute de hasta 867 Mbps en la banda de 5 Ghz o hasta 400 Mbps en la banda de 2,4 GHz. Ideal como actualizaci&oacute;n Wi-Fi para dispositivos antiguos que desean conectarse a routers o dispositivos m&aacute;s recientes sin un controlador de interfaz de red inal&aacute;mbrica.<\/p>\n<p><strong>F&aacute;cil de conectar a Internet.<\/strong><br \/>Con la compatibilidad casi universal, puede utilizar el adaptador tanto si dispone de un ordenador con Windows, Mac o Linux*. Solo tiene que conectarlo al puerto USB para realizar una configuraci&oacute;n sin problemas en cuesti&oacute;n de segundos. Disfrute de la conexi&oacute;n a redes Wi-Fi cercanas disponibles exactamente igual que con m&oacute;viles o tabletas Solo tiene que seleccionar la red wifi a la que desea unirse.<\/p>\n<p><strong>Simplicidad en miniatura.<\/strong><br \/>Su peque&ntilde;o dise&ntilde;o, con s&oacute;lo 0,7 cm, le proporciona m&aacute;s espacio, no bloquea puertos adyacentes y no tiene que preocuparse de da&ntilde;ar su puerto USB si viaja con su ordenador port&aacute;til. A&ntilde;ada el acceso WiFi sin antenas voluminosas ni luces intermitentes. Y en formato Mini Mant&eacute;ngalo en el puerto USB sin problemas.<\/p>\n<table class=\"tabla_caracteristicas k-table\" width=\"100%\">\n<tbody>\n<tr>\n<td valign=\"top\"><strong>Marca<\/strong><\/td>\n<td>D-Link<\/td>\n<\/tr>\n<tr>\n<td valign=\"top\"><strong>Modelo<\/strong><\/td>\n<td valign=\"top\"><strong>DWA-121<\/strong><\/td>\n<\/tr>\n<tr>\n<td valign=\"top\"><strong>Caracter&iacute;sticas<\/strong><\/td>\n<td>&#8211; Tipo de dispositivo: adaptador USB Wi-Fi<br \/>&#8211; Interfaz: USB 2.0<br \/>&#8211; Conectividad: AC Wireless<br \/>&nbsp; AC Wave 2 Wireless<br \/>&#8211; Velocidad inal&aacute;mbrica: 400 Mbps 2,4 GHz<br \/>&nbsp; 867 Mbps 5 GHz<br \/>&#8211; Banda dual<br \/>&#8211; MU-MIMO<br \/>&#8211; Tama&ntilde;o ultra compacto<br \/>&#8211; Cifrado de 128 bits<\/td>\n<\/tr>\n<tr>\n<td valign=\"top\"><strong>Fecha de revisi&oacute;n<\/strong><\/td>\n<td>14-08-2020 por MSB<\/td>\n<\/tr>\n<\/tbody>\n<\/table>\n","protected":false},"excerpt":{"rendered":"<p>Rendimiento total en nano USB.A&ntilde;ada este adaptador extra peque&ntilde;o y pr&aacute;ctico a cualquier puerto USB de dispositivos como port&aacute;tiles y ordenadores. Lleve el rendimiento Wi-Fi 802.11ac Wave 2, la eficiencia de MU-MIMO y la &uacute;ltima seguridad de red cifrado de 128 bits a cualquier ordenador en un abrir y cerrar de ojos. y tan peque&ntilde;o&hellip;&nbsp;<a href=\"https:\/\/aivlisoft.net\/shop\/producto\/d-link-dwa-181-nano-adaptador-usb-wifi-ac1300-mu-m\/\" rel=\"bookmark\"><span class=\"screen-reader-text\">D-Link DWA-181 Nano Adaptador USB WiFi AC1300 MU-M<\/span><\/a><\/p>\n","protected":false},"featured_media":18146,"template":"","meta":{"neve_meta_sidebar":"","neve_meta_container":"","neve_meta_enable_content_width":"","neve_meta_content_width":0,"neve_meta_title_alignment":"","neve_meta_author_avatar":"","neve_post_elements_order":"","neve_meta_disable_header":"","neve_meta_disable_footer":"","neve_meta_disable_title":""},"product_brand":[],"product_cat":[15,1399,8705,8702],"product_tag":[6643],"class_list":{"0":"post-18145","1":"product","2":"type-product","3":"status-publish","4":"has-post-thumbnail","6":"product_cat-sin-categorizar","7":"product_cat-accesorios-redes","8":"product_cat-accesorios-redes-wifi","9":"product_cat-herramientasconectores-redes","10":"product_tag-dwa-181","12":"first","13":"instock","14":"taxable","15":"shipping-taxable","16":"purchasable","17":"product-type-simple"},"yoast_head":"<!-- This site is optimized with the Yoast SEO plugin v26.0 - https:\/\/yoast.com\/wordpress\/plugins\/seo\/ -->\n<title>D-Link DWA-181 Nano Adaptador USB WiFi AC1300 MU-M - Aivlisoft Inform\u00e1tica<\/title>\n<meta name=\"robots\" content=\"index, follow, max-snippet:-1, max-image-preview:large, max-video-preview:-1\" \/>\n<link rel=\"canonical\" href=\"https:\/\/aivlisoft.net\/shop\/producto\/d-link-dwa-181-nano-adaptador-usb-wifi-ac1300-mu-m\/\" \/>\n<meta property=\"og:locale\" content=\"es_ES\" \/>\n<meta property=\"og:type\" content=\"article\" \/>\n<meta property=\"og:title\" content=\"D-Link DWA-181 Nano Adaptador USB WiFi AC1300 MU-M - Aivlisoft Inform\u00e1tica\" \/>\n<meta property=\"og:description\" content=\"Rendimiento total en nano USB.A&ntilde;ada este adaptador extra peque&ntilde;o y pr&aacute;ctico a cualquier puerto USB de dispositivos como port&aacute;tiles y ordenadores. Lleve el rendimiento Wi-Fi 802.11ac Wave 2, la eficiencia de MU-MIMO y la &uacute;ltima seguridad de red cifrado de 128 bits a cualquier ordenador en un abrir y cerrar de ojos. y tan peque&ntilde;o&hellip;&nbsp;D-Link DWA-181 Nano Adaptador USB WiFi AC1300 MU-M\" \/>\n<meta property=\"og:url\" content=\"https:\/\/aivlisoft.net\/shop\/producto\/d-link-dwa-181-nano-adaptador-usb-wifi-ac1300-mu-m\/\" \/>\n<meta property=\"og:site_name\" content=\"Aivlisoft Inform\u00e1tica\" \/>\n<meta property=\"article:modified_time\" content=\"2025-01-14T20:20:07+00:00\" \/>\n<meta property=\"og:image\" content=\"https:\/\/aivlisoft.net\/shop\/wp-content\/uploads\/2025\/01\/NADAIN0244_800.jpg\" \/>\n\t<meta property=\"og:image:width\" content=\"800\" \/>\n\t<meta property=\"og:image:height\" content=\"800\" \/>\n\t<meta property=\"og:image:type\" content=\"image\/jpeg\" \/>\n<meta name=\"twitter:card\" content=\"summary_large_image\" \/>\n<meta name=\"twitter:label1\" content=\"Tiempo de lectura\" \/>\n\t<meta name=\"twitter:data1\" content=\"2 minutos\" \/>\n<script type=\"application\/ld+json\" class=\"yoast-schema-graph\">{\"@context\":\"https:\/\/schema.org\",\"@graph\":[{\"@type\":\"WebPage\",\"@id\":\"https:\/\/aivlisoft.net\/shop\/producto\/d-link-dwa-181-nano-adaptador-usb-wifi-ac1300-mu-m\/\",\"url\":\"https:\/\/aivlisoft.net\/shop\/producto\/d-link-dwa-181-nano-adaptador-usb-wifi-ac1300-mu-m\/\",\"name\":\"D-Link DWA-181 Nano Adaptador USB WiFi AC1300 MU-M - Aivlisoft Inform\u00e1tica\",\"isPartOf\":{\"@id\":\"https:\/\/aivlisoft.net\/shop\/#website\"},\"primaryImageOfPage\":{\"@id\":\"https:\/\/aivlisoft.net\/shop\/producto\/d-link-dwa-181-nano-adaptador-usb-wifi-ac1300-mu-m\/#primaryimage\"},\"image\":{\"@id\":\"https:\/\/aivlisoft.net\/shop\/producto\/d-link-dwa-181-nano-adaptador-usb-wifi-ac1300-mu-m\/#primaryimage\"},\"thumbnailUrl\":\"https:\/\/aivlisoft.net\/shop\/wp-content\/uploads\/2025\/01\/NADAIN0244_800.jpg\",\"datePublished\":\"2025-01-13T15:19:18+00:00\",\"dateModified\":\"2025-01-14T20:20:07+00:00\",\"breadcrumb\":{\"@id\":\"https:\/\/aivlisoft.net\/shop\/producto\/d-link-dwa-181-nano-adaptador-usb-wifi-ac1300-mu-m\/#breadcrumb\"},\"inLanguage\":\"es\",\"potentialAction\":[{\"@type\":\"ReadAction\",\"target\":[\"https:\/\/aivlisoft.net\/shop\/producto\/d-link-dwa-181-nano-adaptador-usb-wifi-ac1300-mu-m\/\"]}]},{\"@type\":\"ImageObject\",\"inLanguage\":\"es\",\"@id\":\"https:\/\/aivlisoft.net\/shop\/producto\/d-link-dwa-181-nano-adaptador-usb-wifi-ac1300-mu-m\/#primaryimage\",\"url\":\"https:\/\/aivlisoft.net\/shop\/wp-content\/uploads\/2025\/01\/NADAIN0244_800.jpg\",\"contentUrl\":\"https:\/\/aivlisoft.net\/shop\/wp-content\/uploads\/2025\/01\/NADAIN0244_800.jpg\",\"width\":800,\"height\":800},{\"@type\":\"BreadcrumbList\",\"@id\":\"https:\/\/aivlisoft.net\/shop\/producto\/d-link-dwa-181-nano-adaptador-usb-wifi-ac1300-mu-m\/#breadcrumb\",\"itemListElement\":[{\"@type\":\"ListItem\",\"position\":1,\"name\":\"Portada\",\"item\":\"https:\/\/aivlisoft.net\/shop\/\"},{\"@type\":\"ListItem\",\"position\":2,\"name\":\"Tienda\",\"item\":\"https:\/\/aivlisoft.net\/shop\/tienda\/\"},{\"@type\":\"ListItem\",\"position\":3,\"name\":\"D-Link DWA-181 Nano Adaptador USB WiFi AC1300 MU-M\"}]},{\"@type\":\"WebSite\",\"@id\":\"https:\/\/aivlisoft.net\/shop\/#website\",\"url\":\"https:\/\/aivlisoft.net\/shop\/\",\"name\":\"Aivlisoft Inform\u00e1tica\",\"description\":\"En Aivlisoft Inform\u00e1tica ofrecemos soluciones tecnol\u00f3gicas para empresas: venta de ordenadores, consumibles, perif\u00e9ricos y m\u00e1s. Calidad, atenci\u00f3n personalizada y los mejores precios para tu negocio.\",\"publisher\":{\"@id\":\"https:\/\/aivlisoft.net\/shop\/#organization\"},\"potentialAction\":[{\"@type\":\"SearchAction\",\"target\":{\"@type\":\"EntryPoint\",\"urlTemplate\":\"https:\/\/aivlisoft.net\/shop\/?s={search_term_string}\"},\"query-input\":{\"@type\":\"PropertyValueSpecification\",\"valueRequired\":true,\"valueName\":\"search_term_string\"}}],\"inLanguage\":\"es\"},{\"@type\":\"Organization\",\"@id\":\"https:\/\/aivlisoft.net\/shop\/#organization\",\"name\":\"Aivlisoft Inform\u00e1tica\",\"url\":\"https:\/\/aivlisoft.net\/shop\/\",\"logo\":{\"@type\":\"ImageObject\",\"inLanguage\":\"es\",\"@id\":\"https:\/\/aivlisoft.net\/shop\/#\/schema\/logo\/image\/\",\"url\":\"https:\/\/aivlisoft.net\/shop\/wp-content\/uploads\/2024\/12\/removal.ai_5b848c54-0cdf-4140-95c5-c5536bb7573b-logodef.png\",\"contentUrl\":\"https:\/\/aivlisoft.net\/shop\/wp-content\/uploads\/2024\/12\/removal.ai_5b848c54-0cdf-4140-95c5-c5536bb7573b-logodef.png\",\"width\":484,\"height\":182,\"caption\":\"Aivlisoft Inform\u00e1tica\"},\"image\":{\"@id\":\"https:\/\/aivlisoft.net\/shop\/#\/schema\/logo\/image\/\"}}]}<\/script>\n<!-- \/ Yoast SEO plugin. -->","yoast_head_json":{"title":"D-Link DWA-181 Nano Adaptador USB WiFi AC1300 MU-M - Aivlisoft Inform\u00e1tica","robots":{"index":"index","follow":"follow","max-snippet":"max-snippet:-1","max-image-preview":"max-image-preview:large","max-video-preview":"max-video-preview:-1"},"canonical":"https:\/\/aivlisoft.net\/shop\/producto\/d-link-dwa-181-nano-adaptador-usb-wifi-ac1300-mu-m\/","og_locale":"es_ES","og_type":"article","og_title":"D-Link DWA-181 Nano Adaptador USB WiFi AC1300 MU-M - Aivlisoft Inform\u00e1tica","og_description":"Rendimiento total en nano USB.A&ntilde;ada este adaptador extra peque&ntilde;o y pr&aacute;ctico a cualquier puerto USB de dispositivos como port&aacute;tiles y ordenadores. Lleve el rendimiento Wi-Fi 802.11ac Wave 2, la eficiencia de MU-MIMO y la &uacute;ltima seguridad de red cifrado de 128 bits a cualquier ordenador en un abrir y cerrar de ojos. y tan peque&ntilde;o&hellip;&nbsp;D-Link DWA-181 Nano Adaptador USB WiFi AC1300 MU-M","og_url":"https:\/\/aivlisoft.net\/shop\/producto\/d-link-dwa-181-nano-adaptador-usb-wifi-ac1300-mu-m\/","og_site_name":"Aivlisoft Inform\u00e1tica","article_modified_time":"2025-01-14T20:20:07+00:00","og_image":[{"width":800,"height":800,"url":"https:\/\/aivlisoft.net\/shop\/wp-content\/uploads\/2025\/01\/NADAIN0244_800.jpg","type":"image\/jpeg"}],"twitter_card":"summary_large_image","twitter_misc":{"Tiempo de lectura":"2 minutos"},"schema":{"@context":"https:\/\/schema.org","@graph":[{"@type":"WebPage","@id":"https:\/\/aivlisoft.net\/shop\/producto\/d-link-dwa-181-nano-adaptador-usb-wifi-ac1300-mu-m\/","url":"https:\/\/aivlisoft.net\/shop\/producto\/d-link-dwa-181-nano-adaptador-usb-wifi-ac1300-mu-m\/","name":"D-Link DWA-181 Nano Adaptador USB WiFi AC1300 MU-M - Aivlisoft Inform\u00e1tica","isPartOf":{"@id":"https:\/\/aivlisoft.net\/shop\/#website"},"primaryImageOfPage":{"@id":"https:\/\/aivlisoft.net\/shop\/producto\/d-link-dwa-181-nano-adaptador-usb-wifi-ac1300-mu-m\/#primaryimage"},"image":{"@id":"https:\/\/aivlisoft.net\/shop\/producto\/d-link-dwa-181-nano-adaptador-usb-wifi-ac1300-mu-m\/#primaryimage"},"thumbnailUrl":"https:\/\/aivlisoft.net\/shop\/wp-content\/uploads\/2025\/01\/NADAIN0244_800.jpg","datePublished":"2025-01-13T15:19:18+00:00","dateModified":"2025-01-14T20:20:07+00:00","breadcrumb":{"@id":"https:\/\/aivlisoft.net\/shop\/producto\/d-link-dwa-181-nano-adaptador-usb-wifi-ac1300-mu-m\/#breadcrumb"},"inLanguage":"es","potentialAction":[{"@type":"ReadAction","target":["https:\/\/aivlisoft.net\/shop\/producto\/d-link-dwa-181-nano-adaptador-usb-wifi-ac1300-mu-m\/"]}]},{"@type":"ImageObject","inLanguage":"es","@id":"https:\/\/aivlisoft.net\/shop\/producto\/d-link-dwa-181-nano-adaptador-usb-wifi-ac1300-mu-m\/#primaryimage","url":"https:\/\/aivlisoft.net\/shop\/wp-content\/uploads\/2025\/01\/NADAIN0244_800.jpg","contentUrl":"https:\/\/aivlisoft.net\/shop\/wp-content\/uploads\/2025\/01\/NADAIN0244_800.jpg","width":800,"height":800},{"@type":"BreadcrumbList","@id":"https:\/\/aivlisoft.net\/shop\/producto\/d-link-dwa-181-nano-adaptador-usb-wifi-ac1300-mu-m\/#breadcrumb","itemListElement":[{"@type":"ListItem","position":1,"name":"Portada","item":"https:\/\/aivlisoft.net\/shop\/"},{"@type":"ListItem","position":2,"name":"Tienda","item":"https:\/\/aivlisoft.net\/shop\/tienda\/"},{"@type":"ListItem","position":3,"name":"D-Link DWA-181 Nano Adaptador USB WiFi AC1300 MU-M"}]},{"@type":"WebSite","@id":"https:\/\/aivlisoft.net\/shop\/#website","url":"https:\/\/aivlisoft.net\/shop\/","name":"Aivlisoft Inform\u00e1tica","description":"En Aivlisoft Inform\u00e1tica ofrecemos soluciones tecnol\u00f3gicas para empresas: venta de ordenadores, consumibles, perif\u00e9ricos y m\u00e1s. Calidad, atenci\u00f3n personalizada y los mejores precios para tu negocio.","publisher":{"@id":"https:\/\/aivlisoft.net\/shop\/#organization"},"potentialAction":[{"@type":"SearchAction","target":{"@type":"EntryPoint","urlTemplate":"https:\/\/aivlisoft.net\/shop\/?s={search_term_string}"},"query-input":{"@type":"PropertyValueSpecification","valueRequired":true,"valueName":"search_term_string"}}],"inLanguage":"es"},{"@type":"Organization","@id":"https:\/\/aivlisoft.net\/shop\/#organization","name":"Aivlisoft Inform\u00e1tica","url":"https:\/\/aivlisoft.net\/shop\/","logo":{"@type":"ImageObject","inLanguage":"es","@id":"https:\/\/aivlisoft.net\/shop\/#\/schema\/logo\/image\/","url":"https:\/\/aivlisoft.net\/shop\/wp-content\/uploads\/2024\/12\/removal.ai_5b848c54-0cdf-4140-95c5-c5536bb7573b-logodef.png","contentUrl":"https:\/\/aivlisoft.net\/shop\/wp-content\/uploads\/2024\/12\/removal.ai_5b848c54-0cdf-4140-95c5-c5536bb7573b-logodef.png","width":484,"height":182,"caption":"Aivlisoft Inform\u00e1tica"},"image":{"@id":"https:\/\/aivlisoft.net\/shop\/#\/schema\/logo\/image\/"}}]}},"_links":{"self":[{"href":"https:\/\/aivlisoft.net\/shop\/wp-json\/wp\/v2\/product\/18145","targetHints":{"allow":["GET"]}}],"collection":[{"href":"https:\/\/aivlisoft.net\/shop\/wp-json\/wp\/v2\/product"}],"about":[{"href":"https:\/\/aivlisoft.net\/shop\/wp-json\/wp\/v2\/types\/product"}],"wp:featuredmedia":[{"embeddable":true,"href":"https:\/\/aivlisoft.net\/shop\/wp-json\/wp\/v2\/media\/18146"}],"wp:attachment":[{"href":"https:\/\/aivlisoft.net\/shop\/wp-json\/wp\/v2\/media?parent=18145"}],"wp:term":[{"taxonomy":"product_brand","embeddable":true,"href":"https:\/\/aivlisoft.net\/shop\/wp-json\/wp\/v2\/product_brand?post=18145"},{"taxonomy":"product_cat","embeddable":true,"href":"https:\/\/aivlisoft.net\/shop\/wp-json\/wp\/v2\/product_cat?post=18145"},{"taxonomy":"product_tag","embeddable":true,"href":"https:\/\/aivlisoft.net\/shop\/wp-json\/wp\/v2\/product_tag?post=18145"}],"curies":[{"name":"wp","href":"https:\/\/api.w.org\/{rel}","templated":true}]}}