{"id":18122,"date":"2025-01-13T15:19:05","date_gmt":"2025-01-13T15:19:05","guid":{"rendered":"https:\/\/aivlisoft.com\/?post_type=product&#038;p=18122"},"modified":"2025-01-14T20:20:11","modified_gmt":"2025-01-14T20:20:11","slug":"fritz-dect-210-enchufe-inteligente","status":"publish","type":"product","link":"https:\/\/aivlisoft.net\/shop\/producto\/fritz-dect-210-enchufe-inteligente\/","title":{"rendered":"FRITZ! DECT 210 Enchufe Inteligente"},"content":{"rendered":"<p><strong>El enchufe inteligente para casa y jard&iacute;n<\/strong><br \/>Con el FRITZ!DECT 210 podr&aacute; activar la alimentaci&oacute;n de energ&iacute;a de los dispositivos conectados, as&iacute; como medir, registrar y analizar los datos sobre el consumo de energ&iacute;a. La conexi&oacute;n con la red dom&eacute;stica tiene lugar de forma segura con el est&aacute;ndar DECT. &iexcl;Adem&aacute;s, gracias al sistema de protecci&oacute;n contra salpicaduras, el enchufe inteligente tambi&eacute;n es adecuado para su uso en el ba&ntilde;o y el jard&iacute;n!<\/p>\n<p><strong>Dom&oacute;tica en el jard&iacute;n<\/strong><br \/>Con el FRITZ!DECT 210 disfrutar&aacute; de las funciones de dom&oacute;tica tambi&eacute;n en su jard&iacute;n: acceda a la toma de corriente desde la FRITZ!App Fon, el ordenador, la tablet o el smartphone. Por supuesto, tambi&eacute;n funciona de forma remota a trav&eacute;s de Internet o de la aplicaci&oacute;n gratuita MyFRITZ!App. De este modo, con el encendido autom&aacute;tico tendr&aacute; todo a la vista y siempre el m&aacute;ximo control: configure programas de encendido y apagado para una sola vez, diarios, semanales o programe el encendido aleatorio.<\/p>\n<p><strong>Captaci&oacute;n de energ&iacute;a y protecci&oacute;n contra salpicaduras<\/strong><br \/>El FRITZ!DECT 210, que cuenta con un sistema de protecci&oacute;n contra salpicaduras, est&aacute; perfectamente equipado para su uso en exteriores. Ni las gotas de lluvia ni las variaciones de temperatura extremas pueden hacer da&ntilde;o a esta toma de corriente: entre -20&deg; y +40&deg; C, el FRITZ!DECT 210 le prestar&aacute; sus funciones fielmente. Una de ellas es la captaci&oacute;n de energ&iacute;a de los usuarios conectados: se acabaron los devoradores de energ&iacute;a.<\/p>\n<p><strong>Toda la informaci&oacute;n ahora tambi&eacute;n por correo electr&oacute;nico.<\/strong><br \/>Si desea tener control sobre sus usuarios dom&eacute;sticos cuando no est&eacute; en casa, puede configurar de forma sencilla que el FRITZ!Box le env&iacute;e una notificaci&oacute;n con los datos de consumo energ&eacute;tico. De este modo, recibir&aacute; peri&oacute;dicamente toda su informaci&oacute;n, como el voltaje de la corriente o el estado de conexi&oacute;n de sus dispositivos, por correo electr&oacute;nico.<\/p>\n<p><strong>&iexcl;Listo en un segundo!<\/strong><br \/>Iniciar el FRITZ!DECT 210 no puede ser m&aacute;s f&aacute;cil: con solo presionar el bot&oacute;n DECT de su FRITZ!Box estar&aacute; vinculando su toma de corriente inteligente en la red dom&eacute;stica. En la interfaz de usuario del FRITZ!Box podr&aacute; ajustar las diferentes opciones de configuraci&oacute;n con toda la comodidad.<br \/>&nbsp;<\/p>\n<table class=\"tabla_caracteristicas\" width=\"100%\">\n<tr>\n<td><strong>Marca<\/strong><\/td>\n<td>FRITZ!<\/td>\n<\/tr>\n<tr>\n<td><strong>Modelo<\/strong><\/td>\n<td><strong>20002757<\/strong><\/td>\n<\/tr>\n<tr>\n<td><strong>Funciones especiales<\/strong><\/td>\n<td>&#8211; Activa autom&aacute;tica o manualmente el suministro de energ&iacute;a de los dispositivos conectados (con un consumo de hasta 3.450 vatios).<br \/>\t\t\t&#8211; Tapa de protecci&oacute;n contra salpicaduras para uso exterior (clase IP44).<br \/>\t\t\t&nbsp; La protecci&oacute;n contra salpicaduras IPx4 solo se da si los componentes involucrados, el enchufe y la toma de corriente tienen la misma clase de protecci&oacute;n (IPx4).<br \/>\t\t\t&#8211; Permite el uso en casi cualquier toma.<br \/>\t\t\t&#8211; Conexi&oacute;n con doble cable: conductor fase (L) y neutro (N).<br \/>\t\t\t&#8211; Activaci&oacute;n manual a trav&eacute;s del bot&oacute;n del actuador o a trav&eacute;s del FRITZ!Fon, desde el ordenador, el smartphone o la tablet a trav&eacute;s<br \/>\t\t\t&nbsp; de la interfaz de usuario del FRITZ!Box o a trav&eacute;s de MyFRITZ!App (de forma local o a trav&eacute;s de Internet).<br \/>\t\t\t&#8211; Encendido autom&aacute;tico: una sola vez, diariamente, semanalmente, de forma peri&oacute;dica, al azar, cuenta atr&aacute;s, seg&uacute;n el modo nocturno en funci&oacute;n de la hora del amanecer<br \/>\t\t\t&nbsp; y la puesta de sol o mediante el cambio al modo de espera desde el calendario de Google, activaci&oacute;n por sonido (p. ej., palmadas o golpes).<br \/>\t\t\t&#8211; Permite medir el consumo de energ&iacute;a, guardar datos y ahorrar costes.<br \/>\t\t\t&#8211; Evaluaci&oacute;n del voltaje de corriente (potencia activa), as&iacute; como de la tensi&oacute;n real en voltios y la energ&iacute;a, el consumo diario, mensual y anual en kWh, euros, y tambi&eacute;n seg&uacute;n las emisiones de CO2.<br \/>\t\t\t&#8211; Sensores de temperatura y de sonido integrados.<br \/>\t\t\t&#8211; Registro de la variaci&oacute;n de temperatura en las &uacute;ltimas 24 h.<br \/>\t\t\t&#8211; Visualizaci&oacute;n de la potencia actual y de la temperatura. Activaci&oacute;n a trav&eacute;s del FRITZ!Fon, la interfaz de usuario del FRITZ!Box o MyFRITZ!App.<br \/>\t\t\t&#8211; Funci&oacute;n de notificaciones: toda la informaci&oacute;n, como el voltaje de la energ&iacute;a consumida o el estado de conexi&oacute;n, por correo electr&oacute;nico,<br \/>\t\t\t&nbsp; incluidos los datos de consumo como adjunto en formato CSV.<br \/>\t\t\t&#8211; Configuraci&oacute;n confortable con FRITZ!Box.<br \/>\t\t\t&#8211; Control desde el ordenador, el port&aacute;til o la tablet. Incluso se puede manejar a trav&eacute;s de Internet.<br \/>\t\t\t&#8211; Encendido controlado por un programa en el punto cero.<br \/>\t\t\t&#8211; Alcance de la red: hasta 300 metros al aire libre y hasta 40 metros en el interior.<br \/>\t\t\t&#8211; Conexi&oacute;n v&iacute;a DECT a la red dom&eacute;stica: cifrado desde la f&aacute;brica.<br \/>\t\t\t&#8211; Las actualizaciones gratuitas a&ntilde;aden nuevas funciones.<\/td>\n<\/tr>\n<tr>\n<td><strong>Caracter&iacute;sticas<\/strong><\/td>\n<td><strong>F&iacute;sicas<\/strong><br \/>\t\t\t&#8211; Dimensiones (A x A x P): 65 x 36 x 127 mm (sin enchufe).<br \/>\t\t\t&#8211; Peso: 207 g.<br \/>\t\t\t&#8211; Consumo m&aacute;ximo de energ&iacute;a: aprox. 1,5 vatios.<br \/>\t\t\t&#8211; Consumo de energ&iacute;a en modo de espera: aprox. 0,4 vatios.<br \/>\t\t\t&#8211; Precisi&oacute;n: +\/- 100mW (hasta 5 vatios) o +\/- 2 % (a partir de 5 vatios).<br \/>\t\t\t<strong>Requerimientos del sistema<\/strong><br \/>\t\t\t&#8211; Una toma de corriente de 230 voltios.<br \/>\t\t\t&#8211; FRITZ!Box con DECT (con excepci&oacute;n de los modelos FRITZ!Box 7312\/7412), FRITZ!OS a partir de la versi&oacute;n 6.83<br \/>\t\t\t<strong>Contenido<\/strong><br \/>\t\t\t&#8211; FRITZ!DECT 210.<br \/>\t\t\t&#8211; Gu&iacute;a r&aacute;pida de instalaci&oacute;n.<\/td>\n<\/tr>\n<tr>\n<td><strong>Fecha de revisi&oacute;n<\/strong><\/td>\n<td>25-05-2022 por MPM<\/td>\n<\/tr>\n<\/table>\n","protected":false},"excerpt":{"rendered":"<p>El enchufe inteligente para casa y jard&iacute;nCon el FRITZ!DECT 210 podr&aacute; activar la alimentaci&oacute;n de energ&iacute;a de los dispositivos conectados, as&iacute; como medir, registrar y analizar los datos sobre el consumo de energ&iacute;a. La conexi&oacute;n con la red dom&eacute;stica tiene lugar de forma segura con el est&aacute;ndar DECT. &iexcl;Adem&aacute;s, gracias al sistema de protecci&oacute;n contra&hellip;&nbsp;<a href=\"https:\/\/aivlisoft.net\/shop\/producto\/fritz-dect-210-enchufe-inteligente\/\" rel=\"bookmark\"><span class=\"screen-reader-text\">FRITZ! DECT 210 Enchufe Inteligente<\/span><\/a><\/p>\n","protected":false},"featured_media":18123,"template":"","meta":{"neve_meta_sidebar":"","neve_meta_container":"","neve_meta_enable_content_width":"","neve_meta_content_width":0,"neve_meta_title_alignment":"","neve_meta_author_avatar":"","neve_post_elements_order":"","neve_meta_disable_header":"","neve_meta_disable_footer":"","neve_meta_disable_title":""},"product_brand":[],"product_cat":[15,1399,8705,8702],"product_tag":[6637],"class_list":{"0":"post-18122","1":"product","2":"type-product","3":"status-publish","4":"has-post-thumbnail","6":"product_cat-sin-categorizar","7":"product_cat-accesorios-redes","8":"product_cat-accesorios-redes-wifi","9":"product_cat-herramientasconectores-redes","10":"product_tag-6637","12":"first","13":"instock","14":"taxable","15":"shipping-taxable","16":"purchasable","17":"product-type-simple"},"yoast_head":"<!-- This site is optimized with the Yoast SEO plugin v26.0 - https:\/\/yoast.com\/wordpress\/plugins\/seo\/ -->\n<title>FRITZ! DECT 210 Enchufe Inteligente - Aivlisoft Inform\u00e1tica<\/title>\n<meta name=\"robots\" content=\"index, follow, max-snippet:-1, max-image-preview:large, max-video-preview:-1\" \/>\n<link rel=\"canonical\" href=\"https:\/\/aivlisoft.net\/shop\/producto\/fritz-dect-210-enchufe-inteligente\/\" \/>\n<meta property=\"og:locale\" content=\"es_ES\" \/>\n<meta property=\"og:type\" content=\"article\" \/>\n<meta property=\"og:title\" content=\"FRITZ! DECT 210 Enchufe Inteligente - Aivlisoft Inform\u00e1tica\" \/>\n<meta property=\"og:description\" content=\"El enchufe inteligente para casa y jard&iacute;nCon el FRITZ!DECT 210 podr&aacute; activar la alimentaci&oacute;n de energ&iacute;a de los dispositivos conectados, as&iacute; como medir, registrar y analizar los datos sobre el consumo de energ&iacute;a. La conexi&oacute;n con la red dom&eacute;stica tiene lugar de forma segura con el est&aacute;ndar DECT. &iexcl;Adem&aacute;s, gracias al sistema de protecci&oacute;n contra&hellip;&nbsp;FRITZ! DECT 210 Enchufe Inteligente\" \/>\n<meta property=\"og:url\" content=\"https:\/\/aivlisoft.net\/shop\/producto\/fritz-dect-210-enchufe-inteligente\/\" \/>\n<meta property=\"og:site_name\" content=\"Aivlisoft Inform\u00e1tica\" \/>\n<meta property=\"article:modified_time\" content=\"2025-01-14T20:20:11+00:00\" \/>\n<meta property=\"og:image\" content=\"https:\/\/aivlisoft.net\/shop\/wp-content\/uploads\/2025\/01\/NADAIN0229_800.jpg\" \/>\n\t<meta property=\"og:image:width\" content=\"800\" \/>\n\t<meta property=\"og:image:height\" content=\"800\" \/>\n\t<meta property=\"og:image:type\" content=\"image\/jpeg\" \/>\n<meta name=\"twitter:card\" content=\"summary_large_image\" \/>\n<meta name=\"twitter:label1\" content=\"Tiempo de lectura\" \/>\n\t<meta name=\"twitter:data1\" content=\"5 minutos\" \/>\n<script type=\"application\/ld+json\" class=\"yoast-schema-graph\">{\"@context\":\"https:\/\/schema.org\",\"@graph\":[{\"@type\":\"WebPage\",\"@id\":\"https:\/\/aivlisoft.net\/shop\/producto\/fritz-dect-210-enchufe-inteligente\/\",\"url\":\"https:\/\/aivlisoft.net\/shop\/producto\/fritz-dect-210-enchufe-inteligente\/\",\"name\":\"FRITZ! DECT 210 Enchufe Inteligente - Aivlisoft Inform\u00e1tica\",\"isPartOf\":{\"@id\":\"https:\/\/aivlisoft.net\/shop\/#website\"},\"primaryImageOfPage\":{\"@id\":\"https:\/\/aivlisoft.net\/shop\/producto\/fritz-dect-210-enchufe-inteligente\/#primaryimage\"},\"image\":{\"@id\":\"https:\/\/aivlisoft.net\/shop\/producto\/fritz-dect-210-enchufe-inteligente\/#primaryimage\"},\"thumbnailUrl\":\"https:\/\/aivlisoft.net\/shop\/wp-content\/uploads\/2025\/01\/NADAIN0229_800.jpg\",\"datePublished\":\"2025-01-13T15:19:05+00:00\",\"dateModified\":\"2025-01-14T20:20:11+00:00\",\"breadcrumb\":{\"@id\":\"https:\/\/aivlisoft.net\/shop\/producto\/fritz-dect-210-enchufe-inteligente\/#breadcrumb\"},\"inLanguage\":\"es\",\"potentialAction\":[{\"@type\":\"ReadAction\",\"target\":[\"https:\/\/aivlisoft.net\/shop\/producto\/fritz-dect-210-enchufe-inteligente\/\"]}]},{\"@type\":\"ImageObject\",\"inLanguage\":\"es\",\"@id\":\"https:\/\/aivlisoft.net\/shop\/producto\/fritz-dect-210-enchufe-inteligente\/#primaryimage\",\"url\":\"https:\/\/aivlisoft.net\/shop\/wp-content\/uploads\/2025\/01\/NADAIN0229_800.jpg\",\"contentUrl\":\"https:\/\/aivlisoft.net\/shop\/wp-content\/uploads\/2025\/01\/NADAIN0229_800.jpg\",\"width\":800,\"height\":800},{\"@type\":\"BreadcrumbList\",\"@id\":\"https:\/\/aivlisoft.net\/shop\/producto\/fritz-dect-210-enchufe-inteligente\/#breadcrumb\",\"itemListElement\":[{\"@type\":\"ListItem\",\"position\":1,\"name\":\"Portada\",\"item\":\"https:\/\/aivlisoft.net\/shop\/\"},{\"@type\":\"ListItem\",\"position\":2,\"name\":\"Tienda\",\"item\":\"https:\/\/aivlisoft.net\/shop\/tienda\/\"},{\"@type\":\"ListItem\",\"position\":3,\"name\":\"FRITZ! DECT 210 Enchufe Inteligente\"}]},{\"@type\":\"WebSite\",\"@id\":\"https:\/\/aivlisoft.net\/shop\/#website\",\"url\":\"https:\/\/aivlisoft.net\/shop\/\",\"name\":\"Aivlisoft Inform\u00e1tica\",\"description\":\"En Aivlisoft Inform\u00e1tica ofrecemos soluciones tecnol\u00f3gicas para empresas: venta de ordenadores, consumibles, perif\u00e9ricos y m\u00e1s. Calidad, atenci\u00f3n personalizada y los mejores precios para tu negocio.\",\"publisher\":{\"@id\":\"https:\/\/aivlisoft.net\/shop\/#organization\"},\"potentialAction\":[{\"@type\":\"SearchAction\",\"target\":{\"@type\":\"EntryPoint\",\"urlTemplate\":\"https:\/\/aivlisoft.net\/shop\/?s={search_term_string}\"},\"query-input\":{\"@type\":\"PropertyValueSpecification\",\"valueRequired\":true,\"valueName\":\"search_term_string\"}}],\"inLanguage\":\"es\"},{\"@type\":\"Organization\",\"@id\":\"https:\/\/aivlisoft.net\/shop\/#organization\",\"name\":\"Aivlisoft Inform\u00e1tica\",\"url\":\"https:\/\/aivlisoft.net\/shop\/\",\"logo\":{\"@type\":\"ImageObject\",\"inLanguage\":\"es\",\"@id\":\"https:\/\/aivlisoft.net\/shop\/#\/schema\/logo\/image\/\",\"url\":\"https:\/\/aivlisoft.net\/shop\/wp-content\/uploads\/2024\/12\/removal.ai_5b848c54-0cdf-4140-95c5-c5536bb7573b-logodef.png\",\"contentUrl\":\"https:\/\/aivlisoft.net\/shop\/wp-content\/uploads\/2024\/12\/removal.ai_5b848c54-0cdf-4140-95c5-c5536bb7573b-logodef.png\",\"width\":484,\"height\":182,\"caption\":\"Aivlisoft Inform\u00e1tica\"},\"image\":{\"@id\":\"https:\/\/aivlisoft.net\/shop\/#\/schema\/logo\/image\/\"}}]}<\/script>\n<!-- \/ Yoast SEO plugin. -->","yoast_head_json":{"title":"FRITZ! DECT 210 Enchufe Inteligente - Aivlisoft Inform\u00e1tica","robots":{"index":"index","follow":"follow","max-snippet":"max-snippet:-1","max-image-preview":"max-image-preview:large","max-video-preview":"max-video-preview:-1"},"canonical":"https:\/\/aivlisoft.net\/shop\/producto\/fritz-dect-210-enchufe-inteligente\/","og_locale":"es_ES","og_type":"article","og_title":"FRITZ! DECT 210 Enchufe Inteligente - Aivlisoft Inform\u00e1tica","og_description":"El enchufe inteligente para casa y jard&iacute;nCon el FRITZ!DECT 210 podr&aacute; activar la alimentaci&oacute;n de energ&iacute;a de los dispositivos conectados, as&iacute; como medir, registrar y analizar los datos sobre el consumo de energ&iacute;a. La conexi&oacute;n con la red dom&eacute;stica tiene lugar de forma segura con el est&aacute;ndar DECT. &iexcl;Adem&aacute;s, gracias al sistema de protecci&oacute;n contra&hellip;&nbsp;FRITZ! DECT 210 Enchufe Inteligente","og_url":"https:\/\/aivlisoft.net\/shop\/producto\/fritz-dect-210-enchufe-inteligente\/","og_site_name":"Aivlisoft Inform\u00e1tica","article_modified_time":"2025-01-14T20:20:11+00:00","og_image":[{"width":800,"height":800,"url":"https:\/\/aivlisoft.net\/shop\/wp-content\/uploads\/2025\/01\/NADAIN0229_800.jpg","type":"image\/jpeg"}],"twitter_card":"summary_large_image","twitter_misc":{"Tiempo de lectura":"5 minutos"},"schema":{"@context":"https:\/\/schema.org","@graph":[{"@type":"WebPage","@id":"https:\/\/aivlisoft.net\/shop\/producto\/fritz-dect-210-enchufe-inteligente\/","url":"https:\/\/aivlisoft.net\/shop\/producto\/fritz-dect-210-enchufe-inteligente\/","name":"FRITZ! DECT 210 Enchufe Inteligente - Aivlisoft Inform\u00e1tica","isPartOf":{"@id":"https:\/\/aivlisoft.net\/shop\/#website"},"primaryImageOfPage":{"@id":"https:\/\/aivlisoft.net\/shop\/producto\/fritz-dect-210-enchufe-inteligente\/#primaryimage"},"image":{"@id":"https:\/\/aivlisoft.net\/shop\/producto\/fritz-dect-210-enchufe-inteligente\/#primaryimage"},"thumbnailUrl":"https:\/\/aivlisoft.net\/shop\/wp-content\/uploads\/2025\/01\/NADAIN0229_800.jpg","datePublished":"2025-01-13T15:19:05+00:00","dateModified":"2025-01-14T20:20:11+00:00","breadcrumb":{"@id":"https:\/\/aivlisoft.net\/shop\/producto\/fritz-dect-210-enchufe-inteligente\/#breadcrumb"},"inLanguage":"es","potentialAction":[{"@type":"ReadAction","target":["https:\/\/aivlisoft.net\/shop\/producto\/fritz-dect-210-enchufe-inteligente\/"]}]},{"@type":"ImageObject","inLanguage":"es","@id":"https:\/\/aivlisoft.net\/shop\/producto\/fritz-dect-210-enchufe-inteligente\/#primaryimage","url":"https:\/\/aivlisoft.net\/shop\/wp-content\/uploads\/2025\/01\/NADAIN0229_800.jpg","contentUrl":"https:\/\/aivlisoft.net\/shop\/wp-content\/uploads\/2025\/01\/NADAIN0229_800.jpg","width":800,"height":800},{"@type":"BreadcrumbList","@id":"https:\/\/aivlisoft.net\/shop\/producto\/fritz-dect-210-enchufe-inteligente\/#breadcrumb","itemListElement":[{"@type":"ListItem","position":1,"name":"Portada","item":"https:\/\/aivlisoft.net\/shop\/"},{"@type":"ListItem","position":2,"name":"Tienda","item":"https:\/\/aivlisoft.net\/shop\/tienda\/"},{"@type":"ListItem","position":3,"name":"FRITZ! DECT 210 Enchufe Inteligente"}]},{"@type":"WebSite","@id":"https:\/\/aivlisoft.net\/shop\/#website","url":"https:\/\/aivlisoft.net\/shop\/","name":"Aivlisoft Inform\u00e1tica","description":"En Aivlisoft Inform\u00e1tica ofrecemos soluciones tecnol\u00f3gicas para empresas: venta de ordenadores, consumibles, perif\u00e9ricos y m\u00e1s. Calidad, atenci\u00f3n personalizada y los mejores precios para tu negocio.","publisher":{"@id":"https:\/\/aivlisoft.net\/shop\/#organization"},"potentialAction":[{"@type":"SearchAction","target":{"@type":"EntryPoint","urlTemplate":"https:\/\/aivlisoft.net\/shop\/?s={search_term_string}"},"query-input":{"@type":"PropertyValueSpecification","valueRequired":true,"valueName":"search_term_string"}}],"inLanguage":"es"},{"@type":"Organization","@id":"https:\/\/aivlisoft.net\/shop\/#organization","name":"Aivlisoft Inform\u00e1tica","url":"https:\/\/aivlisoft.net\/shop\/","logo":{"@type":"ImageObject","inLanguage":"es","@id":"https:\/\/aivlisoft.net\/shop\/#\/schema\/logo\/image\/","url":"https:\/\/aivlisoft.net\/shop\/wp-content\/uploads\/2024\/12\/removal.ai_5b848c54-0cdf-4140-95c5-c5536bb7573b-logodef.png","contentUrl":"https:\/\/aivlisoft.net\/shop\/wp-content\/uploads\/2024\/12\/removal.ai_5b848c54-0cdf-4140-95c5-c5536bb7573b-logodef.png","width":484,"height":182,"caption":"Aivlisoft Inform\u00e1tica"},"image":{"@id":"https:\/\/aivlisoft.net\/shop\/#\/schema\/logo\/image\/"}}]}},"_links":{"self":[{"href":"https:\/\/aivlisoft.net\/shop\/wp-json\/wp\/v2\/product\/18122","targetHints":{"allow":["GET"]}}],"collection":[{"href":"https:\/\/aivlisoft.net\/shop\/wp-json\/wp\/v2\/product"}],"about":[{"href":"https:\/\/aivlisoft.net\/shop\/wp-json\/wp\/v2\/types\/product"}],"wp:featuredmedia":[{"embeddable":true,"href":"https:\/\/aivlisoft.net\/shop\/wp-json\/wp\/v2\/media\/18123"}],"wp:attachment":[{"href":"https:\/\/aivlisoft.net\/shop\/wp-json\/wp\/v2\/media?parent=18122"}],"wp:term":[{"taxonomy":"product_brand","embeddable":true,"href":"https:\/\/aivlisoft.net\/shop\/wp-json\/wp\/v2\/product_brand?post=18122"},{"taxonomy":"product_cat","embeddable":true,"href":"https:\/\/aivlisoft.net\/shop\/wp-json\/wp\/v2\/product_cat?post=18122"},{"taxonomy":"product_tag","embeddable":true,"href":"https:\/\/aivlisoft.net\/shop\/wp-json\/wp\/v2\/product_tag?post=18122"}],"curies":[{"name":"wp","href":"https:\/\/api.w.org\/{rel}","templated":true}]}}