{"id":18119,"date":"2025-01-13T15:19:01","date_gmt":"2025-01-13T15:19:01","guid":{"rendered":"https:\/\/aivlisoft.com\/?post_type=product&#038;p=18119"},"modified":"2025-01-14T20:20:12","modified_gmt":"2025-01-14T20:20:12","slug":"fritz-dect-200-enchufe-inteligente","status":"publish","type":"product","link":"https:\/\/aivlisoft.net\/shop\/producto\/fritz-dect-200-enchufe-inteligente\/","title":{"rendered":"FRITZ! DECT 200 Enchufe Inteligente"},"content":{"rendered":"<p><strong>Conexi&oacute;n manual sencilla<\/strong><br \/>Con el FRITZ!DECT 200 puede controlar de manera inteligente el consumo de energ&iacute;a de los dispositivos conectados. Encienda o apague los dispositivos conectados f&aacute;cilmente mediante un bot&oacute;n, a trav&eacute;s del FRITZ!Fon, el ordenador, la tablet o el smartphone. Tambi&eacute;n podr&aacute; conectarlos desde fuera de casa a trav&eacute;s de Internet o nuestra App.<\/p>\n<p><strong>Conexi&oacute;n autom&aacute;tica<\/strong><br \/>Tambi&eacute;n puede conectar cada uno de sus dispositivos en funci&oacute;n de un horario individual. O puede vincular el FRITZ!DECT con su calendario de Google y establecer horarios de conexi&oacute;n fijos. El modo nocturno enciende y apaga el dispositivo en la salida y la puesta de sol respectivamente.<\/p>\n<p><strong>Registro del consumo de energ&iacute;a<\/strong><br \/>El FRITZ!DECT 200 registra el consumo de energ&iacute;a de los dispositivos conectados y visualiza dicha informaci&oacute;n en la interfaz de usuario del FRITZ!Box. Puede configurar el env&iacute;o de una notificaci&oacute;n con los detalles sobre el voltaje de la corriente, el estado de conexi&oacute;n y el consumo.<\/p>\n<p><strong>Mediante DECT en su red dom&eacute;stica<\/strong><br \/>La toma de corriente inteligente se integra en su red dom&eacute;stica a trav&eacute;s del est&aacute;ndar DECT. Adem&aacute;s est&aacute; cifrada de f&aacute;brica. Las diferentes funciones se configuran con facilidad a trav&eacute;s de la interfaz de usuario de su FRITZ!Box.<\/p>\n<p><strong>Peque&ntilde;o y compacto<\/strong><br \/>El FRITZ!DECT 200 se caracteriza por su dise&ntilde;o compacto y puede enchufarse pr&aacute;cticamente en cualquier toma de corriente. De este modo, permite una aplicaci&oacute;n flexible en toda la casa.<\/p>\n<p><strong>Siempre al d&iacute;a gracias a las actualizaciones<\/strong><br \/>Gracias a la funci&oacute;n de actualizaci&oacute;n, la toma de corriente es capaz de memorizar y puede completarse con nuevas funciones.<\/p>\n<p><strong>Medici&oacute;n de la temperatura<\/strong><br \/>El FRITZ!DECT mide autom&aacute;ticamente la temperatura del ambiente alrededor del dispositivo. Puede mantener una visi&oacute;n de todas las temperatura a trav&eacute;s de la interfaz de usuario de FRITZ!Box, a trav&eacute;s de FRITZ!Fon o de MyFRITZ!App (si est&aacute; fuera de casa, con la aplicaci&oacute;n tambi&eacute;n lo podr&aacute; ver).<br \/>&nbsp;<\/p>\n<table class=\"tabla_caracteristicas\" width=\"100%\">\n<tr>\n<td><strong>Marca<\/strong><\/td>\n<td>FRITZ!<\/td>\n<\/tr>\n<tr>\n<td><strong>Modelo<\/strong><\/td>\n<td><strong>20002636<\/strong><\/td>\n<\/tr>\n<tr>\n<td><strong>Caracteristicas<\/strong><\/td>\n<td><strong>Funciones especiales<\/strong><br \/>\t\t\t&#8211; Activa autom&aacute;tica o manualmente el suministro de energ&iacute;a de los dispositivos conectados (con un consumo de hasta 2.300 vatios).<br \/>\t\t\t&#8211; Activaci&oacute;n manual a trav&eacute;s del bot&oacute;n del actuador o a trav&eacute;s del FRITZ!Fon, desde el ordenador, el smartphone o la tablet a trav&eacute;s de la interfaz de usuario del FRITZ!Box o a trav&eacute;s de MyFRITZ!App (de forma local o a trav&eacute;s de Internet).<br \/>\t\t\t&#8211; Encendido autom&aacute;tico: una sola vez, diariamente, semanalmente (140 puntos de encendido libres a la semana), de forma peri&oacute;dica, al azar, cuenta atr&aacute;s, seg&uacute;n el modo nocturno en funci&oacute;n de la hora del amanecer y la puesta de sol o mediante el cambio al modo de espera desde el calendario de Google, activaci&oacute;n por sonido (p. ej., palmadas o golpes).<br \/>\t\t\t&#8211; Mide y almacena los datos del consumo de energ&iacute;a de los dispositivos el&eacute;ctricos conectados.<br \/>\t\t\t&#8211; Evaluaci&oacute;n del voltaje de corriente (potencia activa), as&iacute; como de la tensi&oacute;n real en voltios y la energ&iacute;a, el consumo cada 15 minutos, diario, mensual y anual en kWh, euros, y tambi&eacute;n seg&uacute;n las emisiones de CO2.<br \/>\t\t\t&#8211; Sensores de temperatura y de sonido integrados.<br \/>\t\t\t&#8211; Registro de la variaci&oacute;n de temperatura en las &uacute;ltimas 24 h.<br \/>\t\t\t&#8211; Visualizaci&oacute;n de la potencia actual y de la temperatura. Activaci&oacute;n a trav&eacute;s del FRITZ!Fon, la interfaz de usuario del FRITZ!Box o MyFRITZ!App.<br \/>\t\t\t&#8211; Funci&oacute;n de notificaciones: toda la informaci&oacute;n, como el voltaje de la energ&iacute;a consumida o el estado de conexi&oacute;n, por correo electr&oacute;nico, incluidos los datos de consumo como adjunto en formato CSV.<br \/>\t\t\t&#8211; Configuraci&oacute;n intuitiva en el navegador a trav&eacute;s de la interfaz de usuario del FRITZ!Box.<br \/>\t\t\t&#8211; Control desde el ordenador, el port&aacute;til o la tablet. Incluso se puede manejar a trav&eacute;s de Internet.<br \/>\t\t\t&#8211; Encendido controlado por un programa en el punto cero.<br \/>\t\t\t&#8211; Alcance de la red: hasta 300 metros al aire libre y hasta 40 metros en el interior.<br \/>\t\t\t&#8211; Conexi&oacute;n v&iacute;a DECT a la red dom&eacute;stica: cifrado desde la f&aacute;brica.<br \/>\t\t\t&#8211; Las actualizaciones gratuitas a&ntilde;aden nuevas funciones.<br \/>\t\t\t<strong>Propiedades del dispositivo<\/strong><br \/>\t\t\t&#8211; Dimensiones (A x A x P): 59 x 93 x 41 mm (sin enchufe).<br \/>\t\t\t&#8211; Peso: 135 g.<br \/>\t\t\t&#8211; Consumo m&aacute;ximo de energ&iacute;a: aprox. 1,1 vatios (a partir de FRITZ!OS 6.50).<br \/>\t\t\t&#8211; Consumo de energ&iacute;a en modo de espera: aprox. 0,5 vatios (a partir de FRITZ!OS 6.50).<br \/>\t\t\t&#8211; Precisi&oacute;n: +\/- 100mW (hasta 5 vatios) o +\/- 2 % (a partir de 5 vatios).<br \/>\t\t\t<strong>Requerimientos del sistema<\/strong><br \/>\t\t\t&#8211; Una toma de corriente de 230 voltios.<br \/>\t\t\t&#8211; FRITZ!Box con DECT, FRITZ!OS a partir de la versi&oacute;n 5.50.<br \/>\t\t\tContenido del paquete<br \/>\t\t\t&#8211; FRITZ!DECT 200.<br \/>\t\t\t&#8211; Gu&iacute;a r&aacute;pida de instalaci&oacute;n.<\/td>\n<\/tr>\n<tr>\n<td><strong>Fecha de revisi&oacute;n<\/strong><\/td>\n<td>04-03-2019 por AVN<\/td>\n<\/tr>\n<\/table>\n","protected":false},"excerpt":{"rendered":"<p>Conexi&oacute;n manual sencillaCon el FRITZ!DECT 200 puede controlar de manera inteligente el consumo de energ&iacute;a de los dispositivos conectados. Encienda o apague los dispositivos conectados f&aacute;cilmente mediante un bot&oacute;n, a trav&eacute;s del FRITZ!Fon, el ordenador, la tablet o el smartphone. Tambi&eacute;n podr&aacute; conectarlos desde fuera de casa a trav&eacute;s de Internet o nuestra App. Conexi&oacute;n&hellip;&nbsp;<a href=\"https:\/\/aivlisoft.net\/shop\/producto\/fritz-dect-200-enchufe-inteligente\/\" rel=\"bookmark\"><span class=\"screen-reader-text\">FRITZ! DECT 200 Enchufe Inteligente<\/span><\/a><\/p>\n","protected":false},"featured_media":18120,"template":"","meta":{"neve_meta_sidebar":"","neve_meta_container":"","neve_meta_enable_content_width":"","neve_meta_content_width":0,"neve_meta_title_alignment":"","neve_meta_author_avatar":"","neve_post_elements_order":"","neve_meta_disable_header":"","neve_meta_disable_footer":"","neve_meta_disable_title":""},"product_brand":[],"product_cat":[15,1399,8705,8702],"product_tag":[6636],"class_list":{"0":"post-18119","1":"product","2":"type-product","3":"status-publish","4":"has-post-thumbnail","6":"product_cat-sin-categorizar","7":"product_cat-accesorios-redes","8":"product_cat-accesorios-redes-wifi","9":"product_cat-herramientasconectores-redes","10":"product_tag-6636","12":"first","13":"instock","14":"taxable","15":"shipping-taxable","16":"purchasable","17":"product-type-simple"},"yoast_head":"<!-- This site is optimized with the Yoast SEO plugin v26.0 - https:\/\/yoast.com\/wordpress\/plugins\/seo\/ -->\n<title>FRITZ! DECT 200 Enchufe Inteligente - Aivlisoft Inform\u00e1tica<\/title>\n<meta name=\"robots\" content=\"index, follow, max-snippet:-1, max-image-preview:large, max-video-preview:-1\" \/>\n<link rel=\"canonical\" href=\"https:\/\/aivlisoft.net\/shop\/producto\/fritz-dect-200-enchufe-inteligente\/\" \/>\n<meta property=\"og:locale\" content=\"es_ES\" \/>\n<meta property=\"og:type\" content=\"article\" \/>\n<meta property=\"og:title\" content=\"FRITZ! DECT 200 Enchufe Inteligente - Aivlisoft Inform\u00e1tica\" \/>\n<meta property=\"og:description\" content=\"Conexi&oacute;n manual sencillaCon el FRITZ!DECT 200 puede controlar de manera inteligente el consumo de energ&iacute;a de los dispositivos conectados. Encienda o apague los dispositivos conectados f&aacute;cilmente mediante un bot&oacute;n, a trav&eacute;s del FRITZ!Fon, el ordenador, la tablet o el smartphone. Tambi&eacute;n podr&aacute; conectarlos desde fuera de casa a trav&eacute;s de Internet o nuestra App. Conexi&oacute;n&hellip;&nbsp;FRITZ! DECT 200 Enchufe Inteligente\" \/>\n<meta property=\"og:url\" content=\"https:\/\/aivlisoft.net\/shop\/producto\/fritz-dect-200-enchufe-inteligente\/\" \/>\n<meta property=\"og:site_name\" content=\"Aivlisoft Inform\u00e1tica\" \/>\n<meta property=\"article:modified_time\" content=\"2025-01-14T20:20:12+00:00\" \/>\n<meta property=\"og:image\" content=\"https:\/\/aivlisoft.net\/shop\/wp-content\/uploads\/2025\/01\/NADAIN0227_800.jpg\" \/>\n\t<meta property=\"og:image:width\" content=\"800\" \/>\n\t<meta property=\"og:image:height\" content=\"800\" \/>\n\t<meta property=\"og:image:type\" content=\"image\/jpeg\" \/>\n<meta name=\"twitter:card\" content=\"summary_large_image\" \/>\n<meta name=\"twitter:label1\" content=\"Tiempo de lectura\" \/>\n\t<meta name=\"twitter:data1\" content=\"5 minutos\" \/>\n<script type=\"application\/ld+json\" class=\"yoast-schema-graph\">{\"@context\":\"https:\/\/schema.org\",\"@graph\":[{\"@type\":\"WebPage\",\"@id\":\"https:\/\/aivlisoft.net\/shop\/producto\/fritz-dect-200-enchufe-inteligente\/\",\"url\":\"https:\/\/aivlisoft.net\/shop\/producto\/fritz-dect-200-enchufe-inteligente\/\",\"name\":\"FRITZ! DECT 200 Enchufe Inteligente - Aivlisoft Inform\u00e1tica\",\"isPartOf\":{\"@id\":\"https:\/\/aivlisoft.net\/shop\/#website\"},\"primaryImageOfPage\":{\"@id\":\"https:\/\/aivlisoft.net\/shop\/producto\/fritz-dect-200-enchufe-inteligente\/#primaryimage\"},\"image\":{\"@id\":\"https:\/\/aivlisoft.net\/shop\/producto\/fritz-dect-200-enchufe-inteligente\/#primaryimage\"},\"thumbnailUrl\":\"https:\/\/aivlisoft.net\/shop\/wp-content\/uploads\/2025\/01\/NADAIN0227_800.jpg\",\"datePublished\":\"2025-01-13T15:19:01+00:00\",\"dateModified\":\"2025-01-14T20:20:12+00:00\",\"breadcrumb\":{\"@id\":\"https:\/\/aivlisoft.net\/shop\/producto\/fritz-dect-200-enchufe-inteligente\/#breadcrumb\"},\"inLanguage\":\"es\",\"potentialAction\":[{\"@type\":\"ReadAction\",\"target\":[\"https:\/\/aivlisoft.net\/shop\/producto\/fritz-dect-200-enchufe-inteligente\/\"]}]},{\"@type\":\"ImageObject\",\"inLanguage\":\"es\",\"@id\":\"https:\/\/aivlisoft.net\/shop\/producto\/fritz-dect-200-enchufe-inteligente\/#primaryimage\",\"url\":\"https:\/\/aivlisoft.net\/shop\/wp-content\/uploads\/2025\/01\/NADAIN0227_800.jpg\",\"contentUrl\":\"https:\/\/aivlisoft.net\/shop\/wp-content\/uploads\/2025\/01\/NADAIN0227_800.jpg\",\"width\":800,\"height\":800},{\"@type\":\"BreadcrumbList\",\"@id\":\"https:\/\/aivlisoft.net\/shop\/producto\/fritz-dect-200-enchufe-inteligente\/#breadcrumb\",\"itemListElement\":[{\"@type\":\"ListItem\",\"position\":1,\"name\":\"Portada\",\"item\":\"https:\/\/aivlisoft.net\/shop\/\"},{\"@type\":\"ListItem\",\"position\":2,\"name\":\"Tienda\",\"item\":\"https:\/\/aivlisoft.net\/shop\/tienda\/\"},{\"@type\":\"ListItem\",\"position\":3,\"name\":\"FRITZ! DECT 200 Enchufe Inteligente\"}]},{\"@type\":\"WebSite\",\"@id\":\"https:\/\/aivlisoft.net\/shop\/#website\",\"url\":\"https:\/\/aivlisoft.net\/shop\/\",\"name\":\"Aivlisoft Inform\u00e1tica\",\"description\":\"En Aivlisoft Inform\u00e1tica ofrecemos soluciones tecnol\u00f3gicas para empresas: venta de ordenadores, consumibles, perif\u00e9ricos y m\u00e1s. Calidad, atenci\u00f3n personalizada y los mejores precios para tu negocio.\",\"publisher\":{\"@id\":\"https:\/\/aivlisoft.net\/shop\/#organization\"},\"potentialAction\":[{\"@type\":\"SearchAction\",\"target\":{\"@type\":\"EntryPoint\",\"urlTemplate\":\"https:\/\/aivlisoft.net\/shop\/?s={search_term_string}\"},\"query-input\":{\"@type\":\"PropertyValueSpecification\",\"valueRequired\":true,\"valueName\":\"search_term_string\"}}],\"inLanguage\":\"es\"},{\"@type\":\"Organization\",\"@id\":\"https:\/\/aivlisoft.net\/shop\/#organization\",\"name\":\"Aivlisoft Inform\u00e1tica\",\"url\":\"https:\/\/aivlisoft.net\/shop\/\",\"logo\":{\"@type\":\"ImageObject\",\"inLanguage\":\"es\",\"@id\":\"https:\/\/aivlisoft.net\/shop\/#\/schema\/logo\/image\/\",\"url\":\"https:\/\/aivlisoft.net\/shop\/wp-content\/uploads\/2024\/12\/removal.ai_5b848c54-0cdf-4140-95c5-c5536bb7573b-logodef.png\",\"contentUrl\":\"https:\/\/aivlisoft.net\/shop\/wp-content\/uploads\/2024\/12\/removal.ai_5b848c54-0cdf-4140-95c5-c5536bb7573b-logodef.png\",\"width\":484,\"height\":182,\"caption\":\"Aivlisoft Inform\u00e1tica\"},\"image\":{\"@id\":\"https:\/\/aivlisoft.net\/shop\/#\/schema\/logo\/image\/\"}}]}<\/script>\n<!-- \/ Yoast SEO plugin. -->","yoast_head_json":{"title":"FRITZ! DECT 200 Enchufe Inteligente - Aivlisoft Inform\u00e1tica","robots":{"index":"index","follow":"follow","max-snippet":"max-snippet:-1","max-image-preview":"max-image-preview:large","max-video-preview":"max-video-preview:-1"},"canonical":"https:\/\/aivlisoft.net\/shop\/producto\/fritz-dect-200-enchufe-inteligente\/","og_locale":"es_ES","og_type":"article","og_title":"FRITZ! DECT 200 Enchufe Inteligente - Aivlisoft Inform\u00e1tica","og_description":"Conexi&oacute;n manual sencillaCon el FRITZ!DECT 200 puede controlar de manera inteligente el consumo de energ&iacute;a de los dispositivos conectados. Encienda o apague los dispositivos conectados f&aacute;cilmente mediante un bot&oacute;n, a trav&eacute;s del FRITZ!Fon, el ordenador, la tablet o el smartphone. Tambi&eacute;n podr&aacute; conectarlos desde fuera de casa a trav&eacute;s de Internet o nuestra App. Conexi&oacute;n&hellip;&nbsp;FRITZ! DECT 200 Enchufe Inteligente","og_url":"https:\/\/aivlisoft.net\/shop\/producto\/fritz-dect-200-enchufe-inteligente\/","og_site_name":"Aivlisoft Inform\u00e1tica","article_modified_time":"2025-01-14T20:20:12+00:00","og_image":[{"width":800,"height":800,"url":"https:\/\/aivlisoft.net\/shop\/wp-content\/uploads\/2025\/01\/NADAIN0227_800.jpg","type":"image\/jpeg"}],"twitter_card":"summary_large_image","twitter_misc":{"Tiempo de lectura":"5 minutos"},"schema":{"@context":"https:\/\/schema.org","@graph":[{"@type":"WebPage","@id":"https:\/\/aivlisoft.net\/shop\/producto\/fritz-dect-200-enchufe-inteligente\/","url":"https:\/\/aivlisoft.net\/shop\/producto\/fritz-dect-200-enchufe-inteligente\/","name":"FRITZ! DECT 200 Enchufe Inteligente - Aivlisoft Inform\u00e1tica","isPartOf":{"@id":"https:\/\/aivlisoft.net\/shop\/#website"},"primaryImageOfPage":{"@id":"https:\/\/aivlisoft.net\/shop\/producto\/fritz-dect-200-enchufe-inteligente\/#primaryimage"},"image":{"@id":"https:\/\/aivlisoft.net\/shop\/producto\/fritz-dect-200-enchufe-inteligente\/#primaryimage"},"thumbnailUrl":"https:\/\/aivlisoft.net\/shop\/wp-content\/uploads\/2025\/01\/NADAIN0227_800.jpg","datePublished":"2025-01-13T15:19:01+00:00","dateModified":"2025-01-14T20:20:12+00:00","breadcrumb":{"@id":"https:\/\/aivlisoft.net\/shop\/producto\/fritz-dect-200-enchufe-inteligente\/#breadcrumb"},"inLanguage":"es","potentialAction":[{"@type":"ReadAction","target":["https:\/\/aivlisoft.net\/shop\/producto\/fritz-dect-200-enchufe-inteligente\/"]}]},{"@type":"ImageObject","inLanguage":"es","@id":"https:\/\/aivlisoft.net\/shop\/producto\/fritz-dect-200-enchufe-inteligente\/#primaryimage","url":"https:\/\/aivlisoft.net\/shop\/wp-content\/uploads\/2025\/01\/NADAIN0227_800.jpg","contentUrl":"https:\/\/aivlisoft.net\/shop\/wp-content\/uploads\/2025\/01\/NADAIN0227_800.jpg","width":800,"height":800},{"@type":"BreadcrumbList","@id":"https:\/\/aivlisoft.net\/shop\/producto\/fritz-dect-200-enchufe-inteligente\/#breadcrumb","itemListElement":[{"@type":"ListItem","position":1,"name":"Portada","item":"https:\/\/aivlisoft.net\/shop\/"},{"@type":"ListItem","position":2,"name":"Tienda","item":"https:\/\/aivlisoft.net\/shop\/tienda\/"},{"@type":"ListItem","position":3,"name":"FRITZ! DECT 200 Enchufe Inteligente"}]},{"@type":"WebSite","@id":"https:\/\/aivlisoft.net\/shop\/#website","url":"https:\/\/aivlisoft.net\/shop\/","name":"Aivlisoft Inform\u00e1tica","description":"En Aivlisoft Inform\u00e1tica ofrecemos soluciones tecnol\u00f3gicas para empresas: venta de ordenadores, consumibles, perif\u00e9ricos y m\u00e1s. Calidad, atenci\u00f3n personalizada y los mejores precios para tu negocio.","publisher":{"@id":"https:\/\/aivlisoft.net\/shop\/#organization"},"potentialAction":[{"@type":"SearchAction","target":{"@type":"EntryPoint","urlTemplate":"https:\/\/aivlisoft.net\/shop\/?s={search_term_string}"},"query-input":{"@type":"PropertyValueSpecification","valueRequired":true,"valueName":"search_term_string"}}],"inLanguage":"es"},{"@type":"Organization","@id":"https:\/\/aivlisoft.net\/shop\/#organization","name":"Aivlisoft Inform\u00e1tica","url":"https:\/\/aivlisoft.net\/shop\/","logo":{"@type":"ImageObject","inLanguage":"es","@id":"https:\/\/aivlisoft.net\/shop\/#\/schema\/logo\/image\/","url":"https:\/\/aivlisoft.net\/shop\/wp-content\/uploads\/2024\/12\/removal.ai_5b848c54-0cdf-4140-95c5-c5536bb7573b-logodef.png","contentUrl":"https:\/\/aivlisoft.net\/shop\/wp-content\/uploads\/2024\/12\/removal.ai_5b848c54-0cdf-4140-95c5-c5536bb7573b-logodef.png","width":484,"height":182,"caption":"Aivlisoft Inform\u00e1tica"},"image":{"@id":"https:\/\/aivlisoft.net\/shop\/#\/schema\/logo\/image\/"}}]}},"_links":{"self":[{"href":"https:\/\/aivlisoft.net\/shop\/wp-json\/wp\/v2\/product\/18119","targetHints":{"allow":["GET"]}}],"collection":[{"href":"https:\/\/aivlisoft.net\/shop\/wp-json\/wp\/v2\/product"}],"about":[{"href":"https:\/\/aivlisoft.net\/shop\/wp-json\/wp\/v2\/types\/product"}],"wp:featuredmedia":[{"embeddable":true,"href":"https:\/\/aivlisoft.net\/shop\/wp-json\/wp\/v2\/media\/18120"}],"wp:attachment":[{"href":"https:\/\/aivlisoft.net\/shop\/wp-json\/wp\/v2\/media?parent=18119"}],"wp:term":[{"taxonomy":"product_brand","embeddable":true,"href":"https:\/\/aivlisoft.net\/shop\/wp-json\/wp\/v2\/product_brand?post=18119"},{"taxonomy":"product_cat","embeddable":true,"href":"https:\/\/aivlisoft.net\/shop\/wp-json\/wp\/v2\/product_cat?post=18119"},{"taxonomy":"product_tag","embeddable":true,"href":"https:\/\/aivlisoft.net\/shop\/wp-json\/wp\/v2\/product_tag?post=18119"}],"curies":[{"name":"wp","href":"https:\/\/api.w.org\/{rel}","templated":true}]}}