{"id":18116,"date":"2025-01-13T15:18:59","date_gmt":"2025-01-13T15:18:59","guid":{"rendered":"https:\/\/aivlisoft.com\/?post_type=product&#038;p=18116"},"modified":"2025-01-14T20:20:13","modified_gmt":"2025-01-14T20:20:13","slug":"fritz-wlan-stick-tarjeta-red-wifi-ac860-usb","status":"publish","type":"product","link":"https:\/\/aivlisoft.net\/shop\/producto\/fritz-wlan-stick-tarjeta-red-wifi-ac860-usb\/","title":{"rendered":"FRITZ! WLAN Stick Tarjeta Red WiFi AC860 USB"},"content":{"rendered":"<p><strong>WiFi AC con 866 Mbps<\/strong><br \/>La integraci&oacute;n del nuevo est&aacute;ndar WiFi AC permite al FRITZ!WLAN Stick ofrecer conexiones ultrarr&aacute;pidas con hasta 866 Mbps y un alcance incluso mayor que hasta el momento.<\/p>\n<p><strong>Apropiado para todas las redes inal&aacute;mbricas<\/strong><br \/>El FRITZ!WLAN Stick conecta el ordenador con redes inal&aacute;mbricas de 2,4 o 5 GHz. De esa forma, puede funcionar sin restricciones con todos los routers WiFi convencionales.<\/p>\n<p><strong>Instalaci&oacute;n sencilla en segundos<\/strong><br \/>No se requieren controladores especiales para operar desde el ordenador. Tras introducirlo en el puerto USB, el FRITZ!WLAN Stick se instala de forma totalmente aut&oacute;noma.<\/p>\n<p><strong>Cifrado seguro con WPA2<\/strong><br \/>FRITZ!WLAN Stick domina el est&aacute;ndar seguro WPA2 para el cifrado WiFi. De esta forma, sus datos est&aacute;n protegidos.<\/p>\n<p><strong>Ideal con FRITZ!Box: AVM &quot;Stick &amp; Surf&quot;<\/strong><br \/>Tras insertarlo en el puerto USB de un FRITZ!Box, FRITZ!WLAN Stick se conecta de forma totalmente autom&aacute;tica al ordenador con los ajustes adecuados.<\/p>\n<p><strong>Compatible con WPS<\/strong><br \/>No solo con &quot;Stick &amp; Surf&quot;, FRITZ!WLAN Stick tambi&eacute;n es compatible con el proceso de registro WPS (Wi-Fi Protected Setup). Los dispositivos compatibles con WPS pueden conectarse r&aacute;pidamente entre s&iacute;.<\/p>\n<table class=\"tabla_caracteristicas\" width=\"100%\">\n<tr>\n<td><strong>Marca<\/strong><\/td>\n<td>FRITZ!<\/td>\n<\/tr>\n<tr>\n<td><strong>Modelo<\/strong><\/td>\n<td><strong>20002724<\/strong><\/td>\n<\/tr>\n<tr>\n<td><strong>Caracter&iacute;sticas<\/strong><\/td>\n<td><strong>Funciones especiales<\/strong><br \/>\t\t\t&#8211; Cliente WiFi USB para redes inal&aacute;mbricas.<br \/>\t\t\t&#8211; WiFi 802.11ac hasta 866 Mbps brutos en la banda de 5 GHz.<br \/>\t\t\t&#8211; WiFi 802.11n hasta 300 Mbps brutos en la banda de 2,4 o 5 GHz.<br \/>\t\t\t&#8211; WiFi dual para las bandas de 2,4 GHz o de 5 GHz.<br \/>\t\t\t&#8211; Compatible con 802.11g (54 Mbps) y 802.11b (11 Mbps).<br \/>\t\t\t&#8211; Cifrado seg&uacute;n el sistema WPA2 (802.11i).<br \/>\t\t\t&#8211; Instalaci&oacute;n autom&aacute;tica en Windows 10, 8.1, 7.<br \/>\t\t\t&#8211; Soporta Wi-Fi Protected Setup (WPS).<br \/>\t\t\t&#8211; Programa para la monitorizaci&oacute;n de la conexi&oacute;n y ajuste de la configuraci&oacute;n.<br \/>\t\t\t&#8211; Potencia de transmisi&oacute;n configurable.<br \/>\t\t\t&#8211; 2 indicadores led para visualizar la conexi&oacute;n y la actividad.<br \/>\t\t\t&#8211; Antenas integradas.<br \/>\t\t\t&#8211; Actualizaci&oacute;n gratuita de controladores y software.<br \/>\t\t\t<strong>Red inal&aacute;mbrica segura con la tecnolog&iacute;a &quot;Stick &amp; Surf&quot;<\/strong><br \/>\t\t\t&#8211; Conecte el FRITZ!WLAN Stick al USB host del FRITZ!Box.<br \/>\t\t\t&#8211; Los datos requeridos para asegurar la red se transfieren autom&aacute;ticamente al stick.<br \/>\t\t\t&#8211; Conecte el FRITZ!WLAN Stick al ordenador.<br \/>\t\t\t&#8211; Ahora se podr&aacute; establecer la conexi&oacute;n inal&aacute;mbrica de manera segura, sin tener que realizar ninguna configuraci&oacute;n adicional.<br \/>\t\t\t&#8211; De forma alternativa, se podr&aacute; establecer la conexi&oacute;n con WPS (Wi-Fi Protected Setup) o conectar manualmente los puntos de acceso WiFi mediante la funci&oacute;n &quot;buscar, encontrar y conectar&quot;.<br \/>\t\t\t<strong>Puertos e interfaces<\/strong><br \/>\t\t\t&#8211; Puerto USB conforme con USB 3.0, compatible con USB 2.0.<br \/>\t\t\t&#8211; Redes WiFi 802.11ac (866 Mbps) y 802.11n (300 Mbps).<br \/>\t\t\t&#8211; Banda de frecuencia de 5 GHz con WiFi AC\/N y de 2,4 GHz con WiFi N.<br \/>\t\t\t&#8211; WiFi dual para su uso en 2,4 o 5 GHz.<br \/>\t\t\t<strong>Contenido del paquete<\/strong><br \/>\t\t\t&#8211; FRITZ!WLAN Stick AC 860.<br \/>\t\t\t&#8211; Gu&iacute;a r&aacute;pida de instalaci&oacute;n.<br \/>\t\t\t&#8211; Estaci&oacute;n base USB.<br \/>\t\t\t<strong>Requerimientos del sistema<\/strong><br \/>\t\t\t&#8211; Ordenador o port&aacute;til compatible con Windows.<br \/>\t\t\t&#8211; Puerto USB 3.0 (compatible con USB 2.0, con menor velocidad de transmisi&oacute;n).<br \/>\t\t\t&#8211; Sistema operativo: Windows 10, 8.1, 7 (32 o 64 Bit).<br \/>\t\t\t&#8211; Punto de acceso inal&aacute;mbrico seg&uacute;n IEEE 802.11ac\/n\/g\/b\/a.<\/td>\n<\/tr>\n<tr>\n<td><strong>Fecha de revisi&oacute;n<\/strong><\/td>\n<td>24-05-2022 por MPM<\/td>\n<\/tr>\n<\/table>\n","protected":false},"excerpt":{"rendered":"<p>WiFi AC con 866 MbpsLa integraci&oacute;n del nuevo est&aacute;ndar WiFi AC permite al FRITZ!WLAN Stick ofrecer conexiones ultrarr&aacute;pidas con hasta 866 Mbps y un alcance incluso mayor que hasta el momento. Apropiado para todas las redes inal&aacute;mbricasEl FRITZ!WLAN Stick conecta el ordenador con redes inal&aacute;mbricas de 2,4 o 5 GHz. De esa forma, puede funcionar&hellip;&nbsp;<a href=\"https:\/\/aivlisoft.net\/shop\/producto\/fritz-wlan-stick-tarjeta-red-wifi-ac860-usb\/\" rel=\"bookmark\"><span class=\"screen-reader-text\">FRITZ! WLAN Stick Tarjeta Red WiFi AC860 USB<\/span><\/a><\/p>\n","protected":false},"featured_media":18117,"template":"","meta":{"neve_meta_sidebar":"","neve_meta_container":"","neve_meta_enable_content_width":"","neve_meta_content_width":0,"neve_meta_title_alignment":"","neve_meta_author_avatar":"","neve_post_elements_order":"","neve_meta_disable_header":"","neve_meta_disable_footer":"","neve_meta_disable_title":""},"product_brand":[],"product_cat":[15,1399,8705,8702],"product_tag":[6635],"class_list":{"0":"post-18116","1":"product","2":"type-product","3":"status-publish","4":"has-post-thumbnail","6":"product_cat-sin-categorizar","7":"product_cat-accesorios-redes","8":"product_cat-accesorios-redes-wifi","9":"product_cat-herramientasconectores-redes","10":"product_tag-6635","12":"first","13":"instock","14":"taxable","15":"shipping-taxable","16":"purchasable","17":"product-type-simple"},"yoast_head":"<!-- This site is optimized with the Yoast SEO plugin v26.0 - https:\/\/yoast.com\/wordpress\/plugins\/seo\/ -->\n<title>FRITZ! WLAN Stick Tarjeta Red WiFi AC860 USB - Aivlisoft Inform\u00e1tica<\/title>\n<meta name=\"robots\" content=\"index, follow, max-snippet:-1, max-image-preview:large, max-video-preview:-1\" \/>\n<link rel=\"canonical\" href=\"https:\/\/aivlisoft.net\/shop\/producto\/fritz-wlan-stick-tarjeta-red-wifi-ac860-usb\/\" \/>\n<meta property=\"og:locale\" content=\"es_ES\" \/>\n<meta property=\"og:type\" content=\"article\" \/>\n<meta property=\"og:title\" content=\"FRITZ! WLAN Stick Tarjeta Red WiFi AC860 USB - Aivlisoft Inform\u00e1tica\" \/>\n<meta property=\"og:description\" content=\"WiFi AC con 866 MbpsLa integraci&oacute;n del nuevo est&aacute;ndar WiFi AC permite al FRITZ!WLAN Stick ofrecer conexiones ultrarr&aacute;pidas con hasta 866 Mbps y un alcance incluso mayor que hasta el momento. Apropiado para todas las redes inal&aacute;mbricasEl FRITZ!WLAN Stick conecta el ordenador con redes inal&aacute;mbricas de 2,4 o 5 GHz. De esa forma, puede funcionar&hellip;&nbsp;FRITZ! WLAN Stick Tarjeta Red WiFi AC860 USB\" \/>\n<meta property=\"og:url\" content=\"https:\/\/aivlisoft.net\/shop\/producto\/fritz-wlan-stick-tarjeta-red-wifi-ac860-usb\/\" \/>\n<meta property=\"og:site_name\" content=\"Aivlisoft Inform\u00e1tica\" \/>\n<meta property=\"article:modified_time\" content=\"2025-01-14T20:20:13+00:00\" \/>\n<meta property=\"og:image\" content=\"https:\/\/aivlisoft.net\/shop\/wp-content\/uploads\/2025\/01\/NADAIN0224_800.jpg\" \/>\n\t<meta property=\"og:image:width\" content=\"800\" \/>\n\t<meta property=\"og:image:height\" content=\"800\" \/>\n\t<meta property=\"og:image:type\" content=\"image\/jpeg\" \/>\n<meta name=\"twitter:card\" content=\"summary_large_image\" \/>\n<meta name=\"twitter:label1\" content=\"Tiempo de lectura\" \/>\n\t<meta name=\"twitter:data1\" content=\"3 minutos\" \/>\n<script type=\"application\/ld+json\" class=\"yoast-schema-graph\">{\"@context\":\"https:\/\/schema.org\",\"@graph\":[{\"@type\":\"WebPage\",\"@id\":\"https:\/\/aivlisoft.net\/shop\/producto\/fritz-wlan-stick-tarjeta-red-wifi-ac860-usb\/\",\"url\":\"https:\/\/aivlisoft.net\/shop\/producto\/fritz-wlan-stick-tarjeta-red-wifi-ac860-usb\/\",\"name\":\"FRITZ! WLAN Stick Tarjeta Red WiFi AC860 USB - Aivlisoft Inform\u00e1tica\",\"isPartOf\":{\"@id\":\"https:\/\/aivlisoft.net\/shop\/#website\"},\"primaryImageOfPage\":{\"@id\":\"https:\/\/aivlisoft.net\/shop\/producto\/fritz-wlan-stick-tarjeta-red-wifi-ac860-usb\/#primaryimage\"},\"image\":{\"@id\":\"https:\/\/aivlisoft.net\/shop\/producto\/fritz-wlan-stick-tarjeta-red-wifi-ac860-usb\/#primaryimage\"},\"thumbnailUrl\":\"https:\/\/aivlisoft.net\/shop\/wp-content\/uploads\/2025\/01\/NADAIN0224_800.jpg\",\"datePublished\":\"2025-01-13T15:18:59+00:00\",\"dateModified\":\"2025-01-14T20:20:13+00:00\",\"breadcrumb\":{\"@id\":\"https:\/\/aivlisoft.net\/shop\/producto\/fritz-wlan-stick-tarjeta-red-wifi-ac860-usb\/#breadcrumb\"},\"inLanguage\":\"es\",\"potentialAction\":[{\"@type\":\"ReadAction\",\"target\":[\"https:\/\/aivlisoft.net\/shop\/producto\/fritz-wlan-stick-tarjeta-red-wifi-ac860-usb\/\"]}]},{\"@type\":\"ImageObject\",\"inLanguage\":\"es\",\"@id\":\"https:\/\/aivlisoft.net\/shop\/producto\/fritz-wlan-stick-tarjeta-red-wifi-ac860-usb\/#primaryimage\",\"url\":\"https:\/\/aivlisoft.net\/shop\/wp-content\/uploads\/2025\/01\/NADAIN0224_800.jpg\",\"contentUrl\":\"https:\/\/aivlisoft.net\/shop\/wp-content\/uploads\/2025\/01\/NADAIN0224_800.jpg\",\"width\":800,\"height\":800},{\"@type\":\"BreadcrumbList\",\"@id\":\"https:\/\/aivlisoft.net\/shop\/producto\/fritz-wlan-stick-tarjeta-red-wifi-ac860-usb\/#breadcrumb\",\"itemListElement\":[{\"@type\":\"ListItem\",\"position\":1,\"name\":\"Portada\",\"item\":\"https:\/\/aivlisoft.net\/shop\/\"},{\"@type\":\"ListItem\",\"position\":2,\"name\":\"Tienda\",\"item\":\"https:\/\/aivlisoft.net\/shop\/tienda\/\"},{\"@type\":\"ListItem\",\"position\":3,\"name\":\"FRITZ! WLAN Stick Tarjeta Red WiFi AC860 USB\"}]},{\"@type\":\"WebSite\",\"@id\":\"https:\/\/aivlisoft.net\/shop\/#website\",\"url\":\"https:\/\/aivlisoft.net\/shop\/\",\"name\":\"Aivlisoft Inform\u00e1tica\",\"description\":\"En Aivlisoft Inform\u00e1tica ofrecemos soluciones tecnol\u00f3gicas para empresas: venta de ordenadores, consumibles, perif\u00e9ricos y m\u00e1s. Calidad, atenci\u00f3n personalizada y los mejores precios para tu negocio.\",\"publisher\":{\"@id\":\"https:\/\/aivlisoft.net\/shop\/#organization\"},\"potentialAction\":[{\"@type\":\"SearchAction\",\"target\":{\"@type\":\"EntryPoint\",\"urlTemplate\":\"https:\/\/aivlisoft.net\/shop\/?s={search_term_string}\"},\"query-input\":{\"@type\":\"PropertyValueSpecification\",\"valueRequired\":true,\"valueName\":\"search_term_string\"}}],\"inLanguage\":\"es\"},{\"@type\":\"Organization\",\"@id\":\"https:\/\/aivlisoft.net\/shop\/#organization\",\"name\":\"Aivlisoft Inform\u00e1tica\",\"url\":\"https:\/\/aivlisoft.net\/shop\/\",\"logo\":{\"@type\":\"ImageObject\",\"inLanguage\":\"es\",\"@id\":\"https:\/\/aivlisoft.net\/shop\/#\/schema\/logo\/image\/\",\"url\":\"https:\/\/aivlisoft.net\/shop\/wp-content\/uploads\/2024\/12\/removal.ai_5b848c54-0cdf-4140-95c5-c5536bb7573b-logodef.png\",\"contentUrl\":\"https:\/\/aivlisoft.net\/shop\/wp-content\/uploads\/2024\/12\/removal.ai_5b848c54-0cdf-4140-95c5-c5536bb7573b-logodef.png\",\"width\":484,\"height\":182,\"caption\":\"Aivlisoft Inform\u00e1tica\"},\"image\":{\"@id\":\"https:\/\/aivlisoft.net\/shop\/#\/schema\/logo\/image\/\"}}]}<\/script>\n<!-- \/ Yoast SEO plugin. -->","yoast_head_json":{"title":"FRITZ! WLAN Stick Tarjeta Red WiFi AC860 USB - Aivlisoft Inform\u00e1tica","robots":{"index":"index","follow":"follow","max-snippet":"max-snippet:-1","max-image-preview":"max-image-preview:large","max-video-preview":"max-video-preview:-1"},"canonical":"https:\/\/aivlisoft.net\/shop\/producto\/fritz-wlan-stick-tarjeta-red-wifi-ac860-usb\/","og_locale":"es_ES","og_type":"article","og_title":"FRITZ! WLAN Stick Tarjeta Red WiFi AC860 USB - Aivlisoft Inform\u00e1tica","og_description":"WiFi AC con 866 MbpsLa integraci&oacute;n del nuevo est&aacute;ndar WiFi AC permite al FRITZ!WLAN Stick ofrecer conexiones ultrarr&aacute;pidas con hasta 866 Mbps y un alcance incluso mayor que hasta el momento. Apropiado para todas las redes inal&aacute;mbricasEl FRITZ!WLAN Stick conecta el ordenador con redes inal&aacute;mbricas de 2,4 o 5 GHz. De esa forma, puede funcionar&hellip;&nbsp;FRITZ! WLAN Stick Tarjeta Red WiFi AC860 USB","og_url":"https:\/\/aivlisoft.net\/shop\/producto\/fritz-wlan-stick-tarjeta-red-wifi-ac860-usb\/","og_site_name":"Aivlisoft Inform\u00e1tica","article_modified_time":"2025-01-14T20:20:13+00:00","og_image":[{"width":800,"height":800,"url":"https:\/\/aivlisoft.net\/shop\/wp-content\/uploads\/2025\/01\/NADAIN0224_800.jpg","type":"image\/jpeg"}],"twitter_card":"summary_large_image","twitter_misc":{"Tiempo de lectura":"3 minutos"},"schema":{"@context":"https:\/\/schema.org","@graph":[{"@type":"WebPage","@id":"https:\/\/aivlisoft.net\/shop\/producto\/fritz-wlan-stick-tarjeta-red-wifi-ac860-usb\/","url":"https:\/\/aivlisoft.net\/shop\/producto\/fritz-wlan-stick-tarjeta-red-wifi-ac860-usb\/","name":"FRITZ! WLAN Stick Tarjeta Red WiFi AC860 USB - Aivlisoft Inform\u00e1tica","isPartOf":{"@id":"https:\/\/aivlisoft.net\/shop\/#website"},"primaryImageOfPage":{"@id":"https:\/\/aivlisoft.net\/shop\/producto\/fritz-wlan-stick-tarjeta-red-wifi-ac860-usb\/#primaryimage"},"image":{"@id":"https:\/\/aivlisoft.net\/shop\/producto\/fritz-wlan-stick-tarjeta-red-wifi-ac860-usb\/#primaryimage"},"thumbnailUrl":"https:\/\/aivlisoft.net\/shop\/wp-content\/uploads\/2025\/01\/NADAIN0224_800.jpg","datePublished":"2025-01-13T15:18:59+00:00","dateModified":"2025-01-14T20:20:13+00:00","breadcrumb":{"@id":"https:\/\/aivlisoft.net\/shop\/producto\/fritz-wlan-stick-tarjeta-red-wifi-ac860-usb\/#breadcrumb"},"inLanguage":"es","potentialAction":[{"@type":"ReadAction","target":["https:\/\/aivlisoft.net\/shop\/producto\/fritz-wlan-stick-tarjeta-red-wifi-ac860-usb\/"]}]},{"@type":"ImageObject","inLanguage":"es","@id":"https:\/\/aivlisoft.net\/shop\/producto\/fritz-wlan-stick-tarjeta-red-wifi-ac860-usb\/#primaryimage","url":"https:\/\/aivlisoft.net\/shop\/wp-content\/uploads\/2025\/01\/NADAIN0224_800.jpg","contentUrl":"https:\/\/aivlisoft.net\/shop\/wp-content\/uploads\/2025\/01\/NADAIN0224_800.jpg","width":800,"height":800},{"@type":"BreadcrumbList","@id":"https:\/\/aivlisoft.net\/shop\/producto\/fritz-wlan-stick-tarjeta-red-wifi-ac860-usb\/#breadcrumb","itemListElement":[{"@type":"ListItem","position":1,"name":"Portada","item":"https:\/\/aivlisoft.net\/shop\/"},{"@type":"ListItem","position":2,"name":"Tienda","item":"https:\/\/aivlisoft.net\/shop\/tienda\/"},{"@type":"ListItem","position":3,"name":"FRITZ! WLAN Stick Tarjeta Red WiFi AC860 USB"}]},{"@type":"WebSite","@id":"https:\/\/aivlisoft.net\/shop\/#website","url":"https:\/\/aivlisoft.net\/shop\/","name":"Aivlisoft Inform\u00e1tica","description":"En Aivlisoft Inform\u00e1tica ofrecemos soluciones tecnol\u00f3gicas para empresas: venta de ordenadores, consumibles, perif\u00e9ricos y m\u00e1s. Calidad, atenci\u00f3n personalizada y los mejores precios para tu negocio.","publisher":{"@id":"https:\/\/aivlisoft.net\/shop\/#organization"},"potentialAction":[{"@type":"SearchAction","target":{"@type":"EntryPoint","urlTemplate":"https:\/\/aivlisoft.net\/shop\/?s={search_term_string}"},"query-input":{"@type":"PropertyValueSpecification","valueRequired":true,"valueName":"search_term_string"}}],"inLanguage":"es"},{"@type":"Organization","@id":"https:\/\/aivlisoft.net\/shop\/#organization","name":"Aivlisoft Inform\u00e1tica","url":"https:\/\/aivlisoft.net\/shop\/","logo":{"@type":"ImageObject","inLanguage":"es","@id":"https:\/\/aivlisoft.net\/shop\/#\/schema\/logo\/image\/","url":"https:\/\/aivlisoft.net\/shop\/wp-content\/uploads\/2024\/12\/removal.ai_5b848c54-0cdf-4140-95c5-c5536bb7573b-logodef.png","contentUrl":"https:\/\/aivlisoft.net\/shop\/wp-content\/uploads\/2024\/12\/removal.ai_5b848c54-0cdf-4140-95c5-c5536bb7573b-logodef.png","width":484,"height":182,"caption":"Aivlisoft Inform\u00e1tica"},"image":{"@id":"https:\/\/aivlisoft.net\/shop\/#\/schema\/logo\/image\/"}}]}},"_links":{"self":[{"href":"https:\/\/aivlisoft.net\/shop\/wp-json\/wp\/v2\/product\/18116","targetHints":{"allow":["GET"]}}],"collection":[{"href":"https:\/\/aivlisoft.net\/shop\/wp-json\/wp\/v2\/product"}],"about":[{"href":"https:\/\/aivlisoft.net\/shop\/wp-json\/wp\/v2\/types\/product"}],"wp:featuredmedia":[{"embeddable":true,"href":"https:\/\/aivlisoft.net\/shop\/wp-json\/wp\/v2\/media\/18117"}],"wp:attachment":[{"href":"https:\/\/aivlisoft.net\/shop\/wp-json\/wp\/v2\/media?parent=18116"}],"wp:term":[{"taxonomy":"product_brand","embeddable":true,"href":"https:\/\/aivlisoft.net\/shop\/wp-json\/wp\/v2\/product_brand?post=18116"},{"taxonomy":"product_cat","embeddable":true,"href":"https:\/\/aivlisoft.net\/shop\/wp-json\/wp\/v2\/product_cat?post=18116"},{"taxonomy":"product_tag","embeddable":true,"href":"https:\/\/aivlisoft.net\/shop\/wp-json\/wp\/v2\/product_tag?post=18116"}],"curies":[{"name":"wp","href":"https:\/\/api.w.org\/{rel}","templated":true}]}}