{"id":18113,"date":"2025-01-13T15:18:57","date_gmt":"2025-01-13T15:18:57","guid":{"rendered":"https:\/\/aivlisoft.com\/?post_type=product&#038;p=18113"},"modified":"2025-01-14T20:20:13","modified_gmt":"2025-01-14T20:20:13","slug":"fritz-wlan-stick-tarjeta-red-wifi-ac430-usb","status":"publish","type":"product","link":"https:\/\/aivlisoft.net\/shop\/producto\/fritz-wlan-stick-tarjeta-red-wifi-ac430-usb\/","title":{"rendered":"FRITZ! WLAN Stick Tarjeta Red WiFi AC430 USB"},"content":{"rendered":"<p><strong>WiFi inteligente de alta gama para su ordenador<\/strong><br \/>El FRITZ!WLAN Stick AC 430 MU-MIMO vincula su ordenador con el FRITZ!Box y otros routers inal&aacute;mbricos mediante una red WiFi innovadora e inteligente. El m&oacute;dem inal&aacute;mbrico transmite a trav&eacute;s de la frecuencia de 2,4 o de 5 GHz en funci&oacute;n de la demanda. La nueva tecnolog&iacute;a MIMO multiusuario permite intercambiar datos entre varios dispositivos de forma simult&aacute;nea. La capacidad completa de la red WiFi se aprovecha mejor, sobre todo cuando se integran varios dispositivos al mismo tiempo. Su dise&ntilde;o compacto y su sencilla instalaci&oacute;n, as&iacute; como el cifrado inal&aacute;mbrico WPA2 garantizan la diversi&oacute;n durante la navegaci&oacute;n inal&aacute;mbrica.<\/p>\n<p><strong>WiFi innovadora para el puerto USB<\/strong><br \/>El FRITZ!WLAN Stick AC 430 MU-MIMO es perfecto en combinaci&oacute;n con un router compatible con MIMO multiusuario, como el FRITZ!Box 7590. Gracias a esta nueva tecnolog&iacute;a, los datos llegan a su destino a trav&eacute;s de la frecuencia inal&aacute;mbrica m&aacute;s adecuada a cada momento. De este modo, los recursos de la red inal&aacute;mbrica se aprovechan al m&aacute;ximo, sobre todo cuando hay varios dispositivos conectados y funcionando al mismo tiempo. El m&oacute;dem permite un intercambio de datos seguro y cifrado con hasta 433 Mbps. Si bien el uso de la tecnolog&iacute;a inal&aacute;mbrica m&aacute;s moderna permite un incremento de la velocidad, tambi&eacute;n contribuye a la ampliaci&oacute;n del alcance de la red WiFi.<\/p>\n<p><strong>Compatible con todos los routers WiFi<\/strong><br \/>El FRITZ!WLAN Stick se puede combinar a la perfecci&oacute;n con todos los routers WiFi y vincula con facilidad los ordenadores con las redes inal&aacute;mbricas. Adem&aacute;s del nuevo WiFi AC, el stick soporta todos los est&aacute;ndares WiFi, bandas de frecuencia y conexiones.<\/p>\n<p><strong>Instalaci&oacute;n sencilla en solo segundos<\/strong><br \/>El FRITZ!WLAN Stick soporta tecnolog&iacute;a WPS, que le permite vincularse de forma autom&aacute;tica y segura con dispositivos WiFi de otros fabricantes. El FRITZ!WLAN Stick se conecta al ordenador sin la necesidad de realizar ning&uacute;n ajuste, mediante la tecnolog&iacute;a &quot;Stick &amp; Surf&quot; desarollada por AVM. Con tan solo insertarlo una vez en el puerto USB de su FRITZ!Box y despu&eacute;s a su ordenador, las configuraciones WiFi se aplican de forma autom&aacute;tica y usted puede navegar al instante.<br \/>&nbsp;<\/p>\n<table class=\"tabla_caracteristicas\" width=\"100%\">\n<tr>\n<td><strong>Marca<\/strong><\/td>\n<td>FRITZ!<\/td>\n<\/tr>\n<tr>\n<td><strong>Modelo<\/strong><\/td>\n<td><strong>20002810<\/strong><\/td>\n<\/tr>\n<tr>\n<td><strong>Caracter&iacute;sticas<\/strong><\/td>\n<td><strong>Funciones especiales<\/strong><br \/>\t\t\t&#8211; Cliente WiFi USB para las redes inal&aacute;mbricas.<br \/>\t\t\t&#8211; WiFi inteligente y estable con tecnolog&iacute;a MIMO multiusuario.<br \/>\t\t\t&#8211; WiFi 802.11ac hasta 433 Mbps brutos.<br \/>\t\t\t&#8211; WiFi 802.11n hasta 150 Mbps brutos.<br \/>\t\t\t&#8211; WiFi AC en la banda de 5 GHz.<br \/>\t\t\t&#8211; Opci&oacute;n de uso en la banda de 2,4 GHz o 5 GHz para WiFi N (banda dual).<br \/>\t\t\t&#8211; Compatible con 802.11g\/a (54 Mbps) y 802.11b (11 Mbps).<br \/>\t\t\t&#8211; Cifrado seg&uacute;n el sistema WPA2 (802.11i).<br \/>\t\t\t&#8211; Autoinstalaci&oacute;n en Windows 10, 8 y 7 (32 y 64 bits), driver con firma de Microsoft WHQL.<br \/>\t\t\t&#8211; Soporta Wi-Fi Protected Setup (WPS).<br \/>\t\t\t&#8211; Programa para la monitorizaci&oacute;n de la conexi&oacute;n y ajuste en la configuraci&oacute;n.<br \/>\t\t\t&#8211; Potencia de transmisi&oacute;n configurable.<br \/>\t\t\t&#8211; 2 indicadores led para visualizar la conexi&oacute;n y la actividad.<br \/>\t\t\t&#8211; Antenas integradas.<br \/>\t\t\t&#8211; Actualizaci&oacute;n gratuita de controladores y software.<br \/>\t\t\t<strong>Puertos e interfaces<\/strong><br \/>\t\t\t&#8211; Puerto USB conforme con USB 2.0, compatible con USB 3.0.<br \/>\t\t\t&#8211; Redes WiFi 802.11ac (433 Mbps) y 802.11n (150 Mbps).<br \/>\t\t\t&#8211; Banda de frecuencia de 5 GHz con WiFi AC y MIMO multiusuario.<br \/>\t\t\t&#8211; Banda de frecuencia de 2,4 GHz o 5 GHz (banda dual) con WiFi N.<br \/>\t\t\t<strong>Red inal&aacute;mbrica segura con la tecnolog&iacute;a &quot;Stick &amp; Surf&quot;<\/strong><br \/>\t\t\t&#8211; Conecte el FRITZ!WLAN Stick al USB host del FRITZ!Box.<br \/>\t\t\t&#8211; Los datos requeridos para asegurar la red se transfieren autom&aacute;ticamente al stick.<br \/>\t\t\t&#8211; Conecte el FRITZ!WLAN Stick al ordenador.<br \/>\t\t\t&#8211; Ahora se podr&aacute; establecer la conexi&oacute;n inal&aacute;mbrica de manera segura, sin tener que realizar ninguna configuraci&oacute;n adicional.<br \/>\t\t\t&#8211; De forma alternativa, se podr&aacute; establecer la conexi&oacute;n con WPS (Wi-Fi Protected Setup) o conectar manualmente los puntos de acceso WiFi mediante la funci&oacute;n &quot;buscar, encontrar y conectar&quot;.<br \/>\t\t\t<strong>Requerimientos del sistema<\/strong><br \/>\t\t\t&#8211; Ordenador con puerto USB 2.0 (compatible con USB 3.0), 64 MB RAM y al menos 5 MB de espacio libre en el disco duro.<br \/>\t\t\t&#8211; Sistema operativo: Windows 10, 8.1 y 7 (32 y 64 Bit).<br \/>\t\t\t&#8211; Punto de acceso inal&aacute;mbrico seg&uacute;n IEEE 802.11ac\/n\/g\/b\/a.<br \/>\t\t\t<strong>Contenido del paquete<\/strong><br \/>\t\t\t&#8211; FRITZ!WLAN Stick AC 430 MU-MIMO.<br \/>\t\t\t&#8211; Gu&iacute;a r&aacute;pida de instalaci&oacute;n.<br \/>\t\t\t&#8211; Estaci&oacute;n base.<\/td>\n<\/tr>\n<tr>\n<td><strong>Fecha de revisi&oacute;n<\/strong><\/td>\n<td>24-05-2022 por MPM<\/td>\n<\/tr>\n<\/table>\n","protected":false},"excerpt":{"rendered":"<p>WiFi inteligente de alta gama para su ordenadorEl FRITZ!WLAN Stick AC 430 MU-MIMO vincula su ordenador con el FRITZ!Box y otros routers inal&aacute;mbricos mediante una red WiFi innovadora e inteligente. El m&oacute;dem inal&aacute;mbrico transmite a trav&eacute;s de la frecuencia de 2,4 o de 5 GHz en funci&oacute;n de la demanda. La nueva tecnolog&iacute;a MIMO multiusuario&hellip;&nbsp;<a href=\"https:\/\/aivlisoft.net\/shop\/producto\/fritz-wlan-stick-tarjeta-red-wifi-ac430-usb\/\" rel=\"bookmark\"><span class=\"screen-reader-text\">FRITZ! WLAN Stick Tarjeta Red WiFi AC430 USB<\/span><\/a><\/p>\n","protected":false},"featured_media":18114,"template":"","meta":{"neve_meta_sidebar":"","neve_meta_container":"","neve_meta_enable_content_width":"","neve_meta_content_width":0,"neve_meta_title_alignment":"","neve_meta_author_avatar":"","neve_post_elements_order":"","neve_meta_disable_header":"","neve_meta_disable_footer":"","neve_meta_disable_title":""},"product_brand":[],"product_cat":[15,1399,8705,8702],"product_tag":[6634],"class_list":{"0":"post-18113","1":"product","2":"type-product","3":"status-publish","4":"has-post-thumbnail","6":"product_cat-sin-categorizar","7":"product_cat-accesorios-redes","8":"product_cat-accesorios-redes-wifi","9":"product_cat-herramientasconectores-redes","10":"product_tag-6634","12":"first","13":"instock","14":"taxable","15":"shipping-taxable","16":"purchasable","17":"product-type-simple"},"yoast_head":"<!-- This site is optimized with the Yoast SEO plugin v26.0 - https:\/\/yoast.com\/wordpress\/plugins\/seo\/ -->\n<title>FRITZ! WLAN Stick Tarjeta Red WiFi AC430 USB - Aivlisoft Inform\u00e1tica<\/title>\n<meta name=\"robots\" content=\"index, follow, max-snippet:-1, max-image-preview:large, max-video-preview:-1\" \/>\n<link rel=\"canonical\" href=\"https:\/\/aivlisoft.net\/shop\/producto\/fritz-wlan-stick-tarjeta-red-wifi-ac430-usb\/\" \/>\n<meta property=\"og:locale\" content=\"es_ES\" \/>\n<meta property=\"og:type\" content=\"article\" \/>\n<meta property=\"og:title\" content=\"FRITZ! WLAN Stick Tarjeta Red WiFi AC430 USB - Aivlisoft Inform\u00e1tica\" \/>\n<meta property=\"og:description\" content=\"WiFi inteligente de alta gama para su ordenadorEl FRITZ!WLAN Stick AC 430 MU-MIMO vincula su ordenador con el FRITZ!Box y otros routers inal&aacute;mbricos mediante una red WiFi innovadora e inteligente. El m&oacute;dem inal&aacute;mbrico transmite a trav&eacute;s de la frecuencia de 2,4 o de 5 GHz en funci&oacute;n de la demanda. La nueva tecnolog&iacute;a MIMO multiusuario&hellip;&nbsp;FRITZ! WLAN Stick Tarjeta Red WiFi AC430 USB\" \/>\n<meta property=\"og:url\" content=\"https:\/\/aivlisoft.net\/shop\/producto\/fritz-wlan-stick-tarjeta-red-wifi-ac430-usb\/\" \/>\n<meta property=\"og:site_name\" content=\"Aivlisoft Inform\u00e1tica\" \/>\n<meta property=\"article:modified_time\" content=\"2025-01-14T20:20:13+00:00\" \/>\n<meta property=\"og:image\" content=\"https:\/\/aivlisoft.net\/shop\/wp-content\/uploads\/2025\/01\/NADAIN0223_800.jpg\" \/>\n\t<meta property=\"og:image:width\" content=\"800\" \/>\n\t<meta property=\"og:image:height\" content=\"800\" \/>\n\t<meta property=\"og:image:type\" content=\"image\/jpeg\" \/>\n<meta name=\"twitter:card\" content=\"summary_large_image\" \/>\n<meta name=\"twitter:label1\" content=\"Tiempo de lectura\" \/>\n\t<meta name=\"twitter:data1\" content=\"4 minutos\" \/>\n<script type=\"application\/ld+json\" class=\"yoast-schema-graph\">{\"@context\":\"https:\/\/schema.org\",\"@graph\":[{\"@type\":\"WebPage\",\"@id\":\"https:\/\/aivlisoft.net\/shop\/producto\/fritz-wlan-stick-tarjeta-red-wifi-ac430-usb\/\",\"url\":\"https:\/\/aivlisoft.net\/shop\/producto\/fritz-wlan-stick-tarjeta-red-wifi-ac430-usb\/\",\"name\":\"FRITZ! WLAN Stick Tarjeta Red WiFi AC430 USB - Aivlisoft Inform\u00e1tica\",\"isPartOf\":{\"@id\":\"https:\/\/aivlisoft.net\/shop\/#website\"},\"primaryImageOfPage\":{\"@id\":\"https:\/\/aivlisoft.net\/shop\/producto\/fritz-wlan-stick-tarjeta-red-wifi-ac430-usb\/#primaryimage\"},\"image\":{\"@id\":\"https:\/\/aivlisoft.net\/shop\/producto\/fritz-wlan-stick-tarjeta-red-wifi-ac430-usb\/#primaryimage\"},\"thumbnailUrl\":\"https:\/\/aivlisoft.net\/shop\/wp-content\/uploads\/2025\/01\/NADAIN0223_800.jpg\",\"datePublished\":\"2025-01-13T15:18:57+00:00\",\"dateModified\":\"2025-01-14T20:20:13+00:00\",\"breadcrumb\":{\"@id\":\"https:\/\/aivlisoft.net\/shop\/producto\/fritz-wlan-stick-tarjeta-red-wifi-ac430-usb\/#breadcrumb\"},\"inLanguage\":\"es\",\"potentialAction\":[{\"@type\":\"ReadAction\",\"target\":[\"https:\/\/aivlisoft.net\/shop\/producto\/fritz-wlan-stick-tarjeta-red-wifi-ac430-usb\/\"]}]},{\"@type\":\"ImageObject\",\"inLanguage\":\"es\",\"@id\":\"https:\/\/aivlisoft.net\/shop\/producto\/fritz-wlan-stick-tarjeta-red-wifi-ac430-usb\/#primaryimage\",\"url\":\"https:\/\/aivlisoft.net\/shop\/wp-content\/uploads\/2025\/01\/NADAIN0223_800.jpg\",\"contentUrl\":\"https:\/\/aivlisoft.net\/shop\/wp-content\/uploads\/2025\/01\/NADAIN0223_800.jpg\",\"width\":800,\"height\":800},{\"@type\":\"BreadcrumbList\",\"@id\":\"https:\/\/aivlisoft.net\/shop\/producto\/fritz-wlan-stick-tarjeta-red-wifi-ac430-usb\/#breadcrumb\",\"itemListElement\":[{\"@type\":\"ListItem\",\"position\":1,\"name\":\"Portada\",\"item\":\"https:\/\/aivlisoft.net\/shop\/\"},{\"@type\":\"ListItem\",\"position\":2,\"name\":\"Tienda\",\"item\":\"https:\/\/aivlisoft.net\/shop\/tienda\/\"},{\"@type\":\"ListItem\",\"position\":3,\"name\":\"FRITZ! WLAN Stick Tarjeta Red WiFi AC430 USB\"}]},{\"@type\":\"WebSite\",\"@id\":\"https:\/\/aivlisoft.net\/shop\/#website\",\"url\":\"https:\/\/aivlisoft.net\/shop\/\",\"name\":\"Aivlisoft Inform\u00e1tica\",\"description\":\"En Aivlisoft Inform\u00e1tica ofrecemos soluciones tecnol\u00f3gicas para empresas: venta de ordenadores, consumibles, perif\u00e9ricos y m\u00e1s. Calidad, atenci\u00f3n personalizada y los mejores precios para tu negocio.\",\"publisher\":{\"@id\":\"https:\/\/aivlisoft.net\/shop\/#organization\"},\"potentialAction\":[{\"@type\":\"SearchAction\",\"target\":{\"@type\":\"EntryPoint\",\"urlTemplate\":\"https:\/\/aivlisoft.net\/shop\/?s={search_term_string}\"},\"query-input\":{\"@type\":\"PropertyValueSpecification\",\"valueRequired\":true,\"valueName\":\"search_term_string\"}}],\"inLanguage\":\"es\"},{\"@type\":\"Organization\",\"@id\":\"https:\/\/aivlisoft.net\/shop\/#organization\",\"name\":\"Aivlisoft Inform\u00e1tica\",\"url\":\"https:\/\/aivlisoft.net\/shop\/\",\"logo\":{\"@type\":\"ImageObject\",\"inLanguage\":\"es\",\"@id\":\"https:\/\/aivlisoft.net\/shop\/#\/schema\/logo\/image\/\",\"url\":\"https:\/\/aivlisoft.net\/shop\/wp-content\/uploads\/2024\/12\/removal.ai_5b848c54-0cdf-4140-95c5-c5536bb7573b-logodef.png\",\"contentUrl\":\"https:\/\/aivlisoft.net\/shop\/wp-content\/uploads\/2024\/12\/removal.ai_5b848c54-0cdf-4140-95c5-c5536bb7573b-logodef.png\",\"width\":484,\"height\":182,\"caption\":\"Aivlisoft Inform\u00e1tica\"},\"image\":{\"@id\":\"https:\/\/aivlisoft.net\/shop\/#\/schema\/logo\/image\/\"}}]}<\/script>\n<!-- \/ Yoast SEO plugin. -->","yoast_head_json":{"title":"FRITZ! WLAN Stick Tarjeta Red WiFi AC430 USB - Aivlisoft Inform\u00e1tica","robots":{"index":"index","follow":"follow","max-snippet":"max-snippet:-1","max-image-preview":"max-image-preview:large","max-video-preview":"max-video-preview:-1"},"canonical":"https:\/\/aivlisoft.net\/shop\/producto\/fritz-wlan-stick-tarjeta-red-wifi-ac430-usb\/","og_locale":"es_ES","og_type":"article","og_title":"FRITZ! WLAN Stick Tarjeta Red WiFi AC430 USB - Aivlisoft Inform\u00e1tica","og_description":"WiFi inteligente de alta gama para su ordenadorEl FRITZ!WLAN Stick AC 430 MU-MIMO vincula su ordenador con el FRITZ!Box y otros routers inal&aacute;mbricos mediante una red WiFi innovadora e inteligente. El m&oacute;dem inal&aacute;mbrico transmite a trav&eacute;s de la frecuencia de 2,4 o de 5 GHz en funci&oacute;n de la demanda. La nueva tecnolog&iacute;a MIMO multiusuario&hellip;&nbsp;FRITZ! WLAN Stick Tarjeta Red WiFi AC430 USB","og_url":"https:\/\/aivlisoft.net\/shop\/producto\/fritz-wlan-stick-tarjeta-red-wifi-ac430-usb\/","og_site_name":"Aivlisoft Inform\u00e1tica","article_modified_time":"2025-01-14T20:20:13+00:00","og_image":[{"width":800,"height":800,"url":"https:\/\/aivlisoft.net\/shop\/wp-content\/uploads\/2025\/01\/NADAIN0223_800.jpg","type":"image\/jpeg"}],"twitter_card":"summary_large_image","twitter_misc":{"Tiempo de lectura":"4 minutos"},"schema":{"@context":"https:\/\/schema.org","@graph":[{"@type":"WebPage","@id":"https:\/\/aivlisoft.net\/shop\/producto\/fritz-wlan-stick-tarjeta-red-wifi-ac430-usb\/","url":"https:\/\/aivlisoft.net\/shop\/producto\/fritz-wlan-stick-tarjeta-red-wifi-ac430-usb\/","name":"FRITZ! WLAN Stick Tarjeta Red WiFi AC430 USB - Aivlisoft Inform\u00e1tica","isPartOf":{"@id":"https:\/\/aivlisoft.net\/shop\/#website"},"primaryImageOfPage":{"@id":"https:\/\/aivlisoft.net\/shop\/producto\/fritz-wlan-stick-tarjeta-red-wifi-ac430-usb\/#primaryimage"},"image":{"@id":"https:\/\/aivlisoft.net\/shop\/producto\/fritz-wlan-stick-tarjeta-red-wifi-ac430-usb\/#primaryimage"},"thumbnailUrl":"https:\/\/aivlisoft.net\/shop\/wp-content\/uploads\/2025\/01\/NADAIN0223_800.jpg","datePublished":"2025-01-13T15:18:57+00:00","dateModified":"2025-01-14T20:20:13+00:00","breadcrumb":{"@id":"https:\/\/aivlisoft.net\/shop\/producto\/fritz-wlan-stick-tarjeta-red-wifi-ac430-usb\/#breadcrumb"},"inLanguage":"es","potentialAction":[{"@type":"ReadAction","target":["https:\/\/aivlisoft.net\/shop\/producto\/fritz-wlan-stick-tarjeta-red-wifi-ac430-usb\/"]}]},{"@type":"ImageObject","inLanguage":"es","@id":"https:\/\/aivlisoft.net\/shop\/producto\/fritz-wlan-stick-tarjeta-red-wifi-ac430-usb\/#primaryimage","url":"https:\/\/aivlisoft.net\/shop\/wp-content\/uploads\/2025\/01\/NADAIN0223_800.jpg","contentUrl":"https:\/\/aivlisoft.net\/shop\/wp-content\/uploads\/2025\/01\/NADAIN0223_800.jpg","width":800,"height":800},{"@type":"BreadcrumbList","@id":"https:\/\/aivlisoft.net\/shop\/producto\/fritz-wlan-stick-tarjeta-red-wifi-ac430-usb\/#breadcrumb","itemListElement":[{"@type":"ListItem","position":1,"name":"Portada","item":"https:\/\/aivlisoft.net\/shop\/"},{"@type":"ListItem","position":2,"name":"Tienda","item":"https:\/\/aivlisoft.net\/shop\/tienda\/"},{"@type":"ListItem","position":3,"name":"FRITZ! WLAN Stick Tarjeta Red WiFi AC430 USB"}]},{"@type":"WebSite","@id":"https:\/\/aivlisoft.net\/shop\/#website","url":"https:\/\/aivlisoft.net\/shop\/","name":"Aivlisoft Inform\u00e1tica","description":"En Aivlisoft Inform\u00e1tica ofrecemos soluciones tecnol\u00f3gicas para empresas: venta de ordenadores, consumibles, perif\u00e9ricos y m\u00e1s. Calidad, atenci\u00f3n personalizada y los mejores precios para tu negocio.","publisher":{"@id":"https:\/\/aivlisoft.net\/shop\/#organization"},"potentialAction":[{"@type":"SearchAction","target":{"@type":"EntryPoint","urlTemplate":"https:\/\/aivlisoft.net\/shop\/?s={search_term_string}"},"query-input":{"@type":"PropertyValueSpecification","valueRequired":true,"valueName":"search_term_string"}}],"inLanguage":"es"},{"@type":"Organization","@id":"https:\/\/aivlisoft.net\/shop\/#organization","name":"Aivlisoft Inform\u00e1tica","url":"https:\/\/aivlisoft.net\/shop\/","logo":{"@type":"ImageObject","inLanguage":"es","@id":"https:\/\/aivlisoft.net\/shop\/#\/schema\/logo\/image\/","url":"https:\/\/aivlisoft.net\/shop\/wp-content\/uploads\/2024\/12\/removal.ai_5b848c54-0cdf-4140-95c5-c5536bb7573b-logodef.png","contentUrl":"https:\/\/aivlisoft.net\/shop\/wp-content\/uploads\/2024\/12\/removal.ai_5b848c54-0cdf-4140-95c5-c5536bb7573b-logodef.png","width":484,"height":182,"caption":"Aivlisoft Inform\u00e1tica"},"image":{"@id":"https:\/\/aivlisoft.net\/shop\/#\/schema\/logo\/image\/"}}]}},"_links":{"self":[{"href":"https:\/\/aivlisoft.net\/shop\/wp-json\/wp\/v2\/product\/18113","targetHints":{"allow":["GET"]}}],"collection":[{"href":"https:\/\/aivlisoft.net\/shop\/wp-json\/wp\/v2\/product"}],"about":[{"href":"https:\/\/aivlisoft.net\/shop\/wp-json\/wp\/v2\/types\/product"}],"wp:featuredmedia":[{"embeddable":true,"href":"https:\/\/aivlisoft.net\/shop\/wp-json\/wp\/v2\/media\/18114"}],"wp:attachment":[{"href":"https:\/\/aivlisoft.net\/shop\/wp-json\/wp\/v2\/media?parent=18113"}],"wp:term":[{"taxonomy":"product_brand","embeddable":true,"href":"https:\/\/aivlisoft.net\/shop\/wp-json\/wp\/v2\/product_brand?post=18113"},{"taxonomy":"product_cat","embeddable":true,"href":"https:\/\/aivlisoft.net\/shop\/wp-json\/wp\/v2\/product_cat?post=18113"},{"taxonomy":"product_tag","embeddable":true,"href":"https:\/\/aivlisoft.net\/shop\/wp-json\/wp\/v2\/product_tag?post=18113"}],"curies":[{"name":"wp","href":"https:\/\/api.w.org\/{rel}","templated":true}]}}