{"id":18109,"date":"2025-01-13T15:18:55","date_gmt":"2025-01-13T15:18:55","guid":{"rendered":"https:\/\/aivlisoft.com\/?post_type=product&#038;p=18109"},"modified":"2025-01-14T20:20:14","modified_gmt":"2025-01-14T20:20:14","slug":"approx-appusb600da-tarjeta-red-wifi-n600-usb","status":"publish","type":"product","link":"https:\/\/aivlisoft.net\/shop\/producto\/approx-appusb600da-tarjeta-red-wifi-n600-usb\/","title":{"rendered":"approx APPUSB600DA Tarjeta Red WiFi N600 USB"},"content":{"rendered":"<p>Si tienes problemas de cobertura con tu red inal&aacute;mbrica y tu PC o port&aacute;til no logra recibir una buena se&ntilde;al este adaptador USB Wireless es la mejor soluci&oacute;n a tus problemas. Con el APPUSB600DA podr&aacute;s operar simult&aacute;neamente a 5GHz y a 2.4GHz bandas y con su antena desmontable ser&aacute;s capaz de lograr un alcance excepcional.<br \/>&nbsp;<br \/><strong>Utilidad del Producto<\/strong><br \/>El adaptador USB inal&aacute;mbrico 600 Mbps APPUSB600DA le permitir&aacute; conectar su ordenador o port&aacute;til a una red inal&aacute;mbrica y acceder a ella a 150Mbps 2.4Ghz y a 433Mbps 5Ghz.<br \/>Es compatible con el protocolo IEEE 802.11ac\/b\/g\/n, trabaja a velocidad 11n y ofrece una se&ntilde;al inal&aacute;mbrica estable. Todo ello lo convierte en el mejor aliado para jugar online o reproducir v&iacute;deo HD en streaming.<\/p>\n<p><strong>Configuraci&oacute;n de seguridad WPS y Software Ralink<\/strong><br \/>Es compatible con la funci&oacute;n Wi-Fi Protected Setup&trade; (WPS) mediante la cual los usuarios pueden configurar la seguridad de la red con tan s&oacute;lo pulsar el bot&oacute;n (por software) QSS y establecer instant&aacute;neamente una conexi&oacute;n altamente segura. Este m&eacute;todo es m&aacute;s c&oacute;modo ya que los usuarios no tienen que memorizar contrase&ntilde;a alguna.<\/p>\n<p><strong>M&aacute;xima compatibilidad<\/strong><br \/>Compatible con Windows, Mac y Linux.<\/p>\n<table class=\"tabla_caracteristicas k-table\" width=\"100%\">\n<tr>\n<td valign=\"top\"><strong>Marca<\/strong><\/td>\n<td>approx!<\/td>\n<\/tr>\n<tr>\n<td valign=\"top\"><strong>Modelo<\/strong><\/td>\n<td valign=\"top\"><strong>APPUSB600DA<\/strong><\/td>\n<\/tr>\n<tr>\n<td valign=\"top\"><strong>Caracter&iacute;sticas T&eacute;cnicas<\/strong><\/td>\n<td>&#8211; Chipset RTL8811CU<br \/>\t\t\t&#8211; Rango de frecuencia: 2.4-2.4835GHz\/5.15-8.825GHz<br \/>\t\t\t&#8211; Potencia de transmisi&oacute;n inal&aacute;mbrica: 20dBm (EIRP)<br \/>\t\t\t&#8211; Hasta 150Mbps 2.4Ghz<br \/>\t\t\t&#8211; Hasta 433Mbps 5Ghz<br \/>\t\t\t&#8211; Soporta ancho de banda de 20MHz\/40Mhz \/80Mhz<br \/>\t\t\t&#8211; Soporta funci&oacute;n WPS<br \/>\t\t\t&#8211; Cumple con IEE802.11ac\/b\/g\/n<br \/>\t\t\t&#8211; Antena desmontable de 5 dBi<br \/>\t\t\t&#8211; Adaptador USB<br \/>\t\t\t&#8211; Soporta WPS,64\/128bit WEP,WPA\/WPA2,WPA-PSK\/ WPA2-PSK(TKIP\/AES)<br \/>\t\t\t&#8211; Compatible con Windows \/ Linux \/ Mac<\/td>\n<\/tr>\n<tr>\n<td valign=\"top\"><strong>Otras Caracter&iacute;sticas<\/strong><\/td>\n<td>&#8211; Color: Negro<br \/>\t\t\t&#8211; Material: ABS<br \/>\t\t\t<strong>Contenido del paquete<\/strong><br \/>\t\t\t&#8211; APPUSB600DA<br \/>\t\t\t&#8211; Adaptador USB<br \/>\t\t\t&#8211; CD de instalaci&oacute;n (incluye manual de usuario)<\/td>\n<\/tr>\n<tr>\n<td valign=\"top\"><strong>Fecha Revisi&oacute;n<\/strong><\/td>\n<td>29-06-2021 por YMC<\/td>\n<\/tr>\n<\/table>\n","protected":false},"excerpt":{"rendered":"<p>Si tienes problemas de cobertura con tu red inal&aacute;mbrica y tu PC o port&aacute;til no logra recibir una buena se&ntilde;al este adaptador USB Wireless es la mejor soluci&oacute;n a tus problemas. Con el APPUSB600DA podr&aacute;s operar simult&aacute;neamente a 5GHz y a 2.4GHz bandas y con su antena desmontable ser&aacute;s capaz de lograr un alcance excepcional.&nbsp;Utilidad&hellip;&nbsp;<a href=\"https:\/\/aivlisoft.net\/shop\/producto\/approx-appusb600da-tarjeta-red-wifi-n600-usb\/\" rel=\"bookmark\"><span class=\"screen-reader-text\">approx APPUSB600DA Tarjeta Red WiFi N600 USB<\/span><\/a><\/p>\n","protected":false},"featured_media":18110,"template":"","meta":{"neve_meta_sidebar":"","neve_meta_container":"","neve_meta_enable_content_width":"","neve_meta_content_width":0,"neve_meta_title_alignment":"","neve_meta_author_avatar":"","neve_post_elements_order":"","neve_meta_disable_header":"","neve_meta_disable_footer":"","neve_meta_disable_title":""},"product_brand":[],"product_cat":[15,1399,8705,8702],"product_tag":[6633],"class_list":{"0":"post-18109","1":"product","2":"type-product","3":"status-publish","4":"has-post-thumbnail","6":"product_cat-sin-categorizar","7":"product_cat-accesorios-redes","8":"product_cat-accesorios-redes-wifi","9":"product_cat-herramientasconectores-redes","10":"product_tag-appusb600da","12":"first","13":"instock","14":"taxable","15":"shipping-taxable","16":"purchasable","17":"product-type-simple"},"yoast_head":"<!-- This site is optimized with the Yoast SEO plugin v26.0 - https:\/\/yoast.com\/wordpress\/plugins\/seo\/ -->\n<title>approx APPUSB600DA Tarjeta Red WiFi N600 USB - Aivlisoft Inform\u00e1tica<\/title>\n<meta name=\"robots\" content=\"index, follow, max-snippet:-1, max-image-preview:large, max-video-preview:-1\" \/>\n<link rel=\"canonical\" href=\"https:\/\/aivlisoft.net\/shop\/producto\/approx-appusb600da-tarjeta-red-wifi-n600-usb\/\" \/>\n<meta property=\"og:locale\" content=\"es_ES\" \/>\n<meta property=\"og:type\" content=\"article\" \/>\n<meta property=\"og:title\" content=\"approx APPUSB600DA Tarjeta Red WiFi N600 USB - Aivlisoft Inform\u00e1tica\" \/>\n<meta property=\"og:description\" content=\"Si tienes problemas de cobertura con tu red inal&aacute;mbrica y tu PC o port&aacute;til no logra recibir una buena se&ntilde;al este adaptador USB Wireless es la mejor soluci&oacute;n a tus problemas. Con el APPUSB600DA podr&aacute;s operar simult&aacute;neamente a 5GHz y a 2.4GHz bandas y con su antena desmontable ser&aacute;s capaz de lograr un alcance excepcional.&nbsp;Utilidad&hellip;&nbsp;approx APPUSB600DA Tarjeta Red WiFi N600 USB\" \/>\n<meta property=\"og:url\" content=\"https:\/\/aivlisoft.net\/shop\/producto\/approx-appusb600da-tarjeta-red-wifi-n600-usb\/\" \/>\n<meta property=\"og:site_name\" content=\"Aivlisoft Inform\u00e1tica\" \/>\n<meta property=\"article:modified_time\" content=\"2025-01-14T20:20:14+00:00\" \/>\n<meta property=\"og:image\" content=\"https:\/\/aivlisoft.net\/shop\/wp-content\/uploads\/2025\/01\/NADAIN0218_800.jpg\" \/>\n\t<meta property=\"og:image:width\" content=\"800\" \/>\n\t<meta property=\"og:image:height\" content=\"800\" \/>\n\t<meta property=\"og:image:type\" content=\"image\/jpeg\" \/>\n<meta name=\"twitter:card\" content=\"summary_large_image\" \/>\n<meta name=\"twitter:label1\" content=\"Tiempo de lectura\" \/>\n\t<meta name=\"twitter:data1\" content=\"2 minutos\" \/>\n<script type=\"application\/ld+json\" class=\"yoast-schema-graph\">{\"@context\":\"https:\/\/schema.org\",\"@graph\":[{\"@type\":\"WebPage\",\"@id\":\"https:\/\/aivlisoft.net\/shop\/producto\/approx-appusb600da-tarjeta-red-wifi-n600-usb\/\",\"url\":\"https:\/\/aivlisoft.net\/shop\/producto\/approx-appusb600da-tarjeta-red-wifi-n600-usb\/\",\"name\":\"approx APPUSB600DA Tarjeta Red WiFi N600 USB - Aivlisoft Inform\u00e1tica\",\"isPartOf\":{\"@id\":\"https:\/\/aivlisoft.net\/shop\/#website\"},\"primaryImageOfPage\":{\"@id\":\"https:\/\/aivlisoft.net\/shop\/producto\/approx-appusb600da-tarjeta-red-wifi-n600-usb\/#primaryimage\"},\"image\":{\"@id\":\"https:\/\/aivlisoft.net\/shop\/producto\/approx-appusb600da-tarjeta-red-wifi-n600-usb\/#primaryimage\"},\"thumbnailUrl\":\"https:\/\/aivlisoft.net\/shop\/wp-content\/uploads\/2025\/01\/NADAIN0218_800.jpg\",\"datePublished\":\"2025-01-13T15:18:55+00:00\",\"dateModified\":\"2025-01-14T20:20:14+00:00\",\"breadcrumb\":{\"@id\":\"https:\/\/aivlisoft.net\/shop\/producto\/approx-appusb600da-tarjeta-red-wifi-n600-usb\/#breadcrumb\"},\"inLanguage\":\"es\",\"potentialAction\":[{\"@type\":\"ReadAction\",\"target\":[\"https:\/\/aivlisoft.net\/shop\/producto\/approx-appusb600da-tarjeta-red-wifi-n600-usb\/\"]}]},{\"@type\":\"ImageObject\",\"inLanguage\":\"es\",\"@id\":\"https:\/\/aivlisoft.net\/shop\/producto\/approx-appusb600da-tarjeta-red-wifi-n600-usb\/#primaryimage\",\"url\":\"https:\/\/aivlisoft.net\/shop\/wp-content\/uploads\/2025\/01\/NADAIN0218_800.jpg\",\"contentUrl\":\"https:\/\/aivlisoft.net\/shop\/wp-content\/uploads\/2025\/01\/NADAIN0218_800.jpg\",\"width\":800,\"height\":800},{\"@type\":\"BreadcrumbList\",\"@id\":\"https:\/\/aivlisoft.net\/shop\/producto\/approx-appusb600da-tarjeta-red-wifi-n600-usb\/#breadcrumb\",\"itemListElement\":[{\"@type\":\"ListItem\",\"position\":1,\"name\":\"Portada\",\"item\":\"https:\/\/aivlisoft.net\/shop\/\"},{\"@type\":\"ListItem\",\"position\":2,\"name\":\"Tienda\",\"item\":\"https:\/\/aivlisoft.net\/shop\/tienda\/\"},{\"@type\":\"ListItem\",\"position\":3,\"name\":\"approx APPUSB600DA Tarjeta Red WiFi N600 USB\"}]},{\"@type\":\"WebSite\",\"@id\":\"https:\/\/aivlisoft.net\/shop\/#website\",\"url\":\"https:\/\/aivlisoft.net\/shop\/\",\"name\":\"Aivlisoft Inform\u00e1tica\",\"description\":\"En Aivlisoft Inform\u00e1tica ofrecemos soluciones tecnol\u00f3gicas para empresas: venta de ordenadores, consumibles, perif\u00e9ricos y m\u00e1s. Calidad, atenci\u00f3n personalizada y los mejores precios para tu negocio.\",\"publisher\":{\"@id\":\"https:\/\/aivlisoft.net\/shop\/#organization\"},\"potentialAction\":[{\"@type\":\"SearchAction\",\"target\":{\"@type\":\"EntryPoint\",\"urlTemplate\":\"https:\/\/aivlisoft.net\/shop\/?s={search_term_string}\"},\"query-input\":{\"@type\":\"PropertyValueSpecification\",\"valueRequired\":true,\"valueName\":\"search_term_string\"}}],\"inLanguage\":\"es\"},{\"@type\":\"Organization\",\"@id\":\"https:\/\/aivlisoft.net\/shop\/#organization\",\"name\":\"Aivlisoft Inform\u00e1tica\",\"url\":\"https:\/\/aivlisoft.net\/shop\/\",\"logo\":{\"@type\":\"ImageObject\",\"inLanguage\":\"es\",\"@id\":\"https:\/\/aivlisoft.net\/shop\/#\/schema\/logo\/image\/\",\"url\":\"https:\/\/aivlisoft.net\/shop\/wp-content\/uploads\/2024\/12\/removal.ai_5b848c54-0cdf-4140-95c5-c5536bb7573b-logodef.png\",\"contentUrl\":\"https:\/\/aivlisoft.net\/shop\/wp-content\/uploads\/2024\/12\/removal.ai_5b848c54-0cdf-4140-95c5-c5536bb7573b-logodef.png\",\"width\":484,\"height\":182,\"caption\":\"Aivlisoft Inform\u00e1tica\"},\"image\":{\"@id\":\"https:\/\/aivlisoft.net\/shop\/#\/schema\/logo\/image\/\"}}]}<\/script>\n<!-- \/ Yoast SEO plugin. -->","yoast_head_json":{"title":"approx APPUSB600DA Tarjeta Red WiFi N600 USB - Aivlisoft Inform\u00e1tica","robots":{"index":"index","follow":"follow","max-snippet":"max-snippet:-1","max-image-preview":"max-image-preview:large","max-video-preview":"max-video-preview:-1"},"canonical":"https:\/\/aivlisoft.net\/shop\/producto\/approx-appusb600da-tarjeta-red-wifi-n600-usb\/","og_locale":"es_ES","og_type":"article","og_title":"approx APPUSB600DA Tarjeta Red WiFi N600 USB - Aivlisoft Inform\u00e1tica","og_description":"Si tienes problemas de cobertura con tu red inal&aacute;mbrica y tu PC o port&aacute;til no logra recibir una buena se&ntilde;al este adaptador USB Wireless es la mejor soluci&oacute;n a tus problemas. Con el APPUSB600DA podr&aacute;s operar simult&aacute;neamente a 5GHz y a 2.4GHz bandas y con su antena desmontable ser&aacute;s capaz de lograr un alcance excepcional.&nbsp;Utilidad&hellip;&nbsp;approx APPUSB600DA Tarjeta Red WiFi N600 USB","og_url":"https:\/\/aivlisoft.net\/shop\/producto\/approx-appusb600da-tarjeta-red-wifi-n600-usb\/","og_site_name":"Aivlisoft Inform\u00e1tica","article_modified_time":"2025-01-14T20:20:14+00:00","og_image":[{"width":800,"height":800,"url":"https:\/\/aivlisoft.net\/shop\/wp-content\/uploads\/2025\/01\/NADAIN0218_800.jpg","type":"image\/jpeg"}],"twitter_card":"summary_large_image","twitter_misc":{"Tiempo de lectura":"2 minutos"},"schema":{"@context":"https:\/\/schema.org","@graph":[{"@type":"WebPage","@id":"https:\/\/aivlisoft.net\/shop\/producto\/approx-appusb600da-tarjeta-red-wifi-n600-usb\/","url":"https:\/\/aivlisoft.net\/shop\/producto\/approx-appusb600da-tarjeta-red-wifi-n600-usb\/","name":"approx APPUSB600DA Tarjeta Red WiFi N600 USB - Aivlisoft Inform\u00e1tica","isPartOf":{"@id":"https:\/\/aivlisoft.net\/shop\/#website"},"primaryImageOfPage":{"@id":"https:\/\/aivlisoft.net\/shop\/producto\/approx-appusb600da-tarjeta-red-wifi-n600-usb\/#primaryimage"},"image":{"@id":"https:\/\/aivlisoft.net\/shop\/producto\/approx-appusb600da-tarjeta-red-wifi-n600-usb\/#primaryimage"},"thumbnailUrl":"https:\/\/aivlisoft.net\/shop\/wp-content\/uploads\/2025\/01\/NADAIN0218_800.jpg","datePublished":"2025-01-13T15:18:55+00:00","dateModified":"2025-01-14T20:20:14+00:00","breadcrumb":{"@id":"https:\/\/aivlisoft.net\/shop\/producto\/approx-appusb600da-tarjeta-red-wifi-n600-usb\/#breadcrumb"},"inLanguage":"es","potentialAction":[{"@type":"ReadAction","target":["https:\/\/aivlisoft.net\/shop\/producto\/approx-appusb600da-tarjeta-red-wifi-n600-usb\/"]}]},{"@type":"ImageObject","inLanguage":"es","@id":"https:\/\/aivlisoft.net\/shop\/producto\/approx-appusb600da-tarjeta-red-wifi-n600-usb\/#primaryimage","url":"https:\/\/aivlisoft.net\/shop\/wp-content\/uploads\/2025\/01\/NADAIN0218_800.jpg","contentUrl":"https:\/\/aivlisoft.net\/shop\/wp-content\/uploads\/2025\/01\/NADAIN0218_800.jpg","width":800,"height":800},{"@type":"BreadcrumbList","@id":"https:\/\/aivlisoft.net\/shop\/producto\/approx-appusb600da-tarjeta-red-wifi-n600-usb\/#breadcrumb","itemListElement":[{"@type":"ListItem","position":1,"name":"Portada","item":"https:\/\/aivlisoft.net\/shop\/"},{"@type":"ListItem","position":2,"name":"Tienda","item":"https:\/\/aivlisoft.net\/shop\/tienda\/"},{"@type":"ListItem","position":3,"name":"approx APPUSB600DA Tarjeta Red WiFi N600 USB"}]},{"@type":"WebSite","@id":"https:\/\/aivlisoft.net\/shop\/#website","url":"https:\/\/aivlisoft.net\/shop\/","name":"Aivlisoft Inform\u00e1tica","description":"En Aivlisoft Inform\u00e1tica ofrecemos soluciones tecnol\u00f3gicas para empresas: venta de ordenadores, consumibles, perif\u00e9ricos y m\u00e1s. Calidad, atenci\u00f3n personalizada y los mejores precios para tu negocio.","publisher":{"@id":"https:\/\/aivlisoft.net\/shop\/#organization"},"potentialAction":[{"@type":"SearchAction","target":{"@type":"EntryPoint","urlTemplate":"https:\/\/aivlisoft.net\/shop\/?s={search_term_string}"},"query-input":{"@type":"PropertyValueSpecification","valueRequired":true,"valueName":"search_term_string"}}],"inLanguage":"es"},{"@type":"Organization","@id":"https:\/\/aivlisoft.net\/shop\/#organization","name":"Aivlisoft Inform\u00e1tica","url":"https:\/\/aivlisoft.net\/shop\/","logo":{"@type":"ImageObject","inLanguage":"es","@id":"https:\/\/aivlisoft.net\/shop\/#\/schema\/logo\/image\/","url":"https:\/\/aivlisoft.net\/shop\/wp-content\/uploads\/2024\/12\/removal.ai_5b848c54-0cdf-4140-95c5-c5536bb7573b-logodef.png","contentUrl":"https:\/\/aivlisoft.net\/shop\/wp-content\/uploads\/2024\/12\/removal.ai_5b848c54-0cdf-4140-95c5-c5536bb7573b-logodef.png","width":484,"height":182,"caption":"Aivlisoft Inform\u00e1tica"},"image":{"@id":"https:\/\/aivlisoft.net\/shop\/#\/schema\/logo\/image\/"}}]}},"_links":{"self":[{"href":"https:\/\/aivlisoft.net\/shop\/wp-json\/wp\/v2\/product\/18109","targetHints":{"allow":["GET"]}}],"collection":[{"href":"https:\/\/aivlisoft.net\/shop\/wp-json\/wp\/v2\/product"}],"about":[{"href":"https:\/\/aivlisoft.net\/shop\/wp-json\/wp\/v2\/types\/product"}],"wp:featuredmedia":[{"embeddable":true,"href":"https:\/\/aivlisoft.net\/shop\/wp-json\/wp\/v2\/media\/18110"}],"wp:attachment":[{"href":"https:\/\/aivlisoft.net\/shop\/wp-json\/wp\/v2\/media?parent=18109"}],"wp:term":[{"taxonomy":"product_brand","embeddable":true,"href":"https:\/\/aivlisoft.net\/shop\/wp-json\/wp\/v2\/product_brand?post=18109"},{"taxonomy":"product_cat","embeddable":true,"href":"https:\/\/aivlisoft.net\/shop\/wp-json\/wp\/v2\/product_cat?post=18109"},{"taxonomy":"product_tag","embeddable":true,"href":"https:\/\/aivlisoft.net\/shop\/wp-json\/wp\/v2\/product_tag?post=18109"}],"curies":[{"name":"wp","href":"https:\/\/api.w.org\/{rel}","templated":true}]}}