{"id":18106,"date":"2025-01-13T15:18:53","date_gmt":"2025-01-13T15:18:53","guid":{"rendered":"https:\/\/aivlisoft.com\/?post_type=product&#038;p=18106"},"modified":"2025-01-14T20:20:15","modified_gmt":"2025-01-14T20:20:15","slug":"approx-appusb600nav2-tarjeta-red-wifi-n600-nano-us","status":"publish","type":"product","link":"https:\/\/aivlisoft.net\/shop\/producto\/approx-appusb600nav2-tarjeta-red-wifi-n600-nano-us\/","title":{"rendered":"approx APPUSB600NAV2 Tarjeta Red WiFi N600 Nano US"},"content":{"rendered":"<p>Dispositivo USB Wireless dise&ntilde;ado para redes de hasta 600Mbps. Soporta funci&oacute;n WPS que permite agilizar de un modo m&aacute;s seguro las conexiones Wifi. Soporta m&uacute;ltiples protocolos de seguridad existente hasta el momento: WEP\/WPA\/WPA2. Su dise&ntilde;o nano le dotan de una gran movilidad adaptable a cualquier situaci&oacute;n.<\/p>\n<p><strong>Utilidad del Producto<\/strong><br \/>El adaptador USB inal&aacute;mbrico 600 Mbps APPUSB600NAV2 le permitir&aacute; conectar su ordenador o port&aacute;til a una red inal&aacute;mbrica y acceder a ella a 600Mbps.<br \/>Es compatible con el protocolo IEEE 802.11b\/g\/n, trabaja a velocidad 11n y ofrece una se&ntilde;al inal&aacute;mbrica estable. Todo ello lo convierte en el mejor aliado para jugar online o reproducir v&iacute;deo HD en streaming<\/p>\n<p><strong>Portabilidad<\/strong><br \/>Su portabilidad es ideal para llevarlo en cualquier parte y tenerlo siempre a la mano, debido a sus reducidas dimensiones de 22,3&#215;16,6&#215;8,5 mm.&nbsp;&nbsp;&nbsp;&nbsp;&nbsp; &nbsp;<\/p>\n<p><strong>Materiales de primera calidad<\/strong><br \/>Uno de los chipsets mas potentes del mercado, es la mejor soluci&oacute;n para aportar estabilidad a tu red inal&aacute;mbrica.<\/p>\n<p><strong>Compatible con Windows 10<\/strong><br \/>Funciona perfectamente con el sistema operativo de Microsoft: Windows 10.<br \/>&nbsp;<\/p>\n<table class=\"tabla_caracteristicas k-table\" width=\"100%\">\n<tr>\n<td valign=\"top\"><strong>Marca<\/strong><\/td>\n<td>approx!<\/td>\n<\/tr>\n<tr>\n<td valign=\"top\"><strong>Modelo<\/strong><\/td>\n<td valign=\"top\"><strong>APPUSB600NAV2<\/strong><\/td>\n<\/tr>\n<tr>\n<td valign=\"top\"><strong>Caracter&iacute;sticas<\/strong><\/td>\n<td><strong>Peso y dimensiones<\/strong><br \/>\t\t\t&#8211; Ancho : &nbsp;22,3 mm<br \/>\t\t\t&#8211; Profundidad : &nbsp;16,6 mm<br \/>\t\t\t&#8211; Altura : &nbsp;8,5 mm<br \/>\t\t\t<strong>Requisitos del sistema<\/strong><br \/>\t\t\t&#8211; Sistema operativo Windows soportado : &nbsp;S&iacute;<br \/>\t\t\t&#8211; Sistema operativo MAC soportado : &nbsp;S&iacute;<br \/>\t\t\t&#8211; Sistema operativo Linux soportado : &nbsp;S&iacute;<br \/>\t\t\t<strong>Puertos e interfaces<\/strong><br \/>\t\t\t&#8211; Tecnolog&iacute;a de conectividad : &nbsp;Al&aacute;mbrico<br \/>\t\t\t&#8211; Interfaz de host : &nbsp;USB<br \/>\t\t\t&#8211; Interfaz : &nbsp;WLAN<br \/>\t\t\t&#8211; Cantidad de puertos USB : &nbsp;1<br \/>\t\t\t&#8211; Versi&oacute;n USB : &nbsp;2.0<br \/>\t\t\t<strong>Dise&ntilde;o<\/strong><br \/>\t\t\t&#8211; Uso recomendado : &nbsp;PC \/ Ordenador port&aacute;til<br \/>\t\t\t&#8211; Color del producto : &nbsp;Negro<br \/>\t\t\t&#8211; Interno : &nbsp;No<br \/>\t\t\t&#8211; Material de la carcasa : &nbsp;De pl&aacute;stico<br \/>\t\t\t<strong>Conexi&oacute;n<\/strong><br \/>\t\t\t&#8211; Rango m&aacute;ximo de transferencia de datos : &nbsp;600 Mbit\/s<br \/>\t\t\t&#8211; Est&aacute;ndares de red : &nbsp;IEEE 802.11ac,IEEE 802.11b,IEEE 802.11g,IEEE 802.11n<br \/>\t\t\t&#8211; Wifi : &nbsp;S&iacute;<br \/>\t\t\t&#8211; Banda Wi-Fi : &nbsp;Doble banda (2,4 GHz \/ 5 GHz)<br \/>\t\t\t&#8211; Alcance de frecuencia : &nbsp;2,4 &#8211; 5 GHz<br \/>\t\t\t&#8211; Est&aacute;ndar Wi-Fi : &nbsp;Wi-Fi 5 (802.11ac)<br \/>\t\t\t&#8211; Wi-Fi est&aacute;ndares : &nbsp;802.11b,802.11g,Wi-Fi 4 (802.11n),Wi-Fi 5 (802.11ac)<br \/>\t\t\t&#8211; WLAN velocidad de transferencia de datos, soportada : &nbsp;150,433,600 Mbit\/s<br \/>\t\t\t&#8211; Algoritmos de seguridad soportados : &nbsp;WEP,WPA,WPA2,WPS<\/td>\n<\/tr>\n<tr>\n<td valign=\"top\"><strong>Fecha Revisi&oacute;n<\/strong><\/td>\n<td>29-06-2021 por YMC<\/td>\n<\/tr>\n<\/table>\n","protected":false},"excerpt":{"rendered":"<p>Dispositivo USB Wireless dise&ntilde;ado para redes de hasta 600Mbps. Soporta funci&oacute;n WPS que permite agilizar de un modo m&aacute;s seguro las conexiones Wifi. Soporta m&uacute;ltiples protocolos de seguridad existente hasta el momento: WEP\/WPA\/WPA2. Su dise&ntilde;o nano le dotan de una gran movilidad adaptable a cualquier situaci&oacute;n. Utilidad del ProductoEl adaptador USB inal&aacute;mbrico 600 Mbps APPUSB600NAV2&hellip;&nbsp;<a href=\"https:\/\/aivlisoft.net\/shop\/producto\/approx-appusb600nav2-tarjeta-red-wifi-n600-nano-us\/\" rel=\"bookmark\"><span class=\"screen-reader-text\">approx APPUSB600NAV2 Tarjeta Red WiFi N600 Nano US<\/span><\/a><\/p>\n","protected":false},"featured_media":18107,"template":"","meta":{"neve_meta_sidebar":"","neve_meta_container":"","neve_meta_enable_content_width":"","neve_meta_content_width":0,"neve_meta_title_alignment":"","neve_meta_author_avatar":"","neve_post_elements_order":"","neve_meta_disable_header":"","neve_meta_disable_footer":"","neve_meta_disable_title":""},"product_brand":[],"product_cat":[15,1399,8705,8702],"product_tag":[6632],"class_list":{"0":"post-18106","1":"product","2":"type-product","3":"status-publish","4":"has-post-thumbnail","6":"product_cat-sin-categorizar","7":"product_cat-accesorios-redes","8":"product_cat-accesorios-redes-wifi","9":"product_cat-herramientasconectores-redes","10":"product_tag-appusb600nav2","12":"first","13":"instock","14":"taxable","15":"shipping-taxable","16":"purchasable","17":"product-type-simple"},"yoast_head":"<!-- This site is optimized with the Yoast SEO plugin v26.0 - https:\/\/yoast.com\/wordpress\/plugins\/seo\/ -->\n<title>approx APPUSB600NAV2 Tarjeta Red WiFi N600 Nano US - Aivlisoft Inform\u00e1tica<\/title>\n<meta name=\"robots\" content=\"index, follow, max-snippet:-1, max-image-preview:large, max-video-preview:-1\" \/>\n<link rel=\"canonical\" href=\"https:\/\/aivlisoft.net\/shop\/producto\/approx-appusb600nav2-tarjeta-red-wifi-n600-nano-us\/\" \/>\n<meta property=\"og:locale\" content=\"es_ES\" \/>\n<meta property=\"og:type\" content=\"article\" \/>\n<meta property=\"og:title\" content=\"approx APPUSB600NAV2 Tarjeta Red WiFi N600 Nano US - Aivlisoft Inform\u00e1tica\" \/>\n<meta property=\"og:description\" content=\"Dispositivo USB Wireless dise&ntilde;ado para redes de hasta 600Mbps. Soporta funci&oacute;n WPS que permite agilizar de un modo m&aacute;s seguro las conexiones Wifi. Soporta m&uacute;ltiples protocolos de seguridad existente hasta el momento: WEP\/WPA\/WPA2. Su dise&ntilde;o nano le dotan de una gran movilidad adaptable a cualquier situaci&oacute;n. Utilidad del ProductoEl adaptador USB inal&aacute;mbrico 600 Mbps APPUSB600NAV2&hellip;&nbsp;approx APPUSB600NAV2 Tarjeta Red WiFi N600 Nano US\" \/>\n<meta property=\"og:url\" content=\"https:\/\/aivlisoft.net\/shop\/producto\/approx-appusb600nav2-tarjeta-red-wifi-n600-nano-us\/\" \/>\n<meta property=\"og:site_name\" content=\"Aivlisoft Inform\u00e1tica\" \/>\n<meta property=\"article:modified_time\" content=\"2025-01-14T20:20:15+00:00\" \/>\n<meta property=\"og:image\" content=\"https:\/\/aivlisoft.net\/shop\/wp-content\/uploads\/2025\/01\/NADAIN0217_800.jpg\" \/>\n\t<meta property=\"og:image:width\" content=\"800\" \/>\n\t<meta property=\"og:image:height\" content=\"800\" \/>\n\t<meta property=\"og:image:type\" content=\"image\/jpeg\" \/>\n<meta name=\"twitter:card\" content=\"summary_large_image\" \/>\n<meta name=\"twitter:label1\" content=\"Tiempo de lectura\" \/>\n\t<meta name=\"twitter:data1\" content=\"2 minutos\" \/>\n<script type=\"application\/ld+json\" class=\"yoast-schema-graph\">{\"@context\":\"https:\/\/schema.org\",\"@graph\":[{\"@type\":\"WebPage\",\"@id\":\"https:\/\/aivlisoft.net\/shop\/producto\/approx-appusb600nav2-tarjeta-red-wifi-n600-nano-us\/\",\"url\":\"https:\/\/aivlisoft.net\/shop\/producto\/approx-appusb600nav2-tarjeta-red-wifi-n600-nano-us\/\",\"name\":\"approx APPUSB600NAV2 Tarjeta Red WiFi N600 Nano US - Aivlisoft Inform\u00e1tica\",\"isPartOf\":{\"@id\":\"https:\/\/aivlisoft.net\/shop\/#website\"},\"primaryImageOfPage\":{\"@id\":\"https:\/\/aivlisoft.net\/shop\/producto\/approx-appusb600nav2-tarjeta-red-wifi-n600-nano-us\/#primaryimage\"},\"image\":{\"@id\":\"https:\/\/aivlisoft.net\/shop\/producto\/approx-appusb600nav2-tarjeta-red-wifi-n600-nano-us\/#primaryimage\"},\"thumbnailUrl\":\"https:\/\/aivlisoft.net\/shop\/wp-content\/uploads\/2025\/01\/NADAIN0217_800.jpg\",\"datePublished\":\"2025-01-13T15:18:53+00:00\",\"dateModified\":\"2025-01-14T20:20:15+00:00\",\"breadcrumb\":{\"@id\":\"https:\/\/aivlisoft.net\/shop\/producto\/approx-appusb600nav2-tarjeta-red-wifi-n600-nano-us\/#breadcrumb\"},\"inLanguage\":\"es\",\"potentialAction\":[{\"@type\":\"ReadAction\",\"target\":[\"https:\/\/aivlisoft.net\/shop\/producto\/approx-appusb600nav2-tarjeta-red-wifi-n600-nano-us\/\"]}]},{\"@type\":\"ImageObject\",\"inLanguage\":\"es\",\"@id\":\"https:\/\/aivlisoft.net\/shop\/producto\/approx-appusb600nav2-tarjeta-red-wifi-n600-nano-us\/#primaryimage\",\"url\":\"https:\/\/aivlisoft.net\/shop\/wp-content\/uploads\/2025\/01\/NADAIN0217_800.jpg\",\"contentUrl\":\"https:\/\/aivlisoft.net\/shop\/wp-content\/uploads\/2025\/01\/NADAIN0217_800.jpg\",\"width\":800,\"height\":800},{\"@type\":\"BreadcrumbList\",\"@id\":\"https:\/\/aivlisoft.net\/shop\/producto\/approx-appusb600nav2-tarjeta-red-wifi-n600-nano-us\/#breadcrumb\",\"itemListElement\":[{\"@type\":\"ListItem\",\"position\":1,\"name\":\"Portada\",\"item\":\"https:\/\/aivlisoft.net\/shop\/\"},{\"@type\":\"ListItem\",\"position\":2,\"name\":\"Tienda\",\"item\":\"https:\/\/aivlisoft.net\/shop\/tienda\/\"},{\"@type\":\"ListItem\",\"position\":3,\"name\":\"approx APPUSB600NAV2 Tarjeta Red WiFi N600 Nano US\"}]},{\"@type\":\"WebSite\",\"@id\":\"https:\/\/aivlisoft.net\/shop\/#website\",\"url\":\"https:\/\/aivlisoft.net\/shop\/\",\"name\":\"Aivlisoft Inform\u00e1tica\",\"description\":\"En Aivlisoft Inform\u00e1tica ofrecemos soluciones tecnol\u00f3gicas para empresas: venta de ordenadores, consumibles, perif\u00e9ricos y m\u00e1s. Calidad, atenci\u00f3n personalizada y los mejores precios para tu negocio.\",\"publisher\":{\"@id\":\"https:\/\/aivlisoft.net\/shop\/#organization\"},\"potentialAction\":[{\"@type\":\"SearchAction\",\"target\":{\"@type\":\"EntryPoint\",\"urlTemplate\":\"https:\/\/aivlisoft.net\/shop\/?s={search_term_string}\"},\"query-input\":{\"@type\":\"PropertyValueSpecification\",\"valueRequired\":true,\"valueName\":\"search_term_string\"}}],\"inLanguage\":\"es\"},{\"@type\":\"Organization\",\"@id\":\"https:\/\/aivlisoft.net\/shop\/#organization\",\"name\":\"Aivlisoft Inform\u00e1tica\",\"url\":\"https:\/\/aivlisoft.net\/shop\/\",\"logo\":{\"@type\":\"ImageObject\",\"inLanguage\":\"es\",\"@id\":\"https:\/\/aivlisoft.net\/shop\/#\/schema\/logo\/image\/\",\"url\":\"https:\/\/aivlisoft.net\/shop\/wp-content\/uploads\/2024\/12\/removal.ai_5b848c54-0cdf-4140-95c5-c5536bb7573b-logodef.png\",\"contentUrl\":\"https:\/\/aivlisoft.net\/shop\/wp-content\/uploads\/2024\/12\/removal.ai_5b848c54-0cdf-4140-95c5-c5536bb7573b-logodef.png\",\"width\":484,\"height\":182,\"caption\":\"Aivlisoft Inform\u00e1tica\"},\"image\":{\"@id\":\"https:\/\/aivlisoft.net\/shop\/#\/schema\/logo\/image\/\"}}]}<\/script>\n<!-- \/ Yoast SEO plugin. -->","yoast_head_json":{"title":"approx APPUSB600NAV2 Tarjeta Red WiFi N600 Nano US - Aivlisoft Inform\u00e1tica","robots":{"index":"index","follow":"follow","max-snippet":"max-snippet:-1","max-image-preview":"max-image-preview:large","max-video-preview":"max-video-preview:-1"},"canonical":"https:\/\/aivlisoft.net\/shop\/producto\/approx-appusb600nav2-tarjeta-red-wifi-n600-nano-us\/","og_locale":"es_ES","og_type":"article","og_title":"approx APPUSB600NAV2 Tarjeta Red WiFi N600 Nano US - Aivlisoft Inform\u00e1tica","og_description":"Dispositivo USB Wireless dise&ntilde;ado para redes de hasta 600Mbps. Soporta funci&oacute;n WPS que permite agilizar de un modo m&aacute;s seguro las conexiones Wifi. Soporta m&uacute;ltiples protocolos de seguridad existente hasta el momento: WEP\/WPA\/WPA2. Su dise&ntilde;o nano le dotan de una gran movilidad adaptable a cualquier situaci&oacute;n. Utilidad del ProductoEl adaptador USB inal&aacute;mbrico 600 Mbps APPUSB600NAV2&hellip;&nbsp;approx APPUSB600NAV2 Tarjeta Red WiFi N600 Nano US","og_url":"https:\/\/aivlisoft.net\/shop\/producto\/approx-appusb600nav2-tarjeta-red-wifi-n600-nano-us\/","og_site_name":"Aivlisoft Inform\u00e1tica","article_modified_time":"2025-01-14T20:20:15+00:00","og_image":[{"width":800,"height":800,"url":"https:\/\/aivlisoft.net\/shop\/wp-content\/uploads\/2025\/01\/NADAIN0217_800.jpg","type":"image\/jpeg"}],"twitter_card":"summary_large_image","twitter_misc":{"Tiempo de lectura":"2 minutos"},"schema":{"@context":"https:\/\/schema.org","@graph":[{"@type":"WebPage","@id":"https:\/\/aivlisoft.net\/shop\/producto\/approx-appusb600nav2-tarjeta-red-wifi-n600-nano-us\/","url":"https:\/\/aivlisoft.net\/shop\/producto\/approx-appusb600nav2-tarjeta-red-wifi-n600-nano-us\/","name":"approx APPUSB600NAV2 Tarjeta Red WiFi N600 Nano US - Aivlisoft Inform\u00e1tica","isPartOf":{"@id":"https:\/\/aivlisoft.net\/shop\/#website"},"primaryImageOfPage":{"@id":"https:\/\/aivlisoft.net\/shop\/producto\/approx-appusb600nav2-tarjeta-red-wifi-n600-nano-us\/#primaryimage"},"image":{"@id":"https:\/\/aivlisoft.net\/shop\/producto\/approx-appusb600nav2-tarjeta-red-wifi-n600-nano-us\/#primaryimage"},"thumbnailUrl":"https:\/\/aivlisoft.net\/shop\/wp-content\/uploads\/2025\/01\/NADAIN0217_800.jpg","datePublished":"2025-01-13T15:18:53+00:00","dateModified":"2025-01-14T20:20:15+00:00","breadcrumb":{"@id":"https:\/\/aivlisoft.net\/shop\/producto\/approx-appusb600nav2-tarjeta-red-wifi-n600-nano-us\/#breadcrumb"},"inLanguage":"es","potentialAction":[{"@type":"ReadAction","target":["https:\/\/aivlisoft.net\/shop\/producto\/approx-appusb600nav2-tarjeta-red-wifi-n600-nano-us\/"]}]},{"@type":"ImageObject","inLanguage":"es","@id":"https:\/\/aivlisoft.net\/shop\/producto\/approx-appusb600nav2-tarjeta-red-wifi-n600-nano-us\/#primaryimage","url":"https:\/\/aivlisoft.net\/shop\/wp-content\/uploads\/2025\/01\/NADAIN0217_800.jpg","contentUrl":"https:\/\/aivlisoft.net\/shop\/wp-content\/uploads\/2025\/01\/NADAIN0217_800.jpg","width":800,"height":800},{"@type":"BreadcrumbList","@id":"https:\/\/aivlisoft.net\/shop\/producto\/approx-appusb600nav2-tarjeta-red-wifi-n600-nano-us\/#breadcrumb","itemListElement":[{"@type":"ListItem","position":1,"name":"Portada","item":"https:\/\/aivlisoft.net\/shop\/"},{"@type":"ListItem","position":2,"name":"Tienda","item":"https:\/\/aivlisoft.net\/shop\/tienda\/"},{"@type":"ListItem","position":3,"name":"approx APPUSB600NAV2 Tarjeta Red WiFi N600 Nano US"}]},{"@type":"WebSite","@id":"https:\/\/aivlisoft.net\/shop\/#website","url":"https:\/\/aivlisoft.net\/shop\/","name":"Aivlisoft Inform\u00e1tica","description":"En Aivlisoft Inform\u00e1tica ofrecemos soluciones tecnol\u00f3gicas para empresas: venta de ordenadores, consumibles, perif\u00e9ricos y m\u00e1s. Calidad, atenci\u00f3n personalizada y los mejores precios para tu negocio.","publisher":{"@id":"https:\/\/aivlisoft.net\/shop\/#organization"},"potentialAction":[{"@type":"SearchAction","target":{"@type":"EntryPoint","urlTemplate":"https:\/\/aivlisoft.net\/shop\/?s={search_term_string}"},"query-input":{"@type":"PropertyValueSpecification","valueRequired":true,"valueName":"search_term_string"}}],"inLanguage":"es"},{"@type":"Organization","@id":"https:\/\/aivlisoft.net\/shop\/#organization","name":"Aivlisoft Inform\u00e1tica","url":"https:\/\/aivlisoft.net\/shop\/","logo":{"@type":"ImageObject","inLanguage":"es","@id":"https:\/\/aivlisoft.net\/shop\/#\/schema\/logo\/image\/","url":"https:\/\/aivlisoft.net\/shop\/wp-content\/uploads\/2024\/12\/removal.ai_5b848c54-0cdf-4140-95c5-c5536bb7573b-logodef.png","contentUrl":"https:\/\/aivlisoft.net\/shop\/wp-content\/uploads\/2024\/12\/removal.ai_5b848c54-0cdf-4140-95c5-c5536bb7573b-logodef.png","width":484,"height":182,"caption":"Aivlisoft Inform\u00e1tica"},"image":{"@id":"https:\/\/aivlisoft.net\/shop\/#\/schema\/logo\/image\/"}}]}},"_links":{"self":[{"href":"https:\/\/aivlisoft.net\/shop\/wp-json\/wp\/v2\/product\/18106","targetHints":{"allow":["GET"]}}],"collection":[{"href":"https:\/\/aivlisoft.net\/shop\/wp-json\/wp\/v2\/product"}],"about":[{"href":"https:\/\/aivlisoft.net\/shop\/wp-json\/wp\/v2\/types\/product"}],"wp:featuredmedia":[{"embeddable":true,"href":"https:\/\/aivlisoft.net\/shop\/wp-json\/wp\/v2\/media\/18107"}],"wp:attachment":[{"href":"https:\/\/aivlisoft.net\/shop\/wp-json\/wp\/v2\/media?parent=18106"}],"wp:term":[{"taxonomy":"product_brand","embeddable":true,"href":"https:\/\/aivlisoft.net\/shop\/wp-json\/wp\/v2\/product_brand?post=18106"},{"taxonomy":"product_cat","embeddable":true,"href":"https:\/\/aivlisoft.net\/shop\/wp-json\/wp\/v2\/product_cat?post=18106"},{"taxonomy":"product_tag","embeddable":true,"href":"https:\/\/aivlisoft.net\/shop\/wp-json\/wp\/v2\/product_tag?post=18106"}],"curies":[{"name":"wp","href":"https:\/\/api.w.org\/{rel}","templated":true}]}}