{"id":18075,"date":"2025-01-13T15:18:35","date_gmt":"2025-01-13T15:18:35","guid":{"rendered":"https:\/\/aivlisoft.com\/?post_type=product&#038;p=18075"},"modified":"2025-01-14T20:21:12","modified_gmt":"2025-01-14T20:21:12","slug":"edimax-ew-7811uac-adaptador-red-ac600-6dbi-usb","status":"publish","type":"product","link":"https:\/\/aivlisoft.net\/shop\/producto\/edimax-ew-7811uac-adaptador-red-ac600-6dbi-usb\/","title":{"rendered":"Edimax EW-7811UAC Adaptador Red AC600 6dBi USB"},"content":{"rendered":"<div style=\"text-align: justify;\">\t<strong>EW-7811UAC<\/strong><br \/>\tAdaptador USB AC600 Wi-Fi de doble banda de alta ganancia<\/div>\n<div style=\"text-align: justify;\">\t&nbsp;<\/div>\n<div style=\"text-align: justify;\">\t&#8211; Conectividad inal&aacute;mbrica de doble banda de 2,4 GHz o 5 GHz<br \/>\t&#8211; Max. Velocidades de conexi&oacute;n Wi-Fi de 150 Mbps (2.4GHz) o 433Mbps (5 GHz)<br \/>\t&#8211; Cuenta con un bot&oacute;n (Configuraci&oacute;n Wi-Fi protegida) WPS de hardware para conexiones inal&aacute;mbricas f&aacute;ciles<br \/>\t&#8211; Caracter&iacute;sticas del asistente de configuraci&oacute;n f&aacute;cil<br \/>\t&#8211; Compatible con Windows XP\/Vista\/7\/8\/8.1, Linux y Mac OS X conductores<br \/>\t&#8211; Antena de alta ganancia, 4 dBi (2,4 GHz) y 6dBi (5 GHz), le proporciona conexi&oacute;n inal&aacute;mbrica de larga distancia de alto rendimiento<br \/>\t&#8211; Base USB para una ubicaci&oacute;n flexible y una mejor se&ntilde;al inal&aacute;mbrica<\/div>\n<p><\/p>\n<table class=\"tabla_caracteristicas\" width=\"100%\">\n<tbody>\n<tr>\n<td valign=\"top\" width=\"35%\">\t\t\t\t<b><small><font face=\"Tahoma,Arial, Helvetica, sans-serisaf\" style=\"font-size: 11px\">Marca<\/font><\/small><\/b><\/td>\n<td valign=\"top\" width=\"65%\">\t\t\t\t<small><font face=\"Tahoma,Arial, Helvetica, sans-serif\" style=\"font-size: 11px\">Edimax<\/font><\/small><\/td>\n<\/tr>\n<tr>\n<td valign=\"top\" width=\"35%\">\t\t\t\t<b><small><font face=\"Tahoma,Arial, Helvetica, sans-serif\" style=\"font-size: 11px\">Modelo<\/font><\/small><\/b><\/td>\n<td valign=\"top\" width=\"65%\">\t\t\t\t<strong><small><font face=\"Tahoma,Arial, Helvetica, sans-serif\" style=\"font-size: 11px\">EW-7811UAC<\/font><\/small><\/strong><\/td>\n<\/tr>\n<tr>\n<td valign=\"top\" width=\"35%\">\t\t\t\t<b><small><font face=\"Tahoma,Arial, Helvetica, sans-serif\" style=\"font-size: 11px\">Caracter&iacute;sticas<\/font><\/small><\/b><\/td>\n<td valign=\"top\" width=\"65%\">\t\t\t\t<small><font face=\"Tahoma,Arial, Helvetica, sans-serif\" style=\"font-size: 11px\"><strong>Interfaces<\/strong><br \/>\t\t\t\t&#8211; 1 x USB 2.0 Type A<br \/>\t\t\t\t&#8211; 1 x Hardware WPS Button<br \/>\t\t\t\t&#8211; 1 x Link\/Activity LED<br \/>\t\t\t\t<strong>Normas<\/strong><br \/>\t\t\t\t&#8211; 2.4GHz: IEEE 802.11b, 802.11g, 802.11n<br \/>\t\t\t\t&#8211; 5GHz: IEEE 802.11ac (Draft), 802.11a, 802.11n&nbsp;&nbsp;&nbsp; <br \/>\t\t\t\t<strong>Frecuencias<\/strong><br \/>\t\t\t\t&#8211; 2.4000 &#8211; 2.4835GHz (subject to local regulations)<br \/>\t\t\t\t&#8211; 5.150 &#8211; 5.825GHz (subject to local regulations)<br \/>\t\t\t\t<strong>Potencia de salida<\/strong><br \/>\t\t\t\t&#8211; 2.4GHz<br \/>\t\t\t\t11b (11Mbps): 17dBm&plusmn;1.5dBm<br \/>\t\t\t\t11g (54Mbps): 15dBm&plusmn;1.5dBm<br \/>\t\t\t\t11n (20MHz, MCS7): 14dBm&plusmn;1.5dBm<br \/>\t\t\t\t11n (40MHz, MCS7): 14dBm&plusmn;1.5dBm<br \/>\t\t\t\t&#8211; 5GHz<br \/>\t\t\t\t11a (54Mbps): 14dBm&plusmn;1.5dBm<br \/>\t\t\t\t11n (20MHz, MCS7): 13dBm&plusmn;1.5dBm<br \/>\t\t\t\t11n (40MHz, MCS7): 13dBm&plusmn;1.5dBm<br \/>\t\t\t\t11ac (80MHz, MCS9): 12dBm&plusmn;1.5dBm<br \/>\t\t\t\t<strong>Instalaci&oacute;n<\/strong><br \/>\t\t\t\t&#8211; Multi-idioma asistente de configuraci&oacute;n f&aacute;cil<br \/>\t\t\t\t&#8211; Bot&oacute;n WPS de hardware para facilitar las conexiones inal&aacute;mbricas<br \/>\t\t\t\t<strong>Rango de operaci&oacute;n<\/strong><br \/>\t\t\t\t&#8211; 11a: 6\/9\/12\/24\/36\/48\/54Mbps<br \/>\t\t\t\t&#8211; 11b: 1\/2\/5.5\/11Mbps<br \/>\t\t\t\t&#8211; 11g: 6\/9\/12\/24\/36\/48\/54Mbps<br \/>\t\t\t\t&#8211; 11n (20MHz): MCS0-07 (up to 72Mbps)<br \/>\t\t\t\t&#8211; 11n (40MHz): MCS0-07 (up to 144Mbps)<br \/>\t\t\t\t&#8211; 11ac (80MHz): MCS0-09 (up to 433Mbps) <br \/>\t\t\t\t<strong>LED<\/strong><br \/>\t\t\t\t&#8211; Link\/Activity&nbsp;&nbsp;&nbsp; <br \/>\t\t\t\t<strong>Seguridad<\/strong><br \/>\t\t\t\t&#8211; WEP 64\/128-bit, WPA, WPA2, 802.1x<br \/>\t\t\t\t&#8211; Hardware &amp; Software WPS Configuration&nbsp;&nbsp;&nbsp; <br \/>\t\t\t\t<\/font><\/small><\/td>\n<\/tr>\n<tr>\n<td valign=\"top\" width=\"35%\">\t\t\t\t<b><small><font face=\"Tahoma,Arial, Helvetica, sans-serif\" style=\"font-size: 11px\">Otras caracter&iacute;sticas<\/font><\/small><\/b><\/td>\n<td valign=\"top\" width=\"65%\">\t\t\t\t<small><font face=\"Tahoma,Arial, Helvetica, sans-serif\" style=\"font-size: 11px\"><small><font face=\"Tahoma,Arial, Helvetica, sans-serif\" style=\"font-size: 11px\">Temperatura y humedad<br \/>\t\t\t\t&#8211; Max. 95% (non-condensing)<br \/>\t\t\t\t&#8211; 32 &#8211; 104&deg;F (0 &#8211; 40&deg;C)<br \/>\t\t\t\tDimensiones<br \/>\t\t\t\t&#8211; 190 (L) x 20 (W) x 7 (H) m<br \/>\t\t\t\t&#8211; 18g<br \/>\t\t\t\tCertificaciones<br \/>\t\t\t\t&#8211; CE\/FCC&nbsp;&nbsp;&nbsp; <br \/>\t\t\t\tAccessorios<br \/>\t\t\t\t&#8211; 1 x USB cradle with 1.2 meter cable <br \/>\t\t\t\t<\/font><\/small><\/font><\/small><\/td>\n<\/tr>\n<tr>\n<td valign=\"top\" width=\"35%\">\t\t\t\t<b><small><font face=\"Tahoma,Arial, Helvetica, sans-serif\" style=\"font-size: 11px\">Fecha de revisi&oacute;n<\/font><\/small><\/b><\/td>\n<td valign=\"top\" width=\"65%\">\t\t\t\t<small><font face=\"Tahoma,Arial, Helvetica, sans-serif\" style=\"font-size: 11px\">08-07-2014 por DAV<\/font><\/small><\/td>\n<\/tr>\n<\/tbody>\n<\/table>\n","protected":false},"excerpt":{"rendered":"<p>EW-7811UAC Adaptador USB AC600 Wi-Fi de doble banda de alta ganancia &nbsp; &#8211; Conectividad inal&aacute;mbrica de doble banda de 2,4 GHz o 5 GHz &#8211; Max. Velocidades de conexi&oacute;n Wi-Fi de 150 Mbps (2.4GHz) o 433Mbps (5 GHz) &#8211; Cuenta con un bot&oacute;n (Configuraci&oacute;n Wi-Fi protegida) WPS de hardware para conexiones inal&aacute;mbricas f&aacute;ciles &#8211; Caracter&iacute;sticas&hellip;&nbsp;<a href=\"https:\/\/aivlisoft.net\/shop\/producto\/edimax-ew-7811uac-adaptador-red-ac600-6dbi-usb\/\" rel=\"bookmark\"><span class=\"screen-reader-text\">Edimax EW-7811UAC Adaptador Red AC600 6dBi USB<\/span><\/a><\/p>\n","protected":false},"featured_media":18076,"template":"","meta":{"neve_meta_sidebar":"","neve_meta_container":"","neve_meta_enable_content_width":"","neve_meta_content_width":0,"neve_meta_title_alignment":"","neve_meta_author_avatar":"","neve_post_elements_order":"","neve_meta_disable_header":"","neve_meta_disable_footer":"","neve_meta_disable_title":""},"product_brand":[],"product_cat":[15,1399,8705],"product_tag":[6623],"class_list":{"0":"post-18075","1":"product","2":"type-product","3":"status-publish","4":"has-post-thumbnail","6":"product_cat-sin-categorizar","7":"product_cat-accesorios-redes","8":"product_cat-accesorios-redes-wifi","9":"product_tag-ew-7811uac","11":"first","12":"instock","13":"taxable","14":"shipping-taxable","15":"purchasable","16":"product-type-simple"},"yoast_head":"<!-- This site is optimized with the Yoast SEO plugin v26.0 - https:\/\/yoast.com\/wordpress\/plugins\/seo\/ -->\n<title>Edimax EW-7811UAC Adaptador Red AC600 6dBi USB - Aivlisoft Inform\u00e1tica<\/title>\n<meta name=\"robots\" content=\"index, follow, max-snippet:-1, max-image-preview:large, max-video-preview:-1\" \/>\n<link rel=\"canonical\" href=\"https:\/\/aivlisoft.net\/shop\/producto\/edimax-ew-7811uac-adaptador-red-ac600-6dbi-usb\/\" \/>\n<meta property=\"og:locale\" content=\"es_ES\" \/>\n<meta property=\"og:type\" content=\"article\" \/>\n<meta property=\"og:title\" content=\"Edimax EW-7811UAC Adaptador Red AC600 6dBi USB - Aivlisoft Inform\u00e1tica\" \/>\n<meta property=\"og:description\" content=\"EW-7811UAC Adaptador USB AC600 Wi-Fi de doble banda de alta ganancia &nbsp; &#8211; Conectividad inal&aacute;mbrica de doble banda de 2,4 GHz o 5 GHz &#8211; Max. Velocidades de conexi&oacute;n Wi-Fi de 150 Mbps (2.4GHz) o 433Mbps (5 GHz) &#8211; Cuenta con un bot&oacute;n (Configuraci&oacute;n Wi-Fi protegida) WPS de hardware para conexiones inal&aacute;mbricas f&aacute;ciles &#8211; Caracter&iacute;sticas&hellip;&nbsp;Edimax EW-7811UAC Adaptador Red AC600 6dBi USB\" \/>\n<meta property=\"og:url\" content=\"https:\/\/aivlisoft.net\/shop\/producto\/edimax-ew-7811uac-adaptador-red-ac600-6dbi-usb\/\" \/>\n<meta property=\"og:site_name\" content=\"Aivlisoft Inform\u00e1tica\" \/>\n<meta property=\"article:modified_time\" content=\"2025-01-14T20:21:12+00:00\" \/>\n<meta property=\"og:image\" content=\"https:\/\/aivlisoft.net\/shop\/wp-content\/uploads\/2025\/01\/NADAIN0155_800.jpg\" \/>\n\t<meta property=\"og:image:width\" content=\"800\" \/>\n\t<meta property=\"og:image:height\" content=\"800\" \/>\n\t<meta property=\"og:image:type\" content=\"image\/jpeg\" \/>\n<meta name=\"twitter:card\" content=\"summary_large_image\" \/>\n<meta name=\"twitter:label1\" content=\"Tiempo de lectura\" \/>\n\t<meta name=\"twitter:data1\" content=\"2 minutos\" \/>\n<script type=\"application\/ld+json\" class=\"yoast-schema-graph\">{\"@context\":\"https:\/\/schema.org\",\"@graph\":[{\"@type\":\"WebPage\",\"@id\":\"https:\/\/aivlisoft.net\/shop\/producto\/edimax-ew-7811uac-adaptador-red-ac600-6dbi-usb\/\",\"url\":\"https:\/\/aivlisoft.net\/shop\/producto\/edimax-ew-7811uac-adaptador-red-ac600-6dbi-usb\/\",\"name\":\"Edimax EW-7811UAC Adaptador Red AC600 6dBi USB - Aivlisoft Inform\u00e1tica\",\"isPartOf\":{\"@id\":\"https:\/\/aivlisoft.net\/shop\/#website\"},\"primaryImageOfPage\":{\"@id\":\"https:\/\/aivlisoft.net\/shop\/producto\/edimax-ew-7811uac-adaptador-red-ac600-6dbi-usb\/#primaryimage\"},\"image\":{\"@id\":\"https:\/\/aivlisoft.net\/shop\/producto\/edimax-ew-7811uac-adaptador-red-ac600-6dbi-usb\/#primaryimage\"},\"thumbnailUrl\":\"https:\/\/aivlisoft.net\/shop\/wp-content\/uploads\/2025\/01\/NADAIN0155_800.jpg\",\"datePublished\":\"2025-01-13T15:18:35+00:00\",\"dateModified\":\"2025-01-14T20:21:12+00:00\",\"breadcrumb\":{\"@id\":\"https:\/\/aivlisoft.net\/shop\/producto\/edimax-ew-7811uac-adaptador-red-ac600-6dbi-usb\/#breadcrumb\"},\"inLanguage\":\"es\",\"potentialAction\":[{\"@type\":\"ReadAction\",\"target\":[\"https:\/\/aivlisoft.net\/shop\/producto\/edimax-ew-7811uac-adaptador-red-ac600-6dbi-usb\/\"]}]},{\"@type\":\"ImageObject\",\"inLanguage\":\"es\",\"@id\":\"https:\/\/aivlisoft.net\/shop\/producto\/edimax-ew-7811uac-adaptador-red-ac600-6dbi-usb\/#primaryimage\",\"url\":\"https:\/\/aivlisoft.net\/shop\/wp-content\/uploads\/2025\/01\/NADAIN0155_800.jpg\",\"contentUrl\":\"https:\/\/aivlisoft.net\/shop\/wp-content\/uploads\/2025\/01\/NADAIN0155_800.jpg\",\"width\":800,\"height\":800},{\"@type\":\"BreadcrumbList\",\"@id\":\"https:\/\/aivlisoft.net\/shop\/producto\/edimax-ew-7811uac-adaptador-red-ac600-6dbi-usb\/#breadcrumb\",\"itemListElement\":[{\"@type\":\"ListItem\",\"position\":1,\"name\":\"Portada\",\"item\":\"https:\/\/aivlisoft.net\/shop\/\"},{\"@type\":\"ListItem\",\"position\":2,\"name\":\"Tienda\",\"item\":\"https:\/\/aivlisoft.net\/shop\/tienda\/\"},{\"@type\":\"ListItem\",\"position\":3,\"name\":\"Edimax EW-7811UAC Adaptador Red AC600 6dBi USB\"}]},{\"@type\":\"WebSite\",\"@id\":\"https:\/\/aivlisoft.net\/shop\/#website\",\"url\":\"https:\/\/aivlisoft.net\/shop\/\",\"name\":\"Aivlisoft Inform\u00e1tica\",\"description\":\"En Aivlisoft Inform\u00e1tica ofrecemos soluciones tecnol\u00f3gicas para empresas: venta de ordenadores, consumibles, perif\u00e9ricos y m\u00e1s. Calidad, atenci\u00f3n personalizada y los mejores precios para tu negocio.\",\"publisher\":{\"@id\":\"https:\/\/aivlisoft.net\/shop\/#organization\"},\"potentialAction\":[{\"@type\":\"SearchAction\",\"target\":{\"@type\":\"EntryPoint\",\"urlTemplate\":\"https:\/\/aivlisoft.net\/shop\/?s={search_term_string}\"},\"query-input\":{\"@type\":\"PropertyValueSpecification\",\"valueRequired\":true,\"valueName\":\"search_term_string\"}}],\"inLanguage\":\"es\"},{\"@type\":\"Organization\",\"@id\":\"https:\/\/aivlisoft.net\/shop\/#organization\",\"name\":\"Aivlisoft Inform\u00e1tica\",\"url\":\"https:\/\/aivlisoft.net\/shop\/\",\"logo\":{\"@type\":\"ImageObject\",\"inLanguage\":\"es\",\"@id\":\"https:\/\/aivlisoft.net\/shop\/#\/schema\/logo\/image\/\",\"url\":\"https:\/\/aivlisoft.net\/shop\/wp-content\/uploads\/2024\/12\/removal.ai_5b848c54-0cdf-4140-95c5-c5536bb7573b-logodef.png\",\"contentUrl\":\"https:\/\/aivlisoft.net\/shop\/wp-content\/uploads\/2024\/12\/removal.ai_5b848c54-0cdf-4140-95c5-c5536bb7573b-logodef.png\",\"width\":484,\"height\":182,\"caption\":\"Aivlisoft Inform\u00e1tica\"},\"image\":{\"@id\":\"https:\/\/aivlisoft.net\/shop\/#\/schema\/logo\/image\/\"}}]}<\/script>\n<!-- \/ Yoast SEO plugin. -->","yoast_head_json":{"title":"Edimax EW-7811UAC Adaptador Red AC600 6dBi USB - Aivlisoft Inform\u00e1tica","robots":{"index":"index","follow":"follow","max-snippet":"max-snippet:-1","max-image-preview":"max-image-preview:large","max-video-preview":"max-video-preview:-1"},"canonical":"https:\/\/aivlisoft.net\/shop\/producto\/edimax-ew-7811uac-adaptador-red-ac600-6dbi-usb\/","og_locale":"es_ES","og_type":"article","og_title":"Edimax EW-7811UAC Adaptador Red AC600 6dBi USB - Aivlisoft Inform\u00e1tica","og_description":"EW-7811UAC Adaptador USB AC600 Wi-Fi de doble banda de alta ganancia &nbsp; &#8211; Conectividad inal&aacute;mbrica de doble banda de 2,4 GHz o 5 GHz &#8211; Max. Velocidades de conexi&oacute;n Wi-Fi de 150 Mbps (2.4GHz) o 433Mbps (5 GHz) &#8211; Cuenta con un bot&oacute;n (Configuraci&oacute;n Wi-Fi protegida) WPS de hardware para conexiones inal&aacute;mbricas f&aacute;ciles &#8211; Caracter&iacute;sticas&hellip;&nbsp;Edimax EW-7811UAC Adaptador Red AC600 6dBi USB","og_url":"https:\/\/aivlisoft.net\/shop\/producto\/edimax-ew-7811uac-adaptador-red-ac600-6dbi-usb\/","og_site_name":"Aivlisoft Inform\u00e1tica","article_modified_time":"2025-01-14T20:21:12+00:00","og_image":[{"width":800,"height":800,"url":"https:\/\/aivlisoft.net\/shop\/wp-content\/uploads\/2025\/01\/NADAIN0155_800.jpg","type":"image\/jpeg"}],"twitter_card":"summary_large_image","twitter_misc":{"Tiempo de lectura":"2 minutos"},"schema":{"@context":"https:\/\/schema.org","@graph":[{"@type":"WebPage","@id":"https:\/\/aivlisoft.net\/shop\/producto\/edimax-ew-7811uac-adaptador-red-ac600-6dbi-usb\/","url":"https:\/\/aivlisoft.net\/shop\/producto\/edimax-ew-7811uac-adaptador-red-ac600-6dbi-usb\/","name":"Edimax EW-7811UAC Adaptador Red AC600 6dBi USB - Aivlisoft Inform\u00e1tica","isPartOf":{"@id":"https:\/\/aivlisoft.net\/shop\/#website"},"primaryImageOfPage":{"@id":"https:\/\/aivlisoft.net\/shop\/producto\/edimax-ew-7811uac-adaptador-red-ac600-6dbi-usb\/#primaryimage"},"image":{"@id":"https:\/\/aivlisoft.net\/shop\/producto\/edimax-ew-7811uac-adaptador-red-ac600-6dbi-usb\/#primaryimage"},"thumbnailUrl":"https:\/\/aivlisoft.net\/shop\/wp-content\/uploads\/2025\/01\/NADAIN0155_800.jpg","datePublished":"2025-01-13T15:18:35+00:00","dateModified":"2025-01-14T20:21:12+00:00","breadcrumb":{"@id":"https:\/\/aivlisoft.net\/shop\/producto\/edimax-ew-7811uac-adaptador-red-ac600-6dbi-usb\/#breadcrumb"},"inLanguage":"es","potentialAction":[{"@type":"ReadAction","target":["https:\/\/aivlisoft.net\/shop\/producto\/edimax-ew-7811uac-adaptador-red-ac600-6dbi-usb\/"]}]},{"@type":"ImageObject","inLanguage":"es","@id":"https:\/\/aivlisoft.net\/shop\/producto\/edimax-ew-7811uac-adaptador-red-ac600-6dbi-usb\/#primaryimage","url":"https:\/\/aivlisoft.net\/shop\/wp-content\/uploads\/2025\/01\/NADAIN0155_800.jpg","contentUrl":"https:\/\/aivlisoft.net\/shop\/wp-content\/uploads\/2025\/01\/NADAIN0155_800.jpg","width":800,"height":800},{"@type":"BreadcrumbList","@id":"https:\/\/aivlisoft.net\/shop\/producto\/edimax-ew-7811uac-adaptador-red-ac600-6dbi-usb\/#breadcrumb","itemListElement":[{"@type":"ListItem","position":1,"name":"Portada","item":"https:\/\/aivlisoft.net\/shop\/"},{"@type":"ListItem","position":2,"name":"Tienda","item":"https:\/\/aivlisoft.net\/shop\/tienda\/"},{"@type":"ListItem","position":3,"name":"Edimax EW-7811UAC Adaptador Red AC600 6dBi USB"}]},{"@type":"WebSite","@id":"https:\/\/aivlisoft.net\/shop\/#website","url":"https:\/\/aivlisoft.net\/shop\/","name":"Aivlisoft Inform\u00e1tica","description":"En Aivlisoft Inform\u00e1tica ofrecemos soluciones tecnol\u00f3gicas para empresas: venta de ordenadores, consumibles, perif\u00e9ricos y m\u00e1s. Calidad, atenci\u00f3n personalizada y los mejores precios para tu negocio.","publisher":{"@id":"https:\/\/aivlisoft.net\/shop\/#organization"},"potentialAction":[{"@type":"SearchAction","target":{"@type":"EntryPoint","urlTemplate":"https:\/\/aivlisoft.net\/shop\/?s={search_term_string}"},"query-input":{"@type":"PropertyValueSpecification","valueRequired":true,"valueName":"search_term_string"}}],"inLanguage":"es"},{"@type":"Organization","@id":"https:\/\/aivlisoft.net\/shop\/#organization","name":"Aivlisoft Inform\u00e1tica","url":"https:\/\/aivlisoft.net\/shop\/","logo":{"@type":"ImageObject","inLanguage":"es","@id":"https:\/\/aivlisoft.net\/shop\/#\/schema\/logo\/image\/","url":"https:\/\/aivlisoft.net\/shop\/wp-content\/uploads\/2024\/12\/removal.ai_5b848c54-0cdf-4140-95c5-c5536bb7573b-logodef.png","contentUrl":"https:\/\/aivlisoft.net\/shop\/wp-content\/uploads\/2024\/12\/removal.ai_5b848c54-0cdf-4140-95c5-c5536bb7573b-logodef.png","width":484,"height":182,"caption":"Aivlisoft Inform\u00e1tica"},"image":{"@id":"https:\/\/aivlisoft.net\/shop\/#\/schema\/logo\/image\/"}}]}},"_links":{"self":[{"href":"https:\/\/aivlisoft.net\/shop\/wp-json\/wp\/v2\/product\/18075","targetHints":{"allow":["GET"]}}],"collection":[{"href":"https:\/\/aivlisoft.net\/shop\/wp-json\/wp\/v2\/product"}],"about":[{"href":"https:\/\/aivlisoft.net\/shop\/wp-json\/wp\/v2\/types\/product"}],"wp:featuredmedia":[{"embeddable":true,"href":"https:\/\/aivlisoft.net\/shop\/wp-json\/wp\/v2\/media\/18076"}],"wp:attachment":[{"href":"https:\/\/aivlisoft.net\/shop\/wp-json\/wp\/v2\/media?parent=18075"}],"wp:term":[{"taxonomy":"product_brand","embeddable":true,"href":"https:\/\/aivlisoft.net\/shop\/wp-json\/wp\/v2\/product_brand?post=18075"},{"taxonomy":"product_cat","embeddable":true,"href":"https:\/\/aivlisoft.net\/shop\/wp-json\/wp\/v2\/product_cat?post=18075"},{"taxonomy":"product_tag","embeddable":true,"href":"https:\/\/aivlisoft.net\/shop\/wp-json\/wp\/v2\/product_tag?post=18075"}],"curies":[{"name":"wp","href":"https:\/\/api.w.org\/{rel}","templated":true}]}}