{"id":18063,"date":"2025-01-13T15:18:29","date_gmt":"2025-01-13T15:18:29","guid":{"rendered":"https:\/\/aivlisoft.com\/?post_type=product&#038;p=18063"},"modified":"2025-01-14T20:21:17","modified_gmt":"2025-01-14T20:21:17","slug":"edimax-ew-7811utc-tarjeta-red-wifi-ac600-usb","status":"publish","type":"product","link":"https:\/\/aivlisoft.net\/shop\/producto\/edimax-ew-7811utc-tarjeta-red-wifi-ac600-usb\/","title":{"rendered":"Edimax EW-7811UTC Tarjeta Red WiFi AC600 USB"},"content":{"rendered":"<div style=\"text-align: justify;\">\tLa norma inal&aacute;mbrica de pr&oacute;xima generaci&oacute;n 802.11ac ha sido establecida para revolucionar el Wi-Fi. Los enrutadores superveloces de doble banda 802.11ac ya est&aacute;n disponibles, pero los dispositivos inal&aacute;mbricos todav&iacute;a siguen con la tecnolog&iacute;a 802.11n. Actualice su dispositivo inal&aacute;mbrico a uno de doble banda 802.11ac con la conectividad USB 2.0 de m&aacute;xima velocidad y obtendr&aacute; una velocidad Wi-Fi vertiginosa y sin interferencias en la banda de frecuencia de 5 Ghz.<\/p>\n<p>\t<strong>Norma Wi-Fi de pr&oacute;xima generaci&oacute;n<\/strong><br \/>\tEdimax EW-7811UTC es el adaptador Wi-Fi de pr&oacute;xima generaci&oacute;n compatible con el proyecto de la norma 802.11ac y proporciona velocidades de hasta 433 Mbps a 5 GHz, casi el triple de velocidad de 802.11n. Actualice los PC y port&aacute;tiles a la alta velocidad Wi-Fi 802.11ac y disfrute de la transmisi&oacute;n de v&iacute;deo y datos.<br \/>\t<strong><br \/>\tConectividad de doble banda<\/strong><br \/>\tDisfrute de un mejor rendimiento y m&aacute;s flexibilidad en sus dispositivos Wi-Fi usando la conectividad de doble banda. El adaptador EW-7811UTC proporciona conectividad para la banda de 2.4 GHz a velocidades de 150 Mbps o de 5 Ghz a velocidades de 433 Mbps. Puede navegar en Internet y controlar el correo en la banda de 2.4 GHz o seleccionar la banda de 5 GHz para juegos en l&iacute;nea y transmisi&oacute;n de v&iacute;deo en continuo.<br \/>\t<strong><br \/>\tDescarga y transmisi&oacute;n en continuo desde cualquier lugar<\/strong><br \/>\tUse el adaptador EW-7811UTC para descargar y transmitir en continuo contenidos multimedia de YouTube, Netflix u otros servicios sin esperas de b&uacute;fer, o para trasmitir contenidos multimedia en su red desde un NAS (almacenamiento conectado a red) a la velocidad de la luz. La transmisi&oacute;n en continuo o la descarga de pel&iacute;culas HD es m&aacute;s veloz y fiable que nunca con el Wi-Fi 802.11ac.<\/p>\n<p>\t<strong>Compacto y conveniente<br \/>\t<\/strong>Dise&ntilde;ado para alcanzar la m&aacute;xima eficiencia y rendimiento, este peque&ntilde;o adaptador es elegante y port&aacute;til y tiene la velocidad de la luz. Al incorporar la tecnolog&iacute;a 11ac en el estilo de vida de los usuarios y abrir un nuevo mundo de aplicaciones Wi-Fi, el miniadaptador de bajo perfil queda casi imperceptible cuando se coloca en cualquier unidad y USB y viaja con su port&aacute;til dondequiera que su estilo de vida le lleve. .<br \/>\t<strong><br \/>\tBot&oacute;n de configuraci&oacute;n protegida Wi-Fi (WPS)<\/strong><br \/>\tEl EW-7811UTC tiene un bot&oacute;n de configuraci&oacute;n Wi-Fi protegida (WPS) que con un solo clic le permite configurar y activar una red inal&aacute;mbrica segura en un instante.<\/p>\n<p>\t&nbsp;<\/p><\/div>\n<p><\/p>\n<table class=\"tabla_caracteristicas\" width=\"100%\">\n<tbody>\n<tr>\n<td valign=\"top\" width=\"35%\">\t\t\t\t<b><small><font face=\"Tahoma,Arial, Helvetica, sans-serisaf\" style=\"font-size: 11px\">Marca<\/font><\/small><\/b><\/td>\n<td valign=\"top\" width=\"65%\">\t\t\t\t<small><font face=\"Tahoma,Arial, Helvetica, sans-serif\" style=\"font-size: 11px\">Edimax<\/font><\/small><\/td>\n<\/tr>\n<tr>\n<td valign=\"top\" width=\"35%\">\t\t\t\t<b><small><font face=\"Tahoma,Arial, Helvetica, sans-serif\" style=\"font-size: 11px\">Modelo<\/font><\/small><\/b><\/td>\n<td valign=\"top\" width=\"65%\">\t\t\t\t<small><font face=\"Tahoma,Arial, Helvetica, sans-serif\" style=\"font-size: 11px\">EW-7811UTC<\/font><\/small><\/td>\n<\/tr>\n<tr>\n<td valign=\"top\" width=\"35%\">\t\t\t\t<b><small><font face=\"Tahoma,Arial, Helvetica, sans-serif\" style=\"font-size: 11px\">Hardware<\/font><\/small><\/b><\/td>\n<td valign=\"top\" width=\"65%\">\t\t\t\t<small><font face=\"Tahoma,Arial, Helvetica, sans-serif\" style=\"font-size: 11px\">&#8211; 1 USB 2.0 tipo A<br \/>\t\t\t\t&#8211; 1 bot&oacute;n de hardware WPS<br \/>\t\t\t\t&#8211; 1 led conexi&oacute;n\/funcionamiento<\/font><\/small><\/td>\n<\/tr>\n<tr>\n<td valign=\"top\" width=\"35%\">\t\t\t\t<b><small><font face=\"Tahoma,Arial, Helvetica, sans-serif\" style=\"font-size: 11px\">Especificaciones<\/font><\/small><\/b><\/td>\n<td valign=\"top\" width=\"65%\">\t\t\t\t<small><font face=\"Tahoma,Arial, Helvetica, sans-serif\" style=\"font-size: 11px\"><strong>Normas<\/strong><br \/>\t\t\t\t&#8211; 2.4 GHz: IEEE 802.11b, 802.11g, 802.11n<br \/>\t\t\t\t&#8211; 5 GHz: IEEE 802.11ac (proyecto), 802.11a, 802.11n<br \/>\t\t\t\t<strong>Banda de frecuencia:<\/strong><br \/>\t\t\t\t&#8211; 2.4000 &#8211; 2.4835 GHz (sujeto a la normativa local)<br \/>\t\t\t\t&#8211; 5.150 &#8211; 5.825 GHz (sujeto a la normativa local) <br \/>\t\t\t\t<strong>Potencia de salida<\/strong><br \/>\t\t\t\t&#8211; 2.4 GHz<br \/>\t\t\t\t11b (11 Mbps): 17 dBm&plusmn;1.5 dBm<br \/>\t\t\t\t11g (54 Mbps): 15 dBm&plusmn;1.5 dBm<br \/>\t\t\t\t11n (20 MHz, MCS7): 14 dBm&plusmn;1.5 dBm<br \/>\t\t\t\t11n (40 MHz, MCS7): 14 dBm&plusmn;1.5 dBm<br \/>\t\t\t\t&#8211; 5 GHz<br \/>\t\t\t\t11a (54 Mbps): 14 dBm&plusmn;1.5 dBm<br \/>\t\t\t\t11n (20MHz, MCS7): 13 dBm&plusmn;1.5 dBm<br \/>\t\t\t\t11n (40 MHz, MCS7): 13 dBm&plusmn;1.5 dBm<br \/>\t\t\t\t11 ac (80 MHz, MCS7): 12 dBm&plusmn;1.5 dBm<br \/>\t\t\t\t<strong>Alcance de funcionamiento<\/strong><br \/>\t\t\t\t&#8211; 11a: 6\/9\/12\/24\/36\/48\/54 Mbps<br \/>\t\t\t\t&#8211; 11b: 1\/2\/5.5\/11 Mbps<br \/>\t\t\t\t&#8211; 11g: 6\/9\/12\/24\/36\/48\/54 Mbps<br \/>\t\t\t\t&#8211; 11n (20 MHz): MCS0-15 (hasta 72 Mbps)<br \/>\t\t\t\t&#8211; 11n (40 MHz): MCS0-7 (hasta 144 Mbps)<br \/>\t\t\t\t&#8211; 11ac (80 MHz): MCS0-9 (hasta 433 Mbps)<\/font><\/small><\/td>\n<\/tr>\n<tr>\n<td valign=\"top\" width=\"35%\">\t\t\t\t<b><small><font face=\"Tahoma,Arial, Helvetica, sans-serif\" style=\"font-size: 11px\">Otras caracter&iacute;sticas<\/font><\/small><\/b><\/td>\n<td valign=\"top\" width=\"65%\">\t\t\t\t<small><font face=\"Tahoma,Arial, Helvetica, sans-serif\" style=\"font-size: 11px\">Instalaci&oacute;n:<br \/>\t\t\t\t&#8211; Asistente de instalaci&oacute;n f&aacute;cil<br \/>\t\t\t\t&#8211; Bot&oacute;n de hardware WPS para una f&aacute;cil conexi&oacute;n inal&aacute;mbrica <br \/>\t\t\t\tLED<br \/>\t\t\t\t&#8211; Conexi&oacute;n\/Funcionamiento<br \/>\t\t\t\tSeguridad&nbsp;&nbsp; &nbsp;<br \/>\t\t\t\t&#8211; WEP 64\/128-bit, WPA, WPA2, 802.1x<br \/>\t\t\t\t&#8211; Configuraci&oacute;n hardware y software WPS&nbsp;&nbsp; &nbsp;<br \/>\t\t\t\tTemperatura y humedad <br \/>\t\t\t\t&#8211; M&aacute;x. 95% (sin condensaci&oacute;n)<br \/>\t\t\t\t&#8211; 32 &#8211; 104 &deg;F (0-40 &deg;C) &nbsp;<br \/>\t\t\t\tPeso: 3g&nbsp;&nbsp; &nbsp;<br \/>\t\t\t\tDimensiones: 40(Al) x 16(Lar) x 7(Prf)&nbsp;&nbsp; &nbsp;<br \/>\t\t\t\tCertificados: CE\/FCC<\/font><\/small><\/td>\n<\/tr>\n<tr>\n<td valign=\"top\" width=\"35%\">\t\t\t\t<b><small><font face=\"Tahoma,Arial, Helvetica, sans-serif\" style=\"font-size: 11px\">Accsorios incluidos<\/font><\/small><\/b><\/td>\n<td valign=\"top\" width=\"65%\">\t\t\t\t<small><font face=\"Tahoma,Arial, Helvetica, sans-serif\" style=\"font-size: 11px\">&#8211; Adaptador USB inal&aacute;mbrico (1 unidad)<br \/>\t\t\t\t&#8211; Gu&iacute;a r&aacute;pida de instalaci&oacute;n (1 unidad)<br \/>\t\t\t\t&#8211; CD con asistente de instalaci&oacute;n, controlador y gu&iacute;a multiling&uuml;e de instalaci&oacute;n r&aacute;pida (1 unidad)<\/font><\/small><\/td>\n<\/tr>\n<tr>\n<td valign=\"top\" width=\"35%\">\t\t\t\t<b><small><font face=\"Tahoma,Arial, Helvetica, sans-serif\" style=\"font-size: 11px\">Fecha de revisi&oacute;n<\/font><\/small><\/b><\/td>\n<td valign=\"top\" width=\"65%\">\t\t\t\t<small><font face=\"Tahoma,Arial, Helvetica, sans-serif\" style=\"font-size: 11px\">02-12-2013 por DAV<\/font><\/small><\/td>\n<\/tr>\n<\/tbody>\n<\/table>\n","protected":false},"excerpt":{"rendered":"<p>La norma inal&aacute;mbrica de pr&oacute;xima generaci&oacute;n 802.11ac ha sido establecida para revolucionar el Wi-Fi. Los enrutadores superveloces de doble banda 802.11ac ya est&aacute;n disponibles, pero los dispositivos inal&aacute;mbricos todav&iacute;a siguen con la tecnolog&iacute;a 802.11n. Actualice su dispositivo inal&aacute;mbrico a uno de doble banda 802.11ac con la conectividad USB 2.0 de m&aacute;xima velocidad y obtendr&aacute; una&hellip;&nbsp;<a href=\"https:\/\/aivlisoft.net\/shop\/producto\/edimax-ew-7811utc-tarjeta-red-wifi-ac600-usb\/\" rel=\"bookmark\"><span class=\"screen-reader-text\">Edimax EW-7811UTC Tarjeta Red WiFi AC600 USB<\/span><\/a><\/p>\n","protected":false},"featured_media":18064,"template":"","meta":{"neve_meta_sidebar":"","neve_meta_container":"","neve_meta_enable_content_width":"","neve_meta_content_width":0,"neve_meta_title_alignment":"","neve_meta_author_avatar":"","neve_post_elements_order":"","neve_meta_disable_header":"","neve_meta_disable_footer":"","neve_meta_disable_title":""},"product_brand":[],"product_cat":[15,1399,8705],"product_tag":[6620],"class_list":{"0":"post-18063","1":"product","2":"type-product","3":"status-publish","4":"has-post-thumbnail","6":"product_cat-sin-categorizar","7":"product_cat-accesorios-redes","8":"product_cat-accesorios-redes-wifi","9":"product_tag-ew-7811utc","11":"first","12":"instock","13":"taxable","14":"shipping-taxable","15":"purchasable","16":"product-type-simple"},"yoast_head":"<!-- This site is optimized with the Yoast SEO plugin v26.0 - https:\/\/yoast.com\/wordpress\/plugins\/seo\/ -->\n<title>Edimax EW-7811UTC Tarjeta Red WiFi AC600 USB - Aivlisoft Inform\u00e1tica<\/title>\n<meta name=\"robots\" content=\"index, follow, max-snippet:-1, max-image-preview:large, max-video-preview:-1\" \/>\n<link rel=\"canonical\" href=\"https:\/\/aivlisoft.net\/shop\/producto\/edimax-ew-7811utc-tarjeta-red-wifi-ac600-usb\/\" \/>\n<meta property=\"og:locale\" content=\"es_ES\" \/>\n<meta property=\"og:type\" content=\"article\" \/>\n<meta property=\"og:title\" content=\"Edimax EW-7811UTC Tarjeta Red WiFi AC600 USB - Aivlisoft Inform\u00e1tica\" \/>\n<meta property=\"og:description\" content=\"La norma inal&aacute;mbrica de pr&oacute;xima generaci&oacute;n 802.11ac ha sido establecida para revolucionar el Wi-Fi. Los enrutadores superveloces de doble banda 802.11ac ya est&aacute;n disponibles, pero los dispositivos inal&aacute;mbricos todav&iacute;a siguen con la tecnolog&iacute;a 802.11n. Actualice su dispositivo inal&aacute;mbrico a uno de doble banda 802.11ac con la conectividad USB 2.0 de m&aacute;xima velocidad y obtendr&aacute; una&hellip;&nbsp;Edimax EW-7811UTC Tarjeta Red WiFi AC600 USB\" \/>\n<meta property=\"og:url\" content=\"https:\/\/aivlisoft.net\/shop\/producto\/edimax-ew-7811utc-tarjeta-red-wifi-ac600-usb\/\" \/>\n<meta property=\"og:site_name\" content=\"Aivlisoft Inform\u00e1tica\" \/>\n<meta property=\"article:modified_time\" content=\"2025-01-14T20:21:17+00:00\" \/>\n<meta property=\"og:image\" content=\"https:\/\/aivlisoft.net\/shop\/wp-content\/uploads\/2025\/01\/NADAIN0142_800.jpg\" \/>\n\t<meta property=\"og:image:width\" content=\"800\" \/>\n\t<meta property=\"og:image:height\" content=\"800\" \/>\n\t<meta property=\"og:image:type\" content=\"image\/jpeg\" \/>\n<meta name=\"twitter:card\" content=\"summary_large_image\" \/>\n<meta name=\"twitter:label1\" content=\"Tiempo de lectura\" \/>\n\t<meta name=\"twitter:data1\" content=\"4 minutos\" \/>\n<script type=\"application\/ld+json\" class=\"yoast-schema-graph\">{\"@context\":\"https:\/\/schema.org\",\"@graph\":[{\"@type\":\"WebPage\",\"@id\":\"https:\/\/aivlisoft.net\/shop\/producto\/edimax-ew-7811utc-tarjeta-red-wifi-ac600-usb\/\",\"url\":\"https:\/\/aivlisoft.net\/shop\/producto\/edimax-ew-7811utc-tarjeta-red-wifi-ac600-usb\/\",\"name\":\"Edimax EW-7811UTC Tarjeta Red WiFi AC600 USB - Aivlisoft Inform\u00e1tica\",\"isPartOf\":{\"@id\":\"https:\/\/aivlisoft.net\/shop\/#website\"},\"primaryImageOfPage\":{\"@id\":\"https:\/\/aivlisoft.net\/shop\/producto\/edimax-ew-7811utc-tarjeta-red-wifi-ac600-usb\/#primaryimage\"},\"image\":{\"@id\":\"https:\/\/aivlisoft.net\/shop\/producto\/edimax-ew-7811utc-tarjeta-red-wifi-ac600-usb\/#primaryimage\"},\"thumbnailUrl\":\"https:\/\/aivlisoft.net\/shop\/wp-content\/uploads\/2025\/01\/NADAIN0142_800.jpg\",\"datePublished\":\"2025-01-13T15:18:29+00:00\",\"dateModified\":\"2025-01-14T20:21:17+00:00\",\"breadcrumb\":{\"@id\":\"https:\/\/aivlisoft.net\/shop\/producto\/edimax-ew-7811utc-tarjeta-red-wifi-ac600-usb\/#breadcrumb\"},\"inLanguage\":\"es\",\"potentialAction\":[{\"@type\":\"ReadAction\",\"target\":[\"https:\/\/aivlisoft.net\/shop\/producto\/edimax-ew-7811utc-tarjeta-red-wifi-ac600-usb\/\"]}]},{\"@type\":\"ImageObject\",\"inLanguage\":\"es\",\"@id\":\"https:\/\/aivlisoft.net\/shop\/producto\/edimax-ew-7811utc-tarjeta-red-wifi-ac600-usb\/#primaryimage\",\"url\":\"https:\/\/aivlisoft.net\/shop\/wp-content\/uploads\/2025\/01\/NADAIN0142_800.jpg\",\"contentUrl\":\"https:\/\/aivlisoft.net\/shop\/wp-content\/uploads\/2025\/01\/NADAIN0142_800.jpg\",\"width\":800,\"height\":800},{\"@type\":\"BreadcrumbList\",\"@id\":\"https:\/\/aivlisoft.net\/shop\/producto\/edimax-ew-7811utc-tarjeta-red-wifi-ac600-usb\/#breadcrumb\",\"itemListElement\":[{\"@type\":\"ListItem\",\"position\":1,\"name\":\"Portada\",\"item\":\"https:\/\/aivlisoft.net\/shop\/\"},{\"@type\":\"ListItem\",\"position\":2,\"name\":\"Tienda\",\"item\":\"https:\/\/aivlisoft.net\/shop\/tienda\/\"},{\"@type\":\"ListItem\",\"position\":3,\"name\":\"Edimax EW-7811UTC Tarjeta Red WiFi AC600 USB\"}]},{\"@type\":\"WebSite\",\"@id\":\"https:\/\/aivlisoft.net\/shop\/#website\",\"url\":\"https:\/\/aivlisoft.net\/shop\/\",\"name\":\"Aivlisoft Inform\u00e1tica\",\"description\":\"En Aivlisoft Inform\u00e1tica ofrecemos soluciones tecnol\u00f3gicas para empresas: venta de ordenadores, consumibles, perif\u00e9ricos y m\u00e1s. Calidad, atenci\u00f3n personalizada y los mejores precios para tu negocio.\",\"publisher\":{\"@id\":\"https:\/\/aivlisoft.net\/shop\/#organization\"},\"potentialAction\":[{\"@type\":\"SearchAction\",\"target\":{\"@type\":\"EntryPoint\",\"urlTemplate\":\"https:\/\/aivlisoft.net\/shop\/?s={search_term_string}\"},\"query-input\":{\"@type\":\"PropertyValueSpecification\",\"valueRequired\":true,\"valueName\":\"search_term_string\"}}],\"inLanguage\":\"es\"},{\"@type\":\"Organization\",\"@id\":\"https:\/\/aivlisoft.net\/shop\/#organization\",\"name\":\"Aivlisoft Inform\u00e1tica\",\"url\":\"https:\/\/aivlisoft.net\/shop\/\",\"logo\":{\"@type\":\"ImageObject\",\"inLanguage\":\"es\",\"@id\":\"https:\/\/aivlisoft.net\/shop\/#\/schema\/logo\/image\/\",\"url\":\"https:\/\/aivlisoft.net\/shop\/wp-content\/uploads\/2024\/12\/removal.ai_5b848c54-0cdf-4140-95c5-c5536bb7573b-logodef.png\",\"contentUrl\":\"https:\/\/aivlisoft.net\/shop\/wp-content\/uploads\/2024\/12\/removal.ai_5b848c54-0cdf-4140-95c5-c5536bb7573b-logodef.png\",\"width\":484,\"height\":182,\"caption\":\"Aivlisoft Inform\u00e1tica\"},\"image\":{\"@id\":\"https:\/\/aivlisoft.net\/shop\/#\/schema\/logo\/image\/\"}}]}<\/script>\n<!-- \/ Yoast SEO plugin. -->","yoast_head_json":{"title":"Edimax EW-7811UTC Tarjeta Red WiFi AC600 USB - Aivlisoft Inform\u00e1tica","robots":{"index":"index","follow":"follow","max-snippet":"max-snippet:-1","max-image-preview":"max-image-preview:large","max-video-preview":"max-video-preview:-1"},"canonical":"https:\/\/aivlisoft.net\/shop\/producto\/edimax-ew-7811utc-tarjeta-red-wifi-ac600-usb\/","og_locale":"es_ES","og_type":"article","og_title":"Edimax EW-7811UTC Tarjeta Red WiFi AC600 USB - Aivlisoft Inform\u00e1tica","og_description":"La norma inal&aacute;mbrica de pr&oacute;xima generaci&oacute;n 802.11ac ha sido establecida para revolucionar el Wi-Fi. Los enrutadores superveloces de doble banda 802.11ac ya est&aacute;n disponibles, pero los dispositivos inal&aacute;mbricos todav&iacute;a siguen con la tecnolog&iacute;a 802.11n. Actualice su dispositivo inal&aacute;mbrico a uno de doble banda 802.11ac con la conectividad USB 2.0 de m&aacute;xima velocidad y obtendr&aacute; una&hellip;&nbsp;Edimax EW-7811UTC Tarjeta Red WiFi AC600 USB","og_url":"https:\/\/aivlisoft.net\/shop\/producto\/edimax-ew-7811utc-tarjeta-red-wifi-ac600-usb\/","og_site_name":"Aivlisoft Inform\u00e1tica","article_modified_time":"2025-01-14T20:21:17+00:00","og_image":[{"width":800,"height":800,"url":"https:\/\/aivlisoft.net\/shop\/wp-content\/uploads\/2025\/01\/NADAIN0142_800.jpg","type":"image\/jpeg"}],"twitter_card":"summary_large_image","twitter_misc":{"Tiempo de lectura":"4 minutos"},"schema":{"@context":"https:\/\/schema.org","@graph":[{"@type":"WebPage","@id":"https:\/\/aivlisoft.net\/shop\/producto\/edimax-ew-7811utc-tarjeta-red-wifi-ac600-usb\/","url":"https:\/\/aivlisoft.net\/shop\/producto\/edimax-ew-7811utc-tarjeta-red-wifi-ac600-usb\/","name":"Edimax EW-7811UTC Tarjeta Red WiFi AC600 USB - Aivlisoft Inform\u00e1tica","isPartOf":{"@id":"https:\/\/aivlisoft.net\/shop\/#website"},"primaryImageOfPage":{"@id":"https:\/\/aivlisoft.net\/shop\/producto\/edimax-ew-7811utc-tarjeta-red-wifi-ac600-usb\/#primaryimage"},"image":{"@id":"https:\/\/aivlisoft.net\/shop\/producto\/edimax-ew-7811utc-tarjeta-red-wifi-ac600-usb\/#primaryimage"},"thumbnailUrl":"https:\/\/aivlisoft.net\/shop\/wp-content\/uploads\/2025\/01\/NADAIN0142_800.jpg","datePublished":"2025-01-13T15:18:29+00:00","dateModified":"2025-01-14T20:21:17+00:00","breadcrumb":{"@id":"https:\/\/aivlisoft.net\/shop\/producto\/edimax-ew-7811utc-tarjeta-red-wifi-ac600-usb\/#breadcrumb"},"inLanguage":"es","potentialAction":[{"@type":"ReadAction","target":["https:\/\/aivlisoft.net\/shop\/producto\/edimax-ew-7811utc-tarjeta-red-wifi-ac600-usb\/"]}]},{"@type":"ImageObject","inLanguage":"es","@id":"https:\/\/aivlisoft.net\/shop\/producto\/edimax-ew-7811utc-tarjeta-red-wifi-ac600-usb\/#primaryimage","url":"https:\/\/aivlisoft.net\/shop\/wp-content\/uploads\/2025\/01\/NADAIN0142_800.jpg","contentUrl":"https:\/\/aivlisoft.net\/shop\/wp-content\/uploads\/2025\/01\/NADAIN0142_800.jpg","width":800,"height":800},{"@type":"BreadcrumbList","@id":"https:\/\/aivlisoft.net\/shop\/producto\/edimax-ew-7811utc-tarjeta-red-wifi-ac600-usb\/#breadcrumb","itemListElement":[{"@type":"ListItem","position":1,"name":"Portada","item":"https:\/\/aivlisoft.net\/shop\/"},{"@type":"ListItem","position":2,"name":"Tienda","item":"https:\/\/aivlisoft.net\/shop\/tienda\/"},{"@type":"ListItem","position":3,"name":"Edimax EW-7811UTC Tarjeta Red WiFi AC600 USB"}]},{"@type":"WebSite","@id":"https:\/\/aivlisoft.net\/shop\/#website","url":"https:\/\/aivlisoft.net\/shop\/","name":"Aivlisoft Inform\u00e1tica","description":"En Aivlisoft Inform\u00e1tica ofrecemos soluciones tecnol\u00f3gicas para empresas: venta de ordenadores, consumibles, perif\u00e9ricos y m\u00e1s. Calidad, atenci\u00f3n personalizada y los mejores precios para tu negocio.","publisher":{"@id":"https:\/\/aivlisoft.net\/shop\/#organization"},"potentialAction":[{"@type":"SearchAction","target":{"@type":"EntryPoint","urlTemplate":"https:\/\/aivlisoft.net\/shop\/?s={search_term_string}"},"query-input":{"@type":"PropertyValueSpecification","valueRequired":true,"valueName":"search_term_string"}}],"inLanguage":"es"},{"@type":"Organization","@id":"https:\/\/aivlisoft.net\/shop\/#organization","name":"Aivlisoft Inform\u00e1tica","url":"https:\/\/aivlisoft.net\/shop\/","logo":{"@type":"ImageObject","inLanguage":"es","@id":"https:\/\/aivlisoft.net\/shop\/#\/schema\/logo\/image\/","url":"https:\/\/aivlisoft.net\/shop\/wp-content\/uploads\/2024\/12\/removal.ai_5b848c54-0cdf-4140-95c5-c5536bb7573b-logodef.png","contentUrl":"https:\/\/aivlisoft.net\/shop\/wp-content\/uploads\/2024\/12\/removal.ai_5b848c54-0cdf-4140-95c5-c5536bb7573b-logodef.png","width":484,"height":182,"caption":"Aivlisoft Inform\u00e1tica"},"image":{"@id":"https:\/\/aivlisoft.net\/shop\/#\/schema\/logo\/image\/"}}]}},"_links":{"self":[{"href":"https:\/\/aivlisoft.net\/shop\/wp-json\/wp\/v2\/product\/18063","targetHints":{"allow":["GET"]}}],"collection":[{"href":"https:\/\/aivlisoft.net\/shop\/wp-json\/wp\/v2\/product"}],"about":[{"href":"https:\/\/aivlisoft.net\/shop\/wp-json\/wp\/v2\/types\/product"}],"wp:featuredmedia":[{"embeddable":true,"href":"https:\/\/aivlisoft.net\/shop\/wp-json\/wp\/v2\/media\/18064"}],"wp:attachment":[{"href":"https:\/\/aivlisoft.net\/shop\/wp-json\/wp\/v2\/media?parent=18063"}],"wp:term":[{"taxonomy":"product_brand","embeddable":true,"href":"https:\/\/aivlisoft.net\/shop\/wp-json\/wp\/v2\/product_brand?post=18063"},{"taxonomy":"product_cat","embeddable":true,"href":"https:\/\/aivlisoft.net\/shop\/wp-json\/wp\/v2\/product_cat?post=18063"},{"taxonomy":"product_tag","embeddable":true,"href":"https:\/\/aivlisoft.net\/shop\/wp-json\/wp\/v2\/product_tag?post=18063"}],"curies":[{"name":"wp","href":"https:\/\/api.w.org\/{rel}","templated":true}]}}