{"id":18061,"date":"2025-01-13T15:18:28","date_gmt":"2025-01-13T15:18:28","guid":{"rendered":"https:\/\/aivlisoft.com\/?post_type=product&#038;p=18061"},"modified":"2025-01-14T20:21:19","modified_gmt":"2025-01-14T20:21:19","slug":"d-link-dwa-182-tarjeta-red-wifi-ac1300-usb","status":"publish","type":"product","link":"https:\/\/aivlisoft.net\/shop\/producto\/d-link-dwa-182-tarjeta-red-wifi-ac1300-usb\/","title":{"rendered":"D-Link DWA-182 Tarjeta Red WiFi AC1300 USB"},"content":{"rendered":"<div>\tActualice su ordenador de sobremesa o port&aacute;til al nuevo est&aacute;ndar Wi-Fi 5G (802.11ac) <br \/>\tPodr&aacute; disfrutar de acceso a internet o conectividad local con la &uacute;ltima tecnolog&iacute;a Wi-Fi 5G (802.11ac) seis veces m&aacute;s r&aacute;pido que el actual est&aacute;ndar Wireless N.<br \/>\tConectividad Dual Band, 2.4\/5 GHz <br \/>\tAncho de banda inteligente, vers&aacute;til y sin interferencias en la banda de 5 GHz para streaming Full HD con routers Dual Band.<br \/>\tCompatibilidad con versiones anteriores <br \/>\tTecnolog&iacute;a compatible con todos los est&aacute;ndares Wireless existentes.<br \/>\tEste adaptador USB permite acceder a lo &uacute;ltimo en conectividad WiFi mediante el uso de la tecnolog&iacute;a Wireless AC, el nuevo est&aacute;ndar que alcanza una velocidad de 950 Mbps, 6 veces mayor que el est&aacute;ndar anterior Wireless N*, y con una notable mejora de la cobertura. Disfrute de una velocidad WiFi revolucionaria para ver navegar o jugar por internet, hacer llamadas por Skype&trade; y ver pel&iacute;culas Full HD en streaming desde varios dispositivos.<\/div>\n<p><\/p>\n<table class=\"tabla_caracteristicas\" width=\"100%\">\n<tbody>\n<tr>\n<td valign=\"top\" width=\"35%\">\t\t\t\t<b><small><font face=\"Tahoma,Arial, Helvetica, sans-serif\" style=\"font-size: 11px\">Marca<\/font><\/small><\/b><\/td>\n<td valign=\"top\">\t\t\t\t<font face=\"Tahoma,Arial, Helvetica, sans-serif\" style=\"font-size: 11px\">D-Link<br \/>\t\t\t\t<\/font><\/td>\n<\/tr>\n<tr>\n<td valign=\"top\" width=\"35%\">\t\t\t\t<b><font face=\"Tahoma,Arial, Helvetica, sans-serif\" style=\"font-size: 11px\">Modelo<\/font><\/b><\/td>\n<td valign=\"top\">\t\t\t\t<strong><font face=\"Tahoma,Arial, Helvetica, sans-serif\" style=\"font-size: 11px\">DWA-182<\/font><\/strong><\/td>\n<\/tr>\n<tr>\n<td valign=\"top\" width=\"35%\">\t\t\t\t<b><small><font face=\"Tahoma,Arial, Helvetica, sans-serif\" style=\"font-size: 11px\">Tecnolog&iacute;a<\/font><\/small><\/b><\/td>\n<td valign=\"top\">\n<div>\t\t\t\t\t<font face=\"Tahoma,Arial, Helvetica, sans-serif\" style=\"font-size: 11px\"><font face=\"Tahoma,Arial, Helvetica, sans-serif\" style=\"font-size: 11px\"><strong>Sistemas operativos compatibles<\/strong><br \/>\t\t\t\t\t&#8211; Windows 8, 7, o XP SP3<br \/>\t\t\t\t\t<strong>Normas<\/strong><br \/>\t\t\t\t\t&#8211; IEEE 802.11ac (Proyecto)<br \/>\t\t\t\t\t&#8211; IEEE 802.11n<br \/>\t\t\t\t\t&#8211; IEEE 802.11g<br \/>\t\t\t\t\t&#8211; IEEE 802.11a<br \/>\t\t\t\t\t<strong>Seguridad<\/strong><br \/>\t\t\t\t\t&#8211; Wi-Fi Protected Access (WPA &trade; y WPA2 &trade;)<br \/>\t\t\t\t\t&#8211; 64\/128-bit WEP<br \/>\t\t\t\t\t&#8211; Wi-Fi Protected Setup &#8211; PIN y PBC<br \/>\t\t\t\t\t<strong>LED de diagn&oacute;stico<\/strong><br \/>\t\t\t\t\t&#8211; actividad<br \/>\t\t\t\t\t<strong>Tipo de antena<\/strong><br \/>\t\t\t\t\t&#8211; antena integrada<br \/>\t\t\t\t\t<strong>Voltaje de funcionamiento<\/strong><br \/>\t\t\t\t\t&#8211; 5.0VDC &plusmn; 10%<br \/>\t\t\t\t\t<strong>Consumo de corriente<\/strong><br \/>\t\t\t\t\t&#8211; 500 mA<br \/>\t\t\t\t\t<strong>Temperatura de funcionamiento<\/strong><br \/>\t\t\t\t\t&#8211; 0 a 40 &deg; C<br \/>\t\t\t\t\t<strong>Humedad de funcionamiento<\/strong><br \/>\t\t\t\t\t&#8211; 10% a 90% (sin condensaci&oacute;n)<br \/>\t\t\t\t\t<strong>Dimensiones<\/strong><br \/>\t\t\t\t\t&#8211; 97,3 x 29,1 x 13,5 mm<br \/>\t\t\t\t\t<strong>Peso<\/strong><br \/>\t\t\t\t\t&#8211; 20,5 gramos<br \/>\t\t\t\t\t<strong>Certificaciones &bull; FCC Clase B<\/strong><br \/>\t\t\t\t\t&#8211; IC<br \/>\t\t\t\t\t&#8211; Wi-Fi<br \/>\t\t\t\t\t&#8211; Configuraci&oacute;n Wi-Fi protegida<\/font><\/font><\/div>\n<\/td>\n<\/tr>\n<tr>\n<td valign=\"top\" width=\"35%\">\t\t\t\t<b><font face=\"Tahoma,Arial, Helvetica, sans-serif\" style=\"font-size: 11px\">Caracter&iacute;sticas:<br \/>\t\t\t\t<\/font><\/b><\/td>\n<td valign=\"top\">\n<div>\t\t\t\t\t<strong><font face=\"Tahoma,Arial, Helvetica, sans-serif\" style=\"font-size: 11px\"><font face=\"Tahoma,Arial, Helvetica, sans-serif\" style=\"font-size: 11px\"><font face=\"Tahoma,Arial, Helvetica, sans-serif\" style=\"font-size: 11px\">Conectividad<\/font><\/font><\/font><\/strong><\/div>\n<div>\t\t\t\t\t<font face=\"Tahoma,Arial, Helvetica, sans-serif\" style=\"font-size: 11px\"><font face=\"Tahoma,Arial, Helvetica, sans-serif\" style=\"font-size: 11px\"><font face=\"Tahoma,Arial, Helvetica, sans-serif\" style=\"font-size: 11px\">&#8211; Wireless AC<br \/>\t\t\t\t\t<strong>Velocidad Wireless <\/strong><br \/>\t\t\t\t\t&#8211; 300 Mbps 2.4 GHz<br \/>\t\t\t\t\t&#8211; 867 Mbps 5 GHz<br \/>\t\t\t\t\t<strong>Interface<\/strong><br \/>\t\t\t\t\t&#8211; USB 2.0<\/font><\/font><\/font><\/div>\n<\/td>\n<\/tr>\n<tr>\n<td valign=\"top\">\t\t\t\t<b><small><font face=\"Tahoma,Arial, Helvetica, sans-serif\" style=\"font-size: 11px\">Fecha Revisi&oacute;n<\/font><\/small><\/b><\/td>\n<td valign=\"top\">\t\t\t\t<font face=\"Tahoma,Arial, Helvetica, sans-serif\" style=\"font-size: 11px\">16-10-2013 porJAV<\/font><\/td>\n<\/tr>\n<\/tbody>\n<\/table>\n","protected":false},"excerpt":{"rendered":"<p>Actualice su ordenador de sobremesa o port&aacute;til al nuevo est&aacute;ndar Wi-Fi 5G (802.11ac) Podr&aacute; disfrutar de acceso a internet o conectividad local con la &uacute;ltima tecnolog&iacute;a Wi-Fi 5G (802.11ac) seis veces m&aacute;s r&aacute;pido que el actual est&aacute;ndar Wireless N. Conectividad Dual Band, 2.4\/5 GHz Ancho de banda inteligente, vers&aacute;til y sin interferencias en la banda&hellip;&nbsp;<a href=\"https:\/\/aivlisoft.net\/shop\/producto\/d-link-dwa-182-tarjeta-red-wifi-ac1300-usb\/\" rel=\"bookmark\"><span class=\"screen-reader-text\">D-Link DWA-182 Tarjeta Red WiFi AC1300 USB<\/span><\/a><\/p>\n","protected":false},"featured_media":18062,"template":"","meta":{"neve_meta_sidebar":"","neve_meta_container":"","neve_meta_enable_content_width":"","neve_meta_content_width":0,"neve_meta_title_alignment":"","neve_meta_author_avatar":"","neve_post_elements_order":"","neve_meta_disable_header":"","neve_meta_disable_footer":"","neve_meta_disable_title":""},"product_brand":[],"product_cat":[15,1399,8705],"product_tag":[6619],"class_list":{"0":"post-18061","1":"product","2":"type-product","3":"status-publish","4":"has-post-thumbnail","6":"product_cat-sin-categorizar","7":"product_cat-accesorios-redes","8":"product_cat-accesorios-redes-wifi","9":"product_tag-dwa-182","11":"first","12":"instock","13":"taxable","14":"shipping-taxable","15":"purchasable","16":"product-type-simple"},"yoast_head":"<!-- This site is optimized with the Yoast SEO plugin v26.0 - https:\/\/yoast.com\/wordpress\/plugins\/seo\/ -->\n<title>D-Link DWA-182 Tarjeta Red WiFi AC1300 USB - Aivlisoft Inform\u00e1tica<\/title>\n<meta name=\"robots\" content=\"index, follow, max-snippet:-1, max-image-preview:large, max-video-preview:-1\" \/>\n<link rel=\"canonical\" href=\"https:\/\/aivlisoft.net\/shop\/producto\/d-link-dwa-182-tarjeta-red-wifi-ac1300-usb\/\" \/>\n<meta property=\"og:locale\" content=\"es_ES\" \/>\n<meta property=\"og:type\" content=\"article\" \/>\n<meta property=\"og:title\" content=\"D-Link DWA-182 Tarjeta Red WiFi AC1300 USB - Aivlisoft Inform\u00e1tica\" \/>\n<meta property=\"og:description\" content=\"Actualice su ordenador de sobremesa o port&aacute;til al nuevo est&aacute;ndar Wi-Fi 5G (802.11ac) Podr&aacute; disfrutar de acceso a internet o conectividad local con la &uacute;ltima tecnolog&iacute;a Wi-Fi 5G (802.11ac) seis veces m&aacute;s r&aacute;pido que el actual est&aacute;ndar Wireless N. Conectividad Dual Band, 2.4\/5 GHz Ancho de banda inteligente, vers&aacute;til y sin interferencias en la banda&hellip;&nbsp;D-Link DWA-182 Tarjeta Red WiFi AC1300 USB\" \/>\n<meta property=\"og:url\" content=\"https:\/\/aivlisoft.net\/shop\/producto\/d-link-dwa-182-tarjeta-red-wifi-ac1300-usb\/\" \/>\n<meta property=\"og:site_name\" content=\"Aivlisoft Inform\u00e1tica\" \/>\n<meta property=\"article:modified_time\" content=\"2025-01-14T20:21:19+00:00\" \/>\n<meta property=\"og:image\" content=\"https:\/\/aivlisoft.net\/shop\/wp-content\/uploads\/2025\/01\/NADAIN0139_large.jpg\" \/>\n\t<meta property=\"og:image:width\" content=\"400\" \/>\n\t<meta property=\"og:image:height\" content=\"400\" \/>\n\t<meta property=\"og:image:type\" content=\"image\/jpeg\" \/>\n<meta name=\"twitter:card\" content=\"summary_large_image\" \/>\n<meta name=\"twitter:label1\" content=\"Tiempo de lectura\" \/>\n\t<meta name=\"twitter:data1\" content=\"2 minutos\" \/>\n<script type=\"application\/ld+json\" class=\"yoast-schema-graph\">{\"@context\":\"https:\/\/schema.org\",\"@graph\":[{\"@type\":\"WebPage\",\"@id\":\"https:\/\/aivlisoft.net\/shop\/producto\/d-link-dwa-182-tarjeta-red-wifi-ac1300-usb\/\",\"url\":\"https:\/\/aivlisoft.net\/shop\/producto\/d-link-dwa-182-tarjeta-red-wifi-ac1300-usb\/\",\"name\":\"D-Link DWA-182 Tarjeta Red WiFi AC1300 USB - Aivlisoft Inform\u00e1tica\",\"isPartOf\":{\"@id\":\"https:\/\/aivlisoft.net\/shop\/#website\"},\"primaryImageOfPage\":{\"@id\":\"https:\/\/aivlisoft.net\/shop\/producto\/d-link-dwa-182-tarjeta-red-wifi-ac1300-usb\/#primaryimage\"},\"image\":{\"@id\":\"https:\/\/aivlisoft.net\/shop\/producto\/d-link-dwa-182-tarjeta-red-wifi-ac1300-usb\/#primaryimage\"},\"thumbnailUrl\":\"https:\/\/aivlisoft.net\/shop\/wp-content\/uploads\/2025\/01\/NADAIN0139_large.jpg\",\"datePublished\":\"2025-01-13T15:18:28+00:00\",\"dateModified\":\"2025-01-14T20:21:19+00:00\",\"breadcrumb\":{\"@id\":\"https:\/\/aivlisoft.net\/shop\/producto\/d-link-dwa-182-tarjeta-red-wifi-ac1300-usb\/#breadcrumb\"},\"inLanguage\":\"es\",\"potentialAction\":[{\"@type\":\"ReadAction\",\"target\":[\"https:\/\/aivlisoft.net\/shop\/producto\/d-link-dwa-182-tarjeta-red-wifi-ac1300-usb\/\"]}]},{\"@type\":\"ImageObject\",\"inLanguage\":\"es\",\"@id\":\"https:\/\/aivlisoft.net\/shop\/producto\/d-link-dwa-182-tarjeta-red-wifi-ac1300-usb\/#primaryimage\",\"url\":\"https:\/\/aivlisoft.net\/shop\/wp-content\/uploads\/2025\/01\/NADAIN0139_large.jpg\",\"contentUrl\":\"https:\/\/aivlisoft.net\/shop\/wp-content\/uploads\/2025\/01\/NADAIN0139_large.jpg\",\"width\":400,\"height\":400},{\"@type\":\"BreadcrumbList\",\"@id\":\"https:\/\/aivlisoft.net\/shop\/producto\/d-link-dwa-182-tarjeta-red-wifi-ac1300-usb\/#breadcrumb\",\"itemListElement\":[{\"@type\":\"ListItem\",\"position\":1,\"name\":\"Portada\",\"item\":\"https:\/\/aivlisoft.net\/shop\/\"},{\"@type\":\"ListItem\",\"position\":2,\"name\":\"Tienda\",\"item\":\"https:\/\/aivlisoft.net\/shop\/tienda\/\"},{\"@type\":\"ListItem\",\"position\":3,\"name\":\"D-Link DWA-182 Tarjeta Red WiFi AC1300 USB\"}]},{\"@type\":\"WebSite\",\"@id\":\"https:\/\/aivlisoft.net\/shop\/#website\",\"url\":\"https:\/\/aivlisoft.net\/shop\/\",\"name\":\"Aivlisoft Inform\u00e1tica\",\"description\":\"En Aivlisoft Inform\u00e1tica ofrecemos soluciones tecnol\u00f3gicas para empresas: venta de ordenadores, consumibles, perif\u00e9ricos y m\u00e1s. Calidad, atenci\u00f3n personalizada y los mejores precios para tu negocio.\",\"publisher\":{\"@id\":\"https:\/\/aivlisoft.net\/shop\/#organization\"},\"potentialAction\":[{\"@type\":\"SearchAction\",\"target\":{\"@type\":\"EntryPoint\",\"urlTemplate\":\"https:\/\/aivlisoft.net\/shop\/?s={search_term_string}\"},\"query-input\":{\"@type\":\"PropertyValueSpecification\",\"valueRequired\":true,\"valueName\":\"search_term_string\"}}],\"inLanguage\":\"es\"},{\"@type\":\"Organization\",\"@id\":\"https:\/\/aivlisoft.net\/shop\/#organization\",\"name\":\"Aivlisoft Inform\u00e1tica\",\"url\":\"https:\/\/aivlisoft.net\/shop\/\",\"logo\":{\"@type\":\"ImageObject\",\"inLanguage\":\"es\",\"@id\":\"https:\/\/aivlisoft.net\/shop\/#\/schema\/logo\/image\/\",\"url\":\"https:\/\/aivlisoft.net\/shop\/wp-content\/uploads\/2024\/12\/removal.ai_5b848c54-0cdf-4140-95c5-c5536bb7573b-logodef.png\",\"contentUrl\":\"https:\/\/aivlisoft.net\/shop\/wp-content\/uploads\/2024\/12\/removal.ai_5b848c54-0cdf-4140-95c5-c5536bb7573b-logodef.png\",\"width\":484,\"height\":182,\"caption\":\"Aivlisoft Inform\u00e1tica\"},\"image\":{\"@id\":\"https:\/\/aivlisoft.net\/shop\/#\/schema\/logo\/image\/\"}}]}<\/script>\n<!-- \/ Yoast SEO plugin. -->","yoast_head_json":{"title":"D-Link DWA-182 Tarjeta Red WiFi AC1300 USB - Aivlisoft Inform\u00e1tica","robots":{"index":"index","follow":"follow","max-snippet":"max-snippet:-1","max-image-preview":"max-image-preview:large","max-video-preview":"max-video-preview:-1"},"canonical":"https:\/\/aivlisoft.net\/shop\/producto\/d-link-dwa-182-tarjeta-red-wifi-ac1300-usb\/","og_locale":"es_ES","og_type":"article","og_title":"D-Link DWA-182 Tarjeta Red WiFi AC1300 USB - Aivlisoft Inform\u00e1tica","og_description":"Actualice su ordenador de sobremesa o port&aacute;til al nuevo est&aacute;ndar Wi-Fi 5G (802.11ac) Podr&aacute; disfrutar de acceso a internet o conectividad local con la &uacute;ltima tecnolog&iacute;a Wi-Fi 5G (802.11ac) seis veces m&aacute;s r&aacute;pido que el actual est&aacute;ndar Wireless N. Conectividad Dual Band, 2.4\/5 GHz Ancho de banda inteligente, vers&aacute;til y sin interferencias en la banda&hellip;&nbsp;D-Link DWA-182 Tarjeta Red WiFi AC1300 USB","og_url":"https:\/\/aivlisoft.net\/shop\/producto\/d-link-dwa-182-tarjeta-red-wifi-ac1300-usb\/","og_site_name":"Aivlisoft Inform\u00e1tica","article_modified_time":"2025-01-14T20:21:19+00:00","og_image":[{"width":400,"height":400,"url":"https:\/\/aivlisoft.net\/shop\/wp-content\/uploads\/2025\/01\/NADAIN0139_large.jpg","type":"image\/jpeg"}],"twitter_card":"summary_large_image","twitter_misc":{"Tiempo de lectura":"2 minutos"},"schema":{"@context":"https:\/\/schema.org","@graph":[{"@type":"WebPage","@id":"https:\/\/aivlisoft.net\/shop\/producto\/d-link-dwa-182-tarjeta-red-wifi-ac1300-usb\/","url":"https:\/\/aivlisoft.net\/shop\/producto\/d-link-dwa-182-tarjeta-red-wifi-ac1300-usb\/","name":"D-Link DWA-182 Tarjeta Red WiFi AC1300 USB - Aivlisoft Inform\u00e1tica","isPartOf":{"@id":"https:\/\/aivlisoft.net\/shop\/#website"},"primaryImageOfPage":{"@id":"https:\/\/aivlisoft.net\/shop\/producto\/d-link-dwa-182-tarjeta-red-wifi-ac1300-usb\/#primaryimage"},"image":{"@id":"https:\/\/aivlisoft.net\/shop\/producto\/d-link-dwa-182-tarjeta-red-wifi-ac1300-usb\/#primaryimage"},"thumbnailUrl":"https:\/\/aivlisoft.net\/shop\/wp-content\/uploads\/2025\/01\/NADAIN0139_large.jpg","datePublished":"2025-01-13T15:18:28+00:00","dateModified":"2025-01-14T20:21:19+00:00","breadcrumb":{"@id":"https:\/\/aivlisoft.net\/shop\/producto\/d-link-dwa-182-tarjeta-red-wifi-ac1300-usb\/#breadcrumb"},"inLanguage":"es","potentialAction":[{"@type":"ReadAction","target":["https:\/\/aivlisoft.net\/shop\/producto\/d-link-dwa-182-tarjeta-red-wifi-ac1300-usb\/"]}]},{"@type":"ImageObject","inLanguage":"es","@id":"https:\/\/aivlisoft.net\/shop\/producto\/d-link-dwa-182-tarjeta-red-wifi-ac1300-usb\/#primaryimage","url":"https:\/\/aivlisoft.net\/shop\/wp-content\/uploads\/2025\/01\/NADAIN0139_large.jpg","contentUrl":"https:\/\/aivlisoft.net\/shop\/wp-content\/uploads\/2025\/01\/NADAIN0139_large.jpg","width":400,"height":400},{"@type":"BreadcrumbList","@id":"https:\/\/aivlisoft.net\/shop\/producto\/d-link-dwa-182-tarjeta-red-wifi-ac1300-usb\/#breadcrumb","itemListElement":[{"@type":"ListItem","position":1,"name":"Portada","item":"https:\/\/aivlisoft.net\/shop\/"},{"@type":"ListItem","position":2,"name":"Tienda","item":"https:\/\/aivlisoft.net\/shop\/tienda\/"},{"@type":"ListItem","position":3,"name":"D-Link DWA-182 Tarjeta Red WiFi AC1300 USB"}]},{"@type":"WebSite","@id":"https:\/\/aivlisoft.net\/shop\/#website","url":"https:\/\/aivlisoft.net\/shop\/","name":"Aivlisoft Inform\u00e1tica","description":"En Aivlisoft Inform\u00e1tica ofrecemos soluciones tecnol\u00f3gicas para empresas: venta de ordenadores, consumibles, perif\u00e9ricos y m\u00e1s. Calidad, atenci\u00f3n personalizada y los mejores precios para tu negocio.","publisher":{"@id":"https:\/\/aivlisoft.net\/shop\/#organization"},"potentialAction":[{"@type":"SearchAction","target":{"@type":"EntryPoint","urlTemplate":"https:\/\/aivlisoft.net\/shop\/?s={search_term_string}"},"query-input":{"@type":"PropertyValueSpecification","valueRequired":true,"valueName":"search_term_string"}}],"inLanguage":"es"},{"@type":"Organization","@id":"https:\/\/aivlisoft.net\/shop\/#organization","name":"Aivlisoft Inform\u00e1tica","url":"https:\/\/aivlisoft.net\/shop\/","logo":{"@type":"ImageObject","inLanguage":"es","@id":"https:\/\/aivlisoft.net\/shop\/#\/schema\/logo\/image\/","url":"https:\/\/aivlisoft.net\/shop\/wp-content\/uploads\/2024\/12\/removal.ai_5b848c54-0cdf-4140-95c5-c5536bb7573b-logodef.png","contentUrl":"https:\/\/aivlisoft.net\/shop\/wp-content\/uploads\/2024\/12\/removal.ai_5b848c54-0cdf-4140-95c5-c5536bb7573b-logodef.png","width":484,"height":182,"caption":"Aivlisoft Inform\u00e1tica"},"image":{"@id":"https:\/\/aivlisoft.net\/shop\/#\/schema\/logo\/image\/"}}]}},"_links":{"self":[{"href":"https:\/\/aivlisoft.net\/shop\/wp-json\/wp\/v2\/product\/18061","targetHints":{"allow":["GET"]}}],"collection":[{"href":"https:\/\/aivlisoft.net\/shop\/wp-json\/wp\/v2\/product"}],"about":[{"href":"https:\/\/aivlisoft.net\/shop\/wp-json\/wp\/v2\/types\/product"}],"wp:featuredmedia":[{"embeddable":true,"href":"https:\/\/aivlisoft.net\/shop\/wp-json\/wp\/v2\/media\/18062"}],"wp:attachment":[{"href":"https:\/\/aivlisoft.net\/shop\/wp-json\/wp\/v2\/media?parent=18061"}],"wp:term":[{"taxonomy":"product_brand","embeddable":true,"href":"https:\/\/aivlisoft.net\/shop\/wp-json\/wp\/v2\/product_brand?post=18061"},{"taxonomy":"product_cat","embeddable":true,"href":"https:\/\/aivlisoft.net\/shop\/wp-json\/wp\/v2\/product_cat?post=18061"},{"taxonomy":"product_tag","embeddable":true,"href":"https:\/\/aivlisoft.net\/shop\/wp-json\/wp\/v2\/product_tag?post=18061"}],"curies":[{"name":"wp","href":"https:\/\/api.w.org\/{rel}","templated":true}]}}