{"id":18049,"date":"2025-01-13T15:18:17","date_gmt":"2025-01-13T15:18:17","guid":{"rendered":"https:\/\/aivlisoft.com\/?post_type=product&#038;p=18049"},"modified":"2025-01-14T20:21:23","modified_gmt":"2025-01-14T20:21:23","slug":"tp-link-tl-wn823n-tarjeta-red-wifi-n300-nano-usb","status":"publish","type":"product","link":"https:\/\/aivlisoft.net\/shop\/producto\/tp-link-tl-wn823n-tarjeta-red-wifi-n300-nano-usb\/","title":{"rendered":"TP-LINK TL-WN823N Tarjeta Red WiFi N300 Nano USB"},"content":{"rendered":"<p><strong>TL-WN823N<\/strong><br \/>Mini Adaptador USB Inal&aacute;mbrico N de 300Mbps<\/p>\n<p>&#8211; Velocidad de transferencia datos inal&aacute;mbrica de 300Mbps ideal para video en alta definici&oacute;n sin problemas, streaming de voz y juegos en l&iacute;nea<br \/>&#8211; Dise&ntilde;o de tama&ntilde;o miniatura para una portabilidad conveniente con un alto desempe&ntilde;o confiable<br \/>&#8211; Modo SoftAP &ndash; Convierta una conexi&oacute;n de internet cableada en una PC o Laptop en un hotspot Wi-Fi<br \/>&#8211; Configure f&aacute;cilmente una conexi&oacute;n inal&aacute;mbrica segura con s&oacute;lo presionar un bot&oacute;n WPS<\/p>\n<table class=\"tabla_caracteristicas k-table\" width=\"100%\">\n<tbody>\n<tr>\n<td><strong>Marca<\/strong><\/td>\n<td>TP-Link<\/td>\n<\/tr>\n<tr>\n<td><strong>Modelo<\/strong><\/td>\n<td><strong>TL-WN823N<\/strong><\/td>\n<\/tr>\n<tr>\n<td><strong>Caracter&iacute;sticas hardware<\/strong><\/td>\n<td>&#8211; Interfaz: USB 2.0<br \/>&#8211; Botones: Bot&oacute;n de Configuraci&oacute;n Wi-Fi Protegida (WPS)<br \/>&#8211; Dimensiones: 1.54 x 0.72 x 0.31 in. (39 x 18.35 x 7.87mm)<br \/>&#8211; Tipo de Antena: Interna<\/td>\n<\/tr>\n<tr>\n<td><strong>Caracter&iacute;sticas inal&aacute;mbricas<\/strong><\/td>\n<td>&#8211; Est&aacute;ndares Inal&aacute;mbricos: IEEE 802.11b, IEEE 802.11g, IEEE 802.11n<br \/>&#8211; Frecuencia: 2.400~2.4835GHz<br \/>&#8211; Tasa de Se&ntilde;al:<br \/>&nbsp; 11b: Hasta 11Mbps (din&aacute;mica)<br \/>&nbsp; 11g: Hasta 54Mbps (din&aacute;mica)<br \/>&nbsp; 11n: Hasta 300Mbps (din&aacute;mica)<br \/>&#8211; Sensibilidad de Recepci&oacute;n:<br \/>&nbsp; 300M: -65dBm@10% PER<br \/>&nbsp; 270M: -65dBm@10% PER<br \/>&nbsp; 130M: -68dBm@10% PER<br \/>&nbsp; 108M: -68dBm@10% PER<br \/>&nbsp; 54M: -72dBm@10% PER<br \/>&nbsp; 11M: -85dBm@8% PER<br \/>&nbsp; 6M: -87dBm@10% PER<br \/>&nbsp; 1M:-93dBm@8% PER<br \/>&#8211; Potencia de Transmisi&oacute;n: &lt;20dBm (EIRP)<br \/>&#8211; Modos Inal&aacute;mbricos:<br \/>&nbsp; Modo Soft AP<br \/>&nbsp; Modo Client (soporta Ad-hoc\/red de infraestructura)<br \/>&#8211; Seguridad Inal&aacute;mbrica:<br \/>&nbsp; 64\/128-bit WEP<br \/>&nbsp; WPA-PSK \/ WPA2-PSK<br \/>&nbsp; WPA \/ WPA2<br \/>&#8211; Tecnolog&iacute;a de Modulaci&oacute;n: DBPSK, DQPSK, CCK, OFDM, 16-QAM, 64-QAM<\/td>\n<\/tr>\n<tr>\n<td><strong>Otras Caracteristicas<\/strong><\/td>\n<td>&#8211; Certificaciones: CE, FCC, IC, RoHS<br \/>&#8211; Requisitos del sistema: Windows 8.1(32\/64bits) Windows 8(32\/64bits) Windows 7(32\/64bits) Windows XP(32\/64bits) Mac OS X 10.7~10.10 Linux<br \/>&#8211; Factores Ambientales: Operating Temperature: 0&ordm;C~40&ordm;C<br \/>&#8211; Storage Temperature: -40&ordm;C~70&ordm;C<br \/>&#8211; Operating Humidity: 10%~90% non-condensing<br \/>&#8211; Storage Humidity: 5%~90% non-condensing<br \/><strong>Contenido<\/strong><br \/>&#8211; Adaptador Inal&aacute;mbrico, TL-WN823N<br \/>&#8211; CD de Recursos<br \/>&#8211; Gu&iacute;a de R&aacute;pida Instalaci&oacute;n<\/td>\n<\/tr>\n<tr>\n<td><strong>Fecha de revisi&oacute;n<\/strong><\/td>\n<td>16-12-2020 por MSB<\/td>\n<\/tr>\n<\/tbody>\n<\/table>\n","protected":false},"excerpt":{"rendered":"<p>TL-WN823NMini Adaptador USB Inal&aacute;mbrico N de 300Mbps &#8211; Velocidad de transferencia datos inal&aacute;mbrica de 300Mbps ideal para video en alta definici&oacute;n sin problemas, streaming de voz y juegos en l&iacute;nea&#8211; Dise&ntilde;o de tama&ntilde;o miniatura para una portabilidad conveniente con un alto desempe&ntilde;o confiable&#8211; Modo SoftAP &ndash; Convierta una conexi&oacute;n de internet cableada en una PC&hellip;&nbsp;<a href=\"https:\/\/aivlisoft.net\/shop\/producto\/tp-link-tl-wn823n-tarjeta-red-wifi-n300-nano-usb\/\" rel=\"bookmark\"><span class=\"screen-reader-text\">TP-LINK TL-WN823N Tarjeta Red WiFi N300 Nano USB<\/span><\/a><\/p>\n","protected":false},"featured_media":18050,"template":"","meta":{"neve_meta_sidebar":"","neve_meta_container":"","neve_meta_enable_content_width":"","neve_meta_content_width":0,"neve_meta_title_alignment":"","neve_meta_author_avatar":"","neve_post_elements_order":"","neve_meta_disable_header":"","neve_meta_disable_footer":"","neve_meta_disable_title":""},"product_brand":[],"product_cat":[15,1399,8705],"product_tag":[6616],"class_list":{"0":"post-18049","1":"product","2":"type-product","3":"status-publish","4":"has-post-thumbnail","6":"product_cat-sin-categorizar","7":"product_cat-accesorios-redes","8":"product_cat-accesorios-redes-wifi","9":"product_tag-tl-wn823n","11":"first","12":"instock","13":"taxable","14":"shipping-taxable","15":"purchasable","16":"product-type-simple"},"yoast_head":"<!-- This site is optimized with the Yoast SEO plugin v26.0 - https:\/\/yoast.com\/wordpress\/plugins\/seo\/ -->\n<title>TP-LINK TL-WN823N Tarjeta Red WiFi N300 Nano USB - Aivlisoft Inform\u00e1tica<\/title>\n<meta name=\"robots\" content=\"index, follow, max-snippet:-1, max-image-preview:large, max-video-preview:-1\" \/>\n<link rel=\"canonical\" href=\"https:\/\/aivlisoft.net\/shop\/producto\/tp-link-tl-wn823n-tarjeta-red-wifi-n300-nano-usb\/\" \/>\n<meta property=\"og:locale\" content=\"es_ES\" \/>\n<meta property=\"og:type\" content=\"article\" \/>\n<meta property=\"og:title\" content=\"TP-LINK TL-WN823N Tarjeta Red WiFi N300 Nano USB - Aivlisoft Inform\u00e1tica\" \/>\n<meta property=\"og:description\" content=\"TL-WN823NMini Adaptador USB Inal&aacute;mbrico N de 300Mbps &#8211; Velocidad de transferencia datos inal&aacute;mbrica de 300Mbps ideal para video en alta definici&oacute;n sin problemas, streaming de voz y juegos en l&iacute;nea&#8211; Dise&ntilde;o de tama&ntilde;o miniatura para una portabilidad conveniente con un alto desempe&ntilde;o confiable&#8211; Modo SoftAP &ndash; Convierta una conexi&oacute;n de internet cableada en una PC&hellip;&nbsp;TP-LINK TL-WN823N Tarjeta Red WiFi N300 Nano USB\" \/>\n<meta property=\"og:url\" content=\"https:\/\/aivlisoft.net\/shop\/producto\/tp-link-tl-wn823n-tarjeta-red-wifi-n300-nano-usb\/\" \/>\n<meta property=\"og:site_name\" content=\"Aivlisoft Inform\u00e1tica\" \/>\n<meta property=\"article:modified_time\" content=\"2025-01-14T20:21:23+00:00\" \/>\n<meta property=\"og:image\" content=\"https:\/\/aivlisoft.net\/shop\/wp-content\/uploads\/2025\/01\/NADAIN0092_800.jpg\" \/>\n\t<meta property=\"og:image:width\" content=\"800\" \/>\n\t<meta property=\"og:image:height\" content=\"800\" \/>\n\t<meta property=\"og:image:type\" content=\"image\/jpeg\" \/>\n<meta name=\"twitter:card\" content=\"summary_large_image\" \/>\n<meta name=\"twitter:label1\" content=\"Tiempo de lectura\" \/>\n\t<meta name=\"twitter:data1\" content=\"2 minutos\" \/>\n<script type=\"application\/ld+json\" class=\"yoast-schema-graph\">{\"@context\":\"https:\/\/schema.org\",\"@graph\":[{\"@type\":\"WebPage\",\"@id\":\"https:\/\/aivlisoft.net\/shop\/producto\/tp-link-tl-wn823n-tarjeta-red-wifi-n300-nano-usb\/\",\"url\":\"https:\/\/aivlisoft.net\/shop\/producto\/tp-link-tl-wn823n-tarjeta-red-wifi-n300-nano-usb\/\",\"name\":\"TP-LINK TL-WN823N Tarjeta Red WiFi N300 Nano USB - Aivlisoft Inform\u00e1tica\",\"isPartOf\":{\"@id\":\"https:\/\/aivlisoft.net\/shop\/#website\"},\"primaryImageOfPage\":{\"@id\":\"https:\/\/aivlisoft.net\/shop\/producto\/tp-link-tl-wn823n-tarjeta-red-wifi-n300-nano-usb\/#primaryimage\"},\"image\":{\"@id\":\"https:\/\/aivlisoft.net\/shop\/producto\/tp-link-tl-wn823n-tarjeta-red-wifi-n300-nano-usb\/#primaryimage\"},\"thumbnailUrl\":\"https:\/\/aivlisoft.net\/shop\/wp-content\/uploads\/2025\/01\/NADAIN0092_800.jpg\",\"datePublished\":\"2025-01-13T15:18:17+00:00\",\"dateModified\":\"2025-01-14T20:21:23+00:00\",\"breadcrumb\":{\"@id\":\"https:\/\/aivlisoft.net\/shop\/producto\/tp-link-tl-wn823n-tarjeta-red-wifi-n300-nano-usb\/#breadcrumb\"},\"inLanguage\":\"es\",\"potentialAction\":[{\"@type\":\"ReadAction\",\"target\":[\"https:\/\/aivlisoft.net\/shop\/producto\/tp-link-tl-wn823n-tarjeta-red-wifi-n300-nano-usb\/\"]}]},{\"@type\":\"ImageObject\",\"inLanguage\":\"es\",\"@id\":\"https:\/\/aivlisoft.net\/shop\/producto\/tp-link-tl-wn823n-tarjeta-red-wifi-n300-nano-usb\/#primaryimage\",\"url\":\"https:\/\/aivlisoft.net\/shop\/wp-content\/uploads\/2025\/01\/NADAIN0092_800.jpg\",\"contentUrl\":\"https:\/\/aivlisoft.net\/shop\/wp-content\/uploads\/2025\/01\/NADAIN0092_800.jpg\",\"width\":800,\"height\":800},{\"@type\":\"BreadcrumbList\",\"@id\":\"https:\/\/aivlisoft.net\/shop\/producto\/tp-link-tl-wn823n-tarjeta-red-wifi-n300-nano-usb\/#breadcrumb\",\"itemListElement\":[{\"@type\":\"ListItem\",\"position\":1,\"name\":\"Portada\",\"item\":\"https:\/\/aivlisoft.net\/shop\/\"},{\"@type\":\"ListItem\",\"position\":2,\"name\":\"Tienda\",\"item\":\"https:\/\/aivlisoft.net\/shop\/tienda\/\"},{\"@type\":\"ListItem\",\"position\":3,\"name\":\"TP-LINK TL-WN823N Tarjeta Red WiFi N300 Nano USB\"}]},{\"@type\":\"WebSite\",\"@id\":\"https:\/\/aivlisoft.net\/shop\/#website\",\"url\":\"https:\/\/aivlisoft.net\/shop\/\",\"name\":\"Aivlisoft Inform\u00e1tica\",\"description\":\"En Aivlisoft Inform\u00e1tica ofrecemos soluciones tecnol\u00f3gicas para empresas: venta de ordenadores, consumibles, perif\u00e9ricos y m\u00e1s. Calidad, atenci\u00f3n personalizada y los mejores precios para tu negocio.\",\"publisher\":{\"@id\":\"https:\/\/aivlisoft.net\/shop\/#organization\"},\"potentialAction\":[{\"@type\":\"SearchAction\",\"target\":{\"@type\":\"EntryPoint\",\"urlTemplate\":\"https:\/\/aivlisoft.net\/shop\/?s={search_term_string}\"},\"query-input\":{\"@type\":\"PropertyValueSpecification\",\"valueRequired\":true,\"valueName\":\"search_term_string\"}}],\"inLanguage\":\"es\"},{\"@type\":\"Organization\",\"@id\":\"https:\/\/aivlisoft.net\/shop\/#organization\",\"name\":\"Aivlisoft Inform\u00e1tica\",\"url\":\"https:\/\/aivlisoft.net\/shop\/\",\"logo\":{\"@type\":\"ImageObject\",\"inLanguage\":\"es\",\"@id\":\"https:\/\/aivlisoft.net\/shop\/#\/schema\/logo\/image\/\",\"url\":\"https:\/\/aivlisoft.net\/shop\/wp-content\/uploads\/2024\/12\/removal.ai_5b848c54-0cdf-4140-95c5-c5536bb7573b-logodef.png\",\"contentUrl\":\"https:\/\/aivlisoft.net\/shop\/wp-content\/uploads\/2024\/12\/removal.ai_5b848c54-0cdf-4140-95c5-c5536bb7573b-logodef.png\",\"width\":484,\"height\":182,\"caption\":\"Aivlisoft Inform\u00e1tica\"},\"image\":{\"@id\":\"https:\/\/aivlisoft.net\/shop\/#\/schema\/logo\/image\/\"}}]}<\/script>\n<!-- \/ Yoast SEO plugin. -->","yoast_head_json":{"title":"TP-LINK TL-WN823N Tarjeta Red WiFi N300 Nano USB - Aivlisoft Inform\u00e1tica","robots":{"index":"index","follow":"follow","max-snippet":"max-snippet:-1","max-image-preview":"max-image-preview:large","max-video-preview":"max-video-preview:-1"},"canonical":"https:\/\/aivlisoft.net\/shop\/producto\/tp-link-tl-wn823n-tarjeta-red-wifi-n300-nano-usb\/","og_locale":"es_ES","og_type":"article","og_title":"TP-LINK TL-WN823N Tarjeta Red WiFi N300 Nano USB - Aivlisoft Inform\u00e1tica","og_description":"TL-WN823NMini Adaptador USB Inal&aacute;mbrico N de 300Mbps &#8211; Velocidad de transferencia datos inal&aacute;mbrica de 300Mbps ideal para video en alta definici&oacute;n sin problemas, streaming de voz y juegos en l&iacute;nea&#8211; Dise&ntilde;o de tama&ntilde;o miniatura para una portabilidad conveniente con un alto desempe&ntilde;o confiable&#8211; Modo SoftAP &ndash; Convierta una conexi&oacute;n de internet cableada en una PC&hellip;&nbsp;TP-LINK TL-WN823N Tarjeta Red WiFi N300 Nano USB","og_url":"https:\/\/aivlisoft.net\/shop\/producto\/tp-link-tl-wn823n-tarjeta-red-wifi-n300-nano-usb\/","og_site_name":"Aivlisoft Inform\u00e1tica","article_modified_time":"2025-01-14T20:21:23+00:00","og_image":[{"width":800,"height":800,"url":"https:\/\/aivlisoft.net\/shop\/wp-content\/uploads\/2025\/01\/NADAIN0092_800.jpg","type":"image\/jpeg"}],"twitter_card":"summary_large_image","twitter_misc":{"Tiempo de lectura":"2 minutos"},"schema":{"@context":"https:\/\/schema.org","@graph":[{"@type":"WebPage","@id":"https:\/\/aivlisoft.net\/shop\/producto\/tp-link-tl-wn823n-tarjeta-red-wifi-n300-nano-usb\/","url":"https:\/\/aivlisoft.net\/shop\/producto\/tp-link-tl-wn823n-tarjeta-red-wifi-n300-nano-usb\/","name":"TP-LINK TL-WN823N Tarjeta Red WiFi N300 Nano USB - Aivlisoft Inform\u00e1tica","isPartOf":{"@id":"https:\/\/aivlisoft.net\/shop\/#website"},"primaryImageOfPage":{"@id":"https:\/\/aivlisoft.net\/shop\/producto\/tp-link-tl-wn823n-tarjeta-red-wifi-n300-nano-usb\/#primaryimage"},"image":{"@id":"https:\/\/aivlisoft.net\/shop\/producto\/tp-link-tl-wn823n-tarjeta-red-wifi-n300-nano-usb\/#primaryimage"},"thumbnailUrl":"https:\/\/aivlisoft.net\/shop\/wp-content\/uploads\/2025\/01\/NADAIN0092_800.jpg","datePublished":"2025-01-13T15:18:17+00:00","dateModified":"2025-01-14T20:21:23+00:00","breadcrumb":{"@id":"https:\/\/aivlisoft.net\/shop\/producto\/tp-link-tl-wn823n-tarjeta-red-wifi-n300-nano-usb\/#breadcrumb"},"inLanguage":"es","potentialAction":[{"@type":"ReadAction","target":["https:\/\/aivlisoft.net\/shop\/producto\/tp-link-tl-wn823n-tarjeta-red-wifi-n300-nano-usb\/"]}]},{"@type":"ImageObject","inLanguage":"es","@id":"https:\/\/aivlisoft.net\/shop\/producto\/tp-link-tl-wn823n-tarjeta-red-wifi-n300-nano-usb\/#primaryimage","url":"https:\/\/aivlisoft.net\/shop\/wp-content\/uploads\/2025\/01\/NADAIN0092_800.jpg","contentUrl":"https:\/\/aivlisoft.net\/shop\/wp-content\/uploads\/2025\/01\/NADAIN0092_800.jpg","width":800,"height":800},{"@type":"BreadcrumbList","@id":"https:\/\/aivlisoft.net\/shop\/producto\/tp-link-tl-wn823n-tarjeta-red-wifi-n300-nano-usb\/#breadcrumb","itemListElement":[{"@type":"ListItem","position":1,"name":"Portada","item":"https:\/\/aivlisoft.net\/shop\/"},{"@type":"ListItem","position":2,"name":"Tienda","item":"https:\/\/aivlisoft.net\/shop\/tienda\/"},{"@type":"ListItem","position":3,"name":"TP-LINK TL-WN823N Tarjeta Red WiFi N300 Nano USB"}]},{"@type":"WebSite","@id":"https:\/\/aivlisoft.net\/shop\/#website","url":"https:\/\/aivlisoft.net\/shop\/","name":"Aivlisoft Inform\u00e1tica","description":"En Aivlisoft Inform\u00e1tica ofrecemos soluciones tecnol\u00f3gicas para empresas: venta de ordenadores, consumibles, perif\u00e9ricos y m\u00e1s. Calidad, atenci\u00f3n personalizada y los mejores precios para tu negocio.","publisher":{"@id":"https:\/\/aivlisoft.net\/shop\/#organization"},"potentialAction":[{"@type":"SearchAction","target":{"@type":"EntryPoint","urlTemplate":"https:\/\/aivlisoft.net\/shop\/?s={search_term_string}"},"query-input":{"@type":"PropertyValueSpecification","valueRequired":true,"valueName":"search_term_string"}}],"inLanguage":"es"},{"@type":"Organization","@id":"https:\/\/aivlisoft.net\/shop\/#organization","name":"Aivlisoft Inform\u00e1tica","url":"https:\/\/aivlisoft.net\/shop\/","logo":{"@type":"ImageObject","inLanguage":"es","@id":"https:\/\/aivlisoft.net\/shop\/#\/schema\/logo\/image\/","url":"https:\/\/aivlisoft.net\/shop\/wp-content\/uploads\/2024\/12\/removal.ai_5b848c54-0cdf-4140-95c5-c5536bb7573b-logodef.png","contentUrl":"https:\/\/aivlisoft.net\/shop\/wp-content\/uploads\/2024\/12\/removal.ai_5b848c54-0cdf-4140-95c5-c5536bb7573b-logodef.png","width":484,"height":182,"caption":"Aivlisoft Inform\u00e1tica"},"image":{"@id":"https:\/\/aivlisoft.net\/shop\/#\/schema\/logo\/image\/"}}]}},"_links":{"self":[{"href":"https:\/\/aivlisoft.net\/shop\/wp-json\/wp\/v2\/product\/18049","targetHints":{"allow":["GET"]}}],"collection":[{"href":"https:\/\/aivlisoft.net\/shop\/wp-json\/wp\/v2\/product"}],"about":[{"href":"https:\/\/aivlisoft.net\/shop\/wp-json\/wp\/v2\/types\/product"}],"wp:featuredmedia":[{"embeddable":true,"href":"https:\/\/aivlisoft.net\/shop\/wp-json\/wp\/v2\/media\/18050"}],"wp:attachment":[{"href":"https:\/\/aivlisoft.net\/shop\/wp-json\/wp\/v2\/media?parent=18049"}],"wp:term":[{"taxonomy":"product_brand","embeddable":true,"href":"https:\/\/aivlisoft.net\/shop\/wp-json\/wp\/v2\/product_brand?post=18049"},{"taxonomy":"product_cat","embeddable":true,"href":"https:\/\/aivlisoft.net\/shop\/wp-json\/wp\/v2\/product_cat?post=18049"},{"taxonomy":"product_tag","embeddable":true,"href":"https:\/\/aivlisoft.net\/shop\/wp-json\/wp\/v2\/product_tag?post=18049"}],"curies":[{"name":"wp","href":"https:\/\/api.w.org\/{rel}","templated":true}]}}