{"id":18033,"date":"2025-01-13T15:18:09","date_gmt":"2025-01-13T15:18:09","guid":{"rendered":"https:\/\/aivlisoft.com\/?post_type=product&#038;p=18033"},"modified":"2025-01-14T20:21:29","modified_gmt":"2025-01-14T20:21:29","slug":"tp-link-tl-wn822n-adaptador-red-n300-3dbi-usb","status":"publish","type":"product","link":"https:\/\/aivlisoft.net\/shop\/producto\/tp-link-tl-wn822n-adaptador-red-n300-3dbi-usb\/","title":{"rendered":"TP-LINK TL-WN822N Adaptador Red N300 3dBi USB"},"content":{"rendered":"<p><strong>Adaptador USB Inal&aacute;mbrico de Alta Sensibilidad a 300 Mbps<\/strong><\/p>\n<p>&#8211; Velocidad 11N que le permite disfrutar de la mejor experiencia de reproducci&oacute;n de v&iacute;deo HD en streaming y llamadas a trav&eacute;s de Internet<br \/>&#8211; Dos antenas externas: mayor nivel de recepci&oacute;n y mejores prestaciones de transmisi&oacute;n<br \/>&#8211; Encriptaci&oacute;n de la red inal&aacute;mbrica con tan s&oacute;lo pulsar el bot&oacute;n QSS (Quick Security Setup)<br \/>&#8211; Incluye un cable de extensi&oacute;n USB de 1,5 metros para facilitar su instalaci&oacute;n<br \/>&#8211; Soporta Windows XP \/ Vista \/ 7<\/p>\n<table class=\"tabla_caracteristicas k-table\" width=\"100%\">\n<tbody>\n<tr>\n<td><strong>Marca<\/strong><\/td>\n<td>TP-Link<\/td>\n<\/tr>\n<tr>\n<td><strong>Modelo<\/strong><\/td>\n<td><strong>TL-WN822N<\/strong><\/td>\n<\/tr>\n<tr>\n<td><strong>Caracter&iacute;sticas hardware<\/strong><\/td>\n<td>&#8211; Interfaz: Mini USB 2.0<br \/>&#8211; Botones: Bot&oacute;n QSS \/ software<br \/>&#8211; Dimensiones: 3.5 x 2.7 x 0.7 in. (90 x 68 x 16.8mm)<br \/>&#8211; Tipo de Antena: Dual omnidireccional<br \/>&#8211; Ganancia de Antena: 3dBi<\/td>\n<\/tr>\n<tr>\n<td><strong>Caracter&iacute;sticas inal&aacute;mbricas<\/strong><\/td>\n<td>&#8211; Est&aacute;ndares Inal&aacute;mbricos: IEEE 802.11n, IEEE 802.11g, IEEE 802.11b<br \/>&#8211; Frecuencia: 2.400-2.4835GHz<br \/>&#8211; Tasa de Se&ntilde;al: 11n: Hasta 300Mbps (din&aacute;mico)<br \/>&nbsp; 11g: hasta 54Mbps (din&aacute;mico)<br \/>&nbsp; 11b: hasta 11Mbps (din&aacute;mico)<br \/>&#8211; Sensibilidad de Recepci&oacute;n: 270M: -68dBm@10% PER<br \/>&nbsp; 130M: -68dBm@10% PER<br \/>&nbsp; 108M: -68dBm@10% PER<br \/>&nbsp; 54M: -68dBm@10% PER<br \/>&nbsp; 11M: -85dBm@8% PER<br \/>&nbsp; 6M: -88dBm@10% PER<br \/>&nbsp; 1M: -90dBm@8% PER<br \/>&#8211; Potencia de Transmisi&oacute;n: &lt;20dBm(EIRP)<br \/>&#8211; Modos Inal&aacute;mbricos: Modos ad-Hoc \/ infraestructura<br \/>&#8211; Seguridad Inal&aacute;mbrica: Compatible con 64\/128 bit WEP, WPA-PSK\/WPA2-PSK<br \/>&#8211; Tecnolog&iacute;a de Modulaci&oacute;n: DBPSK, DQPSK, CCK, OFDM, 16-QAM, 64-QAM<br \/>&#8211; Funciones Avanzadas: WMM<\/td>\n<\/tr>\n<tr>\n<td><strong>Otras caracter&iacute;sticas<\/strong><\/td>\n<td>&#8211; Requisitos del sistema: Windows 8.1 32\/64bit Windows 8 32\/64bit Windows 7(32\/64bits) Windows XP(32\/64bits) Mac OS X 10.7~10.10 Linux<br \/>&#8211; Certificaciones: CE, FCC, RoHS<br \/><strong>Contenido<\/strong><br \/>&#8211; Adaptador inal&aacute;mbrico TL-WN822N<br \/>&#8211; CD de utilidades<br \/>&#8211; Cable USB<br \/>&#8211; Gu&iacute;a r&aacute;pida de instalaci&oacute;n<\/td>\n<\/tr>\n<tr>\n<td><strong>Fecha de revisi&oacute;n<\/strong><\/td>\n<td>17-12-2020 por MSB<\/td>\n<\/tr>\n<\/tbody>\n<\/table>\n","protected":false},"excerpt":{"rendered":"<p>Adaptador USB Inal&aacute;mbrico de Alta Sensibilidad a 300 Mbps &#8211; Velocidad 11N que le permite disfrutar de la mejor experiencia de reproducci&oacute;n de v&iacute;deo HD en streaming y llamadas a trav&eacute;s de Internet&#8211; Dos antenas externas: mayor nivel de recepci&oacute;n y mejores prestaciones de transmisi&oacute;n&#8211; Encriptaci&oacute;n de la red inal&aacute;mbrica con tan s&oacute;lo pulsar el&hellip;&nbsp;<a href=\"https:\/\/aivlisoft.net\/shop\/producto\/tp-link-tl-wn822n-adaptador-red-n300-3dbi-usb\/\" rel=\"bookmark\"><span class=\"screen-reader-text\">TP-LINK TL-WN822N Adaptador Red N300 3dBi USB<\/span><\/a><\/p>\n","protected":false},"featured_media":18034,"template":"","meta":{"neve_meta_sidebar":"","neve_meta_container":"","neve_meta_enable_content_width":"","neve_meta_content_width":0,"neve_meta_title_alignment":"","neve_meta_author_avatar":"","neve_post_elements_order":"","neve_meta_disable_header":"","neve_meta_disable_footer":"","neve_meta_disable_title":""},"product_brand":[],"product_cat":[15,1399,8705],"product_tag":[6612],"class_list":{"0":"post-18033","1":"product","2":"type-product","3":"status-publish","4":"has-post-thumbnail","6":"product_cat-sin-categorizar","7":"product_cat-accesorios-redes","8":"product_cat-accesorios-redes-wifi","9":"product_tag-tl-wn822n","11":"first","12":"instock","13":"taxable","14":"shipping-taxable","15":"purchasable","16":"product-type-simple"},"yoast_head":"<!-- This site is optimized with the Yoast SEO plugin v26.0 - https:\/\/yoast.com\/wordpress\/plugins\/seo\/ -->\n<title>TP-LINK TL-WN822N Adaptador Red N300 3dBi USB - Aivlisoft Inform\u00e1tica<\/title>\n<meta name=\"robots\" content=\"index, follow, max-snippet:-1, max-image-preview:large, max-video-preview:-1\" \/>\n<link rel=\"canonical\" href=\"https:\/\/aivlisoft.net\/shop\/producto\/tp-link-tl-wn822n-adaptador-red-n300-3dbi-usb\/\" \/>\n<meta property=\"og:locale\" content=\"es_ES\" \/>\n<meta property=\"og:type\" content=\"article\" \/>\n<meta property=\"og:title\" content=\"TP-LINK TL-WN822N Adaptador Red N300 3dBi USB - Aivlisoft Inform\u00e1tica\" \/>\n<meta property=\"og:description\" content=\"Adaptador USB Inal&aacute;mbrico de Alta Sensibilidad a 300 Mbps &#8211; Velocidad 11N que le permite disfrutar de la mejor experiencia de reproducci&oacute;n de v&iacute;deo HD en streaming y llamadas a trav&eacute;s de Internet&#8211; Dos antenas externas: mayor nivel de recepci&oacute;n y mejores prestaciones de transmisi&oacute;n&#8211; Encriptaci&oacute;n de la red inal&aacute;mbrica con tan s&oacute;lo pulsar el&hellip;&nbsp;TP-LINK TL-WN822N Adaptador Red N300 3dBi USB\" \/>\n<meta property=\"og:url\" content=\"https:\/\/aivlisoft.net\/shop\/producto\/tp-link-tl-wn822n-adaptador-red-n300-3dbi-usb\/\" \/>\n<meta property=\"og:site_name\" content=\"Aivlisoft Inform\u00e1tica\" \/>\n<meta property=\"article:modified_time\" content=\"2025-01-14T20:21:29+00:00\" \/>\n<meta property=\"og:image\" content=\"https:\/\/aivlisoft.net\/shop\/wp-content\/uploads\/2025\/01\/NADAIN0066_800.jpg\" \/>\n\t<meta property=\"og:image:width\" content=\"800\" \/>\n\t<meta property=\"og:image:height\" content=\"800\" \/>\n\t<meta property=\"og:image:type\" content=\"image\/jpeg\" \/>\n<meta name=\"twitter:card\" content=\"summary_large_image\" \/>\n<meta name=\"twitter:label1\" content=\"Tiempo de lectura\" \/>\n\t<meta name=\"twitter:data1\" content=\"2 minutos\" \/>\n<script type=\"application\/ld+json\" class=\"yoast-schema-graph\">{\"@context\":\"https:\/\/schema.org\",\"@graph\":[{\"@type\":\"WebPage\",\"@id\":\"https:\/\/aivlisoft.net\/shop\/producto\/tp-link-tl-wn822n-adaptador-red-n300-3dbi-usb\/\",\"url\":\"https:\/\/aivlisoft.net\/shop\/producto\/tp-link-tl-wn822n-adaptador-red-n300-3dbi-usb\/\",\"name\":\"TP-LINK TL-WN822N Adaptador Red N300 3dBi USB - Aivlisoft Inform\u00e1tica\",\"isPartOf\":{\"@id\":\"https:\/\/aivlisoft.net\/shop\/#website\"},\"primaryImageOfPage\":{\"@id\":\"https:\/\/aivlisoft.net\/shop\/producto\/tp-link-tl-wn822n-adaptador-red-n300-3dbi-usb\/#primaryimage\"},\"image\":{\"@id\":\"https:\/\/aivlisoft.net\/shop\/producto\/tp-link-tl-wn822n-adaptador-red-n300-3dbi-usb\/#primaryimage\"},\"thumbnailUrl\":\"https:\/\/aivlisoft.net\/shop\/wp-content\/uploads\/2025\/01\/NADAIN0066_800.jpg\",\"datePublished\":\"2025-01-13T15:18:09+00:00\",\"dateModified\":\"2025-01-14T20:21:29+00:00\",\"breadcrumb\":{\"@id\":\"https:\/\/aivlisoft.net\/shop\/producto\/tp-link-tl-wn822n-adaptador-red-n300-3dbi-usb\/#breadcrumb\"},\"inLanguage\":\"es\",\"potentialAction\":[{\"@type\":\"ReadAction\",\"target\":[\"https:\/\/aivlisoft.net\/shop\/producto\/tp-link-tl-wn822n-adaptador-red-n300-3dbi-usb\/\"]}]},{\"@type\":\"ImageObject\",\"inLanguage\":\"es\",\"@id\":\"https:\/\/aivlisoft.net\/shop\/producto\/tp-link-tl-wn822n-adaptador-red-n300-3dbi-usb\/#primaryimage\",\"url\":\"https:\/\/aivlisoft.net\/shop\/wp-content\/uploads\/2025\/01\/NADAIN0066_800.jpg\",\"contentUrl\":\"https:\/\/aivlisoft.net\/shop\/wp-content\/uploads\/2025\/01\/NADAIN0066_800.jpg\",\"width\":800,\"height\":800},{\"@type\":\"BreadcrumbList\",\"@id\":\"https:\/\/aivlisoft.net\/shop\/producto\/tp-link-tl-wn822n-adaptador-red-n300-3dbi-usb\/#breadcrumb\",\"itemListElement\":[{\"@type\":\"ListItem\",\"position\":1,\"name\":\"Portada\",\"item\":\"https:\/\/aivlisoft.net\/shop\/\"},{\"@type\":\"ListItem\",\"position\":2,\"name\":\"Tienda\",\"item\":\"https:\/\/aivlisoft.net\/shop\/tienda\/\"},{\"@type\":\"ListItem\",\"position\":3,\"name\":\"TP-LINK TL-WN822N Adaptador Red N300 3dBi USB\"}]},{\"@type\":\"WebSite\",\"@id\":\"https:\/\/aivlisoft.net\/shop\/#website\",\"url\":\"https:\/\/aivlisoft.net\/shop\/\",\"name\":\"Aivlisoft Inform\u00e1tica\",\"description\":\"En Aivlisoft Inform\u00e1tica ofrecemos soluciones tecnol\u00f3gicas para empresas: venta de ordenadores, consumibles, perif\u00e9ricos y m\u00e1s. Calidad, atenci\u00f3n personalizada y los mejores precios para tu negocio.\",\"publisher\":{\"@id\":\"https:\/\/aivlisoft.net\/shop\/#organization\"},\"potentialAction\":[{\"@type\":\"SearchAction\",\"target\":{\"@type\":\"EntryPoint\",\"urlTemplate\":\"https:\/\/aivlisoft.net\/shop\/?s={search_term_string}\"},\"query-input\":{\"@type\":\"PropertyValueSpecification\",\"valueRequired\":true,\"valueName\":\"search_term_string\"}}],\"inLanguage\":\"es\"},{\"@type\":\"Organization\",\"@id\":\"https:\/\/aivlisoft.net\/shop\/#organization\",\"name\":\"Aivlisoft Inform\u00e1tica\",\"url\":\"https:\/\/aivlisoft.net\/shop\/\",\"logo\":{\"@type\":\"ImageObject\",\"inLanguage\":\"es\",\"@id\":\"https:\/\/aivlisoft.net\/shop\/#\/schema\/logo\/image\/\",\"url\":\"https:\/\/aivlisoft.net\/shop\/wp-content\/uploads\/2024\/12\/removal.ai_5b848c54-0cdf-4140-95c5-c5536bb7573b-logodef.png\",\"contentUrl\":\"https:\/\/aivlisoft.net\/shop\/wp-content\/uploads\/2024\/12\/removal.ai_5b848c54-0cdf-4140-95c5-c5536bb7573b-logodef.png\",\"width\":484,\"height\":182,\"caption\":\"Aivlisoft Inform\u00e1tica\"},\"image\":{\"@id\":\"https:\/\/aivlisoft.net\/shop\/#\/schema\/logo\/image\/\"}}]}<\/script>\n<!-- \/ Yoast SEO plugin. -->","yoast_head_json":{"title":"TP-LINK TL-WN822N Adaptador Red N300 3dBi USB - Aivlisoft Inform\u00e1tica","robots":{"index":"index","follow":"follow","max-snippet":"max-snippet:-1","max-image-preview":"max-image-preview:large","max-video-preview":"max-video-preview:-1"},"canonical":"https:\/\/aivlisoft.net\/shop\/producto\/tp-link-tl-wn822n-adaptador-red-n300-3dbi-usb\/","og_locale":"es_ES","og_type":"article","og_title":"TP-LINK TL-WN822N Adaptador Red N300 3dBi USB - Aivlisoft Inform\u00e1tica","og_description":"Adaptador USB Inal&aacute;mbrico de Alta Sensibilidad a 300 Mbps &#8211; Velocidad 11N que le permite disfrutar de la mejor experiencia de reproducci&oacute;n de v&iacute;deo HD en streaming y llamadas a trav&eacute;s de Internet&#8211; Dos antenas externas: mayor nivel de recepci&oacute;n y mejores prestaciones de transmisi&oacute;n&#8211; Encriptaci&oacute;n de la red inal&aacute;mbrica con tan s&oacute;lo pulsar el&hellip;&nbsp;TP-LINK TL-WN822N Adaptador Red N300 3dBi USB","og_url":"https:\/\/aivlisoft.net\/shop\/producto\/tp-link-tl-wn822n-adaptador-red-n300-3dbi-usb\/","og_site_name":"Aivlisoft Inform\u00e1tica","article_modified_time":"2025-01-14T20:21:29+00:00","og_image":[{"width":800,"height":800,"url":"https:\/\/aivlisoft.net\/shop\/wp-content\/uploads\/2025\/01\/NADAIN0066_800.jpg","type":"image\/jpeg"}],"twitter_card":"summary_large_image","twitter_misc":{"Tiempo de lectura":"2 minutos"},"schema":{"@context":"https:\/\/schema.org","@graph":[{"@type":"WebPage","@id":"https:\/\/aivlisoft.net\/shop\/producto\/tp-link-tl-wn822n-adaptador-red-n300-3dbi-usb\/","url":"https:\/\/aivlisoft.net\/shop\/producto\/tp-link-tl-wn822n-adaptador-red-n300-3dbi-usb\/","name":"TP-LINK TL-WN822N Adaptador Red N300 3dBi USB - Aivlisoft Inform\u00e1tica","isPartOf":{"@id":"https:\/\/aivlisoft.net\/shop\/#website"},"primaryImageOfPage":{"@id":"https:\/\/aivlisoft.net\/shop\/producto\/tp-link-tl-wn822n-adaptador-red-n300-3dbi-usb\/#primaryimage"},"image":{"@id":"https:\/\/aivlisoft.net\/shop\/producto\/tp-link-tl-wn822n-adaptador-red-n300-3dbi-usb\/#primaryimage"},"thumbnailUrl":"https:\/\/aivlisoft.net\/shop\/wp-content\/uploads\/2025\/01\/NADAIN0066_800.jpg","datePublished":"2025-01-13T15:18:09+00:00","dateModified":"2025-01-14T20:21:29+00:00","breadcrumb":{"@id":"https:\/\/aivlisoft.net\/shop\/producto\/tp-link-tl-wn822n-adaptador-red-n300-3dbi-usb\/#breadcrumb"},"inLanguage":"es","potentialAction":[{"@type":"ReadAction","target":["https:\/\/aivlisoft.net\/shop\/producto\/tp-link-tl-wn822n-adaptador-red-n300-3dbi-usb\/"]}]},{"@type":"ImageObject","inLanguage":"es","@id":"https:\/\/aivlisoft.net\/shop\/producto\/tp-link-tl-wn822n-adaptador-red-n300-3dbi-usb\/#primaryimage","url":"https:\/\/aivlisoft.net\/shop\/wp-content\/uploads\/2025\/01\/NADAIN0066_800.jpg","contentUrl":"https:\/\/aivlisoft.net\/shop\/wp-content\/uploads\/2025\/01\/NADAIN0066_800.jpg","width":800,"height":800},{"@type":"BreadcrumbList","@id":"https:\/\/aivlisoft.net\/shop\/producto\/tp-link-tl-wn822n-adaptador-red-n300-3dbi-usb\/#breadcrumb","itemListElement":[{"@type":"ListItem","position":1,"name":"Portada","item":"https:\/\/aivlisoft.net\/shop\/"},{"@type":"ListItem","position":2,"name":"Tienda","item":"https:\/\/aivlisoft.net\/shop\/tienda\/"},{"@type":"ListItem","position":3,"name":"TP-LINK TL-WN822N Adaptador Red N300 3dBi USB"}]},{"@type":"WebSite","@id":"https:\/\/aivlisoft.net\/shop\/#website","url":"https:\/\/aivlisoft.net\/shop\/","name":"Aivlisoft Inform\u00e1tica","description":"En Aivlisoft Inform\u00e1tica ofrecemos soluciones tecnol\u00f3gicas para empresas: venta de ordenadores, consumibles, perif\u00e9ricos y m\u00e1s. Calidad, atenci\u00f3n personalizada y los mejores precios para tu negocio.","publisher":{"@id":"https:\/\/aivlisoft.net\/shop\/#organization"},"potentialAction":[{"@type":"SearchAction","target":{"@type":"EntryPoint","urlTemplate":"https:\/\/aivlisoft.net\/shop\/?s={search_term_string}"},"query-input":{"@type":"PropertyValueSpecification","valueRequired":true,"valueName":"search_term_string"}}],"inLanguage":"es"},{"@type":"Organization","@id":"https:\/\/aivlisoft.net\/shop\/#organization","name":"Aivlisoft Inform\u00e1tica","url":"https:\/\/aivlisoft.net\/shop\/","logo":{"@type":"ImageObject","inLanguage":"es","@id":"https:\/\/aivlisoft.net\/shop\/#\/schema\/logo\/image\/","url":"https:\/\/aivlisoft.net\/shop\/wp-content\/uploads\/2024\/12\/removal.ai_5b848c54-0cdf-4140-95c5-c5536bb7573b-logodef.png","contentUrl":"https:\/\/aivlisoft.net\/shop\/wp-content\/uploads\/2024\/12\/removal.ai_5b848c54-0cdf-4140-95c5-c5536bb7573b-logodef.png","width":484,"height":182,"caption":"Aivlisoft Inform\u00e1tica"},"image":{"@id":"https:\/\/aivlisoft.net\/shop\/#\/schema\/logo\/image\/"}}]}},"_links":{"self":[{"href":"https:\/\/aivlisoft.net\/shop\/wp-json\/wp\/v2\/product\/18033","targetHints":{"allow":["GET"]}}],"collection":[{"href":"https:\/\/aivlisoft.net\/shop\/wp-json\/wp\/v2\/product"}],"about":[{"href":"https:\/\/aivlisoft.net\/shop\/wp-json\/wp\/v2\/types\/product"}],"wp:featuredmedia":[{"embeddable":true,"href":"https:\/\/aivlisoft.net\/shop\/wp-json\/wp\/v2\/media\/18034"}],"wp:attachment":[{"href":"https:\/\/aivlisoft.net\/shop\/wp-json\/wp\/v2\/media?parent=18033"}],"wp:term":[{"taxonomy":"product_brand","embeddable":true,"href":"https:\/\/aivlisoft.net\/shop\/wp-json\/wp\/v2\/product_brand?post=18033"},{"taxonomy":"product_cat","embeddable":true,"href":"https:\/\/aivlisoft.net\/shop\/wp-json\/wp\/v2\/product_cat?post=18033"},{"taxonomy":"product_tag","embeddable":true,"href":"https:\/\/aivlisoft.net\/shop\/wp-json\/wp\/v2\/product_tag?post=18033"}],"curies":[{"name":"wp","href":"https:\/\/api.w.org\/{rel}","templated":true}]}}