{"id":18007,"date":"2025-01-13T15:17:54","date_gmt":"2025-01-13T15:17:54","guid":{"rendered":"https:\/\/aivlisoft.com\/?post_type=product&#038;p=18007"},"modified":"2025-01-14T11:36:43","modified_gmt":"2025-01-14T11:36:43","slug":"tp-link-sm5310-t-modulo-10gbase-t-rj45-sfp","status":"publish","type":"product","link":"https:\/\/aivlisoft.net\/shop\/producto\/tp-link-sm5310-t-modulo-10gbase-t-rj45-sfp\/","title":{"rendered":"TP-Link SM5310-T Modulo 10GBase-T RJ45 SFP+"},"content":{"rendered":"<p><\/p>\n<table class=\"tabla_caracteristicas\" width=\"100%\">\n<tr>\n<td valign=\"top\"><strong>Marca<\/strong><\/td>\n<td>TP-Link<\/td>\n<\/tr>\n<tr>\n<td valign=\"top\"><strong>Modelo<\/strong><\/td>\n<td>SM5310-T<\/td>\n<\/tr>\n<tr>\n<td valign=\"top\"><strong>Caracter&iacute;sticas Hadware<\/strong><\/td>\n<td>&#8211; Intercambiables en caliente<\/td>\n<\/tr>\n<tr>\n<td valign=\"top\"><strong>Caracter&iacute;sticas Inal&aacute;mbricas<\/strong><\/td>\n<td>&#8211; Est&aacute;ndares y Protocolos: IEEE Std 802.3, 802.3ab, 802.3bz, 82.3an<br \/>\t\t\t&#8211; Fuente de Alimentaci&oacute;n: 3.3V<br \/>\t\t\t&#8211; Longitud M&aacute;xima de Cable:<br \/>\t\t\t&nbsp; 100BASE-TX: UTP cat.5 o superior (m&aacute;x. 100 m)<br \/>\t\t\t&nbsp; 1000BASE-T\/2.5GBASE-T\/5GBASE-T: UTP cat.5e o superior (m&aacute;x. 100 m)<br \/>\t\t\t&nbsp; 10GBASE-T: UTP cat.6a o superior (m&aacute;x. 30 m)<br \/>\t\t\t&#8211; Tasa de Datos: 10.3 Gbps<br \/>\t\t\t&#8211; Tipo de Puerto: 1 x puerto RJ45 de 10G<br \/>\t\t\t&#8211; Seguridad y Emisiones: FCC, CE, RoHS<br \/>\t\t\t&#8211; Factores Ambientales:<br \/>\t\t\t&nbsp; Temperatura de funcionamiento: 0&ndash;70 &ordm;C<br \/>\t\t\t&nbsp; Temperatura de almacenamiento: -40&ndash;85 &ordm;C&nbsp;<\/td>\n<\/tr>\n<tr>\n<td valign=\"top\"><strong>Gesti&oacute;n<\/strong><\/td>\n<td>&#8211; Omada App&nbsp;&nbsp;&nbsp; &nbsp;<br \/>\t\t\t&#8211; Gesti&oacute;n Centralizada<br \/>\t\t\t&nbsp; Omada Hardware Controller (OC300, OC200)<br \/>\t\t\t&nbsp; Omada Software Controller<br \/>\t\t\t&nbsp; Omada Cloud-Based Controller<br \/>\t\t\t&#8211; Acceso a la nube: Requiere el uso de OC300, OC200, controlador basado en la nube Omada o controlador de software Omada<br \/>\t\t\t&#8211; Alertas por Correo Electr&oacute;nico<br \/>\t\t\t&#8211; LED de control ON \/ OFF<br \/>\t\t\t&#8211; Control de Gesti&oacute;n de Acceso MAC<br \/>\t\t\t&#8211; SNMP: v1, v2c, v3<br \/>\t\t\t&#8211; Acceso al Registro de Sistema Local\/ Registro del Sistema Remoto: System Log<br \/>\t\t\t&#8211; SSH<br \/>\t\t\t&#8211; Gesti&oacute;n basada en Web<br \/>\t\t\t&#8211; Aprovisionamiento sin contacto: Requiere el uso del controlador basado en la nube Omada<\/td>\n<\/tr>\n<tr>\n<td valign=\"top\"><strong>Otras caracter&iacute;sticas<\/strong><\/td>\n<td><strong>Dimensiones <\/strong><br \/>\t\t\t&#8211; 67,4 x 13,75 x 13,8 mm<br \/>\t\t\t<strong>Contenido<\/strong><br \/>\t\t\t&#8211; M&oacute;dulo 10G BASE-T RJ45 SFP+ TL-SM5310-T<br \/>\t\t\t&#8211; Gu&iacute;a de instalaci&oacute;n<\/td>\n<\/tr>\n<tr>\n<td valign=\"top\"><strong>Fecha de revisi&oacute;n<\/strong><\/td>\n<td>09-08-2024 por RTY<\/td>\n<\/tr>\n<\/table>\n","protected":false},"excerpt":{"rendered":"<p>Marca TP-Link Modelo SM5310-T Caracter&iacute;sticas Hadware &#8211; Intercambiables en caliente Caracter&iacute;sticas Inal&aacute;mbricas &#8211; Est&aacute;ndares y Protocolos: IEEE Std 802.3, 802.3ab, 802.3bz, 82.3an &#8211; Fuente de Alimentaci&oacute;n: 3.3V &#8211; Longitud M&aacute;xima de Cable: &nbsp; 100BASE-TX: UTP cat.5 o superior (m&aacute;x. 100 m) &nbsp; 1000BASE-T\/2.5GBASE-T\/5GBASE-T: UTP cat.5e o superior (m&aacute;x. 100 m) &nbsp; 10GBASE-T: UTP cat.6a o&hellip;&nbsp;<a href=\"https:\/\/aivlisoft.net\/shop\/producto\/tp-link-sm5310-t-modulo-10gbase-t-rj45-sfp\/\" rel=\"bookmark\"><span class=\"screen-reader-text\">TP-Link SM5310-T Modulo 10GBase-T RJ45 SFP+<\/span><\/a><\/p>\n","protected":false},"featured_media":18008,"template":"","meta":{"neve_meta_sidebar":"","neve_meta_container":"","neve_meta_enable_content_width":"","neve_meta_content_width":0,"neve_meta_title_alignment":"","neve_meta_author_avatar":"","neve_post_elements_order":"","neve_meta_disable_header":"","neve_meta_disable_footer":"","neve_meta_disable_title":""},"product_brand":[],"product_cat":[8763],"product_tag":[6602],"class_list":{"0":"post-18007","1":"product","2":"type-product","3":"status-publish","4":"has-post-thumbnail","6":"product_cat-red-cableada","7":"product_tag-sm5310-t","9":"first","10":"instock","11":"taxable","12":"shipping-taxable","13":"purchasable","14":"product-type-simple"},"yoast_head":"<!-- This site is optimized with the Yoast SEO plugin v26.0 - https:\/\/yoast.com\/wordpress\/plugins\/seo\/ -->\n<title>TP-Link SM5310-T Modulo 10GBase-T RJ45 SFP+ - Aivlisoft Inform\u00e1tica<\/title>\n<meta name=\"robots\" content=\"index, follow, max-snippet:-1, max-image-preview:large, max-video-preview:-1\" \/>\n<link rel=\"canonical\" href=\"https:\/\/aivlisoft.net\/shop\/producto\/tp-link-sm5310-t-modulo-10gbase-t-rj45-sfp\/\" \/>\n<meta property=\"og:locale\" content=\"es_ES\" \/>\n<meta property=\"og:type\" content=\"article\" \/>\n<meta property=\"og:title\" content=\"TP-Link SM5310-T Modulo 10GBase-T RJ45 SFP+ - Aivlisoft Inform\u00e1tica\" \/>\n<meta property=\"og:description\" content=\"Marca TP-Link Modelo SM5310-T Caracter&iacute;sticas Hadware &#8211; Intercambiables en caliente Caracter&iacute;sticas Inal&aacute;mbricas &#8211; Est&aacute;ndares y Protocolos: IEEE Std 802.3, 802.3ab, 802.3bz, 82.3an &#8211; Fuente de Alimentaci&oacute;n: 3.3V &#8211; Longitud M&aacute;xima de Cable: &nbsp; 100BASE-TX: UTP cat.5 o superior (m&aacute;x. 100 m) &nbsp; 1000BASE-T\/2.5GBASE-T\/5GBASE-T: UTP cat.5e o superior (m&aacute;x. 100 m) &nbsp; 10GBASE-T: UTP cat.6a o&hellip;&nbsp;TP-Link SM5310-T Modulo 10GBase-T RJ45 SFP+\" \/>\n<meta property=\"og:url\" content=\"https:\/\/aivlisoft.net\/shop\/producto\/tp-link-sm5310-t-modulo-10gbase-t-rj45-sfp\/\" \/>\n<meta property=\"og:site_name\" content=\"Aivlisoft Inform\u00e1tica\" \/>\n<meta property=\"article:modified_time\" content=\"2025-01-14T11:36:43+00:00\" \/>\n<meta property=\"og:image\" content=\"https:\/\/aivlisoft.net\/shop\/wp-content\/uploads\/2025\/01\/NADACA0265_800.jpg\" \/>\n\t<meta property=\"og:image:width\" content=\"800\" \/>\n\t<meta property=\"og:image:height\" content=\"800\" \/>\n\t<meta property=\"og:image:type\" content=\"image\/jpeg\" \/>\n<meta name=\"twitter:card\" content=\"summary_large_image\" \/>\n<meta name=\"twitter:label1\" content=\"Tiempo de lectura\" \/>\n\t<meta name=\"twitter:data1\" content=\"1 minuto\" \/>\n<script type=\"application\/ld+json\" class=\"yoast-schema-graph\">{\"@context\":\"https:\/\/schema.org\",\"@graph\":[{\"@type\":\"WebPage\",\"@id\":\"https:\/\/aivlisoft.net\/shop\/producto\/tp-link-sm5310-t-modulo-10gbase-t-rj45-sfp\/\",\"url\":\"https:\/\/aivlisoft.net\/shop\/producto\/tp-link-sm5310-t-modulo-10gbase-t-rj45-sfp\/\",\"name\":\"TP-Link SM5310-T Modulo 10GBase-T RJ45 SFP+ - Aivlisoft Inform\u00e1tica\",\"isPartOf\":{\"@id\":\"https:\/\/aivlisoft.net\/shop\/#website\"},\"primaryImageOfPage\":{\"@id\":\"https:\/\/aivlisoft.net\/shop\/producto\/tp-link-sm5310-t-modulo-10gbase-t-rj45-sfp\/#primaryimage\"},\"image\":{\"@id\":\"https:\/\/aivlisoft.net\/shop\/producto\/tp-link-sm5310-t-modulo-10gbase-t-rj45-sfp\/#primaryimage\"},\"thumbnailUrl\":\"https:\/\/aivlisoft.net\/shop\/wp-content\/uploads\/2025\/01\/NADACA0265_800.jpg\",\"datePublished\":\"2025-01-13T15:17:54+00:00\",\"dateModified\":\"2025-01-14T11:36:43+00:00\",\"breadcrumb\":{\"@id\":\"https:\/\/aivlisoft.net\/shop\/producto\/tp-link-sm5310-t-modulo-10gbase-t-rj45-sfp\/#breadcrumb\"},\"inLanguage\":\"es\",\"potentialAction\":[{\"@type\":\"ReadAction\",\"target\":[\"https:\/\/aivlisoft.net\/shop\/producto\/tp-link-sm5310-t-modulo-10gbase-t-rj45-sfp\/\"]}]},{\"@type\":\"ImageObject\",\"inLanguage\":\"es\",\"@id\":\"https:\/\/aivlisoft.net\/shop\/producto\/tp-link-sm5310-t-modulo-10gbase-t-rj45-sfp\/#primaryimage\",\"url\":\"https:\/\/aivlisoft.net\/shop\/wp-content\/uploads\/2025\/01\/NADACA0265_800.jpg\",\"contentUrl\":\"https:\/\/aivlisoft.net\/shop\/wp-content\/uploads\/2025\/01\/NADACA0265_800.jpg\",\"width\":800,\"height\":800},{\"@type\":\"BreadcrumbList\",\"@id\":\"https:\/\/aivlisoft.net\/shop\/producto\/tp-link-sm5310-t-modulo-10gbase-t-rj45-sfp\/#breadcrumb\",\"itemListElement\":[{\"@type\":\"ListItem\",\"position\":1,\"name\":\"Portada\",\"item\":\"https:\/\/aivlisoft.net\/shop\/\"},{\"@type\":\"ListItem\",\"position\":2,\"name\":\"Tienda\",\"item\":\"https:\/\/aivlisoft.net\/shop\/tienda\/\"},{\"@type\":\"ListItem\",\"position\":3,\"name\":\"TP-Link SM5310-T Modulo 10GBase-T RJ45 SFP+\"}]},{\"@type\":\"WebSite\",\"@id\":\"https:\/\/aivlisoft.net\/shop\/#website\",\"url\":\"https:\/\/aivlisoft.net\/shop\/\",\"name\":\"Aivlisoft Inform\u00e1tica\",\"description\":\"En Aivlisoft Inform\u00e1tica ofrecemos soluciones tecnol\u00f3gicas para empresas: venta de ordenadores, consumibles, perif\u00e9ricos y m\u00e1s. Calidad, atenci\u00f3n personalizada y los mejores precios para tu negocio.\",\"publisher\":{\"@id\":\"https:\/\/aivlisoft.net\/shop\/#organization\"},\"potentialAction\":[{\"@type\":\"SearchAction\",\"target\":{\"@type\":\"EntryPoint\",\"urlTemplate\":\"https:\/\/aivlisoft.net\/shop\/?s={search_term_string}\"},\"query-input\":{\"@type\":\"PropertyValueSpecification\",\"valueRequired\":true,\"valueName\":\"search_term_string\"}}],\"inLanguage\":\"es\"},{\"@type\":\"Organization\",\"@id\":\"https:\/\/aivlisoft.net\/shop\/#organization\",\"name\":\"Aivlisoft Inform\u00e1tica\",\"url\":\"https:\/\/aivlisoft.net\/shop\/\",\"logo\":{\"@type\":\"ImageObject\",\"inLanguage\":\"es\",\"@id\":\"https:\/\/aivlisoft.net\/shop\/#\/schema\/logo\/image\/\",\"url\":\"https:\/\/aivlisoft.net\/shop\/wp-content\/uploads\/2024\/12\/removal.ai_5b848c54-0cdf-4140-95c5-c5536bb7573b-logodef.png\",\"contentUrl\":\"https:\/\/aivlisoft.net\/shop\/wp-content\/uploads\/2024\/12\/removal.ai_5b848c54-0cdf-4140-95c5-c5536bb7573b-logodef.png\",\"width\":484,\"height\":182,\"caption\":\"Aivlisoft Inform\u00e1tica\"},\"image\":{\"@id\":\"https:\/\/aivlisoft.net\/shop\/#\/schema\/logo\/image\/\"}}]}<\/script>\n<!-- \/ Yoast SEO plugin. -->","yoast_head_json":{"title":"TP-Link SM5310-T Modulo 10GBase-T RJ45 SFP+ - Aivlisoft Inform\u00e1tica","robots":{"index":"index","follow":"follow","max-snippet":"max-snippet:-1","max-image-preview":"max-image-preview:large","max-video-preview":"max-video-preview:-1"},"canonical":"https:\/\/aivlisoft.net\/shop\/producto\/tp-link-sm5310-t-modulo-10gbase-t-rj45-sfp\/","og_locale":"es_ES","og_type":"article","og_title":"TP-Link SM5310-T Modulo 10GBase-T RJ45 SFP+ - Aivlisoft Inform\u00e1tica","og_description":"Marca TP-Link Modelo SM5310-T Caracter&iacute;sticas Hadware &#8211; Intercambiables en caliente Caracter&iacute;sticas Inal&aacute;mbricas &#8211; Est&aacute;ndares y Protocolos: IEEE Std 802.3, 802.3ab, 802.3bz, 82.3an &#8211; Fuente de Alimentaci&oacute;n: 3.3V &#8211; Longitud M&aacute;xima de Cable: &nbsp; 100BASE-TX: UTP cat.5 o superior (m&aacute;x. 100 m) &nbsp; 1000BASE-T\/2.5GBASE-T\/5GBASE-T: UTP cat.5e o superior (m&aacute;x. 100 m) &nbsp; 10GBASE-T: UTP cat.6a o&hellip;&nbsp;TP-Link SM5310-T Modulo 10GBase-T RJ45 SFP+","og_url":"https:\/\/aivlisoft.net\/shop\/producto\/tp-link-sm5310-t-modulo-10gbase-t-rj45-sfp\/","og_site_name":"Aivlisoft Inform\u00e1tica","article_modified_time":"2025-01-14T11:36:43+00:00","og_image":[{"width":800,"height":800,"url":"https:\/\/aivlisoft.net\/shop\/wp-content\/uploads\/2025\/01\/NADACA0265_800.jpg","type":"image\/jpeg"}],"twitter_card":"summary_large_image","twitter_misc":{"Tiempo de lectura":"1 minuto"},"schema":{"@context":"https:\/\/schema.org","@graph":[{"@type":"WebPage","@id":"https:\/\/aivlisoft.net\/shop\/producto\/tp-link-sm5310-t-modulo-10gbase-t-rj45-sfp\/","url":"https:\/\/aivlisoft.net\/shop\/producto\/tp-link-sm5310-t-modulo-10gbase-t-rj45-sfp\/","name":"TP-Link SM5310-T Modulo 10GBase-T RJ45 SFP+ - Aivlisoft Inform\u00e1tica","isPartOf":{"@id":"https:\/\/aivlisoft.net\/shop\/#website"},"primaryImageOfPage":{"@id":"https:\/\/aivlisoft.net\/shop\/producto\/tp-link-sm5310-t-modulo-10gbase-t-rj45-sfp\/#primaryimage"},"image":{"@id":"https:\/\/aivlisoft.net\/shop\/producto\/tp-link-sm5310-t-modulo-10gbase-t-rj45-sfp\/#primaryimage"},"thumbnailUrl":"https:\/\/aivlisoft.net\/shop\/wp-content\/uploads\/2025\/01\/NADACA0265_800.jpg","datePublished":"2025-01-13T15:17:54+00:00","dateModified":"2025-01-14T11:36:43+00:00","breadcrumb":{"@id":"https:\/\/aivlisoft.net\/shop\/producto\/tp-link-sm5310-t-modulo-10gbase-t-rj45-sfp\/#breadcrumb"},"inLanguage":"es","potentialAction":[{"@type":"ReadAction","target":["https:\/\/aivlisoft.net\/shop\/producto\/tp-link-sm5310-t-modulo-10gbase-t-rj45-sfp\/"]}]},{"@type":"ImageObject","inLanguage":"es","@id":"https:\/\/aivlisoft.net\/shop\/producto\/tp-link-sm5310-t-modulo-10gbase-t-rj45-sfp\/#primaryimage","url":"https:\/\/aivlisoft.net\/shop\/wp-content\/uploads\/2025\/01\/NADACA0265_800.jpg","contentUrl":"https:\/\/aivlisoft.net\/shop\/wp-content\/uploads\/2025\/01\/NADACA0265_800.jpg","width":800,"height":800},{"@type":"BreadcrumbList","@id":"https:\/\/aivlisoft.net\/shop\/producto\/tp-link-sm5310-t-modulo-10gbase-t-rj45-sfp\/#breadcrumb","itemListElement":[{"@type":"ListItem","position":1,"name":"Portada","item":"https:\/\/aivlisoft.net\/shop\/"},{"@type":"ListItem","position":2,"name":"Tienda","item":"https:\/\/aivlisoft.net\/shop\/tienda\/"},{"@type":"ListItem","position":3,"name":"TP-Link SM5310-T Modulo 10GBase-T RJ45 SFP+"}]},{"@type":"WebSite","@id":"https:\/\/aivlisoft.net\/shop\/#website","url":"https:\/\/aivlisoft.net\/shop\/","name":"Aivlisoft Inform\u00e1tica","description":"En Aivlisoft Inform\u00e1tica ofrecemos soluciones tecnol\u00f3gicas para empresas: venta de ordenadores, consumibles, perif\u00e9ricos y m\u00e1s. Calidad, atenci\u00f3n personalizada y los mejores precios para tu negocio.","publisher":{"@id":"https:\/\/aivlisoft.net\/shop\/#organization"},"potentialAction":[{"@type":"SearchAction","target":{"@type":"EntryPoint","urlTemplate":"https:\/\/aivlisoft.net\/shop\/?s={search_term_string}"},"query-input":{"@type":"PropertyValueSpecification","valueRequired":true,"valueName":"search_term_string"}}],"inLanguage":"es"},{"@type":"Organization","@id":"https:\/\/aivlisoft.net\/shop\/#organization","name":"Aivlisoft Inform\u00e1tica","url":"https:\/\/aivlisoft.net\/shop\/","logo":{"@type":"ImageObject","inLanguage":"es","@id":"https:\/\/aivlisoft.net\/shop\/#\/schema\/logo\/image\/","url":"https:\/\/aivlisoft.net\/shop\/wp-content\/uploads\/2024\/12\/removal.ai_5b848c54-0cdf-4140-95c5-c5536bb7573b-logodef.png","contentUrl":"https:\/\/aivlisoft.net\/shop\/wp-content\/uploads\/2024\/12\/removal.ai_5b848c54-0cdf-4140-95c5-c5536bb7573b-logodef.png","width":484,"height":182,"caption":"Aivlisoft Inform\u00e1tica"},"image":{"@id":"https:\/\/aivlisoft.net\/shop\/#\/schema\/logo\/image\/"}}]}},"_links":{"self":[{"href":"https:\/\/aivlisoft.net\/shop\/wp-json\/wp\/v2\/product\/18007","targetHints":{"allow":["GET"]}}],"collection":[{"href":"https:\/\/aivlisoft.net\/shop\/wp-json\/wp\/v2\/product"}],"about":[{"href":"https:\/\/aivlisoft.net\/shop\/wp-json\/wp\/v2\/types\/product"}],"wp:featuredmedia":[{"embeddable":true,"href":"https:\/\/aivlisoft.net\/shop\/wp-json\/wp\/v2\/media\/18008"}],"wp:attachment":[{"href":"https:\/\/aivlisoft.net\/shop\/wp-json\/wp\/v2\/media?parent=18007"}],"wp:term":[{"taxonomy":"product_brand","embeddable":true,"href":"https:\/\/aivlisoft.net\/shop\/wp-json\/wp\/v2\/product_brand?post=18007"},{"taxonomy":"product_cat","embeddable":true,"href":"https:\/\/aivlisoft.net\/shop\/wp-json\/wp\/v2\/product_cat?post=18007"},{"taxonomy":"product_tag","embeddable":true,"href":"https:\/\/aivlisoft.net\/shop\/wp-json\/wp\/v2\/product_tag?post=18007"}],"curies":[{"name":"wp","href":"https:\/\/api.w.org\/{rel}","templated":true}]}}