{"id":17977,"date":"2025-01-13T15:17:36","date_gmt":"2025-01-13T15:17:36","guid":{"rendered":"https:\/\/aivlisoft.com\/?post_type=product&#038;p=17977"},"modified":"2025-01-14T11:36:31","modified_gmt":"2025-01-14T11:36:31","slug":"synology-e25g30-f2-adaptador-25gbe-sfp28-pcie-lp","status":"publish","type":"product","link":"https:\/\/aivlisoft.net\/shop\/producto\/synology-e25g30-f2-adaptador-25gbe-sfp28-pcie-lp\/","title":{"rendered":"Synology E25G30-F2 Adaptador 25GbE SFP28 PCIe LP"},"content":{"rendered":"<p><\/p>\n<table class=\"tabla_caracteristicas\" width=\"100%\">\n<tr>\n<td valign=\"top\"><strong>Marca<\/strong><\/td>\n<td><strong>Synology <\/strong><\/td>\n<\/tr>\n<tr>\n<td valign=\"top\"><strong>Modelo<\/strong><\/td>\n<td>E25G30-F2<\/td>\n<\/tr>\n<tr>\n<td valign=\"top\"><strong>Caracter&iacute;sticas<\/strong><\/td>\n<td>&#8211; Interfaz de bus del host: PCIe 3.0 x8<br \/>\t\t\t&#8211; Altura del soporte: Perfil bajo y altura completa<br \/>\t\t\t&#8211; 69 mm x 168 mm x 17.3 mm<br \/>\t\t\t&#8211; Temperatura operativa: 0&deg;C a 40&deg;C (32&deg;F a 104&deg;F)<br \/>\t\t\t&#8211; Temperatura de almacenamiento: -20&deg;C a 60&deg;C (-5&deg;F a 140&deg;F)<br \/>\t\t\t&#8211; Humedad relativa: 5% a 95% RH<\/td>\n<\/tr>\n<tr>\n<td valign=\"top\"><strong>Red<\/strong><\/td>\n<td>&#8211; Cumplimiento de las especificaciones IEEE &nbsp;&nbsp; &nbsp;<br \/>\t\t\t&nbsp; IEEE 802.3ad Link Aggregation<br \/>\t\t\t&nbsp; Ethernet IEEE 802.3ae 10Gbps<br \/>\t\t\t&nbsp; Ethernet IEEE 802.3by 25Gbps<br \/>\t\t\t&#8211; Velocidades de transferencia de datos: 25 Gbps\/10 Gbps<br \/>\t\t\t&#8211; Caracter&iacute;sticas compatibles: &nbsp;&nbsp; &nbsp;<br \/>\t\t\t&nbsp; Descarga de segmentaci&oacute;n TCP (TSO)<br \/>\t\t\t&nbsp; Escala lateral de recepci&oacute;n (RSS)<br \/>\t\t\t&nbsp; Descarga de segmentaci&oacute;n gen&eacute;rica (GSO)<br \/>\t\t\t&nbsp; Jumbo Frame de 1,5 &#8211; 9 KB<br \/>\t\t\t&nbsp; Descarga de suma de comprobaci&oacute;n TCP\/UDP<br \/>\t\t\t&nbsp; Escala lateral de transmisi&oacute;n (TSS)<br \/>\t\t\t&nbsp; SR-IOV<br \/>\t\t\t&nbsp; Descarga de recepci&oacute;n grande (LRO)<br \/>\t\t\t*Debido a que las velocidades de v&iacute;nculo mixtas no son compatibles, ambos puertos de red se deben configurar con la misma velocidad de v&iacute;nculo.<\/td>\n<\/tr>\n<tr>\n<td valign=\"top\"><strong>Compatibilidad<\/strong><\/td>\n<td>&#8211; Modelos compatibles:<br \/>\t\t\t&nbsp; FS series:FS6400, FS3600, FS3410, FS3400, FS2500<br \/>\t\t\t&nbsp; HD series:HD6500<br \/>\t\t\t&nbsp; SA series:SA6400, SA3610, SA3600, SA3410, SA3400D, SA3400, SA3200D<br \/>\t\t\t&nbsp; UC series:UC3400, UC3200<br \/>\t\t\t&nbsp; 23 series:RS2423RP+, RS2423+, DS1823xs+<br \/>\t\t\t&nbsp; 22 series:RS822RP+, RS822+, DS3622xs+, DS2422+<br \/>\t\t\t&nbsp; 21 series:RS4021xs+, RS3621xs+, RS3621RPxs, RS2821RP+, RS2421RP+, RS2421+, RS1221RP+, RS1221+, DS1821+, DS1621xs+, DS1621+<br \/>\t\t\t&nbsp; 19 series:RS1619xs+<br \/>\t\t\t&nbsp; 18 series:RS3618xs<br \/>\t\t\t&nbsp; 17 series:DS3617xsII, DS3617xs<br \/>\t\t\t*Requisitos de versi&oacute;n DSM: 7.1.1-42962 Update 5 o versi&oacute;n posterior<br \/>\t\t\t*Para los modelos con una CPU AMD Ryzen V1000, se requiere la versi&oacute;n DSM 7.2.1-69057 o superior.<\/td>\n<\/tr>\n<tr>\n<td valign=\"top\"><strong>Fecha de revisi&oacute;n<\/strong><\/td>\n<td>18-06-2024 por RTY<\/td>\n<\/tr>\n<\/table>\n","protected":false},"excerpt":{"rendered":"<p>Marca Synology Modelo E25G30-F2 Caracter&iacute;sticas &#8211; Interfaz de bus del host: PCIe 3.0 x8 &#8211; Altura del soporte: Perfil bajo y altura completa &#8211; 69 mm x 168 mm x 17.3 mm &#8211; Temperatura operativa: 0&deg;C a 40&deg;C (32&deg;F a 104&deg;F) &#8211; Temperatura de almacenamiento: -20&deg;C a 60&deg;C (-5&deg;F a 140&deg;F) &#8211; Humedad relativa: 5%&hellip;&nbsp;<a href=\"https:\/\/aivlisoft.net\/shop\/producto\/synology-e25g30-f2-adaptador-25gbe-sfp28-pcie-lp\/\" rel=\"bookmark\"><span class=\"screen-reader-text\">Synology E25G30-F2 Adaptador 25GbE SFP28 PCIe LP<\/span><\/a><\/p>\n","protected":false},"featured_media":17978,"template":"","meta":{"neve_meta_sidebar":"","neve_meta_container":"","neve_meta_enable_content_width":"","neve_meta_content_width":0,"neve_meta_title_alignment":"","neve_meta_author_avatar":"","neve_post_elements_order":"","neve_meta_disable_header":"","neve_meta_disable_footer":"","neve_meta_disable_title":""},"product_brand":[],"product_cat":[8763],"product_tag":[6592],"class_list":{"0":"post-17977","1":"product","2":"type-product","3":"status-publish","4":"has-post-thumbnail","6":"product_cat-red-cableada","7":"product_tag-e25g30-f2","9":"first","10":"instock","11":"taxable","12":"shipping-taxable","13":"purchasable","14":"product-type-simple"},"yoast_head":"<!-- This site is optimized with the Yoast SEO plugin v26.0 - https:\/\/yoast.com\/wordpress\/plugins\/seo\/ -->\n<title>Synology E25G30-F2 Adaptador 25GbE SFP28 PCIe LP - Aivlisoft Inform\u00e1tica<\/title>\n<meta name=\"robots\" content=\"index, follow, max-snippet:-1, max-image-preview:large, max-video-preview:-1\" \/>\n<link rel=\"canonical\" href=\"https:\/\/aivlisoft.net\/shop\/producto\/synology-e25g30-f2-adaptador-25gbe-sfp28-pcie-lp\/\" \/>\n<meta property=\"og:locale\" content=\"es_ES\" \/>\n<meta property=\"og:type\" content=\"article\" \/>\n<meta property=\"og:title\" content=\"Synology E25G30-F2 Adaptador 25GbE SFP28 PCIe LP - Aivlisoft Inform\u00e1tica\" \/>\n<meta property=\"og:description\" content=\"Marca Synology Modelo E25G30-F2 Caracter&iacute;sticas &#8211; Interfaz de bus del host: PCIe 3.0 x8 &#8211; Altura del soporte: Perfil bajo y altura completa &#8211; 69 mm x 168 mm x 17.3 mm &#8211; Temperatura operativa: 0&deg;C a 40&deg;C (32&deg;F a 104&deg;F) &#8211; Temperatura de almacenamiento: -20&deg;C a 60&deg;C (-5&deg;F a 140&deg;F) &#8211; Humedad relativa: 5%&hellip;&nbsp;Synology E25G30-F2 Adaptador 25GbE SFP28 PCIe LP\" \/>\n<meta property=\"og:url\" content=\"https:\/\/aivlisoft.net\/shop\/producto\/synology-e25g30-f2-adaptador-25gbe-sfp28-pcie-lp\/\" \/>\n<meta property=\"og:site_name\" content=\"Aivlisoft Inform\u00e1tica\" \/>\n<meta property=\"article:modified_time\" content=\"2025-01-14T11:36:31+00:00\" \/>\n<meta property=\"og:image\" content=\"https:\/\/aivlisoft.net\/shop\/wp-content\/uploads\/2025\/01\/NADACA0253_800.jpg\" \/>\n\t<meta property=\"og:image:width\" content=\"800\" \/>\n\t<meta property=\"og:image:height\" content=\"800\" \/>\n\t<meta property=\"og:image:type\" content=\"image\/jpeg\" \/>\n<meta name=\"twitter:card\" content=\"summary_large_image\" \/>\n<meta name=\"twitter:label1\" content=\"Tiempo de lectura\" \/>\n\t<meta name=\"twitter:data1\" content=\"2 minutos\" \/>\n<script type=\"application\/ld+json\" class=\"yoast-schema-graph\">{\"@context\":\"https:\/\/schema.org\",\"@graph\":[{\"@type\":\"WebPage\",\"@id\":\"https:\/\/aivlisoft.net\/shop\/producto\/synology-e25g30-f2-adaptador-25gbe-sfp28-pcie-lp\/\",\"url\":\"https:\/\/aivlisoft.net\/shop\/producto\/synology-e25g30-f2-adaptador-25gbe-sfp28-pcie-lp\/\",\"name\":\"Synology E25G30-F2 Adaptador 25GbE SFP28 PCIe LP - Aivlisoft Inform\u00e1tica\",\"isPartOf\":{\"@id\":\"https:\/\/aivlisoft.net\/shop\/#website\"},\"primaryImageOfPage\":{\"@id\":\"https:\/\/aivlisoft.net\/shop\/producto\/synology-e25g30-f2-adaptador-25gbe-sfp28-pcie-lp\/#primaryimage\"},\"image\":{\"@id\":\"https:\/\/aivlisoft.net\/shop\/producto\/synology-e25g30-f2-adaptador-25gbe-sfp28-pcie-lp\/#primaryimage\"},\"thumbnailUrl\":\"https:\/\/aivlisoft.net\/shop\/wp-content\/uploads\/2025\/01\/NADACA0253_800.jpg\",\"datePublished\":\"2025-01-13T15:17:36+00:00\",\"dateModified\":\"2025-01-14T11:36:31+00:00\",\"breadcrumb\":{\"@id\":\"https:\/\/aivlisoft.net\/shop\/producto\/synology-e25g30-f2-adaptador-25gbe-sfp28-pcie-lp\/#breadcrumb\"},\"inLanguage\":\"es\",\"potentialAction\":[{\"@type\":\"ReadAction\",\"target\":[\"https:\/\/aivlisoft.net\/shop\/producto\/synology-e25g30-f2-adaptador-25gbe-sfp28-pcie-lp\/\"]}]},{\"@type\":\"ImageObject\",\"inLanguage\":\"es\",\"@id\":\"https:\/\/aivlisoft.net\/shop\/producto\/synology-e25g30-f2-adaptador-25gbe-sfp28-pcie-lp\/#primaryimage\",\"url\":\"https:\/\/aivlisoft.net\/shop\/wp-content\/uploads\/2025\/01\/NADACA0253_800.jpg\",\"contentUrl\":\"https:\/\/aivlisoft.net\/shop\/wp-content\/uploads\/2025\/01\/NADACA0253_800.jpg\",\"width\":800,\"height\":800},{\"@type\":\"BreadcrumbList\",\"@id\":\"https:\/\/aivlisoft.net\/shop\/producto\/synology-e25g30-f2-adaptador-25gbe-sfp28-pcie-lp\/#breadcrumb\",\"itemListElement\":[{\"@type\":\"ListItem\",\"position\":1,\"name\":\"Portada\",\"item\":\"https:\/\/aivlisoft.net\/shop\/\"},{\"@type\":\"ListItem\",\"position\":2,\"name\":\"Tienda\",\"item\":\"https:\/\/aivlisoft.net\/shop\/tienda\/\"},{\"@type\":\"ListItem\",\"position\":3,\"name\":\"Synology E25G30-F2 Adaptador 25GbE SFP28 PCIe LP\"}]},{\"@type\":\"WebSite\",\"@id\":\"https:\/\/aivlisoft.net\/shop\/#website\",\"url\":\"https:\/\/aivlisoft.net\/shop\/\",\"name\":\"Aivlisoft Inform\u00e1tica\",\"description\":\"En Aivlisoft Inform\u00e1tica ofrecemos soluciones tecnol\u00f3gicas para empresas: venta de ordenadores, consumibles, perif\u00e9ricos y m\u00e1s. Calidad, atenci\u00f3n personalizada y los mejores precios para tu negocio.\",\"publisher\":{\"@id\":\"https:\/\/aivlisoft.net\/shop\/#organization\"},\"potentialAction\":[{\"@type\":\"SearchAction\",\"target\":{\"@type\":\"EntryPoint\",\"urlTemplate\":\"https:\/\/aivlisoft.net\/shop\/?s={search_term_string}\"},\"query-input\":{\"@type\":\"PropertyValueSpecification\",\"valueRequired\":true,\"valueName\":\"search_term_string\"}}],\"inLanguage\":\"es\"},{\"@type\":\"Organization\",\"@id\":\"https:\/\/aivlisoft.net\/shop\/#organization\",\"name\":\"Aivlisoft Inform\u00e1tica\",\"url\":\"https:\/\/aivlisoft.net\/shop\/\",\"logo\":{\"@type\":\"ImageObject\",\"inLanguage\":\"es\",\"@id\":\"https:\/\/aivlisoft.net\/shop\/#\/schema\/logo\/image\/\",\"url\":\"https:\/\/aivlisoft.net\/shop\/wp-content\/uploads\/2024\/12\/removal.ai_5b848c54-0cdf-4140-95c5-c5536bb7573b-logodef.png\",\"contentUrl\":\"https:\/\/aivlisoft.net\/shop\/wp-content\/uploads\/2024\/12\/removal.ai_5b848c54-0cdf-4140-95c5-c5536bb7573b-logodef.png\",\"width\":484,\"height\":182,\"caption\":\"Aivlisoft Inform\u00e1tica\"},\"image\":{\"@id\":\"https:\/\/aivlisoft.net\/shop\/#\/schema\/logo\/image\/\"}}]}<\/script>\n<!-- \/ Yoast SEO plugin. -->","yoast_head_json":{"title":"Synology E25G30-F2 Adaptador 25GbE SFP28 PCIe LP - Aivlisoft Inform\u00e1tica","robots":{"index":"index","follow":"follow","max-snippet":"max-snippet:-1","max-image-preview":"max-image-preview:large","max-video-preview":"max-video-preview:-1"},"canonical":"https:\/\/aivlisoft.net\/shop\/producto\/synology-e25g30-f2-adaptador-25gbe-sfp28-pcie-lp\/","og_locale":"es_ES","og_type":"article","og_title":"Synology E25G30-F2 Adaptador 25GbE SFP28 PCIe LP - Aivlisoft Inform\u00e1tica","og_description":"Marca Synology Modelo E25G30-F2 Caracter&iacute;sticas &#8211; Interfaz de bus del host: PCIe 3.0 x8 &#8211; Altura del soporte: Perfil bajo y altura completa &#8211; 69 mm x 168 mm x 17.3 mm &#8211; Temperatura operativa: 0&deg;C a 40&deg;C (32&deg;F a 104&deg;F) &#8211; Temperatura de almacenamiento: -20&deg;C a 60&deg;C (-5&deg;F a 140&deg;F) &#8211; Humedad relativa: 5%&hellip;&nbsp;Synology E25G30-F2 Adaptador 25GbE SFP28 PCIe LP","og_url":"https:\/\/aivlisoft.net\/shop\/producto\/synology-e25g30-f2-adaptador-25gbe-sfp28-pcie-lp\/","og_site_name":"Aivlisoft Inform\u00e1tica","article_modified_time":"2025-01-14T11:36:31+00:00","og_image":[{"width":800,"height":800,"url":"https:\/\/aivlisoft.net\/shop\/wp-content\/uploads\/2025\/01\/NADACA0253_800.jpg","type":"image\/jpeg"}],"twitter_card":"summary_large_image","twitter_misc":{"Tiempo de lectura":"2 minutos"},"schema":{"@context":"https:\/\/schema.org","@graph":[{"@type":"WebPage","@id":"https:\/\/aivlisoft.net\/shop\/producto\/synology-e25g30-f2-adaptador-25gbe-sfp28-pcie-lp\/","url":"https:\/\/aivlisoft.net\/shop\/producto\/synology-e25g30-f2-adaptador-25gbe-sfp28-pcie-lp\/","name":"Synology E25G30-F2 Adaptador 25GbE SFP28 PCIe LP - Aivlisoft Inform\u00e1tica","isPartOf":{"@id":"https:\/\/aivlisoft.net\/shop\/#website"},"primaryImageOfPage":{"@id":"https:\/\/aivlisoft.net\/shop\/producto\/synology-e25g30-f2-adaptador-25gbe-sfp28-pcie-lp\/#primaryimage"},"image":{"@id":"https:\/\/aivlisoft.net\/shop\/producto\/synology-e25g30-f2-adaptador-25gbe-sfp28-pcie-lp\/#primaryimage"},"thumbnailUrl":"https:\/\/aivlisoft.net\/shop\/wp-content\/uploads\/2025\/01\/NADACA0253_800.jpg","datePublished":"2025-01-13T15:17:36+00:00","dateModified":"2025-01-14T11:36:31+00:00","breadcrumb":{"@id":"https:\/\/aivlisoft.net\/shop\/producto\/synology-e25g30-f2-adaptador-25gbe-sfp28-pcie-lp\/#breadcrumb"},"inLanguage":"es","potentialAction":[{"@type":"ReadAction","target":["https:\/\/aivlisoft.net\/shop\/producto\/synology-e25g30-f2-adaptador-25gbe-sfp28-pcie-lp\/"]}]},{"@type":"ImageObject","inLanguage":"es","@id":"https:\/\/aivlisoft.net\/shop\/producto\/synology-e25g30-f2-adaptador-25gbe-sfp28-pcie-lp\/#primaryimage","url":"https:\/\/aivlisoft.net\/shop\/wp-content\/uploads\/2025\/01\/NADACA0253_800.jpg","contentUrl":"https:\/\/aivlisoft.net\/shop\/wp-content\/uploads\/2025\/01\/NADACA0253_800.jpg","width":800,"height":800},{"@type":"BreadcrumbList","@id":"https:\/\/aivlisoft.net\/shop\/producto\/synology-e25g30-f2-adaptador-25gbe-sfp28-pcie-lp\/#breadcrumb","itemListElement":[{"@type":"ListItem","position":1,"name":"Portada","item":"https:\/\/aivlisoft.net\/shop\/"},{"@type":"ListItem","position":2,"name":"Tienda","item":"https:\/\/aivlisoft.net\/shop\/tienda\/"},{"@type":"ListItem","position":3,"name":"Synology E25G30-F2 Adaptador 25GbE SFP28 PCIe LP"}]},{"@type":"WebSite","@id":"https:\/\/aivlisoft.net\/shop\/#website","url":"https:\/\/aivlisoft.net\/shop\/","name":"Aivlisoft Inform\u00e1tica","description":"En Aivlisoft Inform\u00e1tica ofrecemos soluciones tecnol\u00f3gicas para empresas: venta de ordenadores, consumibles, perif\u00e9ricos y m\u00e1s. Calidad, atenci\u00f3n personalizada y los mejores precios para tu negocio.","publisher":{"@id":"https:\/\/aivlisoft.net\/shop\/#organization"},"potentialAction":[{"@type":"SearchAction","target":{"@type":"EntryPoint","urlTemplate":"https:\/\/aivlisoft.net\/shop\/?s={search_term_string}"},"query-input":{"@type":"PropertyValueSpecification","valueRequired":true,"valueName":"search_term_string"}}],"inLanguage":"es"},{"@type":"Organization","@id":"https:\/\/aivlisoft.net\/shop\/#organization","name":"Aivlisoft Inform\u00e1tica","url":"https:\/\/aivlisoft.net\/shop\/","logo":{"@type":"ImageObject","inLanguage":"es","@id":"https:\/\/aivlisoft.net\/shop\/#\/schema\/logo\/image\/","url":"https:\/\/aivlisoft.net\/shop\/wp-content\/uploads\/2024\/12\/removal.ai_5b848c54-0cdf-4140-95c5-c5536bb7573b-logodef.png","contentUrl":"https:\/\/aivlisoft.net\/shop\/wp-content\/uploads\/2024\/12\/removal.ai_5b848c54-0cdf-4140-95c5-c5536bb7573b-logodef.png","width":484,"height":182,"caption":"Aivlisoft Inform\u00e1tica"},"image":{"@id":"https:\/\/aivlisoft.net\/shop\/#\/schema\/logo\/image\/"}}]}},"_links":{"self":[{"href":"https:\/\/aivlisoft.net\/shop\/wp-json\/wp\/v2\/product\/17977","targetHints":{"allow":["GET"]}}],"collection":[{"href":"https:\/\/aivlisoft.net\/shop\/wp-json\/wp\/v2\/product"}],"about":[{"href":"https:\/\/aivlisoft.net\/shop\/wp-json\/wp\/v2\/types\/product"}],"wp:featuredmedia":[{"embeddable":true,"href":"https:\/\/aivlisoft.net\/shop\/wp-json\/wp\/v2\/media\/17978"}],"wp:attachment":[{"href":"https:\/\/aivlisoft.net\/shop\/wp-json\/wp\/v2\/media?parent=17977"}],"wp:term":[{"taxonomy":"product_brand","embeddable":true,"href":"https:\/\/aivlisoft.net\/shop\/wp-json\/wp\/v2\/product_brand?post=17977"},{"taxonomy":"product_cat","embeddable":true,"href":"https:\/\/aivlisoft.net\/shop\/wp-json\/wp\/v2\/product_cat?post=17977"},{"taxonomy":"product_tag","embeddable":true,"href":"https:\/\/aivlisoft.net\/shop\/wp-json\/wp\/v2\/product_tag?post=17977"}],"curies":[{"name":"wp","href":"https:\/\/api.w.org\/{rel}","templated":true}]}}