{"id":17962,"date":"2025-01-13T15:17:28","date_gmt":"2025-01-13T15:17:28","guid":{"rendered":"https:\/\/aivlisoft.com\/?post_type=product&#038;p=17962"},"modified":"2025-01-14T11:36:28","modified_gmt":"2025-01-14T11:36:28","slug":"tp-link-poe380s-omada-10g-poe-inyector-90w","status":"publish","type":"product","link":"https:\/\/aivlisoft.net\/shop\/producto\/tp-link-poe380s-omada-10g-poe-inyector-90w\/","title":{"rendered":"TP-Link POE380S Omada 10G PoE++ Inyector 90W"},"content":{"rendered":"<p><\/p>\n<table class=\"tabla_caracteristicas\" width=\"100%\">\n<tr>\n<td valign=\"top\"><strong>Marca<\/strong><\/td>\n<td>TP-Link<\/td>\n<\/tr>\n<tr>\n<td valign=\"top\"><strong>Modelo<\/strong><\/td>\n<td><strong>POE380S<\/strong><\/td>\n<\/tr>\n<tr>\n<td valign=\"top\"><strong>Est&aacute;ndares<\/strong><\/td>\n<td>&#8211; IEEE802.3i<br \/>\t\t\t&#8211; IEEE802.3u<br \/>\t\t\t&#8211; IEEE802.3ab<br \/>\t\t\t&#8211; IEEE802.3af<br \/>\t\t\t&#8211; IEEE802.3at<br \/>\t\t\t&#8211; IEEE802.3bt<\/td>\n<\/tr>\n<tr>\n<td valign=\"top\"><strong>Medios de Red<\/strong><\/td>\n<td>&#8211; 10BASE-T: cable UTP categor&iacute;a 3, 4, 5 (m&aacute;ximo 100 m)<br \/>\t\t\t&nbsp; EIA\/TIA-568 100&Omega; STP (m&aacute;ximo 100 m)<br \/>\t\t\t&#8211; 100BASE-TX: cable UTP categor&iacute;a 5, 5e (m&aacute;ximo 100 m)<br \/>\t\t\t&nbsp; EIA\/TIA-568 100&Omega; STP (m&aacute;ximo 100 m)<br \/>\t\t\t&#8211; 1000BASE-T: cable UTP categor&iacute;a 5, 5e, 6 (m&aacute;ximo 100 m)<\/td>\n<\/tr>\n<tr>\n<td valign=\"top\"><strong>Puertos<\/strong><\/td>\n<td>&#8211; 1 x puerto de entrada de datos RJ45 de 10 Gbps\/5 Gbps\/2,5 Gbps\/1 Gbps\/100 Mbps\/10 Mbps<br \/>\t\t\t&#8211; 1 &times; puerto de salida de datos y alimentaci&oacute;n RJ45 de 10 Gbps\/5 Gbps\/2,5 Gbps\/1 Gbps\/100 Mbps\/10 Mbps (m&aacute;x. 90 W)<br \/>\t\t\t&#8211; 1 &times; toma de CA<\/td>\n<\/tr>\n<tr>\n<td valign=\"top\"><strong>Caracter&iacute;sticas<\/strong><\/td>\n<td>&#8211; Carcasa met&aacute;lica<br \/>\t\t\t&#8211; Consumo de Potencia: &nbsp;&nbsp;&nbsp;<br \/>\t\t\t&nbsp; Entrada: 100-240 V, 50\/60 Hz, 1,6 A<br \/>\t\t\t&nbsp; Salida: determina autom&aacute;ticamente los requisitos de energ&iacute;a necesarios (m&aacute;x. 90 W)<br \/>\t\t\t&#8211; Funciones B&aacute;sicas: &nbsp;&nbsp;<br \/>\t\t\t&nbsp; El algoritmo de detecci&oacute;n autom&aacute;tica permite proporcionar energ&iacute;a con PD 802.3af\/at\/bt<br \/>\t\t\t&nbsp; Determinar autom&aacute;ticamente los requisitos de energ&iacute;a necesarios<br \/>\t\t\t&nbsp; Instalaci&oacute;n en pared y sobremesa<br \/>\t\t\t&nbsp; Plug-and-Play<br \/>\t\t\t&#8211; LED: Power \/ PoE<br \/>\t\t\t&#8211; Certificaciones: FCC, CE, RoHS<br \/>\t\t\t&#8211; Temperatura de funcionamiento: 0&deg;C a 45&deg;C (32&deg;F a 113&deg;F)<br \/>\t\t\t&#8211; Temperatura de almacenamiento: -40 &deg;C a 70 &deg;C (-40 &deg;F a 158 &deg;F)<br \/>\t\t\t&#8211; Humedad de funcionamiento: 10 % a 90 % RH sin condensaci&oacute;n<br \/>\t\t\t&#8211; Humedad de almacenamiento: 5 % a 90 % RH sin condensaci&oacute;n<br \/>\t\t\t<strong>Dimensiones<\/strong><br \/>\t\t\t&#8211; 155&nbsp; x 70 x 42 mm<br \/>\t\t\t<strong>Contenido<\/strong><br \/>\t\t\t&#8211; POE380S<br \/>\t\t\t&#8211; Cable de alimentaci&oacute;n<br \/>\t\t\t&#8211; Gu&iacute;a de instalaci&oacute;n<\/td>\n<\/tr>\n<tr>\n<td valign=\"top\"><strong>Fecha de revisi&oacute;n<\/strong><\/td>\n<td>19-08-2024 por RTY<\/td>\n<\/tr>\n<\/table>\n","protected":false},"excerpt":{"rendered":"<p>Marca TP-Link Modelo POE380S Est&aacute;ndares &#8211; IEEE802.3i &#8211; IEEE802.3u &#8211; IEEE802.3ab &#8211; IEEE802.3af &#8211; IEEE802.3at &#8211; IEEE802.3bt Medios de Red &#8211; 10BASE-T: cable UTP categor&iacute;a 3, 4, 5 (m&aacute;ximo 100 m) &nbsp; EIA\/TIA-568 100&Omega; STP (m&aacute;ximo 100 m) &#8211; 100BASE-TX: cable UTP categor&iacute;a 5, 5e (m&aacute;ximo 100 m) &nbsp; EIA\/TIA-568 100&Omega; STP (m&aacute;ximo 100 m)&hellip;&nbsp;<a href=\"https:\/\/aivlisoft.net\/shop\/producto\/tp-link-poe380s-omada-10g-poe-inyector-90w\/\" rel=\"bookmark\"><span class=\"screen-reader-text\">TP-Link POE380S Omada 10G PoE++ Inyector 90W<\/span><\/a><\/p>\n","protected":false},"featured_media":17963,"template":"","meta":{"neve_meta_sidebar":"","neve_meta_container":"","neve_meta_enable_content_width":"","neve_meta_content_width":0,"neve_meta_title_alignment":"","neve_meta_author_avatar":"","neve_post_elements_order":"","neve_meta_disable_header":"","neve_meta_disable_footer":"","neve_meta_disable_title":""},"product_brand":[],"product_cat":[8763],"product_tag":[6589],"class_list":{"0":"post-17962","1":"product","2":"type-product","3":"status-publish","4":"has-post-thumbnail","6":"product_cat-red-cableada","7":"product_tag-poe380s","9":"first","10":"instock","11":"taxable","12":"shipping-taxable","13":"purchasable","14":"product-type-simple"},"yoast_head":"<!-- This site is optimized with the Yoast SEO plugin v26.0 - https:\/\/yoast.com\/wordpress\/plugins\/seo\/ -->\n<title>TP-Link POE380S Omada 10G PoE++ Inyector 90W - Aivlisoft Inform\u00e1tica<\/title>\n<meta name=\"robots\" content=\"index, follow, max-snippet:-1, max-image-preview:large, max-video-preview:-1\" \/>\n<link rel=\"canonical\" href=\"https:\/\/aivlisoft.net\/shop\/producto\/tp-link-poe380s-omada-10g-poe-inyector-90w\/\" \/>\n<meta property=\"og:locale\" content=\"es_ES\" \/>\n<meta property=\"og:type\" content=\"article\" \/>\n<meta property=\"og:title\" content=\"TP-Link POE380S Omada 10G PoE++ Inyector 90W - Aivlisoft Inform\u00e1tica\" \/>\n<meta property=\"og:description\" content=\"Marca TP-Link Modelo POE380S Est&aacute;ndares &#8211; IEEE802.3i &#8211; IEEE802.3u &#8211; IEEE802.3ab &#8211; IEEE802.3af &#8211; IEEE802.3at &#8211; IEEE802.3bt Medios de Red &#8211; 10BASE-T: cable UTP categor&iacute;a 3, 4, 5 (m&aacute;ximo 100 m) &nbsp; EIA\/TIA-568 100&Omega; STP (m&aacute;ximo 100 m) &#8211; 100BASE-TX: cable UTP categor&iacute;a 5, 5e (m&aacute;ximo 100 m) &nbsp; EIA\/TIA-568 100&Omega; STP (m&aacute;ximo 100 m)&hellip;&nbsp;TP-Link POE380S Omada 10G PoE++ Inyector 90W\" \/>\n<meta property=\"og:url\" content=\"https:\/\/aivlisoft.net\/shop\/producto\/tp-link-poe380s-omada-10g-poe-inyector-90w\/\" \/>\n<meta property=\"og:site_name\" content=\"Aivlisoft Inform\u00e1tica\" \/>\n<meta property=\"article:modified_time\" content=\"2025-01-14T11:36:28+00:00\" \/>\n<meta property=\"og:image\" content=\"https:\/\/aivlisoft.net\/shop\/wp-content\/uploads\/2025\/01\/NADACA0250_800.jpg\" \/>\n\t<meta property=\"og:image:width\" content=\"800\" \/>\n\t<meta property=\"og:image:height\" content=\"800\" \/>\n\t<meta property=\"og:image:type\" content=\"image\/jpeg\" \/>\n<meta name=\"twitter:card\" content=\"summary_large_image\" \/>\n<meta name=\"twitter:label1\" content=\"Tiempo de lectura\" \/>\n\t<meta name=\"twitter:data1\" content=\"2 minutos\" \/>\n<script type=\"application\/ld+json\" class=\"yoast-schema-graph\">{\"@context\":\"https:\/\/schema.org\",\"@graph\":[{\"@type\":\"WebPage\",\"@id\":\"https:\/\/aivlisoft.net\/shop\/producto\/tp-link-poe380s-omada-10g-poe-inyector-90w\/\",\"url\":\"https:\/\/aivlisoft.net\/shop\/producto\/tp-link-poe380s-omada-10g-poe-inyector-90w\/\",\"name\":\"TP-Link POE380S Omada 10G PoE++ Inyector 90W - Aivlisoft Inform\u00e1tica\",\"isPartOf\":{\"@id\":\"https:\/\/aivlisoft.net\/shop\/#website\"},\"primaryImageOfPage\":{\"@id\":\"https:\/\/aivlisoft.net\/shop\/producto\/tp-link-poe380s-omada-10g-poe-inyector-90w\/#primaryimage\"},\"image\":{\"@id\":\"https:\/\/aivlisoft.net\/shop\/producto\/tp-link-poe380s-omada-10g-poe-inyector-90w\/#primaryimage\"},\"thumbnailUrl\":\"https:\/\/aivlisoft.net\/shop\/wp-content\/uploads\/2025\/01\/NADACA0250_800.jpg\",\"datePublished\":\"2025-01-13T15:17:28+00:00\",\"dateModified\":\"2025-01-14T11:36:28+00:00\",\"breadcrumb\":{\"@id\":\"https:\/\/aivlisoft.net\/shop\/producto\/tp-link-poe380s-omada-10g-poe-inyector-90w\/#breadcrumb\"},\"inLanguage\":\"es\",\"potentialAction\":[{\"@type\":\"ReadAction\",\"target\":[\"https:\/\/aivlisoft.net\/shop\/producto\/tp-link-poe380s-omada-10g-poe-inyector-90w\/\"]}]},{\"@type\":\"ImageObject\",\"inLanguage\":\"es\",\"@id\":\"https:\/\/aivlisoft.net\/shop\/producto\/tp-link-poe380s-omada-10g-poe-inyector-90w\/#primaryimage\",\"url\":\"https:\/\/aivlisoft.net\/shop\/wp-content\/uploads\/2025\/01\/NADACA0250_800.jpg\",\"contentUrl\":\"https:\/\/aivlisoft.net\/shop\/wp-content\/uploads\/2025\/01\/NADACA0250_800.jpg\",\"width\":800,\"height\":800},{\"@type\":\"BreadcrumbList\",\"@id\":\"https:\/\/aivlisoft.net\/shop\/producto\/tp-link-poe380s-omada-10g-poe-inyector-90w\/#breadcrumb\",\"itemListElement\":[{\"@type\":\"ListItem\",\"position\":1,\"name\":\"Portada\",\"item\":\"https:\/\/aivlisoft.net\/shop\/\"},{\"@type\":\"ListItem\",\"position\":2,\"name\":\"Tienda\",\"item\":\"https:\/\/aivlisoft.net\/shop\/tienda\/\"},{\"@type\":\"ListItem\",\"position\":3,\"name\":\"TP-Link POE380S Omada 10G PoE++ Inyector 90W\"}]},{\"@type\":\"WebSite\",\"@id\":\"https:\/\/aivlisoft.net\/shop\/#website\",\"url\":\"https:\/\/aivlisoft.net\/shop\/\",\"name\":\"Aivlisoft Inform\u00e1tica\",\"description\":\"En Aivlisoft Inform\u00e1tica ofrecemos soluciones tecnol\u00f3gicas para empresas: venta de ordenadores, consumibles, perif\u00e9ricos y m\u00e1s. Calidad, atenci\u00f3n personalizada y los mejores precios para tu negocio.\",\"publisher\":{\"@id\":\"https:\/\/aivlisoft.net\/shop\/#organization\"},\"potentialAction\":[{\"@type\":\"SearchAction\",\"target\":{\"@type\":\"EntryPoint\",\"urlTemplate\":\"https:\/\/aivlisoft.net\/shop\/?s={search_term_string}\"},\"query-input\":{\"@type\":\"PropertyValueSpecification\",\"valueRequired\":true,\"valueName\":\"search_term_string\"}}],\"inLanguage\":\"es\"},{\"@type\":\"Organization\",\"@id\":\"https:\/\/aivlisoft.net\/shop\/#organization\",\"name\":\"Aivlisoft Inform\u00e1tica\",\"url\":\"https:\/\/aivlisoft.net\/shop\/\",\"logo\":{\"@type\":\"ImageObject\",\"inLanguage\":\"es\",\"@id\":\"https:\/\/aivlisoft.net\/shop\/#\/schema\/logo\/image\/\",\"url\":\"https:\/\/aivlisoft.net\/shop\/wp-content\/uploads\/2024\/12\/removal.ai_5b848c54-0cdf-4140-95c5-c5536bb7573b-logodef.png\",\"contentUrl\":\"https:\/\/aivlisoft.net\/shop\/wp-content\/uploads\/2024\/12\/removal.ai_5b848c54-0cdf-4140-95c5-c5536bb7573b-logodef.png\",\"width\":484,\"height\":182,\"caption\":\"Aivlisoft Inform\u00e1tica\"},\"image\":{\"@id\":\"https:\/\/aivlisoft.net\/shop\/#\/schema\/logo\/image\/\"}}]}<\/script>\n<!-- \/ Yoast SEO plugin. -->","yoast_head_json":{"title":"TP-Link POE380S Omada 10G PoE++ Inyector 90W - Aivlisoft Inform\u00e1tica","robots":{"index":"index","follow":"follow","max-snippet":"max-snippet:-1","max-image-preview":"max-image-preview:large","max-video-preview":"max-video-preview:-1"},"canonical":"https:\/\/aivlisoft.net\/shop\/producto\/tp-link-poe380s-omada-10g-poe-inyector-90w\/","og_locale":"es_ES","og_type":"article","og_title":"TP-Link POE380S Omada 10G PoE++ Inyector 90W - Aivlisoft Inform\u00e1tica","og_description":"Marca TP-Link Modelo POE380S Est&aacute;ndares &#8211; IEEE802.3i &#8211; IEEE802.3u &#8211; IEEE802.3ab &#8211; IEEE802.3af &#8211; IEEE802.3at &#8211; IEEE802.3bt Medios de Red &#8211; 10BASE-T: cable UTP categor&iacute;a 3, 4, 5 (m&aacute;ximo 100 m) &nbsp; EIA\/TIA-568 100&Omega; STP (m&aacute;ximo 100 m) &#8211; 100BASE-TX: cable UTP categor&iacute;a 5, 5e (m&aacute;ximo 100 m) &nbsp; EIA\/TIA-568 100&Omega; STP (m&aacute;ximo 100 m)&hellip;&nbsp;TP-Link POE380S Omada 10G PoE++ Inyector 90W","og_url":"https:\/\/aivlisoft.net\/shop\/producto\/tp-link-poe380s-omada-10g-poe-inyector-90w\/","og_site_name":"Aivlisoft Inform\u00e1tica","article_modified_time":"2025-01-14T11:36:28+00:00","og_image":[{"width":800,"height":800,"url":"https:\/\/aivlisoft.net\/shop\/wp-content\/uploads\/2025\/01\/NADACA0250_800.jpg","type":"image\/jpeg"}],"twitter_card":"summary_large_image","twitter_misc":{"Tiempo de lectura":"2 minutos"},"schema":{"@context":"https:\/\/schema.org","@graph":[{"@type":"WebPage","@id":"https:\/\/aivlisoft.net\/shop\/producto\/tp-link-poe380s-omada-10g-poe-inyector-90w\/","url":"https:\/\/aivlisoft.net\/shop\/producto\/tp-link-poe380s-omada-10g-poe-inyector-90w\/","name":"TP-Link POE380S Omada 10G PoE++ Inyector 90W - Aivlisoft Inform\u00e1tica","isPartOf":{"@id":"https:\/\/aivlisoft.net\/shop\/#website"},"primaryImageOfPage":{"@id":"https:\/\/aivlisoft.net\/shop\/producto\/tp-link-poe380s-omada-10g-poe-inyector-90w\/#primaryimage"},"image":{"@id":"https:\/\/aivlisoft.net\/shop\/producto\/tp-link-poe380s-omada-10g-poe-inyector-90w\/#primaryimage"},"thumbnailUrl":"https:\/\/aivlisoft.net\/shop\/wp-content\/uploads\/2025\/01\/NADACA0250_800.jpg","datePublished":"2025-01-13T15:17:28+00:00","dateModified":"2025-01-14T11:36:28+00:00","breadcrumb":{"@id":"https:\/\/aivlisoft.net\/shop\/producto\/tp-link-poe380s-omada-10g-poe-inyector-90w\/#breadcrumb"},"inLanguage":"es","potentialAction":[{"@type":"ReadAction","target":["https:\/\/aivlisoft.net\/shop\/producto\/tp-link-poe380s-omada-10g-poe-inyector-90w\/"]}]},{"@type":"ImageObject","inLanguage":"es","@id":"https:\/\/aivlisoft.net\/shop\/producto\/tp-link-poe380s-omada-10g-poe-inyector-90w\/#primaryimage","url":"https:\/\/aivlisoft.net\/shop\/wp-content\/uploads\/2025\/01\/NADACA0250_800.jpg","contentUrl":"https:\/\/aivlisoft.net\/shop\/wp-content\/uploads\/2025\/01\/NADACA0250_800.jpg","width":800,"height":800},{"@type":"BreadcrumbList","@id":"https:\/\/aivlisoft.net\/shop\/producto\/tp-link-poe380s-omada-10g-poe-inyector-90w\/#breadcrumb","itemListElement":[{"@type":"ListItem","position":1,"name":"Portada","item":"https:\/\/aivlisoft.net\/shop\/"},{"@type":"ListItem","position":2,"name":"Tienda","item":"https:\/\/aivlisoft.net\/shop\/tienda\/"},{"@type":"ListItem","position":3,"name":"TP-Link POE380S Omada 10G PoE++ Inyector 90W"}]},{"@type":"WebSite","@id":"https:\/\/aivlisoft.net\/shop\/#website","url":"https:\/\/aivlisoft.net\/shop\/","name":"Aivlisoft Inform\u00e1tica","description":"En Aivlisoft Inform\u00e1tica ofrecemos soluciones tecnol\u00f3gicas para empresas: venta de ordenadores, consumibles, perif\u00e9ricos y m\u00e1s. Calidad, atenci\u00f3n personalizada y los mejores precios para tu negocio.","publisher":{"@id":"https:\/\/aivlisoft.net\/shop\/#organization"},"potentialAction":[{"@type":"SearchAction","target":{"@type":"EntryPoint","urlTemplate":"https:\/\/aivlisoft.net\/shop\/?s={search_term_string}"},"query-input":{"@type":"PropertyValueSpecification","valueRequired":true,"valueName":"search_term_string"}}],"inLanguage":"es"},{"@type":"Organization","@id":"https:\/\/aivlisoft.net\/shop\/#organization","name":"Aivlisoft Inform\u00e1tica","url":"https:\/\/aivlisoft.net\/shop\/","logo":{"@type":"ImageObject","inLanguage":"es","@id":"https:\/\/aivlisoft.net\/shop\/#\/schema\/logo\/image\/","url":"https:\/\/aivlisoft.net\/shop\/wp-content\/uploads\/2024\/12\/removal.ai_5b848c54-0cdf-4140-95c5-c5536bb7573b-logodef.png","contentUrl":"https:\/\/aivlisoft.net\/shop\/wp-content\/uploads\/2024\/12\/removal.ai_5b848c54-0cdf-4140-95c5-c5536bb7573b-logodef.png","width":484,"height":182,"caption":"Aivlisoft Inform\u00e1tica"},"image":{"@id":"https:\/\/aivlisoft.net\/shop\/#\/schema\/logo\/image\/"}}]}},"_links":{"self":[{"href":"https:\/\/aivlisoft.net\/shop\/wp-json\/wp\/v2\/product\/17962","targetHints":{"allow":["GET"]}}],"collection":[{"href":"https:\/\/aivlisoft.net\/shop\/wp-json\/wp\/v2\/product"}],"about":[{"href":"https:\/\/aivlisoft.net\/shop\/wp-json\/wp\/v2\/types\/product"}],"wp:featuredmedia":[{"embeddable":true,"href":"https:\/\/aivlisoft.net\/shop\/wp-json\/wp\/v2\/media\/17963"}],"wp:attachment":[{"href":"https:\/\/aivlisoft.net\/shop\/wp-json\/wp\/v2\/media?parent=17962"}],"wp:term":[{"taxonomy":"product_brand","embeddable":true,"href":"https:\/\/aivlisoft.net\/shop\/wp-json\/wp\/v2\/product_brand?post=17962"},{"taxonomy":"product_cat","embeddable":true,"href":"https:\/\/aivlisoft.net\/shop\/wp-json\/wp\/v2\/product_cat?post=17962"},{"taxonomy":"product_tag","embeddable":true,"href":"https:\/\/aivlisoft.net\/shop\/wp-json\/wp\/v2\/product_tag?post=17962"}],"curies":[{"name":"wp","href":"https:\/\/api.w.org\/{rel}","templated":true}]}}