{"id":17949,"date":"2025-01-13T15:17:20","date_gmt":"2025-01-13T15:17:20","guid":{"rendered":"https:\/\/aivlisoft.com\/?post_type=product&#038;p=17949"},"modified":"2025-01-14T11:36:21","modified_gmt":"2025-01-14T11:36:21","slug":"ewent-adaptador-de-red-gigabit-usb-32-gen-1","status":"publish","type":"product","link":"https:\/\/aivlisoft.net\/shop\/producto\/ewent-adaptador-de-red-gigabit-usb-32-gen-1\/","title":{"rendered":"EWENT ADAPTADOR DE RED GIGABIT USB 3,2 Gen 1"},"content":{"rendered":"<p>El adaptador de red EW1017 le brinda a su computadora de escritorio o port&aacute;til la oportunidad de volver a estar en l&iacute;nea. Su computadora se conecta f&aacute;cilmente a la red porque el adaptador de red Gigabit USB 3.2 Gen1 (USB 3.0) est&aacute; equipado con un puerto LAN de 1 Gigabit.<\/p>\n<table class=\"tabla_caracteristicas\" width=\"100%\">\n<tr>\n<td valign=\"top\"><strong>Marca<\/strong><\/td>\n<td>Ewent<\/td>\n<\/tr>\n<tr>\n<td valign=\"top\"><strong>Modelo<\/strong><\/td>\n<td><strong>EW1017<\/strong><\/td>\n<\/tr>\n<tr>\n<td valign=\"top\"><strong>Caracter&iacute;sticas<\/strong><\/td>\n<td>&#8211; Adaptador de red<br \/>\t\t\t&#8211; Interfaz: USB 3.2 Gen 1 (5 Gbps), compatible con versiones anteriores de USB 2.0 y USB 1.1<br \/>\t\t\t&#8211; Transferencia de datos: 1000 Mbps<br \/>\t\t\t&#8211; Puerto LAN: 1x RJ45<br \/>\t\t\t&#8211; Est&aacute;ndares comparables: IEEE 802.3, 802.3u, 802.3ab, 802.3az (10BASE-T\/100BASE-TX\/1000BASE-T)<br \/>\t\t\t&#8211; Admite full-duplex y half-duplex<br \/>\t\t\t&#8211; Admite Wake-On-LAN<\/td>\n<\/tr>\n<tr>\n<td valign=\"top\"><strong>Fecha de revisi&oacute;n<\/strong><\/td>\n<td>02-08-2024 por RTY<\/td>\n<\/tr>\n<\/table>\n","protected":false},"excerpt":{"rendered":"<p>El adaptador de red EW1017 le brinda a su computadora de escritorio o port&aacute;til la oportunidad de volver a estar en l&iacute;nea. Su computadora se conecta f&aacute;cilmente a la red porque el adaptador de red Gigabit USB 3.2 Gen1 (USB 3.0) est&aacute; equipado con un puerto LAN de 1 Gigabit. Marca Ewent Modelo EW1017 Caracter&iacute;sticas&hellip;&nbsp;<a href=\"https:\/\/aivlisoft.net\/shop\/producto\/ewent-adaptador-de-red-gigabit-usb-32-gen-1\/\" rel=\"bookmark\"><span class=\"screen-reader-text\">EWENT ADAPTADOR DE RED GIGABIT USB 3,2 Gen 1<\/span><\/a><\/p>\n","protected":false},"featured_media":17950,"template":"","meta":{"neve_meta_sidebar":"","neve_meta_container":"","neve_meta_enable_content_width":"","neve_meta_content_width":0,"neve_meta_title_alignment":"","neve_meta_author_avatar":"","neve_post_elements_order":"","neve_meta_disable_header":"","neve_meta_disable_footer":"","neve_meta_disable_title":""},"product_brand":[],"product_cat":[8763],"product_tag":[6584],"class_list":{"0":"post-17949","1":"product","2":"type-product","3":"status-publish","4":"has-post-thumbnail","6":"product_cat-red-cableada","7":"product_tag-ew1017","9":"first","10":"instock","11":"taxable","12":"shipping-taxable","13":"purchasable","14":"product-type-simple"},"yoast_head":"<!-- This site is optimized with the Yoast SEO plugin v26.0 - https:\/\/yoast.com\/wordpress\/plugins\/seo\/ -->\n<title>EWENT ADAPTADOR DE RED GIGABIT USB 3,2 Gen 1 - Aivlisoft Inform\u00e1tica<\/title>\n<meta name=\"robots\" content=\"index, follow, max-snippet:-1, max-image-preview:large, max-video-preview:-1\" \/>\n<link rel=\"canonical\" href=\"https:\/\/aivlisoft.net\/shop\/producto\/ewent-adaptador-de-red-gigabit-usb-32-gen-1\/\" \/>\n<meta property=\"og:locale\" content=\"es_ES\" \/>\n<meta property=\"og:type\" content=\"article\" \/>\n<meta property=\"og:title\" content=\"EWENT ADAPTADOR DE RED GIGABIT USB 3,2 Gen 1 - Aivlisoft Inform\u00e1tica\" \/>\n<meta property=\"og:description\" content=\"El adaptador de red EW1017 le brinda a su computadora de escritorio o port&aacute;til la oportunidad de volver a estar en l&iacute;nea. Su computadora se conecta f&aacute;cilmente a la red porque el adaptador de red Gigabit USB 3.2 Gen1 (USB 3.0) est&aacute; equipado con un puerto LAN de 1 Gigabit. Marca Ewent Modelo EW1017 Caracter&iacute;sticas&hellip;&nbsp;EWENT ADAPTADOR DE RED GIGABIT USB 3,2 Gen 1\" \/>\n<meta property=\"og:url\" content=\"https:\/\/aivlisoft.net\/shop\/producto\/ewent-adaptador-de-red-gigabit-usb-32-gen-1\/\" \/>\n<meta property=\"og:site_name\" content=\"Aivlisoft Inform\u00e1tica\" \/>\n<meta property=\"article:modified_time\" content=\"2025-01-14T11:36:21+00:00\" \/>\n<meta property=\"og:image\" content=\"https:\/\/aivlisoft.net\/shop\/wp-content\/uploads\/2025\/01\/NADACA0245_800.jpg\" \/>\n\t<meta property=\"og:image:width\" content=\"800\" \/>\n\t<meta property=\"og:image:height\" content=\"800\" \/>\n\t<meta property=\"og:image:type\" content=\"image\/jpeg\" \/>\n<meta name=\"twitter:card\" content=\"summary_large_image\" \/>\n<meta name=\"twitter:label1\" content=\"Tiempo de lectura\" \/>\n\t<meta name=\"twitter:data1\" content=\"1 minuto\" \/>\n<script type=\"application\/ld+json\" class=\"yoast-schema-graph\">{\"@context\":\"https:\/\/schema.org\",\"@graph\":[{\"@type\":\"WebPage\",\"@id\":\"https:\/\/aivlisoft.net\/shop\/producto\/ewent-adaptador-de-red-gigabit-usb-32-gen-1\/\",\"url\":\"https:\/\/aivlisoft.net\/shop\/producto\/ewent-adaptador-de-red-gigabit-usb-32-gen-1\/\",\"name\":\"EWENT ADAPTADOR DE RED GIGABIT USB 3,2 Gen 1 - Aivlisoft Inform\u00e1tica\",\"isPartOf\":{\"@id\":\"https:\/\/aivlisoft.net\/shop\/#website\"},\"primaryImageOfPage\":{\"@id\":\"https:\/\/aivlisoft.net\/shop\/producto\/ewent-adaptador-de-red-gigabit-usb-32-gen-1\/#primaryimage\"},\"image\":{\"@id\":\"https:\/\/aivlisoft.net\/shop\/producto\/ewent-adaptador-de-red-gigabit-usb-32-gen-1\/#primaryimage\"},\"thumbnailUrl\":\"https:\/\/aivlisoft.net\/shop\/wp-content\/uploads\/2025\/01\/NADACA0245_800.jpg\",\"datePublished\":\"2025-01-13T15:17:20+00:00\",\"dateModified\":\"2025-01-14T11:36:21+00:00\",\"breadcrumb\":{\"@id\":\"https:\/\/aivlisoft.net\/shop\/producto\/ewent-adaptador-de-red-gigabit-usb-32-gen-1\/#breadcrumb\"},\"inLanguage\":\"es\",\"potentialAction\":[{\"@type\":\"ReadAction\",\"target\":[\"https:\/\/aivlisoft.net\/shop\/producto\/ewent-adaptador-de-red-gigabit-usb-32-gen-1\/\"]}]},{\"@type\":\"ImageObject\",\"inLanguage\":\"es\",\"@id\":\"https:\/\/aivlisoft.net\/shop\/producto\/ewent-adaptador-de-red-gigabit-usb-32-gen-1\/#primaryimage\",\"url\":\"https:\/\/aivlisoft.net\/shop\/wp-content\/uploads\/2025\/01\/NADACA0245_800.jpg\",\"contentUrl\":\"https:\/\/aivlisoft.net\/shop\/wp-content\/uploads\/2025\/01\/NADACA0245_800.jpg\",\"width\":800,\"height\":800},{\"@type\":\"BreadcrumbList\",\"@id\":\"https:\/\/aivlisoft.net\/shop\/producto\/ewent-adaptador-de-red-gigabit-usb-32-gen-1\/#breadcrumb\",\"itemListElement\":[{\"@type\":\"ListItem\",\"position\":1,\"name\":\"Portada\",\"item\":\"https:\/\/aivlisoft.net\/shop\/\"},{\"@type\":\"ListItem\",\"position\":2,\"name\":\"Tienda\",\"item\":\"https:\/\/aivlisoft.net\/shop\/tienda\/\"},{\"@type\":\"ListItem\",\"position\":3,\"name\":\"EWENT ADAPTADOR DE RED GIGABIT USB 3,2 Gen 1\"}]},{\"@type\":\"WebSite\",\"@id\":\"https:\/\/aivlisoft.net\/shop\/#website\",\"url\":\"https:\/\/aivlisoft.net\/shop\/\",\"name\":\"Aivlisoft Inform\u00e1tica\",\"description\":\"En Aivlisoft Inform\u00e1tica ofrecemos soluciones tecnol\u00f3gicas para empresas: venta de ordenadores, consumibles, perif\u00e9ricos y m\u00e1s. Calidad, atenci\u00f3n personalizada y los mejores precios para tu negocio.\",\"publisher\":{\"@id\":\"https:\/\/aivlisoft.net\/shop\/#organization\"},\"potentialAction\":[{\"@type\":\"SearchAction\",\"target\":{\"@type\":\"EntryPoint\",\"urlTemplate\":\"https:\/\/aivlisoft.net\/shop\/?s={search_term_string}\"},\"query-input\":{\"@type\":\"PropertyValueSpecification\",\"valueRequired\":true,\"valueName\":\"search_term_string\"}}],\"inLanguage\":\"es\"},{\"@type\":\"Organization\",\"@id\":\"https:\/\/aivlisoft.net\/shop\/#organization\",\"name\":\"Aivlisoft Inform\u00e1tica\",\"url\":\"https:\/\/aivlisoft.net\/shop\/\",\"logo\":{\"@type\":\"ImageObject\",\"inLanguage\":\"es\",\"@id\":\"https:\/\/aivlisoft.net\/shop\/#\/schema\/logo\/image\/\",\"url\":\"https:\/\/aivlisoft.net\/shop\/wp-content\/uploads\/2024\/12\/removal.ai_5b848c54-0cdf-4140-95c5-c5536bb7573b-logodef.png\",\"contentUrl\":\"https:\/\/aivlisoft.net\/shop\/wp-content\/uploads\/2024\/12\/removal.ai_5b848c54-0cdf-4140-95c5-c5536bb7573b-logodef.png\",\"width\":484,\"height\":182,\"caption\":\"Aivlisoft Inform\u00e1tica\"},\"image\":{\"@id\":\"https:\/\/aivlisoft.net\/shop\/#\/schema\/logo\/image\/\"}}]}<\/script>\n<!-- \/ Yoast SEO plugin. -->","yoast_head_json":{"title":"EWENT ADAPTADOR DE RED GIGABIT USB 3,2 Gen 1 - Aivlisoft Inform\u00e1tica","robots":{"index":"index","follow":"follow","max-snippet":"max-snippet:-1","max-image-preview":"max-image-preview:large","max-video-preview":"max-video-preview:-1"},"canonical":"https:\/\/aivlisoft.net\/shop\/producto\/ewent-adaptador-de-red-gigabit-usb-32-gen-1\/","og_locale":"es_ES","og_type":"article","og_title":"EWENT ADAPTADOR DE RED GIGABIT USB 3,2 Gen 1 - Aivlisoft Inform\u00e1tica","og_description":"El adaptador de red EW1017 le brinda a su computadora de escritorio o port&aacute;til la oportunidad de volver a estar en l&iacute;nea. Su computadora se conecta f&aacute;cilmente a la red porque el adaptador de red Gigabit USB 3.2 Gen1 (USB 3.0) est&aacute; equipado con un puerto LAN de 1 Gigabit. Marca Ewent Modelo EW1017 Caracter&iacute;sticas&hellip;&nbsp;EWENT ADAPTADOR DE RED GIGABIT USB 3,2 Gen 1","og_url":"https:\/\/aivlisoft.net\/shop\/producto\/ewent-adaptador-de-red-gigabit-usb-32-gen-1\/","og_site_name":"Aivlisoft Inform\u00e1tica","article_modified_time":"2025-01-14T11:36:21+00:00","og_image":[{"width":800,"height":800,"url":"https:\/\/aivlisoft.net\/shop\/wp-content\/uploads\/2025\/01\/NADACA0245_800.jpg","type":"image\/jpeg"}],"twitter_card":"summary_large_image","twitter_misc":{"Tiempo de lectura":"1 minuto"},"schema":{"@context":"https:\/\/schema.org","@graph":[{"@type":"WebPage","@id":"https:\/\/aivlisoft.net\/shop\/producto\/ewent-adaptador-de-red-gigabit-usb-32-gen-1\/","url":"https:\/\/aivlisoft.net\/shop\/producto\/ewent-adaptador-de-red-gigabit-usb-32-gen-1\/","name":"EWENT ADAPTADOR DE RED GIGABIT USB 3,2 Gen 1 - Aivlisoft Inform\u00e1tica","isPartOf":{"@id":"https:\/\/aivlisoft.net\/shop\/#website"},"primaryImageOfPage":{"@id":"https:\/\/aivlisoft.net\/shop\/producto\/ewent-adaptador-de-red-gigabit-usb-32-gen-1\/#primaryimage"},"image":{"@id":"https:\/\/aivlisoft.net\/shop\/producto\/ewent-adaptador-de-red-gigabit-usb-32-gen-1\/#primaryimage"},"thumbnailUrl":"https:\/\/aivlisoft.net\/shop\/wp-content\/uploads\/2025\/01\/NADACA0245_800.jpg","datePublished":"2025-01-13T15:17:20+00:00","dateModified":"2025-01-14T11:36:21+00:00","breadcrumb":{"@id":"https:\/\/aivlisoft.net\/shop\/producto\/ewent-adaptador-de-red-gigabit-usb-32-gen-1\/#breadcrumb"},"inLanguage":"es","potentialAction":[{"@type":"ReadAction","target":["https:\/\/aivlisoft.net\/shop\/producto\/ewent-adaptador-de-red-gigabit-usb-32-gen-1\/"]}]},{"@type":"ImageObject","inLanguage":"es","@id":"https:\/\/aivlisoft.net\/shop\/producto\/ewent-adaptador-de-red-gigabit-usb-32-gen-1\/#primaryimage","url":"https:\/\/aivlisoft.net\/shop\/wp-content\/uploads\/2025\/01\/NADACA0245_800.jpg","contentUrl":"https:\/\/aivlisoft.net\/shop\/wp-content\/uploads\/2025\/01\/NADACA0245_800.jpg","width":800,"height":800},{"@type":"BreadcrumbList","@id":"https:\/\/aivlisoft.net\/shop\/producto\/ewent-adaptador-de-red-gigabit-usb-32-gen-1\/#breadcrumb","itemListElement":[{"@type":"ListItem","position":1,"name":"Portada","item":"https:\/\/aivlisoft.net\/shop\/"},{"@type":"ListItem","position":2,"name":"Tienda","item":"https:\/\/aivlisoft.net\/shop\/tienda\/"},{"@type":"ListItem","position":3,"name":"EWENT ADAPTADOR DE RED GIGABIT USB 3,2 Gen 1"}]},{"@type":"WebSite","@id":"https:\/\/aivlisoft.net\/shop\/#website","url":"https:\/\/aivlisoft.net\/shop\/","name":"Aivlisoft Inform\u00e1tica","description":"En Aivlisoft Inform\u00e1tica ofrecemos soluciones tecnol\u00f3gicas para empresas: venta de ordenadores, consumibles, perif\u00e9ricos y m\u00e1s. Calidad, atenci\u00f3n personalizada y los mejores precios para tu negocio.","publisher":{"@id":"https:\/\/aivlisoft.net\/shop\/#organization"},"potentialAction":[{"@type":"SearchAction","target":{"@type":"EntryPoint","urlTemplate":"https:\/\/aivlisoft.net\/shop\/?s={search_term_string}"},"query-input":{"@type":"PropertyValueSpecification","valueRequired":true,"valueName":"search_term_string"}}],"inLanguage":"es"},{"@type":"Organization","@id":"https:\/\/aivlisoft.net\/shop\/#organization","name":"Aivlisoft Inform\u00e1tica","url":"https:\/\/aivlisoft.net\/shop\/","logo":{"@type":"ImageObject","inLanguage":"es","@id":"https:\/\/aivlisoft.net\/shop\/#\/schema\/logo\/image\/","url":"https:\/\/aivlisoft.net\/shop\/wp-content\/uploads\/2024\/12\/removal.ai_5b848c54-0cdf-4140-95c5-c5536bb7573b-logodef.png","contentUrl":"https:\/\/aivlisoft.net\/shop\/wp-content\/uploads\/2024\/12\/removal.ai_5b848c54-0cdf-4140-95c5-c5536bb7573b-logodef.png","width":484,"height":182,"caption":"Aivlisoft Inform\u00e1tica"},"image":{"@id":"https:\/\/aivlisoft.net\/shop\/#\/schema\/logo\/image\/"}}]}},"_links":{"self":[{"href":"https:\/\/aivlisoft.net\/shop\/wp-json\/wp\/v2\/product\/17949","targetHints":{"allow":["GET"]}}],"collection":[{"href":"https:\/\/aivlisoft.net\/shop\/wp-json\/wp\/v2\/product"}],"about":[{"href":"https:\/\/aivlisoft.net\/shop\/wp-json\/wp\/v2\/types\/product"}],"wp:featuredmedia":[{"embeddable":true,"href":"https:\/\/aivlisoft.net\/shop\/wp-json\/wp\/v2\/media\/17950"}],"wp:attachment":[{"href":"https:\/\/aivlisoft.net\/shop\/wp-json\/wp\/v2\/media?parent=17949"}],"wp:term":[{"taxonomy":"product_brand","embeddable":true,"href":"https:\/\/aivlisoft.net\/shop\/wp-json\/wp\/v2\/product_brand?post=17949"},{"taxonomy":"product_cat","embeddable":true,"href":"https:\/\/aivlisoft.net\/shop\/wp-json\/wp\/v2\/product_cat?post=17949"},{"taxonomy":"product_tag","embeddable":true,"href":"https:\/\/aivlisoft.net\/shop\/wp-json\/wp\/v2\/product_tag?post=17949"}],"curies":[{"name":"wp","href":"https:\/\/api.w.org\/{rel}","templated":true}]}}