{"id":17923,"date":"2025-01-13T15:17:07","date_gmt":"2025-01-13T15:17:07","guid":{"rendered":"https:\/\/aivlisoft.com\/?post_type=product&#038;p=17923"},"modified":"2025-01-14T11:36:14","modified_gmt":"2025-01-14T11:36:14","slug":"tp-link-tx401-adaptador-red-pcie-10gb","status":"publish","type":"product","link":"https:\/\/aivlisoft.net\/shop\/producto\/tp-link-tx401-adaptador-red-pcie-10gb\/","title":{"rendered":"TP-Link TX401 Adaptador Red PCIe 10Gb"},"content":{"rendered":"<p><strong>Actualice a redes 10G<\/strong><br \/>10 Gigabit Ethernet alcanza velocidades de datos ultrarr&aacute;pidas de hasta 10 mil millones de bits por segundo, 10 veces m&aacute;s r&aacute;pido que Gigabit Ethernet est&aacute;ndar. Es una era completamente nueva para todas sus tareas que requieren un uso intensivo de ancho de banda, desde transferencias de datos locales hasta acceso a Internet.<\/p>\n<p><strong>Juega nunca termina con 10G<\/strong><br \/>Con acceso a Internet de 10 Gbps, sus juegos estar&aacute;n completamente optimizados con un gran aumento de velocidad, latencia y capacidad de respuesta. Las descargas de juegos de gran tama&ntilde;o, la transmisi&oacute;n en vivo sin interrupciones y las copias de seguridad masivas de datos a trav&eacute;s de la nube son tan f&aacute;ciles como elegir tu personaje.<\/p>\n<p><strong>Transmisiones de datos locales en segundos<\/strong><br \/>Para las conexiones locales, un adaptador PCIe 10G ayuda a construir un canal de transporte ultrarr&aacute;pido entre un servidor central y otras m&aacute;quinas en funcionamiento en su red local. Las transmisiones de datos locales ser&aacute;n muy sencillas para usted, ya que maneja f&aacute;cilmente las tareas que requieren un uso intensivo de ancho de banda en su hogar u oficina.<\/p>\n<table class=\"tabla_caracteristicas\" width=\"100%\">\n<tr>\n<td valign=\"top\"><strong>Marca<\/strong><\/td>\n<td><strong>TP-Link<\/strong><\/td>\n<\/tr>\n<tr>\n<td valign=\"top\"><strong>Modelo<\/strong><\/td>\n<td><strong>TX401<\/strong><\/td>\n<\/tr>\n<tr>\n<td valign=\"top\"><strong>Caracter&iacute;sticas<\/strong><\/td>\n<td>&#8211; Est&aacute;ndares<br \/>\t\t\t&nbsp; IEEE 802.3<br \/>\t\t\t&nbsp; IEEE 802.3u<br \/>\t\t\t&nbsp; IEEE 802.3ab<br \/>\t\t\t&nbsp; IEEE 802.3bz<br \/>\t\t\t&nbsp; IEEE802.3an<br \/>\t\t\t&nbsp; IEEE802.3az<br \/>\t\t\t&nbsp; IEEE 802.3x<br \/>\t\t\t&#8211; Medios de red: 10GBASE-T\/5GBASE-T\/2.5GBASE-T\/1000BASE-T\/100BASE-TX<br \/>\t\t\t&#8211; Tasas de transferencia de datos:<br \/>\t\t\t&nbsp; 100 Mbps, 1 Gbps, 2,5 Gbps, 5 Gbps, 10 Gbps para modo semid&uacute;plex,<br \/>\t\t\t&nbsp; 200 Mbps, 2 Gbps, 5 Gbps, 10 Gbps, 20 Gbps para modo Full-Duplex<br \/>\t\t\t&#8211; Control de Flujo: 802.3x<br \/>\t\t\t&#8211; Interfaz:<br \/>\t\t\t&nbsp; 1 &times; PCI Express 3.0 x 4,<br \/>\t\t\t&nbsp; 1 &times; puerto RJ45 Gigabit\/Megabit<br \/>\t\t\t&#8211; LEDs: 10 Gbps Link\/Act, 5 \/ 2.5 \/ 1 Gbps y 100 Mbps Link\/Act<br \/>\t\t\t&#8211; Certificaci&oacute;n<br \/>\t\t\t&nbsp; FCC<br \/>\t\t\t&nbsp; CE<br \/>\t\t\t&nbsp; RoHS<br \/>\t\t\t&#8211; Requisitos del sistema<br \/>\t\t\t&nbsp; Windows 10\/8.1\/8\/7, Servidores Windows 2019\/2016\/2012 R2, Linux<br \/>\t\t\t<strong>Ambiente<\/strong><br \/>\t\t\t&#8211; Temperatura de funcionamiento: 0&deg;C~40&deg;C (32&deg;F ~104&deg;F)<br \/>\t\t\t&#8211; Humedad de funcionamiento: 10 %~90 % sin condensaci&oacute;n<br \/>\t\t\t&#8211; Humedad de almacenamiento: 5 %~90 % sin condensaci&oacute;n<br \/>\t\t\t<strong>Dimensiones<\/strong><br \/>\t\t\t&#8211; 120,8 &times; 98,2 &times; 21,5 mm<br \/>\t\t\t<strong>Contenido<\/strong><br \/>\t\t\t&#8211; Adaptador de red PCIe de 10 Gigabits (TX401)<br \/>\t\t\t&#8211; Soportes est&aacute;ndar\/de perfil bajo<br \/>\t\t\t&#8211; Gu&iacute;a de Instalaci&oacute;n R&aacute;pida<br \/>\t\t\t&#8211; CD de recursos<br \/>\t\t\t&#8211; Cable Ethernet CAT6A de 1,5 m<\/td>\n<\/tr>\n<tr>\n<td valign=\"top\"><strong>Fecha de revisi&oacute;n<\/strong><\/td>\n<td>19-04-2023 por RTY<\/td>\n<\/tr>\n<\/table>\n","protected":false},"excerpt":{"rendered":"<p>Actualice a redes 10G10 Gigabit Ethernet alcanza velocidades de datos ultrarr&aacute;pidas de hasta 10 mil millones de bits por segundo, 10 veces m&aacute;s r&aacute;pido que Gigabit Ethernet est&aacute;ndar. Es una era completamente nueva para todas sus tareas que requieren un uso intensivo de ancho de banda, desde transferencias de datos locales hasta acceso a Internet.&hellip;&nbsp;<a href=\"https:\/\/aivlisoft.net\/shop\/producto\/tp-link-tx401-adaptador-red-pcie-10gb\/\" rel=\"bookmark\"><span class=\"screen-reader-text\">TP-Link TX401 Adaptador Red PCIe 10Gb<\/span><\/a><\/p>\n","protected":false},"featured_media":17924,"template":"","meta":{"neve_meta_sidebar":"","neve_meta_container":"","neve_meta_enable_content_width":"","neve_meta_content_width":0,"neve_meta_title_alignment":"","neve_meta_author_avatar":"","neve_post_elements_order":"","neve_meta_disable_header":"","neve_meta_disable_footer":"","neve_meta_disable_title":""},"product_brand":[],"product_cat":[8763],"product_tag":[6577],"class_list":{"0":"post-17923","1":"product","2":"type-product","3":"status-publish","4":"has-post-thumbnail","6":"product_cat-red-cableada","7":"product_tag-tx401","9":"first","10":"instock","11":"taxable","12":"shipping-taxable","13":"purchasable","14":"product-type-simple"},"yoast_head":"<!-- This site is optimized with the Yoast SEO plugin v26.0 - https:\/\/yoast.com\/wordpress\/plugins\/seo\/ -->\n<title>TP-Link TX401 Adaptador Red PCIe 10Gb - Aivlisoft Inform\u00e1tica<\/title>\n<meta name=\"robots\" content=\"index, follow, max-snippet:-1, max-image-preview:large, max-video-preview:-1\" \/>\n<link rel=\"canonical\" href=\"https:\/\/aivlisoft.net\/shop\/producto\/tp-link-tx401-adaptador-red-pcie-10gb\/\" \/>\n<meta property=\"og:locale\" content=\"es_ES\" \/>\n<meta property=\"og:type\" content=\"article\" \/>\n<meta property=\"og:title\" content=\"TP-Link TX401 Adaptador Red PCIe 10Gb - Aivlisoft Inform\u00e1tica\" \/>\n<meta property=\"og:description\" content=\"Actualice a redes 10G10 Gigabit Ethernet alcanza velocidades de datos ultrarr&aacute;pidas de hasta 10 mil millones de bits por segundo, 10 veces m&aacute;s r&aacute;pido que Gigabit Ethernet est&aacute;ndar. Es una era completamente nueva para todas sus tareas que requieren un uso intensivo de ancho de banda, desde transferencias de datos locales hasta acceso a Internet.&hellip;&nbsp;TP-Link TX401 Adaptador Red PCIe 10Gb\" \/>\n<meta property=\"og:url\" content=\"https:\/\/aivlisoft.net\/shop\/producto\/tp-link-tx401-adaptador-red-pcie-10gb\/\" \/>\n<meta property=\"og:site_name\" content=\"Aivlisoft Inform\u00e1tica\" \/>\n<meta property=\"article:modified_time\" content=\"2025-01-14T11:36:14+00:00\" \/>\n<meta property=\"og:image\" content=\"https:\/\/aivlisoft.net\/shop\/wp-content\/uploads\/2025\/01\/NADACA0237_800.jpg\" \/>\n\t<meta property=\"og:image:width\" content=\"800\" \/>\n\t<meta property=\"og:image:height\" content=\"800\" \/>\n\t<meta property=\"og:image:type\" content=\"image\/jpeg\" \/>\n<meta name=\"twitter:card\" content=\"summary_large_image\" \/>\n<meta name=\"twitter:label1\" content=\"Tiempo de lectura\" \/>\n\t<meta name=\"twitter:data1\" content=\"2 minutos\" \/>\n<script type=\"application\/ld+json\" class=\"yoast-schema-graph\">{\"@context\":\"https:\/\/schema.org\",\"@graph\":[{\"@type\":\"WebPage\",\"@id\":\"https:\/\/aivlisoft.net\/shop\/producto\/tp-link-tx401-adaptador-red-pcie-10gb\/\",\"url\":\"https:\/\/aivlisoft.net\/shop\/producto\/tp-link-tx401-adaptador-red-pcie-10gb\/\",\"name\":\"TP-Link TX401 Adaptador Red PCIe 10Gb - Aivlisoft Inform\u00e1tica\",\"isPartOf\":{\"@id\":\"https:\/\/aivlisoft.net\/shop\/#website\"},\"primaryImageOfPage\":{\"@id\":\"https:\/\/aivlisoft.net\/shop\/producto\/tp-link-tx401-adaptador-red-pcie-10gb\/#primaryimage\"},\"image\":{\"@id\":\"https:\/\/aivlisoft.net\/shop\/producto\/tp-link-tx401-adaptador-red-pcie-10gb\/#primaryimage\"},\"thumbnailUrl\":\"https:\/\/aivlisoft.net\/shop\/wp-content\/uploads\/2025\/01\/NADACA0237_800.jpg\",\"datePublished\":\"2025-01-13T15:17:07+00:00\",\"dateModified\":\"2025-01-14T11:36:14+00:00\",\"breadcrumb\":{\"@id\":\"https:\/\/aivlisoft.net\/shop\/producto\/tp-link-tx401-adaptador-red-pcie-10gb\/#breadcrumb\"},\"inLanguage\":\"es\",\"potentialAction\":[{\"@type\":\"ReadAction\",\"target\":[\"https:\/\/aivlisoft.net\/shop\/producto\/tp-link-tx401-adaptador-red-pcie-10gb\/\"]}]},{\"@type\":\"ImageObject\",\"inLanguage\":\"es\",\"@id\":\"https:\/\/aivlisoft.net\/shop\/producto\/tp-link-tx401-adaptador-red-pcie-10gb\/#primaryimage\",\"url\":\"https:\/\/aivlisoft.net\/shop\/wp-content\/uploads\/2025\/01\/NADACA0237_800.jpg\",\"contentUrl\":\"https:\/\/aivlisoft.net\/shop\/wp-content\/uploads\/2025\/01\/NADACA0237_800.jpg\",\"width\":800,\"height\":800},{\"@type\":\"BreadcrumbList\",\"@id\":\"https:\/\/aivlisoft.net\/shop\/producto\/tp-link-tx401-adaptador-red-pcie-10gb\/#breadcrumb\",\"itemListElement\":[{\"@type\":\"ListItem\",\"position\":1,\"name\":\"Portada\",\"item\":\"https:\/\/aivlisoft.net\/shop\/\"},{\"@type\":\"ListItem\",\"position\":2,\"name\":\"Tienda\",\"item\":\"https:\/\/aivlisoft.net\/shop\/tienda\/\"},{\"@type\":\"ListItem\",\"position\":3,\"name\":\"TP-Link TX401 Adaptador Red PCIe 10Gb\"}]},{\"@type\":\"WebSite\",\"@id\":\"https:\/\/aivlisoft.net\/shop\/#website\",\"url\":\"https:\/\/aivlisoft.net\/shop\/\",\"name\":\"Aivlisoft Inform\u00e1tica\",\"description\":\"En Aivlisoft Inform\u00e1tica ofrecemos soluciones tecnol\u00f3gicas para empresas: venta de ordenadores, consumibles, perif\u00e9ricos y m\u00e1s. Calidad, atenci\u00f3n personalizada y los mejores precios para tu negocio.\",\"publisher\":{\"@id\":\"https:\/\/aivlisoft.net\/shop\/#organization\"},\"potentialAction\":[{\"@type\":\"SearchAction\",\"target\":{\"@type\":\"EntryPoint\",\"urlTemplate\":\"https:\/\/aivlisoft.net\/shop\/?s={search_term_string}\"},\"query-input\":{\"@type\":\"PropertyValueSpecification\",\"valueRequired\":true,\"valueName\":\"search_term_string\"}}],\"inLanguage\":\"es\"},{\"@type\":\"Organization\",\"@id\":\"https:\/\/aivlisoft.net\/shop\/#organization\",\"name\":\"Aivlisoft Inform\u00e1tica\",\"url\":\"https:\/\/aivlisoft.net\/shop\/\",\"logo\":{\"@type\":\"ImageObject\",\"inLanguage\":\"es\",\"@id\":\"https:\/\/aivlisoft.net\/shop\/#\/schema\/logo\/image\/\",\"url\":\"https:\/\/aivlisoft.net\/shop\/wp-content\/uploads\/2024\/12\/removal.ai_5b848c54-0cdf-4140-95c5-c5536bb7573b-logodef.png\",\"contentUrl\":\"https:\/\/aivlisoft.net\/shop\/wp-content\/uploads\/2024\/12\/removal.ai_5b848c54-0cdf-4140-95c5-c5536bb7573b-logodef.png\",\"width\":484,\"height\":182,\"caption\":\"Aivlisoft Inform\u00e1tica\"},\"image\":{\"@id\":\"https:\/\/aivlisoft.net\/shop\/#\/schema\/logo\/image\/\"}}]}<\/script>\n<!-- \/ Yoast SEO plugin. -->","yoast_head_json":{"title":"TP-Link TX401 Adaptador Red PCIe 10Gb - Aivlisoft Inform\u00e1tica","robots":{"index":"index","follow":"follow","max-snippet":"max-snippet:-1","max-image-preview":"max-image-preview:large","max-video-preview":"max-video-preview:-1"},"canonical":"https:\/\/aivlisoft.net\/shop\/producto\/tp-link-tx401-adaptador-red-pcie-10gb\/","og_locale":"es_ES","og_type":"article","og_title":"TP-Link TX401 Adaptador Red PCIe 10Gb - Aivlisoft Inform\u00e1tica","og_description":"Actualice a redes 10G10 Gigabit Ethernet alcanza velocidades de datos ultrarr&aacute;pidas de hasta 10 mil millones de bits por segundo, 10 veces m&aacute;s r&aacute;pido que Gigabit Ethernet est&aacute;ndar. Es una era completamente nueva para todas sus tareas que requieren un uso intensivo de ancho de banda, desde transferencias de datos locales hasta acceso a Internet.&hellip;&nbsp;TP-Link TX401 Adaptador Red PCIe 10Gb","og_url":"https:\/\/aivlisoft.net\/shop\/producto\/tp-link-tx401-adaptador-red-pcie-10gb\/","og_site_name":"Aivlisoft Inform\u00e1tica","article_modified_time":"2025-01-14T11:36:14+00:00","og_image":[{"width":800,"height":800,"url":"https:\/\/aivlisoft.net\/shop\/wp-content\/uploads\/2025\/01\/NADACA0237_800.jpg","type":"image\/jpeg"}],"twitter_card":"summary_large_image","twitter_misc":{"Tiempo de lectura":"2 minutos"},"schema":{"@context":"https:\/\/schema.org","@graph":[{"@type":"WebPage","@id":"https:\/\/aivlisoft.net\/shop\/producto\/tp-link-tx401-adaptador-red-pcie-10gb\/","url":"https:\/\/aivlisoft.net\/shop\/producto\/tp-link-tx401-adaptador-red-pcie-10gb\/","name":"TP-Link TX401 Adaptador Red PCIe 10Gb - Aivlisoft Inform\u00e1tica","isPartOf":{"@id":"https:\/\/aivlisoft.net\/shop\/#website"},"primaryImageOfPage":{"@id":"https:\/\/aivlisoft.net\/shop\/producto\/tp-link-tx401-adaptador-red-pcie-10gb\/#primaryimage"},"image":{"@id":"https:\/\/aivlisoft.net\/shop\/producto\/tp-link-tx401-adaptador-red-pcie-10gb\/#primaryimage"},"thumbnailUrl":"https:\/\/aivlisoft.net\/shop\/wp-content\/uploads\/2025\/01\/NADACA0237_800.jpg","datePublished":"2025-01-13T15:17:07+00:00","dateModified":"2025-01-14T11:36:14+00:00","breadcrumb":{"@id":"https:\/\/aivlisoft.net\/shop\/producto\/tp-link-tx401-adaptador-red-pcie-10gb\/#breadcrumb"},"inLanguage":"es","potentialAction":[{"@type":"ReadAction","target":["https:\/\/aivlisoft.net\/shop\/producto\/tp-link-tx401-adaptador-red-pcie-10gb\/"]}]},{"@type":"ImageObject","inLanguage":"es","@id":"https:\/\/aivlisoft.net\/shop\/producto\/tp-link-tx401-adaptador-red-pcie-10gb\/#primaryimage","url":"https:\/\/aivlisoft.net\/shop\/wp-content\/uploads\/2025\/01\/NADACA0237_800.jpg","contentUrl":"https:\/\/aivlisoft.net\/shop\/wp-content\/uploads\/2025\/01\/NADACA0237_800.jpg","width":800,"height":800},{"@type":"BreadcrumbList","@id":"https:\/\/aivlisoft.net\/shop\/producto\/tp-link-tx401-adaptador-red-pcie-10gb\/#breadcrumb","itemListElement":[{"@type":"ListItem","position":1,"name":"Portada","item":"https:\/\/aivlisoft.net\/shop\/"},{"@type":"ListItem","position":2,"name":"Tienda","item":"https:\/\/aivlisoft.net\/shop\/tienda\/"},{"@type":"ListItem","position":3,"name":"TP-Link TX401 Adaptador Red PCIe 10Gb"}]},{"@type":"WebSite","@id":"https:\/\/aivlisoft.net\/shop\/#website","url":"https:\/\/aivlisoft.net\/shop\/","name":"Aivlisoft Inform\u00e1tica","description":"En Aivlisoft Inform\u00e1tica ofrecemos soluciones tecnol\u00f3gicas para empresas: venta de ordenadores, consumibles, perif\u00e9ricos y m\u00e1s. Calidad, atenci\u00f3n personalizada y los mejores precios para tu negocio.","publisher":{"@id":"https:\/\/aivlisoft.net\/shop\/#organization"},"potentialAction":[{"@type":"SearchAction","target":{"@type":"EntryPoint","urlTemplate":"https:\/\/aivlisoft.net\/shop\/?s={search_term_string}"},"query-input":{"@type":"PropertyValueSpecification","valueRequired":true,"valueName":"search_term_string"}}],"inLanguage":"es"},{"@type":"Organization","@id":"https:\/\/aivlisoft.net\/shop\/#organization","name":"Aivlisoft Inform\u00e1tica","url":"https:\/\/aivlisoft.net\/shop\/","logo":{"@type":"ImageObject","inLanguage":"es","@id":"https:\/\/aivlisoft.net\/shop\/#\/schema\/logo\/image\/","url":"https:\/\/aivlisoft.net\/shop\/wp-content\/uploads\/2024\/12\/removal.ai_5b848c54-0cdf-4140-95c5-c5536bb7573b-logodef.png","contentUrl":"https:\/\/aivlisoft.net\/shop\/wp-content\/uploads\/2024\/12\/removal.ai_5b848c54-0cdf-4140-95c5-c5536bb7573b-logodef.png","width":484,"height":182,"caption":"Aivlisoft Inform\u00e1tica"},"image":{"@id":"https:\/\/aivlisoft.net\/shop\/#\/schema\/logo\/image\/"}}]}},"_links":{"self":[{"href":"https:\/\/aivlisoft.net\/shop\/wp-json\/wp\/v2\/product\/17923","targetHints":{"allow":["GET"]}}],"collection":[{"href":"https:\/\/aivlisoft.net\/shop\/wp-json\/wp\/v2\/product"}],"about":[{"href":"https:\/\/aivlisoft.net\/shop\/wp-json\/wp\/v2\/types\/product"}],"wp:featuredmedia":[{"embeddable":true,"href":"https:\/\/aivlisoft.net\/shop\/wp-json\/wp\/v2\/media\/17924"}],"wp:attachment":[{"href":"https:\/\/aivlisoft.net\/shop\/wp-json\/wp\/v2\/media?parent=17923"}],"wp:term":[{"taxonomy":"product_brand","embeddable":true,"href":"https:\/\/aivlisoft.net\/shop\/wp-json\/wp\/v2\/product_brand?post=17923"},{"taxonomy":"product_cat","embeddable":true,"href":"https:\/\/aivlisoft.net\/shop\/wp-json\/wp\/v2\/product_cat?post=17923"},{"taxonomy":"product_tag","embeddable":true,"href":"https:\/\/aivlisoft.net\/shop\/wp-json\/wp\/v2\/product_tag?post=17923"}],"curies":[{"name":"wp","href":"https:\/\/api.w.org\/{rel}","templated":true}]}}