{"id":17883,"date":"2025-01-13T15:16:44","date_gmt":"2025-01-13T15:16:44","guid":{"rendered":"https:\/\/aivlisoft.com\/?post_type=product&#038;p=17883"},"modified":"2025-01-14T11:35:58","modified_gmt":"2025-01-14T11:35:58","slug":"iggual-adaptador-usb-a-a-rj45-gigabit","status":"publish","type":"product","link":"https:\/\/aivlisoft.net\/shop\/producto\/iggual-adaptador-usb-a-a-rj45-gigabit\/","title":{"rendered":"iggual Adaptador USB-A a RJ45 Gigabit"},"content":{"rendered":"<p>Con una velocidad de transferencia de hasta 1000 Mbps, este adaptador es compatible con los sistemas operativos m&aacute;s populares, Windows, MacOS y Linux.<br \/>&nbsp;<br \/>Adem&aacute;s, la conexi&oacute;n es sencilla gracias a la tecnolog&iacute;a Plug &amp; Play y cuenta con un pr&aacute;ctico indicador LED para comprobar el estado de la conexi&oacute;n en todo momento.<br \/>&nbsp;<br \/>Todo esto en un dise&ntilde;o elegante y compacto con una carcasa de aluminio y color negro.<br \/>&nbsp;<\/p>\n<table class=\"tabla_caracteristicas\" width=\"100%\">\n<tr>\n<td valign=\"top\"><strong>Marca<\/strong><\/td>\n<td>iggual<\/td>\n<\/tr>\n<tr>\n<td valign=\"top\"><strong>Modelo<\/strong><\/td>\n<td><strong>IGG318447<\/strong><\/td>\n<\/tr>\n<tr>\n<td valign=\"top\"><strong>Caracter&iacute;sticas<\/strong><\/td>\n<td>&#8211; Interfaz de conexi&oacute;n: USB-A 3.0<br \/>\t\t\t&#8211; Puerto de salida: 1 x RJ45 Gigabit Ethernet<br \/>\t\t\t&#8211; Velocidad de transferencia: hasta 1000 Mbps<br \/>\t\t\t&#8211; Est&aacute;ndares Ethernet:<br \/>\t\t\t&nbsp; IEEE 802.3, IEEE 802.3u, IEEE 802.3ab<br \/>\t\t\t&nbsp; IEEE 802.3az (Ethernet Energ&eacute;ticamente Eficiente)<br \/>\t\t\t&nbsp; IEEE 802.1Q (VLAN), IEEE 802.1p<br \/>\t\t\t&#8211; Compatibilidad SO: Windows, MacOS, Linux Compatible con 10\/100\/1000 Mbps<br \/>\t\t\t&#8211; Driver: no se necesita (Plug &amp; Play)<br \/>\t\t\t&#8211; Longitud del cable: 15 cm<br \/>\t\t\t&#8211; Dimensiones: 59x23x16 mm<br \/>\t\t\t&#8211; Peso: 38 g<br \/>\t\t\t&#8211; Indicador LED<br \/>\t\t\t&#8211; Carcasa de aluminio<br \/>\t\t\t&#8211; Color: negro<\/td>\n<\/tr>\n<tr>\n<td valign=\"top\"><strong>Fecha de revisi&oacute;n<\/strong><\/td>\n<td>13-05-2024 por RTY<\/td>\n<\/tr>\n<\/table>\n","protected":false},"excerpt":{"rendered":"<p>Con una velocidad de transferencia de hasta 1000 Mbps, este adaptador es compatible con los sistemas operativos m&aacute;s populares, Windows, MacOS y Linux.&nbsp;Adem&aacute;s, la conexi&oacute;n es sencilla gracias a la tecnolog&iacute;a Plug &amp; Play y cuenta con un pr&aacute;ctico indicador LED para comprobar el estado de la conexi&oacute;n en todo momento.&nbsp;Todo esto en un dise&ntilde;o&hellip;&nbsp;<a href=\"https:\/\/aivlisoft.net\/shop\/producto\/iggual-adaptador-usb-a-a-rj45-gigabit\/\" rel=\"bookmark\"><span class=\"screen-reader-text\">iggual Adaptador USB-A a RJ45 Gigabit<\/span><\/a><\/p>\n","protected":false},"featured_media":17884,"template":"","meta":{"neve_meta_sidebar":"","neve_meta_container":"","neve_meta_enable_content_width":"","neve_meta_content_width":0,"neve_meta_title_alignment":"","neve_meta_author_avatar":"","neve_post_elements_order":"","neve_meta_disable_header":"","neve_meta_disable_footer":"","neve_meta_disable_title":""},"product_brand":[],"product_cat":[8763],"product_tag":[6566],"class_list":{"0":"post-17883","1":"product","2":"type-product","3":"status-publish","4":"has-post-thumbnail","6":"product_cat-red-cableada","7":"product_tag-igg318447","9":"first","10":"instock","11":"taxable","12":"shipping-taxable","13":"purchasable","14":"product-type-simple"},"yoast_head":"<!-- This site is optimized with the Yoast SEO plugin v26.0 - https:\/\/yoast.com\/wordpress\/plugins\/seo\/ -->\n<title>iggual Adaptador USB-A a RJ45 Gigabit - Aivlisoft Inform\u00e1tica<\/title>\n<meta name=\"robots\" content=\"index, follow, max-snippet:-1, max-image-preview:large, max-video-preview:-1\" \/>\n<link rel=\"canonical\" href=\"https:\/\/aivlisoft.net\/shop\/producto\/iggual-adaptador-usb-a-a-rj45-gigabit\/\" \/>\n<meta property=\"og:locale\" content=\"es_ES\" \/>\n<meta property=\"og:type\" content=\"article\" \/>\n<meta property=\"og:title\" content=\"iggual Adaptador USB-A a RJ45 Gigabit - Aivlisoft Inform\u00e1tica\" \/>\n<meta property=\"og:description\" content=\"Con una velocidad de transferencia de hasta 1000 Mbps, este adaptador es compatible con los sistemas operativos m&aacute;s populares, Windows, MacOS y Linux.&nbsp;Adem&aacute;s, la conexi&oacute;n es sencilla gracias a la tecnolog&iacute;a Plug &amp; Play y cuenta con un pr&aacute;ctico indicador LED para comprobar el estado de la conexi&oacute;n en todo momento.&nbsp;Todo esto en un dise&ntilde;o&hellip;&nbsp;iggual Adaptador USB-A a RJ45 Gigabit\" \/>\n<meta property=\"og:url\" content=\"https:\/\/aivlisoft.net\/shop\/producto\/iggual-adaptador-usb-a-a-rj45-gigabit\/\" \/>\n<meta property=\"og:site_name\" content=\"Aivlisoft Inform\u00e1tica\" \/>\n<meta property=\"article:modified_time\" content=\"2025-01-14T11:35:58+00:00\" \/>\n<meta property=\"og:image\" content=\"https:\/\/aivlisoft.net\/shop\/wp-content\/uploads\/2025\/01\/NADACA0223_800.jpg\" \/>\n\t<meta property=\"og:image:width\" content=\"800\" \/>\n\t<meta property=\"og:image:height\" content=\"800\" \/>\n\t<meta property=\"og:image:type\" content=\"image\/jpeg\" \/>\n<meta name=\"twitter:card\" content=\"summary_large_image\" \/>\n<meta name=\"twitter:label1\" content=\"Tiempo de lectura\" \/>\n\t<meta name=\"twitter:data1\" content=\"1 minuto\" \/>\n<script type=\"application\/ld+json\" class=\"yoast-schema-graph\">{\"@context\":\"https:\/\/schema.org\",\"@graph\":[{\"@type\":\"WebPage\",\"@id\":\"https:\/\/aivlisoft.net\/shop\/producto\/iggual-adaptador-usb-a-a-rj45-gigabit\/\",\"url\":\"https:\/\/aivlisoft.net\/shop\/producto\/iggual-adaptador-usb-a-a-rj45-gigabit\/\",\"name\":\"iggual Adaptador USB-A a RJ45 Gigabit - Aivlisoft Inform\u00e1tica\",\"isPartOf\":{\"@id\":\"https:\/\/aivlisoft.net\/shop\/#website\"},\"primaryImageOfPage\":{\"@id\":\"https:\/\/aivlisoft.net\/shop\/producto\/iggual-adaptador-usb-a-a-rj45-gigabit\/#primaryimage\"},\"image\":{\"@id\":\"https:\/\/aivlisoft.net\/shop\/producto\/iggual-adaptador-usb-a-a-rj45-gigabit\/#primaryimage\"},\"thumbnailUrl\":\"https:\/\/aivlisoft.net\/shop\/wp-content\/uploads\/2025\/01\/NADACA0223_800.jpg\",\"datePublished\":\"2025-01-13T15:16:44+00:00\",\"dateModified\":\"2025-01-14T11:35:58+00:00\",\"breadcrumb\":{\"@id\":\"https:\/\/aivlisoft.net\/shop\/producto\/iggual-adaptador-usb-a-a-rj45-gigabit\/#breadcrumb\"},\"inLanguage\":\"es\",\"potentialAction\":[{\"@type\":\"ReadAction\",\"target\":[\"https:\/\/aivlisoft.net\/shop\/producto\/iggual-adaptador-usb-a-a-rj45-gigabit\/\"]}]},{\"@type\":\"ImageObject\",\"inLanguage\":\"es\",\"@id\":\"https:\/\/aivlisoft.net\/shop\/producto\/iggual-adaptador-usb-a-a-rj45-gigabit\/#primaryimage\",\"url\":\"https:\/\/aivlisoft.net\/shop\/wp-content\/uploads\/2025\/01\/NADACA0223_800.jpg\",\"contentUrl\":\"https:\/\/aivlisoft.net\/shop\/wp-content\/uploads\/2025\/01\/NADACA0223_800.jpg\",\"width\":800,\"height\":800},{\"@type\":\"BreadcrumbList\",\"@id\":\"https:\/\/aivlisoft.net\/shop\/producto\/iggual-adaptador-usb-a-a-rj45-gigabit\/#breadcrumb\",\"itemListElement\":[{\"@type\":\"ListItem\",\"position\":1,\"name\":\"Portada\",\"item\":\"https:\/\/aivlisoft.net\/shop\/\"},{\"@type\":\"ListItem\",\"position\":2,\"name\":\"Tienda\",\"item\":\"https:\/\/aivlisoft.net\/shop\/tienda\/\"},{\"@type\":\"ListItem\",\"position\":3,\"name\":\"iggual Adaptador USB-A a RJ45 Gigabit\"}]},{\"@type\":\"WebSite\",\"@id\":\"https:\/\/aivlisoft.net\/shop\/#website\",\"url\":\"https:\/\/aivlisoft.net\/shop\/\",\"name\":\"Aivlisoft Inform\u00e1tica\",\"description\":\"En Aivlisoft Inform\u00e1tica ofrecemos soluciones tecnol\u00f3gicas para empresas: venta de ordenadores, consumibles, perif\u00e9ricos y m\u00e1s. Calidad, atenci\u00f3n personalizada y los mejores precios para tu negocio.\",\"publisher\":{\"@id\":\"https:\/\/aivlisoft.net\/shop\/#organization\"},\"potentialAction\":[{\"@type\":\"SearchAction\",\"target\":{\"@type\":\"EntryPoint\",\"urlTemplate\":\"https:\/\/aivlisoft.net\/shop\/?s={search_term_string}\"},\"query-input\":{\"@type\":\"PropertyValueSpecification\",\"valueRequired\":true,\"valueName\":\"search_term_string\"}}],\"inLanguage\":\"es\"},{\"@type\":\"Organization\",\"@id\":\"https:\/\/aivlisoft.net\/shop\/#organization\",\"name\":\"Aivlisoft Inform\u00e1tica\",\"url\":\"https:\/\/aivlisoft.net\/shop\/\",\"logo\":{\"@type\":\"ImageObject\",\"inLanguage\":\"es\",\"@id\":\"https:\/\/aivlisoft.net\/shop\/#\/schema\/logo\/image\/\",\"url\":\"https:\/\/aivlisoft.net\/shop\/wp-content\/uploads\/2024\/12\/removal.ai_5b848c54-0cdf-4140-95c5-c5536bb7573b-logodef.png\",\"contentUrl\":\"https:\/\/aivlisoft.net\/shop\/wp-content\/uploads\/2024\/12\/removal.ai_5b848c54-0cdf-4140-95c5-c5536bb7573b-logodef.png\",\"width\":484,\"height\":182,\"caption\":\"Aivlisoft Inform\u00e1tica\"},\"image\":{\"@id\":\"https:\/\/aivlisoft.net\/shop\/#\/schema\/logo\/image\/\"}}]}<\/script>\n<!-- \/ Yoast SEO plugin. -->","yoast_head_json":{"title":"iggual Adaptador USB-A a RJ45 Gigabit - Aivlisoft Inform\u00e1tica","robots":{"index":"index","follow":"follow","max-snippet":"max-snippet:-1","max-image-preview":"max-image-preview:large","max-video-preview":"max-video-preview:-1"},"canonical":"https:\/\/aivlisoft.net\/shop\/producto\/iggual-adaptador-usb-a-a-rj45-gigabit\/","og_locale":"es_ES","og_type":"article","og_title":"iggual Adaptador USB-A a RJ45 Gigabit - Aivlisoft Inform\u00e1tica","og_description":"Con una velocidad de transferencia de hasta 1000 Mbps, este adaptador es compatible con los sistemas operativos m&aacute;s populares, Windows, MacOS y Linux.&nbsp;Adem&aacute;s, la conexi&oacute;n es sencilla gracias a la tecnolog&iacute;a Plug &amp; Play y cuenta con un pr&aacute;ctico indicador LED para comprobar el estado de la conexi&oacute;n en todo momento.&nbsp;Todo esto en un dise&ntilde;o&hellip;&nbsp;iggual Adaptador USB-A a RJ45 Gigabit","og_url":"https:\/\/aivlisoft.net\/shop\/producto\/iggual-adaptador-usb-a-a-rj45-gigabit\/","og_site_name":"Aivlisoft Inform\u00e1tica","article_modified_time":"2025-01-14T11:35:58+00:00","og_image":[{"width":800,"height":800,"url":"https:\/\/aivlisoft.net\/shop\/wp-content\/uploads\/2025\/01\/NADACA0223_800.jpg","type":"image\/jpeg"}],"twitter_card":"summary_large_image","twitter_misc":{"Tiempo de lectura":"1 minuto"},"schema":{"@context":"https:\/\/schema.org","@graph":[{"@type":"WebPage","@id":"https:\/\/aivlisoft.net\/shop\/producto\/iggual-adaptador-usb-a-a-rj45-gigabit\/","url":"https:\/\/aivlisoft.net\/shop\/producto\/iggual-adaptador-usb-a-a-rj45-gigabit\/","name":"iggual Adaptador USB-A a RJ45 Gigabit - Aivlisoft Inform\u00e1tica","isPartOf":{"@id":"https:\/\/aivlisoft.net\/shop\/#website"},"primaryImageOfPage":{"@id":"https:\/\/aivlisoft.net\/shop\/producto\/iggual-adaptador-usb-a-a-rj45-gigabit\/#primaryimage"},"image":{"@id":"https:\/\/aivlisoft.net\/shop\/producto\/iggual-adaptador-usb-a-a-rj45-gigabit\/#primaryimage"},"thumbnailUrl":"https:\/\/aivlisoft.net\/shop\/wp-content\/uploads\/2025\/01\/NADACA0223_800.jpg","datePublished":"2025-01-13T15:16:44+00:00","dateModified":"2025-01-14T11:35:58+00:00","breadcrumb":{"@id":"https:\/\/aivlisoft.net\/shop\/producto\/iggual-adaptador-usb-a-a-rj45-gigabit\/#breadcrumb"},"inLanguage":"es","potentialAction":[{"@type":"ReadAction","target":["https:\/\/aivlisoft.net\/shop\/producto\/iggual-adaptador-usb-a-a-rj45-gigabit\/"]}]},{"@type":"ImageObject","inLanguage":"es","@id":"https:\/\/aivlisoft.net\/shop\/producto\/iggual-adaptador-usb-a-a-rj45-gigabit\/#primaryimage","url":"https:\/\/aivlisoft.net\/shop\/wp-content\/uploads\/2025\/01\/NADACA0223_800.jpg","contentUrl":"https:\/\/aivlisoft.net\/shop\/wp-content\/uploads\/2025\/01\/NADACA0223_800.jpg","width":800,"height":800},{"@type":"BreadcrumbList","@id":"https:\/\/aivlisoft.net\/shop\/producto\/iggual-adaptador-usb-a-a-rj45-gigabit\/#breadcrumb","itemListElement":[{"@type":"ListItem","position":1,"name":"Portada","item":"https:\/\/aivlisoft.net\/shop\/"},{"@type":"ListItem","position":2,"name":"Tienda","item":"https:\/\/aivlisoft.net\/shop\/tienda\/"},{"@type":"ListItem","position":3,"name":"iggual Adaptador USB-A a RJ45 Gigabit"}]},{"@type":"WebSite","@id":"https:\/\/aivlisoft.net\/shop\/#website","url":"https:\/\/aivlisoft.net\/shop\/","name":"Aivlisoft Inform\u00e1tica","description":"En Aivlisoft Inform\u00e1tica ofrecemos soluciones tecnol\u00f3gicas para empresas: venta de ordenadores, consumibles, perif\u00e9ricos y m\u00e1s. Calidad, atenci\u00f3n personalizada y los mejores precios para tu negocio.","publisher":{"@id":"https:\/\/aivlisoft.net\/shop\/#organization"},"potentialAction":[{"@type":"SearchAction","target":{"@type":"EntryPoint","urlTemplate":"https:\/\/aivlisoft.net\/shop\/?s={search_term_string}"},"query-input":{"@type":"PropertyValueSpecification","valueRequired":true,"valueName":"search_term_string"}}],"inLanguage":"es"},{"@type":"Organization","@id":"https:\/\/aivlisoft.net\/shop\/#organization","name":"Aivlisoft Inform\u00e1tica","url":"https:\/\/aivlisoft.net\/shop\/","logo":{"@type":"ImageObject","inLanguage":"es","@id":"https:\/\/aivlisoft.net\/shop\/#\/schema\/logo\/image\/","url":"https:\/\/aivlisoft.net\/shop\/wp-content\/uploads\/2024\/12\/removal.ai_5b848c54-0cdf-4140-95c5-c5536bb7573b-logodef.png","contentUrl":"https:\/\/aivlisoft.net\/shop\/wp-content\/uploads\/2024\/12\/removal.ai_5b848c54-0cdf-4140-95c5-c5536bb7573b-logodef.png","width":484,"height":182,"caption":"Aivlisoft Inform\u00e1tica"},"image":{"@id":"https:\/\/aivlisoft.net\/shop\/#\/schema\/logo\/image\/"}}]}},"_links":{"self":[{"href":"https:\/\/aivlisoft.net\/shop\/wp-json\/wp\/v2\/product\/17883","targetHints":{"allow":["GET"]}}],"collection":[{"href":"https:\/\/aivlisoft.net\/shop\/wp-json\/wp\/v2\/product"}],"about":[{"href":"https:\/\/aivlisoft.net\/shop\/wp-json\/wp\/v2\/types\/product"}],"wp:featuredmedia":[{"embeddable":true,"href":"https:\/\/aivlisoft.net\/shop\/wp-json\/wp\/v2\/media\/17884"}],"wp:attachment":[{"href":"https:\/\/aivlisoft.net\/shop\/wp-json\/wp\/v2\/media?parent=17883"}],"wp:term":[{"taxonomy":"product_brand","embeddable":true,"href":"https:\/\/aivlisoft.net\/shop\/wp-json\/wp\/v2\/product_brand?post=17883"},{"taxonomy":"product_cat","embeddable":true,"href":"https:\/\/aivlisoft.net\/shop\/wp-json\/wp\/v2\/product_cat?post=17883"},{"taxonomy":"product_tag","embeddable":true,"href":"https:\/\/aivlisoft.net\/shop\/wp-json\/wp\/v2\/product_tag?post=17883"}],"curies":[{"name":"wp","href":"https:\/\/api.w.org\/{rel}","templated":true}]}}