{"id":17853,"date":"2025-01-13T15:16:26","date_gmt":"2025-01-13T15:16:26","guid":{"rendered":"https:\/\/aivlisoft.com\/?post_type=product&#038;p=17853"},"modified":"2025-01-14T11:35:46","modified_gmt":"2025-01-14T11:35:46","slug":"ubiquiti-inyector-poe-24-7w-g-wh-24v-03a-gb","status":"publish","type":"product","link":"https:\/\/aivlisoft.net\/shop\/producto\/ubiquiti-inyector-poe-24-7w-g-wh-24v-03a-gb\/","title":{"rendered":"Ubiquiti Inyector POE-24-7W-G-WH 24V 0,3A Gb"},"content":{"rendered":"<p><\/p>\n<table class=\"tabla_caracteristicas\" width=\"100%\">\n<tr>\n<td><strong>Marca<\/strong><\/td>\n<td>Ubiquiti<\/td>\n<\/tr>\n<tr>\n<td><strong>Modelo<\/strong><\/td>\n<td><strong>POE-24-7W<\/strong><\/td>\n<\/tr>\n<tr>\n<td><strong>Caracter&iacute;sticas<\/strong><\/td>\n<td>&#8211; Dimensiones: 72 x 45 x 33 mm<br \/>\t\t\t&#8211; Peso: 72,1 g (2,54 oz)<br \/>\t\t\t&#8211; Voltaje de salida: 24VDC @ 0.3A<br \/>\t\t\t&#8211; Puerto LAN Gigabit<br \/>\t\t\t&#8211; Capacidad de reinicio remoto<br \/>\t\t\t&#8211; Bot&oacute;n de reinicio<br \/>\t\t\t&#8211; Voltaje de entrada: 100-240AC @ 50 \/ 60Hz<br \/>\t\t\t&#8211; Corriente de entrada: 0.3A @ 120VAC, 0.2A @ 240VAC<br \/>\t\t\t&#8211; Corriente de irrupci&oacute;n: &lt;40 A pico a 120 VCA,<br \/>\t\t\t&nbsp; &lt;70 A pico a 230 VCA<br \/>\t\t\t&#8211; Eficiencia: 80 +%<br \/>\t\t\t&#8211; Ondulaci&oacute;n de salida: 1% m&aacute;x.<br \/>\t\t\t&#8211; Frecuencia de conmutaci&oacute;n: 65 kHz<br \/>\t\t\t&#8211; Regulaci&oacute;n de l&iacute;nea: &plusmn; 1%<br \/>\t\t\t&#8211; Regulaci&oacute;n de carga: &plusmn; 3%<br \/>\t\t\t&#8211; Alimentaci&oacute;n de 2 pares: pines 4, 5 (+) y pines 7, 8 (-)<br \/>\t\t\t&#8211; Temperatura de funcionamiento: 0 a 40 &deg; C (32 a 104 &deg; F)<br \/>\t\t\t&#8211; Temperatura de almacenamiento: -30 a 70 &deg; C (-22 a 158 &deg; F)<br \/>\t\t\t&#8211; Humedad de funcionamiento: 35 a 95% sin condensaci&oacute;n<br \/>\t\t\t&#8211; Conector de CA: IEC-320 C6<br \/>\t\t\t&#8211; Entrada de datos \/ POE: enchufe blindado RJ45<br \/>\t\t\t&#8211; Protecci&oacute;n contra sobretensiones: diferencia y modo com&uacute;n<br \/>\t\t\t&#8211; Protecci&oacute;n de sujeci&oacute;n: datos de 11 V, potencia de 60 V<br \/>\t\t\t&#8211; M&aacute;x. Descarga de sobretensi&oacute;n: 1500 A (8\/20 &micro;s) Potencia 1<br \/>\t\t\t&#8211; Corriente de pulso m&aacute;xima: 36 A (10\/1000 &micro;s) Datos<br \/>\t\t\t&#8211; Capacitancia de derivaci&oacute;n: &lt;5 pf de datos<br \/>\t\t\t&#8211; Tiempo de respuesta: &lt;1 ns<br \/>\t\t\t&#8211; Cumplimiento: IEC 60950-1: 2005 + A1 UL60950-1 EN55022: 2010, EN55024: 2010 FCC Clase B<br \/>\t\t\t&#8211; Cable de CA con conexi&oacute;n a tierra: UE, AR, BR, UL \/ cUL, CCC, M&eacute;xico, RCM<\/td>\n<\/tr>\n<tr>\n<td><strong>Fecha de revisi&oacute;n<\/strong><\/td>\n<td>16-12-2021 por MSB<\/td>\n<\/tr>\n<\/table>\n","protected":false},"excerpt":{"rendered":"<p>Marca Ubiquiti Modelo POE-24-7W Caracter&iacute;sticas &#8211; Dimensiones: 72 x 45 x 33 mm &#8211; Peso: 72,1 g (2,54 oz) &#8211; Voltaje de salida: 24VDC @ 0.3A &#8211; Puerto LAN Gigabit &#8211; Capacidad de reinicio remoto &#8211; Bot&oacute;n de reinicio &#8211; Voltaje de entrada: 100-240AC @ 50 \/ 60Hz &#8211; Corriente de entrada: 0.3A @ 120VAC,&hellip;&nbsp;<a href=\"https:\/\/aivlisoft.net\/shop\/producto\/ubiquiti-inyector-poe-24-7w-g-wh-24v-03a-gb\/\" rel=\"bookmark\"><span class=\"screen-reader-text\">Ubiquiti Inyector POE-24-7W-G-WH 24V 0,3A Gb<\/span><\/a><\/p>\n","protected":false},"featured_media":17854,"template":"","meta":{"neve_meta_sidebar":"","neve_meta_container":"","neve_meta_enable_content_width":"","neve_meta_content_width":0,"neve_meta_title_alignment":"","neve_meta_author_avatar":"","neve_post_elements_order":"","neve_meta_disable_header":"","neve_meta_disable_footer":"","neve_meta_disable_title":""},"product_brand":[],"product_cat":[8763],"product_tag":[6555],"class_list":{"0":"post-17853","1":"product","2":"type-product","3":"status-publish","4":"has-post-thumbnail","6":"product_cat-red-cableada","7":"product_tag-poe-24-7w","9":"first","10":"instock","11":"taxable","12":"shipping-taxable","13":"purchasable","14":"product-type-simple"},"yoast_head":"<!-- This site is optimized with the Yoast SEO plugin v26.0 - https:\/\/yoast.com\/wordpress\/plugins\/seo\/ -->\n<title>Ubiquiti Inyector POE-24-7W-G-WH 24V 0,3A Gb - Aivlisoft Inform\u00e1tica<\/title>\n<meta name=\"robots\" content=\"index, follow, max-snippet:-1, max-image-preview:large, max-video-preview:-1\" \/>\n<link rel=\"canonical\" href=\"https:\/\/aivlisoft.net\/shop\/producto\/ubiquiti-inyector-poe-24-7w-g-wh-24v-03a-gb\/\" \/>\n<meta property=\"og:locale\" content=\"es_ES\" \/>\n<meta property=\"og:type\" content=\"article\" \/>\n<meta property=\"og:title\" content=\"Ubiquiti Inyector POE-24-7W-G-WH 24V 0,3A Gb - Aivlisoft Inform\u00e1tica\" \/>\n<meta property=\"og:description\" content=\"Marca Ubiquiti Modelo POE-24-7W Caracter&iacute;sticas &#8211; Dimensiones: 72 x 45 x 33 mm &#8211; Peso: 72,1 g (2,54 oz) &#8211; Voltaje de salida: 24VDC @ 0.3A &#8211; Puerto LAN Gigabit &#8211; Capacidad de reinicio remoto &#8211; Bot&oacute;n de reinicio &#8211; Voltaje de entrada: 100-240AC @ 50 \/ 60Hz &#8211; Corriente de entrada: 0.3A @ 120VAC,&hellip;&nbsp;Ubiquiti Inyector POE-24-7W-G-WH 24V 0,3A Gb\" \/>\n<meta property=\"og:url\" content=\"https:\/\/aivlisoft.net\/shop\/producto\/ubiquiti-inyector-poe-24-7w-g-wh-24v-03a-gb\/\" \/>\n<meta property=\"og:site_name\" content=\"Aivlisoft Inform\u00e1tica\" \/>\n<meta property=\"article:modified_time\" content=\"2025-01-14T11:35:46+00:00\" \/>\n<meta property=\"og:image\" content=\"https:\/\/aivlisoft.net\/shop\/wp-content\/uploads\/2025\/01\/NADACA0207_800.jpg\" \/>\n\t<meta property=\"og:image:width\" content=\"800\" \/>\n\t<meta property=\"og:image:height\" content=\"800\" \/>\n\t<meta property=\"og:image:type\" content=\"image\/jpeg\" \/>\n<meta name=\"twitter:card\" content=\"summary_large_image\" \/>\n<meta name=\"twitter:label1\" content=\"Tiempo de lectura\" \/>\n\t<meta name=\"twitter:data1\" content=\"1 minuto\" \/>\n<script type=\"application\/ld+json\" class=\"yoast-schema-graph\">{\"@context\":\"https:\/\/schema.org\",\"@graph\":[{\"@type\":\"WebPage\",\"@id\":\"https:\/\/aivlisoft.net\/shop\/producto\/ubiquiti-inyector-poe-24-7w-g-wh-24v-03a-gb\/\",\"url\":\"https:\/\/aivlisoft.net\/shop\/producto\/ubiquiti-inyector-poe-24-7w-g-wh-24v-03a-gb\/\",\"name\":\"Ubiquiti Inyector POE-24-7W-G-WH 24V 0,3A Gb - Aivlisoft Inform\u00e1tica\",\"isPartOf\":{\"@id\":\"https:\/\/aivlisoft.net\/shop\/#website\"},\"primaryImageOfPage\":{\"@id\":\"https:\/\/aivlisoft.net\/shop\/producto\/ubiquiti-inyector-poe-24-7w-g-wh-24v-03a-gb\/#primaryimage\"},\"image\":{\"@id\":\"https:\/\/aivlisoft.net\/shop\/producto\/ubiquiti-inyector-poe-24-7w-g-wh-24v-03a-gb\/#primaryimage\"},\"thumbnailUrl\":\"https:\/\/aivlisoft.net\/shop\/wp-content\/uploads\/2025\/01\/NADACA0207_800.jpg\",\"datePublished\":\"2025-01-13T15:16:26+00:00\",\"dateModified\":\"2025-01-14T11:35:46+00:00\",\"breadcrumb\":{\"@id\":\"https:\/\/aivlisoft.net\/shop\/producto\/ubiquiti-inyector-poe-24-7w-g-wh-24v-03a-gb\/#breadcrumb\"},\"inLanguage\":\"es\",\"potentialAction\":[{\"@type\":\"ReadAction\",\"target\":[\"https:\/\/aivlisoft.net\/shop\/producto\/ubiquiti-inyector-poe-24-7w-g-wh-24v-03a-gb\/\"]}]},{\"@type\":\"ImageObject\",\"inLanguage\":\"es\",\"@id\":\"https:\/\/aivlisoft.net\/shop\/producto\/ubiquiti-inyector-poe-24-7w-g-wh-24v-03a-gb\/#primaryimage\",\"url\":\"https:\/\/aivlisoft.net\/shop\/wp-content\/uploads\/2025\/01\/NADACA0207_800.jpg\",\"contentUrl\":\"https:\/\/aivlisoft.net\/shop\/wp-content\/uploads\/2025\/01\/NADACA0207_800.jpg\",\"width\":800,\"height\":800},{\"@type\":\"BreadcrumbList\",\"@id\":\"https:\/\/aivlisoft.net\/shop\/producto\/ubiquiti-inyector-poe-24-7w-g-wh-24v-03a-gb\/#breadcrumb\",\"itemListElement\":[{\"@type\":\"ListItem\",\"position\":1,\"name\":\"Portada\",\"item\":\"https:\/\/aivlisoft.net\/shop\/\"},{\"@type\":\"ListItem\",\"position\":2,\"name\":\"Tienda\",\"item\":\"https:\/\/aivlisoft.net\/shop\/tienda\/\"},{\"@type\":\"ListItem\",\"position\":3,\"name\":\"Ubiquiti Inyector POE-24-7W-G-WH 24V 0,3A Gb\"}]},{\"@type\":\"WebSite\",\"@id\":\"https:\/\/aivlisoft.net\/shop\/#website\",\"url\":\"https:\/\/aivlisoft.net\/shop\/\",\"name\":\"Aivlisoft Inform\u00e1tica\",\"description\":\"En Aivlisoft Inform\u00e1tica ofrecemos soluciones tecnol\u00f3gicas para empresas: venta de ordenadores, consumibles, perif\u00e9ricos y m\u00e1s. Calidad, atenci\u00f3n personalizada y los mejores precios para tu negocio.\",\"publisher\":{\"@id\":\"https:\/\/aivlisoft.net\/shop\/#organization\"},\"potentialAction\":[{\"@type\":\"SearchAction\",\"target\":{\"@type\":\"EntryPoint\",\"urlTemplate\":\"https:\/\/aivlisoft.net\/shop\/?s={search_term_string}\"},\"query-input\":{\"@type\":\"PropertyValueSpecification\",\"valueRequired\":true,\"valueName\":\"search_term_string\"}}],\"inLanguage\":\"es\"},{\"@type\":\"Organization\",\"@id\":\"https:\/\/aivlisoft.net\/shop\/#organization\",\"name\":\"Aivlisoft Inform\u00e1tica\",\"url\":\"https:\/\/aivlisoft.net\/shop\/\",\"logo\":{\"@type\":\"ImageObject\",\"inLanguage\":\"es\",\"@id\":\"https:\/\/aivlisoft.net\/shop\/#\/schema\/logo\/image\/\",\"url\":\"https:\/\/aivlisoft.net\/shop\/wp-content\/uploads\/2024\/12\/removal.ai_5b848c54-0cdf-4140-95c5-c5536bb7573b-logodef.png\",\"contentUrl\":\"https:\/\/aivlisoft.net\/shop\/wp-content\/uploads\/2024\/12\/removal.ai_5b848c54-0cdf-4140-95c5-c5536bb7573b-logodef.png\",\"width\":484,\"height\":182,\"caption\":\"Aivlisoft Inform\u00e1tica\"},\"image\":{\"@id\":\"https:\/\/aivlisoft.net\/shop\/#\/schema\/logo\/image\/\"}}]}<\/script>\n<!-- \/ Yoast SEO plugin. -->","yoast_head_json":{"title":"Ubiquiti Inyector POE-24-7W-G-WH 24V 0,3A Gb - Aivlisoft Inform\u00e1tica","robots":{"index":"index","follow":"follow","max-snippet":"max-snippet:-1","max-image-preview":"max-image-preview:large","max-video-preview":"max-video-preview:-1"},"canonical":"https:\/\/aivlisoft.net\/shop\/producto\/ubiquiti-inyector-poe-24-7w-g-wh-24v-03a-gb\/","og_locale":"es_ES","og_type":"article","og_title":"Ubiquiti Inyector POE-24-7W-G-WH 24V 0,3A Gb - Aivlisoft Inform\u00e1tica","og_description":"Marca Ubiquiti Modelo POE-24-7W Caracter&iacute;sticas &#8211; Dimensiones: 72 x 45 x 33 mm &#8211; Peso: 72,1 g (2,54 oz) &#8211; Voltaje de salida: 24VDC @ 0.3A &#8211; Puerto LAN Gigabit &#8211; Capacidad de reinicio remoto &#8211; Bot&oacute;n de reinicio &#8211; Voltaje de entrada: 100-240AC @ 50 \/ 60Hz &#8211; Corriente de entrada: 0.3A @ 120VAC,&hellip;&nbsp;Ubiquiti Inyector POE-24-7W-G-WH 24V 0,3A Gb","og_url":"https:\/\/aivlisoft.net\/shop\/producto\/ubiquiti-inyector-poe-24-7w-g-wh-24v-03a-gb\/","og_site_name":"Aivlisoft Inform\u00e1tica","article_modified_time":"2025-01-14T11:35:46+00:00","og_image":[{"width":800,"height":800,"url":"https:\/\/aivlisoft.net\/shop\/wp-content\/uploads\/2025\/01\/NADACA0207_800.jpg","type":"image\/jpeg"}],"twitter_card":"summary_large_image","twitter_misc":{"Tiempo de lectura":"1 minuto"},"schema":{"@context":"https:\/\/schema.org","@graph":[{"@type":"WebPage","@id":"https:\/\/aivlisoft.net\/shop\/producto\/ubiquiti-inyector-poe-24-7w-g-wh-24v-03a-gb\/","url":"https:\/\/aivlisoft.net\/shop\/producto\/ubiquiti-inyector-poe-24-7w-g-wh-24v-03a-gb\/","name":"Ubiquiti Inyector POE-24-7W-G-WH 24V 0,3A Gb - Aivlisoft Inform\u00e1tica","isPartOf":{"@id":"https:\/\/aivlisoft.net\/shop\/#website"},"primaryImageOfPage":{"@id":"https:\/\/aivlisoft.net\/shop\/producto\/ubiquiti-inyector-poe-24-7w-g-wh-24v-03a-gb\/#primaryimage"},"image":{"@id":"https:\/\/aivlisoft.net\/shop\/producto\/ubiquiti-inyector-poe-24-7w-g-wh-24v-03a-gb\/#primaryimage"},"thumbnailUrl":"https:\/\/aivlisoft.net\/shop\/wp-content\/uploads\/2025\/01\/NADACA0207_800.jpg","datePublished":"2025-01-13T15:16:26+00:00","dateModified":"2025-01-14T11:35:46+00:00","breadcrumb":{"@id":"https:\/\/aivlisoft.net\/shop\/producto\/ubiquiti-inyector-poe-24-7w-g-wh-24v-03a-gb\/#breadcrumb"},"inLanguage":"es","potentialAction":[{"@type":"ReadAction","target":["https:\/\/aivlisoft.net\/shop\/producto\/ubiquiti-inyector-poe-24-7w-g-wh-24v-03a-gb\/"]}]},{"@type":"ImageObject","inLanguage":"es","@id":"https:\/\/aivlisoft.net\/shop\/producto\/ubiquiti-inyector-poe-24-7w-g-wh-24v-03a-gb\/#primaryimage","url":"https:\/\/aivlisoft.net\/shop\/wp-content\/uploads\/2025\/01\/NADACA0207_800.jpg","contentUrl":"https:\/\/aivlisoft.net\/shop\/wp-content\/uploads\/2025\/01\/NADACA0207_800.jpg","width":800,"height":800},{"@type":"BreadcrumbList","@id":"https:\/\/aivlisoft.net\/shop\/producto\/ubiquiti-inyector-poe-24-7w-g-wh-24v-03a-gb\/#breadcrumb","itemListElement":[{"@type":"ListItem","position":1,"name":"Portada","item":"https:\/\/aivlisoft.net\/shop\/"},{"@type":"ListItem","position":2,"name":"Tienda","item":"https:\/\/aivlisoft.net\/shop\/tienda\/"},{"@type":"ListItem","position":3,"name":"Ubiquiti Inyector POE-24-7W-G-WH 24V 0,3A Gb"}]},{"@type":"WebSite","@id":"https:\/\/aivlisoft.net\/shop\/#website","url":"https:\/\/aivlisoft.net\/shop\/","name":"Aivlisoft Inform\u00e1tica","description":"En Aivlisoft Inform\u00e1tica ofrecemos soluciones tecnol\u00f3gicas para empresas: venta de ordenadores, consumibles, perif\u00e9ricos y m\u00e1s. Calidad, atenci\u00f3n personalizada y los mejores precios para tu negocio.","publisher":{"@id":"https:\/\/aivlisoft.net\/shop\/#organization"},"potentialAction":[{"@type":"SearchAction","target":{"@type":"EntryPoint","urlTemplate":"https:\/\/aivlisoft.net\/shop\/?s={search_term_string}"},"query-input":{"@type":"PropertyValueSpecification","valueRequired":true,"valueName":"search_term_string"}}],"inLanguage":"es"},{"@type":"Organization","@id":"https:\/\/aivlisoft.net\/shop\/#organization","name":"Aivlisoft Inform\u00e1tica","url":"https:\/\/aivlisoft.net\/shop\/","logo":{"@type":"ImageObject","inLanguage":"es","@id":"https:\/\/aivlisoft.net\/shop\/#\/schema\/logo\/image\/","url":"https:\/\/aivlisoft.net\/shop\/wp-content\/uploads\/2024\/12\/removal.ai_5b848c54-0cdf-4140-95c5-c5536bb7573b-logodef.png","contentUrl":"https:\/\/aivlisoft.net\/shop\/wp-content\/uploads\/2024\/12\/removal.ai_5b848c54-0cdf-4140-95c5-c5536bb7573b-logodef.png","width":484,"height":182,"caption":"Aivlisoft Inform\u00e1tica"},"image":{"@id":"https:\/\/aivlisoft.net\/shop\/#\/schema\/logo\/image\/"}}]}},"_links":{"self":[{"href":"https:\/\/aivlisoft.net\/shop\/wp-json\/wp\/v2\/product\/17853","targetHints":{"allow":["GET"]}}],"collection":[{"href":"https:\/\/aivlisoft.net\/shop\/wp-json\/wp\/v2\/product"}],"about":[{"href":"https:\/\/aivlisoft.net\/shop\/wp-json\/wp\/v2\/types\/product"}],"wp:featuredmedia":[{"embeddable":true,"href":"https:\/\/aivlisoft.net\/shop\/wp-json\/wp\/v2\/media\/17854"}],"wp:attachment":[{"href":"https:\/\/aivlisoft.net\/shop\/wp-json\/wp\/v2\/media?parent=17853"}],"wp:term":[{"taxonomy":"product_brand","embeddable":true,"href":"https:\/\/aivlisoft.net\/shop\/wp-json\/wp\/v2\/product_brand?post=17853"},{"taxonomy":"product_cat","embeddable":true,"href":"https:\/\/aivlisoft.net\/shop\/wp-json\/wp\/v2\/product_cat?post=17853"},{"taxonomy":"product_tag","embeddable":true,"href":"https:\/\/aivlisoft.net\/shop\/wp-json\/wp\/v2\/product_tag?post=17853"}],"curies":[{"name":"wp","href":"https:\/\/api.w.org\/{rel}","templated":true}]}}