{"id":17843,"date":"2025-01-13T15:16:21","date_gmt":"2025-01-13T15:16:21","guid":{"rendered":"https:\/\/aivlisoft.com\/?post_type=product&#038;p=17843"},"modified":"2025-01-14T11:35:44","modified_gmt":"2025-01-14T11:35:44","slug":"edimax-en-9320tx-e-v2-tarjeta-red-10gb-pci-e-lp","status":"publish","type":"product","link":"https:\/\/aivlisoft.net\/shop\/producto\/edimax-en-9320tx-e-v2-tarjeta-red-10gb-pci-e-lp\/","title":{"rendered":"Edimax EN-9320TX-E V2 Tarjeta Red 10GB PCI-E LP"},"content":{"rendered":"<p>&#8211; Admite la interfaz de bus de host PCI Express 2.0 \/ 3.0 x16<br \/>&#8211; Rendimiento de 10 Gigabit con cable UTP de 100 metros<br \/>&#8211; Compatible con versiones anteriores de la red 1000Bast-T, 100Base-TX<br \/>&#8211; Fotogramas jumbo de 16K<br \/>&#8211; Descarga de suma de comprobaci&oacute;n IP, TCP, UDP<br \/>&#8211; Utilizaci&oacute;n de CPU reducida y mejorada mediante<br \/>&#8211; Admite etiquetado de ID de VLAN IEEE 802.1Q y QoS IEEE 802.1q<br \/>&#8211; Soporte de perfil bajo incluido<\/p>\n<table width=\"100%\">\n<tr>\n<td><strong>Marca<\/strong><\/td>\n<td>Edimax Pro<\/td>\n<\/tr>\n<tr>\n<td><strong>Modelo<\/strong><\/td>\n<td><strong>EN-9320TX-E V2<\/strong><\/td>\n<\/tr>\n<tr>\n<td><strong>Caracteristicas<\/strong><\/td>\n<td><strong>Hardware<\/strong><br \/>\t\t\t&#8211; Indicador LED: VELOCIDAD, LNK \/ ACT<br \/>\t\t\t&#8211; Consumo de energ&iacute;a: 4.05W<br \/>\t\t\t&#8211; Dimensiones y peso: 86,95 (ancho) x 67,9 (profundidad) x 1,6 (alto) mm, 78,4 g<br \/>\t\t\t<strong>Interfaz&nbsp;&nbsp; &nbsp;<\/strong><br \/>\t\t\t&#8211; Interfaz de bus de host PCI Express 2.0 \/ 3.0 x16<br \/>\t\t\t&#8211; Puerto LAN RJ-45 10G, 5G, 2.5G, 1G y 100Mbps<br \/>\t\t\t<b>Rendimiento&nbsp;<\/b><br \/>\t\t\t&#8211; Marco Jumbo: 16K bytes<br \/>\t\t\t&#8211; Velocidad m&aacute;xima de datos: 10 Gbps, 5 Gbps, 2,5 Gbps, 1 Gbps o 100 Mbps<br \/>\t\t\t&#8211; Modo d&uacute;plex completo: hasta 20 Gbps, 10 Gbps, 5 Gbps, 2 Gbps o 200 Mbps<br \/>\t\t\t&#8211; Control de flujo 802.3x para la gesti&oacute;n del tr&aacute;fico<br \/>\t\t\t&#8211; Descarga de suma de comprobaci&oacute;n de IPv4, IPv6 \/ TCP e IPv6 \/ UDP<br \/>\t\t\t&#8211; IPv4 \/ v6 IP, TCP, UDP segmentaci&oacute;n Descarga de tareas<br \/>\t\t\t&#8211; Descarga de protocolo (ARP y NS)<br \/>\t\t\t&#8211; Gesti&oacute;n de energ&iacute;a Wake-on-LAN (WoL)<br \/>\t\t\t&#8211; Calidad de servicio (QoS)<br \/>\t\t\t<strong>Red y SO<\/strong><br \/>\t\t\t&#8211; IEEE 802.3an: 10GBase-T 10 Gigabit Ethernet<br \/>\t\t\t&#8211; IEEE 802.3ab 1000Base-T Gigabit Ethernet<br \/>\t\t\t&#8211; IEEE 802.3u 100Base-TX Fast Ethernet<br \/>\t\t\t&#8211; IEEE 802.3bz NBASE-T<br \/>\t\t\t&#8211; Ethernet de bajo consumo energ&eacute;tico IEEE 802.3az<br \/>\t\t\t&#8211; Cola de prioridad IEEE 802.1p<br \/>\t\t\t&#8211; IEEE 802.3x: control de flujo y contrapresi&oacute;n<br \/>\t\t\t&#8211; Compatibilidad con VLAN etiquetada IEEE 802.1Q<br \/>\t\t\t&#8211; IEEE 802.1Qav, AVB (puente de audio y video)<br \/>\t\t\t&#8211; IEEE 1588 v2 PTP (Protocolo de tiempo de precisi&oacute;n)<br \/>\t\t\t<strong>Compatibilidad con SO&nbsp;&nbsp; &nbsp;<\/strong><br \/>\t\t\t&#8211; Windows 7\/8 \/ 8.1 \/ 10 (32\/64 bits)<br \/>\t\t\t&#8211; Kernel de Linux 4.4, 4.8, 4.9<br \/>\t\t\t<strong>Contenido del paquete&nbsp;&nbsp; &nbsp;<\/strong><br \/>\t\t\t&#8211; Adaptador de servidor PCI Express de 10 Gigabit Ethernet<br \/>\t\t\t&#8211; Soporte de perfil bajo<br \/>\t\t\t&#8211; Gu&iacute;a de Instalaci&oacute;n R&aacute;pida<\/td>\n<\/tr>\n<tr>\n<td><strong>Fecha Revisi&oacute;n<\/strong><\/td>\n<td>06-08-2021 por YMC<\/td>\n<\/tr>\n<\/table>\n","protected":false},"excerpt":{"rendered":"<p>&#8211; Admite la interfaz de bus de host PCI Express 2.0 \/ 3.0 x16&#8211; Rendimiento de 10 Gigabit con cable UTP de 100 metros&#8211; Compatible con versiones anteriores de la red 1000Bast-T, 100Base-TX&#8211; Fotogramas jumbo de 16K&#8211; Descarga de suma de comprobaci&oacute;n IP, TCP, UDP&#8211; Utilizaci&oacute;n de CPU reducida y mejorada mediante&#8211; Admite etiquetado de&hellip;&nbsp;<a href=\"https:\/\/aivlisoft.net\/shop\/producto\/edimax-en-9320tx-e-v2-tarjeta-red-10gb-pci-e-lp\/\" rel=\"bookmark\"><span class=\"screen-reader-text\">Edimax EN-9320TX-E V2 Tarjeta Red 10GB PCI-E LP<\/span><\/a><\/p>\n","protected":false},"featured_media":17844,"template":"","meta":{"neve_meta_sidebar":"","neve_meta_container":"","neve_meta_enable_content_width":"","neve_meta_content_width":0,"neve_meta_title_alignment":"","neve_meta_author_avatar":"","neve_post_elements_order":"","neve_meta_disable_header":"","neve_meta_disable_footer":"","neve_meta_disable_title":""},"product_brand":[],"product_cat":[8763],"product_tag":[6552],"class_list":{"0":"post-17843","1":"product","2":"type-product","3":"status-publish","4":"has-post-thumbnail","6":"product_cat-red-cableada","7":"product_tag-en-9320tx-e-v2","9":"first","10":"instock","11":"taxable","12":"shipping-taxable","13":"purchasable","14":"product-type-simple"},"yoast_head":"<!-- This site is optimized with the Yoast SEO plugin v26.0 - https:\/\/yoast.com\/wordpress\/plugins\/seo\/ -->\n<title>Edimax EN-9320TX-E V2 Tarjeta Red 10GB PCI-E LP - Aivlisoft Inform\u00e1tica<\/title>\n<meta name=\"robots\" content=\"index, follow, max-snippet:-1, max-image-preview:large, max-video-preview:-1\" \/>\n<link rel=\"canonical\" href=\"https:\/\/aivlisoft.net\/shop\/producto\/edimax-en-9320tx-e-v2-tarjeta-red-10gb-pci-e-lp\/\" \/>\n<meta property=\"og:locale\" content=\"es_ES\" \/>\n<meta property=\"og:type\" content=\"article\" \/>\n<meta property=\"og:title\" content=\"Edimax EN-9320TX-E V2 Tarjeta Red 10GB PCI-E LP - Aivlisoft Inform\u00e1tica\" \/>\n<meta property=\"og:description\" content=\"&#8211; Admite la interfaz de bus de host PCI Express 2.0 \/ 3.0 x16&#8211; Rendimiento de 10 Gigabit con cable UTP de 100 metros&#8211; Compatible con versiones anteriores de la red 1000Bast-T, 100Base-TX&#8211; Fotogramas jumbo de 16K&#8211; Descarga de suma de comprobaci&oacute;n IP, TCP, UDP&#8211; Utilizaci&oacute;n de CPU reducida y mejorada mediante&#8211; Admite etiquetado de&hellip;&nbsp;Edimax EN-9320TX-E V2 Tarjeta Red 10GB PCI-E LP\" \/>\n<meta property=\"og:url\" content=\"https:\/\/aivlisoft.net\/shop\/producto\/edimax-en-9320tx-e-v2-tarjeta-red-10gb-pci-e-lp\/\" \/>\n<meta property=\"og:site_name\" content=\"Aivlisoft Inform\u00e1tica\" \/>\n<meta property=\"article:modified_time\" content=\"2025-01-14T11:35:44+00:00\" \/>\n<meta property=\"og:image\" content=\"https:\/\/aivlisoft.net\/shop\/wp-content\/uploads\/2025\/01\/NADACA0204_800.jpg\" \/>\n\t<meta property=\"og:image:width\" content=\"800\" \/>\n\t<meta property=\"og:image:height\" content=\"800\" \/>\n\t<meta property=\"og:image:type\" content=\"image\/jpeg\" \/>\n<meta name=\"twitter:card\" content=\"summary_large_image\" \/>\n<meta name=\"twitter:label1\" content=\"Tiempo de lectura\" \/>\n\t<meta name=\"twitter:data1\" content=\"2 minutos\" \/>\n<script type=\"application\/ld+json\" class=\"yoast-schema-graph\">{\"@context\":\"https:\/\/schema.org\",\"@graph\":[{\"@type\":\"WebPage\",\"@id\":\"https:\/\/aivlisoft.net\/shop\/producto\/edimax-en-9320tx-e-v2-tarjeta-red-10gb-pci-e-lp\/\",\"url\":\"https:\/\/aivlisoft.net\/shop\/producto\/edimax-en-9320tx-e-v2-tarjeta-red-10gb-pci-e-lp\/\",\"name\":\"Edimax EN-9320TX-E V2 Tarjeta Red 10GB PCI-E LP - Aivlisoft Inform\u00e1tica\",\"isPartOf\":{\"@id\":\"https:\/\/aivlisoft.net\/shop\/#website\"},\"primaryImageOfPage\":{\"@id\":\"https:\/\/aivlisoft.net\/shop\/producto\/edimax-en-9320tx-e-v2-tarjeta-red-10gb-pci-e-lp\/#primaryimage\"},\"image\":{\"@id\":\"https:\/\/aivlisoft.net\/shop\/producto\/edimax-en-9320tx-e-v2-tarjeta-red-10gb-pci-e-lp\/#primaryimage\"},\"thumbnailUrl\":\"https:\/\/aivlisoft.net\/shop\/wp-content\/uploads\/2025\/01\/NADACA0204_800.jpg\",\"datePublished\":\"2025-01-13T15:16:21+00:00\",\"dateModified\":\"2025-01-14T11:35:44+00:00\",\"breadcrumb\":{\"@id\":\"https:\/\/aivlisoft.net\/shop\/producto\/edimax-en-9320tx-e-v2-tarjeta-red-10gb-pci-e-lp\/#breadcrumb\"},\"inLanguage\":\"es\",\"potentialAction\":[{\"@type\":\"ReadAction\",\"target\":[\"https:\/\/aivlisoft.net\/shop\/producto\/edimax-en-9320tx-e-v2-tarjeta-red-10gb-pci-e-lp\/\"]}]},{\"@type\":\"ImageObject\",\"inLanguage\":\"es\",\"@id\":\"https:\/\/aivlisoft.net\/shop\/producto\/edimax-en-9320tx-e-v2-tarjeta-red-10gb-pci-e-lp\/#primaryimage\",\"url\":\"https:\/\/aivlisoft.net\/shop\/wp-content\/uploads\/2025\/01\/NADACA0204_800.jpg\",\"contentUrl\":\"https:\/\/aivlisoft.net\/shop\/wp-content\/uploads\/2025\/01\/NADACA0204_800.jpg\",\"width\":800,\"height\":800},{\"@type\":\"BreadcrumbList\",\"@id\":\"https:\/\/aivlisoft.net\/shop\/producto\/edimax-en-9320tx-e-v2-tarjeta-red-10gb-pci-e-lp\/#breadcrumb\",\"itemListElement\":[{\"@type\":\"ListItem\",\"position\":1,\"name\":\"Portada\",\"item\":\"https:\/\/aivlisoft.net\/shop\/\"},{\"@type\":\"ListItem\",\"position\":2,\"name\":\"Tienda\",\"item\":\"https:\/\/aivlisoft.net\/shop\/tienda\/\"},{\"@type\":\"ListItem\",\"position\":3,\"name\":\"Edimax EN-9320TX-E V2 Tarjeta Red 10GB PCI-E LP\"}]},{\"@type\":\"WebSite\",\"@id\":\"https:\/\/aivlisoft.net\/shop\/#website\",\"url\":\"https:\/\/aivlisoft.net\/shop\/\",\"name\":\"Aivlisoft Inform\u00e1tica\",\"description\":\"En Aivlisoft Inform\u00e1tica ofrecemos soluciones tecnol\u00f3gicas para empresas: venta de ordenadores, consumibles, perif\u00e9ricos y m\u00e1s. Calidad, atenci\u00f3n personalizada y los mejores precios para tu negocio.\",\"publisher\":{\"@id\":\"https:\/\/aivlisoft.net\/shop\/#organization\"},\"potentialAction\":[{\"@type\":\"SearchAction\",\"target\":{\"@type\":\"EntryPoint\",\"urlTemplate\":\"https:\/\/aivlisoft.net\/shop\/?s={search_term_string}\"},\"query-input\":{\"@type\":\"PropertyValueSpecification\",\"valueRequired\":true,\"valueName\":\"search_term_string\"}}],\"inLanguage\":\"es\"},{\"@type\":\"Organization\",\"@id\":\"https:\/\/aivlisoft.net\/shop\/#organization\",\"name\":\"Aivlisoft Inform\u00e1tica\",\"url\":\"https:\/\/aivlisoft.net\/shop\/\",\"logo\":{\"@type\":\"ImageObject\",\"inLanguage\":\"es\",\"@id\":\"https:\/\/aivlisoft.net\/shop\/#\/schema\/logo\/image\/\",\"url\":\"https:\/\/aivlisoft.net\/shop\/wp-content\/uploads\/2024\/12\/removal.ai_5b848c54-0cdf-4140-95c5-c5536bb7573b-logodef.png\",\"contentUrl\":\"https:\/\/aivlisoft.net\/shop\/wp-content\/uploads\/2024\/12\/removal.ai_5b848c54-0cdf-4140-95c5-c5536bb7573b-logodef.png\",\"width\":484,\"height\":182,\"caption\":\"Aivlisoft Inform\u00e1tica\"},\"image\":{\"@id\":\"https:\/\/aivlisoft.net\/shop\/#\/schema\/logo\/image\/\"}}]}<\/script>\n<!-- \/ Yoast SEO plugin. -->","yoast_head_json":{"title":"Edimax EN-9320TX-E V2 Tarjeta Red 10GB PCI-E LP - Aivlisoft Inform\u00e1tica","robots":{"index":"index","follow":"follow","max-snippet":"max-snippet:-1","max-image-preview":"max-image-preview:large","max-video-preview":"max-video-preview:-1"},"canonical":"https:\/\/aivlisoft.net\/shop\/producto\/edimax-en-9320tx-e-v2-tarjeta-red-10gb-pci-e-lp\/","og_locale":"es_ES","og_type":"article","og_title":"Edimax EN-9320TX-E V2 Tarjeta Red 10GB PCI-E LP - Aivlisoft Inform\u00e1tica","og_description":"&#8211; Admite la interfaz de bus de host PCI Express 2.0 \/ 3.0 x16&#8211; Rendimiento de 10 Gigabit con cable UTP de 100 metros&#8211; Compatible con versiones anteriores de la red 1000Bast-T, 100Base-TX&#8211; Fotogramas jumbo de 16K&#8211; Descarga de suma de comprobaci&oacute;n IP, TCP, UDP&#8211; Utilizaci&oacute;n de CPU reducida y mejorada mediante&#8211; Admite etiquetado de&hellip;&nbsp;Edimax EN-9320TX-E V2 Tarjeta Red 10GB PCI-E LP","og_url":"https:\/\/aivlisoft.net\/shop\/producto\/edimax-en-9320tx-e-v2-tarjeta-red-10gb-pci-e-lp\/","og_site_name":"Aivlisoft Inform\u00e1tica","article_modified_time":"2025-01-14T11:35:44+00:00","og_image":[{"width":800,"height":800,"url":"https:\/\/aivlisoft.net\/shop\/wp-content\/uploads\/2025\/01\/NADACA0204_800.jpg","type":"image\/jpeg"}],"twitter_card":"summary_large_image","twitter_misc":{"Tiempo de lectura":"2 minutos"},"schema":{"@context":"https:\/\/schema.org","@graph":[{"@type":"WebPage","@id":"https:\/\/aivlisoft.net\/shop\/producto\/edimax-en-9320tx-e-v2-tarjeta-red-10gb-pci-e-lp\/","url":"https:\/\/aivlisoft.net\/shop\/producto\/edimax-en-9320tx-e-v2-tarjeta-red-10gb-pci-e-lp\/","name":"Edimax EN-9320TX-E V2 Tarjeta Red 10GB PCI-E LP - Aivlisoft Inform\u00e1tica","isPartOf":{"@id":"https:\/\/aivlisoft.net\/shop\/#website"},"primaryImageOfPage":{"@id":"https:\/\/aivlisoft.net\/shop\/producto\/edimax-en-9320tx-e-v2-tarjeta-red-10gb-pci-e-lp\/#primaryimage"},"image":{"@id":"https:\/\/aivlisoft.net\/shop\/producto\/edimax-en-9320tx-e-v2-tarjeta-red-10gb-pci-e-lp\/#primaryimage"},"thumbnailUrl":"https:\/\/aivlisoft.net\/shop\/wp-content\/uploads\/2025\/01\/NADACA0204_800.jpg","datePublished":"2025-01-13T15:16:21+00:00","dateModified":"2025-01-14T11:35:44+00:00","breadcrumb":{"@id":"https:\/\/aivlisoft.net\/shop\/producto\/edimax-en-9320tx-e-v2-tarjeta-red-10gb-pci-e-lp\/#breadcrumb"},"inLanguage":"es","potentialAction":[{"@type":"ReadAction","target":["https:\/\/aivlisoft.net\/shop\/producto\/edimax-en-9320tx-e-v2-tarjeta-red-10gb-pci-e-lp\/"]}]},{"@type":"ImageObject","inLanguage":"es","@id":"https:\/\/aivlisoft.net\/shop\/producto\/edimax-en-9320tx-e-v2-tarjeta-red-10gb-pci-e-lp\/#primaryimage","url":"https:\/\/aivlisoft.net\/shop\/wp-content\/uploads\/2025\/01\/NADACA0204_800.jpg","contentUrl":"https:\/\/aivlisoft.net\/shop\/wp-content\/uploads\/2025\/01\/NADACA0204_800.jpg","width":800,"height":800},{"@type":"BreadcrumbList","@id":"https:\/\/aivlisoft.net\/shop\/producto\/edimax-en-9320tx-e-v2-tarjeta-red-10gb-pci-e-lp\/#breadcrumb","itemListElement":[{"@type":"ListItem","position":1,"name":"Portada","item":"https:\/\/aivlisoft.net\/shop\/"},{"@type":"ListItem","position":2,"name":"Tienda","item":"https:\/\/aivlisoft.net\/shop\/tienda\/"},{"@type":"ListItem","position":3,"name":"Edimax EN-9320TX-E V2 Tarjeta Red 10GB PCI-E LP"}]},{"@type":"WebSite","@id":"https:\/\/aivlisoft.net\/shop\/#website","url":"https:\/\/aivlisoft.net\/shop\/","name":"Aivlisoft Inform\u00e1tica","description":"En Aivlisoft Inform\u00e1tica ofrecemos soluciones tecnol\u00f3gicas para empresas: venta de ordenadores, consumibles, perif\u00e9ricos y m\u00e1s. Calidad, atenci\u00f3n personalizada y los mejores precios para tu negocio.","publisher":{"@id":"https:\/\/aivlisoft.net\/shop\/#organization"},"potentialAction":[{"@type":"SearchAction","target":{"@type":"EntryPoint","urlTemplate":"https:\/\/aivlisoft.net\/shop\/?s={search_term_string}"},"query-input":{"@type":"PropertyValueSpecification","valueRequired":true,"valueName":"search_term_string"}}],"inLanguage":"es"},{"@type":"Organization","@id":"https:\/\/aivlisoft.net\/shop\/#organization","name":"Aivlisoft Inform\u00e1tica","url":"https:\/\/aivlisoft.net\/shop\/","logo":{"@type":"ImageObject","inLanguage":"es","@id":"https:\/\/aivlisoft.net\/shop\/#\/schema\/logo\/image\/","url":"https:\/\/aivlisoft.net\/shop\/wp-content\/uploads\/2024\/12\/removal.ai_5b848c54-0cdf-4140-95c5-c5536bb7573b-logodef.png","contentUrl":"https:\/\/aivlisoft.net\/shop\/wp-content\/uploads\/2024\/12\/removal.ai_5b848c54-0cdf-4140-95c5-c5536bb7573b-logodef.png","width":484,"height":182,"caption":"Aivlisoft Inform\u00e1tica"},"image":{"@id":"https:\/\/aivlisoft.net\/shop\/#\/schema\/logo\/image\/"}}]}},"_links":{"self":[{"href":"https:\/\/aivlisoft.net\/shop\/wp-json\/wp\/v2\/product\/17843","targetHints":{"allow":["GET"]}}],"collection":[{"href":"https:\/\/aivlisoft.net\/shop\/wp-json\/wp\/v2\/product"}],"about":[{"href":"https:\/\/aivlisoft.net\/shop\/wp-json\/wp\/v2\/types\/product"}],"wp:featuredmedia":[{"embeddable":true,"href":"https:\/\/aivlisoft.net\/shop\/wp-json\/wp\/v2\/media\/17844"}],"wp:attachment":[{"href":"https:\/\/aivlisoft.net\/shop\/wp-json\/wp\/v2\/media?parent=17843"}],"wp:term":[{"taxonomy":"product_brand","embeddable":true,"href":"https:\/\/aivlisoft.net\/shop\/wp-json\/wp\/v2\/product_brand?post=17843"},{"taxonomy":"product_cat","embeddable":true,"href":"https:\/\/aivlisoft.net\/shop\/wp-json\/wp\/v2\/product_cat?post=17843"},{"taxonomy":"product_tag","embeddable":true,"href":"https:\/\/aivlisoft.net\/shop\/wp-json\/wp\/v2\/product_tag?post=17843"}],"curies":[{"name":"wp","href":"https:\/\/api.w.org\/{rel}","templated":true}]}}