{"id":17829,"date":"2025-01-13T15:16:13","date_gmt":"2025-01-13T15:16:13","guid":{"rendered":"https:\/\/aivlisoft.com\/?post_type=product&#038;p=17829"},"modified":"2025-01-14T11:35:40","modified_gmt":"2025-01-14T11:35:40","slug":"d-link-dub-e250-adapter-usb-c-a-2-5gb-ethernet","status":"publish","type":"product","link":"https:\/\/aivlisoft.net\/shop\/producto\/d-link-dub-e250-adapter-usb-c-a-2-5gb-ethernet\/","title":{"rendered":"D-Link DUB-E250 Adapter USB-C a 2.5Gb Ethernet"},"content":{"rendered":"<p><\/p>\n<table class=\"tabla_caracteristicas k-table\" width=\"100%\">\n<tr>\n<td valign=\"top\"><strong>Marca<\/strong><\/td>\n<td>D-Link<\/td>\n<\/tr>\n<tr>\n<td valign=\"top\"><strong>Modelo<\/strong><\/td>\n<td valign=\"top\"><strong>DUB-E250<\/strong><\/td>\n<\/tr>\n<tr>\n<td valign=\"top\"><strong>Caracter&iacute;sticas<\/strong><\/td>\n<td>&#8211; Descripci&oacute;n del producto: Adaptador Ethernet USB-C a 2.5G<br \/>\t\t\t&#8211; Est&aacute;ndares: USB 3.1 Gen 1, USB 3.0, USB 2.0, IEEE 802.3, IEEE 802.3u, IEEE 802.3ab<br \/>\t\t\t&#8211; Requisitos m&iacute;nimos del sistema: Windows 7\/8\/10, Mac OS 10.6 o posterior<br \/>\t\t\t&#8211; Dimensiones: 53 x 21,5 x 15 mm<br \/>\t\t\t&#8211; Peso: 28,5 gramos<br \/>\t\t\t&#8211; Potencia: 250 mA<br \/>\t\t\t&#8211; Temperatura:<br \/>\t\t\t&nbsp; En funcionamiento: 0 a 45&deg;C<br \/>\t\t\t&nbsp; Almacenamiento: 10 a 70&deg;C<br \/>\t\t\t&#8211; Humedad:<br \/>\t\t\t&nbsp; En funcionamiento: 10% a 85% sin condensaci&oacute;n<br \/>\t\t\t&nbsp; Almacenamiento: 5% a 90% sin condensaci&oacute;n<br \/>\t\t\t&#8211; Certificaciones: CE, FCC, IC<br \/>\t\t\t&#8211; Interfaces del dispositivo: puerto Ethernet RJ-45 (10\/100\/1000\/2500 Mbps), conector USB-C<\/td>\n<\/tr>\n<tr>\n<td valign=\"top\"><strong>Fecha de revisi&oacute;n<\/strong><\/td>\n<td>12-02-2021 por MPM<\/td>\n<\/tr>\n<\/table>\n","protected":false},"excerpt":{"rendered":"<p>Marca D-Link Modelo DUB-E250 Caracter&iacute;sticas &#8211; Descripci&oacute;n del producto: Adaptador Ethernet USB-C a 2.5G &#8211; Est&aacute;ndares: USB 3.1 Gen 1, USB 3.0, USB 2.0, IEEE 802.3, IEEE 802.3u, IEEE 802.3ab &#8211; Requisitos m&iacute;nimos del sistema: Windows 7\/8\/10, Mac OS 10.6 o posterior &#8211; Dimensiones: 53 x 21,5 x 15 mm &#8211; Peso: 28,5 gramos &#8211;&hellip;&nbsp;<a href=\"https:\/\/aivlisoft.net\/shop\/producto\/d-link-dub-e250-adapter-usb-c-a-2-5gb-ethernet\/\" rel=\"bookmark\"><span class=\"screen-reader-text\">D-Link DUB-E250 Adapter USB-C a 2.5Gb Ethernet<\/span><\/a><\/p>\n","protected":false},"featured_media":17830,"template":"","meta":{"neve_meta_sidebar":"","neve_meta_container":"","neve_meta_enable_content_width":"","neve_meta_content_width":0,"neve_meta_title_alignment":"","neve_meta_author_avatar":"","neve_post_elements_order":"","neve_meta_disable_header":"","neve_meta_disable_footer":"","neve_meta_disable_title":""},"product_brand":[],"product_cat":[8763],"product_tag":[6548],"class_list":{"0":"post-17829","1":"product","2":"type-product","3":"status-publish","4":"has-post-thumbnail","6":"product_cat-red-cableada","7":"product_tag-dub-e250","9":"first","10":"instock","11":"taxable","12":"shipping-taxable","13":"purchasable","14":"product-type-simple"},"yoast_head":"<!-- This site is optimized with the Yoast SEO plugin v26.0 - https:\/\/yoast.com\/wordpress\/plugins\/seo\/ -->\n<title>D-Link DUB-E250 Adapter USB-C a 2.5Gb Ethernet - Aivlisoft Inform\u00e1tica<\/title>\n<meta name=\"robots\" content=\"index, follow, max-snippet:-1, max-image-preview:large, max-video-preview:-1\" \/>\n<link rel=\"canonical\" href=\"https:\/\/aivlisoft.net\/shop\/producto\/d-link-dub-e250-adapter-usb-c-a-2-5gb-ethernet\/\" \/>\n<meta property=\"og:locale\" content=\"es_ES\" \/>\n<meta property=\"og:type\" content=\"article\" \/>\n<meta property=\"og:title\" content=\"D-Link DUB-E250 Adapter USB-C a 2.5Gb Ethernet - Aivlisoft Inform\u00e1tica\" \/>\n<meta property=\"og:description\" content=\"Marca D-Link Modelo DUB-E250 Caracter&iacute;sticas &#8211; Descripci&oacute;n del producto: Adaptador Ethernet USB-C a 2.5G &#8211; Est&aacute;ndares: USB 3.1 Gen 1, USB 3.0, USB 2.0, IEEE 802.3, IEEE 802.3u, IEEE 802.3ab &#8211; Requisitos m&iacute;nimos del sistema: Windows 7\/8\/10, Mac OS 10.6 o posterior &#8211; Dimensiones: 53 x 21,5 x 15 mm &#8211; Peso: 28,5 gramos &#8211;&hellip;&nbsp;D-Link DUB-E250 Adapter USB-C a 2.5Gb Ethernet\" \/>\n<meta property=\"og:url\" content=\"https:\/\/aivlisoft.net\/shop\/producto\/d-link-dub-e250-adapter-usb-c-a-2-5gb-ethernet\/\" \/>\n<meta property=\"og:site_name\" content=\"Aivlisoft Inform\u00e1tica\" \/>\n<meta property=\"article:modified_time\" content=\"2025-01-14T11:35:40+00:00\" \/>\n<meta property=\"og:image\" content=\"https:\/\/aivlisoft.net\/shop\/wp-content\/uploads\/2025\/01\/NADACA0199_800.jpg\" \/>\n\t<meta property=\"og:image:width\" content=\"800\" \/>\n\t<meta property=\"og:image:height\" content=\"800\" \/>\n\t<meta property=\"og:image:type\" content=\"image\/jpeg\" \/>\n<meta name=\"twitter:card\" content=\"summary_large_image\" \/>\n<meta name=\"twitter:label1\" content=\"Tiempo de lectura\" \/>\n\t<meta name=\"twitter:data1\" content=\"1 minuto\" \/>\n<script type=\"application\/ld+json\" class=\"yoast-schema-graph\">{\"@context\":\"https:\/\/schema.org\",\"@graph\":[{\"@type\":\"WebPage\",\"@id\":\"https:\/\/aivlisoft.net\/shop\/producto\/d-link-dub-e250-adapter-usb-c-a-2-5gb-ethernet\/\",\"url\":\"https:\/\/aivlisoft.net\/shop\/producto\/d-link-dub-e250-adapter-usb-c-a-2-5gb-ethernet\/\",\"name\":\"D-Link DUB-E250 Adapter USB-C a 2.5Gb Ethernet - Aivlisoft Inform\u00e1tica\",\"isPartOf\":{\"@id\":\"https:\/\/aivlisoft.net\/shop\/#website\"},\"primaryImageOfPage\":{\"@id\":\"https:\/\/aivlisoft.net\/shop\/producto\/d-link-dub-e250-adapter-usb-c-a-2-5gb-ethernet\/#primaryimage\"},\"image\":{\"@id\":\"https:\/\/aivlisoft.net\/shop\/producto\/d-link-dub-e250-adapter-usb-c-a-2-5gb-ethernet\/#primaryimage\"},\"thumbnailUrl\":\"https:\/\/aivlisoft.net\/shop\/wp-content\/uploads\/2025\/01\/NADACA0199_800.jpg\",\"datePublished\":\"2025-01-13T15:16:13+00:00\",\"dateModified\":\"2025-01-14T11:35:40+00:00\",\"breadcrumb\":{\"@id\":\"https:\/\/aivlisoft.net\/shop\/producto\/d-link-dub-e250-adapter-usb-c-a-2-5gb-ethernet\/#breadcrumb\"},\"inLanguage\":\"es\",\"potentialAction\":[{\"@type\":\"ReadAction\",\"target\":[\"https:\/\/aivlisoft.net\/shop\/producto\/d-link-dub-e250-adapter-usb-c-a-2-5gb-ethernet\/\"]}]},{\"@type\":\"ImageObject\",\"inLanguage\":\"es\",\"@id\":\"https:\/\/aivlisoft.net\/shop\/producto\/d-link-dub-e250-adapter-usb-c-a-2-5gb-ethernet\/#primaryimage\",\"url\":\"https:\/\/aivlisoft.net\/shop\/wp-content\/uploads\/2025\/01\/NADACA0199_800.jpg\",\"contentUrl\":\"https:\/\/aivlisoft.net\/shop\/wp-content\/uploads\/2025\/01\/NADACA0199_800.jpg\",\"width\":800,\"height\":800},{\"@type\":\"BreadcrumbList\",\"@id\":\"https:\/\/aivlisoft.net\/shop\/producto\/d-link-dub-e250-adapter-usb-c-a-2-5gb-ethernet\/#breadcrumb\",\"itemListElement\":[{\"@type\":\"ListItem\",\"position\":1,\"name\":\"Portada\",\"item\":\"https:\/\/aivlisoft.net\/shop\/\"},{\"@type\":\"ListItem\",\"position\":2,\"name\":\"Tienda\",\"item\":\"https:\/\/aivlisoft.net\/shop\/tienda\/\"},{\"@type\":\"ListItem\",\"position\":3,\"name\":\"D-Link DUB-E250 Adapter USB-C a 2.5Gb Ethernet\"}]},{\"@type\":\"WebSite\",\"@id\":\"https:\/\/aivlisoft.net\/shop\/#website\",\"url\":\"https:\/\/aivlisoft.net\/shop\/\",\"name\":\"Aivlisoft Inform\u00e1tica\",\"description\":\"En Aivlisoft Inform\u00e1tica ofrecemos soluciones tecnol\u00f3gicas para empresas: venta de ordenadores, consumibles, perif\u00e9ricos y m\u00e1s. Calidad, atenci\u00f3n personalizada y los mejores precios para tu negocio.\",\"publisher\":{\"@id\":\"https:\/\/aivlisoft.net\/shop\/#organization\"},\"potentialAction\":[{\"@type\":\"SearchAction\",\"target\":{\"@type\":\"EntryPoint\",\"urlTemplate\":\"https:\/\/aivlisoft.net\/shop\/?s={search_term_string}\"},\"query-input\":{\"@type\":\"PropertyValueSpecification\",\"valueRequired\":true,\"valueName\":\"search_term_string\"}}],\"inLanguage\":\"es\"},{\"@type\":\"Organization\",\"@id\":\"https:\/\/aivlisoft.net\/shop\/#organization\",\"name\":\"Aivlisoft Inform\u00e1tica\",\"url\":\"https:\/\/aivlisoft.net\/shop\/\",\"logo\":{\"@type\":\"ImageObject\",\"inLanguage\":\"es\",\"@id\":\"https:\/\/aivlisoft.net\/shop\/#\/schema\/logo\/image\/\",\"url\":\"https:\/\/aivlisoft.net\/shop\/wp-content\/uploads\/2024\/12\/removal.ai_5b848c54-0cdf-4140-95c5-c5536bb7573b-logodef.png\",\"contentUrl\":\"https:\/\/aivlisoft.net\/shop\/wp-content\/uploads\/2024\/12\/removal.ai_5b848c54-0cdf-4140-95c5-c5536bb7573b-logodef.png\",\"width\":484,\"height\":182,\"caption\":\"Aivlisoft Inform\u00e1tica\"},\"image\":{\"@id\":\"https:\/\/aivlisoft.net\/shop\/#\/schema\/logo\/image\/\"}}]}<\/script>\n<!-- \/ Yoast SEO plugin. -->","yoast_head_json":{"title":"D-Link DUB-E250 Adapter USB-C a 2.5Gb Ethernet - Aivlisoft Inform\u00e1tica","robots":{"index":"index","follow":"follow","max-snippet":"max-snippet:-1","max-image-preview":"max-image-preview:large","max-video-preview":"max-video-preview:-1"},"canonical":"https:\/\/aivlisoft.net\/shop\/producto\/d-link-dub-e250-adapter-usb-c-a-2-5gb-ethernet\/","og_locale":"es_ES","og_type":"article","og_title":"D-Link DUB-E250 Adapter USB-C a 2.5Gb Ethernet - Aivlisoft Inform\u00e1tica","og_description":"Marca D-Link Modelo DUB-E250 Caracter&iacute;sticas &#8211; Descripci&oacute;n del producto: Adaptador Ethernet USB-C a 2.5G &#8211; Est&aacute;ndares: USB 3.1 Gen 1, USB 3.0, USB 2.0, IEEE 802.3, IEEE 802.3u, IEEE 802.3ab &#8211; Requisitos m&iacute;nimos del sistema: Windows 7\/8\/10, Mac OS 10.6 o posterior &#8211; Dimensiones: 53 x 21,5 x 15 mm &#8211; Peso: 28,5 gramos &#8211;&hellip;&nbsp;D-Link DUB-E250 Adapter USB-C a 2.5Gb Ethernet","og_url":"https:\/\/aivlisoft.net\/shop\/producto\/d-link-dub-e250-adapter-usb-c-a-2-5gb-ethernet\/","og_site_name":"Aivlisoft Inform\u00e1tica","article_modified_time":"2025-01-14T11:35:40+00:00","og_image":[{"width":800,"height":800,"url":"https:\/\/aivlisoft.net\/shop\/wp-content\/uploads\/2025\/01\/NADACA0199_800.jpg","type":"image\/jpeg"}],"twitter_card":"summary_large_image","twitter_misc":{"Tiempo de lectura":"1 minuto"},"schema":{"@context":"https:\/\/schema.org","@graph":[{"@type":"WebPage","@id":"https:\/\/aivlisoft.net\/shop\/producto\/d-link-dub-e250-adapter-usb-c-a-2-5gb-ethernet\/","url":"https:\/\/aivlisoft.net\/shop\/producto\/d-link-dub-e250-adapter-usb-c-a-2-5gb-ethernet\/","name":"D-Link DUB-E250 Adapter USB-C a 2.5Gb Ethernet - Aivlisoft Inform\u00e1tica","isPartOf":{"@id":"https:\/\/aivlisoft.net\/shop\/#website"},"primaryImageOfPage":{"@id":"https:\/\/aivlisoft.net\/shop\/producto\/d-link-dub-e250-adapter-usb-c-a-2-5gb-ethernet\/#primaryimage"},"image":{"@id":"https:\/\/aivlisoft.net\/shop\/producto\/d-link-dub-e250-adapter-usb-c-a-2-5gb-ethernet\/#primaryimage"},"thumbnailUrl":"https:\/\/aivlisoft.net\/shop\/wp-content\/uploads\/2025\/01\/NADACA0199_800.jpg","datePublished":"2025-01-13T15:16:13+00:00","dateModified":"2025-01-14T11:35:40+00:00","breadcrumb":{"@id":"https:\/\/aivlisoft.net\/shop\/producto\/d-link-dub-e250-adapter-usb-c-a-2-5gb-ethernet\/#breadcrumb"},"inLanguage":"es","potentialAction":[{"@type":"ReadAction","target":["https:\/\/aivlisoft.net\/shop\/producto\/d-link-dub-e250-adapter-usb-c-a-2-5gb-ethernet\/"]}]},{"@type":"ImageObject","inLanguage":"es","@id":"https:\/\/aivlisoft.net\/shop\/producto\/d-link-dub-e250-adapter-usb-c-a-2-5gb-ethernet\/#primaryimage","url":"https:\/\/aivlisoft.net\/shop\/wp-content\/uploads\/2025\/01\/NADACA0199_800.jpg","contentUrl":"https:\/\/aivlisoft.net\/shop\/wp-content\/uploads\/2025\/01\/NADACA0199_800.jpg","width":800,"height":800},{"@type":"BreadcrumbList","@id":"https:\/\/aivlisoft.net\/shop\/producto\/d-link-dub-e250-adapter-usb-c-a-2-5gb-ethernet\/#breadcrumb","itemListElement":[{"@type":"ListItem","position":1,"name":"Portada","item":"https:\/\/aivlisoft.net\/shop\/"},{"@type":"ListItem","position":2,"name":"Tienda","item":"https:\/\/aivlisoft.net\/shop\/tienda\/"},{"@type":"ListItem","position":3,"name":"D-Link DUB-E250 Adapter USB-C a 2.5Gb Ethernet"}]},{"@type":"WebSite","@id":"https:\/\/aivlisoft.net\/shop\/#website","url":"https:\/\/aivlisoft.net\/shop\/","name":"Aivlisoft Inform\u00e1tica","description":"En Aivlisoft Inform\u00e1tica ofrecemos soluciones tecnol\u00f3gicas para empresas: venta de ordenadores, consumibles, perif\u00e9ricos y m\u00e1s. Calidad, atenci\u00f3n personalizada y los mejores precios para tu negocio.","publisher":{"@id":"https:\/\/aivlisoft.net\/shop\/#organization"},"potentialAction":[{"@type":"SearchAction","target":{"@type":"EntryPoint","urlTemplate":"https:\/\/aivlisoft.net\/shop\/?s={search_term_string}"},"query-input":{"@type":"PropertyValueSpecification","valueRequired":true,"valueName":"search_term_string"}}],"inLanguage":"es"},{"@type":"Organization","@id":"https:\/\/aivlisoft.net\/shop\/#organization","name":"Aivlisoft Inform\u00e1tica","url":"https:\/\/aivlisoft.net\/shop\/","logo":{"@type":"ImageObject","inLanguage":"es","@id":"https:\/\/aivlisoft.net\/shop\/#\/schema\/logo\/image\/","url":"https:\/\/aivlisoft.net\/shop\/wp-content\/uploads\/2024\/12\/removal.ai_5b848c54-0cdf-4140-95c5-c5536bb7573b-logodef.png","contentUrl":"https:\/\/aivlisoft.net\/shop\/wp-content\/uploads\/2024\/12\/removal.ai_5b848c54-0cdf-4140-95c5-c5536bb7573b-logodef.png","width":484,"height":182,"caption":"Aivlisoft Inform\u00e1tica"},"image":{"@id":"https:\/\/aivlisoft.net\/shop\/#\/schema\/logo\/image\/"}}]}},"_links":{"self":[{"href":"https:\/\/aivlisoft.net\/shop\/wp-json\/wp\/v2\/product\/17829","targetHints":{"allow":["GET"]}}],"collection":[{"href":"https:\/\/aivlisoft.net\/shop\/wp-json\/wp\/v2\/product"}],"about":[{"href":"https:\/\/aivlisoft.net\/shop\/wp-json\/wp\/v2\/types\/product"}],"wp:featuredmedia":[{"embeddable":true,"href":"https:\/\/aivlisoft.net\/shop\/wp-json\/wp\/v2\/media\/17830"}],"wp:attachment":[{"href":"https:\/\/aivlisoft.net\/shop\/wp-json\/wp\/v2\/media?parent=17829"}],"wp:term":[{"taxonomy":"product_brand","embeddable":true,"href":"https:\/\/aivlisoft.net\/shop\/wp-json\/wp\/v2\/product_brand?post=17829"},{"taxonomy":"product_cat","embeddable":true,"href":"https:\/\/aivlisoft.net\/shop\/wp-json\/wp\/v2\/product_cat?post=17829"},{"taxonomy":"product_tag","embeddable":true,"href":"https:\/\/aivlisoft.net\/shop\/wp-json\/wp\/v2\/product_tag?post=17829"}],"curies":[{"name":"wp","href":"https:\/\/api.w.org\/{rel}","templated":true}]}}