{"id":17825,"date":"2025-01-13T15:16:11","date_gmt":"2025-01-13T15:16:11","guid":{"rendered":"https:\/\/aivlisoft.com\/?post_type=product&#038;p=17825"},"modified":"2025-01-14T11:35:40","modified_gmt":"2025-01-14T11:35:40","slug":"edimax-en-9225tx-e-tarjeta-red-2-5gbe-pci-e-lp","status":"publish","type":"product","link":"https:\/\/aivlisoft.net\/shop\/producto\/edimax-en-9225tx-e-tarjeta-red-2-5gbe-pci-e-lp\/","title":{"rendered":"Edimax EN-9225TX-E Tarjeta Red 2.5GbE PCI-E LP"},"content":{"rendered":"<p><strong>Adaptador de servidor PCI Express de 2,5 Gigabit Ethernet<\/strong><br \/>&#8211; PCI Express Gen 2 x 1<br \/>&#8211; Ofrece transmisi&oacute;n de alta velocidad de 2,5 Gbps a trav&eacute;s de cables CAT 5e o mejores<br \/>&#8211; Compatible con versiones anteriores de 2.5Gbps, 1Gbps y 100Mbps<br \/>&#8211; Fotogramas jumbo de 16K<br \/>&#8211; Descarga de suma de comprobaci&oacute;n IP, TCP, UDP<br \/>&#8211; Utilizaci&oacute;n de CPU reducida y mejorada mediante<br \/>&#8211; Admite etiquetado de ID de VLAN IEEE 802.1Q y QoS IEEE 802.1q<br \/>&#8211; Soporte de perfil bajo incluido<\/p>\n<table class=\"tabla_caracteristicas\" width=\"100%\">\n<tr>\n<td><strong>Marca<\/strong><\/td>\n<td>Edimax<\/td>\n<\/tr>\n<tr>\n<td><strong>Modelo<\/strong><\/td>\n<td><strong>EN-9225TX-E<\/strong><\/td>\n<\/tr>\n<tr>\n<td><strong>Caracteristicas<\/strong><\/td>\n<td><strong>Hardware<\/strong><br \/>\t\t\t&#8211; Interfaz:<br \/>\t\t\t&nbsp; PCI Express Gen 2 x 1<br \/>\t\t\t&nbsp; Puerto LAN RJ-45 2.5G, 1G y 100Mbps<br \/>\t\t\t&#8211; Indicador LED: VELOCIDAD, LNK \/ ACT<br \/>\t\t\t&#8211; Consumo de energ&iacute;a: 3.678W<br \/>\t\t\t&#8211; Dimensiones y peso: 86,95 (W) x 54,49 (D) x 1,6 (H) mm, 38,8 g<br \/>\t\t\t<strong>Rendimiento y caracter&iacute;sticas<\/strong><br \/>\t\t\t&#8211; Trama Jumbo: 16K Bytes<br \/>\t\t\t&#8211; Velocidad m&aacute;xima de datos: 2,5 Gbps, 1 Gbps o 100 Mbps<br \/>\t\t\t&#8211; Caracter&iacute;stica adicional:<br \/>\t\t\t&nbsp; Modo d&uacute;plex completo: hasta 5 Gbps, 2 Gbps o 200 Mbps<br \/>\t\t\t&nbsp; Control de flujo 802.3x para la gesti&oacute;n del tr&aacute;fico<br \/>\t\t\t&nbsp; Descarga de suma de comprobaci&oacute;n IPv4, IPv6 \/ TCP e IPv6 \/ UDP<br \/>\t\t\t&nbsp; IPv4 \/ v6 IP, TCP, UDP segmentaci&oacute;n Descarga de tareas<br \/>\t\t\t&nbsp; Descarga de protocolo (ARP y NS)<br \/>\t\t\t&nbsp; Gesti&oacute;n de energ&iacute;a Wake-on-LAN (WoL)<br \/>\t\t\t&nbsp; Calidad de servicio (QoS)<br \/>\t\t\t<strong>Est&aacute;ndar de red y sistema operativo<\/strong><br \/>\t\t\t&#8211; Est&aacute;ndar:<br \/>\t\t\t&nbsp; IEEE 802.3ab 1000Base-T Gigabit Ethernet<br \/>\t\t\t&nbsp; IEEE 802.3u 100Base-TX Fast Ethernet<br \/>\t\t\t&nbsp; IEEE 802.3bz NBASE-T<br \/>\t\t\t&nbsp; Ethernet de bajo consumo IEEE 802.3az<br \/>\t\t\t&nbsp; Cola de prioridad IEEE 802.1p<br \/>\t\t\t&nbsp; IEEE 802.3x: control de flujo y contrapresi&oacute;n<br \/>\t\t\t&nbsp; Compatibilidad con VLAN etiquetada IEEE 802.1Q<br \/>\t\t\t&nbsp; IEEE 802.1Qav, AVB (puente de audio y video)<br \/>\t\t\t&nbsp; IEEE 1588 v2 PTP (Protocolo de tiempo de precisi&oacute;n)<br \/>\t\t\t&#8211; Compatibilidad del sistema operativo:<br \/>\t\t\t&nbsp; Windows 7\/8 \/ 8.1 \/ 10 (32\/64 bits)<br \/>\t\t\t&nbsp; Kernel de Linux 3.2,3.10,3.12,4.2,4.4<br \/>\t\t\t<strong>Otros<\/strong><br \/>\t\t\t&#8211; Certificaci&oacute;n: CE, FCC<br \/>\t\t\t<strong>Contenido<\/strong><br \/>\t\t\t&#8211; Adaptador de servidor PCI Express de 2,5 Gigabit Ethernet<br \/>\t\t\t&#8211; Soporte de perfil bajo<br \/>\t\t\t&#8211; Gu&iacute;a de Instalaci&oacute;n R&aacute;pida<\/td>\n<\/tr>\n<tr>\n<td><strong>Fecha de revisi&oacute;n<\/strong><\/td>\n<td>29-01-2021 por MSB<\/td>\n<\/tr>\n<\/table>\n","protected":false},"excerpt":{"rendered":"<p>Adaptador de servidor PCI Express de 2,5 Gigabit Ethernet&#8211; PCI Express Gen 2 x 1&#8211; Ofrece transmisi&oacute;n de alta velocidad de 2,5 Gbps a trav&eacute;s de cables CAT 5e o mejores&#8211; Compatible con versiones anteriores de 2.5Gbps, 1Gbps y 100Mbps&#8211; Fotogramas jumbo de 16K&#8211; Descarga de suma de comprobaci&oacute;n IP, TCP, UDP&#8211; Utilizaci&oacute;n de CPU&hellip;&nbsp;<a href=\"https:\/\/aivlisoft.net\/shop\/producto\/edimax-en-9225tx-e-tarjeta-red-2-5gbe-pci-e-lp\/\" rel=\"bookmark\"><span class=\"screen-reader-text\">Edimax EN-9225TX-E Tarjeta Red 2.5GbE PCI-E LP<\/span><\/a><\/p>\n","protected":false},"featured_media":17826,"template":"","meta":{"neve_meta_sidebar":"","neve_meta_container":"","neve_meta_enable_content_width":"","neve_meta_content_width":0,"neve_meta_title_alignment":"","neve_meta_author_avatar":"","neve_post_elements_order":"","neve_meta_disable_header":"","neve_meta_disable_footer":"","neve_meta_disable_title":""},"product_brand":[],"product_cat":[8763],"product_tag":[6547],"class_list":{"0":"post-17825","1":"product","2":"type-product","3":"status-publish","4":"has-post-thumbnail","6":"product_cat-red-cableada","7":"product_tag-en-9225tx-e","9":"first","10":"instock","11":"taxable","12":"shipping-taxable","13":"purchasable","14":"product-type-simple"},"yoast_head":"<!-- This site is optimized with the Yoast SEO plugin v26.0 - https:\/\/yoast.com\/wordpress\/plugins\/seo\/ -->\n<title>Edimax EN-9225TX-E Tarjeta Red 2.5GbE PCI-E LP - Aivlisoft Inform\u00e1tica<\/title>\n<meta name=\"robots\" content=\"index, follow, max-snippet:-1, max-image-preview:large, max-video-preview:-1\" \/>\n<link rel=\"canonical\" href=\"https:\/\/aivlisoft.net\/shop\/producto\/edimax-en-9225tx-e-tarjeta-red-2-5gbe-pci-e-lp\/\" \/>\n<meta property=\"og:locale\" content=\"es_ES\" \/>\n<meta property=\"og:type\" content=\"article\" \/>\n<meta property=\"og:title\" content=\"Edimax EN-9225TX-E Tarjeta Red 2.5GbE PCI-E LP - Aivlisoft Inform\u00e1tica\" \/>\n<meta property=\"og:description\" content=\"Adaptador de servidor PCI Express de 2,5 Gigabit Ethernet&#8211; PCI Express Gen 2 x 1&#8211; Ofrece transmisi&oacute;n de alta velocidad de 2,5 Gbps a trav&eacute;s de cables CAT 5e o mejores&#8211; Compatible con versiones anteriores de 2.5Gbps, 1Gbps y 100Mbps&#8211; Fotogramas jumbo de 16K&#8211; Descarga de suma de comprobaci&oacute;n IP, TCP, UDP&#8211; Utilizaci&oacute;n de CPU&hellip;&nbsp;Edimax EN-9225TX-E Tarjeta Red 2.5GbE PCI-E LP\" \/>\n<meta property=\"og:url\" content=\"https:\/\/aivlisoft.net\/shop\/producto\/edimax-en-9225tx-e-tarjeta-red-2-5gbe-pci-e-lp\/\" \/>\n<meta property=\"og:site_name\" content=\"Aivlisoft Inform\u00e1tica\" \/>\n<meta property=\"article:modified_time\" content=\"2025-01-14T11:35:40+00:00\" \/>\n<meta property=\"og:image\" content=\"https:\/\/aivlisoft.net\/shop\/wp-content\/uploads\/2025\/01\/NADACA0198_800.jpg\" \/>\n\t<meta property=\"og:image:width\" content=\"800\" \/>\n\t<meta property=\"og:image:height\" content=\"800\" \/>\n\t<meta property=\"og:image:type\" content=\"image\/jpeg\" \/>\n<meta name=\"twitter:card\" content=\"summary_large_image\" \/>\n<meta name=\"twitter:label1\" content=\"Tiempo de lectura\" \/>\n\t<meta name=\"twitter:data1\" content=\"2 minutos\" \/>\n<script type=\"application\/ld+json\" class=\"yoast-schema-graph\">{\"@context\":\"https:\/\/schema.org\",\"@graph\":[{\"@type\":\"WebPage\",\"@id\":\"https:\/\/aivlisoft.net\/shop\/producto\/edimax-en-9225tx-e-tarjeta-red-2-5gbe-pci-e-lp\/\",\"url\":\"https:\/\/aivlisoft.net\/shop\/producto\/edimax-en-9225tx-e-tarjeta-red-2-5gbe-pci-e-lp\/\",\"name\":\"Edimax EN-9225TX-E Tarjeta Red 2.5GbE PCI-E LP - Aivlisoft Inform\u00e1tica\",\"isPartOf\":{\"@id\":\"https:\/\/aivlisoft.net\/shop\/#website\"},\"primaryImageOfPage\":{\"@id\":\"https:\/\/aivlisoft.net\/shop\/producto\/edimax-en-9225tx-e-tarjeta-red-2-5gbe-pci-e-lp\/#primaryimage\"},\"image\":{\"@id\":\"https:\/\/aivlisoft.net\/shop\/producto\/edimax-en-9225tx-e-tarjeta-red-2-5gbe-pci-e-lp\/#primaryimage\"},\"thumbnailUrl\":\"https:\/\/aivlisoft.net\/shop\/wp-content\/uploads\/2025\/01\/NADACA0198_800.jpg\",\"datePublished\":\"2025-01-13T15:16:11+00:00\",\"dateModified\":\"2025-01-14T11:35:40+00:00\",\"breadcrumb\":{\"@id\":\"https:\/\/aivlisoft.net\/shop\/producto\/edimax-en-9225tx-e-tarjeta-red-2-5gbe-pci-e-lp\/#breadcrumb\"},\"inLanguage\":\"es\",\"potentialAction\":[{\"@type\":\"ReadAction\",\"target\":[\"https:\/\/aivlisoft.net\/shop\/producto\/edimax-en-9225tx-e-tarjeta-red-2-5gbe-pci-e-lp\/\"]}]},{\"@type\":\"ImageObject\",\"inLanguage\":\"es\",\"@id\":\"https:\/\/aivlisoft.net\/shop\/producto\/edimax-en-9225tx-e-tarjeta-red-2-5gbe-pci-e-lp\/#primaryimage\",\"url\":\"https:\/\/aivlisoft.net\/shop\/wp-content\/uploads\/2025\/01\/NADACA0198_800.jpg\",\"contentUrl\":\"https:\/\/aivlisoft.net\/shop\/wp-content\/uploads\/2025\/01\/NADACA0198_800.jpg\",\"width\":800,\"height\":800},{\"@type\":\"BreadcrumbList\",\"@id\":\"https:\/\/aivlisoft.net\/shop\/producto\/edimax-en-9225tx-e-tarjeta-red-2-5gbe-pci-e-lp\/#breadcrumb\",\"itemListElement\":[{\"@type\":\"ListItem\",\"position\":1,\"name\":\"Portada\",\"item\":\"https:\/\/aivlisoft.net\/shop\/\"},{\"@type\":\"ListItem\",\"position\":2,\"name\":\"Tienda\",\"item\":\"https:\/\/aivlisoft.net\/shop\/tienda\/\"},{\"@type\":\"ListItem\",\"position\":3,\"name\":\"Edimax EN-9225TX-E Tarjeta Red 2.5GbE PCI-E LP\"}]},{\"@type\":\"WebSite\",\"@id\":\"https:\/\/aivlisoft.net\/shop\/#website\",\"url\":\"https:\/\/aivlisoft.net\/shop\/\",\"name\":\"Aivlisoft Inform\u00e1tica\",\"description\":\"En Aivlisoft Inform\u00e1tica ofrecemos soluciones tecnol\u00f3gicas para empresas: venta de ordenadores, consumibles, perif\u00e9ricos y m\u00e1s. Calidad, atenci\u00f3n personalizada y los mejores precios para tu negocio.\",\"publisher\":{\"@id\":\"https:\/\/aivlisoft.net\/shop\/#organization\"},\"potentialAction\":[{\"@type\":\"SearchAction\",\"target\":{\"@type\":\"EntryPoint\",\"urlTemplate\":\"https:\/\/aivlisoft.net\/shop\/?s={search_term_string}\"},\"query-input\":{\"@type\":\"PropertyValueSpecification\",\"valueRequired\":true,\"valueName\":\"search_term_string\"}}],\"inLanguage\":\"es\"},{\"@type\":\"Organization\",\"@id\":\"https:\/\/aivlisoft.net\/shop\/#organization\",\"name\":\"Aivlisoft Inform\u00e1tica\",\"url\":\"https:\/\/aivlisoft.net\/shop\/\",\"logo\":{\"@type\":\"ImageObject\",\"inLanguage\":\"es\",\"@id\":\"https:\/\/aivlisoft.net\/shop\/#\/schema\/logo\/image\/\",\"url\":\"https:\/\/aivlisoft.net\/shop\/wp-content\/uploads\/2024\/12\/removal.ai_5b848c54-0cdf-4140-95c5-c5536bb7573b-logodef.png\",\"contentUrl\":\"https:\/\/aivlisoft.net\/shop\/wp-content\/uploads\/2024\/12\/removal.ai_5b848c54-0cdf-4140-95c5-c5536bb7573b-logodef.png\",\"width\":484,\"height\":182,\"caption\":\"Aivlisoft Inform\u00e1tica\"},\"image\":{\"@id\":\"https:\/\/aivlisoft.net\/shop\/#\/schema\/logo\/image\/\"}}]}<\/script>\n<!-- \/ Yoast SEO plugin. -->","yoast_head_json":{"title":"Edimax EN-9225TX-E Tarjeta Red 2.5GbE PCI-E LP - Aivlisoft Inform\u00e1tica","robots":{"index":"index","follow":"follow","max-snippet":"max-snippet:-1","max-image-preview":"max-image-preview:large","max-video-preview":"max-video-preview:-1"},"canonical":"https:\/\/aivlisoft.net\/shop\/producto\/edimax-en-9225tx-e-tarjeta-red-2-5gbe-pci-e-lp\/","og_locale":"es_ES","og_type":"article","og_title":"Edimax EN-9225TX-E Tarjeta Red 2.5GbE PCI-E LP - Aivlisoft Inform\u00e1tica","og_description":"Adaptador de servidor PCI Express de 2,5 Gigabit Ethernet&#8211; PCI Express Gen 2 x 1&#8211; Ofrece transmisi&oacute;n de alta velocidad de 2,5 Gbps a trav&eacute;s de cables CAT 5e o mejores&#8211; Compatible con versiones anteriores de 2.5Gbps, 1Gbps y 100Mbps&#8211; Fotogramas jumbo de 16K&#8211; Descarga de suma de comprobaci&oacute;n IP, TCP, UDP&#8211; Utilizaci&oacute;n de CPU&hellip;&nbsp;Edimax EN-9225TX-E Tarjeta Red 2.5GbE PCI-E LP","og_url":"https:\/\/aivlisoft.net\/shop\/producto\/edimax-en-9225tx-e-tarjeta-red-2-5gbe-pci-e-lp\/","og_site_name":"Aivlisoft Inform\u00e1tica","article_modified_time":"2025-01-14T11:35:40+00:00","og_image":[{"width":800,"height":800,"url":"https:\/\/aivlisoft.net\/shop\/wp-content\/uploads\/2025\/01\/NADACA0198_800.jpg","type":"image\/jpeg"}],"twitter_card":"summary_large_image","twitter_misc":{"Tiempo de lectura":"2 minutos"},"schema":{"@context":"https:\/\/schema.org","@graph":[{"@type":"WebPage","@id":"https:\/\/aivlisoft.net\/shop\/producto\/edimax-en-9225tx-e-tarjeta-red-2-5gbe-pci-e-lp\/","url":"https:\/\/aivlisoft.net\/shop\/producto\/edimax-en-9225tx-e-tarjeta-red-2-5gbe-pci-e-lp\/","name":"Edimax EN-9225TX-E Tarjeta Red 2.5GbE PCI-E LP - Aivlisoft Inform\u00e1tica","isPartOf":{"@id":"https:\/\/aivlisoft.net\/shop\/#website"},"primaryImageOfPage":{"@id":"https:\/\/aivlisoft.net\/shop\/producto\/edimax-en-9225tx-e-tarjeta-red-2-5gbe-pci-e-lp\/#primaryimage"},"image":{"@id":"https:\/\/aivlisoft.net\/shop\/producto\/edimax-en-9225tx-e-tarjeta-red-2-5gbe-pci-e-lp\/#primaryimage"},"thumbnailUrl":"https:\/\/aivlisoft.net\/shop\/wp-content\/uploads\/2025\/01\/NADACA0198_800.jpg","datePublished":"2025-01-13T15:16:11+00:00","dateModified":"2025-01-14T11:35:40+00:00","breadcrumb":{"@id":"https:\/\/aivlisoft.net\/shop\/producto\/edimax-en-9225tx-e-tarjeta-red-2-5gbe-pci-e-lp\/#breadcrumb"},"inLanguage":"es","potentialAction":[{"@type":"ReadAction","target":["https:\/\/aivlisoft.net\/shop\/producto\/edimax-en-9225tx-e-tarjeta-red-2-5gbe-pci-e-lp\/"]}]},{"@type":"ImageObject","inLanguage":"es","@id":"https:\/\/aivlisoft.net\/shop\/producto\/edimax-en-9225tx-e-tarjeta-red-2-5gbe-pci-e-lp\/#primaryimage","url":"https:\/\/aivlisoft.net\/shop\/wp-content\/uploads\/2025\/01\/NADACA0198_800.jpg","contentUrl":"https:\/\/aivlisoft.net\/shop\/wp-content\/uploads\/2025\/01\/NADACA0198_800.jpg","width":800,"height":800},{"@type":"BreadcrumbList","@id":"https:\/\/aivlisoft.net\/shop\/producto\/edimax-en-9225tx-e-tarjeta-red-2-5gbe-pci-e-lp\/#breadcrumb","itemListElement":[{"@type":"ListItem","position":1,"name":"Portada","item":"https:\/\/aivlisoft.net\/shop\/"},{"@type":"ListItem","position":2,"name":"Tienda","item":"https:\/\/aivlisoft.net\/shop\/tienda\/"},{"@type":"ListItem","position":3,"name":"Edimax EN-9225TX-E Tarjeta Red 2.5GbE PCI-E LP"}]},{"@type":"WebSite","@id":"https:\/\/aivlisoft.net\/shop\/#website","url":"https:\/\/aivlisoft.net\/shop\/","name":"Aivlisoft Inform\u00e1tica","description":"En Aivlisoft Inform\u00e1tica ofrecemos soluciones tecnol\u00f3gicas para empresas: venta de ordenadores, consumibles, perif\u00e9ricos y m\u00e1s. Calidad, atenci\u00f3n personalizada y los mejores precios para tu negocio.","publisher":{"@id":"https:\/\/aivlisoft.net\/shop\/#organization"},"potentialAction":[{"@type":"SearchAction","target":{"@type":"EntryPoint","urlTemplate":"https:\/\/aivlisoft.net\/shop\/?s={search_term_string}"},"query-input":{"@type":"PropertyValueSpecification","valueRequired":true,"valueName":"search_term_string"}}],"inLanguage":"es"},{"@type":"Organization","@id":"https:\/\/aivlisoft.net\/shop\/#organization","name":"Aivlisoft Inform\u00e1tica","url":"https:\/\/aivlisoft.net\/shop\/","logo":{"@type":"ImageObject","inLanguage":"es","@id":"https:\/\/aivlisoft.net\/shop\/#\/schema\/logo\/image\/","url":"https:\/\/aivlisoft.net\/shop\/wp-content\/uploads\/2024\/12\/removal.ai_5b848c54-0cdf-4140-95c5-c5536bb7573b-logodef.png","contentUrl":"https:\/\/aivlisoft.net\/shop\/wp-content\/uploads\/2024\/12\/removal.ai_5b848c54-0cdf-4140-95c5-c5536bb7573b-logodef.png","width":484,"height":182,"caption":"Aivlisoft Inform\u00e1tica"},"image":{"@id":"https:\/\/aivlisoft.net\/shop\/#\/schema\/logo\/image\/"}}]}},"_links":{"self":[{"href":"https:\/\/aivlisoft.net\/shop\/wp-json\/wp\/v2\/product\/17825","targetHints":{"allow":["GET"]}}],"collection":[{"href":"https:\/\/aivlisoft.net\/shop\/wp-json\/wp\/v2\/product"}],"about":[{"href":"https:\/\/aivlisoft.net\/shop\/wp-json\/wp\/v2\/types\/product"}],"wp:featuredmedia":[{"embeddable":true,"href":"https:\/\/aivlisoft.net\/shop\/wp-json\/wp\/v2\/media\/17826"}],"wp:attachment":[{"href":"https:\/\/aivlisoft.net\/shop\/wp-json\/wp\/v2\/media?parent=17825"}],"wp:term":[{"taxonomy":"product_brand","embeddable":true,"href":"https:\/\/aivlisoft.net\/shop\/wp-json\/wp\/v2\/product_brand?post=17825"},{"taxonomy":"product_cat","embeddable":true,"href":"https:\/\/aivlisoft.net\/shop\/wp-json\/wp\/v2\/product_cat?post=17825"},{"taxonomy":"product_tag","embeddable":true,"href":"https:\/\/aivlisoft.net\/shop\/wp-json\/wp\/v2\/product_tag?post=17825"}],"curies":[{"name":"wp","href":"https:\/\/api.w.org\/{rel}","templated":true}]}}