{"id":17809,"date":"2025-01-13T15:16:00","date_gmt":"2025-01-13T15:16:00","guid":{"rendered":"https:\/\/aivlisoft.com\/?post_type=product&#038;p=17809"},"modified":"2025-01-14T11:35:33","modified_gmt":"2025-01-14T11:35:33","slug":"d-link-dub-e100-adaptador-usb-2-0-a-lan-10-100mbps","status":"publish","type":"product","link":"https:\/\/aivlisoft.net\/shop\/producto\/d-link-dub-e100-adaptador-usb-2-0-a-lan-10-100mbps\/","title":{"rendered":"D-Link DUB-E100 Adaptador USB 2.0 a LAN 10\/100Mbps"},"content":{"rendered":"<p>Ideal para MacBook Air&reg; y ultraport&aacute;tiles que no cuenten con puerto Ethernet.<\/p>\n<p>&#8211; Adaptador USB 2.0 a 10\/100 Ethernet Adapter autoalimentado<br \/>&#8211; Conexi&oacute;n Directa a la red<br \/>&#8211; Plug and Play<br \/>&#8211; Auto Detecci&oacute;n de velocidad<\/p>\n<p>Ideal para MacBook Air&reg; y ultraport&aacute;tiles que no cuenten con puerto Ethernet.<\/p>\n<p>El DUB-E100 es un adaptador de red con 1 puerto USB 2.0 y 1 puerto RJ-45 10\/100Mbps Fast Ethernet. Basado en la nueva especificaci&oacute;n USB 2.0, el DUB-E100 se puede conectar a cualquier ordenador o port&aacute;til dotado de un puerto USB y que soporte sistema operativo Microsoft Windows XP, Millenium, 2000 o 98SE, convirtiendo as&iacute; el interfaz USB en un puerto de red LAN tipo Ethernet o Fast Ethernet 10\/100Mbps.<\/p>\n<p>Como la mayor&iacute;a de dispositivos USB, el DUB-E100 elimina la necesidad de instalar y utilizar tarjetas ISA, PCI o PC Card para ofrecer conectividad LAN al ordenador o port&aacute;til. Gracias a este dispositivo no ser&aacute; necesario abrir el ordenador para la instalaci&oacute;n de la tarjeta de red.<\/p>\n<table class=\"tabla_caracteristicas k-table\" width=\"100%\">\n<tbody>\n<tr>\n<td valign=\"top\"><strong>Marca<\/strong><\/td>\n<td>D-Link<\/td>\n<\/tr>\n<tr>\n<td valign=\"top\"><strong>Modelo<\/strong><\/td>\n<td valign=\"top\"><strong>DUB-E100<\/strong><\/td>\n<\/tr>\n<tr>\n<td valign=\"top\"><strong>Caracter&iacute;sticas<\/strong><\/td>\n<td>&#8211; Interfaces de dispositivo:<br \/>&nbsp; USB tipo A<br \/>&nbsp; RJ-45 (10\/100 Mbps de doble velocidad)<br \/>&#8211; Consumo de energ&iacute;a: 150 mA, 3,3 V CC<br \/>&#8211; Dimensiones (L x An x Al): 73 x 21,3 x 20 mm<br \/>&#8211; Peso: 22 g<\/td>\n<\/tr>\n<tr>\n<td valign=\"top\"><strong>Fecha de revisi&oacute;n<\/strong><\/td>\n<td>14-08-2020 por MSB<\/td>\n<\/tr>\n<\/tbody>\n<\/table>\n","protected":false},"excerpt":{"rendered":"<p>Ideal para MacBook Air&reg; y ultraport&aacute;tiles que no cuenten con puerto Ethernet. &#8211; Adaptador USB 2.0 a 10\/100 Ethernet Adapter autoalimentado&#8211; Conexi&oacute;n Directa a la red&#8211; Plug and Play&#8211; Auto Detecci&oacute;n de velocidad Ideal para MacBook Air&reg; y ultraport&aacute;tiles que no cuenten con puerto Ethernet. El DUB-E100 es un adaptador de red con 1 puerto&hellip;&nbsp;<a href=\"https:\/\/aivlisoft.net\/shop\/producto\/d-link-dub-e100-adaptador-usb-2-0-a-lan-10-100mbps\/\" rel=\"bookmark\"><span class=\"screen-reader-text\">D-Link DUB-E100 Adaptador USB 2.0 a LAN 10\/100Mbps<\/span><\/a><\/p>\n","protected":false},"featured_media":17810,"template":"","meta":{"neve_meta_sidebar":"","neve_meta_container":"","neve_meta_enable_content_width":"","neve_meta_content_width":0,"neve_meta_title_alignment":"","neve_meta_author_avatar":"","neve_post_elements_order":"","neve_meta_disable_header":"","neve_meta_disable_footer":"","neve_meta_disable_title":""},"product_brand":[],"product_cat":[8763],"product_tag":[6541],"class_list":{"0":"post-17809","1":"product","2":"type-product","3":"status-publish","4":"has-post-thumbnail","6":"product_cat-red-cableada","7":"product_tag-dub-e100","9":"first","10":"instock","11":"taxable","12":"shipping-taxable","13":"purchasable","14":"product-type-simple"},"yoast_head":"<!-- This site is optimized with the Yoast SEO plugin v26.0 - https:\/\/yoast.com\/wordpress\/plugins\/seo\/ -->\n<title>D-Link DUB-E100 Adaptador USB 2.0 a LAN 10\/100Mbps - Aivlisoft Inform\u00e1tica<\/title>\n<meta name=\"robots\" content=\"index, follow, max-snippet:-1, max-image-preview:large, max-video-preview:-1\" \/>\n<link rel=\"canonical\" href=\"https:\/\/aivlisoft.net\/shop\/producto\/d-link-dub-e100-adaptador-usb-2-0-a-lan-10-100mbps\/\" \/>\n<meta property=\"og:locale\" content=\"es_ES\" \/>\n<meta property=\"og:type\" content=\"article\" \/>\n<meta property=\"og:title\" content=\"D-Link DUB-E100 Adaptador USB 2.0 a LAN 10\/100Mbps - Aivlisoft Inform\u00e1tica\" \/>\n<meta property=\"og:description\" content=\"Ideal para MacBook Air&reg; y ultraport&aacute;tiles que no cuenten con puerto Ethernet. &#8211; Adaptador USB 2.0 a 10\/100 Ethernet Adapter autoalimentado&#8211; Conexi&oacute;n Directa a la red&#8211; Plug and Play&#8211; Auto Detecci&oacute;n de velocidad Ideal para MacBook Air&reg; y ultraport&aacute;tiles que no cuenten con puerto Ethernet. El DUB-E100 es un adaptador de red con 1 puerto&hellip;&nbsp;D-Link DUB-E100 Adaptador USB 2.0 a LAN 10\/100Mbps\" \/>\n<meta property=\"og:url\" content=\"https:\/\/aivlisoft.net\/shop\/producto\/d-link-dub-e100-adaptador-usb-2-0-a-lan-10-100mbps\/\" \/>\n<meta property=\"og:site_name\" content=\"Aivlisoft Inform\u00e1tica\" \/>\n<meta property=\"article:modified_time\" content=\"2025-01-14T11:35:33+00:00\" \/>\n<meta property=\"og:image\" content=\"https:\/\/aivlisoft.net\/shop\/wp-content\/uploads\/2025\/01\/NADACA0186_800.jpg\" \/>\n\t<meta property=\"og:image:width\" content=\"800\" \/>\n\t<meta property=\"og:image:height\" content=\"800\" \/>\n\t<meta property=\"og:image:type\" content=\"image\/jpeg\" \/>\n<meta name=\"twitter:card\" content=\"summary_large_image\" \/>\n<meta name=\"twitter:label1\" content=\"Tiempo de lectura\" \/>\n\t<meta name=\"twitter:data1\" content=\"1 minuto\" \/>\n<script type=\"application\/ld+json\" class=\"yoast-schema-graph\">{\"@context\":\"https:\/\/schema.org\",\"@graph\":[{\"@type\":\"WebPage\",\"@id\":\"https:\/\/aivlisoft.net\/shop\/producto\/d-link-dub-e100-adaptador-usb-2-0-a-lan-10-100mbps\/\",\"url\":\"https:\/\/aivlisoft.net\/shop\/producto\/d-link-dub-e100-adaptador-usb-2-0-a-lan-10-100mbps\/\",\"name\":\"D-Link DUB-E100 Adaptador USB 2.0 a LAN 10\/100Mbps - Aivlisoft Inform\u00e1tica\",\"isPartOf\":{\"@id\":\"https:\/\/aivlisoft.net\/shop\/#website\"},\"primaryImageOfPage\":{\"@id\":\"https:\/\/aivlisoft.net\/shop\/producto\/d-link-dub-e100-adaptador-usb-2-0-a-lan-10-100mbps\/#primaryimage\"},\"image\":{\"@id\":\"https:\/\/aivlisoft.net\/shop\/producto\/d-link-dub-e100-adaptador-usb-2-0-a-lan-10-100mbps\/#primaryimage\"},\"thumbnailUrl\":\"https:\/\/aivlisoft.net\/shop\/wp-content\/uploads\/2025\/01\/NADACA0186_800.jpg\",\"datePublished\":\"2025-01-13T15:16:00+00:00\",\"dateModified\":\"2025-01-14T11:35:33+00:00\",\"breadcrumb\":{\"@id\":\"https:\/\/aivlisoft.net\/shop\/producto\/d-link-dub-e100-adaptador-usb-2-0-a-lan-10-100mbps\/#breadcrumb\"},\"inLanguage\":\"es\",\"potentialAction\":[{\"@type\":\"ReadAction\",\"target\":[\"https:\/\/aivlisoft.net\/shop\/producto\/d-link-dub-e100-adaptador-usb-2-0-a-lan-10-100mbps\/\"]}]},{\"@type\":\"ImageObject\",\"inLanguage\":\"es\",\"@id\":\"https:\/\/aivlisoft.net\/shop\/producto\/d-link-dub-e100-adaptador-usb-2-0-a-lan-10-100mbps\/#primaryimage\",\"url\":\"https:\/\/aivlisoft.net\/shop\/wp-content\/uploads\/2025\/01\/NADACA0186_800.jpg\",\"contentUrl\":\"https:\/\/aivlisoft.net\/shop\/wp-content\/uploads\/2025\/01\/NADACA0186_800.jpg\",\"width\":800,\"height\":800},{\"@type\":\"BreadcrumbList\",\"@id\":\"https:\/\/aivlisoft.net\/shop\/producto\/d-link-dub-e100-adaptador-usb-2-0-a-lan-10-100mbps\/#breadcrumb\",\"itemListElement\":[{\"@type\":\"ListItem\",\"position\":1,\"name\":\"Portada\",\"item\":\"https:\/\/aivlisoft.net\/shop\/\"},{\"@type\":\"ListItem\",\"position\":2,\"name\":\"Tienda\",\"item\":\"https:\/\/aivlisoft.net\/shop\/tienda\/\"},{\"@type\":\"ListItem\",\"position\":3,\"name\":\"D-Link DUB-E100 Adaptador USB 2.0 a LAN 10\/100Mbps\"}]},{\"@type\":\"WebSite\",\"@id\":\"https:\/\/aivlisoft.net\/shop\/#website\",\"url\":\"https:\/\/aivlisoft.net\/shop\/\",\"name\":\"Aivlisoft Inform\u00e1tica\",\"description\":\"En Aivlisoft Inform\u00e1tica ofrecemos soluciones tecnol\u00f3gicas para empresas: venta de ordenadores, consumibles, perif\u00e9ricos y m\u00e1s. Calidad, atenci\u00f3n personalizada y los mejores precios para tu negocio.\",\"publisher\":{\"@id\":\"https:\/\/aivlisoft.net\/shop\/#organization\"},\"potentialAction\":[{\"@type\":\"SearchAction\",\"target\":{\"@type\":\"EntryPoint\",\"urlTemplate\":\"https:\/\/aivlisoft.net\/shop\/?s={search_term_string}\"},\"query-input\":{\"@type\":\"PropertyValueSpecification\",\"valueRequired\":true,\"valueName\":\"search_term_string\"}}],\"inLanguage\":\"es\"},{\"@type\":\"Organization\",\"@id\":\"https:\/\/aivlisoft.net\/shop\/#organization\",\"name\":\"Aivlisoft Inform\u00e1tica\",\"url\":\"https:\/\/aivlisoft.net\/shop\/\",\"logo\":{\"@type\":\"ImageObject\",\"inLanguage\":\"es\",\"@id\":\"https:\/\/aivlisoft.net\/shop\/#\/schema\/logo\/image\/\",\"url\":\"https:\/\/aivlisoft.net\/shop\/wp-content\/uploads\/2024\/12\/removal.ai_5b848c54-0cdf-4140-95c5-c5536bb7573b-logodef.png\",\"contentUrl\":\"https:\/\/aivlisoft.net\/shop\/wp-content\/uploads\/2024\/12\/removal.ai_5b848c54-0cdf-4140-95c5-c5536bb7573b-logodef.png\",\"width\":484,\"height\":182,\"caption\":\"Aivlisoft Inform\u00e1tica\"},\"image\":{\"@id\":\"https:\/\/aivlisoft.net\/shop\/#\/schema\/logo\/image\/\"}}]}<\/script>\n<!-- \/ Yoast SEO plugin. -->","yoast_head_json":{"title":"D-Link DUB-E100 Adaptador USB 2.0 a LAN 10\/100Mbps - Aivlisoft Inform\u00e1tica","robots":{"index":"index","follow":"follow","max-snippet":"max-snippet:-1","max-image-preview":"max-image-preview:large","max-video-preview":"max-video-preview:-1"},"canonical":"https:\/\/aivlisoft.net\/shop\/producto\/d-link-dub-e100-adaptador-usb-2-0-a-lan-10-100mbps\/","og_locale":"es_ES","og_type":"article","og_title":"D-Link DUB-E100 Adaptador USB 2.0 a LAN 10\/100Mbps - Aivlisoft Inform\u00e1tica","og_description":"Ideal para MacBook Air&reg; y ultraport&aacute;tiles que no cuenten con puerto Ethernet. &#8211; Adaptador USB 2.0 a 10\/100 Ethernet Adapter autoalimentado&#8211; Conexi&oacute;n Directa a la red&#8211; Plug and Play&#8211; Auto Detecci&oacute;n de velocidad Ideal para MacBook Air&reg; y ultraport&aacute;tiles que no cuenten con puerto Ethernet. El DUB-E100 es un adaptador de red con 1 puerto&hellip;&nbsp;D-Link DUB-E100 Adaptador USB 2.0 a LAN 10\/100Mbps","og_url":"https:\/\/aivlisoft.net\/shop\/producto\/d-link-dub-e100-adaptador-usb-2-0-a-lan-10-100mbps\/","og_site_name":"Aivlisoft Inform\u00e1tica","article_modified_time":"2025-01-14T11:35:33+00:00","og_image":[{"width":800,"height":800,"url":"https:\/\/aivlisoft.net\/shop\/wp-content\/uploads\/2025\/01\/NADACA0186_800.jpg","type":"image\/jpeg"}],"twitter_card":"summary_large_image","twitter_misc":{"Tiempo de lectura":"1 minuto"},"schema":{"@context":"https:\/\/schema.org","@graph":[{"@type":"WebPage","@id":"https:\/\/aivlisoft.net\/shop\/producto\/d-link-dub-e100-adaptador-usb-2-0-a-lan-10-100mbps\/","url":"https:\/\/aivlisoft.net\/shop\/producto\/d-link-dub-e100-adaptador-usb-2-0-a-lan-10-100mbps\/","name":"D-Link DUB-E100 Adaptador USB 2.0 a LAN 10\/100Mbps - Aivlisoft Inform\u00e1tica","isPartOf":{"@id":"https:\/\/aivlisoft.net\/shop\/#website"},"primaryImageOfPage":{"@id":"https:\/\/aivlisoft.net\/shop\/producto\/d-link-dub-e100-adaptador-usb-2-0-a-lan-10-100mbps\/#primaryimage"},"image":{"@id":"https:\/\/aivlisoft.net\/shop\/producto\/d-link-dub-e100-adaptador-usb-2-0-a-lan-10-100mbps\/#primaryimage"},"thumbnailUrl":"https:\/\/aivlisoft.net\/shop\/wp-content\/uploads\/2025\/01\/NADACA0186_800.jpg","datePublished":"2025-01-13T15:16:00+00:00","dateModified":"2025-01-14T11:35:33+00:00","breadcrumb":{"@id":"https:\/\/aivlisoft.net\/shop\/producto\/d-link-dub-e100-adaptador-usb-2-0-a-lan-10-100mbps\/#breadcrumb"},"inLanguage":"es","potentialAction":[{"@type":"ReadAction","target":["https:\/\/aivlisoft.net\/shop\/producto\/d-link-dub-e100-adaptador-usb-2-0-a-lan-10-100mbps\/"]}]},{"@type":"ImageObject","inLanguage":"es","@id":"https:\/\/aivlisoft.net\/shop\/producto\/d-link-dub-e100-adaptador-usb-2-0-a-lan-10-100mbps\/#primaryimage","url":"https:\/\/aivlisoft.net\/shop\/wp-content\/uploads\/2025\/01\/NADACA0186_800.jpg","contentUrl":"https:\/\/aivlisoft.net\/shop\/wp-content\/uploads\/2025\/01\/NADACA0186_800.jpg","width":800,"height":800},{"@type":"BreadcrumbList","@id":"https:\/\/aivlisoft.net\/shop\/producto\/d-link-dub-e100-adaptador-usb-2-0-a-lan-10-100mbps\/#breadcrumb","itemListElement":[{"@type":"ListItem","position":1,"name":"Portada","item":"https:\/\/aivlisoft.net\/shop\/"},{"@type":"ListItem","position":2,"name":"Tienda","item":"https:\/\/aivlisoft.net\/shop\/tienda\/"},{"@type":"ListItem","position":3,"name":"D-Link DUB-E100 Adaptador USB 2.0 a LAN 10\/100Mbps"}]},{"@type":"WebSite","@id":"https:\/\/aivlisoft.net\/shop\/#website","url":"https:\/\/aivlisoft.net\/shop\/","name":"Aivlisoft Inform\u00e1tica","description":"En Aivlisoft Inform\u00e1tica ofrecemos soluciones tecnol\u00f3gicas para empresas: venta de ordenadores, consumibles, perif\u00e9ricos y m\u00e1s. Calidad, atenci\u00f3n personalizada y los mejores precios para tu negocio.","publisher":{"@id":"https:\/\/aivlisoft.net\/shop\/#organization"},"potentialAction":[{"@type":"SearchAction","target":{"@type":"EntryPoint","urlTemplate":"https:\/\/aivlisoft.net\/shop\/?s={search_term_string}"},"query-input":{"@type":"PropertyValueSpecification","valueRequired":true,"valueName":"search_term_string"}}],"inLanguage":"es"},{"@type":"Organization","@id":"https:\/\/aivlisoft.net\/shop\/#organization","name":"Aivlisoft Inform\u00e1tica","url":"https:\/\/aivlisoft.net\/shop\/","logo":{"@type":"ImageObject","inLanguage":"es","@id":"https:\/\/aivlisoft.net\/shop\/#\/schema\/logo\/image\/","url":"https:\/\/aivlisoft.net\/shop\/wp-content\/uploads\/2024\/12\/removal.ai_5b848c54-0cdf-4140-95c5-c5536bb7573b-logodef.png","contentUrl":"https:\/\/aivlisoft.net\/shop\/wp-content\/uploads\/2024\/12\/removal.ai_5b848c54-0cdf-4140-95c5-c5536bb7573b-logodef.png","width":484,"height":182,"caption":"Aivlisoft Inform\u00e1tica"},"image":{"@id":"https:\/\/aivlisoft.net\/shop\/#\/schema\/logo\/image\/"}}]}},"_links":{"self":[{"href":"https:\/\/aivlisoft.net\/shop\/wp-json\/wp\/v2\/product\/17809","targetHints":{"allow":["GET"]}}],"collection":[{"href":"https:\/\/aivlisoft.net\/shop\/wp-json\/wp\/v2\/product"}],"about":[{"href":"https:\/\/aivlisoft.net\/shop\/wp-json\/wp\/v2\/types\/product"}],"wp:featuredmedia":[{"embeddable":true,"href":"https:\/\/aivlisoft.net\/shop\/wp-json\/wp\/v2\/media\/17810"}],"wp:attachment":[{"href":"https:\/\/aivlisoft.net\/shop\/wp-json\/wp\/v2\/media?parent=17809"}],"wp:term":[{"taxonomy":"product_brand","embeddable":true,"href":"https:\/\/aivlisoft.net\/shop\/wp-json\/wp\/v2\/product_brand?post=17809"},{"taxonomy":"product_cat","embeddable":true,"href":"https:\/\/aivlisoft.net\/shop\/wp-json\/wp\/v2\/product_cat?post=17809"},{"taxonomy":"product_tag","embeddable":true,"href":"https:\/\/aivlisoft.net\/shop\/wp-json\/wp\/v2\/product_tag?post=17809"}],"curies":[{"name":"wp","href":"https:\/\/api.w.org\/{rel}","templated":true}]}}