{"id":17781,"date":"2025-01-13T15:15:41","date_gmt":"2025-01-13T15:15:41","guid":{"rendered":"https:\/\/aivlisoft.com\/?post_type=product&#038;p=17781"},"modified":"2025-01-14T11:35:21","modified_gmt":"2025-01-14T11:35:21","slug":"tp-link-mc100cm-conversor-medios-multi-modo-10-100","status":"publish","type":"product","link":"https:\/\/aivlisoft.net\/shop\/producto\/tp-link-mc100cm-conversor-medios-multi-modo-10-100\/","title":{"rendered":"TP-LINK MC100CM Conversor Medios Multi Modo 10\/100"},"content":{"rendered":"<p><strong><\/strong><strong>Conversor de medios multimodo a 10\/100 Mbps <\/strong><\/p>\n<p>&#8211; Compatible con los est&aacute;ndares 802.3u 10\/100 Base-TX, 100Base-FX.<br \/>&#8211; Modo de transferencia Half-Duplex\/Full-Duplex con auto-negociaci&oacute;n<br \/>&#8211; Ampl&iacute;a la distancia de fibra de hasta 2 km<\/p>\n<table class=\"tabla_caracteristicas k-table\" width=\"100%\">\n<tbody>\n<tr>\n<td valign=\"top\"><strong>Marca<\/strong><\/td>\n<td>TP-LINK<\/td>\n<\/tr>\n<tr>\n<td valign=\"top\"><strong>Modelo<\/strong><\/td>\n<td valign=\"top\"><strong><\/strong><strong>MC100CM<\/strong><\/td>\n<\/tr>\n<tr>\n<td valign=\"top\"><strong>Caracter&iacute;sticas<\/strong><\/td>\n<td><strong>Est&aacute;ndares y Protocolos &nbsp;&nbsp; &nbsp;<\/strong><br \/>&#8211; IEEE 802.3, IEEE 802.3u, IEEE 802.3x <br \/><strong>Funciones B&aacute;sicas &nbsp;&nbsp; &nbsp;<\/strong><br \/>&#8211; Modo de transferencia D&uacute;plex Completo\/Medio del puerto FX<br \/>&#8211; Control de flujo D&uacute;plex completo (IEEE 802.3x)<br \/>&#8211; Control de flujo D&uacute;plex medio (contrapresi&oacute;n)<br \/>&#8211; Ampl&iacute;a la distancia de fibra de hasta 2 km <br \/><strong>Puertos &nbsp;&nbsp; &nbsp;<\/strong><br \/>&#8211; 1 puerto SC\/UPC 100M<br \/>&#8211; 1 puerto RJ45 100M (Auto MDI \/ MDIX) <br \/><strong>Longitud de Onda &nbsp;&nbsp; &nbsp;<\/strong><br \/>&#8211; 1310nm <br \/><strong>Medio de Red 10BASE-T &nbsp;&nbsp; &nbsp;<\/strong><br \/>&#8211; Cable 3, 4, 5 categor&iacute;a UTP categor&iacute;a(m&aacute;ximo 100m)<br \/>&#8211; EIA\/TIA-568 100&Omega; STP (m&aacute;ximo 100m) <br \/><strong>Medio de Red 100BASE-T &nbsp;&nbsp; &nbsp;<\/strong><br \/>&#8211; Cable 5, 5e categor&iacute;a UTP categor&iacute;a(m&aacute;ximo 100m)<br \/>&#8211; EIA\/TIA-568 100&Omega; STP (m&aacute;ximo 100m) <br \/><strong>Medio de Red 100BASE-FX &nbsp;&nbsp; &nbsp;<\/strong><br \/>&#8211; Fibra multimodo &nbsp;<br \/><strong>Indicadores de LED &nbsp;&nbsp; &nbsp;<\/strong><br \/>&#8211; PWR, FDX\/Col, Link\/Act, SPD <br \/><strong>Dimensiones (W*D*H) &nbsp;&nbsp; &nbsp;<\/strong><br \/>&#8211; 94.5 x 73.0 x 27.0 mm <br \/><strong>Fuente de Alimentaci&oacute;n &nbsp;&nbsp; &nbsp;<\/strong><br \/>&#8211; Adaptador externo de alimentaci&oacute;n &nbsp;<br \/><strong>Max Power Consumption &nbsp;&nbsp; &nbsp;<\/strong><br \/>&#8211; 2.5W <br \/><strong>Seguridad y Emisi&oacute;n &nbsp;&nbsp; &nbsp;<\/strong><br \/>&#8211; FCC, CE, RoHS <br \/><strong>Ambiente &nbsp;&nbsp; &nbsp;<\/strong><br \/>&#8211; Temperatura de funcionamiento: 0&ordm;C ~ 40&ordm;C<br \/>&#8211; Temperatura de almacenamiento: -40&ordm;C ~ 70&ordm;C<br \/>&#8211; Humedad: 10% ~ 90% sin condensaci&oacute;n<br \/>&#8211; Humedad de almacenamiento: 5% ~ 90% sin condensaci&oacute;n <\/td>\n<\/tr>\n<tr>\n<td valign=\"top\"><strong>Fecha Revisi&oacute;n<\/strong><\/td>\n<td>31-05-2019 por AVN<\/td>\n<\/tr>\n<\/tbody>\n<\/table>\n","protected":false},"excerpt":{"rendered":"<p>Conversor de medios multimodo a 10\/100 Mbps &#8211; Compatible con los est&aacute;ndares 802.3u 10\/100 Base-TX, 100Base-FX.&#8211; Modo de transferencia Half-Duplex\/Full-Duplex con auto-negociaci&oacute;n&#8211; Ampl&iacute;a la distancia de fibra de hasta 2 km Marca TP-LINK Modelo MC100CM Caracter&iacute;sticas Est&aacute;ndares y Protocolos &nbsp;&nbsp; &nbsp;&#8211; IEEE 802.3, IEEE 802.3u, IEEE 802.3x Funciones B&aacute;sicas &nbsp;&nbsp; &nbsp;&#8211; Modo de transferencia D&uacute;plex&hellip;&nbsp;<a href=\"https:\/\/aivlisoft.net\/shop\/producto\/tp-link-mc100cm-conversor-medios-multi-modo-10-100\/\" rel=\"bookmark\"><span class=\"screen-reader-text\">TP-LINK MC100CM Conversor Medios Multi Modo 10\/100<\/span><\/a><\/p>\n","protected":false},"featured_media":17782,"template":"","meta":{"neve_meta_sidebar":"","neve_meta_container":"","neve_meta_enable_content_width":"","neve_meta_content_width":0,"neve_meta_title_alignment":"","neve_meta_author_avatar":"","neve_post_elements_order":"","neve_meta_disable_header":"","neve_meta_disable_footer":"","neve_meta_disable_title":""},"product_brand":[],"product_cat":[8763],"product_tag":[6531],"class_list":{"0":"post-17781","1":"product","2":"type-product","3":"status-publish","4":"has-post-thumbnail","6":"product_cat-red-cableada","7":"product_tag-mc100cm","9":"first","10":"instock","11":"taxable","12":"shipping-taxable","13":"purchasable","14":"product-type-simple"},"yoast_head":"<!-- This site is optimized with the Yoast SEO plugin v26.0 - https:\/\/yoast.com\/wordpress\/plugins\/seo\/ -->\n<title>TP-LINK MC100CM Conversor Medios Multi Modo 10\/100 - Aivlisoft Inform\u00e1tica<\/title>\n<meta name=\"robots\" content=\"index, follow, max-snippet:-1, max-image-preview:large, max-video-preview:-1\" \/>\n<link rel=\"canonical\" href=\"https:\/\/aivlisoft.net\/shop\/producto\/tp-link-mc100cm-conversor-medios-multi-modo-10-100\/\" \/>\n<meta property=\"og:locale\" content=\"es_ES\" \/>\n<meta property=\"og:type\" content=\"article\" \/>\n<meta property=\"og:title\" content=\"TP-LINK MC100CM Conversor Medios Multi Modo 10\/100 - Aivlisoft Inform\u00e1tica\" \/>\n<meta property=\"og:description\" content=\"Conversor de medios multimodo a 10\/100 Mbps &#8211; Compatible con los est&aacute;ndares 802.3u 10\/100 Base-TX, 100Base-FX.&#8211; Modo de transferencia Half-Duplex\/Full-Duplex con auto-negociaci&oacute;n&#8211; Ampl&iacute;a la distancia de fibra de hasta 2 km Marca TP-LINK Modelo MC100CM Caracter&iacute;sticas Est&aacute;ndares y Protocolos &nbsp;&nbsp; &nbsp;&#8211; IEEE 802.3, IEEE 802.3u, IEEE 802.3x Funciones B&aacute;sicas &nbsp;&nbsp; &nbsp;&#8211; Modo de transferencia D&uacute;plex&hellip;&nbsp;TP-LINK MC100CM Conversor Medios Multi Modo 10\/100\" \/>\n<meta property=\"og:url\" content=\"https:\/\/aivlisoft.net\/shop\/producto\/tp-link-mc100cm-conversor-medios-multi-modo-10-100\/\" \/>\n<meta property=\"og:site_name\" content=\"Aivlisoft Inform\u00e1tica\" \/>\n<meta property=\"article:modified_time\" content=\"2025-01-14T11:35:21+00:00\" \/>\n<meta property=\"og:image\" content=\"https:\/\/aivlisoft.net\/shop\/wp-content\/uploads\/2025\/01\/NADACA0168_800.jpg\" \/>\n\t<meta property=\"og:image:width\" content=\"800\" \/>\n\t<meta property=\"og:image:height\" content=\"800\" \/>\n\t<meta property=\"og:image:type\" content=\"image\/jpeg\" \/>\n<meta name=\"twitter:card\" content=\"summary_large_image\" \/>\n<meta name=\"twitter:label1\" content=\"Tiempo de lectura\" \/>\n\t<meta name=\"twitter:data1\" content=\"1 minuto\" \/>\n<script type=\"application\/ld+json\" class=\"yoast-schema-graph\">{\"@context\":\"https:\/\/schema.org\",\"@graph\":[{\"@type\":\"WebPage\",\"@id\":\"https:\/\/aivlisoft.net\/shop\/producto\/tp-link-mc100cm-conversor-medios-multi-modo-10-100\/\",\"url\":\"https:\/\/aivlisoft.net\/shop\/producto\/tp-link-mc100cm-conversor-medios-multi-modo-10-100\/\",\"name\":\"TP-LINK MC100CM Conversor Medios Multi Modo 10\/100 - Aivlisoft Inform\u00e1tica\",\"isPartOf\":{\"@id\":\"https:\/\/aivlisoft.net\/shop\/#website\"},\"primaryImageOfPage\":{\"@id\":\"https:\/\/aivlisoft.net\/shop\/producto\/tp-link-mc100cm-conversor-medios-multi-modo-10-100\/#primaryimage\"},\"image\":{\"@id\":\"https:\/\/aivlisoft.net\/shop\/producto\/tp-link-mc100cm-conversor-medios-multi-modo-10-100\/#primaryimage\"},\"thumbnailUrl\":\"https:\/\/aivlisoft.net\/shop\/wp-content\/uploads\/2025\/01\/NADACA0168_800.jpg\",\"datePublished\":\"2025-01-13T15:15:41+00:00\",\"dateModified\":\"2025-01-14T11:35:21+00:00\",\"breadcrumb\":{\"@id\":\"https:\/\/aivlisoft.net\/shop\/producto\/tp-link-mc100cm-conversor-medios-multi-modo-10-100\/#breadcrumb\"},\"inLanguage\":\"es\",\"potentialAction\":[{\"@type\":\"ReadAction\",\"target\":[\"https:\/\/aivlisoft.net\/shop\/producto\/tp-link-mc100cm-conversor-medios-multi-modo-10-100\/\"]}]},{\"@type\":\"ImageObject\",\"inLanguage\":\"es\",\"@id\":\"https:\/\/aivlisoft.net\/shop\/producto\/tp-link-mc100cm-conversor-medios-multi-modo-10-100\/#primaryimage\",\"url\":\"https:\/\/aivlisoft.net\/shop\/wp-content\/uploads\/2025\/01\/NADACA0168_800.jpg\",\"contentUrl\":\"https:\/\/aivlisoft.net\/shop\/wp-content\/uploads\/2025\/01\/NADACA0168_800.jpg\",\"width\":800,\"height\":800},{\"@type\":\"BreadcrumbList\",\"@id\":\"https:\/\/aivlisoft.net\/shop\/producto\/tp-link-mc100cm-conversor-medios-multi-modo-10-100\/#breadcrumb\",\"itemListElement\":[{\"@type\":\"ListItem\",\"position\":1,\"name\":\"Portada\",\"item\":\"https:\/\/aivlisoft.net\/shop\/\"},{\"@type\":\"ListItem\",\"position\":2,\"name\":\"Tienda\",\"item\":\"https:\/\/aivlisoft.net\/shop\/tienda\/\"},{\"@type\":\"ListItem\",\"position\":3,\"name\":\"TP-LINK MC100CM Conversor Medios Multi Modo 10\/100\"}]},{\"@type\":\"WebSite\",\"@id\":\"https:\/\/aivlisoft.net\/shop\/#website\",\"url\":\"https:\/\/aivlisoft.net\/shop\/\",\"name\":\"Aivlisoft Inform\u00e1tica\",\"description\":\"En Aivlisoft Inform\u00e1tica ofrecemos soluciones tecnol\u00f3gicas para empresas: venta de ordenadores, consumibles, perif\u00e9ricos y m\u00e1s. Calidad, atenci\u00f3n personalizada y los mejores precios para tu negocio.\",\"publisher\":{\"@id\":\"https:\/\/aivlisoft.net\/shop\/#organization\"},\"potentialAction\":[{\"@type\":\"SearchAction\",\"target\":{\"@type\":\"EntryPoint\",\"urlTemplate\":\"https:\/\/aivlisoft.net\/shop\/?s={search_term_string}\"},\"query-input\":{\"@type\":\"PropertyValueSpecification\",\"valueRequired\":true,\"valueName\":\"search_term_string\"}}],\"inLanguage\":\"es\"},{\"@type\":\"Organization\",\"@id\":\"https:\/\/aivlisoft.net\/shop\/#organization\",\"name\":\"Aivlisoft Inform\u00e1tica\",\"url\":\"https:\/\/aivlisoft.net\/shop\/\",\"logo\":{\"@type\":\"ImageObject\",\"inLanguage\":\"es\",\"@id\":\"https:\/\/aivlisoft.net\/shop\/#\/schema\/logo\/image\/\",\"url\":\"https:\/\/aivlisoft.net\/shop\/wp-content\/uploads\/2024\/12\/removal.ai_5b848c54-0cdf-4140-95c5-c5536bb7573b-logodef.png\",\"contentUrl\":\"https:\/\/aivlisoft.net\/shop\/wp-content\/uploads\/2024\/12\/removal.ai_5b848c54-0cdf-4140-95c5-c5536bb7573b-logodef.png\",\"width\":484,\"height\":182,\"caption\":\"Aivlisoft Inform\u00e1tica\"},\"image\":{\"@id\":\"https:\/\/aivlisoft.net\/shop\/#\/schema\/logo\/image\/\"}}]}<\/script>\n<!-- \/ Yoast SEO plugin. -->","yoast_head_json":{"title":"TP-LINK MC100CM Conversor Medios Multi Modo 10\/100 - Aivlisoft Inform\u00e1tica","robots":{"index":"index","follow":"follow","max-snippet":"max-snippet:-1","max-image-preview":"max-image-preview:large","max-video-preview":"max-video-preview:-1"},"canonical":"https:\/\/aivlisoft.net\/shop\/producto\/tp-link-mc100cm-conversor-medios-multi-modo-10-100\/","og_locale":"es_ES","og_type":"article","og_title":"TP-LINK MC100CM Conversor Medios Multi Modo 10\/100 - Aivlisoft Inform\u00e1tica","og_description":"Conversor de medios multimodo a 10\/100 Mbps &#8211; Compatible con los est&aacute;ndares 802.3u 10\/100 Base-TX, 100Base-FX.&#8211; Modo de transferencia Half-Duplex\/Full-Duplex con auto-negociaci&oacute;n&#8211; Ampl&iacute;a la distancia de fibra de hasta 2 km Marca TP-LINK Modelo MC100CM Caracter&iacute;sticas Est&aacute;ndares y Protocolos &nbsp;&nbsp; &nbsp;&#8211; IEEE 802.3, IEEE 802.3u, IEEE 802.3x Funciones B&aacute;sicas &nbsp;&nbsp; &nbsp;&#8211; Modo de transferencia D&uacute;plex&hellip;&nbsp;TP-LINK MC100CM Conversor Medios Multi Modo 10\/100","og_url":"https:\/\/aivlisoft.net\/shop\/producto\/tp-link-mc100cm-conversor-medios-multi-modo-10-100\/","og_site_name":"Aivlisoft Inform\u00e1tica","article_modified_time":"2025-01-14T11:35:21+00:00","og_image":[{"width":800,"height":800,"url":"https:\/\/aivlisoft.net\/shop\/wp-content\/uploads\/2025\/01\/NADACA0168_800.jpg","type":"image\/jpeg"}],"twitter_card":"summary_large_image","twitter_misc":{"Tiempo de lectura":"1 minuto"},"schema":{"@context":"https:\/\/schema.org","@graph":[{"@type":"WebPage","@id":"https:\/\/aivlisoft.net\/shop\/producto\/tp-link-mc100cm-conversor-medios-multi-modo-10-100\/","url":"https:\/\/aivlisoft.net\/shop\/producto\/tp-link-mc100cm-conversor-medios-multi-modo-10-100\/","name":"TP-LINK MC100CM Conversor Medios Multi Modo 10\/100 - Aivlisoft Inform\u00e1tica","isPartOf":{"@id":"https:\/\/aivlisoft.net\/shop\/#website"},"primaryImageOfPage":{"@id":"https:\/\/aivlisoft.net\/shop\/producto\/tp-link-mc100cm-conversor-medios-multi-modo-10-100\/#primaryimage"},"image":{"@id":"https:\/\/aivlisoft.net\/shop\/producto\/tp-link-mc100cm-conversor-medios-multi-modo-10-100\/#primaryimage"},"thumbnailUrl":"https:\/\/aivlisoft.net\/shop\/wp-content\/uploads\/2025\/01\/NADACA0168_800.jpg","datePublished":"2025-01-13T15:15:41+00:00","dateModified":"2025-01-14T11:35:21+00:00","breadcrumb":{"@id":"https:\/\/aivlisoft.net\/shop\/producto\/tp-link-mc100cm-conversor-medios-multi-modo-10-100\/#breadcrumb"},"inLanguage":"es","potentialAction":[{"@type":"ReadAction","target":["https:\/\/aivlisoft.net\/shop\/producto\/tp-link-mc100cm-conversor-medios-multi-modo-10-100\/"]}]},{"@type":"ImageObject","inLanguage":"es","@id":"https:\/\/aivlisoft.net\/shop\/producto\/tp-link-mc100cm-conversor-medios-multi-modo-10-100\/#primaryimage","url":"https:\/\/aivlisoft.net\/shop\/wp-content\/uploads\/2025\/01\/NADACA0168_800.jpg","contentUrl":"https:\/\/aivlisoft.net\/shop\/wp-content\/uploads\/2025\/01\/NADACA0168_800.jpg","width":800,"height":800},{"@type":"BreadcrumbList","@id":"https:\/\/aivlisoft.net\/shop\/producto\/tp-link-mc100cm-conversor-medios-multi-modo-10-100\/#breadcrumb","itemListElement":[{"@type":"ListItem","position":1,"name":"Portada","item":"https:\/\/aivlisoft.net\/shop\/"},{"@type":"ListItem","position":2,"name":"Tienda","item":"https:\/\/aivlisoft.net\/shop\/tienda\/"},{"@type":"ListItem","position":3,"name":"TP-LINK MC100CM Conversor Medios Multi Modo 10\/100"}]},{"@type":"WebSite","@id":"https:\/\/aivlisoft.net\/shop\/#website","url":"https:\/\/aivlisoft.net\/shop\/","name":"Aivlisoft Inform\u00e1tica","description":"En Aivlisoft Inform\u00e1tica ofrecemos soluciones tecnol\u00f3gicas para empresas: venta de ordenadores, consumibles, perif\u00e9ricos y m\u00e1s. Calidad, atenci\u00f3n personalizada y los mejores precios para tu negocio.","publisher":{"@id":"https:\/\/aivlisoft.net\/shop\/#organization"},"potentialAction":[{"@type":"SearchAction","target":{"@type":"EntryPoint","urlTemplate":"https:\/\/aivlisoft.net\/shop\/?s={search_term_string}"},"query-input":{"@type":"PropertyValueSpecification","valueRequired":true,"valueName":"search_term_string"}}],"inLanguage":"es"},{"@type":"Organization","@id":"https:\/\/aivlisoft.net\/shop\/#organization","name":"Aivlisoft Inform\u00e1tica","url":"https:\/\/aivlisoft.net\/shop\/","logo":{"@type":"ImageObject","inLanguage":"es","@id":"https:\/\/aivlisoft.net\/shop\/#\/schema\/logo\/image\/","url":"https:\/\/aivlisoft.net\/shop\/wp-content\/uploads\/2024\/12\/removal.ai_5b848c54-0cdf-4140-95c5-c5536bb7573b-logodef.png","contentUrl":"https:\/\/aivlisoft.net\/shop\/wp-content\/uploads\/2024\/12\/removal.ai_5b848c54-0cdf-4140-95c5-c5536bb7573b-logodef.png","width":484,"height":182,"caption":"Aivlisoft Inform\u00e1tica"},"image":{"@id":"https:\/\/aivlisoft.net\/shop\/#\/schema\/logo\/image\/"}}]}},"_links":{"self":[{"href":"https:\/\/aivlisoft.net\/shop\/wp-json\/wp\/v2\/product\/17781","targetHints":{"allow":["GET"]}}],"collection":[{"href":"https:\/\/aivlisoft.net\/shop\/wp-json\/wp\/v2\/product"}],"about":[{"href":"https:\/\/aivlisoft.net\/shop\/wp-json\/wp\/v2\/types\/product"}],"wp:featuredmedia":[{"embeddable":true,"href":"https:\/\/aivlisoft.net\/shop\/wp-json\/wp\/v2\/media\/17782"}],"wp:attachment":[{"href":"https:\/\/aivlisoft.net\/shop\/wp-json\/wp\/v2\/media?parent=17781"}],"wp:term":[{"taxonomy":"product_brand","embeddable":true,"href":"https:\/\/aivlisoft.net\/shop\/wp-json\/wp\/v2\/product_brand?post=17781"},{"taxonomy":"product_cat","embeddable":true,"href":"https:\/\/aivlisoft.net\/shop\/wp-json\/wp\/v2\/product_cat?post=17781"},{"taxonomy":"product_tag","embeddable":true,"href":"https:\/\/aivlisoft.net\/shop\/wp-json\/wp\/v2\/product_tag?post=17781"}],"curies":[{"name":"wp","href":"https:\/\/api.w.org\/{rel}","templated":true}]}}