{"id":17779,"date":"2025-01-13T15:15:40","date_gmt":"2025-01-13T15:15:40","guid":{"rendered":"https:\/\/aivlisoft.com\/?post_type=product&#038;p=17779"},"modified":"2025-01-14T11:35:20","modified_gmt":"2025-01-14T11:35:20","slug":"tp-link-mc110cs-conversor-medios-mono-modo-10-100m","status":"publish","type":"product","link":"https:\/\/aivlisoft.net\/shop\/producto\/tp-link-mc110cs-conversor-medios-mono-modo-10-100m\/","title":{"rendered":"TP-LINK MC110CS Conversor Medios Mono Modo 10\/100M"},"content":{"rendered":"<p><strong>Conversor de medios monomodo a 10\/100 Mbps <\/strong><\/p>\n<p>&#8211; Compatible con los est&aacute;ndares 802.3u 10\/100 Base-TX, 100Base-FX.<br \/>&#8211; El paso de enlace de fallas y errores minimizan oportunamente la p&eacute;rdida causada por la falla en el enlace<br \/>&#8211; Proporciona configuraci&oacute;n del switch de Modo de transferencia Medio D&uacute;plex\/D&uacute;plex Completo para el puerto FX.<br \/>&#8211; Ampl&iacute;a la distancia de la fibra hasta el 20-60km<\/p>\n<table class=\"tabla_caracteristicas k-table\" width=\"100%\">\n<tbody>\n<tr>\n<td valign=\"top\"><strong>Marca<\/strong><\/td>\n<td>TP-LINK<\/td>\n<\/tr>\n<tr>\n<td valign=\"top\"><strong>Modelo<\/strong><\/td>\n<td valign=\"top\"><strong>MC110CS<\/strong><\/td>\n<\/tr>\n<tr>\n<td valign=\"top\"><strong>Caracter&iacute;sticas<\/strong><\/td>\n<td><strong>Est&aacute;ndares y Protocolos &nbsp;&nbsp; &nbsp;<\/strong><br \/>&#8211; IEEE 802.3, IEEE 802.3u, IEEE 802.3x <br \/><strong>Funciones B&aacute;sicas &nbsp;&nbsp; &nbsp;<\/strong><br \/>&#8211; Modo de transferencia D&uacute;plex Completo\/Medio del puerto FX<br \/>&#8211; Control de flujo D&uacute;plex completo (IEEE 802.3x)<br \/>&#8211; Control de flujo D&uacute;plex medio (contrapresi&oacute;n)<br \/>&#8211; Ampl&iacute;a la distancia de fibra de hasta 2 km <br \/><strong>Puertos &nbsp;&nbsp; &nbsp;<\/strong><br \/>&#8211; 1 puerto SC\/UPC 100M<br \/>&#8211; 1 puerto RJ45 100M (Auto MDI \/ MDIX) <br \/><strong>Longitud de Onda &nbsp;&nbsp; &nbsp;<\/strong><br \/>&#8211; 1310nm <br \/><strong>Medio de Red 10BASE-T &nbsp;&nbsp; &nbsp;<\/strong><br \/>&#8211; Cable 3, 4, 5 categor&iacute;a UTP categor&iacute;a(m&aacute;ximo 100m)<br \/>&#8211; EIA\/TIA-568 100&Omega; STP (m&aacute;ximo 100m) <br \/><strong>Medio de Red 100BASE-T &nbsp;&nbsp; &nbsp;<\/strong><br \/>&#8211; Cable 5, 5e categor&iacute;a UTP categor&iacute;a(m&aacute;ximo 100m)<br \/>&#8211; EIA\/TIA-568 100&Omega; STP (m&aacute;ximo 100m) <br \/><strong>Medio de Red 100BASE-FX &nbsp;&nbsp; &nbsp;<\/strong><br \/>&#8211; Fibra multimodo &nbsp;<br \/><strong>Indicadores de LED &nbsp;&nbsp; &nbsp;<\/strong><br \/>&#8211; PWR, FDX\/Col, Link\/Act, SPD <br \/><strong>Dimensiones (W*D*H) &nbsp;&nbsp; &nbsp;<\/strong><br \/>&#8211; 94.5 x 73.0 x 27.0 mm <br \/><strong>Fuente de Alimentaci&oacute;n &nbsp;&nbsp; &nbsp;<\/strong><br \/>&#8211; Adaptador externo de alimentaci&oacute;n &nbsp;<br \/><strong>Max Power Consumption &nbsp;&nbsp; &nbsp;<\/strong><br \/>&#8211; 2.5W <br \/><strong>Seguridad y Emisi&oacute;n &nbsp;&nbsp; &nbsp;<\/strong><br \/>&#8211; FCC, CE, RoHS <br \/><strong>Ambiente &nbsp;&nbsp; &nbsp;<\/strong><br \/>&#8211; Temperatura de funcionamiento: 0&ordm;C ~ 40&ordm;C<br \/>&#8211; Temperatura de almacenamiento: -40&ordm;C ~ 70&ordm;C<br \/>&#8211; Humedad: 10% ~ 90% sin condensaci&oacute;n<br \/>&#8211; Humedad de almacenamiento: 5% ~ 90% sin condensaci&oacute;n <\/td>\n<\/tr>\n<tr>\n<td valign=\"top\"><strong>Fecha Revisi&oacute;n<\/strong><\/td>\n<td>31-05-2019 por AVN<\/td>\n<\/tr>\n<\/tbody>\n<\/table>\n","protected":false},"excerpt":{"rendered":"<p>Conversor de medios monomodo a 10\/100 Mbps &#8211; Compatible con los est&aacute;ndares 802.3u 10\/100 Base-TX, 100Base-FX.&#8211; El paso de enlace de fallas y errores minimizan oportunamente la p&eacute;rdida causada por la falla en el enlace&#8211; Proporciona configuraci&oacute;n del switch de Modo de transferencia Medio D&uacute;plex\/D&uacute;plex Completo para el puerto FX.&#8211; Ampl&iacute;a la distancia de la&hellip;&nbsp;<a href=\"https:\/\/aivlisoft.net\/shop\/producto\/tp-link-mc110cs-conversor-medios-mono-modo-10-100m\/\" rel=\"bookmark\"><span class=\"screen-reader-text\">TP-LINK MC110CS Conversor Medios Mono Modo 10\/100M<\/span><\/a><\/p>\n","protected":false},"featured_media":17780,"template":"","meta":{"neve_meta_sidebar":"","neve_meta_container":"","neve_meta_enable_content_width":"","neve_meta_content_width":0,"neve_meta_title_alignment":"","neve_meta_author_avatar":"","neve_post_elements_order":"","neve_meta_disable_header":"","neve_meta_disable_footer":"","neve_meta_disable_title":""},"product_brand":[],"product_cat":[8763],"product_tag":[6530],"class_list":{"0":"post-17779","1":"product","2":"type-product","3":"status-publish","4":"has-post-thumbnail","6":"product_cat-red-cableada","7":"product_tag-mc110cs","9":"first","10":"instock","11":"taxable","12":"shipping-taxable","13":"purchasable","14":"product-type-simple"},"yoast_head":"<!-- This site is optimized with the Yoast SEO plugin v26.0 - https:\/\/yoast.com\/wordpress\/plugins\/seo\/ -->\n<title>TP-LINK MC110CS Conversor Medios Mono Modo 10\/100M - Aivlisoft Inform\u00e1tica<\/title>\n<meta name=\"robots\" content=\"index, follow, max-snippet:-1, max-image-preview:large, max-video-preview:-1\" \/>\n<link rel=\"canonical\" href=\"https:\/\/aivlisoft.net\/shop\/producto\/tp-link-mc110cs-conversor-medios-mono-modo-10-100m\/\" \/>\n<meta property=\"og:locale\" content=\"es_ES\" \/>\n<meta property=\"og:type\" content=\"article\" \/>\n<meta property=\"og:title\" content=\"TP-LINK MC110CS Conversor Medios Mono Modo 10\/100M - Aivlisoft Inform\u00e1tica\" \/>\n<meta property=\"og:description\" content=\"Conversor de medios monomodo a 10\/100 Mbps &#8211; Compatible con los est&aacute;ndares 802.3u 10\/100 Base-TX, 100Base-FX.&#8211; El paso de enlace de fallas y errores minimizan oportunamente la p&eacute;rdida causada por la falla en el enlace&#8211; Proporciona configuraci&oacute;n del switch de Modo de transferencia Medio D&uacute;plex\/D&uacute;plex Completo para el puerto FX.&#8211; Ampl&iacute;a la distancia de la&hellip;&nbsp;TP-LINK MC110CS Conversor Medios Mono Modo 10\/100M\" \/>\n<meta property=\"og:url\" content=\"https:\/\/aivlisoft.net\/shop\/producto\/tp-link-mc110cs-conversor-medios-mono-modo-10-100m\/\" \/>\n<meta property=\"og:site_name\" content=\"Aivlisoft Inform\u00e1tica\" \/>\n<meta property=\"article:modified_time\" content=\"2025-01-14T11:35:20+00:00\" \/>\n<meta property=\"og:image\" content=\"https:\/\/aivlisoft.net\/shop\/wp-content\/uploads\/2025\/01\/NADACA0167_800.jpg\" \/>\n\t<meta property=\"og:image:width\" content=\"800\" \/>\n\t<meta property=\"og:image:height\" content=\"800\" \/>\n\t<meta property=\"og:image:type\" content=\"image\/jpeg\" \/>\n<meta name=\"twitter:card\" content=\"summary_large_image\" \/>\n<meta name=\"twitter:label1\" content=\"Tiempo de lectura\" \/>\n\t<meta name=\"twitter:data1\" content=\"2 minutos\" \/>\n<script type=\"application\/ld+json\" class=\"yoast-schema-graph\">{\"@context\":\"https:\/\/schema.org\",\"@graph\":[{\"@type\":\"WebPage\",\"@id\":\"https:\/\/aivlisoft.net\/shop\/producto\/tp-link-mc110cs-conversor-medios-mono-modo-10-100m\/\",\"url\":\"https:\/\/aivlisoft.net\/shop\/producto\/tp-link-mc110cs-conversor-medios-mono-modo-10-100m\/\",\"name\":\"TP-LINK MC110CS Conversor Medios Mono Modo 10\/100M - Aivlisoft Inform\u00e1tica\",\"isPartOf\":{\"@id\":\"https:\/\/aivlisoft.net\/shop\/#website\"},\"primaryImageOfPage\":{\"@id\":\"https:\/\/aivlisoft.net\/shop\/producto\/tp-link-mc110cs-conversor-medios-mono-modo-10-100m\/#primaryimage\"},\"image\":{\"@id\":\"https:\/\/aivlisoft.net\/shop\/producto\/tp-link-mc110cs-conversor-medios-mono-modo-10-100m\/#primaryimage\"},\"thumbnailUrl\":\"https:\/\/aivlisoft.net\/shop\/wp-content\/uploads\/2025\/01\/NADACA0167_800.jpg\",\"datePublished\":\"2025-01-13T15:15:40+00:00\",\"dateModified\":\"2025-01-14T11:35:20+00:00\",\"breadcrumb\":{\"@id\":\"https:\/\/aivlisoft.net\/shop\/producto\/tp-link-mc110cs-conversor-medios-mono-modo-10-100m\/#breadcrumb\"},\"inLanguage\":\"es\",\"potentialAction\":[{\"@type\":\"ReadAction\",\"target\":[\"https:\/\/aivlisoft.net\/shop\/producto\/tp-link-mc110cs-conversor-medios-mono-modo-10-100m\/\"]}]},{\"@type\":\"ImageObject\",\"inLanguage\":\"es\",\"@id\":\"https:\/\/aivlisoft.net\/shop\/producto\/tp-link-mc110cs-conversor-medios-mono-modo-10-100m\/#primaryimage\",\"url\":\"https:\/\/aivlisoft.net\/shop\/wp-content\/uploads\/2025\/01\/NADACA0167_800.jpg\",\"contentUrl\":\"https:\/\/aivlisoft.net\/shop\/wp-content\/uploads\/2025\/01\/NADACA0167_800.jpg\",\"width\":800,\"height\":800},{\"@type\":\"BreadcrumbList\",\"@id\":\"https:\/\/aivlisoft.net\/shop\/producto\/tp-link-mc110cs-conversor-medios-mono-modo-10-100m\/#breadcrumb\",\"itemListElement\":[{\"@type\":\"ListItem\",\"position\":1,\"name\":\"Portada\",\"item\":\"https:\/\/aivlisoft.net\/shop\/\"},{\"@type\":\"ListItem\",\"position\":2,\"name\":\"Tienda\",\"item\":\"https:\/\/aivlisoft.net\/shop\/tienda\/\"},{\"@type\":\"ListItem\",\"position\":3,\"name\":\"TP-LINK MC110CS Conversor Medios Mono Modo 10\/100M\"}]},{\"@type\":\"WebSite\",\"@id\":\"https:\/\/aivlisoft.net\/shop\/#website\",\"url\":\"https:\/\/aivlisoft.net\/shop\/\",\"name\":\"Aivlisoft Inform\u00e1tica\",\"description\":\"En Aivlisoft Inform\u00e1tica ofrecemos soluciones tecnol\u00f3gicas para empresas: venta de ordenadores, consumibles, perif\u00e9ricos y m\u00e1s. Calidad, atenci\u00f3n personalizada y los mejores precios para tu negocio.\",\"publisher\":{\"@id\":\"https:\/\/aivlisoft.net\/shop\/#organization\"},\"potentialAction\":[{\"@type\":\"SearchAction\",\"target\":{\"@type\":\"EntryPoint\",\"urlTemplate\":\"https:\/\/aivlisoft.net\/shop\/?s={search_term_string}\"},\"query-input\":{\"@type\":\"PropertyValueSpecification\",\"valueRequired\":true,\"valueName\":\"search_term_string\"}}],\"inLanguage\":\"es\"},{\"@type\":\"Organization\",\"@id\":\"https:\/\/aivlisoft.net\/shop\/#organization\",\"name\":\"Aivlisoft Inform\u00e1tica\",\"url\":\"https:\/\/aivlisoft.net\/shop\/\",\"logo\":{\"@type\":\"ImageObject\",\"inLanguage\":\"es\",\"@id\":\"https:\/\/aivlisoft.net\/shop\/#\/schema\/logo\/image\/\",\"url\":\"https:\/\/aivlisoft.net\/shop\/wp-content\/uploads\/2024\/12\/removal.ai_5b848c54-0cdf-4140-95c5-c5536bb7573b-logodef.png\",\"contentUrl\":\"https:\/\/aivlisoft.net\/shop\/wp-content\/uploads\/2024\/12\/removal.ai_5b848c54-0cdf-4140-95c5-c5536bb7573b-logodef.png\",\"width\":484,\"height\":182,\"caption\":\"Aivlisoft Inform\u00e1tica\"},\"image\":{\"@id\":\"https:\/\/aivlisoft.net\/shop\/#\/schema\/logo\/image\/\"}}]}<\/script>\n<!-- \/ Yoast SEO plugin. -->","yoast_head_json":{"title":"TP-LINK MC110CS Conversor Medios Mono Modo 10\/100M - Aivlisoft Inform\u00e1tica","robots":{"index":"index","follow":"follow","max-snippet":"max-snippet:-1","max-image-preview":"max-image-preview:large","max-video-preview":"max-video-preview:-1"},"canonical":"https:\/\/aivlisoft.net\/shop\/producto\/tp-link-mc110cs-conversor-medios-mono-modo-10-100m\/","og_locale":"es_ES","og_type":"article","og_title":"TP-LINK MC110CS Conversor Medios Mono Modo 10\/100M - Aivlisoft Inform\u00e1tica","og_description":"Conversor de medios monomodo a 10\/100 Mbps &#8211; Compatible con los est&aacute;ndares 802.3u 10\/100 Base-TX, 100Base-FX.&#8211; El paso de enlace de fallas y errores minimizan oportunamente la p&eacute;rdida causada por la falla en el enlace&#8211; Proporciona configuraci&oacute;n del switch de Modo de transferencia Medio D&uacute;plex\/D&uacute;plex Completo para el puerto FX.&#8211; Ampl&iacute;a la distancia de la&hellip;&nbsp;TP-LINK MC110CS Conversor Medios Mono Modo 10\/100M","og_url":"https:\/\/aivlisoft.net\/shop\/producto\/tp-link-mc110cs-conversor-medios-mono-modo-10-100m\/","og_site_name":"Aivlisoft Inform\u00e1tica","article_modified_time":"2025-01-14T11:35:20+00:00","og_image":[{"width":800,"height":800,"url":"https:\/\/aivlisoft.net\/shop\/wp-content\/uploads\/2025\/01\/NADACA0167_800.jpg","type":"image\/jpeg"}],"twitter_card":"summary_large_image","twitter_misc":{"Tiempo de lectura":"2 minutos"},"schema":{"@context":"https:\/\/schema.org","@graph":[{"@type":"WebPage","@id":"https:\/\/aivlisoft.net\/shop\/producto\/tp-link-mc110cs-conversor-medios-mono-modo-10-100m\/","url":"https:\/\/aivlisoft.net\/shop\/producto\/tp-link-mc110cs-conversor-medios-mono-modo-10-100m\/","name":"TP-LINK MC110CS Conversor Medios Mono Modo 10\/100M - Aivlisoft Inform\u00e1tica","isPartOf":{"@id":"https:\/\/aivlisoft.net\/shop\/#website"},"primaryImageOfPage":{"@id":"https:\/\/aivlisoft.net\/shop\/producto\/tp-link-mc110cs-conversor-medios-mono-modo-10-100m\/#primaryimage"},"image":{"@id":"https:\/\/aivlisoft.net\/shop\/producto\/tp-link-mc110cs-conversor-medios-mono-modo-10-100m\/#primaryimage"},"thumbnailUrl":"https:\/\/aivlisoft.net\/shop\/wp-content\/uploads\/2025\/01\/NADACA0167_800.jpg","datePublished":"2025-01-13T15:15:40+00:00","dateModified":"2025-01-14T11:35:20+00:00","breadcrumb":{"@id":"https:\/\/aivlisoft.net\/shop\/producto\/tp-link-mc110cs-conversor-medios-mono-modo-10-100m\/#breadcrumb"},"inLanguage":"es","potentialAction":[{"@type":"ReadAction","target":["https:\/\/aivlisoft.net\/shop\/producto\/tp-link-mc110cs-conversor-medios-mono-modo-10-100m\/"]}]},{"@type":"ImageObject","inLanguage":"es","@id":"https:\/\/aivlisoft.net\/shop\/producto\/tp-link-mc110cs-conversor-medios-mono-modo-10-100m\/#primaryimage","url":"https:\/\/aivlisoft.net\/shop\/wp-content\/uploads\/2025\/01\/NADACA0167_800.jpg","contentUrl":"https:\/\/aivlisoft.net\/shop\/wp-content\/uploads\/2025\/01\/NADACA0167_800.jpg","width":800,"height":800},{"@type":"BreadcrumbList","@id":"https:\/\/aivlisoft.net\/shop\/producto\/tp-link-mc110cs-conversor-medios-mono-modo-10-100m\/#breadcrumb","itemListElement":[{"@type":"ListItem","position":1,"name":"Portada","item":"https:\/\/aivlisoft.net\/shop\/"},{"@type":"ListItem","position":2,"name":"Tienda","item":"https:\/\/aivlisoft.net\/shop\/tienda\/"},{"@type":"ListItem","position":3,"name":"TP-LINK MC110CS Conversor Medios Mono Modo 10\/100M"}]},{"@type":"WebSite","@id":"https:\/\/aivlisoft.net\/shop\/#website","url":"https:\/\/aivlisoft.net\/shop\/","name":"Aivlisoft Inform\u00e1tica","description":"En Aivlisoft Inform\u00e1tica ofrecemos soluciones tecnol\u00f3gicas para empresas: venta de ordenadores, consumibles, perif\u00e9ricos y m\u00e1s. Calidad, atenci\u00f3n personalizada y los mejores precios para tu negocio.","publisher":{"@id":"https:\/\/aivlisoft.net\/shop\/#organization"},"potentialAction":[{"@type":"SearchAction","target":{"@type":"EntryPoint","urlTemplate":"https:\/\/aivlisoft.net\/shop\/?s={search_term_string}"},"query-input":{"@type":"PropertyValueSpecification","valueRequired":true,"valueName":"search_term_string"}}],"inLanguage":"es"},{"@type":"Organization","@id":"https:\/\/aivlisoft.net\/shop\/#organization","name":"Aivlisoft Inform\u00e1tica","url":"https:\/\/aivlisoft.net\/shop\/","logo":{"@type":"ImageObject","inLanguage":"es","@id":"https:\/\/aivlisoft.net\/shop\/#\/schema\/logo\/image\/","url":"https:\/\/aivlisoft.net\/shop\/wp-content\/uploads\/2024\/12\/removal.ai_5b848c54-0cdf-4140-95c5-c5536bb7573b-logodef.png","contentUrl":"https:\/\/aivlisoft.net\/shop\/wp-content\/uploads\/2024\/12\/removal.ai_5b848c54-0cdf-4140-95c5-c5536bb7573b-logodef.png","width":484,"height":182,"caption":"Aivlisoft Inform\u00e1tica"},"image":{"@id":"https:\/\/aivlisoft.net\/shop\/#\/schema\/logo\/image\/"}}]}},"_links":{"self":[{"href":"https:\/\/aivlisoft.net\/shop\/wp-json\/wp\/v2\/product\/17779","targetHints":{"allow":["GET"]}}],"collection":[{"href":"https:\/\/aivlisoft.net\/shop\/wp-json\/wp\/v2\/product"}],"about":[{"href":"https:\/\/aivlisoft.net\/shop\/wp-json\/wp\/v2\/types\/product"}],"wp:featuredmedia":[{"embeddable":true,"href":"https:\/\/aivlisoft.net\/shop\/wp-json\/wp\/v2\/media\/17780"}],"wp:attachment":[{"href":"https:\/\/aivlisoft.net\/shop\/wp-json\/wp\/v2\/media?parent=17779"}],"wp:term":[{"taxonomy":"product_brand","embeddable":true,"href":"https:\/\/aivlisoft.net\/shop\/wp-json\/wp\/v2\/product_brand?post=17779"},{"taxonomy":"product_cat","embeddable":true,"href":"https:\/\/aivlisoft.net\/shop\/wp-json\/wp\/v2\/product_cat?post=17779"},{"taxonomy":"product_tag","embeddable":true,"href":"https:\/\/aivlisoft.net\/shop\/wp-json\/wp\/v2\/product_tag?post=17779"}],"curies":[{"name":"wp","href":"https:\/\/api.w.org\/{rel}","templated":true}]}}