{"id":17754,"date":"2025-01-13T15:15:23","date_gmt":"2025-01-13T15:15:23","guid":{"rendered":"https:\/\/aivlisoft.com\/?post_type=product&#038;p=17754"},"modified":"2025-01-14T11:35:11","modified_gmt":"2025-01-14T11:35:11","slug":"ubiquiti-ufiber-uf-loco-1xgpon-1xgb","status":"publish","type":"product","link":"https:\/\/aivlisoft.net\/shop\/producto\/ubiquiti-ufiber-uf-loco-1xgpon-1xgb\/","title":{"rendered":"Ubiquiti UFiber UF-Loco 1xGPON 1xGB"},"content":{"rendered":"<p>El <strong>UF-LOCO<\/strong> es un GPON CPE robusto, de alto rendimiento y bajo consumo para entornos de cliente final.<\/p>\n<p>Est&aacute; pensado para trabajar conjuntamente con la OLT cabecera de Ubiquiti (modelo UF-OLT), de forma que cada m&oacute;dulo SFP instalado en la OLT (ver m&oacute;dulos disponibles en &eacute;ste enlace) soporta hasta 128 UF-LOCO clientes.<\/p>\n<table class=\"tabla_caracteristicas k-table\" width=\"100%\">\n<tbody>\n<tr>\n<td valign=\"top\"><strong>Marca<\/strong><\/td>\n<td>UBIQUITI<\/td>\n<\/tr>\n<tr>\n<td valign=\"top\"><strong>Modelo<\/strong><\/td>\n<td valign=\"top\"><strong>UF-LOCO<\/strong><\/td>\n<\/tr>\n<tr>\n<td valign=\"top\"><strong>Caracter&iacute;sticas<\/strong><\/td>\n<td><strong>Red<\/strong><br \/>&#8211; Ethernet LAN, velocidad de transferencia de datos: 10,100,1000Mbit\/s<br \/>&#8211; Velocidad de transferencia de datos: 2.488Gbit\/s<br \/><strong>Caracter&iacute;sticas de administraci&oacute;n<\/strong><br \/>&#8211; Bot&oacute;n de restaurar: Si &nbsp;<br \/><strong>Puertos e Interfaces<\/strong><br \/>&#8211; Ethernet LAN (RJ-45) cantidad de puertos: 1 &nbsp;<br \/><strong>Peso y dimensiones<\/strong><br \/>&#8211; Dimensiones (An x Prof x Alt): 76.5 x 76.5 x 26.4 mm<br \/>&#8211; Peso: 77 g<br \/><strong>Control de energ&iacute;a<\/strong><br \/>&#8211; Consumo energ&eacute;tico: 3.5W<br \/>&#8211; Energ&iacute;a sobre Ethernet (PoE): Si &nbsp;<br \/>&#8211; Corriente de entrada: 1A<br \/>&#8211; Voltaje de entrada: 24V<br \/><strong>Condiciones ambientales<\/strong><br \/>&#8211; Intervalo de temperatura operativa: -10 &#8211; 45&deg;C<br \/>&#8211; Intervalo de humedad relativa para funcionamiento: 10 &#8211; 90%<br \/><strong>Detalles t&eacute;cnicos<\/strong><br \/>&#8211; Procesador incorporado: Si &nbsp;<br \/>&#8211; N&uacute;mero de procesadores instalados: 1 &nbsp;<br \/>&#8211; Frecuencia del procesador: 240 MHz<br \/>&#8211; Memoria y procesador: MIPS32 &nbsp;<br \/><strong>Indicaci&oacute;n<\/strong><br \/>&#8211; Indicadores LED: Network,Power,Signal strength &nbsp;<br \/>&#8211; LED de energ&iacute;a: Si &nbsp;<br \/><strong>Aprobaciones reguladoras<\/strong><br \/>&#8211; Certificaci&oacute;n: CE, FCC, IC<\/td>\n<\/tr>\n<tr>\n<td valign=\"top\"><strong>Fecha Revisi&oacute;n<\/strong><\/td>\n<td>05-10-2018 por AVN<\/td>\n<\/tr>\n<\/tbody>\n<\/table>\n","protected":false},"excerpt":{"rendered":"<p>El UF-LOCO es un GPON CPE robusto, de alto rendimiento y bajo consumo para entornos de cliente final. Est&aacute; pensado para trabajar conjuntamente con la OLT cabecera de Ubiquiti (modelo UF-OLT), de forma que cada m&oacute;dulo SFP instalado en la OLT (ver m&oacute;dulos disponibles en &eacute;ste enlace) soporta hasta 128 UF-LOCO clientes. Marca UBIQUITI Modelo&hellip;&nbsp;<a href=\"https:\/\/aivlisoft.net\/shop\/producto\/ubiquiti-ufiber-uf-loco-1xgpon-1xgb\/\" rel=\"bookmark\"><span class=\"screen-reader-text\">Ubiquiti UFiber UF-Loco 1xGPON 1xGB<\/span><\/a><\/p>\n","protected":false},"featured_media":17755,"template":"","meta":{"neve_meta_sidebar":"","neve_meta_container":"","neve_meta_enable_content_width":"","neve_meta_content_width":0,"neve_meta_title_alignment":"","neve_meta_author_avatar":"","neve_post_elements_order":"","neve_meta_disable_header":"","neve_meta_disable_footer":"","neve_meta_disable_title":""},"product_brand":[],"product_cat":[8763],"product_tag":[6522],"class_list":{"0":"post-17754","1":"product","2":"type-product","3":"status-publish","4":"has-post-thumbnail","6":"product_cat-red-cableada","7":"product_tag-uf-loco","9":"first","10":"instock","11":"taxable","12":"shipping-taxable","13":"purchasable","14":"product-type-simple"},"yoast_head":"<!-- This site is optimized with the Yoast SEO plugin v26.0 - https:\/\/yoast.com\/wordpress\/plugins\/seo\/ -->\n<title>Ubiquiti UFiber UF-Loco 1xGPON 1xGB - Aivlisoft Inform\u00e1tica<\/title>\n<meta name=\"robots\" content=\"index, follow, max-snippet:-1, max-image-preview:large, max-video-preview:-1\" \/>\n<link rel=\"canonical\" href=\"https:\/\/aivlisoft.net\/shop\/producto\/ubiquiti-ufiber-uf-loco-1xgpon-1xgb\/\" \/>\n<meta property=\"og:locale\" content=\"es_ES\" \/>\n<meta property=\"og:type\" content=\"article\" \/>\n<meta property=\"og:title\" content=\"Ubiquiti UFiber UF-Loco 1xGPON 1xGB - Aivlisoft Inform\u00e1tica\" \/>\n<meta property=\"og:description\" content=\"El UF-LOCO es un GPON CPE robusto, de alto rendimiento y bajo consumo para entornos de cliente final. Est&aacute; pensado para trabajar conjuntamente con la OLT cabecera de Ubiquiti (modelo UF-OLT), de forma que cada m&oacute;dulo SFP instalado en la OLT (ver m&oacute;dulos disponibles en &eacute;ste enlace) soporta hasta 128 UF-LOCO clientes. Marca UBIQUITI Modelo&hellip;&nbsp;Ubiquiti UFiber UF-Loco 1xGPON 1xGB\" \/>\n<meta property=\"og:url\" content=\"https:\/\/aivlisoft.net\/shop\/producto\/ubiquiti-ufiber-uf-loco-1xgpon-1xgb\/\" \/>\n<meta property=\"og:site_name\" content=\"Aivlisoft Inform\u00e1tica\" \/>\n<meta property=\"article:modified_time\" content=\"2025-01-14T11:35:11+00:00\" \/>\n<meta property=\"og:image\" content=\"https:\/\/aivlisoft.net\/shop\/wp-content\/uploads\/2025\/01\/NADACA0150_800.jpg\" \/>\n\t<meta property=\"og:image:width\" content=\"800\" \/>\n\t<meta property=\"og:image:height\" content=\"800\" \/>\n\t<meta property=\"og:image:type\" content=\"image\/jpeg\" \/>\n<meta name=\"twitter:card\" content=\"summary_large_image\" \/>\n<meta name=\"twitter:label1\" content=\"Tiempo de lectura\" \/>\n\t<meta name=\"twitter:data1\" content=\"1 minuto\" \/>\n<script type=\"application\/ld+json\" class=\"yoast-schema-graph\">{\"@context\":\"https:\/\/schema.org\",\"@graph\":[{\"@type\":\"WebPage\",\"@id\":\"https:\/\/aivlisoft.net\/shop\/producto\/ubiquiti-ufiber-uf-loco-1xgpon-1xgb\/\",\"url\":\"https:\/\/aivlisoft.net\/shop\/producto\/ubiquiti-ufiber-uf-loco-1xgpon-1xgb\/\",\"name\":\"Ubiquiti UFiber UF-Loco 1xGPON 1xGB - Aivlisoft Inform\u00e1tica\",\"isPartOf\":{\"@id\":\"https:\/\/aivlisoft.net\/shop\/#website\"},\"primaryImageOfPage\":{\"@id\":\"https:\/\/aivlisoft.net\/shop\/producto\/ubiquiti-ufiber-uf-loco-1xgpon-1xgb\/#primaryimage\"},\"image\":{\"@id\":\"https:\/\/aivlisoft.net\/shop\/producto\/ubiquiti-ufiber-uf-loco-1xgpon-1xgb\/#primaryimage\"},\"thumbnailUrl\":\"https:\/\/aivlisoft.net\/shop\/wp-content\/uploads\/2025\/01\/NADACA0150_800.jpg\",\"datePublished\":\"2025-01-13T15:15:23+00:00\",\"dateModified\":\"2025-01-14T11:35:11+00:00\",\"breadcrumb\":{\"@id\":\"https:\/\/aivlisoft.net\/shop\/producto\/ubiquiti-ufiber-uf-loco-1xgpon-1xgb\/#breadcrumb\"},\"inLanguage\":\"es\",\"potentialAction\":[{\"@type\":\"ReadAction\",\"target\":[\"https:\/\/aivlisoft.net\/shop\/producto\/ubiquiti-ufiber-uf-loco-1xgpon-1xgb\/\"]}]},{\"@type\":\"ImageObject\",\"inLanguage\":\"es\",\"@id\":\"https:\/\/aivlisoft.net\/shop\/producto\/ubiquiti-ufiber-uf-loco-1xgpon-1xgb\/#primaryimage\",\"url\":\"https:\/\/aivlisoft.net\/shop\/wp-content\/uploads\/2025\/01\/NADACA0150_800.jpg\",\"contentUrl\":\"https:\/\/aivlisoft.net\/shop\/wp-content\/uploads\/2025\/01\/NADACA0150_800.jpg\",\"width\":800,\"height\":800},{\"@type\":\"BreadcrumbList\",\"@id\":\"https:\/\/aivlisoft.net\/shop\/producto\/ubiquiti-ufiber-uf-loco-1xgpon-1xgb\/#breadcrumb\",\"itemListElement\":[{\"@type\":\"ListItem\",\"position\":1,\"name\":\"Portada\",\"item\":\"https:\/\/aivlisoft.net\/shop\/\"},{\"@type\":\"ListItem\",\"position\":2,\"name\":\"Tienda\",\"item\":\"https:\/\/aivlisoft.net\/shop\/tienda\/\"},{\"@type\":\"ListItem\",\"position\":3,\"name\":\"Ubiquiti UFiber UF-Loco 1xGPON 1xGB\"}]},{\"@type\":\"WebSite\",\"@id\":\"https:\/\/aivlisoft.net\/shop\/#website\",\"url\":\"https:\/\/aivlisoft.net\/shop\/\",\"name\":\"Aivlisoft Inform\u00e1tica\",\"description\":\"En Aivlisoft Inform\u00e1tica ofrecemos soluciones tecnol\u00f3gicas para empresas: venta de ordenadores, consumibles, perif\u00e9ricos y m\u00e1s. Calidad, atenci\u00f3n personalizada y los mejores precios para tu negocio.\",\"publisher\":{\"@id\":\"https:\/\/aivlisoft.net\/shop\/#organization\"},\"potentialAction\":[{\"@type\":\"SearchAction\",\"target\":{\"@type\":\"EntryPoint\",\"urlTemplate\":\"https:\/\/aivlisoft.net\/shop\/?s={search_term_string}\"},\"query-input\":{\"@type\":\"PropertyValueSpecification\",\"valueRequired\":true,\"valueName\":\"search_term_string\"}}],\"inLanguage\":\"es\"},{\"@type\":\"Organization\",\"@id\":\"https:\/\/aivlisoft.net\/shop\/#organization\",\"name\":\"Aivlisoft Inform\u00e1tica\",\"url\":\"https:\/\/aivlisoft.net\/shop\/\",\"logo\":{\"@type\":\"ImageObject\",\"inLanguage\":\"es\",\"@id\":\"https:\/\/aivlisoft.net\/shop\/#\/schema\/logo\/image\/\",\"url\":\"https:\/\/aivlisoft.net\/shop\/wp-content\/uploads\/2024\/12\/removal.ai_5b848c54-0cdf-4140-95c5-c5536bb7573b-logodef.png\",\"contentUrl\":\"https:\/\/aivlisoft.net\/shop\/wp-content\/uploads\/2024\/12\/removal.ai_5b848c54-0cdf-4140-95c5-c5536bb7573b-logodef.png\",\"width\":484,\"height\":182,\"caption\":\"Aivlisoft Inform\u00e1tica\"},\"image\":{\"@id\":\"https:\/\/aivlisoft.net\/shop\/#\/schema\/logo\/image\/\"}}]}<\/script>\n<!-- \/ Yoast SEO plugin. -->","yoast_head_json":{"title":"Ubiquiti UFiber UF-Loco 1xGPON 1xGB - Aivlisoft Inform\u00e1tica","robots":{"index":"index","follow":"follow","max-snippet":"max-snippet:-1","max-image-preview":"max-image-preview:large","max-video-preview":"max-video-preview:-1"},"canonical":"https:\/\/aivlisoft.net\/shop\/producto\/ubiquiti-ufiber-uf-loco-1xgpon-1xgb\/","og_locale":"es_ES","og_type":"article","og_title":"Ubiquiti UFiber UF-Loco 1xGPON 1xGB - Aivlisoft Inform\u00e1tica","og_description":"El UF-LOCO es un GPON CPE robusto, de alto rendimiento y bajo consumo para entornos de cliente final. Est&aacute; pensado para trabajar conjuntamente con la OLT cabecera de Ubiquiti (modelo UF-OLT), de forma que cada m&oacute;dulo SFP instalado en la OLT (ver m&oacute;dulos disponibles en &eacute;ste enlace) soporta hasta 128 UF-LOCO clientes. Marca UBIQUITI Modelo&hellip;&nbsp;Ubiquiti UFiber UF-Loco 1xGPON 1xGB","og_url":"https:\/\/aivlisoft.net\/shop\/producto\/ubiquiti-ufiber-uf-loco-1xgpon-1xgb\/","og_site_name":"Aivlisoft Inform\u00e1tica","article_modified_time":"2025-01-14T11:35:11+00:00","og_image":[{"width":800,"height":800,"url":"https:\/\/aivlisoft.net\/shop\/wp-content\/uploads\/2025\/01\/NADACA0150_800.jpg","type":"image\/jpeg"}],"twitter_card":"summary_large_image","twitter_misc":{"Tiempo de lectura":"1 minuto"},"schema":{"@context":"https:\/\/schema.org","@graph":[{"@type":"WebPage","@id":"https:\/\/aivlisoft.net\/shop\/producto\/ubiquiti-ufiber-uf-loco-1xgpon-1xgb\/","url":"https:\/\/aivlisoft.net\/shop\/producto\/ubiquiti-ufiber-uf-loco-1xgpon-1xgb\/","name":"Ubiquiti UFiber UF-Loco 1xGPON 1xGB - Aivlisoft Inform\u00e1tica","isPartOf":{"@id":"https:\/\/aivlisoft.net\/shop\/#website"},"primaryImageOfPage":{"@id":"https:\/\/aivlisoft.net\/shop\/producto\/ubiquiti-ufiber-uf-loco-1xgpon-1xgb\/#primaryimage"},"image":{"@id":"https:\/\/aivlisoft.net\/shop\/producto\/ubiquiti-ufiber-uf-loco-1xgpon-1xgb\/#primaryimage"},"thumbnailUrl":"https:\/\/aivlisoft.net\/shop\/wp-content\/uploads\/2025\/01\/NADACA0150_800.jpg","datePublished":"2025-01-13T15:15:23+00:00","dateModified":"2025-01-14T11:35:11+00:00","breadcrumb":{"@id":"https:\/\/aivlisoft.net\/shop\/producto\/ubiquiti-ufiber-uf-loco-1xgpon-1xgb\/#breadcrumb"},"inLanguage":"es","potentialAction":[{"@type":"ReadAction","target":["https:\/\/aivlisoft.net\/shop\/producto\/ubiquiti-ufiber-uf-loco-1xgpon-1xgb\/"]}]},{"@type":"ImageObject","inLanguage":"es","@id":"https:\/\/aivlisoft.net\/shop\/producto\/ubiquiti-ufiber-uf-loco-1xgpon-1xgb\/#primaryimage","url":"https:\/\/aivlisoft.net\/shop\/wp-content\/uploads\/2025\/01\/NADACA0150_800.jpg","contentUrl":"https:\/\/aivlisoft.net\/shop\/wp-content\/uploads\/2025\/01\/NADACA0150_800.jpg","width":800,"height":800},{"@type":"BreadcrumbList","@id":"https:\/\/aivlisoft.net\/shop\/producto\/ubiquiti-ufiber-uf-loco-1xgpon-1xgb\/#breadcrumb","itemListElement":[{"@type":"ListItem","position":1,"name":"Portada","item":"https:\/\/aivlisoft.net\/shop\/"},{"@type":"ListItem","position":2,"name":"Tienda","item":"https:\/\/aivlisoft.net\/shop\/tienda\/"},{"@type":"ListItem","position":3,"name":"Ubiquiti UFiber UF-Loco 1xGPON 1xGB"}]},{"@type":"WebSite","@id":"https:\/\/aivlisoft.net\/shop\/#website","url":"https:\/\/aivlisoft.net\/shop\/","name":"Aivlisoft Inform\u00e1tica","description":"En Aivlisoft Inform\u00e1tica ofrecemos soluciones tecnol\u00f3gicas para empresas: venta de ordenadores, consumibles, perif\u00e9ricos y m\u00e1s. Calidad, atenci\u00f3n personalizada y los mejores precios para tu negocio.","publisher":{"@id":"https:\/\/aivlisoft.net\/shop\/#organization"},"potentialAction":[{"@type":"SearchAction","target":{"@type":"EntryPoint","urlTemplate":"https:\/\/aivlisoft.net\/shop\/?s={search_term_string}"},"query-input":{"@type":"PropertyValueSpecification","valueRequired":true,"valueName":"search_term_string"}}],"inLanguage":"es"},{"@type":"Organization","@id":"https:\/\/aivlisoft.net\/shop\/#organization","name":"Aivlisoft Inform\u00e1tica","url":"https:\/\/aivlisoft.net\/shop\/","logo":{"@type":"ImageObject","inLanguage":"es","@id":"https:\/\/aivlisoft.net\/shop\/#\/schema\/logo\/image\/","url":"https:\/\/aivlisoft.net\/shop\/wp-content\/uploads\/2024\/12\/removal.ai_5b848c54-0cdf-4140-95c5-c5536bb7573b-logodef.png","contentUrl":"https:\/\/aivlisoft.net\/shop\/wp-content\/uploads\/2024\/12\/removal.ai_5b848c54-0cdf-4140-95c5-c5536bb7573b-logodef.png","width":484,"height":182,"caption":"Aivlisoft Inform\u00e1tica"},"image":{"@id":"https:\/\/aivlisoft.net\/shop\/#\/schema\/logo\/image\/"}}]}},"_links":{"self":[{"href":"https:\/\/aivlisoft.net\/shop\/wp-json\/wp\/v2\/product\/17754","targetHints":{"allow":["GET"]}}],"collection":[{"href":"https:\/\/aivlisoft.net\/shop\/wp-json\/wp\/v2\/product"}],"about":[{"href":"https:\/\/aivlisoft.net\/shop\/wp-json\/wp\/v2\/types\/product"}],"wp:featuredmedia":[{"embeddable":true,"href":"https:\/\/aivlisoft.net\/shop\/wp-json\/wp\/v2\/media\/17755"}],"wp:attachment":[{"href":"https:\/\/aivlisoft.net\/shop\/wp-json\/wp\/v2\/media?parent=17754"}],"wp:term":[{"taxonomy":"product_brand","embeddable":true,"href":"https:\/\/aivlisoft.net\/shop\/wp-json\/wp\/v2\/product_brand?post=17754"},{"taxonomy":"product_cat","embeddable":true,"href":"https:\/\/aivlisoft.net\/shop\/wp-json\/wp\/v2\/product_cat?post=17754"},{"taxonomy":"product_tag","embeddable":true,"href":"https:\/\/aivlisoft.net\/shop\/wp-json\/wp\/v2\/product_tag?post=17754"}],"curies":[{"name":"wp","href":"https:\/\/api.w.org\/{rel}","templated":true}]}}