{"id":17750,"date":"2025-01-13T15:15:22","date_gmt":"2025-01-13T15:15:22","guid":{"rendered":"https:\/\/aivlisoft.com\/?post_type=product&#038;p=17750"},"modified":"2025-01-14T11:35:10","modified_gmt":"2025-01-14T11:35:10","slug":"synology-e10g18-t1-tarjeta-10gbe-rj45","status":"publish","type":"product","link":"https:\/\/aivlisoft.net\/shop\/producto\/synology-e10g18-t1-tarjeta-10gbe-rj45\/","title":{"rendered":"SYNOLOGY E10G18-T1 Tarjeta 10GbE RJ45"},"content":{"rendered":"<p><\/p>\n<table class=\"tabla_caracteristicas k-table\" width=\"100%\">\n<tbody>\n<tr>\n<td valign=\"top\"><strong>Marca <\/strong><\/td>\n<td valign=\"top\">Synology<\/td>\n<\/tr>\n<tr>\n<td valign=\"top\"><strong>Modelo <\/strong><\/td>\n<td valign=\"top\"><strong><\/strong><strong>E10G18-T1<\/strong><\/td>\n<\/tr>\n<tr>\n<td valign=\"top\"><strong>Generales<\/strong><\/td>\n<td valign=\"top\">&#8211; Est&aacute;ndares:<br \/>&nbsp; Ethernet IEEE 802.3an de 10 Gbps<br \/>&nbsp; Ethernet IEEE 802.3bz de 2,5 Gbps\/5 Gbps<br \/>&nbsp; Ethernet IEEE 802.3ab Gigabit<br \/>&nbsp; Ethernet IEEE 802.3u Fast<br \/>&nbsp; Control de flujo IEEE 802.3x<br \/>&#8211; Velocidades de transferencia de datos: 10 Gbps<br \/>&#8211; Modo de funcionamiento de red: D&uacute;plex completo<br \/><strong>Caracter&iacute;sticas compatibles<\/strong><br \/>&#8211; Jumbo Frame de 9 KB<br \/>&#8211; Descarga de suma de comprobaci&oacute;n TCP\/UDP\/IP<br \/>&#8211; Autonegociaci&oacute;n entre 100 Mb\/s, 1 Gb\/s, 2,5 Gb\/s, 5 Gb\/s y 10 Gb\/s<br \/><strong>Modelos compatibles<\/strong><br \/>&#8211; FS3017<br \/>&#8211; FS2017<br \/>&#8211; FS1018<br \/>&#8211; RS18017xs+<br \/>&#8211; RS18016xs+<br \/>&#8211; RC18015xs+<br \/>&#8211; RS10613xs+<br \/>&#8211; RS4017xs+<br \/>&#8211; RS3617xs+<br \/>&#8211; RS3614xs+<br \/>&#8211; RS3413xs+<br \/>&#8211; RS3618xs<br \/>&#8211; RS3617RPxs<br \/>&#8211; RS3617xs<br \/>&#8211; RS3614(RP)xs<br \/>&#8211; RS3412(RP)xs<br \/>&#8211; RS3411(RP)xs<br \/>&#8211; DS3617xs<br \/>&#8211; DS3615xs<br \/>&#8211; DS3612xs<br \/>&#8211; DS3611xs<br \/>&#8211; DS3018xs<br \/>&#8211; RS2818RP+<br \/>&#8211; RS2418(RP)+<br \/>&#8211; RS1219+<br \/>&#8211; RS818(RP)+<br \/>&#8211; DS1817+<br \/>&#8211; DS1618+<br \/>&#8211; DS1517+<\/td>\n<\/tr>\n<tr>\n<td valign=\"top\"><strong>Especificaciones de hardware<\/strong><\/td>\n<td valign=\"top\">&#8211; Interfaz PCI Express: PCIe 3.0 x4<br \/>&#8211; Altura del soporte: Perfil bajo y altura completa<br \/>&#8211; Tama&ntilde;o (Altura x Anchura x Profundidad): 86.0 mm x 68.1 mm x 13.6 mm<br \/>&#8211; Temperatura operativa: De 0&deg;C a 40&deg;C (de 32&deg;F a 104&deg;F)<br \/>&#8211; Temperatura de almacenamiento: De -20&deg;C a 60&deg;C (de -5&deg;F a 140&deg;F)<br \/>&#8211; Humedad relativa: De 5% a 95% HR<\/td>\n<\/tr>\n<tr>\n<td valign=\"top\"><strong>Fecha Revisi&oacute;n <\/strong><\/td>\n<td valign=\"top\">12-09-2018 por MSB<\/td>\n<\/tr>\n<\/tbody>\n<\/table>\n","protected":false},"excerpt":{"rendered":"<p>Marca Synology Modelo E10G18-T1 Generales &#8211; Est&aacute;ndares:&nbsp; Ethernet IEEE 802.3an de 10 Gbps&nbsp; Ethernet IEEE 802.3bz de 2,5 Gbps\/5 Gbps&nbsp; Ethernet IEEE 802.3ab Gigabit&nbsp; Ethernet IEEE 802.3u Fast&nbsp; Control de flujo IEEE 802.3x&#8211; Velocidades de transferencia de datos: 10 Gbps&#8211; Modo de funcionamiento de red: D&uacute;plex completoCaracter&iacute;sticas compatibles&#8211; Jumbo Frame de 9 KB&#8211; Descarga de&hellip;&nbsp;<a href=\"https:\/\/aivlisoft.net\/shop\/producto\/synology-e10g18-t1-tarjeta-10gbe-rj45\/\" rel=\"bookmark\"><span class=\"screen-reader-text\">SYNOLOGY E10G18-T1 Tarjeta 10GbE RJ45<\/span><\/a><\/p>\n","protected":false},"featured_media":17751,"template":"","meta":{"neve_meta_sidebar":"","neve_meta_container":"","neve_meta_enable_content_width":"","neve_meta_content_width":0,"neve_meta_title_alignment":"","neve_meta_author_avatar":"","neve_post_elements_order":"","neve_meta_disable_header":"","neve_meta_disable_footer":"","neve_meta_disable_title":""},"product_brand":[],"product_cat":[8763],"product_tag":[6520],"class_list":{"0":"post-17750","1":"product","2":"type-product","3":"status-publish","4":"has-post-thumbnail","6":"product_cat-red-cableada","7":"product_tag-e10g18-t1","9":"first","10":"instock","11":"taxable","12":"shipping-taxable","13":"purchasable","14":"product-type-simple"},"yoast_head":"<!-- This site is optimized with the Yoast SEO plugin v26.0 - https:\/\/yoast.com\/wordpress\/plugins\/seo\/ -->\n<title>SYNOLOGY E10G18-T1 Tarjeta 10GbE RJ45 - Aivlisoft Inform\u00e1tica<\/title>\n<meta name=\"robots\" content=\"index, follow, max-snippet:-1, max-image-preview:large, max-video-preview:-1\" \/>\n<link rel=\"canonical\" href=\"https:\/\/aivlisoft.net\/shop\/producto\/synology-e10g18-t1-tarjeta-10gbe-rj45\/\" \/>\n<meta property=\"og:locale\" content=\"es_ES\" \/>\n<meta property=\"og:type\" content=\"article\" \/>\n<meta property=\"og:title\" content=\"SYNOLOGY E10G18-T1 Tarjeta 10GbE RJ45 - Aivlisoft Inform\u00e1tica\" \/>\n<meta property=\"og:description\" content=\"Marca Synology Modelo E10G18-T1 Generales &#8211; Est&aacute;ndares:&nbsp; Ethernet IEEE 802.3an de 10 Gbps&nbsp; Ethernet IEEE 802.3bz de 2,5 Gbps\/5 Gbps&nbsp; Ethernet IEEE 802.3ab Gigabit&nbsp; Ethernet IEEE 802.3u Fast&nbsp; Control de flujo IEEE 802.3x&#8211; Velocidades de transferencia de datos: 10 Gbps&#8211; Modo de funcionamiento de red: D&uacute;plex completoCaracter&iacute;sticas compatibles&#8211; Jumbo Frame de 9 KB&#8211; Descarga de&hellip;&nbsp;SYNOLOGY E10G18-T1 Tarjeta 10GbE RJ45\" \/>\n<meta property=\"og:url\" content=\"https:\/\/aivlisoft.net\/shop\/producto\/synology-e10g18-t1-tarjeta-10gbe-rj45\/\" \/>\n<meta property=\"og:site_name\" content=\"Aivlisoft Inform\u00e1tica\" \/>\n<meta property=\"article:modified_time\" content=\"2025-01-14T11:35:10+00:00\" \/>\n<meta property=\"og:image\" content=\"https:\/\/aivlisoft.net\/shop\/wp-content\/uploads\/2025\/01\/NADACA0145_800.jpg\" \/>\n\t<meta property=\"og:image:width\" content=\"800\" \/>\n\t<meta property=\"og:image:height\" content=\"800\" \/>\n\t<meta property=\"og:image:type\" content=\"image\/jpeg\" \/>\n<meta name=\"twitter:card\" content=\"summary_large_image\" \/>\n<meta name=\"twitter:label1\" content=\"Tiempo de lectura\" \/>\n\t<meta name=\"twitter:data1\" content=\"1 minuto\" \/>\n<script type=\"application\/ld+json\" class=\"yoast-schema-graph\">{\"@context\":\"https:\/\/schema.org\",\"@graph\":[{\"@type\":\"WebPage\",\"@id\":\"https:\/\/aivlisoft.net\/shop\/producto\/synology-e10g18-t1-tarjeta-10gbe-rj45\/\",\"url\":\"https:\/\/aivlisoft.net\/shop\/producto\/synology-e10g18-t1-tarjeta-10gbe-rj45\/\",\"name\":\"SYNOLOGY E10G18-T1 Tarjeta 10GbE RJ45 - Aivlisoft Inform\u00e1tica\",\"isPartOf\":{\"@id\":\"https:\/\/aivlisoft.net\/shop\/#website\"},\"primaryImageOfPage\":{\"@id\":\"https:\/\/aivlisoft.net\/shop\/producto\/synology-e10g18-t1-tarjeta-10gbe-rj45\/#primaryimage\"},\"image\":{\"@id\":\"https:\/\/aivlisoft.net\/shop\/producto\/synology-e10g18-t1-tarjeta-10gbe-rj45\/#primaryimage\"},\"thumbnailUrl\":\"https:\/\/aivlisoft.net\/shop\/wp-content\/uploads\/2025\/01\/NADACA0145_800.jpg\",\"datePublished\":\"2025-01-13T15:15:22+00:00\",\"dateModified\":\"2025-01-14T11:35:10+00:00\",\"breadcrumb\":{\"@id\":\"https:\/\/aivlisoft.net\/shop\/producto\/synology-e10g18-t1-tarjeta-10gbe-rj45\/#breadcrumb\"},\"inLanguage\":\"es\",\"potentialAction\":[{\"@type\":\"ReadAction\",\"target\":[\"https:\/\/aivlisoft.net\/shop\/producto\/synology-e10g18-t1-tarjeta-10gbe-rj45\/\"]}]},{\"@type\":\"ImageObject\",\"inLanguage\":\"es\",\"@id\":\"https:\/\/aivlisoft.net\/shop\/producto\/synology-e10g18-t1-tarjeta-10gbe-rj45\/#primaryimage\",\"url\":\"https:\/\/aivlisoft.net\/shop\/wp-content\/uploads\/2025\/01\/NADACA0145_800.jpg\",\"contentUrl\":\"https:\/\/aivlisoft.net\/shop\/wp-content\/uploads\/2025\/01\/NADACA0145_800.jpg\",\"width\":800,\"height\":800},{\"@type\":\"BreadcrumbList\",\"@id\":\"https:\/\/aivlisoft.net\/shop\/producto\/synology-e10g18-t1-tarjeta-10gbe-rj45\/#breadcrumb\",\"itemListElement\":[{\"@type\":\"ListItem\",\"position\":1,\"name\":\"Portada\",\"item\":\"https:\/\/aivlisoft.net\/shop\/\"},{\"@type\":\"ListItem\",\"position\":2,\"name\":\"Tienda\",\"item\":\"https:\/\/aivlisoft.net\/shop\/tienda\/\"},{\"@type\":\"ListItem\",\"position\":3,\"name\":\"SYNOLOGY E10G18-T1 Tarjeta 10GbE RJ45\"}]},{\"@type\":\"WebSite\",\"@id\":\"https:\/\/aivlisoft.net\/shop\/#website\",\"url\":\"https:\/\/aivlisoft.net\/shop\/\",\"name\":\"Aivlisoft Inform\u00e1tica\",\"description\":\"En Aivlisoft Inform\u00e1tica ofrecemos soluciones tecnol\u00f3gicas para empresas: venta de ordenadores, consumibles, perif\u00e9ricos y m\u00e1s. Calidad, atenci\u00f3n personalizada y los mejores precios para tu negocio.\",\"publisher\":{\"@id\":\"https:\/\/aivlisoft.net\/shop\/#organization\"},\"potentialAction\":[{\"@type\":\"SearchAction\",\"target\":{\"@type\":\"EntryPoint\",\"urlTemplate\":\"https:\/\/aivlisoft.net\/shop\/?s={search_term_string}\"},\"query-input\":{\"@type\":\"PropertyValueSpecification\",\"valueRequired\":true,\"valueName\":\"search_term_string\"}}],\"inLanguage\":\"es\"},{\"@type\":\"Organization\",\"@id\":\"https:\/\/aivlisoft.net\/shop\/#organization\",\"name\":\"Aivlisoft Inform\u00e1tica\",\"url\":\"https:\/\/aivlisoft.net\/shop\/\",\"logo\":{\"@type\":\"ImageObject\",\"inLanguage\":\"es\",\"@id\":\"https:\/\/aivlisoft.net\/shop\/#\/schema\/logo\/image\/\",\"url\":\"https:\/\/aivlisoft.net\/shop\/wp-content\/uploads\/2024\/12\/removal.ai_5b848c54-0cdf-4140-95c5-c5536bb7573b-logodef.png\",\"contentUrl\":\"https:\/\/aivlisoft.net\/shop\/wp-content\/uploads\/2024\/12\/removal.ai_5b848c54-0cdf-4140-95c5-c5536bb7573b-logodef.png\",\"width\":484,\"height\":182,\"caption\":\"Aivlisoft Inform\u00e1tica\"},\"image\":{\"@id\":\"https:\/\/aivlisoft.net\/shop\/#\/schema\/logo\/image\/\"}}]}<\/script>\n<!-- \/ Yoast SEO plugin. -->","yoast_head_json":{"title":"SYNOLOGY E10G18-T1 Tarjeta 10GbE RJ45 - Aivlisoft Inform\u00e1tica","robots":{"index":"index","follow":"follow","max-snippet":"max-snippet:-1","max-image-preview":"max-image-preview:large","max-video-preview":"max-video-preview:-1"},"canonical":"https:\/\/aivlisoft.net\/shop\/producto\/synology-e10g18-t1-tarjeta-10gbe-rj45\/","og_locale":"es_ES","og_type":"article","og_title":"SYNOLOGY E10G18-T1 Tarjeta 10GbE RJ45 - Aivlisoft Inform\u00e1tica","og_description":"Marca Synology Modelo E10G18-T1 Generales &#8211; Est&aacute;ndares:&nbsp; Ethernet IEEE 802.3an de 10 Gbps&nbsp; Ethernet IEEE 802.3bz de 2,5 Gbps\/5 Gbps&nbsp; Ethernet IEEE 802.3ab Gigabit&nbsp; Ethernet IEEE 802.3u Fast&nbsp; Control de flujo IEEE 802.3x&#8211; Velocidades de transferencia de datos: 10 Gbps&#8211; Modo de funcionamiento de red: D&uacute;plex completoCaracter&iacute;sticas compatibles&#8211; Jumbo Frame de 9 KB&#8211; Descarga de&hellip;&nbsp;SYNOLOGY E10G18-T1 Tarjeta 10GbE RJ45","og_url":"https:\/\/aivlisoft.net\/shop\/producto\/synology-e10g18-t1-tarjeta-10gbe-rj45\/","og_site_name":"Aivlisoft Inform\u00e1tica","article_modified_time":"2025-01-14T11:35:10+00:00","og_image":[{"width":800,"height":800,"url":"https:\/\/aivlisoft.net\/shop\/wp-content\/uploads\/2025\/01\/NADACA0145_800.jpg","type":"image\/jpeg"}],"twitter_card":"summary_large_image","twitter_misc":{"Tiempo de lectura":"1 minuto"},"schema":{"@context":"https:\/\/schema.org","@graph":[{"@type":"WebPage","@id":"https:\/\/aivlisoft.net\/shop\/producto\/synology-e10g18-t1-tarjeta-10gbe-rj45\/","url":"https:\/\/aivlisoft.net\/shop\/producto\/synology-e10g18-t1-tarjeta-10gbe-rj45\/","name":"SYNOLOGY E10G18-T1 Tarjeta 10GbE RJ45 - Aivlisoft Inform\u00e1tica","isPartOf":{"@id":"https:\/\/aivlisoft.net\/shop\/#website"},"primaryImageOfPage":{"@id":"https:\/\/aivlisoft.net\/shop\/producto\/synology-e10g18-t1-tarjeta-10gbe-rj45\/#primaryimage"},"image":{"@id":"https:\/\/aivlisoft.net\/shop\/producto\/synology-e10g18-t1-tarjeta-10gbe-rj45\/#primaryimage"},"thumbnailUrl":"https:\/\/aivlisoft.net\/shop\/wp-content\/uploads\/2025\/01\/NADACA0145_800.jpg","datePublished":"2025-01-13T15:15:22+00:00","dateModified":"2025-01-14T11:35:10+00:00","breadcrumb":{"@id":"https:\/\/aivlisoft.net\/shop\/producto\/synology-e10g18-t1-tarjeta-10gbe-rj45\/#breadcrumb"},"inLanguage":"es","potentialAction":[{"@type":"ReadAction","target":["https:\/\/aivlisoft.net\/shop\/producto\/synology-e10g18-t1-tarjeta-10gbe-rj45\/"]}]},{"@type":"ImageObject","inLanguage":"es","@id":"https:\/\/aivlisoft.net\/shop\/producto\/synology-e10g18-t1-tarjeta-10gbe-rj45\/#primaryimage","url":"https:\/\/aivlisoft.net\/shop\/wp-content\/uploads\/2025\/01\/NADACA0145_800.jpg","contentUrl":"https:\/\/aivlisoft.net\/shop\/wp-content\/uploads\/2025\/01\/NADACA0145_800.jpg","width":800,"height":800},{"@type":"BreadcrumbList","@id":"https:\/\/aivlisoft.net\/shop\/producto\/synology-e10g18-t1-tarjeta-10gbe-rj45\/#breadcrumb","itemListElement":[{"@type":"ListItem","position":1,"name":"Portada","item":"https:\/\/aivlisoft.net\/shop\/"},{"@type":"ListItem","position":2,"name":"Tienda","item":"https:\/\/aivlisoft.net\/shop\/tienda\/"},{"@type":"ListItem","position":3,"name":"SYNOLOGY E10G18-T1 Tarjeta 10GbE RJ45"}]},{"@type":"WebSite","@id":"https:\/\/aivlisoft.net\/shop\/#website","url":"https:\/\/aivlisoft.net\/shop\/","name":"Aivlisoft Inform\u00e1tica","description":"En Aivlisoft Inform\u00e1tica ofrecemos soluciones tecnol\u00f3gicas para empresas: venta de ordenadores, consumibles, perif\u00e9ricos y m\u00e1s. Calidad, atenci\u00f3n personalizada y los mejores precios para tu negocio.","publisher":{"@id":"https:\/\/aivlisoft.net\/shop\/#organization"},"potentialAction":[{"@type":"SearchAction","target":{"@type":"EntryPoint","urlTemplate":"https:\/\/aivlisoft.net\/shop\/?s={search_term_string}"},"query-input":{"@type":"PropertyValueSpecification","valueRequired":true,"valueName":"search_term_string"}}],"inLanguage":"es"},{"@type":"Organization","@id":"https:\/\/aivlisoft.net\/shop\/#organization","name":"Aivlisoft Inform\u00e1tica","url":"https:\/\/aivlisoft.net\/shop\/","logo":{"@type":"ImageObject","inLanguage":"es","@id":"https:\/\/aivlisoft.net\/shop\/#\/schema\/logo\/image\/","url":"https:\/\/aivlisoft.net\/shop\/wp-content\/uploads\/2024\/12\/removal.ai_5b848c54-0cdf-4140-95c5-c5536bb7573b-logodef.png","contentUrl":"https:\/\/aivlisoft.net\/shop\/wp-content\/uploads\/2024\/12\/removal.ai_5b848c54-0cdf-4140-95c5-c5536bb7573b-logodef.png","width":484,"height":182,"caption":"Aivlisoft Inform\u00e1tica"},"image":{"@id":"https:\/\/aivlisoft.net\/shop\/#\/schema\/logo\/image\/"}}]}},"_links":{"self":[{"href":"https:\/\/aivlisoft.net\/shop\/wp-json\/wp\/v2\/product\/17750","targetHints":{"allow":["GET"]}}],"collection":[{"href":"https:\/\/aivlisoft.net\/shop\/wp-json\/wp\/v2\/product"}],"about":[{"href":"https:\/\/aivlisoft.net\/shop\/wp-json\/wp\/v2\/types\/product"}],"wp:featuredmedia":[{"embeddable":true,"href":"https:\/\/aivlisoft.net\/shop\/wp-json\/wp\/v2\/media\/17751"}],"wp:attachment":[{"href":"https:\/\/aivlisoft.net\/shop\/wp-json\/wp\/v2\/media?parent=17750"}],"wp:term":[{"taxonomy":"product_brand","embeddable":true,"href":"https:\/\/aivlisoft.net\/shop\/wp-json\/wp\/v2\/product_brand?post=17750"},{"taxonomy":"product_cat","embeddable":true,"href":"https:\/\/aivlisoft.net\/shop\/wp-json\/wp\/v2\/product_cat?post=17750"},{"taxonomy":"product_tag","embeddable":true,"href":"https:\/\/aivlisoft.net\/shop\/wp-json\/wp\/v2\/product_tag?post=17750"}],"curies":[{"name":"wp","href":"https:\/\/api.w.org\/{rel}","templated":true}]}}