{"id":17746,"date":"2025-01-13T15:15:20","date_gmt":"2025-01-13T15:15:20","guid":{"rendered":"https:\/\/aivlisoft.com\/?post_type=product&#038;p=17746"},"modified":"2025-01-14T11:35:09","modified_gmt":"2025-01-14T11:35:09","slug":"approx-appc07ghub-adaptador-usb-3-0-gigabit-hub","status":"publish","type":"product","link":"https:\/\/aivlisoft.net\/shop\/producto\/approx-appc07ghub-adaptador-usb-3-0-gigabit-hub\/","title":{"rendered":"approx APPC07GHUB Adaptador USB 3.0 Gigabit + HUB"},"content":{"rendered":"<p>Este adaptador le permitir&aacute; agregar un puerto RJ-45 y 3 puertos USB 3.0 adicionales a su equipo. Tiene una tasa de transferencia de hasta 1000Mbps, con la que podr&aacute; navegar y transferir archivos c&oacute;modamente.<\/p>\n<p><strong>Dise&ntilde;o exclusivo Approx <\/strong><br \/>No encontrar&aacute;s un producto igual. Nuestros ingenieros dise&ntilde;an productos de m&aacute;xima calidad y est&eacute;tica &uacute;nica.<\/p>\n<p><strong>Peque&ntilde;o y ligero<\/strong><br \/>Su reducido tama&ntilde;o y poco peso lo convierten en un dispositivo f&aacute;cil de transportar all&aacute; donde necesites .<\/p>\n<p><strong>M&aacute;xima conectividad<\/strong><br \/>Tasa de transferencia de hasta 1000Mbps. Podr&aacute;s acceder a Internet, subir, bajar y transferir archivos sin problemas.<\/p>\n<p><strong>M&aacute;xima compatibilidad<\/strong><br \/>El APPC07GHUB es compatible con Windows, Mac<br \/>y Linux.<\/p>\n<table>\n<tbody>\n<tr>\n<td><strong>Marca<\/strong><\/td>\n<td>approx!<\/td>\n<\/tr>\n<tr>\n<td><strong>Modelo<\/strong><\/td>\n<td><strong>APPC07GHUB<\/strong><\/td>\n<\/tr>\n<tr>\n<td><strong>Caracter&iacute;sticas T&eacute;cnicas<\/strong><\/td>\n<td>&#8211; 3 puertos USB 3.0 Alta velocidad<br \/>&#8211; 1 puerto RJ45<br \/>&#8211; Chipset GL3520+RTL8153<br \/>&#8211; RJ45 soporta 10\/100\/1000Mbps<br \/>&#8211; Puertos USB 3.0 soportan 5Gbps<br \/>&#8211; Compatible con Windows, Mac y Linux<\/td>\n<\/tr>\n<tr>\n<td><strong>Otras Caracter&iacute;sticas<\/strong><\/td>\n<td>&#8211; Color: Gris<br \/>&#8211; Mterial: Aluminio<br \/>&#8211; Dimensiones: 99,9 x 26,95 x 16,69 mm<br \/>&#8211; Peso: 60 grms<br \/><strong>Contenido del paquete<\/strong><br \/>&#8211; APPC07GHUB<br \/>&#8211; Gu&iacute;a r&aacute;pida de instalaci&oacute;n<\/td>\n<\/tr>\n<tr>\n<td><strong>Fecha de revisi&oacute;n<\/strong><\/td>\n<td>04-09-2018 por AVN<\/td>\n<\/tr>\n<\/tbody>\n<\/table>\n","protected":false},"excerpt":{"rendered":"<p>Este adaptador le permitir&aacute; agregar un puerto RJ-45 y 3 puertos USB 3.0 adicionales a su equipo. Tiene una tasa de transferencia de hasta 1000Mbps, con la que podr&aacute; navegar y transferir archivos c&oacute;modamente. Dise&ntilde;o exclusivo Approx No encontrar&aacute;s un producto igual. Nuestros ingenieros dise&ntilde;an productos de m&aacute;xima calidad y est&eacute;tica &uacute;nica. Peque&ntilde;o y ligeroSu&hellip;&nbsp;<a href=\"https:\/\/aivlisoft.net\/shop\/producto\/approx-appc07ghub-adaptador-usb-3-0-gigabit-hub\/\" rel=\"bookmark\"><span class=\"screen-reader-text\">approx APPC07GHUB Adaptador USB 3.0 Gigabit + HUB<\/span><\/a><\/p>\n","protected":false},"featured_media":17747,"template":"","meta":{"neve_meta_sidebar":"","neve_meta_container":"","neve_meta_enable_content_width":"","neve_meta_content_width":0,"neve_meta_title_alignment":"","neve_meta_author_avatar":"","neve_post_elements_order":"","neve_meta_disable_header":"","neve_meta_disable_footer":"","neve_meta_disable_title":""},"product_brand":[],"product_cat":[8763],"product_tag":[6519],"class_list":{"0":"post-17746","1":"product","2":"type-product","3":"status-publish","4":"has-post-thumbnail","6":"product_cat-red-cableada","7":"product_tag-appc07ghub","9":"first","10":"instock","11":"taxable","12":"shipping-taxable","13":"purchasable","14":"product-type-simple"},"yoast_head":"<!-- This site is optimized with the Yoast SEO plugin v26.0 - https:\/\/yoast.com\/wordpress\/plugins\/seo\/ -->\n<title>approx APPC07GHUB Adaptador USB 3.0 Gigabit + HUB - Aivlisoft Inform\u00e1tica<\/title>\n<meta name=\"robots\" content=\"index, follow, max-snippet:-1, max-image-preview:large, max-video-preview:-1\" \/>\n<link rel=\"canonical\" href=\"https:\/\/aivlisoft.net\/shop\/producto\/approx-appc07ghub-adaptador-usb-3-0-gigabit-hub\/\" \/>\n<meta property=\"og:locale\" content=\"es_ES\" \/>\n<meta property=\"og:type\" content=\"article\" \/>\n<meta property=\"og:title\" content=\"approx APPC07GHUB Adaptador USB 3.0 Gigabit + HUB - Aivlisoft Inform\u00e1tica\" \/>\n<meta property=\"og:description\" content=\"Este adaptador le permitir&aacute; agregar un puerto RJ-45 y 3 puertos USB 3.0 adicionales a su equipo. Tiene una tasa de transferencia de hasta 1000Mbps, con la que podr&aacute; navegar y transferir archivos c&oacute;modamente. Dise&ntilde;o exclusivo Approx No encontrar&aacute;s un producto igual. Nuestros ingenieros dise&ntilde;an productos de m&aacute;xima calidad y est&eacute;tica &uacute;nica. Peque&ntilde;o y ligeroSu&hellip;&nbsp;approx APPC07GHUB Adaptador USB 3.0 Gigabit + HUB\" \/>\n<meta property=\"og:url\" content=\"https:\/\/aivlisoft.net\/shop\/producto\/approx-appc07ghub-adaptador-usb-3-0-gigabit-hub\/\" \/>\n<meta property=\"og:site_name\" content=\"Aivlisoft Inform\u00e1tica\" \/>\n<meta property=\"article:modified_time\" content=\"2025-01-14T11:35:09+00:00\" \/>\n<meta property=\"og:image\" content=\"https:\/\/aivlisoft.net\/shop\/wp-content\/uploads\/2025\/01\/NADACA0144_800.jpg\" \/>\n\t<meta property=\"og:image:width\" content=\"800\" \/>\n\t<meta property=\"og:image:height\" content=\"800\" \/>\n\t<meta property=\"og:image:type\" content=\"image\/jpeg\" \/>\n<meta name=\"twitter:card\" content=\"summary_large_image\" \/>\n<meta name=\"twitter:label1\" content=\"Tiempo de lectura\" \/>\n\t<meta name=\"twitter:data1\" content=\"1 minuto\" \/>\n<script type=\"application\/ld+json\" class=\"yoast-schema-graph\">{\"@context\":\"https:\/\/schema.org\",\"@graph\":[{\"@type\":\"WebPage\",\"@id\":\"https:\/\/aivlisoft.net\/shop\/producto\/approx-appc07ghub-adaptador-usb-3-0-gigabit-hub\/\",\"url\":\"https:\/\/aivlisoft.net\/shop\/producto\/approx-appc07ghub-adaptador-usb-3-0-gigabit-hub\/\",\"name\":\"approx APPC07GHUB Adaptador USB 3.0 Gigabit + HUB - Aivlisoft Inform\u00e1tica\",\"isPartOf\":{\"@id\":\"https:\/\/aivlisoft.net\/shop\/#website\"},\"primaryImageOfPage\":{\"@id\":\"https:\/\/aivlisoft.net\/shop\/producto\/approx-appc07ghub-adaptador-usb-3-0-gigabit-hub\/#primaryimage\"},\"image\":{\"@id\":\"https:\/\/aivlisoft.net\/shop\/producto\/approx-appc07ghub-adaptador-usb-3-0-gigabit-hub\/#primaryimage\"},\"thumbnailUrl\":\"https:\/\/aivlisoft.net\/shop\/wp-content\/uploads\/2025\/01\/NADACA0144_800.jpg\",\"datePublished\":\"2025-01-13T15:15:20+00:00\",\"dateModified\":\"2025-01-14T11:35:09+00:00\",\"breadcrumb\":{\"@id\":\"https:\/\/aivlisoft.net\/shop\/producto\/approx-appc07ghub-adaptador-usb-3-0-gigabit-hub\/#breadcrumb\"},\"inLanguage\":\"es\",\"potentialAction\":[{\"@type\":\"ReadAction\",\"target\":[\"https:\/\/aivlisoft.net\/shop\/producto\/approx-appc07ghub-adaptador-usb-3-0-gigabit-hub\/\"]}]},{\"@type\":\"ImageObject\",\"inLanguage\":\"es\",\"@id\":\"https:\/\/aivlisoft.net\/shop\/producto\/approx-appc07ghub-adaptador-usb-3-0-gigabit-hub\/#primaryimage\",\"url\":\"https:\/\/aivlisoft.net\/shop\/wp-content\/uploads\/2025\/01\/NADACA0144_800.jpg\",\"contentUrl\":\"https:\/\/aivlisoft.net\/shop\/wp-content\/uploads\/2025\/01\/NADACA0144_800.jpg\",\"width\":800,\"height\":800},{\"@type\":\"BreadcrumbList\",\"@id\":\"https:\/\/aivlisoft.net\/shop\/producto\/approx-appc07ghub-adaptador-usb-3-0-gigabit-hub\/#breadcrumb\",\"itemListElement\":[{\"@type\":\"ListItem\",\"position\":1,\"name\":\"Portada\",\"item\":\"https:\/\/aivlisoft.net\/shop\/\"},{\"@type\":\"ListItem\",\"position\":2,\"name\":\"Tienda\",\"item\":\"https:\/\/aivlisoft.net\/shop\/tienda\/\"},{\"@type\":\"ListItem\",\"position\":3,\"name\":\"approx APPC07GHUB Adaptador USB 3.0 Gigabit + HUB\"}]},{\"@type\":\"WebSite\",\"@id\":\"https:\/\/aivlisoft.net\/shop\/#website\",\"url\":\"https:\/\/aivlisoft.net\/shop\/\",\"name\":\"Aivlisoft Inform\u00e1tica\",\"description\":\"En Aivlisoft Inform\u00e1tica ofrecemos soluciones tecnol\u00f3gicas para empresas: venta de ordenadores, consumibles, perif\u00e9ricos y m\u00e1s. Calidad, atenci\u00f3n personalizada y los mejores precios para tu negocio.\",\"publisher\":{\"@id\":\"https:\/\/aivlisoft.net\/shop\/#organization\"},\"potentialAction\":[{\"@type\":\"SearchAction\",\"target\":{\"@type\":\"EntryPoint\",\"urlTemplate\":\"https:\/\/aivlisoft.net\/shop\/?s={search_term_string}\"},\"query-input\":{\"@type\":\"PropertyValueSpecification\",\"valueRequired\":true,\"valueName\":\"search_term_string\"}}],\"inLanguage\":\"es\"},{\"@type\":\"Organization\",\"@id\":\"https:\/\/aivlisoft.net\/shop\/#organization\",\"name\":\"Aivlisoft Inform\u00e1tica\",\"url\":\"https:\/\/aivlisoft.net\/shop\/\",\"logo\":{\"@type\":\"ImageObject\",\"inLanguage\":\"es\",\"@id\":\"https:\/\/aivlisoft.net\/shop\/#\/schema\/logo\/image\/\",\"url\":\"https:\/\/aivlisoft.net\/shop\/wp-content\/uploads\/2024\/12\/removal.ai_5b848c54-0cdf-4140-95c5-c5536bb7573b-logodef.png\",\"contentUrl\":\"https:\/\/aivlisoft.net\/shop\/wp-content\/uploads\/2024\/12\/removal.ai_5b848c54-0cdf-4140-95c5-c5536bb7573b-logodef.png\",\"width\":484,\"height\":182,\"caption\":\"Aivlisoft Inform\u00e1tica\"},\"image\":{\"@id\":\"https:\/\/aivlisoft.net\/shop\/#\/schema\/logo\/image\/\"}}]}<\/script>\n<!-- \/ Yoast SEO plugin. -->","yoast_head_json":{"title":"approx APPC07GHUB Adaptador USB 3.0 Gigabit + HUB - Aivlisoft Inform\u00e1tica","robots":{"index":"index","follow":"follow","max-snippet":"max-snippet:-1","max-image-preview":"max-image-preview:large","max-video-preview":"max-video-preview:-1"},"canonical":"https:\/\/aivlisoft.net\/shop\/producto\/approx-appc07ghub-adaptador-usb-3-0-gigabit-hub\/","og_locale":"es_ES","og_type":"article","og_title":"approx APPC07GHUB Adaptador USB 3.0 Gigabit + HUB - Aivlisoft Inform\u00e1tica","og_description":"Este adaptador le permitir&aacute; agregar un puerto RJ-45 y 3 puertos USB 3.0 adicionales a su equipo. Tiene una tasa de transferencia de hasta 1000Mbps, con la que podr&aacute; navegar y transferir archivos c&oacute;modamente. Dise&ntilde;o exclusivo Approx No encontrar&aacute;s un producto igual. Nuestros ingenieros dise&ntilde;an productos de m&aacute;xima calidad y est&eacute;tica &uacute;nica. Peque&ntilde;o y ligeroSu&hellip;&nbsp;approx APPC07GHUB Adaptador USB 3.0 Gigabit + HUB","og_url":"https:\/\/aivlisoft.net\/shop\/producto\/approx-appc07ghub-adaptador-usb-3-0-gigabit-hub\/","og_site_name":"Aivlisoft Inform\u00e1tica","article_modified_time":"2025-01-14T11:35:09+00:00","og_image":[{"width":800,"height":800,"url":"https:\/\/aivlisoft.net\/shop\/wp-content\/uploads\/2025\/01\/NADACA0144_800.jpg","type":"image\/jpeg"}],"twitter_card":"summary_large_image","twitter_misc":{"Tiempo de lectura":"1 minuto"},"schema":{"@context":"https:\/\/schema.org","@graph":[{"@type":"WebPage","@id":"https:\/\/aivlisoft.net\/shop\/producto\/approx-appc07ghub-adaptador-usb-3-0-gigabit-hub\/","url":"https:\/\/aivlisoft.net\/shop\/producto\/approx-appc07ghub-adaptador-usb-3-0-gigabit-hub\/","name":"approx APPC07GHUB Adaptador USB 3.0 Gigabit + HUB - Aivlisoft Inform\u00e1tica","isPartOf":{"@id":"https:\/\/aivlisoft.net\/shop\/#website"},"primaryImageOfPage":{"@id":"https:\/\/aivlisoft.net\/shop\/producto\/approx-appc07ghub-adaptador-usb-3-0-gigabit-hub\/#primaryimage"},"image":{"@id":"https:\/\/aivlisoft.net\/shop\/producto\/approx-appc07ghub-adaptador-usb-3-0-gigabit-hub\/#primaryimage"},"thumbnailUrl":"https:\/\/aivlisoft.net\/shop\/wp-content\/uploads\/2025\/01\/NADACA0144_800.jpg","datePublished":"2025-01-13T15:15:20+00:00","dateModified":"2025-01-14T11:35:09+00:00","breadcrumb":{"@id":"https:\/\/aivlisoft.net\/shop\/producto\/approx-appc07ghub-adaptador-usb-3-0-gigabit-hub\/#breadcrumb"},"inLanguage":"es","potentialAction":[{"@type":"ReadAction","target":["https:\/\/aivlisoft.net\/shop\/producto\/approx-appc07ghub-adaptador-usb-3-0-gigabit-hub\/"]}]},{"@type":"ImageObject","inLanguage":"es","@id":"https:\/\/aivlisoft.net\/shop\/producto\/approx-appc07ghub-adaptador-usb-3-0-gigabit-hub\/#primaryimage","url":"https:\/\/aivlisoft.net\/shop\/wp-content\/uploads\/2025\/01\/NADACA0144_800.jpg","contentUrl":"https:\/\/aivlisoft.net\/shop\/wp-content\/uploads\/2025\/01\/NADACA0144_800.jpg","width":800,"height":800},{"@type":"BreadcrumbList","@id":"https:\/\/aivlisoft.net\/shop\/producto\/approx-appc07ghub-adaptador-usb-3-0-gigabit-hub\/#breadcrumb","itemListElement":[{"@type":"ListItem","position":1,"name":"Portada","item":"https:\/\/aivlisoft.net\/shop\/"},{"@type":"ListItem","position":2,"name":"Tienda","item":"https:\/\/aivlisoft.net\/shop\/tienda\/"},{"@type":"ListItem","position":3,"name":"approx APPC07GHUB Adaptador USB 3.0 Gigabit + HUB"}]},{"@type":"WebSite","@id":"https:\/\/aivlisoft.net\/shop\/#website","url":"https:\/\/aivlisoft.net\/shop\/","name":"Aivlisoft Inform\u00e1tica","description":"En Aivlisoft Inform\u00e1tica ofrecemos soluciones tecnol\u00f3gicas para empresas: venta de ordenadores, consumibles, perif\u00e9ricos y m\u00e1s. Calidad, atenci\u00f3n personalizada y los mejores precios para tu negocio.","publisher":{"@id":"https:\/\/aivlisoft.net\/shop\/#organization"},"potentialAction":[{"@type":"SearchAction","target":{"@type":"EntryPoint","urlTemplate":"https:\/\/aivlisoft.net\/shop\/?s={search_term_string}"},"query-input":{"@type":"PropertyValueSpecification","valueRequired":true,"valueName":"search_term_string"}}],"inLanguage":"es"},{"@type":"Organization","@id":"https:\/\/aivlisoft.net\/shop\/#organization","name":"Aivlisoft Inform\u00e1tica","url":"https:\/\/aivlisoft.net\/shop\/","logo":{"@type":"ImageObject","inLanguage":"es","@id":"https:\/\/aivlisoft.net\/shop\/#\/schema\/logo\/image\/","url":"https:\/\/aivlisoft.net\/shop\/wp-content\/uploads\/2024\/12\/removal.ai_5b848c54-0cdf-4140-95c5-c5536bb7573b-logodef.png","contentUrl":"https:\/\/aivlisoft.net\/shop\/wp-content\/uploads\/2024\/12\/removal.ai_5b848c54-0cdf-4140-95c5-c5536bb7573b-logodef.png","width":484,"height":182,"caption":"Aivlisoft Inform\u00e1tica"},"image":{"@id":"https:\/\/aivlisoft.net\/shop\/#\/schema\/logo\/image\/"}}]}},"_links":{"self":[{"href":"https:\/\/aivlisoft.net\/shop\/wp-json\/wp\/v2\/product\/17746","targetHints":{"allow":["GET"]}}],"collection":[{"href":"https:\/\/aivlisoft.net\/shop\/wp-json\/wp\/v2\/product"}],"about":[{"href":"https:\/\/aivlisoft.net\/shop\/wp-json\/wp\/v2\/types\/product"}],"wp:featuredmedia":[{"embeddable":true,"href":"https:\/\/aivlisoft.net\/shop\/wp-json\/wp\/v2\/media\/17747"}],"wp:attachment":[{"href":"https:\/\/aivlisoft.net\/shop\/wp-json\/wp\/v2\/media?parent=17746"}],"wp:term":[{"taxonomy":"product_brand","embeddable":true,"href":"https:\/\/aivlisoft.net\/shop\/wp-json\/wp\/v2\/product_brand?post=17746"},{"taxonomy":"product_cat","embeddable":true,"href":"https:\/\/aivlisoft.net\/shop\/wp-json\/wp\/v2\/product_cat?post=17746"},{"taxonomy":"product_tag","embeddable":true,"href":"https:\/\/aivlisoft.net\/shop\/wp-json\/wp\/v2\/product_tag?post=17746"}],"curies":[{"name":"wp","href":"https:\/\/api.w.org\/{rel}","templated":true}]}}