{"id":17732,"date":"2025-01-13T15:15:10","date_gmt":"2025-01-13T15:15:10","guid":{"rendered":"https:\/\/aivlisoft.com\/?post_type=product&#038;p=17732"},"modified":"2025-01-14T11:35:00","modified_gmt":"2025-01-14T11:35:00","slug":"d-link-dem-432xt-modulo-sfp-10gb-10km","status":"publish","type":"product","link":"https:\/\/aivlisoft.net\/shop\/producto\/d-link-dem-432xt-modulo-sfp-10gb-10km\/","title":{"rendered":"D-Link DEM-432XT Modulo SFP+ 10GB 10Km"},"content":{"rendered":"<p>La serie de m&oacute;dulos 10G SFP + de D-Link son transceivers SFP + intercambiables en caliente (Hot-Swap) que se conectan a las ranuras SFP + de switches y soportan Ethernet 10G. La serie de m&oacute;dulos 10G SFP + de D-Link son transceivers SFP + que ofrecen a los clientes una amplia variedad de opciones de conectividad Ethernet 10G para centros de datos, salas de cableado, aplicaciones empresariales, y proveedores de servicios de transporte.<\/p>\n<p><strong>Formato peque&ntilde;o conectable mejorado<\/strong><br \/>Los transceivers utilizan el formato Peque&ntilde;o conectable Mejorado (SFP +). El formato SFP+ es menor que otros formatos como Xenpak, X2 y 10G XFP, lo que garantiza menores costos, menor interrupci&oacute;n de energ&iacute;a y una mayor densidad de puertos. Ellos proporcionan la amplificaci&oacute;n de la se&ntilde;al necesaria para que los datos se transmitan al cable de red desde el puerto, y viceversa, para el puerto pueda recibir datos de la red de cable.<\/p>\n<p><strong>Velocidades de Ethernet 10G<\/strong><br \/>Los transceivers soportan 10G Ethernet, lo que resulta transmisiones de datos muy r&aacute;pidas, de hasta 10 Gbit\/s. Esto es 10 veces m&aacute;s r&aacute;pido que Gigabit Ethernet y permite al switch transmisiones de datos m&aacute;s r&aacute;pidas y m&aacute;s altas, por lo que es muy adecuado para las necesidades del negocio.<\/p>\n<p><strong>Caracteristicas principales<\/strong><br \/>&#8211; Maxima Distancia 10Kms<br \/>&#8211; Conector Duplex LC<br \/>&#8211; Conectividad 10Gbps Ethernet<br \/>&#8211; Dise&ntilde;o SFP+<br \/>&#8211; Hot Pluggable<br \/>&#8211; Estandar IEEE 802.3ae 10GBase-LR<\/p>\n","protected":false},"excerpt":{"rendered":"<p>La serie de m&oacute;dulos 10G SFP + de D-Link son transceivers SFP + intercambiables en caliente (Hot-Swap) que se conectan a las ranuras SFP + de switches y soportan Ethernet 10G. La serie de m&oacute;dulos 10G SFP + de D-Link son transceivers SFP + que ofrecen a los clientes una amplia variedad de opciones de&hellip;&nbsp;<a href=\"https:\/\/aivlisoft.net\/shop\/producto\/d-link-dem-432xt-modulo-sfp-10gb-10km\/\" rel=\"bookmark\"><span class=\"screen-reader-text\">D-Link DEM-432XT Modulo SFP+ 10GB 10Km<\/span><\/a><\/p>\n","protected":false},"featured_media":17733,"template":"","meta":{"neve_meta_sidebar":"","neve_meta_container":"","neve_meta_enable_content_width":"","neve_meta_content_width":0,"neve_meta_title_alignment":"","neve_meta_author_avatar":"","neve_post_elements_order":"","neve_meta_disable_header":"","neve_meta_disable_footer":"","neve_meta_disable_title":""},"product_brand":[],"product_cat":[8763],"product_tag":[6513],"class_list":{"0":"post-17732","1":"product","2":"type-product","3":"status-publish","4":"has-post-thumbnail","6":"product_cat-red-cableada","7":"product_tag-dem-432xt","9":"first","10":"instock","11":"taxable","12":"shipping-taxable","13":"purchasable","14":"product-type-simple"},"yoast_head":"<!-- This site is optimized with the Yoast SEO plugin v26.0 - https:\/\/yoast.com\/wordpress\/plugins\/seo\/ -->\n<title>D-Link DEM-432XT Modulo SFP+ 10GB 10Km - Aivlisoft Inform\u00e1tica<\/title>\n<meta name=\"robots\" content=\"index, follow, max-snippet:-1, max-image-preview:large, max-video-preview:-1\" \/>\n<link rel=\"canonical\" href=\"https:\/\/aivlisoft.net\/shop\/producto\/d-link-dem-432xt-modulo-sfp-10gb-10km\/\" \/>\n<meta property=\"og:locale\" content=\"es_ES\" \/>\n<meta property=\"og:type\" content=\"article\" \/>\n<meta property=\"og:title\" content=\"D-Link DEM-432XT Modulo SFP+ 10GB 10Km - Aivlisoft Inform\u00e1tica\" \/>\n<meta property=\"og:description\" content=\"La serie de m&oacute;dulos 10G SFP + de D-Link son transceivers SFP + intercambiables en caliente (Hot-Swap) que se conectan a las ranuras SFP + de switches y soportan Ethernet 10G. La serie de m&oacute;dulos 10G SFP + de D-Link son transceivers SFP + que ofrecen a los clientes una amplia variedad de opciones de&hellip;&nbsp;D-Link DEM-432XT Modulo SFP+ 10GB 10Km\" \/>\n<meta property=\"og:url\" content=\"https:\/\/aivlisoft.net\/shop\/producto\/d-link-dem-432xt-modulo-sfp-10gb-10km\/\" \/>\n<meta property=\"og:site_name\" content=\"Aivlisoft Inform\u00e1tica\" \/>\n<meta property=\"article:modified_time\" content=\"2025-01-14T11:35:00+00:00\" \/>\n<meta property=\"og:image\" content=\"https:\/\/aivlisoft.net\/shop\/wp-content\/uploads\/2025\/01\/NADACA0130_800.jpg\" \/>\n\t<meta property=\"og:image:width\" content=\"800\" \/>\n\t<meta property=\"og:image:height\" content=\"800\" \/>\n\t<meta property=\"og:image:type\" content=\"image\/jpeg\" \/>\n<meta name=\"twitter:card\" content=\"summary_large_image\" \/>\n<meta name=\"twitter:label1\" content=\"Tiempo de lectura\" \/>\n\t<meta name=\"twitter:data1\" content=\"1 minuto\" \/>\n<script type=\"application\/ld+json\" class=\"yoast-schema-graph\">{\"@context\":\"https:\/\/schema.org\",\"@graph\":[{\"@type\":\"WebPage\",\"@id\":\"https:\/\/aivlisoft.net\/shop\/producto\/d-link-dem-432xt-modulo-sfp-10gb-10km\/\",\"url\":\"https:\/\/aivlisoft.net\/shop\/producto\/d-link-dem-432xt-modulo-sfp-10gb-10km\/\",\"name\":\"D-Link DEM-432XT Modulo SFP+ 10GB 10Km - Aivlisoft Inform\u00e1tica\",\"isPartOf\":{\"@id\":\"https:\/\/aivlisoft.net\/shop\/#website\"},\"primaryImageOfPage\":{\"@id\":\"https:\/\/aivlisoft.net\/shop\/producto\/d-link-dem-432xt-modulo-sfp-10gb-10km\/#primaryimage\"},\"image\":{\"@id\":\"https:\/\/aivlisoft.net\/shop\/producto\/d-link-dem-432xt-modulo-sfp-10gb-10km\/#primaryimage\"},\"thumbnailUrl\":\"https:\/\/aivlisoft.net\/shop\/wp-content\/uploads\/2025\/01\/NADACA0130_800.jpg\",\"datePublished\":\"2025-01-13T15:15:10+00:00\",\"dateModified\":\"2025-01-14T11:35:00+00:00\",\"breadcrumb\":{\"@id\":\"https:\/\/aivlisoft.net\/shop\/producto\/d-link-dem-432xt-modulo-sfp-10gb-10km\/#breadcrumb\"},\"inLanguage\":\"es\",\"potentialAction\":[{\"@type\":\"ReadAction\",\"target\":[\"https:\/\/aivlisoft.net\/shop\/producto\/d-link-dem-432xt-modulo-sfp-10gb-10km\/\"]}]},{\"@type\":\"ImageObject\",\"inLanguage\":\"es\",\"@id\":\"https:\/\/aivlisoft.net\/shop\/producto\/d-link-dem-432xt-modulo-sfp-10gb-10km\/#primaryimage\",\"url\":\"https:\/\/aivlisoft.net\/shop\/wp-content\/uploads\/2025\/01\/NADACA0130_800.jpg\",\"contentUrl\":\"https:\/\/aivlisoft.net\/shop\/wp-content\/uploads\/2025\/01\/NADACA0130_800.jpg\",\"width\":800,\"height\":800},{\"@type\":\"BreadcrumbList\",\"@id\":\"https:\/\/aivlisoft.net\/shop\/producto\/d-link-dem-432xt-modulo-sfp-10gb-10km\/#breadcrumb\",\"itemListElement\":[{\"@type\":\"ListItem\",\"position\":1,\"name\":\"Portada\",\"item\":\"https:\/\/aivlisoft.net\/shop\/\"},{\"@type\":\"ListItem\",\"position\":2,\"name\":\"Tienda\",\"item\":\"https:\/\/aivlisoft.net\/shop\/tienda\/\"},{\"@type\":\"ListItem\",\"position\":3,\"name\":\"D-Link DEM-432XT Modulo SFP+ 10GB 10Km\"}]},{\"@type\":\"WebSite\",\"@id\":\"https:\/\/aivlisoft.net\/shop\/#website\",\"url\":\"https:\/\/aivlisoft.net\/shop\/\",\"name\":\"Aivlisoft Inform\u00e1tica\",\"description\":\"En Aivlisoft Inform\u00e1tica ofrecemos soluciones tecnol\u00f3gicas para empresas: venta de ordenadores, consumibles, perif\u00e9ricos y m\u00e1s. Calidad, atenci\u00f3n personalizada y los mejores precios para tu negocio.\",\"publisher\":{\"@id\":\"https:\/\/aivlisoft.net\/shop\/#organization\"},\"potentialAction\":[{\"@type\":\"SearchAction\",\"target\":{\"@type\":\"EntryPoint\",\"urlTemplate\":\"https:\/\/aivlisoft.net\/shop\/?s={search_term_string}\"},\"query-input\":{\"@type\":\"PropertyValueSpecification\",\"valueRequired\":true,\"valueName\":\"search_term_string\"}}],\"inLanguage\":\"es\"},{\"@type\":\"Organization\",\"@id\":\"https:\/\/aivlisoft.net\/shop\/#organization\",\"name\":\"Aivlisoft Inform\u00e1tica\",\"url\":\"https:\/\/aivlisoft.net\/shop\/\",\"logo\":{\"@type\":\"ImageObject\",\"inLanguage\":\"es\",\"@id\":\"https:\/\/aivlisoft.net\/shop\/#\/schema\/logo\/image\/\",\"url\":\"https:\/\/aivlisoft.net\/shop\/wp-content\/uploads\/2024\/12\/removal.ai_5b848c54-0cdf-4140-95c5-c5536bb7573b-logodef.png\",\"contentUrl\":\"https:\/\/aivlisoft.net\/shop\/wp-content\/uploads\/2024\/12\/removal.ai_5b848c54-0cdf-4140-95c5-c5536bb7573b-logodef.png\",\"width\":484,\"height\":182,\"caption\":\"Aivlisoft Inform\u00e1tica\"},\"image\":{\"@id\":\"https:\/\/aivlisoft.net\/shop\/#\/schema\/logo\/image\/\"}}]}<\/script>\n<!-- \/ Yoast SEO plugin. -->","yoast_head_json":{"title":"D-Link DEM-432XT Modulo SFP+ 10GB 10Km - Aivlisoft Inform\u00e1tica","robots":{"index":"index","follow":"follow","max-snippet":"max-snippet:-1","max-image-preview":"max-image-preview:large","max-video-preview":"max-video-preview:-1"},"canonical":"https:\/\/aivlisoft.net\/shop\/producto\/d-link-dem-432xt-modulo-sfp-10gb-10km\/","og_locale":"es_ES","og_type":"article","og_title":"D-Link DEM-432XT Modulo SFP+ 10GB 10Km - Aivlisoft Inform\u00e1tica","og_description":"La serie de m&oacute;dulos 10G SFP + de D-Link son transceivers SFP + intercambiables en caliente (Hot-Swap) que se conectan a las ranuras SFP + de switches y soportan Ethernet 10G. La serie de m&oacute;dulos 10G SFP + de D-Link son transceivers SFP + que ofrecen a los clientes una amplia variedad de opciones de&hellip;&nbsp;D-Link DEM-432XT Modulo SFP+ 10GB 10Km","og_url":"https:\/\/aivlisoft.net\/shop\/producto\/d-link-dem-432xt-modulo-sfp-10gb-10km\/","og_site_name":"Aivlisoft Inform\u00e1tica","article_modified_time":"2025-01-14T11:35:00+00:00","og_image":[{"width":800,"height":800,"url":"https:\/\/aivlisoft.net\/shop\/wp-content\/uploads\/2025\/01\/NADACA0130_800.jpg","type":"image\/jpeg"}],"twitter_card":"summary_large_image","twitter_misc":{"Tiempo de lectura":"1 minuto"},"schema":{"@context":"https:\/\/schema.org","@graph":[{"@type":"WebPage","@id":"https:\/\/aivlisoft.net\/shop\/producto\/d-link-dem-432xt-modulo-sfp-10gb-10km\/","url":"https:\/\/aivlisoft.net\/shop\/producto\/d-link-dem-432xt-modulo-sfp-10gb-10km\/","name":"D-Link DEM-432XT Modulo SFP+ 10GB 10Km - Aivlisoft Inform\u00e1tica","isPartOf":{"@id":"https:\/\/aivlisoft.net\/shop\/#website"},"primaryImageOfPage":{"@id":"https:\/\/aivlisoft.net\/shop\/producto\/d-link-dem-432xt-modulo-sfp-10gb-10km\/#primaryimage"},"image":{"@id":"https:\/\/aivlisoft.net\/shop\/producto\/d-link-dem-432xt-modulo-sfp-10gb-10km\/#primaryimage"},"thumbnailUrl":"https:\/\/aivlisoft.net\/shop\/wp-content\/uploads\/2025\/01\/NADACA0130_800.jpg","datePublished":"2025-01-13T15:15:10+00:00","dateModified":"2025-01-14T11:35:00+00:00","breadcrumb":{"@id":"https:\/\/aivlisoft.net\/shop\/producto\/d-link-dem-432xt-modulo-sfp-10gb-10km\/#breadcrumb"},"inLanguage":"es","potentialAction":[{"@type":"ReadAction","target":["https:\/\/aivlisoft.net\/shop\/producto\/d-link-dem-432xt-modulo-sfp-10gb-10km\/"]}]},{"@type":"ImageObject","inLanguage":"es","@id":"https:\/\/aivlisoft.net\/shop\/producto\/d-link-dem-432xt-modulo-sfp-10gb-10km\/#primaryimage","url":"https:\/\/aivlisoft.net\/shop\/wp-content\/uploads\/2025\/01\/NADACA0130_800.jpg","contentUrl":"https:\/\/aivlisoft.net\/shop\/wp-content\/uploads\/2025\/01\/NADACA0130_800.jpg","width":800,"height":800},{"@type":"BreadcrumbList","@id":"https:\/\/aivlisoft.net\/shop\/producto\/d-link-dem-432xt-modulo-sfp-10gb-10km\/#breadcrumb","itemListElement":[{"@type":"ListItem","position":1,"name":"Portada","item":"https:\/\/aivlisoft.net\/shop\/"},{"@type":"ListItem","position":2,"name":"Tienda","item":"https:\/\/aivlisoft.net\/shop\/tienda\/"},{"@type":"ListItem","position":3,"name":"D-Link DEM-432XT Modulo SFP+ 10GB 10Km"}]},{"@type":"WebSite","@id":"https:\/\/aivlisoft.net\/shop\/#website","url":"https:\/\/aivlisoft.net\/shop\/","name":"Aivlisoft Inform\u00e1tica","description":"En Aivlisoft Inform\u00e1tica ofrecemos soluciones tecnol\u00f3gicas para empresas: venta de ordenadores, consumibles, perif\u00e9ricos y m\u00e1s. Calidad, atenci\u00f3n personalizada y los mejores precios para tu negocio.","publisher":{"@id":"https:\/\/aivlisoft.net\/shop\/#organization"},"potentialAction":[{"@type":"SearchAction","target":{"@type":"EntryPoint","urlTemplate":"https:\/\/aivlisoft.net\/shop\/?s={search_term_string}"},"query-input":{"@type":"PropertyValueSpecification","valueRequired":true,"valueName":"search_term_string"}}],"inLanguage":"es"},{"@type":"Organization","@id":"https:\/\/aivlisoft.net\/shop\/#organization","name":"Aivlisoft Inform\u00e1tica","url":"https:\/\/aivlisoft.net\/shop\/","logo":{"@type":"ImageObject","inLanguage":"es","@id":"https:\/\/aivlisoft.net\/shop\/#\/schema\/logo\/image\/","url":"https:\/\/aivlisoft.net\/shop\/wp-content\/uploads\/2024\/12\/removal.ai_5b848c54-0cdf-4140-95c5-c5536bb7573b-logodef.png","contentUrl":"https:\/\/aivlisoft.net\/shop\/wp-content\/uploads\/2024\/12\/removal.ai_5b848c54-0cdf-4140-95c5-c5536bb7573b-logodef.png","width":484,"height":182,"caption":"Aivlisoft Inform\u00e1tica"},"image":{"@id":"https:\/\/aivlisoft.net\/shop\/#\/schema\/logo\/image\/"}}]}},"_links":{"self":[{"href":"https:\/\/aivlisoft.net\/shop\/wp-json\/wp\/v2\/product\/17732","targetHints":{"allow":["GET"]}}],"collection":[{"href":"https:\/\/aivlisoft.net\/shop\/wp-json\/wp\/v2\/product"}],"about":[{"href":"https:\/\/aivlisoft.net\/shop\/wp-json\/wp\/v2\/types\/product"}],"wp:featuredmedia":[{"embeddable":true,"href":"https:\/\/aivlisoft.net\/shop\/wp-json\/wp\/v2\/media\/17733"}],"wp:attachment":[{"href":"https:\/\/aivlisoft.net\/shop\/wp-json\/wp\/v2\/media?parent=17732"}],"wp:term":[{"taxonomy":"product_brand","embeddable":true,"href":"https:\/\/aivlisoft.net\/shop\/wp-json\/wp\/v2\/product_brand?post=17732"},{"taxonomy":"product_cat","embeddable":true,"href":"https:\/\/aivlisoft.net\/shop\/wp-json\/wp\/v2\/product_cat?post=17732"},{"taxonomy":"product_tag","embeddable":true,"href":"https:\/\/aivlisoft.net\/shop\/wp-json\/wp\/v2\/product_tag?post=17732"}],"curies":[{"name":"wp","href":"https:\/\/api.w.org\/{rel}","templated":true}]}}