{"id":17714,"date":"2025-01-13T15:14:58","date_gmt":"2025-01-13T15:14:58","guid":{"rendered":"https:\/\/aivlisoft.com\/?post_type=product&#038;p=17714"},"modified":"2025-01-14T11:34:52","modified_gmt":"2025-01-14T11:34:52","slug":"ubiquiti-uacc-om-sm-1g-s-2-modul-sfp-mono-modo-3km","status":"publish","type":"product","link":"https:\/\/aivlisoft.net\/shop\/producto\/ubiquiti-uacc-om-sm-1g-s-2-modul-sfp-mono-modo-3km\/","title":{"rendered":"Ubiquiti UACC-OM-SM-1G-S-2 Modul SFP Mono Modo 3Km"},"content":{"rendered":"<p>Ubiquiti lanza una variedad de m&oacute;dulos de fibra (U Fiber) y cableado monomodo para tus nuevas instalaciones o para actualizar infraestructuras ya existentes.<br \/>Para tiradas largas de cable (300m. o mas), puede utilizar los modelos U Fiber BiDi monomodo para un mayor aprovechamiento de la infraestructura ya instalada. Para tiradas cortas, es aconsejable utilizar los modelos multimodo est&aacute;ndar de 1G y 10G que ofrece Ubiquiti para reducir costes. Puede acompa&ntilde;ar a dichos modelos con la referencia \u00abFiberCable\u00bb, un modelo de cable modomodo con conector LC para instalaciones en exterior. Ligero y flexible, el \u00abFiberCable\u00bb es ideal para instalaciones en torres de telecomunicaciones para switches o routers de exterior como el EdgePoint. Este modelo esta disponible en tiradas de 100, 200 y 300 ft. (30, 60 y 90 metros respectivamente).<\/p>\n<table class=\"tabla_caracteristicas k-table\" width=\"100%\">\n<tbody>\n<tr>\n<td><strong>Marca<\/strong><\/td>\n<td>Ubiquiti<\/td>\n<\/tr>\n<tr>\n<td valign=\"top\"><strong>Modelo<\/strong><\/td>\n<td><strong>UF-SM-1G-S<\/strong><\/td>\n<\/tr>\n<tr>\n<td valign=\"top\"><strong>Caracteristicas<\/strong><\/td>\n<td>&#8211; Tipo de fibra: Monomodo<br \/>&#8211; Tipo de conector: 1 x LC<br \/>&#8211; BiDi: Si<br \/>&#8211; Longitud de onda (TX): Azul 1310nm, Amarillo 1550nm<br \/>&#8211; Longitud de onda (RX): Azul 1550nm, Amarillo 1310nm<br \/>&#8211; Ancho de banda soportado: 1.25 Gbps SFP<br \/>&#8211; Distancia maxima: 3 km.<\/td>\n<\/tr>\n<tr>\n<td><strong>Fecha de revisi&oacute;n<\/strong><\/td>\n<td>30-06-2017 por MSB<\/td>\n<\/tr>\n<\/tbody>\n<\/table>\n","protected":false},"excerpt":{"rendered":"<p>Ubiquiti lanza una variedad de m&oacute;dulos de fibra (U Fiber) y cableado monomodo para tus nuevas instalaciones o para actualizar infraestructuras ya existentes.Para tiradas largas de cable (300m. o mas), puede utilizar los modelos U Fiber BiDi monomodo para un mayor aprovechamiento de la infraestructura ya instalada. Para tiradas cortas, es aconsejable utilizar los modelos&hellip;&nbsp;<a href=\"https:\/\/aivlisoft.net\/shop\/producto\/ubiquiti-uacc-om-sm-1g-s-2-modul-sfp-mono-modo-3km\/\" rel=\"bookmark\"><span class=\"screen-reader-text\">Ubiquiti UACC-OM-SM-1G-S-2 Modul SFP Mono Modo 3Km<\/span><\/a><\/p>\n","protected":false},"featured_media":17715,"template":"","meta":{"neve_meta_sidebar":"","neve_meta_container":"","neve_meta_enable_content_width":"","neve_meta_content_width":0,"neve_meta_title_alignment":"","neve_meta_author_avatar":"","neve_post_elements_order":"","neve_meta_disable_header":"","neve_meta_disable_footer":"","neve_meta_disable_title":""},"product_brand":[],"product_cat":[8763],"product_tag":[6504],"class_list":{"0":"post-17714","1":"product","2":"type-product","3":"status-publish","4":"has-post-thumbnail","6":"product_cat-red-cableada","7":"product_tag-uacc-om-sm-1g-s-2","9":"first","10":"instock","11":"taxable","12":"shipping-taxable","13":"purchasable","14":"product-type-simple"},"yoast_head":"<!-- This site is optimized with the Yoast SEO plugin v26.0 - https:\/\/yoast.com\/wordpress\/plugins\/seo\/ -->\n<title>Ubiquiti UACC-OM-SM-1G-S-2 Modul SFP Mono Modo 3Km - Aivlisoft Inform\u00e1tica<\/title>\n<meta name=\"robots\" content=\"index, follow, max-snippet:-1, max-image-preview:large, max-video-preview:-1\" \/>\n<link rel=\"canonical\" href=\"https:\/\/aivlisoft.net\/shop\/producto\/ubiquiti-uacc-om-sm-1g-s-2-modul-sfp-mono-modo-3km\/\" \/>\n<meta property=\"og:locale\" content=\"es_ES\" \/>\n<meta property=\"og:type\" content=\"article\" \/>\n<meta property=\"og:title\" content=\"Ubiquiti UACC-OM-SM-1G-S-2 Modul SFP Mono Modo 3Km - Aivlisoft Inform\u00e1tica\" \/>\n<meta property=\"og:description\" content=\"Ubiquiti lanza una variedad de m&oacute;dulos de fibra (U Fiber) y cableado monomodo para tus nuevas instalaciones o para actualizar infraestructuras ya existentes.Para tiradas largas de cable (300m. o mas), puede utilizar los modelos U Fiber BiDi monomodo para un mayor aprovechamiento de la infraestructura ya instalada. Para tiradas cortas, es aconsejable utilizar los modelos&hellip;&nbsp;Ubiquiti UACC-OM-SM-1G-S-2 Modul SFP Mono Modo 3Km\" \/>\n<meta property=\"og:url\" content=\"https:\/\/aivlisoft.net\/shop\/producto\/ubiquiti-uacc-om-sm-1g-s-2-modul-sfp-mono-modo-3km\/\" \/>\n<meta property=\"og:site_name\" content=\"Aivlisoft Inform\u00e1tica\" \/>\n<meta property=\"article:modified_time\" content=\"2025-01-14T11:34:52+00:00\" \/>\n<meta property=\"og:image\" content=\"https:\/\/aivlisoft.net\/shop\/wp-content\/uploads\/2025\/01\/NADACA0121_800.jpg\" \/>\n\t<meta property=\"og:image:width\" content=\"800\" \/>\n\t<meta property=\"og:image:height\" content=\"800\" \/>\n\t<meta property=\"og:image:type\" content=\"image\/jpeg\" \/>\n<meta name=\"twitter:card\" content=\"summary_large_image\" \/>\n<meta name=\"twitter:label1\" content=\"Tiempo de lectura\" \/>\n\t<meta name=\"twitter:data1\" content=\"1 minuto\" \/>\n<script type=\"application\/ld+json\" class=\"yoast-schema-graph\">{\"@context\":\"https:\/\/schema.org\",\"@graph\":[{\"@type\":\"WebPage\",\"@id\":\"https:\/\/aivlisoft.net\/shop\/producto\/ubiquiti-uacc-om-sm-1g-s-2-modul-sfp-mono-modo-3km\/\",\"url\":\"https:\/\/aivlisoft.net\/shop\/producto\/ubiquiti-uacc-om-sm-1g-s-2-modul-sfp-mono-modo-3km\/\",\"name\":\"Ubiquiti UACC-OM-SM-1G-S-2 Modul SFP Mono Modo 3Km - Aivlisoft Inform\u00e1tica\",\"isPartOf\":{\"@id\":\"https:\/\/aivlisoft.net\/shop\/#website\"},\"primaryImageOfPage\":{\"@id\":\"https:\/\/aivlisoft.net\/shop\/producto\/ubiquiti-uacc-om-sm-1g-s-2-modul-sfp-mono-modo-3km\/#primaryimage\"},\"image\":{\"@id\":\"https:\/\/aivlisoft.net\/shop\/producto\/ubiquiti-uacc-om-sm-1g-s-2-modul-sfp-mono-modo-3km\/#primaryimage\"},\"thumbnailUrl\":\"https:\/\/aivlisoft.net\/shop\/wp-content\/uploads\/2025\/01\/NADACA0121_800.jpg\",\"datePublished\":\"2025-01-13T15:14:58+00:00\",\"dateModified\":\"2025-01-14T11:34:52+00:00\",\"breadcrumb\":{\"@id\":\"https:\/\/aivlisoft.net\/shop\/producto\/ubiquiti-uacc-om-sm-1g-s-2-modul-sfp-mono-modo-3km\/#breadcrumb\"},\"inLanguage\":\"es\",\"potentialAction\":[{\"@type\":\"ReadAction\",\"target\":[\"https:\/\/aivlisoft.net\/shop\/producto\/ubiquiti-uacc-om-sm-1g-s-2-modul-sfp-mono-modo-3km\/\"]}]},{\"@type\":\"ImageObject\",\"inLanguage\":\"es\",\"@id\":\"https:\/\/aivlisoft.net\/shop\/producto\/ubiquiti-uacc-om-sm-1g-s-2-modul-sfp-mono-modo-3km\/#primaryimage\",\"url\":\"https:\/\/aivlisoft.net\/shop\/wp-content\/uploads\/2025\/01\/NADACA0121_800.jpg\",\"contentUrl\":\"https:\/\/aivlisoft.net\/shop\/wp-content\/uploads\/2025\/01\/NADACA0121_800.jpg\",\"width\":800,\"height\":800},{\"@type\":\"BreadcrumbList\",\"@id\":\"https:\/\/aivlisoft.net\/shop\/producto\/ubiquiti-uacc-om-sm-1g-s-2-modul-sfp-mono-modo-3km\/#breadcrumb\",\"itemListElement\":[{\"@type\":\"ListItem\",\"position\":1,\"name\":\"Portada\",\"item\":\"https:\/\/aivlisoft.net\/shop\/\"},{\"@type\":\"ListItem\",\"position\":2,\"name\":\"Tienda\",\"item\":\"https:\/\/aivlisoft.net\/shop\/tienda\/\"},{\"@type\":\"ListItem\",\"position\":3,\"name\":\"Ubiquiti UACC-OM-SM-1G-S-2 Modul SFP Mono Modo 3Km\"}]},{\"@type\":\"WebSite\",\"@id\":\"https:\/\/aivlisoft.net\/shop\/#website\",\"url\":\"https:\/\/aivlisoft.net\/shop\/\",\"name\":\"Aivlisoft Inform\u00e1tica\",\"description\":\"En Aivlisoft Inform\u00e1tica ofrecemos soluciones tecnol\u00f3gicas para empresas: venta de ordenadores, consumibles, perif\u00e9ricos y m\u00e1s. Calidad, atenci\u00f3n personalizada y los mejores precios para tu negocio.\",\"publisher\":{\"@id\":\"https:\/\/aivlisoft.net\/shop\/#organization\"},\"potentialAction\":[{\"@type\":\"SearchAction\",\"target\":{\"@type\":\"EntryPoint\",\"urlTemplate\":\"https:\/\/aivlisoft.net\/shop\/?s={search_term_string}\"},\"query-input\":{\"@type\":\"PropertyValueSpecification\",\"valueRequired\":true,\"valueName\":\"search_term_string\"}}],\"inLanguage\":\"es\"},{\"@type\":\"Organization\",\"@id\":\"https:\/\/aivlisoft.net\/shop\/#organization\",\"name\":\"Aivlisoft Inform\u00e1tica\",\"url\":\"https:\/\/aivlisoft.net\/shop\/\",\"logo\":{\"@type\":\"ImageObject\",\"inLanguage\":\"es\",\"@id\":\"https:\/\/aivlisoft.net\/shop\/#\/schema\/logo\/image\/\",\"url\":\"https:\/\/aivlisoft.net\/shop\/wp-content\/uploads\/2024\/12\/removal.ai_5b848c54-0cdf-4140-95c5-c5536bb7573b-logodef.png\",\"contentUrl\":\"https:\/\/aivlisoft.net\/shop\/wp-content\/uploads\/2024\/12\/removal.ai_5b848c54-0cdf-4140-95c5-c5536bb7573b-logodef.png\",\"width\":484,\"height\":182,\"caption\":\"Aivlisoft Inform\u00e1tica\"},\"image\":{\"@id\":\"https:\/\/aivlisoft.net\/shop\/#\/schema\/logo\/image\/\"}}]}<\/script>\n<!-- \/ Yoast SEO plugin. -->","yoast_head_json":{"title":"Ubiquiti UACC-OM-SM-1G-S-2 Modul SFP Mono Modo 3Km - Aivlisoft Inform\u00e1tica","robots":{"index":"index","follow":"follow","max-snippet":"max-snippet:-1","max-image-preview":"max-image-preview:large","max-video-preview":"max-video-preview:-1"},"canonical":"https:\/\/aivlisoft.net\/shop\/producto\/ubiquiti-uacc-om-sm-1g-s-2-modul-sfp-mono-modo-3km\/","og_locale":"es_ES","og_type":"article","og_title":"Ubiquiti UACC-OM-SM-1G-S-2 Modul SFP Mono Modo 3Km - Aivlisoft Inform\u00e1tica","og_description":"Ubiquiti lanza una variedad de m&oacute;dulos de fibra (U Fiber) y cableado monomodo para tus nuevas instalaciones o para actualizar infraestructuras ya existentes.Para tiradas largas de cable (300m. o mas), puede utilizar los modelos U Fiber BiDi monomodo para un mayor aprovechamiento de la infraestructura ya instalada. Para tiradas cortas, es aconsejable utilizar los modelos&hellip;&nbsp;Ubiquiti UACC-OM-SM-1G-S-2 Modul SFP Mono Modo 3Km","og_url":"https:\/\/aivlisoft.net\/shop\/producto\/ubiquiti-uacc-om-sm-1g-s-2-modul-sfp-mono-modo-3km\/","og_site_name":"Aivlisoft Inform\u00e1tica","article_modified_time":"2025-01-14T11:34:52+00:00","og_image":[{"width":800,"height":800,"url":"https:\/\/aivlisoft.net\/shop\/wp-content\/uploads\/2025\/01\/NADACA0121_800.jpg","type":"image\/jpeg"}],"twitter_card":"summary_large_image","twitter_misc":{"Tiempo de lectura":"1 minuto"},"schema":{"@context":"https:\/\/schema.org","@graph":[{"@type":"WebPage","@id":"https:\/\/aivlisoft.net\/shop\/producto\/ubiquiti-uacc-om-sm-1g-s-2-modul-sfp-mono-modo-3km\/","url":"https:\/\/aivlisoft.net\/shop\/producto\/ubiquiti-uacc-om-sm-1g-s-2-modul-sfp-mono-modo-3km\/","name":"Ubiquiti UACC-OM-SM-1G-S-2 Modul SFP Mono Modo 3Km - Aivlisoft Inform\u00e1tica","isPartOf":{"@id":"https:\/\/aivlisoft.net\/shop\/#website"},"primaryImageOfPage":{"@id":"https:\/\/aivlisoft.net\/shop\/producto\/ubiquiti-uacc-om-sm-1g-s-2-modul-sfp-mono-modo-3km\/#primaryimage"},"image":{"@id":"https:\/\/aivlisoft.net\/shop\/producto\/ubiquiti-uacc-om-sm-1g-s-2-modul-sfp-mono-modo-3km\/#primaryimage"},"thumbnailUrl":"https:\/\/aivlisoft.net\/shop\/wp-content\/uploads\/2025\/01\/NADACA0121_800.jpg","datePublished":"2025-01-13T15:14:58+00:00","dateModified":"2025-01-14T11:34:52+00:00","breadcrumb":{"@id":"https:\/\/aivlisoft.net\/shop\/producto\/ubiquiti-uacc-om-sm-1g-s-2-modul-sfp-mono-modo-3km\/#breadcrumb"},"inLanguage":"es","potentialAction":[{"@type":"ReadAction","target":["https:\/\/aivlisoft.net\/shop\/producto\/ubiquiti-uacc-om-sm-1g-s-2-modul-sfp-mono-modo-3km\/"]}]},{"@type":"ImageObject","inLanguage":"es","@id":"https:\/\/aivlisoft.net\/shop\/producto\/ubiquiti-uacc-om-sm-1g-s-2-modul-sfp-mono-modo-3km\/#primaryimage","url":"https:\/\/aivlisoft.net\/shop\/wp-content\/uploads\/2025\/01\/NADACA0121_800.jpg","contentUrl":"https:\/\/aivlisoft.net\/shop\/wp-content\/uploads\/2025\/01\/NADACA0121_800.jpg","width":800,"height":800},{"@type":"BreadcrumbList","@id":"https:\/\/aivlisoft.net\/shop\/producto\/ubiquiti-uacc-om-sm-1g-s-2-modul-sfp-mono-modo-3km\/#breadcrumb","itemListElement":[{"@type":"ListItem","position":1,"name":"Portada","item":"https:\/\/aivlisoft.net\/shop\/"},{"@type":"ListItem","position":2,"name":"Tienda","item":"https:\/\/aivlisoft.net\/shop\/tienda\/"},{"@type":"ListItem","position":3,"name":"Ubiquiti UACC-OM-SM-1G-S-2 Modul SFP Mono Modo 3Km"}]},{"@type":"WebSite","@id":"https:\/\/aivlisoft.net\/shop\/#website","url":"https:\/\/aivlisoft.net\/shop\/","name":"Aivlisoft Inform\u00e1tica","description":"En Aivlisoft Inform\u00e1tica ofrecemos soluciones tecnol\u00f3gicas para empresas: venta de ordenadores, consumibles, perif\u00e9ricos y m\u00e1s. Calidad, atenci\u00f3n personalizada y los mejores precios para tu negocio.","publisher":{"@id":"https:\/\/aivlisoft.net\/shop\/#organization"},"potentialAction":[{"@type":"SearchAction","target":{"@type":"EntryPoint","urlTemplate":"https:\/\/aivlisoft.net\/shop\/?s={search_term_string}"},"query-input":{"@type":"PropertyValueSpecification","valueRequired":true,"valueName":"search_term_string"}}],"inLanguage":"es"},{"@type":"Organization","@id":"https:\/\/aivlisoft.net\/shop\/#organization","name":"Aivlisoft Inform\u00e1tica","url":"https:\/\/aivlisoft.net\/shop\/","logo":{"@type":"ImageObject","inLanguage":"es","@id":"https:\/\/aivlisoft.net\/shop\/#\/schema\/logo\/image\/","url":"https:\/\/aivlisoft.net\/shop\/wp-content\/uploads\/2024\/12\/removal.ai_5b848c54-0cdf-4140-95c5-c5536bb7573b-logodef.png","contentUrl":"https:\/\/aivlisoft.net\/shop\/wp-content\/uploads\/2024\/12\/removal.ai_5b848c54-0cdf-4140-95c5-c5536bb7573b-logodef.png","width":484,"height":182,"caption":"Aivlisoft Inform\u00e1tica"},"image":{"@id":"https:\/\/aivlisoft.net\/shop\/#\/schema\/logo\/image\/"}}]}},"_links":{"self":[{"href":"https:\/\/aivlisoft.net\/shop\/wp-json\/wp\/v2\/product\/17714","targetHints":{"allow":["GET"]}}],"collection":[{"href":"https:\/\/aivlisoft.net\/shop\/wp-json\/wp\/v2\/product"}],"about":[{"href":"https:\/\/aivlisoft.net\/shop\/wp-json\/wp\/v2\/types\/product"}],"wp:featuredmedia":[{"embeddable":true,"href":"https:\/\/aivlisoft.net\/shop\/wp-json\/wp\/v2\/media\/17715"}],"wp:attachment":[{"href":"https:\/\/aivlisoft.net\/shop\/wp-json\/wp\/v2\/media?parent=17714"}],"wp:term":[{"taxonomy":"product_brand","embeddable":true,"href":"https:\/\/aivlisoft.net\/shop\/wp-json\/wp\/v2\/product_brand?post=17714"},{"taxonomy":"product_cat","embeddable":true,"href":"https:\/\/aivlisoft.net\/shop\/wp-json\/wp\/v2\/product_cat?post=17714"},{"taxonomy":"product_tag","embeddable":true,"href":"https:\/\/aivlisoft.net\/shop\/wp-json\/wp\/v2\/product_tag?post=17714"}],"curies":[{"name":"wp","href":"https:\/\/api.w.org\/{rel}","templated":true}]}}