{"id":17703,"date":"2025-01-13T15:14:53","date_gmt":"2025-01-13T15:14:53","guid":{"rendered":"https:\/\/aivlisoft.com\/?post_type=product&#038;p=17703"},"modified":"2025-01-14T11:34:49","modified_gmt":"2025-01-14T11:34:49","slug":"edimax-pro-splitter-poe-gp-101st-5vdc-9vdc-12vdc","status":"publish","type":"product","link":"https:\/\/aivlisoft.net\/shop\/producto\/edimax-pro-splitter-poe-gp-101st-5vdc-9vdc-12vdc\/","title":{"rendered":"Edimax PRO Splitter PoE GP-101ST 5VDC 9VDC 12VDC"},"content":{"rendered":"<p><strong>Divisor Gigabit PoE+ IEEE 802.3at con salida ajustable de 5V CC, 9V CC o 12V CC<\/strong><br \/>&#8211; Compatible con dispositivos IEEE802.3at\/af PoE y PoE propietario, como los inyectores PoE<br \/>&#8211; Divide una conexi&oacute;n de red PoE en distintas conexiones de corriente y datos de Gigabits<br \/>&#8211; Permite instalar dispositivos no PoE en ubicaciones remotas cuando no hay corriente disponible<br \/>&#8211; Interruptor ajustable a las potencias de salida de 5V\/2A, 9V\/2A o 12V\/2A de CC.<br \/>&#8211; Protege los dispositivos de red contra cortocircuitos PoE<br \/>&#8211; Lleva corriente y datos al divisor PoE desde una distancia m&aacute;xima de 100 metros (328 pies) con un solo cable Ethernet<br \/>&#8211; Reduce los costes en equipos e instalaci&oacute;n<br \/>&#8211; F&aacute;cil instalaci&oacute;n plug-and-play de sobremesa o de montaje en la pared<\/p>\n<table class=\"tabla_caracteristicas k-table\" width=\"100%\">\n<tbody>\n<tr>\n<td valign=\"top\"><strong>Marca<\/strong><\/td>\n<td valign=\"top\">Edimax Pro<\/td>\n<\/tr>\n<tr>\n<td valign=\"top\"><strong>Modelo<\/strong><\/td>\n<td valign=\"top\"><strong>GP-101ST<\/strong><\/td>\n<\/tr>\n<tr>\n<td valign=\"top\"><strong>Caracteristicas<\/strong><\/td>\n<td valign=\"top\"><strong>Hardware<\/strong><br \/>&#8211; Puertos: 1 puerto RJ-45 10\/100\/1000Base-T PoE puerto de entrada<br \/>&#8211; 1 puerto RJ-45 10\/100\/1000Base-T puerto de salida<br \/>&#8211; 1 puerto CC puerto conector de salida<br \/>&#8211; Indicadores LED: 5V\/9V\/12V, alimentaci&oacute;n y CA<br \/>&#8211; Entrada alimentaci&oacute;n: IEEE 802.3af, IEEE 802.3at<br \/>&#8211; Salida de energ&iacute;a: Interruptor deslizante ajustable para potencia de salida de 5V\/2A, 9V\/2A o 12V\/2A de CC<br \/>&#8211; Cable en Y con pin CC (ODxIDxL): 5.5 x 2.1 x 9.5 mm y 3.5 x 1.35 x 11 mm<br \/>&#8211; Asignaci&oacute;n de pin: 1\/2(+), 3\/6(-) tramo final (modo A) o 4\/5(+), 7\/8(-) tramo medio (Modo B)<br \/>&#8211; Dimensiones (L x A x H): 63 &times; 64 &times; 23 mm<br \/>&#8211; Peso: 65g<br \/><strong>Entorno<\/strong><br \/>&#8211; Temperatura: Funcionamiento: 0 ~ 40 ?<br \/>&#8211; Almacenamiento: -40 ~ 70 ?<br \/>&#8211; Humedad (sin condensaci&oacute;n): Funcionamiento: 10 ~ 90 %<br \/>&#8211; Almacenamiento: 5 ~ 90 %<br \/><strong>Cumplimiento de estandares<\/strong><br \/>&#8211; Est&aacute;ndares: IEEE 802.3 10BaseT Ethernet<br \/>&#8211; IEEE 802.3u 100BaseTX Fast Ethernet<br \/>&#8211; IEEE 802.3ab 1000BaseT Gigabit Ethernet<br \/>&#8211; IEEE 802.3af Power Over Ethernet (PoE)<br \/>&#8211; IEEE 802.3at Power Over Ethernet Plus (PoE+)<br \/>&#8211; Certificaciones: FCC, CE<\/td>\n<\/tr>\n<tr>\n<td valign=\"top\"><strong>Fecha de revisi&oacute;n<\/strong><\/td>\n<td valign=\"top\">16-02-2017 por MSB<\/td>\n<\/tr>\n<\/tbody>\n<\/table>\n","protected":false},"excerpt":{"rendered":"<p>Divisor Gigabit PoE+ IEEE 802.3at con salida ajustable de 5V CC, 9V CC o 12V CC&#8211; Compatible con dispositivos IEEE802.3at\/af PoE y PoE propietario, como los inyectores PoE&#8211; Divide una conexi&oacute;n de red PoE en distintas conexiones de corriente y datos de Gigabits&#8211; Permite instalar dispositivos no PoE en ubicaciones remotas cuando no hay corriente&hellip;&nbsp;<a href=\"https:\/\/aivlisoft.net\/shop\/producto\/edimax-pro-splitter-poe-gp-101st-5vdc-9vdc-12vdc\/\" rel=\"bookmark\"><span class=\"screen-reader-text\">Edimax PRO Splitter PoE GP-101ST 5VDC 9VDC 12VDC<\/span><\/a><\/p>\n","protected":false},"featured_media":17704,"template":"","meta":{"neve_meta_sidebar":"","neve_meta_container":"","neve_meta_enable_content_width":"","neve_meta_content_width":0,"neve_meta_title_alignment":"","neve_meta_author_avatar":"","neve_post_elements_order":"","neve_meta_disable_header":"","neve_meta_disable_footer":"","neve_meta_disable_title":""},"product_brand":[],"product_cat":[8763],"product_tag":[6500],"class_list":{"0":"post-17703","1":"product","2":"type-product","3":"status-publish","4":"has-post-thumbnail","6":"product_cat-red-cableada","7":"product_tag-gp-101st","9":"first","10":"instock","11":"taxable","12":"shipping-taxable","13":"purchasable","14":"product-type-simple"},"yoast_head":"<!-- This site is optimized with the Yoast SEO plugin v26.0 - https:\/\/yoast.com\/wordpress\/plugins\/seo\/ -->\n<title>Edimax PRO Splitter PoE GP-101ST 5VDC 9VDC 12VDC - Aivlisoft Inform\u00e1tica<\/title>\n<meta name=\"robots\" content=\"index, follow, max-snippet:-1, max-image-preview:large, max-video-preview:-1\" \/>\n<link rel=\"canonical\" href=\"https:\/\/aivlisoft.net\/shop\/producto\/edimax-pro-splitter-poe-gp-101st-5vdc-9vdc-12vdc\/\" \/>\n<meta property=\"og:locale\" content=\"es_ES\" \/>\n<meta property=\"og:type\" content=\"article\" \/>\n<meta property=\"og:title\" content=\"Edimax PRO Splitter PoE GP-101ST 5VDC 9VDC 12VDC - Aivlisoft Inform\u00e1tica\" \/>\n<meta property=\"og:description\" content=\"Divisor Gigabit PoE+ IEEE 802.3at con salida ajustable de 5V CC, 9V CC o 12V CC&#8211; Compatible con dispositivos IEEE802.3at\/af PoE y PoE propietario, como los inyectores PoE&#8211; Divide una conexi&oacute;n de red PoE en distintas conexiones de corriente y datos de Gigabits&#8211; Permite instalar dispositivos no PoE en ubicaciones remotas cuando no hay corriente&hellip;&nbsp;Edimax PRO Splitter PoE GP-101ST 5VDC 9VDC 12VDC\" \/>\n<meta property=\"og:url\" content=\"https:\/\/aivlisoft.net\/shop\/producto\/edimax-pro-splitter-poe-gp-101st-5vdc-9vdc-12vdc\/\" \/>\n<meta property=\"og:site_name\" content=\"Aivlisoft Inform\u00e1tica\" \/>\n<meta property=\"article:modified_time\" content=\"2025-01-14T11:34:49+00:00\" \/>\n<meta property=\"og:image\" content=\"https:\/\/aivlisoft.net\/shop\/wp-content\/uploads\/2025\/01\/NADACA0111_800.jpg\" \/>\n\t<meta property=\"og:image:width\" content=\"800\" \/>\n\t<meta property=\"og:image:height\" content=\"800\" \/>\n\t<meta property=\"og:image:type\" content=\"image\/jpeg\" \/>\n<meta name=\"twitter:card\" content=\"summary_large_image\" \/>\n<meta name=\"twitter:label1\" content=\"Tiempo de lectura\" \/>\n\t<meta name=\"twitter:data1\" content=\"1 minuto\" \/>\n<script type=\"application\/ld+json\" class=\"yoast-schema-graph\">{\"@context\":\"https:\/\/schema.org\",\"@graph\":[{\"@type\":\"WebPage\",\"@id\":\"https:\/\/aivlisoft.net\/shop\/producto\/edimax-pro-splitter-poe-gp-101st-5vdc-9vdc-12vdc\/\",\"url\":\"https:\/\/aivlisoft.net\/shop\/producto\/edimax-pro-splitter-poe-gp-101st-5vdc-9vdc-12vdc\/\",\"name\":\"Edimax PRO Splitter PoE GP-101ST 5VDC 9VDC 12VDC - Aivlisoft Inform\u00e1tica\",\"isPartOf\":{\"@id\":\"https:\/\/aivlisoft.net\/shop\/#website\"},\"primaryImageOfPage\":{\"@id\":\"https:\/\/aivlisoft.net\/shop\/producto\/edimax-pro-splitter-poe-gp-101st-5vdc-9vdc-12vdc\/#primaryimage\"},\"image\":{\"@id\":\"https:\/\/aivlisoft.net\/shop\/producto\/edimax-pro-splitter-poe-gp-101st-5vdc-9vdc-12vdc\/#primaryimage\"},\"thumbnailUrl\":\"https:\/\/aivlisoft.net\/shop\/wp-content\/uploads\/2025\/01\/NADACA0111_800.jpg\",\"datePublished\":\"2025-01-13T15:14:53+00:00\",\"dateModified\":\"2025-01-14T11:34:49+00:00\",\"breadcrumb\":{\"@id\":\"https:\/\/aivlisoft.net\/shop\/producto\/edimax-pro-splitter-poe-gp-101st-5vdc-9vdc-12vdc\/#breadcrumb\"},\"inLanguage\":\"es\",\"potentialAction\":[{\"@type\":\"ReadAction\",\"target\":[\"https:\/\/aivlisoft.net\/shop\/producto\/edimax-pro-splitter-poe-gp-101st-5vdc-9vdc-12vdc\/\"]}]},{\"@type\":\"ImageObject\",\"inLanguage\":\"es\",\"@id\":\"https:\/\/aivlisoft.net\/shop\/producto\/edimax-pro-splitter-poe-gp-101st-5vdc-9vdc-12vdc\/#primaryimage\",\"url\":\"https:\/\/aivlisoft.net\/shop\/wp-content\/uploads\/2025\/01\/NADACA0111_800.jpg\",\"contentUrl\":\"https:\/\/aivlisoft.net\/shop\/wp-content\/uploads\/2025\/01\/NADACA0111_800.jpg\",\"width\":800,\"height\":800},{\"@type\":\"BreadcrumbList\",\"@id\":\"https:\/\/aivlisoft.net\/shop\/producto\/edimax-pro-splitter-poe-gp-101st-5vdc-9vdc-12vdc\/#breadcrumb\",\"itemListElement\":[{\"@type\":\"ListItem\",\"position\":1,\"name\":\"Portada\",\"item\":\"https:\/\/aivlisoft.net\/shop\/\"},{\"@type\":\"ListItem\",\"position\":2,\"name\":\"Tienda\",\"item\":\"https:\/\/aivlisoft.net\/shop\/tienda\/\"},{\"@type\":\"ListItem\",\"position\":3,\"name\":\"Edimax PRO Splitter PoE GP-101ST 5VDC 9VDC 12VDC\"}]},{\"@type\":\"WebSite\",\"@id\":\"https:\/\/aivlisoft.net\/shop\/#website\",\"url\":\"https:\/\/aivlisoft.net\/shop\/\",\"name\":\"Aivlisoft Inform\u00e1tica\",\"description\":\"En Aivlisoft Inform\u00e1tica ofrecemos soluciones tecnol\u00f3gicas para empresas: venta de ordenadores, consumibles, perif\u00e9ricos y m\u00e1s. Calidad, atenci\u00f3n personalizada y los mejores precios para tu negocio.\",\"publisher\":{\"@id\":\"https:\/\/aivlisoft.net\/shop\/#organization\"},\"potentialAction\":[{\"@type\":\"SearchAction\",\"target\":{\"@type\":\"EntryPoint\",\"urlTemplate\":\"https:\/\/aivlisoft.net\/shop\/?s={search_term_string}\"},\"query-input\":{\"@type\":\"PropertyValueSpecification\",\"valueRequired\":true,\"valueName\":\"search_term_string\"}}],\"inLanguage\":\"es\"},{\"@type\":\"Organization\",\"@id\":\"https:\/\/aivlisoft.net\/shop\/#organization\",\"name\":\"Aivlisoft Inform\u00e1tica\",\"url\":\"https:\/\/aivlisoft.net\/shop\/\",\"logo\":{\"@type\":\"ImageObject\",\"inLanguage\":\"es\",\"@id\":\"https:\/\/aivlisoft.net\/shop\/#\/schema\/logo\/image\/\",\"url\":\"https:\/\/aivlisoft.net\/shop\/wp-content\/uploads\/2024\/12\/removal.ai_5b848c54-0cdf-4140-95c5-c5536bb7573b-logodef.png\",\"contentUrl\":\"https:\/\/aivlisoft.net\/shop\/wp-content\/uploads\/2024\/12\/removal.ai_5b848c54-0cdf-4140-95c5-c5536bb7573b-logodef.png\",\"width\":484,\"height\":182,\"caption\":\"Aivlisoft Inform\u00e1tica\"},\"image\":{\"@id\":\"https:\/\/aivlisoft.net\/shop\/#\/schema\/logo\/image\/\"}}]}<\/script>\n<!-- \/ Yoast SEO plugin. -->","yoast_head_json":{"title":"Edimax PRO Splitter PoE GP-101ST 5VDC 9VDC 12VDC - Aivlisoft Inform\u00e1tica","robots":{"index":"index","follow":"follow","max-snippet":"max-snippet:-1","max-image-preview":"max-image-preview:large","max-video-preview":"max-video-preview:-1"},"canonical":"https:\/\/aivlisoft.net\/shop\/producto\/edimax-pro-splitter-poe-gp-101st-5vdc-9vdc-12vdc\/","og_locale":"es_ES","og_type":"article","og_title":"Edimax PRO Splitter PoE GP-101ST 5VDC 9VDC 12VDC - Aivlisoft Inform\u00e1tica","og_description":"Divisor Gigabit PoE+ IEEE 802.3at con salida ajustable de 5V CC, 9V CC o 12V CC&#8211; Compatible con dispositivos IEEE802.3at\/af PoE y PoE propietario, como los inyectores PoE&#8211; Divide una conexi&oacute;n de red PoE en distintas conexiones de corriente y datos de Gigabits&#8211; Permite instalar dispositivos no PoE en ubicaciones remotas cuando no hay corriente&hellip;&nbsp;Edimax PRO Splitter PoE GP-101ST 5VDC 9VDC 12VDC","og_url":"https:\/\/aivlisoft.net\/shop\/producto\/edimax-pro-splitter-poe-gp-101st-5vdc-9vdc-12vdc\/","og_site_name":"Aivlisoft Inform\u00e1tica","article_modified_time":"2025-01-14T11:34:49+00:00","og_image":[{"width":800,"height":800,"url":"https:\/\/aivlisoft.net\/shop\/wp-content\/uploads\/2025\/01\/NADACA0111_800.jpg","type":"image\/jpeg"}],"twitter_card":"summary_large_image","twitter_misc":{"Tiempo de lectura":"1 minuto"},"schema":{"@context":"https:\/\/schema.org","@graph":[{"@type":"WebPage","@id":"https:\/\/aivlisoft.net\/shop\/producto\/edimax-pro-splitter-poe-gp-101st-5vdc-9vdc-12vdc\/","url":"https:\/\/aivlisoft.net\/shop\/producto\/edimax-pro-splitter-poe-gp-101st-5vdc-9vdc-12vdc\/","name":"Edimax PRO Splitter PoE GP-101ST 5VDC 9VDC 12VDC - Aivlisoft Inform\u00e1tica","isPartOf":{"@id":"https:\/\/aivlisoft.net\/shop\/#website"},"primaryImageOfPage":{"@id":"https:\/\/aivlisoft.net\/shop\/producto\/edimax-pro-splitter-poe-gp-101st-5vdc-9vdc-12vdc\/#primaryimage"},"image":{"@id":"https:\/\/aivlisoft.net\/shop\/producto\/edimax-pro-splitter-poe-gp-101st-5vdc-9vdc-12vdc\/#primaryimage"},"thumbnailUrl":"https:\/\/aivlisoft.net\/shop\/wp-content\/uploads\/2025\/01\/NADACA0111_800.jpg","datePublished":"2025-01-13T15:14:53+00:00","dateModified":"2025-01-14T11:34:49+00:00","breadcrumb":{"@id":"https:\/\/aivlisoft.net\/shop\/producto\/edimax-pro-splitter-poe-gp-101st-5vdc-9vdc-12vdc\/#breadcrumb"},"inLanguage":"es","potentialAction":[{"@type":"ReadAction","target":["https:\/\/aivlisoft.net\/shop\/producto\/edimax-pro-splitter-poe-gp-101st-5vdc-9vdc-12vdc\/"]}]},{"@type":"ImageObject","inLanguage":"es","@id":"https:\/\/aivlisoft.net\/shop\/producto\/edimax-pro-splitter-poe-gp-101st-5vdc-9vdc-12vdc\/#primaryimage","url":"https:\/\/aivlisoft.net\/shop\/wp-content\/uploads\/2025\/01\/NADACA0111_800.jpg","contentUrl":"https:\/\/aivlisoft.net\/shop\/wp-content\/uploads\/2025\/01\/NADACA0111_800.jpg","width":800,"height":800},{"@type":"BreadcrumbList","@id":"https:\/\/aivlisoft.net\/shop\/producto\/edimax-pro-splitter-poe-gp-101st-5vdc-9vdc-12vdc\/#breadcrumb","itemListElement":[{"@type":"ListItem","position":1,"name":"Portada","item":"https:\/\/aivlisoft.net\/shop\/"},{"@type":"ListItem","position":2,"name":"Tienda","item":"https:\/\/aivlisoft.net\/shop\/tienda\/"},{"@type":"ListItem","position":3,"name":"Edimax PRO Splitter PoE GP-101ST 5VDC 9VDC 12VDC"}]},{"@type":"WebSite","@id":"https:\/\/aivlisoft.net\/shop\/#website","url":"https:\/\/aivlisoft.net\/shop\/","name":"Aivlisoft Inform\u00e1tica","description":"En Aivlisoft Inform\u00e1tica ofrecemos soluciones tecnol\u00f3gicas para empresas: venta de ordenadores, consumibles, perif\u00e9ricos y m\u00e1s. Calidad, atenci\u00f3n personalizada y los mejores precios para tu negocio.","publisher":{"@id":"https:\/\/aivlisoft.net\/shop\/#organization"},"potentialAction":[{"@type":"SearchAction","target":{"@type":"EntryPoint","urlTemplate":"https:\/\/aivlisoft.net\/shop\/?s={search_term_string}"},"query-input":{"@type":"PropertyValueSpecification","valueRequired":true,"valueName":"search_term_string"}}],"inLanguage":"es"},{"@type":"Organization","@id":"https:\/\/aivlisoft.net\/shop\/#organization","name":"Aivlisoft Inform\u00e1tica","url":"https:\/\/aivlisoft.net\/shop\/","logo":{"@type":"ImageObject","inLanguage":"es","@id":"https:\/\/aivlisoft.net\/shop\/#\/schema\/logo\/image\/","url":"https:\/\/aivlisoft.net\/shop\/wp-content\/uploads\/2024\/12\/removal.ai_5b848c54-0cdf-4140-95c5-c5536bb7573b-logodef.png","contentUrl":"https:\/\/aivlisoft.net\/shop\/wp-content\/uploads\/2024\/12\/removal.ai_5b848c54-0cdf-4140-95c5-c5536bb7573b-logodef.png","width":484,"height":182,"caption":"Aivlisoft Inform\u00e1tica"},"image":{"@id":"https:\/\/aivlisoft.net\/shop\/#\/schema\/logo\/image\/"}}]}},"_links":{"self":[{"href":"https:\/\/aivlisoft.net\/shop\/wp-json\/wp\/v2\/product\/17703","targetHints":{"allow":["GET"]}}],"collection":[{"href":"https:\/\/aivlisoft.net\/shop\/wp-json\/wp\/v2\/product"}],"about":[{"href":"https:\/\/aivlisoft.net\/shop\/wp-json\/wp\/v2\/types\/product"}],"wp:featuredmedia":[{"embeddable":true,"href":"https:\/\/aivlisoft.net\/shop\/wp-json\/wp\/v2\/media\/17704"}],"wp:attachment":[{"href":"https:\/\/aivlisoft.net\/shop\/wp-json\/wp\/v2\/media?parent=17703"}],"wp:term":[{"taxonomy":"product_brand","embeddable":true,"href":"https:\/\/aivlisoft.net\/shop\/wp-json\/wp\/v2\/product_brand?post=17703"},{"taxonomy":"product_cat","embeddable":true,"href":"https:\/\/aivlisoft.net\/shop\/wp-json\/wp\/v2\/product_cat?post=17703"},{"taxonomy":"product_tag","embeddable":true,"href":"https:\/\/aivlisoft.net\/shop\/wp-json\/wp\/v2\/product_tag?post=17703"}],"curies":[{"name":"wp","href":"https:\/\/api.w.org\/{rel}","templated":true}]}}