{"id":17671,"date":"2025-01-13T15:14:33","date_gmt":"2025-01-13T15:14:33","guid":{"rendered":"https:\/\/aivlisoft.com\/?post_type=product&#038;p=17671"},"modified":"2025-01-14T11:34:36","modified_gmt":"2025-01-14T11:34:36","slug":"tp-link-mc210cs-conversor-medios-mono-modo-15km","status":"publish","type":"product","link":"https:\/\/aivlisoft.net\/shop\/producto\/tp-link-mc210cs-conversor-medios-mono-modo-15km\/","title":{"rendered":"TP-LINK MC210CS Conversor Medios Mono Modo 15Km"},"content":{"rendered":"<div>\n<p style=\"text-align: justify;\">El MC210CS es un convertidor de medios dise&ntilde;ado para convertir los medios de fibra 1000BASE-LX\/LH a cobre 1000Base-T, o viceversa. Dise&ntilde;ado bajo las normas de IEEE802.3ab 1000Base-T e IEEE802.3z 1000Base-LX\/LH, el MC210CS est&aacute; dise&ntilde;ado para su uso con cables de fibra monomodo utilizando el conector tipo SC. El MC210CS es compatible con la especificaci&oacute;n l&aacute;ser de onda larga (LX) a una velocidad r&aacute;pida de transmisi&oacute;n de cable. Se trabaja en 1310 nm para la transmisi&oacute;n y recepci&oacute;n de datos.&nbsp;&nbsp;<\/p>\n<p style=\"text-align: justify;\">Otras caracter&iacute;sticas de este m&oacute;dulo incluyen la capacidad de ser utilizado como un dispositivo independiente (no requiere chasis) o con el chasis del sistema de 19&rdquo; TP-LINK, Auto MDI \/ MDI-X para el puerto TX, y los LEDs de estado del panel frontal. El MC210CS transmitir&aacute; a distancias extendidas de fibra &oacute;ptica utilizando fibra &oacute;ptica monomodo de hasta 15 kil&oacute;metros.<\/p>\n<\/div>\n<p><\/p>\n<table class=\"tabla_caracteristicas\" width=\"100%\">\n<tbody>\n<tr>\n<td><strong>Marca<\/strong><\/td>\n<td>TP-LINK<\/td>\n<\/tr>\n<tr>\n<td><strong>Modelo<\/strong><\/td>\n<td><strong>MC210CS<\/strong><\/td>\n<\/tr>\n<tr>\n<td valign=\"top\"><strong>Caracter&iacute;sticas<\/strong><\/td>\n<td>\n<div>&#8211; Trabaja a 1000Mbps en modo Full-D&uacute;plex<\/div>\n<div>&nbsp; para los puertos TX y FX<br \/>\t\t\t&#8211; Es compatible con el auto MID \/<\/div>\n<div>&nbsp; MID-X para el puerto TX<br \/>\t\t\t&#8211; Proporciona configuraci&oacute;n del switch del modo<\/div>\n<div>&nbsp; fuerza\/auto de transferencia de puertos FX.<br \/>\t\t\t&#8211; Ampl&iacute;a la distancia de fibra de hasta 15 km<br \/>\t\t\t&#8211; F&aacute;cil de ver los indicadores LED que<\/div>\n<div>&nbsp; proporcionan el estado para supervisar<\/div>\n<div>&nbsp; f&aacute;cilmente la actividad de la red<br \/>\t\t\t&#8211; Fuente de alimentaci&oacute;n externa<\/div>\n<\/td>\n<\/tr>\n<tr>\n<td valign=\"top\"><strong>Otras Caracter&iacute;sticas<\/strong><\/td>\n<td>\n<div>&#8211; Est&aacute;ndares y Protocolos:<\/div>\n<div>&nbsp; IEEE 802.3ab, IEEE 802.3z, IEEE 802.3x<br \/>\t\t\t&#8211; Funci&oacute;n B&aacute;sica:<\/div>\n<div>&nbsp; Control de flujo full-duplex (IEEE 802.3x)<br \/>\t\t\t&#8211; Ampl&iacute;a la distancia de fibra de hasta 15 km<br \/>\t\t\t&#8211; Puertos:<br \/>\t\t\t&nbsp; 1 puerto SC 1000M<br \/>\t\t\t&nbsp; 1 puerto RJ45 1000M (Auto MDI \/ MDIX)<br \/>\t\t\t&#8211; Longitud de Onda: 1310nm<br \/>\t\t\t&#8211; Medios de Red 100BASE-T:<br \/>\t\t\t&nbsp; Cable 5, 5e categor&iacute;a UTP (m&aacute;ximo 100m)<br \/>\t\t\t&nbsp; EIA\/TIA-568 100&Omega; STP (m&aacute;ximo 100m)<br \/>\t\t\t&#8211; Medios de Red 100BASE-FX: un solo m&oacute;dulo de fibra<br \/>\t\t\t&#8211; Medios de Red 1000BASE-FX: Fibra monomodo<br \/>\t\t\t&#8211; Medios de Red 1000BASE-T:<br \/>\t\t\t&nbsp; UTP categor&iacute;a 5, cable 5e (m&aacute;ximo 100 m)<br \/>\t\t\t&nbsp; EIA\/TIA-568 100&Omega; STP (m&aacute;ximo 100 m)<br \/>\t\t\t&#8211; Indicadores LED: PWR, LINK, RX<br \/>\t\t\t&#8211; Dimensiones (Largo x Ancho x Alto):<\/div>\n<div>&nbsp; 3.7*2.9*1.1 in. (94.5*73.0*27.0 mm)<br \/>\t\t\t&#8211; Suministro de Energ&iacute;a El&eacute;ctrica:<\/div>\n<div>&nbsp; Adaptador externo de energ&iacute;a<br \/>\t\t\t&#8211; Max Power Consumption: 5.5W<br \/>\t\t\t&#8211; Seguridad y Emisi&oacute;n: FCC, CE<br \/>\t\t\t&#8211; Ambiente:<br \/>\t\t\t&nbsp; Temperatura de funcionamiento:<\/div>\n<div>&nbsp; 0&#8451; ~ 40&#8451; (32&#8457; ~ 104&#8457;)<br \/>\t\t\t&nbsp; Temperatura de almacenamiento:<\/div>\n<div>&nbsp; -40&#8451; ~ 70&#8451; (-40&#8457; ~ 158&#8457;)<br \/>\t\t\t&nbsp; Humedad: 10% ~ 90% sin condensaci&oacute;n<br \/>\t\t\t&nbsp; Humedad de almacenamiento:<\/div>\n<div>&nbsp; 5% ~ 90% sin condensaci&oacute;n<\/div>\n<\/td>\n<\/tr>\n<tr>\n<td><strong>Fecha de revisi&oacute;n<\/strong><\/td>\n<td>20-02-2015 por MSB<\/td>\n<\/tr>\n<\/tbody>\n<\/table>\n","protected":false},"excerpt":{"rendered":"<p>El MC210CS es un convertidor de medios dise&ntilde;ado para convertir los medios de fibra 1000BASE-LX\/LH a cobre 1000Base-T, o viceversa. Dise&ntilde;ado bajo las normas de IEEE802.3ab 1000Base-T e IEEE802.3z 1000Base-LX\/LH, el MC210CS est&aacute; dise&ntilde;ado para su uso con cables de fibra monomodo utilizando el conector tipo SC. El MC210CS es compatible con la especificaci&oacute;n l&aacute;ser&hellip;&nbsp;<a href=\"https:\/\/aivlisoft.net\/shop\/producto\/tp-link-mc210cs-conversor-medios-mono-modo-15km\/\" rel=\"bookmark\"><span class=\"screen-reader-text\">TP-LINK MC210CS Conversor Medios Mono Modo 15Km<\/span><\/a><\/p>\n","protected":false},"featured_media":17672,"template":"","meta":{"neve_meta_sidebar":"","neve_meta_container":"","neve_meta_enable_content_width":"","neve_meta_content_width":0,"neve_meta_title_alignment":"","neve_meta_author_avatar":"","neve_post_elements_order":"","neve_meta_disable_header":"","neve_meta_disable_footer":"","neve_meta_disable_title":""},"product_brand":[],"product_cat":[8763],"product_tag":[6487],"class_list":{"0":"post-17671","1":"product","2":"type-product","3":"status-publish","4":"has-post-thumbnail","6":"product_cat-red-cableada","7":"product_tag-mc210cs","9":"first","10":"instock","11":"taxable","12":"shipping-taxable","13":"purchasable","14":"product-type-simple"},"yoast_head":"<!-- This site is optimized with the Yoast SEO plugin v26.0 - https:\/\/yoast.com\/wordpress\/plugins\/seo\/ -->\n<title>TP-LINK MC210CS Conversor Medios Mono Modo 15Km - Aivlisoft Inform\u00e1tica<\/title>\n<meta name=\"robots\" content=\"index, follow, max-snippet:-1, max-image-preview:large, max-video-preview:-1\" \/>\n<link rel=\"canonical\" href=\"https:\/\/aivlisoft.net\/shop\/producto\/tp-link-mc210cs-conversor-medios-mono-modo-15km\/\" \/>\n<meta property=\"og:locale\" content=\"es_ES\" \/>\n<meta property=\"og:type\" content=\"article\" \/>\n<meta property=\"og:title\" content=\"TP-LINK MC210CS Conversor Medios Mono Modo 15Km - Aivlisoft Inform\u00e1tica\" \/>\n<meta property=\"og:description\" content=\"El MC210CS es un convertidor de medios dise&ntilde;ado para convertir los medios de fibra 1000BASE-LX\/LH a cobre 1000Base-T, o viceversa. Dise&ntilde;ado bajo las normas de IEEE802.3ab 1000Base-T e IEEE802.3z 1000Base-LX\/LH, el MC210CS est&aacute; dise&ntilde;ado para su uso con cables de fibra monomodo utilizando el conector tipo SC. El MC210CS es compatible con la especificaci&oacute;n l&aacute;ser&hellip;&nbsp;TP-LINK MC210CS Conversor Medios Mono Modo 15Km\" \/>\n<meta property=\"og:url\" content=\"https:\/\/aivlisoft.net\/shop\/producto\/tp-link-mc210cs-conversor-medios-mono-modo-15km\/\" \/>\n<meta property=\"og:site_name\" content=\"Aivlisoft Inform\u00e1tica\" \/>\n<meta property=\"article:modified_time\" content=\"2025-01-14T11:34:36+00:00\" \/>\n<meta property=\"og:image\" content=\"https:\/\/aivlisoft.net\/shop\/wp-content\/uploads\/2025\/01\/NADACA0072_800.jpg\" \/>\n\t<meta property=\"og:image:width\" content=\"800\" \/>\n\t<meta property=\"og:image:height\" content=\"800\" \/>\n\t<meta property=\"og:image:type\" content=\"image\/jpeg\" \/>\n<meta name=\"twitter:card\" content=\"summary_large_image\" \/>\n<meta name=\"twitter:label1\" content=\"Tiempo de lectura\" \/>\n\t<meta name=\"twitter:data1\" content=\"2 minutos\" \/>\n<script type=\"application\/ld+json\" class=\"yoast-schema-graph\">{\"@context\":\"https:\/\/schema.org\",\"@graph\":[{\"@type\":\"WebPage\",\"@id\":\"https:\/\/aivlisoft.net\/shop\/producto\/tp-link-mc210cs-conversor-medios-mono-modo-15km\/\",\"url\":\"https:\/\/aivlisoft.net\/shop\/producto\/tp-link-mc210cs-conversor-medios-mono-modo-15km\/\",\"name\":\"TP-LINK MC210CS Conversor Medios Mono Modo 15Km - Aivlisoft Inform\u00e1tica\",\"isPartOf\":{\"@id\":\"https:\/\/aivlisoft.net\/shop\/#website\"},\"primaryImageOfPage\":{\"@id\":\"https:\/\/aivlisoft.net\/shop\/producto\/tp-link-mc210cs-conversor-medios-mono-modo-15km\/#primaryimage\"},\"image\":{\"@id\":\"https:\/\/aivlisoft.net\/shop\/producto\/tp-link-mc210cs-conversor-medios-mono-modo-15km\/#primaryimage\"},\"thumbnailUrl\":\"https:\/\/aivlisoft.net\/shop\/wp-content\/uploads\/2025\/01\/NADACA0072_800.jpg\",\"datePublished\":\"2025-01-13T15:14:33+00:00\",\"dateModified\":\"2025-01-14T11:34:36+00:00\",\"breadcrumb\":{\"@id\":\"https:\/\/aivlisoft.net\/shop\/producto\/tp-link-mc210cs-conversor-medios-mono-modo-15km\/#breadcrumb\"},\"inLanguage\":\"es\",\"potentialAction\":[{\"@type\":\"ReadAction\",\"target\":[\"https:\/\/aivlisoft.net\/shop\/producto\/tp-link-mc210cs-conversor-medios-mono-modo-15km\/\"]}]},{\"@type\":\"ImageObject\",\"inLanguage\":\"es\",\"@id\":\"https:\/\/aivlisoft.net\/shop\/producto\/tp-link-mc210cs-conversor-medios-mono-modo-15km\/#primaryimage\",\"url\":\"https:\/\/aivlisoft.net\/shop\/wp-content\/uploads\/2025\/01\/NADACA0072_800.jpg\",\"contentUrl\":\"https:\/\/aivlisoft.net\/shop\/wp-content\/uploads\/2025\/01\/NADACA0072_800.jpg\",\"width\":800,\"height\":800},{\"@type\":\"BreadcrumbList\",\"@id\":\"https:\/\/aivlisoft.net\/shop\/producto\/tp-link-mc210cs-conversor-medios-mono-modo-15km\/#breadcrumb\",\"itemListElement\":[{\"@type\":\"ListItem\",\"position\":1,\"name\":\"Portada\",\"item\":\"https:\/\/aivlisoft.net\/shop\/\"},{\"@type\":\"ListItem\",\"position\":2,\"name\":\"Tienda\",\"item\":\"https:\/\/aivlisoft.net\/shop\/tienda\/\"},{\"@type\":\"ListItem\",\"position\":3,\"name\":\"TP-LINK MC210CS Conversor Medios Mono Modo 15Km\"}]},{\"@type\":\"WebSite\",\"@id\":\"https:\/\/aivlisoft.net\/shop\/#website\",\"url\":\"https:\/\/aivlisoft.net\/shop\/\",\"name\":\"Aivlisoft Inform\u00e1tica\",\"description\":\"En Aivlisoft Inform\u00e1tica ofrecemos soluciones tecnol\u00f3gicas para empresas: venta de ordenadores, consumibles, perif\u00e9ricos y m\u00e1s. Calidad, atenci\u00f3n personalizada y los mejores precios para tu negocio.\",\"publisher\":{\"@id\":\"https:\/\/aivlisoft.net\/shop\/#organization\"},\"potentialAction\":[{\"@type\":\"SearchAction\",\"target\":{\"@type\":\"EntryPoint\",\"urlTemplate\":\"https:\/\/aivlisoft.net\/shop\/?s={search_term_string}\"},\"query-input\":{\"@type\":\"PropertyValueSpecification\",\"valueRequired\":true,\"valueName\":\"search_term_string\"}}],\"inLanguage\":\"es\"},{\"@type\":\"Organization\",\"@id\":\"https:\/\/aivlisoft.net\/shop\/#organization\",\"name\":\"Aivlisoft Inform\u00e1tica\",\"url\":\"https:\/\/aivlisoft.net\/shop\/\",\"logo\":{\"@type\":\"ImageObject\",\"inLanguage\":\"es\",\"@id\":\"https:\/\/aivlisoft.net\/shop\/#\/schema\/logo\/image\/\",\"url\":\"https:\/\/aivlisoft.net\/shop\/wp-content\/uploads\/2024\/12\/removal.ai_5b848c54-0cdf-4140-95c5-c5536bb7573b-logodef.png\",\"contentUrl\":\"https:\/\/aivlisoft.net\/shop\/wp-content\/uploads\/2024\/12\/removal.ai_5b848c54-0cdf-4140-95c5-c5536bb7573b-logodef.png\",\"width\":484,\"height\":182,\"caption\":\"Aivlisoft Inform\u00e1tica\"},\"image\":{\"@id\":\"https:\/\/aivlisoft.net\/shop\/#\/schema\/logo\/image\/\"}}]}<\/script>\n<!-- \/ Yoast SEO plugin. -->","yoast_head_json":{"title":"TP-LINK MC210CS Conversor Medios Mono Modo 15Km - Aivlisoft Inform\u00e1tica","robots":{"index":"index","follow":"follow","max-snippet":"max-snippet:-1","max-image-preview":"max-image-preview:large","max-video-preview":"max-video-preview:-1"},"canonical":"https:\/\/aivlisoft.net\/shop\/producto\/tp-link-mc210cs-conversor-medios-mono-modo-15km\/","og_locale":"es_ES","og_type":"article","og_title":"TP-LINK MC210CS Conversor Medios Mono Modo 15Km - Aivlisoft Inform\u00e1tica","og_description":"El MC210CS es un convertidor de medios dise&ntilde;ado para convertir los medios de fibra 1000BASE-LX\/LH a cobre 1000Base-T, o viceversa. Dise&ntilde;ado bajo las normas de IEEE802.3ab 1000Base-T e IEEE802.3z 1000Base-LX\/LH, el MC210CS est&aacute; dise&ntilde;ado para su uso con cables de fibra monomodo utilizando el conector tipo SC. El MC210CS es compatible con la especificaci&oacute;n l&aacute;ser&hellip;&nbsp;TP-LINK MC210CS Conversor Medios Mono Modo 15Km","og_url":"https:\/\/aivlisoft.net\/shop\/producto\/tp-link-mc210cs-conversor-medios-mono-modo-15km\/","og_site_name":"Aivlisoft Inform\u00e1tica","article_modified_time":"2025-01-14T11:34:36+00:00","og_image":[{"width":800,"height":800,"url":"https:\/\/aivlisoft.net\/shop\/wp-content\/uploads\/2025\/01\/NADACA0072_800.jpg","type":"image\/jpeg"}],"twitter_card":"summary_large_image","twitter_misc":{"Tiempo de lectura":"2 minutos"},"schema":{"@context":"https:\/\/schema.org","@graph":[{"@type":"WebPage","@id":"https:\/\/aivlisoft.net\/shop\/producto\/tp-link-mc210cs-conversor-medios-mono-modo-15km\/","url":"https:\/\/aivlisoft.net\/shop\/producto\/tp-link-mc210cs-conversor-medios-mono-modo-15km\/","name":"TP-LINK MC210CS Conversor Medios Mono Modo 15Km - Aivlisoft Inform\u00e1tica","isPartOf":{"@id":"https:\/\/aivlisoft.net\/shop\/#website"},"primaryImageOfPage":{"@id":"https:\/\/aivlisoft.net\/shop\/producto\/tp-link-mc210cs-conversor-medios-mono-modo-15km\/#primaryimage"},"image":{"@id":"https:\/\/aivlisoft.net\/shop\/producto\/tp-link-mc210cs-conversor-medios-mono-modo-15km\/#primaryimage"},"thumbnailUrl":"https:\/\/aivlisoft.net\/shop\/wp-content\/uploads\/2025\/01\/NADACA0072_800.jpg","datePublished":"2025-01-13T15:14:33+00:00","dateModified":"2025-01-14T11:34:36+00:00","breadcrumb":{"@id":"https:\/\/aivlisoft.net\/shop\/producto\/tp-link-mc210cs-conversor-medios-mono-modo-15km\/#breadcrumb"},"inLanguage":"es","potentialAction":[{"@type":"ReadAction","target":["https:\/\/aivlisoft.net\/shop\/producto\/tp-link-mc210cs-conversor-medios-mono-modo-15km\/"]}]},{"@type":"ImageObject","inLanguage":"es","@id":"https:\/\/aivlisoft.net\/shop\/producto\/tp-link-mc210cs-conversor-medios-mono-modo-15km\/#primaryimage","url":"https:\/\/aivlisoft.net\/shop\/wp-content\/uploads\/2025\/01\/NADACA0072_800.jpg","contentUrl":"https:\/\/aivlisoft.net\/shop\/wp-content\/uploads\/2025\/01\/NADACA0072_800.jpg","width":800,"height":800},{"@type":"BreadcrumbList","@id":"https:\/\/aivlisoft.net\/shop\/producto\/tp-link-mc210cs-conversor-medios-mono-modo-15km\/#breadcrumb","itemListElement":[{"@type":"ListItem","position":1,"name":"Portada","item":"https:\/\/aivlisoft.net\/shop\/"},{"@type":"ListItem","position":2,"name":"Tienda","item":"https:\/\/aivlisoft.net\/shop\/tienda\/"},{"@type":"ListItem","position":3,"name":"TP-LINK MC210CS Conversor Medios Mono Modo 15Km"}]},{"@type":"WebSite","@id":"https:\/\/aivlisoft.net\/shop\/#website","url":"https:\/\/aivlisoft.net\/shop\/","name":"Aivlisoft Inform\u00e1tica","description":"En Aivlisoft Inform\u00e1tica ofrecemos soluciones tecnol\u00f3gicas para empresas: venta de ordenadores, consumibles, perif\u00e9ricos y m\u00e1s. Calidad, atenci\u00f3n personalizada y los mejores precios para tu negocio.","publisher":{"@id":"https:\/\/aivlisoft.net\/shop\/#organization"},"potentialAction":[{"@type":"SearchAction","target":{"@type":"EntryPoint","urlTemplate":"https:\/\/aivlisoft.net\/shop\/?s={search_term_string}"},"query-input":{"@type":"PropertyValueSpecification","valueRequired":true,"valueName":"search_term_string"}}],"inLanguage":"es"},{"@type":"Organization","@id":"https:\/\/aivlisoft.net\/shop\/#organization","name":"Aivlisoft Inform\u00e1tica","url":"https:\/\/aivlisoft.net\/shop\/","logo":{"@type":"ImageObject","inLanguage":"es","@id":"https:\/\/aivlisoft.net\/shop\/#\/schema\/logo\/image\/","url":"https:\/\/aivlisoft.net\/shop\/wp-content\/uploads\/2024\/12\/removal.ai_5b848c54-0cdf-4140-95c5-c5536bb7573b-logodef.png","contentUrl":"https:\/\/aivlisoft.net\/shop\/wp-content\/uploads\/2024\/12\/removal.ai_5b848c54-0cdf-4140-95c5-c5536bb7573b-logodef.png","width":484,"height":182,"caption":"Aivlisoft Inform\u00e1tica"},"image":{"@id":"https:\/\/aivlisoft.net\/shop\/#\/schema\/logo\/image\/"}}]}},"_links":{"self":[{"href":"https:\/\/aivlisoft.net\/shop\/wp-json\/wp\/v2\/product\/17671","targetHints":{"allow":["GET"]}}],"collection":[{"href":"https:\/\/aivlisoft.net\/shop\/wp-json\/wp\/v2\/product"}],"about":[{"href":"https:\/\/aivlisoft.net\/shop\/wp-json\/wp\/v2\/types\/product"}],"wp:featuredmedia":[{"embeddable":true,"href":"https:\/\/aivlisoft.net\/shop\/wp-json\/wp\/v2\/media\/17672"}],"wp:attachment":[{"href":"https:\/\/aivlisoft.net\/shop\/wp-json\/wp\/v2\/media?parent=17671"}],"wp:term":[{"taxonomy":"product_brand","embeddable":true,"href":"https:\/\/aivlisoft.net\/shop\/wp-json\/wp\/v2\/product_brand?post=17671"},{"taxonomy":"product_cat","embeddable":true,"href":"https:\/\/aivlisoft.net\/shop\/wp-json\/wp\/v2\/product_cat?post=17671"},{"taxonomy":"product_tag","embeddable":true,"href":"https:\/\/aivlisoft.net\/shop\/wp-json\/wp\/v2\/product_tag?post=17671"}],"curies":[{"name":"wp","href":"https:\/\/api.w.org\/{rel}","templated":true}]}}