{"id":17660,"date":"2025-01-13T15:14:24","date_gmt":"2025-01-13T15:14:24","guid":{"rendered":"https:\/\/aivlisoft.com\/?post_type=product&#038;p=17660"},"modified":"2025-01-14T11:34:29","modified_gmt":"2025-01-14T11:34:29","slug":"d-link-dmc-810sc-conversor-medios-mono-modo-10km","status":"publish","type":"product","link":"https:\/\/aivlisoft.net\/shop\/producto\/d-link-dmc-810sc-conversor-medios-mono-modo-10km\/","title":{"rendered":"D-Link DMC-810SC Conversor Medios Mono Modo 10Km"},"content":{"rendered":"<div>\tDispositivos especialmente dise&ntilde;ados para proveer una conversi&oacute;n de medios de comunicaci&oacute;n para el est&aacute;ndar Fast Ethernet; desde un cable de cobre UTP 1000BASE-TX a cable de fibra &oacute;ptica 1000BASE-LX monomodo.<\/div>\n<div>\t&nbsp;<\/div>\n<div>\tLa distancia m&aacute;xima para el cable de fibra &oacute;ptica es de 10Km.<\/p>\n<p>\t<strong>Extensi&oacute;n de cable<\/strong><br \/>\tEstos conversores posibilitan la conexi&oacute;n de dispositivos 1000BASE-TX sobre diferentes estaciones departamentales o en edificios separados, de tal manera que podamos extender los cables UTP (dada la limitaci&oacute;n de &eacute;stos, de 100mts de distancia).<\/p>\n<p>\t<strong>Facilidad de uso<\/strong><br \/>\tGracias a su dise&ntilde;o compacto, la instalaci&oacute;n, conexi&oacute;n y uso es muy simple. Adicionalmente puede ser instalado en el chasis DMC-1000 para concentrar en un &uacute;nico punto varios conversores de medio.<\/div>\n<p><\/p>\n<table class=\"tabla_caracteristicas\" width=\"100%\">\n<tbody>\n<tr>\n<td valign=\"top\" width=\"35%\">\t\t\t\t<b><small><font face=\"Tahoma,Arial, Helvetica, sans-serif\" style=\"font-size: 11px;\">Marca<\/font><\/small><\/b><\/td>\n<td valign=\"top\" width=\"65%\">\t\t\t\t<font face=\"Tahoma, Arial, Helvetica, sans-serif\"><span style=\"font-size: 11px;\">D-Link<\/span><\/font><\/td>\n<\/tr>\n<tr>\n<td valign=\"top\" width=\"35%\">\t\t\t\t<b><small><font face=\"Tahoma,Arial, Helvetica, sans-serif\" style=\"font-size: 11px;\">Modelo<\/font><\/small><\/b><\/td>\n<td valign=\"top\" width=\"65%\">\t\t\t\t<small><font face=\"Tahoma,Arial, Helvetica, sans-serif\" style=\"font-size: 11px;\"><span style=\"font-weight: bold;\">DMC-810SC<\/span><\/font><\/small><\/td>\n<\/tr>\n<tr>\n<td valign=\"top\" width=\"35%\">\t\t\t\t<b><small><font face=\"Tahoma,Arial, Helvetica, sans-serif\" style=\"font-size: 11px;\">Caracter&iacute;sticas<\/font><\/small><\/b><\/td>\n<td valign=\"top\" width=\"65%\">\n<div>\t\t\t\t\t<small><font face=\"Tahoma,Arial, Helvetica, sans-serif\"><span style=\"font-size: 11px;\">&#8211; Conversor de 1000BASE-T Gigabit&nbsp; de par de coblre a 1000BASE-LX Fibra Gigabit Single-mode (10km, SC)<\/span><\/font><\/small><\/div>\n<div>\t\t\t\t\t<small><font face=\"Tahoma,Arial, Helvetica, sans-serif\"><span style=\"font-size: 11px;\">1000Mbps Speed (for twisted-pair port)<\/span><br \/>\t\t\t\t\t<span style=\"font-size: 11px;\"> &#8211; &nbsp;Full Duplex\/Collision (for twisted-pair and fiber ports)<\/span><br \/>\t\t\t\t\t<span style=\"font-size: 11px;\"> &#8211;&nbsp;LINK\/ACT (for twisted-pair port)<\/span><br \/>\t\t\t\t\t<\/font><\/small><\/div>\n<\/td>\n<\/tr>\n<tr>\n<td valign=\"top\" width=\"35%\">\t\t\t\t<b><small><font face=\"Tahoma,Arial, Helvetica, sans-serif\" style=\"font-size: 11px;\">Otras Caracter&iacute;sticas<br \/>\t\t\t\t<\/font><\/small><\/b><\/td>\n<td valign=\"top\" width=\"65%\">\t\t\t\t<small><font face=\"Tahoma,Arial, Helvetica, sans-serif\" style=\"font-size: 11px;\">&#8211; Dimensiones y peso: Dimensiones: 120 x 88 x 25 mm<br \/>\t\t\t\t&#8211; Entrada corriente: 7.5V 1.5A<br \/>\t\t\t\t<\/font><\/small><\/td>\n<\/tr>\n<tr>\n<td valign=\"top\" width=\"35%\">\t\t\t\t&nbsp;<\/td>\n<td valign=\"top\" width=\"65%\">\t\t\t\t&nbsp;<\/td>\n<\/tr>\n<tr>\n<td valign=\"top\" width=\"35%\">\t\t\t\t<b><small><font face=\"Tahoma,Arial, Helvetica, sans-serif\" style=\"font-size: 11px;\">Fecha de revisi&oacute;n<\/font><\/small><\/b><\/td>\n<td valign=\"top\" width=\"65%\">\t\t\t\t<small><font face=\"Tahoma,Arial, Helvetica, sans-serif\" style=\"font-size: 11px;\">08-01-2014&nbsp; porJAV<\/font><\/small><\/td>\n<\/tr>\n<\/tbody>\n<\/table>\n","protected":false},"excerpt":{"rendered":"<p>Dispositivos especialmente dise&ntilde;ados para proveer una conversi&oacute;n de medios de comunicaci&oacute;n para el est&aacute;ndar Fast Ethernet; desde un cable de cobre UTP 1000BASE-TX a cable de fibra &oacute;ptica 1000BASE-LX monomodo. &nbsp; La distancia m&aacute;xima para el cable de fibra &oacute;ptica es de 10Km. Extensi&oacute;n de cable Estos conversores posibilitan la conexi&oacute;n de dispositivos 1000BASE-TX sobre&hellip;&nbsp;<a href=\"https:\/\/aivlisoft.net\/shop\/producto\/d-link-dmc-810sc-conversor-medios-mono-modo-10km\/\" rel=\"bookmark\"><span class=\"screen-reader-text\">D-Link DMC-810SC Conversor Medios Mono Modo 10Km<\/span><\/a><\/p>\n","protected":false},"featured_media":17661,"template":"","meta":{"neve_meta_sidebar":"","neve_meta_container":"","neve_meta_enable_content_width":"","neve_meta_content_width":0,"neve_meta_title_alignment":"","neve_meta_author_avatar":"","neve_post_elements_order":"","neve_meta_disable_header":"","neve_meta_disable_footer":"","neve_meta_disable_title":""},"product_brand":[],"product_cat":[8763],"product_tag":[6482],"class_list":{"0":"post-17660","1":"product","2":"type-product","3":"status-publish","4":"has-post-thumbnail","6":"product_cat-red-cableada","7":"product_tag-dmc-810sc","9":"first","10":"instock","11":"taxable","12":"shipping-taxable","13":"purchasable","14":"product-type-simple"},"yoast_head":"<!-- This site is optimized with the Yoast SEO plugin v26.0 - https:\/\/yoast.com\/wordpress\/plugins\/seo\/ -->\n<title>D-Link DMC-810SC Conversor Medios Mono Modo 10Km - Aivlisoft Inform\u00e1tica<\/title>\n<meta name=\"robots\" content=\"index, follow, max-snippet:-1, max-image-preview:large, max-video-preview:-1\" \/>\n<link rel=\"canonical\" href=\"https:\/\/aivlisoft.net\/shop\/producto\/d-link-dmc-810sc-conversor-medios-mono-modo-10km\/\" \/>\n<meta property=\"og:locale\" content=\"es_ES\" \/>\n<meta property=\"og:type\" content=\"article\" \/>\n<meta property=\"og:title\" content=\"D-Link DMC-810SC Conversor Medios Mono Modo 10Km - Aivlisoft Inform\u00e1tica\" \/>\n<meta property=\"og:description\" content=\"Dispositivos especialmente dise&ntilde;ados para proveer una conversi&oacute;n de medios de comunicaci&oacute;n para el est&aacute;ndar Fast Ethernet; desde un cable de cobre UTP 1000BASE-TX a cable de fibra &oacute;ptica 1000BASE-LX monomodo. &nbsp; La distancia m&aacute;xima para el cable de fibra &oacute;ptica es de 10Km. Extensi&oacute;n de cable Estos conversores posibilitan la conexi&oacute;n de dispositivos 1000BASE-TX sobre&hellip;&nbsp;D-Link DMC-810SC Conversor Medios Mono Modo 10Km\" \/>\n<meta property=\"og:url\" content=\"https:\/\/aivlisoft.net\/shop\/producto\/d-link-dmc-810sc-conversor-medios-mono-modo-10km\/\" \/>\n<meta property=\"og:site_name\" content=\"Aivlisoft Inform\u00e1tica\" \/>\n<meta property=\"article:modified_time\" content=\"2025-01-14T11:34:29+00:00\" \/>\n<meta property=\"og:image\" content=\"https:\/\/aivlisoft.net\/shop\/wp-content\/uploads\/2025\/01\/NADACA0060_large.jpg\" \/>\n\t<meta property=\"og:image:width\" content=\"400\" \/>\n\t<meta property=\"og:image:height\" content=\"400\" \/>\n\t<meta property=\"og:image:type\" content=\"image\/jpeg\" \/>\n<meta name=\"twitter:card\" content=\"summary_large_image\" \/>\n<meta name=\"twitter:label1\" content=\"Tiempo de lectura\" \/>\n\t<meta name=\"twitter:data1\" content=\"1 minuto\" \/>\n<script type=\"application\/ld+json\" class=\"yoast-schema-graph\">{\"@context\":\"https:\/\/schema.org\",\"@graph\":[{\"@type\":\"WebPage\",\"@id\":\"https:\/\/aivlisoft.net\/shop\/producto\/d-link-dmc-810sc-conversor-medios-mono-modo-10km\/\",\"url\":\"https:\/\/aivlisoft.net\/shop\/producto\/d-link-dmc-810sc-conversor-medios-mono-modo-10km\/\",\"name\":\"D-Link DMC-810SC Conversor Medios Mono Modo 10Km - Aivlisoft Inform\u00e1tica\",\"isPartOf\":{\"@id\":\"https:\/\/aivlisoft.net\/shop\/#website\"},\"primaryImageOfPage\":{\"@id\":\"https:\/\/aivlisoft.net\/shop\/producto\/d-link-dmc-810sc-conversor-medios-mono-modo-10km\/#primaryimage\"},\"image\":{\"@id\":\"https:\/\/aivlisoft.net\/shop\/producto\/d-link-dmc-810sc-conversor-medios-mono-modo-10km\/#primaryimage\"},\"thumbnailUrl\":\"https:\/\/aivlisoft.net\/shop\/wp-content\/uploads\/2025\/01\/NADACA0060_large.jpg\",\"datePublished\":\"2025-01-13T15:14:24+00:00\",\"dateModified\":\"2025-01-14T11:34:29+00:00\",\"breadcrumb\":{\"@id\":\"https:\/\/aivlisoft.net\/shop\/producto\/d-link-dmc-810sc-conversor-medios-mono-modo-10km\/#breadcrumb\"},\"inLanguage\":\"es\",\"potentialAction\":[{\"@type\":\"ReadAction\",\"target\":[\"https:\/\/aivlisoft.net\/shop\/producto\/d-link-dmc-810sc-conversor-medios-mono-modo-10km\/\"]}]},{\"@type\":\"ImageObject\",\"inLanguage\":\"es\",\"@id\":\"https:\/\/aivlisoft.net\/shop\/producto\/d-link-dmc-810sc-conversor-medios-mono-modo-10km\/#primaryimage\",\"url\":\"https:\/\/aivlisoft.net\/shop\/wp-content\/uploads\/2025\/01\/NADACA0060_large.jpg\",\"contentUrl\":\"https:\/\/aivlisoft.net\/shop\/wp-content\/uploads\/2025\/01\/NADACA0060_large.jpg\",\"width\":400,\"height\":400},{\"@type\":\"BreadcrumbList\",\"@id\":\"https:\/\/aivlisoft.net\/shop\/producto\/d-link-dmc-810sc-conversor-medios-mono-modo-10km\/#breadcrumb\",\"itemListElement\":[{\"@type\":\"ListItem\",\"position\":1,\"name\":\"Portada\",\"item\":\"https:\/\/aivlisoft.net\/shop\/\"},{\"@type\":\"ListItem\",\"position\":2,\"name\":\"Tienda\",\"item\":\"https:\/\/aivlisoft.net\/shop\/tienda\/\"},{\"@type\":\"ListItem\",\"position\":3,\"name\":\"D-Link DMC-810SC Conversor Medios Mono Modo 10Km\"}]},{\"@type\":\"WebSite\",\"@id\":\"https:\/\/aivlisoft.net\/shop\/#website\",\"url\":\"https:\/\/aivlisoft.net\/shop\/\",\"name\":\"Aivlisoft Inform\u00e1tica\",\"description\":\"En Aivlisoft Inform\u00e1tica ofrecemos soluciones tecnol\u00f3gicas para empresas: venta de ordenadores, consumibles, perif\u00e9ricos y m\u00e1s. Calidad, atenci\u00f3n personalizada y los mejores precios para tu negocio.\",\"publisher\":{\"@id\":\"https:\/\/aivlisoft.net\/shop\/#organization\"},\"potentialAction\":[{\"@type\":\"SearchAction\",\"target\":{\"@type\":\"EntryPoint\",\"urlTemplate\":\"https:\/\/aivlisoft.net\/shop\/?s={search_term_string}\"},\"query-input\":{\"@type\":\"PropertyValueSpecification\",\"valueRequired\":true,\"valueName\":\"search_term_string\"}}],\"inLanguage\":\"es\"},{\"@type\":\"Organization\",\"@id\":\"https:\/\/aivlisoft.net\/shop\/#organization\",\"name\":\"Aivlisoft Inform\u00e1tica\",\"url\":\"https:\/\/aivlisoft.net\/shop\/\",\"logo\":{\"@type\":\"ImageObject\",\"inLanguage\":\"es\",\"@id\":\"https:\/\/aivlisoft.net\/shop\/#\/schema\/logo\/image\/\",\"url\":\"https:\/\/aivlisoft.net\/shop\/wp-content\/uploads\/2024\/12\/removal.ai_5b848c54-0cdf-4140-95c5-c5536bb7573b-logodef.png\",\"contentUrl\":\"https:\/\/aivlisoft.net\/shop\/wp-content\/uploads\/2024\/12\/removal.ai_5b848c54-0cdf-4140-95c5-c5536bb7573b-logodef.png\",\"width\":484,\"height\":182,\"caption\":\"Aivlisoft Inform\u00e1tica\"},\"image\":{\"@id\":\"https:\/\/aivlisoft.net\/shop\/#\/schema\/logo\/image\/\"}}]}<\/script>\n<!-- \/ Yoast SEO plugin. -->","yoast_head_json":{"title":"D-Link DMC-810SC Conversor Medios Mono Modo 10Km - Aivlisoft Inform\u00e1tica","robots":{"index":"index","follow":"follow","max-snippet":"max-snippet:-1","max-image-preview":"max-image-preview:large","max-video-preview":"max-video-preview:-1"},"canonical":"https:\/\/aivlisoft.net\/shop\/producto\/d-link-dmc-810sc-conversor-medios-mono-modo-10km\/","og_locale":"es_ES","og_type":"article","og_title":"D-Link DMC-810SC Conversor Medios Mono Modo 10Km - Aivlisoft Inform\u00e1tica","og_description":"Dispositivos especialmente dise&ntilde;ados para proveer una conversi&oacute;n de medios de comunicaci&oacute;n para el est&aacute;ndar Fast Ethernet; desde un cable de cobre UTP 1000BASE-TX a cable de fibra &oacute;ptica 1000BASE-LX monomodo. &nbsp; La distancia m&aacute;xima para el cable de fibra &oacute;ptica es de 10Km. Extensi&oacute;n de cable Estos conversores posibilitan la conexi&oacute;n de dispositivos 1000BASE-TX sobre&hellip;&nbsp;D-Link DMC-810SC Conversor Medios Mono Modo 10Km","og_url":"https:\/\/aivlisoft.net\/shop\/producto\/d-link-dmc-810sc-conversor-medios-mono-modo-10km\/","og_site_name":"Aivlisoft Inform\u00e1tica","article_modified_time":"2025-01-14T11:34:29+00:00","og_image":[{"width":400,"height":400,"url":"https:\/\/aivlisoft.net\/shop\/wp-content\/uploads\/2025\/01\/NADACA0060_large.jpg","type":"image\/jpeg"}],"twitter_card":"summary_large_image","twitter_misc":{"Tiempo de lectura":"1 minuto"},"schema":{"@context":"https:\/\/schema.org","@graph":[{"@type":"WebPage","@id":"https:\/\/aivlisoft.net\/shop\/producto\/d-link-dmc-810sc-conversor-medios-mono-modo-10km\/","url":"https:\/\/aivlisoft.net\/shop\/producto\/d-link-dmc-810sc-conversor-medios-mono-modo-10km\/","name":"D-Link DMC-810SC Conversor Medios Mono Modo 10Km - Aivlisoft Inform\u00e1tica","isPartOf":{"@id":"https:\/\/aivlisoft.net\/shop\/#website"},"primaryImageOfPage":{"@id":"https:\/\/aivlisoft.net\/shop\/producto\/d-link-dmc-810sc-conversor-medios-mono-modo-10km\/#primaryimage"},"image":{"@id":"https:\/\/aivlisoft.net\/shop\/producto\/d-link-dmc-810sc-conversor-medios-mono-modo-10km\/#primaryimage"},"thumbnailUrl":"https:\/\/aivlisoft.net\/shop\/wp-content\/uploads\/2025\/01\/NADACA0060_large.jpg","datePublished":"2025-01-13T15:14:24+00:00","dateModified":"2025-01-14T11:34:29+00:00","breadcrumb":{"@id":"https:\/\/aivlisoft.net\/shop\/producto\/d-link-dmc-810sc-conversor-medios-mono-modo-10km\/#breadcrumb"},"inLanguage":"es","potentialAction":[{"@type":"ReadAction","target":["https:\/\/aivlisoft.net\/shop\/producto\/d-link-dmc-810sc-conversor-medios-mono-modo-10km\/"]}]},{"@type":"ImageObject","inLanguage":"es","@id":"https:\/\/aivlisoft.net\/shop\/producto\/d-link-dmc-810sc-conversor-medios-mono-modo-10km\/#primaryimage","url":"https:\/\/aivlisoft.net\/shop\/wp-content\/uploads\/2025\/01\/NADACA0060_large.jpg","contentUrl":"https:\/\/aivlisoft.net\/shop\/wp-content\/uploads\/2025\/01\/NADACA0060_large.jpg","width":400,"height":400},{"@type":"BreadcrumbList","@id":"https:\/\/aivlisoft.net\/shop\/producto\/d-link-dmc-810sc-conversor-medios-mono-modo-10km\/#breadcrumb","itemListElement":[{"@type":"ListItem","position":1,"name":"Portada","item":"https:\/\/aivlisoft.net\/shop\/"},{"@type":"ListItem","position":2,"name":"Tienda","item":"https:\/\/aivlisoft.net\/shop\/tienda\/"},{"@type":"ListItem","position":3,"name":"D-Link DMC-810SC Conversor Medios Mono Modo 10Km"}]},{"@type":"WebSite","@id":"https:\/\/aivlisoft.net\/shop\/#website","url":"https:\/\/aivlisoft.net\/shop\/","name":"Aivlisoft Inform\u00e1tica","description":"En Aivlisoft Inform\u00e1tica ofrecemos soluciones tecnol\u00f3gicas para empresas: venta de ordenadores, consumibles, perif\u00e9ricos y m\u00e1s. Calidad, atenci\u00f3n personalizada y los mejores precios para tu negocio.","publisher":{"@id":"https:\/\/aivlisoft.net\/shop\/#organization"},"potentialAction":[{"@type":"SearchAction","target":{"@type":"EntryPoint","urlTemplate":"https:\/\/aivlisoft.net\/shop\/?s={search_term_string}"},"query-input":{"@type":"PropertyValueSpecification","valueRequired":true,"valueName":"search_term_string"}}],"inLanguage":"es"},{"@type":"Organization","@id":"https:\/\/aivlisoft.net\/shop\/#organization","name":"Aivlisoft Inform\u00e1tica","url":"https:\/\/aivlisoft.net\/shop\/","logo":{"@type":"ImageObject","inLanguage":"es","@id":"https:\/\/aivlisoft.net\/shop\/#\/schema\/logo\/image\/","url":"https:\/\/aivlisoft.net\/shop\/wp-content\/uploads\/2024\/12\/removal.ai_5b848c54-0cdf-4140-95c5-c5536bb7573b-logodef.png","contentUrl":"https:\/\/aivlisoft.net\/shop\/wp-content\/uploads\/2024\/12\/removal.ai_5b848c54-0cdf-4140-95c5-c5536bb7573b-logodef.png","width":484,"height":182,"caption":"Aivlisoft Inform\u00e1tica"},"image":{"@id":"https:\/\/aivlisoft.net\/shop\/#\/schema\/logo\/image\/"}}]}},"_links":{"self":[{"href":"https:\/\/aivlisoft.net\/shop\/wp-json\/wp\/v2\/product\/17660","targetHints":{"allow":["GET"]}}],"collection":[{"href":"https:\/\/aivlisoft.net\/shop\/wp-json\/wp\/v2\/product"}],"about":[{"href":"https:\/\/aivlisoft.net\/shop\/wp-json\/wp\/v2\/types\/product"}],"wp:featuredmedia":[{"embeddable":true,"href":"https:\/\/aivlisoft.net\/shop\/wp-json\/wp\/v2\/media\/17661"}],"wp:attachment":[{"href":"https:\/\/aivlisoft.net\/shop\/wp-json\/wp\/v2\/media?parent=17660"}],"wp:term":[{"taxonomy":"product_brand","embeddable":true,"href":"https:\/\/aivlisoft.net\/shop\/wp-json\/wp\/v2\/product_brand?post=17660"},{"taxonomy":"product_cat","embeddable":true,"href":"https:\/\/aivlisoft.net\/shop\/wp-json\/wp\/v2\/product_cat?post=17660"},{"taxonomy":"product_tag","embeddable":true,"href":"https:\/\/aivlisoft.net\/shop\/wp-json\/wp\/v2\/product_tag?post=17660"}],"curies":[{"name":"wp","href":"https:\/\/api.w.org\/{rel}","templated":true}]}}