{"id":17658,"date":"2025-01-13T15:14:23","date_gmt":"2025-01-13T15:14:23","guid":{"rendered":"https:\/\/aivlisoft.com\/?post_type=product&#038;p=17658"},"modified":"2025-01-14T11:34:28","modified_gmt":"2025-01-14T11:34:28","slug":"tp-link-sm311lm-modulo-sfp-multi-modo-550m","status":"publish","type":"product","link":"https:\/\/aivlisoft.net\/shop\/producto\/tp-link-sm311lm-modulo-sfp-multi-modo-550m\/","title":{"rendered":"TP-LINK SM311LM Modulo SFP Multi Modo 550m"},"content":{"rendered":"<div>\tLa serie TL-SM311 de tarjetas m&oacute;dulo de fibra se introducen para ampliar la distancia de transferencia, que se adjunta a nuestros switches inteligentes manejadosswitches web inteligentes \/ administrables. Se puede ampliar la distancia de varios kil&oacute;metros hasta decenas de kil&oacute;metros, que b&aacute;sicamente se puede satisfacer el requisito de distancia de LAN. Los usuarios pueden elegir si los elementos a utilizar en los m&oacute;dulos de fibra son de acuerdo a la demanda a fin de reducir los costos.<\/div>\n<div>\t&nbsp;<\/div>\n<div>\n<div>\t\tSoporte full-D&uacute;plex<\/div>\n<div>\t\tPlug-and-Play<\/div>\n<div>\t\tEs compatible con Pull-or-Plug con el poder en los interruptores<\/div>\n<div>\t\tPoder: el poder interno de los interruptores<\/div>\n<div>\t\tSwitches adecuados: TL-SG5428, TL-SL5428E, TL-SG3210\/3216\/3424\/3424P, TL-SL3428\/3452, TL-SG2216\/2424, TL-SL2210WEB\/2218WEB\/2428WEB\/2452WEB, TL-SL1351 y MC200L.<\/div>\n<\/div>\n<p><\/p>\n<table class=\"tabla_caracteristicas\" width=\"100%\">\n<tbody>\n<tr>\n<td valign=\"top\" width=\"35%\">\t\t\t\t<b><font face=\"Tahoma, Arial, Helvetica, sans-serif\" style=\"font-size: 11px\">Marca<\/font><\/b><\/td>\n<td valign=\"top\">\t\t\t\t<font face=\"Tahoma, Arial, Helvetica, sans-serif\" style=\"font-size: 11px\">TP-LINK<\/font><\/td>\n<\/tr>\n<tr>\n<td valign=\"top\" width=\"35%\">\t\t\t\t<b><font face=\"Tahoma, Arial, Helvetica, sans-serif\" style=\"font-size: 11px\">Modelo<\/font><\/b><\/td>\n<td valign=\"top\">\t\t\t\t<strong><font face=\"Tahoma, Arial, Helvetica, sans-serif\"><span style=\"font-size: 11px;\">SM311LM<\/span><\/font><\/strong><\/td>\n<\/tr>\n<tr>\n<td valign=\"top\">\t\t\t\t<b><small><font face=\"Tahoma, Arial, Helvetica, sans-serif\" style=\"font-size: 11px\">Caracter&iacute;sticas<\/font><\/small><\/b><\/td>\n<td valign=\"top\">\n<div>\t\t\t\t\t<font face=\"Tahoma, Arial, Helvetica, sans-serif\" style=\"font-size: 11px\">&#8211; Soporte full-D&uacute;plex <\/font><\/div>\n<div>\t\t\t\t\t<font face=\"Tahoma, Arial, Helvetica, sans-serif\" style=\"font-size: 11px\">&#8211; Plug-and-Play <\/font><\/div>\n<div>\t\t\t\t\t<font face=\"Tahoma, Arial, Helvetica, sans-serif\" style=\"font-size: 11px\">&#8211; Es compatible con Pull-or-Plug <\/font><\/div>\n<div>\t\t\t\t\t<font face=\"Tahoma, Arial, Helvetica, sans-serif\" style=\"font-size: 11px\">&#8211;&nbsp;<\/font><font face=\"Tahoma, Arial, Helvetica, sans-serif\"><span style=\"font-size: 11px;\">Switches adecuados: TL-SG5428, TL-SL5428E, TL-SG3210\/3216\/3424\/3424P, TL-SL3428\/3452, TL-SG2216\/2424, TL-SL2210WEB\/2218WEB\/2428WEB\/2452WEB, TL-SL1351 y MC200L.<\/span><\/font><\/div>\n<\/td>\n<\/tr>\n<tr>\n<td valign=\"top\">\t\t\t\t<b><small><font face=\"Tahoma, Arial, Helvetica, sans-serif\" style=\"font-size: 11px\">Especificaciones<\/font><\/small><\/b><\/td>\n<td valign=\"top\">\n<div>\t\t\t\t\t<font face=\"Tahoma, Arial, Helvetica, sans-serif\"><span style=\"font-size: 11px;\">&#8211; Est&aacute;ndares y Protocolos:&nbsp;IEEE 802.3z, CSMA\/CD, TCP\/IP<\/span><br \/>\t\t\t\t\t<span style=\"font-size: 11px;\"> &#8211; Logintud de Onda: 850nm <\/span><\/font><\/div>\n<div>\t\t\t\t\t<font face=\"Tahoma, Arial, Helvetica, sans-serif\"><span style=\"font-size: 11px;\">&#8211; suministro de energia electrica: 3,3 v <\/span><\/font><\/div>\n<div>\t\t\t\t\t<font face=\"Tahoma, Arial, Helvetica, sans-serif\"><span style=\"font-size: 11px;\">&#8211; Cable: Fibra multimodo <\/span><\/font><\/div>\n<div>\t\t\t\t\t<font face=\"Tahoma, Arial, Helvetica, sans-serif\"><span style=\"font-size: 11px;\">&#8211; Tipo de Fibra: Multimodo 50\/125um o 62,5\/125um <\/span><\/font><\/div>\n<div>\t\t\t\t\t<font face=\"Tahoma, Arial, Helvetica, sans-serif\"><span style=\"font-size: 11px;\">&#8211; Velocidad transferencia: 1,25Gbps <\/span><\/font><\/div>\n<div>\t\t\t\t\t<font face=\"Tahoma, Arial, Helvetica, sans-serif\"><span style=\"font-size: 11px;\">&#8211; Tipo de puerto: LC <\/span><\/font><\/div>\n<div>\t\t\t\t\t<font face=\"Tahoma, Arial, Helvetica, sans-serif\"><span style=\"font-size: 11px;\">&#8211; Seguridad y Emisi&oacute;n: FCC, CE <\/span><\/font><\/div>\n<div>\t\t\t\t\t<font face=\"Tahoma, Arial, Helvetica, sans-serif\"><span style=\"font-size: 11px;\">&#8211; Ambiente:&nbsp;<\/span><\/font>Temperatura de funcionamiento: 0&#8451;~70&#8451; (32&#8457;~158&#8457;)<\/div>\n<div>\t\t\t\t\tTemperatura de almacenamiento: -40&#8451;~80&#8451; (-40&#8457;~176&#8457;)<\/div>\n<div>\t\t\t\t\tHumedad de funcionamiento: 10%~90% sin condensaci&oacute;n<\/div>\n<div>\t\t\t\t\tHumedad de almacenamiento: 5%~90% sin condensaci&oacute;n<\/div>\n<div>\t\t\t\t\t&nbsp;<\/div>\n<\/td>\n<\/tr>\n<tr>\n<td valign=\"top\">\t\t\t\t<b><small><font face=\"Tahoma, Arial, Helvetica, sans-serif\" style=\"font-size: 11px\">Fecha Revisi&oacute;n<\/font><\/small><\/b><\/td>\n<td valign=\"top\">\t\t\t\t<font face=\"Tahoma, Arial, Helvetica, sans-serif\" style=\"font-size: 11px\">27-11-2013 por MIG<br \/>\t\t\t\t<\/font><\/td>\n<\/tr>\n<\/tbody>\n<\/table>\n","protected":false},"excerpt":{"rendered":"<p>La serie TL-SM311 de tarjetas m&oacute;dulo de fibra se introducen para ampliar la distancia de transferencia, que se adjunta a nuestros switches inteligentes manejadosswitches web inteligentes \/ administrables. Se puede ampliar la distancia de varios kil&oacute;metros hasta decenas de kil&oacute;metros, que b&aacute;sicamente se puede satisfacer el requisito de distancia de LAN. Los usuarios pueden elegir&hellip;&nbsp;<a href=\"https:\/\/aivlisoft.net\/shop\/producto\/tp-link-sm311lm-modulo-sfp-multi-modo-550m\/\" rel=\"bookmark\"><span class=\"screen-reader-text\">TP-LINK SM311LM Modulo SFP Multi Modo 550m<\/span><\/a><\/p>\n","protected":false},"featured_media":17659,"template":"","meta":{"neve_meta_sidebar":"","neve_meta_container":"","neve_meta_enable_content_width":"","neve_meta_content_width":0,"neve_meta_title_alignment":"","neve_meta_author_avatar":"","neve_post_elements_order":"","neve_meta_disable_header":"","neve_meta_disable_footer":"","neve_meta_disable_title":""},"product_brand":[],"product_cat":[8763],"product_tag":[6481],"class_list":{"0":"post-17658","1":"product","2":"type-product","3":"status-publish","4":"has-post-thumbnail","6":"product_cat-red-cableada","7":"product_tag-sm311lm","9":"first","10":"instock","11":"taxable","12":"shipping-taxable","13":"purchasable","14":"product-type-simple"},"yoast_head":"<!-- This site is optimized with the Yoast SEO plugin v26.0 - https:\/\/yoast.com\/wordpress\/plugins\/seo\/ -->\n<title>TP-LINK SM311LM Modulo SFP Multi Modo 550m - Aivlisoft Inform\u00e1tica<\/title>\n<meta name=\"robots\" content=\"index, follow, max-snippet:-1, max-image-preview:large, max-video-preview:-1\" \/>\n<link rel=\"canonical\" href=\"https:\/\/aivlisoft.net\/shop\/producto\/tp-link-sm311lm-modulo-sfp-multi-modo-550m\/\" \/>\n<meta property=\"og:locale\" content=\"es_ES\" \/>\n<meta property=\"og:type\" content=\"article\" \/>\n<meta property=\"og:title\" content=\"TP-LINK SM311LM Modulo SFP Multi Modo 550m - Aivlisoft Inform\u00e1tica\" \/>\n<meta property=\"og:description\" content=\"La serie TL-SM311 de tarjetas m&oacute;dulo de fibra se introducen para ampliar la distancia de transferencia, que se adjunta a nuestros switches inteligentes manejadosswitches web inteligentes \/ administrables. Se puede ampliar la distancia de varios kil&oacute;metros hasta decenas de kil&oacute;metros, que b&aacute;sicamente se puede satisfacer el requisito de distancia de LAN. Los usuarios pueden elegir&hellip;&nbsp;TP-LINK SM311LM Modulo SFP Multi Modo 550m\" \/>\n<meta property=\"og:url\" content=\"https:\/\/aivlisoft.net\/shop\/producto\/tp-link-sm311lm-modulo-sfp-multi-modo-550m\/\" \/>\n<meta property=\"og:site_name\" content=\"Aivlisoft Inform\u00e1tica\" \/>\n<meta property=\"article:modified_time\" content=\"2025-01-14T11:34:28+00:00\" \/>\n<meta property=\"og:image\" content=\"https:\/\/aivlisoft.net\/shop\/wp-content\/uploads\/2025\/01\/NADACA0059_large.jpg\" \/>\n\t<meta property=\"og:image:width\" content=\"400\" \/>\n\t<meta property=\"og:image:height\" content=\"400\" \/>\n\t<meta property=\"og:image:type\" content=\"image\/jpeg\" \/>\n<meta name=\"twitter:card\" content=\"summary_large_image\" \/>\n<meta name=\"twitter:label1\" content=\"Tiempo de lectura\" \/>\n\t<meta name=\"twitter:data1\" content=\"1 minuto\" \/>\n<script type=\"application\/ld+json\" class=\"yoast-schema-graph\">{\"@context\":\"https:\/\/schema.org\",\"@graph\":[{\"@type\":\"WebPage\",\"@id\":\"https:\/\/aivlisoft.net\/shop\/producto\/tp-link-sm311lm-modulo-sfp-multi-modo-550m\/\",\"url\":\"https:\/\/aivlisoft.net\/shop\/producto\/tp-link-sm311lm-modulo-sfp-multi-modo-550m\/\",\"name\":\"TP-LINK SM311LM Modulo SFP Multi Modo 550m - Aivlisoft Inform\u00e1tica\",\"isPartOf\":{\"@id\":\"https:\/\/aivlisoft.net\/shop\/#website\"},\"primaryImageOfPage\":{\"@id\":\"https:\/\/aivlisoft.net\/shop\/producto\/tp-link-sm311lm-modulo-sfp-multi-modo-550m\/#primaryimage\"},\"image\":{\"@id\":\"https:\/\/aivlisoft.net\/shop\/producto\/tp-link-sm311lm-modulo-sfp-multi-modo-550m\/#primaryimage\"},\"thumbnailUrl\":\"https:\/\/aivlisoft.net\/shop\/wp-content\/uploads\/2025\/01\/NADACA0059_large.jpg\",\"datePublished\":\"2025-01-13T15:14:23+00:00\",\"dateModified\":\"2025-01-14T11:34:28+00:00\",\"breadcrumb\":{\"@id\":\"https:\/\/aivlisoft.net\/shop\/producto\/tp-link-sm311lm-modulo-sfp-multi-modo-550m\/#breadcrumb\"},\"inLanguage\":\"es\",\"potentialAction\":[{\"@type\":\"ReadAction\",\"target\":[\"https:\/\/aivlisoft.net\/shop\/producto\/tp-link-sm311lm-modulo-sfp-multi-modo-550m\/\"]}]},{\"@type\":\"ImageObject\",\"inLanguage\":\"es\",\"@id\":\"https:\/\/aivlisoft.net\/shop\/producto\/tp-link-sm311lm-modulo-sfp-multi-modo-550m\/#primaryimage\",\"url\":\"https:\/\/aivlisoft.net\/shop\/wp-content\/uploads\/2025\/01\/NADACA0059_large.jpg\",\"contentUrl\":\"https:\/\/aivlisoft.net\/shop\/wp-content\/uploads\/2025\/01\/NADACA0059_large.jpg\",\"width\":400,\"height\":400},{\"@type\":\"BreadcrumbList\",\"@id\":\"https:\/\/aivlisoft.net\/shop\/producto\/tp-link-sm311lm-modulo-sfp-multi-modo-550m\/#breadcrumb\",\"itemListElement\":[{\"@type\":\"ListItem\",\"position\":1,\"name\":\"Portada\",\"item\":\"https:\/\/aivlisoft.net\/shop\/\"},{\"@type\":\"ListItem\",\"position\":2,\"name\":\"Tienda\",\"item\":\"https:\/\/aivlisoft.net\/shop\/tienda\/\"},{\"@type\":\"ListItem\",\"position\":3,\"name\":\"TP-LINK SM311LM Modulo SFP Multi Modo 550m\"}]},{\"@type\":\"WebSite\",\"@id\":\"https:\/\/aivlisoft.net\/shop\/#website\",\"url\":\"https:\/\/aivlisoft.net\/shop\/\",\"name\":\"Aivlisoft Inform\u00e1tica\",\"description\":\"En Aivlisoft Inform\u00e1tica ofrecemos soluciones tecnol\u00f3gicas para empresas: venta de ordenadores, consumibles, perif\u00e9ricos y m\u00e1s. Calidad, atenci\u00f3n personalizada y los mejores precios para tu negocio.\",\"publisher\":{\"@id\":\"https:\/\/aivlisoft.net\/shop\/#organization\"},\"potentialAction\":[{\"@type\":\"SearchAction\",\"target\":{\"@type\":\"EntryPoint\",\"urlTemplate\":\"https:\/\/aivlisoft.net\/shop\/?s={search_term_string}\"},\"query-input\":{\"@type\":\"PropertyValueSpecification\",\"valueRequired\":true,\"valueName\":\"search_term_string\"}}],\"inLanguage\":\"es\"},{\"@type\":\"Organization\",\"@id\":\"https:\/\/aivlisoft.net\/shop\/#organization\",\"name\":\"Aivlisoft Inform\u00e1tica\",\"url\":\"https:\/\/aivlisoft.net\/shop\/\",\"logo\":{\"@type\":\"ImageObject\",\"inLanguage\":\"es\",\"@id\":\"https:\/\/aivlisoft.net\/shop\/#\/schema\/logo\/image\/\",\"url\":\"https:\/\/aivlisoft.net\/shop\/wp-content\/uploads\/2024\/12\/removal.ai_5b848c54-0cdf-4140-95c5-c5536bb7573b-logodef.png\",\"contentUrl\":\"https:\/\/aivlisoft.net\/shop\/wp-content\/uploads\/2024\/12\/removal.ai_5b848c54-0cdf-4140-95c5-c5536bb7573b-logodef.png\",\"width\":484,\"height\":182,\"caption\":\"Aivlisoft Inform\u00e1tica\"},\"image\":{\"@id\":\"https:\/\/aivlisoft.net\/shop\/#\/schema\/logo\/image\/\"}}]}<\/script>\n<!-- \/ Yoast SEO plugin. -->","yoast_head_json":{"title":"TP-LINK SM311LM Modulo SFP Multi Modo 550m - Aivlisoft Inform\u00e1tica","robots":{"index":"index","follow":"follow","max-snippet":"max-snippet:-1","max-image-preview":"max-image-preview:large","max-video-preview":"max-video-preview:-1"},"canonical":"https:\/\/aivlisoft.net\/shop\/producto\/tp-link-sm311lm-modulo-sfp-multi-modo-550m\/","og_locale":"es_ES","og_type":"article","og_title":"TP-LINK SM311LM Modulo SFP Multi Modo 550m - Aivlisoft Inform\u00e1tica","og_description":"La serie TL-SM311 de tarjetas m&oacute;dulo de fibra se introducen para ampliar la distancia de transferencia, que se adjunta a nuestros switches inteligentes manejadosswitches web inteligentes \/ administrables. Se puede ampliar la distancia de varios kil&oacute;metros hasta decenas de kil&oacute;metros, que b&aacute;sicamente se puede satisfacer el requisito de distancia de LAN. Los usuarios pueden elegir&hellip;&nbsp;TP-LINK SM311LM Modulo SFP Multi Modo 550m","og_url":"https:\/\/aivlisoft.net\/shop\/producto\/tp-link-sm311lm-modulo-sfp-multi-modo-550m\/","og_site_name":"Aivlisoft Inform\u00e1tica","article_modified_time":"2025-01-14T11:34:28+00:00","og_image":[{"width":400,"height":400,"url":"https:\/\/aivlisoft.net\/shop\/wp-content\/uploads\/2025\/01\/NADACA0059_large.jpg","type":"image\/jpeg"}],"twitter_card":"summary_large_image","twitter_misc":{"Tiempo de lectura":"1 minuto"},"schema":{"@context":"https:\/\/schema.org","@graph":[{"@type":"WebPage","@id":"https:\/\/aivlisoft.net\/shop\/producto\/tp-link-sm311lm-modulo-sfp-multi-modo-550m\/","url":"https:\/\/aivlisoft.net\/shop\/producto\/tp-link-sm311lm-modulo-sfp-multi-modo-550m\/","name":"TP-LINK SM311LM Modulo SFP Multi Modo 550m - Aivlisoft Inform\u00e1tica","isPartOf":{"@id":"https:\/\/aivlisoft.net\/shop\/#website"},"primaryImageOfPage":{"@id":"https:\/\/aivlisoft.net\/shop\/producto\/tp-link-sm311lm-modulo-sfp-multi-modo-550m\/#primaryimage"},"image":{"@id":"https:\/\/aivlisoft.net\/shop\/producto\/tp-link-sm311lm-modulo-sfp-multi-modo-550m\/#primaryimage"},"thumbnailUrl":"https:\/\/aivlisoft.net\/shop\/wp-content\/uploads\/2025\/01\/NADACA0059_large.jpg","datePublished":"2025-01-13T15:14:23+00:00","dateModified":"2025-01-14T11:34:28+00:00","breadcrumb":{"@id":"https:\/\/aivlisoft.net\/shop\/producto\/tp-link-sm311lm-modulo-sfp-multi-modo-550m\/#breadcrumb"},"inLanguage":"es","potentialAction":[{"@type":"ReadAction","target":["https:\/\/aivlisoft.net\/shop\/producto\/tp-link-sm311lm-modulo-sfp-multi-modo-550m\/"]}]},{"@type":"ImageObject","inLanguage":"es","@id":"https:\/\/aivlisoft.net\/shop\/producto\/tp-link-sm311lm-modulo-sfp-multi-modo-550m\/#primaryimage","url":"https:\/\/aivlisoft.net\/shop\/wp-content\/uploads\/2025\/01\/NADACA0059_large.jpg","contentUrl":"https:\/\/aivlisoft.net\/shop\/wp-content\/uploads\/2025\/01\/NADACA0059_large.jpg","width":400,"height":400},{"@type":"BreadcrumbList","@id":"https:\/\/aivlisoft.net\/shop\/producto\/tp-link-sm311lm-modulo-sfp-multi-modo-550m\/#breadcrumb","itemListElement":[{"@type":"ListItem","position":1,"name":"Portada","item":"https:\/\/aivlisoft.net\/shop\/"},{"@type":"ListItem","position":2,"name":"Tienda","item":"https:\/\/aivlisoft.net\/shop\/tienda\/"},{"@type":"ListItem","position":3,"name":"TP-LINK SM311LM Modulo SFP Multi Modo 550m"}]},{"@type":"WebSite","@id":"https:\/\/aivlisoft.net\/shop\/#website","url":"https:\/\/aivlisoft.net\/shop\/","name":"Aivlisoft Inform\u00e1tica","description":"En Aivlisoft Inform\u00e1tica ofrecemos soluciones tecnol\u00f3gicas para empresas: venta de ordenadores, consumibles, perif\u00e9ricos y m\u00e1s. Calidad, atenci\u00f3n personalizada y los mejores precios para tu negocio.","publisher":{"@id":"https:\/\/aivlisoft.net\/shop\/#organization"},"potentialAction":[{"@type":"SearchAction","target":{"@type":"EntryPoint","urlTemplate":"https:\/\/aivlisoft.net\/shop\/?s={search_term_string}"},"query-input":{"@type":"PropertyValueSpecification","valueRequired":true,"valueName":"search_term_string"}}],"inLanguage":"es"},{"@type":"Organization","@id":"https:\/\/aivlisoft.net\/shop\/#organization","name":"Aivlisoft Inform\u00e1tica","url":"https:\/\/aivlisoft.net\/shop\/","logo":{"@type":"ImageObject","inLanguage":"es","@id":"https:\/\/aivlisoft.net\/shop\/#\/schema\/logo\/image\/","url":"https:\/\/aivlisoft.net\/shop\/wp-content\/uploads\/2024\/12\/removal.ai_5b848c54-0cdf-4140-95c5-c5536bb7573b-logodef.png","contentUrl":"https:\/\/aivlisoft.net\/shop\/wp-content\/uploads\/2024\/12\/removal.ai_5b848c54-0cdf-4140-95c5-c5536bb7573b-logodef.png","width":484,"height":182,"caption":"Aivlisoft Inform\u00e1tica"},"image":{"@id":"https:\/\/aivlisoft.net\/shop\/#\/schema\/logo\/image\/"}}]}},"_links":{"self":[{"href":"https:\/\/aivlisoft.net\/shop\/wp-json\/wp\/v2\/product\/17658","targetHints":{"allow":["GET"]}}],"collection":[{"href":"https:\/\/aivlisoft.net\/shop\/wp-json\/wp\/v2\/product"}],"about":[{"href":"https:\/\/aivlisoft.net\/shop\/wp-json\/wp\/v2\/types\/product"}],"wp:featuredmedia":[{"embeddable":true,"href":"https:\/\/aivlisoft.net\/shop\/wp-json\/wp\/v2\/media\/17659"}],"wp:attachment":[{"href":"https:\/\/aivlisoft.net\/shop\/wp-json\/wp\/v2\/media?parent=17658"}],"wp:term":[{"taxonomy":"product_brand","embeddable":true,"href":"https:\/\/aivlisoft.net\/shop\/wp-json\/wp\/v2\/product_brand?post=17658"},{"taxonomy":"product_cat","embeddable":true,"href":"https:\/\/aivlisoft.net\/shop\/wp-json\/wp\/v2\/product_cat?post=17658"},{"taxonomy":"product_tag","embeddable":true,"href":"https:\/\/aivlisoft.net\/shop\/wp-json\/wp\/v2\/product_tag?post=17658"}],"curies":[{"name":"wp","href":"https:\/\/api.w.org\/{rel}","templated":true}]}}