{"id":17649,"date":"2025-01-13T15:14:18","date_gmt":"2025-01-13T15:14:18","guid":{"rendered":"https:\/\/aivlisoft.com\/?post_type=product&#038;p=17649"},"modified":"2025-01-14T11:34:25","modified_gmt":"2025-01-14T11:34:25","slug":"d-link-dem-310gt-modulo-sfp-mono-modo-10km","status":"publish","type":"product","link":"https:\/\/aivlisoft.net\/shop\/producto\/d-link-dem-310gt-modulo-sfp-mono-modo-10km\/","title":{"rendered":"D-Link DEM-310GT Modulo SFP Mono Modo 10Km"},"content":{"rendered":"<div>\tM&oacute;dulo Mini-GBIC 1 Puerto LC 1000BaseLX Monomodo 33V hasta 10 km<\/div>\n<p><\/p>\n<table class=\"tabla_caracteristicas\" width=\"100%\">\n<tbody>\n<tr>\n<td valign=\"top\" width=\"35%\">\t\t\t\t<b><font face=\"Tahoma, Arial, Helvetica, sans-serif\" style=\"font-size: 11px\">Marca<\/font><\/b><\/td>\n<td valign=\"top\">\t\t\t\t<font face=\"Tahoma, Arial, Helvetica, sans-serif\" style=\"font-size: 11px\">D-Link<\/font><\/td>\n<\/tr>\n<tr>\n<td valign=\"top\" width=\"35%\">\t\t\t\t<b><font face=\"Tahoma, Arial, Helvetica, sans-serif\" style=\"font-size: 11px\">Modelo<\/font><\/b><\/td>\n<td valign=\"top\">\t\t\t\t<strong><font face=\"Tahoma, Arial, Helvetica, sans-serif\" style=\"font-size: 11px\">DEM-310GT<\/font><\/strong><\/td>\n<\/tr>\n<tr>\n<td valign=\"top\">\t\t\t\t<b><small><font face=\"Tahoma, Arial, Helvetica, sans-serif\" style=\"font-size: 11px\">Tipo<\/font><\/small><\/b><\/td>\n<td valign=\"top\">\n<div>\t\t\t\t\t<strong><font face=\"Tahoma, Arial, Helvetica, sans-serif\" style=\"font-size: 11px\">Transceptor de fibra<\/font><\/strong><\/div>\n<\/td>\n<\/tr>\n<tr>\n<td valign=\"top\">\t\t\t\t<b><small><font face=\"Tahoma, Arial, Helvetica, sans-serif\" style=\"font-size: 11px\">Conexiones<\/font><\/small><\/b><\/td>\n<td valign=\"top\">\n<div>\t\t\t\t\t<strong><font face=\"Tahoma, Arial, Helvetica, sans-serif\" style=\"font-size: 11px\">&#8211; 1000 Base-LX port<\/font><\/strong><\/div>\n<div>\t\t\t\t\t<strong><font face=\"Tahoma, Arial, Helvetica, sans-serif\" style=\"font-size: 11px\">&#8211; Conector LC Duplex<\/font><\/strong><\/div>\n<\/td>\n<\/tr>\n<tr>\n<td valign=\"top\" width=\"35%\">\t\t\t\t<b><font face=\"Tahoma, Arial, Helvetica, sans-serif\" style=\"font-size: 11px\">Normativas<\/font><\/b><\/td>\n<td valign=\"top\">\n<div>\t\t\t\t\t<font face=\"Tahoma, Arial, Helvetica, sans-serif\" style=\"font-size: 11px\">&#8211; IEEE 802.3z<br \/>\t\t\t\t\t<\/font><\/div>\n<div>\t\t\t\t\t<font face=\"Tahoma, Arial, Helvetica, sans-serif\" style=\"font-size: 11px\">&#8211; IEEE 802.3x para el control de flujo<\/font><\/div>\n<\/td>\n<\/tr>\n<tr>\n<td valign=\"top\" width=\"35%\">\t\t\t\t<b><font face=\"Tahoma, Arial, Helvetica, sans-serif\" style=\"font-size: 11px\">Tipo de fibra<br \/>\t\t\t\t<\/font><\/b><\/td>\n<td valign=\"top\">\n<div>\t\t\t\t\t<font face=\"Tahoma, Arial, Helvetica, sans-serif\" style=\"font-size: 11px\">&#8211; 9 um single mode hasta 10 KM<br \/>\t\t\t\t\t<\/font><\/div>\n<\/td>\n<\/tr>\n<tr>\n<td valign=\"top\">\t\t\t\t<b><font face=\"Tahoma, Arial, Helvetica, sans-serif\" style=\"font-size: 11px\">Otras Caracter&iacute;sticas<\/font><\/b><\/td>\n<td valign=\"top\">\n<div>\t\t\t\t\t<font face=\"Tahoma, Arial, Helvetica, sans-serif\" style=\"font-size: 11px\">Longitud de la onda: 1310nm<br \/>\t\t\t\t\tConsumo<\/font><font face=\"Tahoma, Arial, Helvetica, sans-serif\" style=\"font-size: 11px\">: 3.3V<br \/>\t\t\t\t\t<\/font><\/div>\n<div>\t\t\t\t\t<font face=\"Tahoma, Arial, Helvetica, sans-serif\" style=\"font-size: 11px\">Conexi&oacute;n en caliente (Hot plugabble)<\/font><\/div>\n<div>\t\t\t\t\t<font face=\"Tahoma, Arial, Helvetica, sans-serif\" style=\"font-size: 11px\">Incorpora un laser de clase 1<\/font><\/div>\n<div>\n<div>\t\t\t\t\t\t<font face=\"Tahoma, Arial, Helvetica, sans-serif\" style=\"font-size: 11px\">Indicador de se&ntilde;al TTL<\/font><\/div>\n<\/p><\/div>\n<div>\t\t\t\t\t<font face=\"Tahoma, Arial, Helvetica, sans-serif\" style=\"font-size: 11px\">Cuerpo de metal<\/font><font face=\"Tahoma, Arial, Helvetica, sans-serif\" style=\"font-size: 11px\"><br \/>\t\t\t\t\t<\/font><\/div>\n<\/td>\n<\/tr>\n<tr>\n<td valign=\"top\">\t\t\t\t<b><small><font face=\"Tahoma, Arial, Helvetica, sans-serif\" style=\"font-size: 11px\">Fecha Revisi&oacute;n<\/font><\/small><\/b><\/td>\n<td valign=\"top\">\t\t\t\t<font face=\"Tahoma, Arial, Helvetica, sans-serif\" style=\"font-size: 11px\">17-04-2013 por J4V<br \/>\t\t\t\t<\/font><\/td>\n<\/tr>\n<\/tbody>\n<\/table>\n","protected":false},"excerpt":{"rendered":"<p>M&oacute;dulo Mini-GBIC 1 Puerto LC 1000BaseLX Monomodo 33V hasta 10 km Marca D-Link Modelo DEM-310GT Tipo Transceptor de fibra Conexiones &#8211; 1000 Base-LX port &#8211; Conector LC Duplex Normativas &#8211; IEEE 802.3z &#8211; IEEE 802.3x para el control de flujo Tipo de fibra &#8211; 9 um single mode hasta 10 KM Otras Caracter&iacute;sticas Longitud de&hellip;&nbsp;<a href=\"https:\/\/aivlisoft.net\/shop\/producto\/d-link-dem-310gt-modulo-sfp-mono-modo-10km\/\" rel=\"bookmark\"><span class=\"screen-reader-text\">D-Link DEM-310GT Modulo SFP Mono Modo 10Km<\/span><\/a><\/p>\n","protected":false},"featured_media":17650,"template":"","meta":{"neve_meta_sidebar":"","neve_meta_container":"","neve_meta_enable_content_width":"","neve_meta_content_width":0,"neve_meta_title_alignment":"","neve_meta_author_avatar":"","neve_post_elements_order":"","neve_meta_disable_header":"","neve_meta_disable_footer":"","neve_meta_disable_title":""},"product_brand":[],"product_cat":[8763],"product_tag":[6478],"class_list":{"0":"post-17649","1":"product","2":"type-product","3":"status-publish","4":"has-post-thumbnail","6":"product_cat-red-cableada","7":"product_tag-dem-310gt","9":"first","10":"instock","11":"taxable","12":"shipping-taxable","13":"purchasable","14":"product-type-simple"},"yoast_head":"<!-- This site is optimized with the Yoast SEO plugin v26.0 - https:\/\/yoast.com\/wordpress\/plugins\/seo\/ -->\n<title>D-Link DEM-310GT Modulo SFP Mono Modo 10Km - Aivlisoft Inform\u00e1tica<\/title>\n<meta name=\"robots\" content=\"index, follow, max-snippet:-1, max-image-preview:large, max-video-preview:-1\" \/>\n<link rel=\"canonical\" href=\"https:\/\/aivlisoft.net\/shop\/producto\/d-link-dem-310gt-modulo-sfp-mono-modo-10km\/\" \/>\n<meta property=\"og:locale\" content=\"es_ES\" \/>\n<meta property=\"og:type\" content=\"article\" \/>\n<meta property=\"og:title\" content=\"D-Link DEM-310GT Modulo SFP Mono Modo 10Km - Aivlisoft Inform\u00e1tica\" \/>\n<meta property=\"og:description\" content=\"M&oacute;dulo Mini-GBIC 1 Puerto LC 1000BaseLX Monomodo 33V hasta 10 km Marca D-Link Modelo DEM-310GT Tipo Transceptor de fibra Conexiones &#8211; 1000 Base-LX port &#8211; Conector LC Duplex Normativas &#8211; IEEE 802.3z &#8211; IEEE 802.3x para el control de flujo Tipo de fibra &#8211; 9 um single mode hasta 10 KM Otras Caracter&iacute;sticas Longitud de&hellip;&nbsp;D-Link DEM-310GT Modulo SFP Mono Modo 10Km\" \/>\n<meta property=\"og:url\" content=\"https:\/\/aivlisoft.net\/shop\/producto\/d-link-dem-310gt-modulo-sfp-mono-modo-10km\/\" \/>\n<meta property=\"og:site_name\" content=\"Aivlisoft Inform\u00e1tica\" \/>\n<meta property=\"article:modified_time\" content=\"2025-01-14T11:34:25+00:00\" \/>\n<meta property=\"og:image\" content=\"https:\/\/aivlisoft.net\/shop\/wp-content\/uploads\/2025\/01\/NADACA0050_800.jpg\" \/>\n\t<meta property=\"og:image:width\" content=\"800\" \/>\n\t<meta property=\"og:image:height\" content=\"800\" \/>\n\t<meta property=\"og:image:type\" content=\"image\/jpeg\" \/>\n<meta name=\"twitter:card\" content=\"summary_large_image\" \/>\n<script type=\"application\/ld+json\" class=\"yoast-schema-graph\">{\"@context\":\"https:\/\/schema.org\",\"@graph\":[{\"@type\":\"WebPage\",\"@id\":\"https:\/\/aivlisoft.net\/shop\/producto\/d-link-dem-310gt-modulo-sfp-mono-modo-10km\/\",\"url\":\"https:\/\/aivlisoft.net\/shop\/producto\/d-link-dem-310gt-modulo-sfp-mono-modo-10km\/\",\"name\":\"D-Link DEM-310GT Modulo SFP Mono Modo 10Km - Aivlisoft Inform\u00e1tica\",\"isPartOf\":{\"@id\":\"https:\/\/aivlisoft.net\/shop\/#website\"},\"primaryImageOfPage\":{\"@id\":\"https:\/\/aivlisoft.net\/shop\/producto\/d-link-dem-310gt-modulo-sfp-mono-modo-10km\/#primaryimage\"},\"image\":{\"@id\":\"https:\/\/aivlisoft.net\/shop\/producto\/d-link-dem-310gt-modulo-sfp-mono-modo-10km\/#primaryimage\"},\"thumbnailUrl\":\"https:\/\/aivlisoft.net\/shop\/wp-content\/uploads\/2025\/01\/NADACA0050_800.jpg\",\"datePublished\":\"2025-01-13T15:14:18+00:00\",\"dateModified\":\"2025-01-14T11:34:25+00:00\",\"breadcrumb\":{\"@id\":\"https:\/\/aivlisoft.net\/shop\/producto\/d-link-dem-310gt-modulo-sfp-mono-modo-10km\/#breadcrumb\"},\"inLanguage\":\"es\",\"potentialAction\":[{\"@type\":\"ReadAction\",\"target\":[\"https:\/\/aivlisoft.net\/shop\/producto\/d-link-dem-310gt-modulo-sfp-mono-modo-10km\/\"]}]},{\"@type\":\"ImageObject\",\"inLanguage\":\"es\",\"@id\":\"https:\/\/aivlisoft.net\/shop\/producto\/d-link-dem-310gt-modulo-sfp-mono-modo-10km\/#primaryimage\",\"url\":\"https:\/\/aivlisoft.net\/shop\/wp-content\/uploads\/2025\/01\/NADACA0050_800.jpg\",\"contentUrl\":\"https:\/\/aivlisoft.net\/shop\/wp-content\/uploads\/2025\/01\/NADACA0050_800.jpg\",\"width\":800,\"height\":800},{\"@type\":\"BreadcrumbList\",\"@id\":\"https:\/\/aivlisoft.net\/shop\/producto\/d-link-dem-310gt-modulo-sfp-mono-modo-10km\/#breadcrumb\",\"itemListElement\":[{\"@type\":\"ListItem\",\"position\":1,\"name\":\"Portada\",\"item\":\"https:\/\/aivlisoft.net\/shop\/\"},{\"@type\":\"ListItem\",\"position\":2,\"name\":\"Tienda\",\"item\":\"https:\/\/aivlisoft.net\/shop\/tienda\/\"},{\"@type\":\"ListItem\",\"position\":3,\"name\":\"D-Link DEM-310GT Modulo SFP Mono Modo 10Km\"}]},{\"@type\":\"WebSite\",\"@id\":\"https:\/\/aivlisoft.net\/shop\/#website\",\"url\":\"https:\/\/aivlisoft.net\/shop\/\",\"name\":\"Aivlisoft Inform\u00e1tica\",\"description\":\"En Aivlisoft Inform\u00e1tica ofrecemos soluciones tecnol\u00f3gicas para empresas: venta de ordenadores, consumibles, perif\u00e9ricos y m\u00e1s. Calidad, atenci\u00f3n personalizada y los mejores precios para tu negocio.\",\"publisher\":{\"@id\":\"https:\/\/aivlisoft.net\/shop\/#organization\"},\"potentialAction\":[{\"@type\":\"SearchAction\",\"target\":{\"@type\":\"EntryPoint\",\"urlTemplate\":\"https:\/\/aivlisoft.net\/shop\/?s={search_term_string}\"},\"query-input\":{\"@type\":\"PropertyValueSpecification\",\"valueRequired\":true,\"valueName\":\"search_term_string\"}}],\"inLanguage\":\"es\"},{\"@type\":\"Organization\",\"@id\":\"https:\/\/aivlisoft.net\/shop\/#organization\",\"name\":\"Aivlisoft Inform\u00e1tica\",\"url\":\"https:\/\/aivlisoft.net\/shop\/\",\"logo\":{\"@type\":\"ImageObject\",\"inLanguage\":\"es\",\"@id\":\"https:\/\/aivlisoft.net\/shop\/#\/schema\/logo\/image\/\",\"url\":\"https:\/\/aivlisoft.net\/shop\/wp-content\/uploads\/2024\/12\/removal.ai_5b848c54-0cdf-4140-95c5-c5536bb7573b-logodef.png\",\"contentUrl\":\"https:\/\/aivlisoft.net\/shop\/wp-content\/uploads\/2024\/12\/removal.ai_5b848c54-0cdf-4140-95c5-c5536bb7573b-logodef.png\",\"width\":484,\"height\":182,\"caption\":\"Aivlisoft Inform\u00e1tica\"},\"image\":{\"@id\":\"https:\/\/aivlisoft.net\/shop\/#\/schema\/logo\/image\/\"}}]}<\/script>\n<!-- \/ Yoast SEO plugin. -->","yoast_head_json":{"title":"D-Link DEM-310GT Modulo SFP Mono Modo 10Km - Aivlisoft Inform\u00e1tica","robots":{"index":"index","follow":"follow","max-snippet":"max-snippet:-1","max-image-preview":"max-image-preview:large","max-video-preview":"max-video-preview:-1"},"canonical":"https:\/\/aivlisoft.net\/shop\/producto\/d-link-dem-310gt-modulo-sfp-mono-modo-10km\/","og_locale":"es_ES","og_type":"article","og_title":"D-Link DEM-310GT Modulo SFP Mono Modo 10Km - Aivlisoft Inform\u00e1tica","og_description":"M&oacute;dulo Mini-GBIC 1 Puerto LC 1000BaseLX Monomodo 33V hasta 10 km Marca D-Link Modelo DEM-310GT Tipo Transceptor de fibra Conexiones &#8211; 1000 Base-LX port &#8211; Conector LC Duplex Normativas &#8211; IEEE 802.3z &#8211; IEEE 802.3x para el control de flujo Tipo de fibra &#8211; 9 um single mode hasta 10 KM Otras Caracter&iacute;sticas Longitud de&hellip;&nbsp;D-Link DEM-310GT Modulo SFP Mono Modo 10Km","og_url":"https:\/\/aivlisoft.net\/shop\/producto\/d-link-dem-310gt-modulo-sfp-mono-modo-10km\/","og_site_name":"Aivlisoft Inform\u00e1tica","article_modified_time":"2025-01-14T11:34:25+00:00","og_image":[{"width":800,"height":800,"url":"https:\/\/aivlisoft.net\/shop\/wp-content\/uploads\/2025\/01\/NADACA0050_800.jpg","type":"image\/jpeg"}],"twitter_card":"summary_large_image","schema":{"@context":"https:\/\/schema.org","@graph":[{"@type":"WebPage","@id":"https:\/\/aivlisoft.net\/shop\/producto\/d-link-dem-310gt-modulo-sfp-mono-modo-10km\/","url":"https:\/\/aivlisoft.net\/shop\/producto\/d-link-dem-310gt-modulo-sfp-mono-modo-10km\/","name":"D-Link DEM-310GT Modulo SFP Mono Modo 10Km - Aivlisoft Inform\u00e1tica","isPartOf":{"@id":"https:\/\/aivlisoft.net\/shop\/#website"},"primaryImageOfPage":{"@id":"https:\/\/aivlisoft.net\/shop\/producto\/d-link-dem-310gt-modulo-sfp-mono-modo-10km\/#primaryimage"},"image":{"@id":"https:\/\/aivlisoft.net\/shop\/producto\/d-link-dem-310gt-modulo-sfp-mono-modo-10km\/#primaryimage"},"thumbnailUrl":"https:\/\/aivlisoft.net\/shop\/wp-content\/uploads\/2025\/01\/NADACA0050_800.jpg","datePublished":"2025-01-13T15:14:18+00:00","dateModified":"2025-01-14T11:34:25+00:00","breadcrumb":{"@id":"https:\/\/aivlisoft.net\/shop\/producto\/d-link-dem-310gt-modulo-sfp-mono-modo-10km\/#breadcrumb"},"inLanguage":"es","potentialAction":[{"@type":"ReadAction","target":["https:\/\/aivlisoft.net\/shop\/producto\/d-link-dem-310gt-modulo-sfp-mono-modo-10km\/"]}]},{"@type":"ImageObject","inLanguage":"es","@id":"https:\/\/aivlisoft.net\/shop\/producto\/d-link-dem-310gt-modulo-sfp-mono-modo-10km\/#primaryimage","url":"https:\/\/aivlisoft.net\/shop\/wp-content\/uploads\/2025\/01\/NADACA0050_800.jpg","contentUrl":"https:\/\/aivlisoft.net\/shop\/wp-content\/uploads\/2025\/01\/NADACA0050_800.jpg","width":800,"height":800},{"@type":"BreadcrumbList","@id":"https:\/\/aivlisoft.net\/shop\/producto\/d-link-dem-310gt-modulo-sfp-mono-modo-10km\/#breadcrumb","itemListElement":[{"@type":"ListItem","position":1,"name":"Portada","item":"https:\/\/aivlisoft.net\/shop\/"},{"@type":"ListItem","position":2,"name":"Tienda","item":"https:\/\/aivlisoft.net\/shop\/tienda\/"},{"@type":"ListItem","position":3,"name":"D-Link DEM-310GT Modulo SFP Mono Modo 10Km"}]},{"@type":"WebSite","@id":"https:\/\/aivlisoft.net\/shop\/#website","url":"https:\/\/aivlisoft.net\/shop\/","name":"Aivlisoft Inform\u00e1tica","description":"En Aivlisoft Inform\u00e1tica ofrecemos soluciones tecnol\u00f3gicas para empresas: venta de ordenadores, consumibles, perif\u00e9ricos y m\u00e1s. Calidad, atenci\u00f3n personalizada y los mejores precios para tu negocio.","publisher":{"@id":"https:\/\/aivlisoft.net\/shop\/#organization"},"potentialAction":[{"@type":"SearchAction","target":{"@type":"EntryPoint","urlTemplate":"https:\/\/aivlisoft.net\/shop\/?s={search_term_string}"},"query-input":{"@type":"PropertyValueSpecification","valueRequired":true,"valueName":"search_term_string"}}],"inLanguage":"es"},{"@type":"Organization","@id":"https:\/\/aivlisoft.net\/shop\/#organization","name":"Aivlisoft Inform\u00e1tica","url":"https:\/\/aivlisoft.net\/shop\/","logo":{"@type":"ImageObject","inLanguage":"es","@id":"https:\/\/aivlisoft.net\/shop\/#\/schema\/logo\/image\/","url":"https:\/\/aivlisoft.net\/shop\/wp-content\/uploads\/2024\/12\/removal.ai_5b848c54-0cdf-4140-95c5-c5536bb7573b-logodef.png","contentUrl":"https:\/\/aivlisoft.net\/shop\/wp-content\/uploads\/2024\/12\/removal.ai_5b848c54-0cdf-4140-95c5-c5536bb7573b-logodef.png","width":484,"height":182,"caption":"Aivlisoft Inform\u00e1tica"},"image":{"@id":"https:\/\/aivlisoft.net\/shop\/#\/schema\/logo\/image\/"}}]}},"_links":{"self":[{"href":"https:\/\/aivlisoft.net\/shop\/wp-json\/wp\/v2\/product\/17649","targetHints":{"allow":["GET"]}}],"collection":[{"href":"https:\/\/aivlisoft.net\/shop\/wp-json\/wp\/v2\/product"}],"about":[{"href":"https:\/\/aivlisoft.net\/shop\/wp-json\/wp\/v2\/types\/product"}],"wp:featuredmedia":[{"embeddable":true,"href":"https:\/\/aivlisoft.net\/shop\/wp-json\/wp\/v2\/media\/17650"}],"wp:attachment":[{"href":"https:\/\/aivlisoft.net\/shop\/wp-json\/wp\/v2\/media?parent=17649"}],"wp:term":[{"taxonomy":"product_brand","embeddable":true,"href":"https:\/\/aivlisoft.net\/shop\/wp-json\/wp\/v2\/product_brand?post=17649"},{"taxonomy":"product_cat","embeddable":true,"href":"https:\/\/aivlisoft.net\/shop\/wp-json\/wp\/v2\/product_cat?post=17649"},{"taxonomy":"product_tag","embeddable":true,"href":"https:\/\/aivlisoft.net\/shop\/wp-json\/wp\/v2\/product_tag?post=17649"}],"curies":[{"name":"wp","href":"https:\/\/api.w.org\/{rel}","templated":true}]}}