{"id":17640,"date":"2025-01-13T15:14:11","date_gmt":"2025-01-13T15:14:11","guid":{"rendered":"https:\/\/aivlisoft.com\/?post_type=product&#038;p=17640"},"modified":"2025-01-14T11:34:20","modified_gmt":"2025-01-14T11:34:20","slug":"tp-link-tg-3468-tarjeta-red-gigabit-pci-e","status":"publish","type":"product","link":"https:\/\/aivlisoft.net\/shop\/producto\/tp-link-tg-3468-tarjeta-red-gigabit-pci-e\/","title":{"rendered":"TP-LINK TG-3468 Tarjeta Red Gigabit PCI-E"},"content":{"rendered":"<p><strong>Adaptador de red Gigabit PCI Express<\/strong><br \/>&#8211; Adaptador PCIe a 10\/100\/1000 Mbps<br \/>&#8211; Interface PCIe de 32 bits: ahorro de espacio en interior del equipo<br \/>&#8211; Funci&oacute;n Wake-on-LAN, gesti&oacute;n remota a trav&eacute;s de la red local<\/p>\n<table class=\"tabla_caracteristicas k-table\" width=\"100%\">\n<tbody>\n<tr>\n<td><strong>Marca<\/strong><\/td>\n<td>TP-Link<\/td>\n<\/tr>\n<tr>\n<td><strong>Modelo<\/strong><\/td>\n<td><strong>TG-3468<\/strong><\/td>\n<\/tr>\n<tr>\n<td><strong>Caracter&iacute;sticas hardware<\/strong><\/td>\n<td>&#8211; Est&aacute;ndares y Protocolos: IEEE 802.3, 802.3u, 802.3ab, 802.3x, 802.1Q, 802.1p CSMA \/ CD, TCP \/ IP<br \/>&#8211; Interfaz:<br \/>&nbsp; PCI Express de 32 bits<br \/>&nbsp; 1 puerto RJ45 a 10\/100\/1000 Mbps<br \/>&#8211; Medios de Red:<br \/>&nbsp; 10BASE-T: cable UTP categor&iacute;a 3, 4, 5 (100 metros m&aacute;ximo)<br \/>&nbsp; EIA\/TIA-568 100&Omega; STP (m&aacute;ximo 100 m)<br \/>&nbsp; 100BASE-TX: cable UTP categor&iacute;as 5, 5e (m&aacute;ximo 100 metros)<br \/>&nbsp; EIA\/TIA-568 100&Omega; STP (m&aacute;ximo 100 m)<br \/>&nbsp; 1000Base-T: cables UTP categor&iacute;a 5, 5e (m&aacute;ximo 100 metros)<br \/>&#8211; LED: Status<br \/>&#8211; Est&aacute;ndares Inal&aacute;mbricos: IEEE802.3, IEEE802.3u, IEEE802.3ab, IEEE802.3x<br \/>&#8211; Tasa de Transferencia:<br \/>&nbsp; 10\/100\/1000Mbps for Half-Duplex mode,<br \/>&nbsp; 20\/200\/2000Mbps for Full-Duplex mode<br \/>&#8211; Indicador de LED: 1000 Mbps estado de enlace\/actividad, 100 Mbps enlace\/actividad, 10 Mbps enlace\/actividad<br \/>&#8211; Dimensions: 3.1 &times; 4.8 &times; 0.8 in (78.5 &times; 120.8 &times; 21.5mm)<br \/>&#8211; Control De Flujo: Control de flujo IEEE 802.3x (Full-Duplex)<\/td>\n<\/tr>\n<tr>\n<td><strong>Otras caracter&iacute;sticas<\/strong><\/td>\n<td>&#8211; Certificaciones: CE, FCC, RoHS<br \/>&#8211; Requisitos del sistema: Windows 7 (32\/64 bits), Windows Vista (32\/64 bits), Windows XP (32\/64 bits)<br \/><strong>Contenido<\/strong><br \/>&#8211; Adaptador de red Gigabit PCI Express TG-3468<br \/>&#8211; CD de utilidades<br \/>&#8211; Gu&iacute;a r&aacute;pida de instalaci&oacute;n<\/td>\n<\/tr>\n<tr>\n<td><strong>Fecha de revisi&oacute;n<\/strong><\/td>\n<td>17-12-2020 por MSB<\/td>\n<\/tr>\n<\/tbody>\n<\/table>\n","protected":false},"excerpt":{"rendered":"<p>Adaptador de red Gigabit PCI Express&#8211; Adaptador PCIe a 10\/100\/1000 Mbps&#8211; Interface PCIe de 32 bits: ahorro de espacio en interior del equipo&#8211; Funci&oacute;n Wake-on-LAN, gesti&oacute;n remota a trav&eacute;s de la red local Marca TP-Link Modelo TG-3468 Caracter&iacute;sticas hardware &#8211; Est&aacute;ndares y Protocolos: IEEE 802.3, 802.3u, 802.3ab, 802.3x, 802.1Q, 802.1p CSMA \/ CD, TCP \/&hellip;&nbsp;<a href=\"https:\/\/aivlisoft.net\/shop\/producto\/tp-link-tg-3468-tarjeta-red-gigabit-pci-e\/\" rel=\"bookmark\"><span class=\"screen-reader-text\">TP-LINK TG-3468 Tarjeta Red Gigabit PCI-E<\/span><\/a><\/p>\n","protected":false},"featured_media":17641,"template":"","meta":{"neve_meta_sidebar":"","neve_meta_container":"","neve_meta_enable_content_width":"","neve_meta_content_width":0,"neve_meta_title_alignment":"","neve_meta_author_avatar":"","neve_post_elements_order":"","neve_meta_disable_header":"","neve_meta_disable_footer":"","neve_meta_disable_title":""},"product_brand":[],"product_cat":[8763],"product_tag":[6474],"class_list":{"0":"post-17640","1":"product","2":"type-product","3":"status-publish","4":"has-post-thumbnail","6":"product_cat-red-cableada","7":"product_tag-tg-3468","9":"first","10":"instock","11":"taxable","12":"shipping-taxable","13":"purchasable","14":"product-type-simple"},"yoast_head":"<!-- This site is optimized with the Yoast SEO plugin v26.0 - https:\/\/yoast.com\/wordpress\/plugins\/seo\/ -->\n<title>TP-LINK TG-3468 Tarjeta Red Gigabit PCI-E - Aivlisoft Inform\u00e1tica<\/title>\n<meta name=\"robots\" content=\"index, follow, max-snippet:-1, max-image-preview:large, max-video-preview:-1\" \/>\n<link rel=\"canonical\" href=\"https:\/\/aivlisoft.net\/shop\/producto\/tp-link-tg-3468-tarjeta-red-gigabit-pci-e\/\" \/>\n<meta property=\"og:locale\" content=\"es_ES\" \/>\n<meta property=\"og:type\" content=\"article\" \/>\n<meta property=\"og:title\" content=\"TP-LINK TG-3468 Tarjeta Red Gigabit PCI-E - Aivlisoft Inform\u00e1tica\" \/>\n<meta property=\"og:description\" content=\"Adaptador de red Gigabit PCI Express&#8211; Adaptador PCIe a 10\/100\/1000 Mbps&#8211; Interface PCIe de 32 bits: ahorro de espacio en interior del equipo&#8211; Funci&oacute;n Wake-on-LAN, gesti&oacute;n remota a trav&eacute;s de la red local Marca TP-Link Modelo TG-3468 Caracter&iacute;sticas hardware &#8211; Est&aacute;ndares y Protocolos: IEEE 802.3, 802.3u, 802.3ab, 802.3x, 802.1Q, 802.1p CSMA \/ CD, TCP \/&hellip;&nbsp;TP-LINK TG-3468 Tarjeta Red Gigabit PCI-E\" \/>\n<meta property=\"og:url\" content=\"https:\/\/aivlisoft.net\/shop\/producto\/tp-link-tg-3468-tarjeta-red-gigabit-pci-e\/\" \/>\n<meta property=\"og:site_name\" content=\"Aivlisoft Inform\u00e1tica\" \/>\n<meta property=\"article:modified_time\" content=\"2025-01-14T11:34:20+00:00\" \/>\n<meta property=\"og:image\" content=\"https:\/\/aivlisoft.net\/shop\/wp-content\/uploads\/2025\/01\/NADACA0022_800.jpg\" \/>\n\t<meta property=\"og:image:width\" content=\"800\" \/>\n\t<meta property=\"og:image:height\" content=\"800\" \/>\n\t<meta property=\"og:image:type\" content=\"image\/jpeg\" \/>\n<meta name=\"twitter:card\" content=\"summary_large_image\" \/>\n<meta name=\"twitter:label1\" content=\"Tiempo de lectura\" \/>\n\t<meta name=\"twitter:data1\" content=\"1 minuto\" \/>\n<script type=\"application\/ld+json\" class=\"yoast-schema-graph\">{\"@context\":\"https:\/\/schema.org\",\"@graph\":[{\"@type\":\"WebPage\",\"@id\":\"https:\/\/aivlisoft.net\/shop\/producto\/tp-link-tg-3468-tarjeta-red-gigabit-pci-e\/\",\"url\":\"https:\/\/aivlisoft.net\/shop\/producto\/tp-link-tg-3468-tarjeta-red-gigabit-pci-e\/\",\"name\":\"TP-LINK TG-3468 Tarjeta Red Gigabit PCI-E - Aivlisoft Inform\u00e1tica\",\"isPartOf\":{\"@id\":\"https:\/\/aivlisoft.net\/shop\/#website\"},\"primaryImageOfPage\":{\"@id\":\"https:\/\/aivlisoft.net\/shop\/producto\/tp-link-tg-3468-tarjeta-red-gigabit-pci-e\/#primaryimage\"},\"image\":{\"@id\":\"https:\/\/aivlisoft.net\/shop\/producto\/tp-link-tg-3468-tarjeta-red-gigabit-pci-e\/#primaryimage\"},\"thumbnailUrl\":\"https:\/\/aivlisoft.net\/shop\/wp-content\/uploads\/2025\/01\/NADACA0022_800.jpg\",\"datePublished\":\"2025-01-13T15:14:11+00:00\",\"dateModified\":\"2025-01-14T11:34:20+00:00\",\"breadcrumb\":{\"@id\":\"https:\/\/aivlisoft.net\/shop\/producto\/tp-link-tg-3468-tarjeta-red-gigabit-pci-e\/#breadcrumb\"},\"inLanguage\":\"es\",\"potentialAction\":[{\"@type\":\"ReadAction\",\"target\":[\"https:\/\/aivlisoft.net\/shop\/producto\/tp-link-tg-3468-tarjeta-red-gigabit-pci-e\/\"]}]},{\"@type\":\"ImageObject\",\"inLanguage\":\"es\",\"@id\":\"https:\/\/aivlisoft.net\/shop\/producto\/tp-link-tg-3468-tarjeta-red-gigabit-pci-e\/#primaryimage\",\"url\":\"https:\/\/aivlisoft.net\/shop\/wp-content\/uploads\/2025\/01\/NADACA0022_800.jpg\",\"contentUrl\":\"https:\/\/aivlisoft.net\/shop\/wp-content\/uploads\/2025\/01\/NADACA0022_800.jpg\",\"width\":800,\"height\":800},{\"@type\":\"BreadcrumbList\",\"@id\":\"https:\/\/aivlisoft.net\/shop\/producto\/tp-link-tg-3468-tarjeta-red-gigabit-pci-e\/#breadcrumb\",\"itemListElement\":[{\"@type\":\"ListItem\",\"position\":1,\"name\":\"Portada\",\"item\":\"https:\/\/aivlisoft.net\/shop\/\"},{\"@type\":\"ListItem\",\"position\":2,\"name\":\"Tienda\",\"item\":\"https:\/\/aivlisoft.net\/shop\/tienda\/\"},{\"@type\":\"ListItem\",\"position\":3,\"name\":\"TP-LINK TG-3468 Tarjeta Red Gigabit PCI-E\"}]},{\"@type\":\"WebSite\",\"@id\":\"https:\/\/aivlisoft.net\/shop\/#website\",\"url\":\"https:\/\/aivlisoft.net\/shop\/\",\"name\":\"Aivlisoft Inform\u00e1tica\",\"description\":\"En Aivlisoft Inform\u00e1tica ofrecemos soluciones tecnol\u00f3gicas para empresas: venta de ordenadores, consumibles, perif\u00e9ricos y m\u00e1s. Calidad, atenci\u00f3n personalizada y los mejores precios para tu negocio.\",\"publisher\":{\"@id\":\"https:\/\/aivlisoft.net\/shop\/#organization\"},\"potentialAction\":[{\"@type\":\"SearchAction\",\"target\":{\"@type\":\"EntryPoint\",\"urlTemplate\":\"https:\/\/aivlisoft.net\/shop\/?s={search_term_string}\"},\"query-input\":{\"@type\":\"PropertyValueSpecification\",\"valueRequired\":true,\"valueName\":\"search_term_string\"}}],\"inLanguage\":\"es\"},{\"@type\":\"Organization\",\"@id\":\"https:\/\/aivlisoft.net\/shop\/#organization\",\"name\":\"Aivlisoft Inform\u00e1tica\",\"url\":\"https:\/\/aivlisoft.net\/shop\/\",\"logo\":{\"@type\":\"ImageObject\",\"inLanguage\":\"es\",\"@id\":\"https:\/\/aivlisoft.net\/shop\/#\/schema\/logo\/image\/\",\"url\":\"https:\/\/aivlisoft.net\/shop\/wp-content\/uploads\/2024\/12\/removal.ai_5b848c54-0cdf-4140-95c5-c5536bb7573b-logodef.png\",\"contentUrl\":\"https:\/\/aivlisoft.net\/shop\/wp-content\/uploads\/2024\/12\/removal.ai_5b848c54-0cdf-4140-95c5-c5536bb7573b-logodef.png\",\"width\":484,\"height\":182,\"caption\":\"Aivlisoft Inform\u00e1tica\"},\"image\":{\"@id\":\"https:\/\/aivlisoft.net\/shop\/#\/schema\/logo\/image\/\"}}]}<\/script>\n<!-- \/ Yoast SEO plugin. -->","yoast_head_json":{"title":"TP-LINK TG-3468 Tarjeta Red Gigabit PCI-E - Aivlisoft Inform\u00e1tica","robots":{"index":"index","follow":"follow","max-snippet":"max-snippet:-1","max-image-preview":"max-image-preview:large","max-video-preview":"max-video-preview:-1"},"canonical":"https:\/\/aivlisoft.net\/shop\/producto\/tp-link-tg-3468-tarjeta-red-gigabit-pci-e\/","og_locale":"es_ES","og_type":"article","og_title":"TP-LINK TG-3468 Tarjeta Red Gigabit PCI-E - Aivlisoft Inform\u00e1tica","og_description":"Adaptador de red Gigabit PCI Express&#8211; Adaptador PCIe a 10\/100\/1000 Mbps&#8211; Interface PCIe de 32 bits: ahorro de espacio en interior del equipo&#8211; Funci&oacute;n Wake-on-LAN, gesti&oacute;n remota a trav&eacute;s de la red local Marca TP-Link Modelo TG-3468 Caracter&iacute;sticas hardware &#8211; Est&aacute;ndares y Protocolos: IEEE 802.3, 802.3u, 802.3ab, 802.3x, 802.1Q, 802.1p CSMA \/ CD, TCP \/&hellip;&nbsp;TP-LINK TG-3468 Tarjeta Red Gigabit PCI-E","og_url":"https:\/\/aivlisoft.net\/shop\/producto\/tp-link-tg-3468-tarjeta-red-gigabit-pci-e\/","og_site_name":"Aivlisoft Inform\u00e1tica","article_modified_time":"2025-01-14T11:34:20+00:00","og_image":[{"width":800,"height":800,"url":"https:\/\/aivlisoft.net\/shop\/wp-content\/uploads\/2025\/01\/NADACA0022_800.jpg","type":"image\/jpeg"}],"twitter_card":"summary_large_image","twitter_misc":{"Tiempo de lectura":"1 minuto"},"schema":{"@context":"https:\/\/schema.org","@graph":[{"@type":"WebPage","@id":"https:\/\/aivlisoft.net\/shop\/producto\/tp-link-tg-3468-tarjeta-red-gigabit-pci-e\/","url":"https:\/\/aivlisoft.net\/shop\/producto\/tp-link-tg-3468-tarjeta-red-gigabit-pci-e\/","name":"TP-LINK TG-3468 Tarjeta Red Gigabit PCI-E - Aivlisoft Inform\u00e1tica","isPartOf":{"@id":"https:\/\/aivlisoft.net\/shop\/#website"},"primaryImageOfPage":{"@id":"https:\/\/aivlisoft.net\/shop\/producto\/tp-link-tg-3468-tarjeta-red-gigabit-pci-e\/#primaryimage"},"image":{"@id":"https:\/\/aivlisoft.net\/shop\/producto\/tp-link-tg-3468-tarjeta-red-gigabit-pci-e\/#primaryimage"},"thumbnailUrl":"https:\/\/aivlisoft.net\/shop\/wp-content\/uploads\/2025\/01\/NADACA0022_800.jpg","datePublished":"2025-01-13T15:14:11+00:00","dateModified":"2025-01-14T11:34:20+00:00","breadcrumb":{"@id":"https:\/\/aivlisoft.net\/shop\/producto\/tp-link-tg-3468-tarjeta-red-gigabit-pci-e\/#breadcrumb"},"inLanguage":"es","potentialAction":[{"@type":"ReadAction","target":["https:\/\/aivlisoft.net\/shop\/producto\/tp-link-tg-3468-tarjeta-red-gigabit-pci-e\/"]}]},{"@type":"ImageObject","inLanguage":"es","@id":"https:\/\/aivlisoft.net\/shop\/producto\/tp-link-tg-3468-tarjeta-red-gigabit-pci-e\/#primaryimage","url":"https:\/\/aivlisoft.net\/shop\/wp-content\/uploads\/2025\/01\/NADACA0022_800.jpg","contentUrl":"https:\/\/aivlisoft.net\/shop\/wp-content\/uploads\/2025\/01\/NADACA0022_800.jpg","width":800,"height":800},{"@type":"BreadcrumbList","@id":"https:\/\/aivlisoft.net\/shop\/producto\/tp-link-tg-3468-tarjeta-red-gigabit-pci-e\/#breadcrumb","itemListElement":[{"@type":"ListItem","position":1,"name":"Portada","item":"https:\/\/aivlisoft.net\/shop\/"},{"@type":"ListItem","position":2,"name":"Tienda","item":"https:\/\/aivlisoft.net\/shop\/tienda\/"},{"@type":"ListItem","position":3,"name":"TP-LINK TG-3468 Tarjeta Red Gigabit PCI-E"}]},{"@type":"WebSite","@id":"https:\/\/aivlisoft.net\/shop\/#website","url":"https:\/\/aivlisoft.net\/shop\/","name":"Aivlisoft Inform\u00e1tica","description":"En Aivlisoft Inform\u00e1tica ofrecemos soluciones tecnol\u00f3gicas para empresas: venta de ordenadores, consumibles, perif\u00e9ricos y m\u00e1s. Calidad, atenci\u00f3n personalizada y los mejores precios para tu negocio.","publisher":{"@id":"https:\/\/aivlisoft.net\/shop\/#organization"},"potentialAction":[{"@type":"SearchAction","target":{"@type":"EntryPoint","urlTemplate":"https:\/\/aivlisoft.net\/shop\/?s={search_term_string}"},"query-input":{"@type":"PropertyValueSpecification","valueRequired":true,"valueName":"search_term_string"}}],"inLanguage":"es"},{"@type":"Organization","@id":"https:\/\/aivlisoft.net\/shop\/#organization","name":"Aivlisoft Inform\u00e1tica","url":"https:\/\/aivlisoft.net\/shop\/","logo":{"@type":"ImageObject","inLanguage":"es","@id":"https:\/\/aivlisoft.net\/shop\/#\/schema\/logo\/image\/","url":"https:\/\/aivlisoft.net\/shop\/wp-content\/uploads\/2024\/12\/removal.ai_5b848c54-0cdf-4140-95c5-c5536bb7573b-logodef.png","contentUrl":"https:\/\/aivlisoft.net\/shop\/wp-content\/uploads\/2024\/12\/removal.ai_5b848c54-0cdf-4140-95c5-c5536bb7573b-logodef.png","width":484,"height":182,"caption":"Aivlisoft Inform\u00e1tica"},"image":{"@id":"https:\/\/aivlisoft.net\/shop\/#\/schema\/logo\/image\/"}}]}},"_links":{"self":[{"href":"https:\/\/aivlisoft.net\/shop\/wp-json\/wp\/v2\/product\/17640","targetHints":{"allow":["GET"]}}],"collection":[{"href":"https:\/\/aivlisoft.net\/shop\/wp-json\/wp\/v2\/product"}],"about":[{"href":"https:\/\/aivlisoft.net\/shop\/wp-json\/wp\/v2\/types\/product"}],"wp:featuredmedia":[{"embeddable":true,"href":"https:\/\/aivlisoft.net\/shop\/wp-json\/wp\/v2\/media\/17641"}],"wp:attachment":[{"href":"https:\/\/aivlisoft.net\/shop\/wp-json\/wp\/v2\/media?parent=17640"}],"wp:term":[{"taxonomy":"product_brand","embeddable":true,"href":"https:\/\/aivlisoft.net\/shop\/wp-json\/wp\/v2\/product_brand?post=17640"},{"taxonomy":"product_cat","embeddable":true,"href":"https:\/\/aivlisoft.net\/shop\/wp-json\/wp\/v2\/product_cat?post=17640"},{"taxonomy":"product_tag","embeddable":true,"href":"https:\/\/aivlisoft.net\/shop\/wp-json\/wp\/v2\/product_tag?post=17640"}],"curies":[{"name":"wp","href":"https:\/\/api.w.org\/{rel}","templated":true}]}}