{"id":17638,"date":"2025-01-13T15:14:10","date_gmt":"2025-01-13T15:14:10","guid":{"rendered":"https:\/\/aivlisoft.com\/?post_type=product&#038;p=17638"},"modified":"2025-01-14T11:34:19","modified_gmt":"2025-01-14T11:34:19","slug":"edimax-en-9260txe-v2-tarjeta-red-gigabit-pci-e-lp","status":"publish","type":"product","link":"https:\/\/aivlisoft.net\/shop\/producto\/edimax-en-9260txe-v2-tarjeta-red-gigabit-pci-e-lp\/","title":{"rendered":"Edimax EN-9260TXE V2 Tarjeta Red Gigabit PCI-E LP"},"content":{"rendered":"<p><strong>Adaptador de red EN-9260TX-E Gigabit Ethernet Gigabit Ethernet PCI Express<\/strong><br \/>&#8211; Cumple el est&aacute;ndar PCI Express 1.1 &ndash; x1 PCI Express<br \/>&#8211; Cumple las normas IEEE 802.3, 802.3u, 802.3ab, 802.3z<br \/>&#8211; Compatible con tramas gigantes y negociaci&oacute;n autom&aacute;tica 10\/100\/1000 Mbps<br \/>&#8211; Compatible con control de tr&aacute;fico de d&uacute;plex completo IEEE802.3x<br \/>&#8211; Compatible con el etiquetado IEEE802.1Q VLAN y la codificaci&oacute;n prioritaria IEEE802.1P Layer2<br \/>&#8211; Compatible con la gesti&oacute;n de encendido Wake On LAN y ACPI<br \/>&#8211; Compatible con la funci&oacute;n Ethernet de eficiencia energ&eacute;tica IEEE802.3az<br \/>&#8211; Incluye bracket de perfil bajo<br \/>&#8211; Plug-and-Play<br \/>&#8211; Compatible con los controladores Novell 5.X\/6.X, Windows 98\/ME\/NT4.0\/2000\/XP\/Vista\/7\/8, Linux 2.4.x<\/p>\n<table class=\"tabla_caracteristicas k-table\" width=\"100%\">\n<tbody>\n<tr>\n<td><strong>Marca<\/strong><\/td>\n<td>Edimax<\/td>\n<\/tr>\n<tr>\n<td><strong>Modelo<\/strong><\/td>\n<td><strong>EN-9260TX-E<\/strong><\/td>\n<\/tr>\n<tr>\n<td><strong>Especificaciones<\/strong><\/td>\n<td>&#8211; Interfaz <strong>PCI Express 1.0a <\/strong>(PCI V 2.3\/2.2\/2.1, 32-bit, 66\/33MHz) <br \/>&#8211; Un puerto <strong>LAN 10\/100\/1000 Mbps<br \/><\/strong>&#8211; <strong>Realtek RTL8168E <\/strong>Single Chip<br \/>&#8211; Est&aacute;ndar: IEEE 802.3, IEEE 802.3u, IEEE 802.3ab, IEEE802.3x, 802.1q, 802.1p, 802.3az<\/td>\n<\/tr>\n<tr>\n<td><strong>Otras caracter&iacute;sticas<\/strong><\/td>\n<td>&#8211; Arquitectura de bus: PCI V 2.3\/2.2\/2.1, 32-bit, 66\/33MHz<br \/><strong>Requisitos del sistema <\/strong><br \/>&#8211; CPU: Pentium III de 1G, superior o similar<br \/>&#8211; Tama&ntilde;o de memoria RAM de 256 MB<br \/>&#8211; Un controlador en CD-ROM<br \/>&#8211; Disco duro: 100 MB de espacio de disco como m&iacute;n.<br \/>&#8211; Una ranura PCI express slot disponible<br \/>&#8211; Sistema operativo: Sistemas operativos Novell 5.X\/6.X, Windows 98\/ME\/NT4.0\/2000\/XP\/Vista\/7\/8, Linux 2.4.x<br \/><strong>Dimensiones y peso<\/strong><br \/>&#8211; Dimensiones: 64 x 39 mm<br \/>&#8211; Peso: 50g<\/td>\n<\/tr>\n<tr>\n<td><strong>Accesorios incluidos<\/strong><\/td>\n<td>&#8211; 1 adaptador Gigabit Ethernet PCI Express<br \/>&#8211; 1 bracket de perfil bajo<br \/>&#8211; 1 gu&iacute;a r&aacute;pida de instalaci&oacute;n<br \/>&#8211; 1 CD con asistente de instalaci&oacute;n, manual de usuario y gu&iacute;a r&aacute;pida de instalaci&oacute;n<\/td>\n<\/tr>\n<tr>\n<td><strong>Fecha de revisi&oacute;n<\/strong><\/td>\n<td>17-12-2020 por MSB<\/td>\n<\/tr>\n<\/tbody>\n<\/table>\n","protected":false},"excerpt":{"rendered":"<p>Adaptador de red EN-9260TX-E Gigabit Ethernet Gigabit Ethernet PCI Express&#8211; Cumple el est&aacute;ndar PCI Express 1.1 &ndash; x1 PCI Express&#8211; Cumple las normas IEEE 802.3, 802.3u, 802.3ab, 802.3z&#8211; Compatible con tramas gigantes y negociaci&oacute;n autom&aacute;tica 10\/100\/1000 Mbps&#8211; Compatible con control de tr&aacute;fico de d&uacute;plex completo IEEE802.3x&#8211; Compatible con el etiquetado IEEE802.1Q VLAN y la codificaci&oacute;n&hellip;&nbsp;<a href=\"https:\/\/aivlisoft.net\/shop\/producto\/edimax-en-9260txe-v2-tarjeta-red-gigabit-pci-e-lp\/\" rel=\"bookmark\"><span class=\"screen-reader-text\">Edimax EN-9260TXE V2 Tarjeta Red Gigabit PCI-E LP<\/span><\/a><\/p>\n","protected":false},"featured_media":17639,"template":"","meta":{"neve_meta_sidebar":"","neve_meta_container":"","neve_meta_enable_content_width":"","neve_meta_content_width":0,"neve_meta_title_alignment":"","neve_meta_author_avatar":"","neve_post_elements_order":"","neve_meta_disable_header":"","neve_meta_disable_footer":"","neve_meta_disable_title":""},"product_brand":[],"product_cat":[8763],"product_tag":[6473],"class_list":{"0":"post-17638","1":"product","2":"type-product","3":"status-publish","4":"has-post-thumbnail","6":"product_cat-red-cableada","7":"product_tag-en-9260txe-v2","9":"first","10":"instock","11":"taxable","12":"shipping-taxable","13":"purchasable","14":"product-type-simple"},"yoast_head":"<!-- This site is optimized with the Yoast SEO plugin v26.0 - https:\/\/yoast.com\/wordpress\/plugins\/seo\/ -->\n<title>Edimax EN-9260TXE V2 Tarjeta Red Gigabit PCI-E LP - Aivlisoft Inform\u00e1tica<\/title>\n<meta name=\"robots\" content=\"index, follow, max-snippet:-1, max-image-preview:large, max-video-preview:-1\" \/>\n<link rel=\"canonical\" href=\"https:\/\/aivlisoft.net\/shop\/producto\/edimax-en-9260txe-v2-tarjeta-red-gigabit-pci-e-lp\/\" \/>\n<meta property=\"og:locale\" content=\"es_ES\" \/>\n<meta property=\"og:type\" content=\"article\" \/>\n<meta property=\"og:title\" content=\"Edimax EN-9260TXE V2 Tarjeta Red Gigabit PCI-E LP - Aivlisoft Inform\u00e1tica\" \/>\n<meta property=\"og:description\" content=\"Adaptador de red EN-9260TX-E Gigabit Ethernet Gigabit Ethernet PCI Express&#8211; Cumple el est&aacute;ndar PCI Express 1.1 &ndash; x1 PCI Express&#8211; Cumple las normas IEEE 802.3, 802.3u, 802.3ab, 802.3z&#8211; Compatible con tramas gigantes y negociaci&oacute;n autom&aacute;tica 10\/100\/1000 Mbps&#8211; Compatible con control de tr&aacute;fico de d&uacute;plex completo IEEE802.3x&#8211; Compatible con el etiquetado IEEE802.1Q VLAN y la codificaci&oacute;n&hellip;&nbsp;Edimax EN-9260TXE V2 Tarjeta Red Gigabit PCI-E LP\" \/>\n<meta property=\"og:url\" content=\"https:\/\/aivlisoft.net\/shop\/producto\/edimax-en-9260txe-v2-tarjeta-red-gigabit-pci-e-lp\/\" \/>\n<meta property=\"og:site_name\" content=\"Aivlisoft Inform\u00e1tica\" \/>\n<meta property=\"article:modified_time\" content=\"2025-01-14T11:34:19+00:00\" \/>\n<meta property=\"og:image\" content=\"https:\/\/aivlisoft.net\/shop\/wp-content\/uploads\/2025\/01\/NADACA0006_800.jpg\" \/>\n\t<meta property=\"og:image:width\" content=\"800\" \/>\n\t<meta property=\"og:image:height\" content=\"800\" \/>\n\t<meta property=\"og:image:type\" content=\"image\/jpeg\" \/>\n<meta name=\"twitter:card\" content=\"summary_large_image\" \/>\n<meta name=\"twitter:label1\" content=\"Tiempo de lectura\" \/>\n\t<meta name=\"twitter:data1\" content=\"1 minuto\" \/>\n<script type=\"application\/ld+json\" class=\"yoast-schema-graph\">{\"@context\":\"https:\/\/schema.org\",\"@graph\":[{\"@type\":\"WebPage\",\"@id\":\"https:\/\/aivlisoft.net\/shop\/producto\/edimax-en-9260txe-v2-tarjeta-red-gigabit-pci-e-lp\/\",\"url\":\"https:\/\/aivlisoft.net\/shop\/producto\/edimax-en-9260txe-v2-tarjeta-red-gigabit-pci-e-lp\/\",\"name\":\"Edimax EN-9260TXE V2 Tarjeta Red Gigabit PCI-E LP - Aivlisoft Inform\u00e1tica\",\"isPartOf\":{\"@id\":\"https:\/\/aivlisoft.net\/shop\/#website\"},\"primaryImageOfPage\":{\"@id\":\"https:\/\/aivlisoft.net\/shop\/producto\/edimax-en-9260txe-v2-tarjeta-red-gigabit-pci-e-lp\/#primaryimage\"},\"image\":{\"@id\":\"https:\/\/aivlisoft.net\/shop\/producto\/edimax-en-9260txe-v2-tarjeta-red-gigabit-pci-e-lp\/#primaryimage\"},\"thumbnailUrl\":\"https:\/\/aivlisoft.net\/shop\/wp-content\/uploads\/2025\/01\/NADACA0006_800.jpg\",\"datePublished\":\"2025-01-13T15:14:10+00:00\",\"dateModified\":\"2025-01-14T11:34:19+00:00\",\"breadcrumb\":{\"@id\":\"https:\/\/aivlisoft.net\/shop\/producto\/edimax-en-9260txe-v2-tarjeta-red-gigabit-pci-e-lp\/#breadcrumb\"},\"inLanguage\":\"es\",\"potentialAction\":[{\"@type\":\"ReadAction\",\"target\":[\"https:\/\/aivlisoft.net\/shop\/producto\/edimax-en-9260txe-v2-tarjeta-red-gigabit-pci-e-lp\/\"]}]},{\"@type\":\"ImageObject\",\"inLanguage\":\"es\",\"@id\":\"https:\/\/aivlisoft.net\/shop\/producto\/edimax-en-9260txe-v2-tarjeta-red-gigabit-pci-e-lp\/#primaryimage\",\"url\":\"https:\/\/aivlisoft.net\/shop\/wp-content\/uploads\/2025\/01\/NADACA0006_800.jpg\",\"contentUrl\":\"https:\/\/aivlisoft.net\/shop\/wp-content\/uploads\/2025\/01\/NADACA0006_800.jpg\",\"width\":800,\"height\":800},{\"@type\":\"BreadcrumbList\",\"@id\":\"https:\/\/aivlisoft.net\/shop\/producto\/edimax-en-9260txe-v2-tarjeta-red-gigabit-pci-e-lp\/#breadcrumb\",\"itemListElement\":[{\"@type\":\"ListItem\",\"position\":1,\"name\":\"Portada\",\"item\":\"https:\/\/aivlisoft.net\/shop\/\"},{\"@type\":\"ListItem\",\"position\":2,\"name\":\"Tienda\",\"item\":\"https:\/\/aivlisoft.net\/shop\/tienda\/\"},{\"@type\":\"ListItem\",\"position\":3,\"name\":\"Edimax EN-9260TXE V2 Tarjeta Red Gigabit PCI-E LP\"}]},{\"@type\":\"WebSite\",\"@id\":\"https:\/\/aivlisoft.net\/shop\/#website\",\"url\":\"https:\/\/aivlisoft.net\/shop\/\",\"name\":\"Aivlisoft Inform\u00e1tica\",\"description\":\"En Aivlisoft Inform\u00e1tica ofrecemos soluciones tecnol\u00f3gicas para empresas: venta de ordenadores, consumibles, perif\u00e9ricos y m\u00e1s. Calidad, atenci\u00f3n personalizada y los mejores precios para tu negocio.\",\"publisher\":{\"@id\":\"https:\/\/aivlisoft.net\/shop\/#organization\"},\"potentialAction\":[{\"@type\":\"SearchAction\",\"target\":{\"@type\":\"EntryPoint\",\"urlTemplate\":\"https:\/\/aivlisoft.net\/shop\/?s={search_term_string}\"},\"query-input\":{\"@type\":\"PropertyValueSpecification\",\"valueRequired\":true,\"valueName\":\"search_term_string\"}}],\"inLanguage\":\"es\"},{\"@type\":\"Organization\",\"@id\":\"https:\/\/aivlisoft.net\/shop\/#organization\",\"name\":\"Aivlisoft Inform\u00e1tica\",\"url\":\"https:\/\/aivlisoft.net\/shop\/\",\"logo\":{\"@type\":\"ImageObject\",\"inLanguage\":\"es\",\"@id\":\"https:\/\/aivlisoft.net\/shop\/#\/schema\/logo\/image\/\",\"url\":\"https:\/\/aivlisoft.net\/shop\/wp-content\/uploads\/2024\/12\/removal.ai_5b848c54-0cdf-4140-95c5-c5536bb7573b-logodef.png\",\"contentUrl\":\"https:\/\/aivlisoft.net\/shop\/wp-content\/uploads\/2024\/12\/removal.ai_5b848c54-0cdf-4140-95c5-c5536bb7573b-logodef.png\",\"width\":484,\"height\":182,\"caption\":\"Aivlisoft Inform\u00e1tica\"},\"image\":{\"@id\":\"https:\/\/aivlisoft.net\/shop\/#\/schema\/logo\/image\/\"}}]}<\/script>\n<!-- \/ Yoast SEO plugin. -->","yoast_head_json":{"title":"Edimax EN-9260TXE V2 Tarjeta Red Gigabit PCI-E LP - Aivlisoft Inform\u00e1tica","robots":{"index":"index","follow":"follow","max-snippet":"max-snippet:-1","max-image-preview":"max-image-preview:large","max-video-preview":"max-video-preview:-1"},"canonical":"https:\/\/aivlisoft.net\/shop\/producto\/edimax-en-9260txe-v2-tarjeta-red-gigabit-pci-e-lp\/","og_locale":"es_ES","og_type":"article","og_title":"Edimax EN-9260TXE V2 Tarjeta Red Gigabit PCI-E LP - Aivlisoft Inform\u00e1tica","og_description":"Adaptador de red EN-9260TX-E Gigabit Ethernet Gigabit Ethernet PCI Express&#8211; Cumple el est&aacute;ndar PCI Express 1.1 &ndash; x1 PCI Express&#8211; Cumple las normas IEEE 802.3, 802.3u, 802.3ab, 802.3z&#8211; Compatible con tramas gigantes y negociaci&oacute;n autom&aacute;tica 10\/100\/1000 Mbps&#8211; Compatible con control de tr&aacute;fico de d&uacute;plex completo IEEE802.3x&#8211; Compatible con el etiquetado IEEE802.1Q VLAN y la codificaci&oacute;n&hellip;&nbsp;Edimax EN-9260TXE V2 Tarjeta Red Gigabit PCI-E LP","og_url":"https:\/\/aivlisoft.net\/shop\/producto\/edimax-en-9260txe-v2-tarjeta-red-gigabit-pci-e-lp\/","og_site_name":"Aivlisoft Inform\u00e1tica","article_modified_time":"2025-01-14T11:34:19+00:00","og_image":[{"width":800,"height":800,"url":"https:\/\/aivlisoft.net\/shop\/wp-content\/uploads\/2025\/01\/NADACA0006_800.jpg","type":"image\/jpeg"}],"twitter_card":"summary_large_image","twitter_misc":{"Tiempo de lectura":"1 minuto"},"schema":{"@context":"https:\/\/schema.org","@graph":[{"@type":"WebPage","@id":"https:\/\/aivlisoft.net\/shop\/producto\/edimax-en-9260txe-v2-tarjeta-red-gigabit-pci-e-lp\/","url":"https:\/\/aivlisoft.net\/shop\/producto\/edimax-en-9260txe-v2-tarjeta-red-gigabit-pci-e-lp\/","name":"Edimax EN-9260TXE V2 Tarjeta Red Gigabit PCI-E LP - Aivlisoft Inform\u00e1tica","isPartOf":{"@id":"https:\/\/aivlisoft.net\/shop\/#website"},"primaryImageOfPage":{"@id":"https:\/\/aivlisoft.net\/shop\/producto\/edimax-en-9260txe-v2-tarjeta-red-gigabit-pci-e-lp\/#primaryimage"},"image":{"@id":"https:\/\/aivlisoft.net\/shop\/producto\/edimax-en-9260txe-v2-tarjeta-red-gigabit-pci-e-lp\/#primaryimage"},"thumbnailUrl":"https:\/\/aivlisoft.net\/shop\/wp-content\/uploads\/2025\/01\/NADACA0006_800.jpg","datePublished":"2025-01-13T15:14:10+00:00","dateModified":"2025-01-14T11:34:19+00:00","breadcrumb":{"@id":"https:\/\/aivlisoft.net\/shop\/producto\/edimax-en-9260txe-v2-tarjeta-red-gigabit-pci-e-lp\/#breadcrumb"},"inLanguage":"es","potentialAction":[{"@type":"ReadAction","target":["https:\/\/aivlisoft.net\/shop\/producto\/edimax-en-9260txe-v2-tarjeta-red-gigabit-pci-e-lp\/"]}]},{"@type":"ImageObject","inLanguage":"es","@id":"https:\/\/aivlisoft.net\/shop\/producto\/edimax-en-9260txe-v2-tarjeta-red-gigabit-pci-e-lp\/#primaryimage","url":"https:\/\/aivlisoft.net\/shop\/wp-content\/uploads\/2025\/01\/NADACA0006_800.jpg","contentUrl":"https:\/\/aivlisoft.net\/shop\/wp-content\/uploads\/2025\/01\/NADACA0006_800.jpg","width":800,"height":800},{"@type":"BreadcrumbList","@id":"https:\/\/aivlisoft.net\/shop\/producto\/edimax-en-9260txe-v2-tarjeta-red-gigabit-pci-e-lp\/#breadcrumb","itemListElement":[{"@type":"ListItem","position":1,"name":"Portada","item":"https:\/\/aivlisoft.net\/shop\/"},{"@type":"ListItem","position":2,"name":"Tienda","item":"https:\/\/aivlisoft.net\/shop\/tienda\/"},{"@type":"ListItem","position":3,"name":"Edimax EN-9260TXE V2 Tarjeta Red Gigabit PCI-E LP"}]},{"@type":"WebSite","@id":"https:\/\/aivlisoft.net\/shop\/#website","url":"https:\/\/aivlisoft.net\/shop\/","name":"Aivlisoft Inform\u00e1tica","description":"En Aivlisoft Inform\u00e1tica ofrecemos soluciones tecnol\u00f3gicas para empresas: venta de ordenadores, consumibles, perif\u00e9ricos y m\u00e1s. Calidad, atenci\u00f3n personalizada y los mejores precios para tu negocio.","publisher":{"@id":"https:\/\/aivlisoft.net\/shop\/#organization"},"potentialAction":[{"@type":"SearchAction","target":{"@type":"EntryPoint","urlTemplate":"https:\/\/aivlisoft.net\/shop\/?s={search_term_string}"},"query-input":{"@type":"PropertyValueSpecification","valueRequired":true,"valueName":"search_term_string"}}],"inLanguage":"es"},{"@type":"Organization","@id":"https:\/\/aivlisoft.net\/shop\/#organization","name":"Aivlisoft Inform\u00e1tica","url":"https:\/\/aivlisoft.net\/shop\/","logo":{"@type":"ImageObject","inLanguage":"es","@id":"https:\/\/aivlisoft.net\/shop\/#\/schema\/logo\/image\/","url":"https:\/\/aivlisoft.net\/shop\/wp-content\/uploads\/2024\/12\/removal.ai_5b848c54-0cdf-4140-95c5-c5536bb7573b-logodef.png","contentUrl":"https:\/\/aivlisoft.net\/shop\/wp-content\/uploads\/2024\/12\/removal.ai_5b848c54-0cdf-4140-95c5-c5536bb7573b-logodef.png","width":484,"height":182,"caption":"Aivlisoft Inform\u00e1tica"},"image":{"@id":"https:\/\/aivlisoft.net\/shop\/#\/schema\/logo\/image\/"}}]}},"_links":{"self":[{"href":"https:\/\/aivlisoft.net\/shop\/wp-json\/wp\/v2\/product\/17638","targetHints":{"allow":["GET"]}}],"collection":[{"href":"https:\/\/aivlisoft.net\/shop\/wp-json\/wp\/v2\/product"}],"about":[{"href":"https:\/\/aivlisoft.net\/shop\/wp-json\/wp\/v2\/types\/product"}],"wp:featuredmedia":[{"embeddable":true,"href":"https:\/\/aivlisoft.net\/shop\/wp-json\/wp\/v2\/media\/17639"}],"wp:attachment":[{"href":"https:\/\/aivlisoft.net\/shop\/wp-json\/wp\/v2\/media?parent=17638"}],"wp:term":[{"taxonomy":"product_brand","embeddable":true,"href":"https:\/\/aivlisoft.net\/shop\/wp-json\/wp\/v2\/product_brand?post=17638"},{"taxonomy":"product_cat","embeddable":true,"href":"https:\/\/aivlisoft.net\/shop\/wp-json\/wp\/v2\/product_cat?post=17638"},{"taxonomy":"product_tag","embeddable":true,"href":"https:\/\/aivlisoft.net\/shop\/wp-json\/wp\/v2\/product_tag?post=17638"}],"curies":[{"name":"wp","href":"https:\/\/api.w.org\/{rel}","templated":true}]}}