{"id":17627,"date":"2025-01-13T15:14:01","date_gmt":"2025-01-13T15:14:01","guid":{"rendered":"https:\/\/aivlisoft.com\/?post_type=product&#038;p=17627"},"modified":"2025-01-14T20:27:22","modified_gmt":"2025-01-14T20:27:22","slug":"xiaomi-tv-55-s-mini-led-2025-4k-google-tv-144hz","status":"publish","type":"product","link":"https:\/\/aivlisoft.net\/shop\/producto\/xiaomi-tv-55-s-mini-led-2025-4k-google-tv-144hz\/","title":{"rendered":"Xiaomi TV 55&#8243; S Mini Led 2025 4K Google TV 144hz"},"content":{"rendered":"<p><\/p>\n<table class=\"tabla_caracteristicas k-table\" width=\"100%\">\n<tr>\n<td valign=\"top\"><strong>Marca<\/strong><\/td>\n<td>Xiaomi<\/td>\n<\/tr>\n<tr>\n<td valign=\"top\"><strong>Modelo<\/strong><\/td>\n<td><strong>55MINILED<\/strong><\/td>\n<\/tr>\n<tr>\n<td valign=\"top\"><strong>Pantalla<\/strong><\/td>\n<td>&#8211; Tama&ntilde;o:<strong> 55&#8243;<\/strong><br \/>\t\t\t&#8211; Tipo de pantalla: LED QD-Mini<br \/>\t\t\t&#8211; Resoluci&oacute;n: 4K, 3840 x 2160<br \/>\t\t\t&#8211; &Aacute;ngulo de visi&oacute;n: 178&deg; (H)\/178&deg; (V)<br \/>\t\t\t&#8211; Tasa de refresco: 144 Hz<br \/>\t\t\t&#8211; Gama de colores: 94 % de DCI-P3 (typ)<br \/>\t\t\t&#8211; MEMC: 4K 120Hz<br \/>\t\t\t&#8211; Compatible con: Dolby Vision IQ, Dolby Vision, IMAX Enhanced, HDR10+, HLG, Filmmaker<\/td>\n<\/tr>\n<tr>\n<td valign=\"top\"><strong>Conectividad<\/strong><\/td>\n<td>&#8211; Bluetooth 5.2<br \/>\t\t\t&#8211; Wi-Fi: Wi-Fi 6, doble banda 2,4 Hz\/5 GHz<br \/>\t\t\t&#8211; 3 x HDMI 2.1 , support CEC ALLM VRR<br \/>\t\t\t&#8211; 2 x USB&nbsp; (USB 2.0 &times; 1 + USB 3.0 &times; 1)<br \/>\t\t\t&#8211; Ethernet (Lan)<br \/>\t\t\t&#8211; Salida de audio digital &oacute;ptica<br \/>\t\t\t&#8211; Toma de auriculares de 3,5 mm<br \/>\t\t\t&#8211; Ranura CI<br \/>\t\t\t&#8211; Sistema de retransmisi&oacute;n: DVB-T2+C\/DVB-S2*<br \/>\t\t\t* Var&iacute;a seg&uacute;n el mercado<\/td>\n<\/tr>\n<tr>\n<td valign=\"top\"><strong>Caracter&iacute;sticas<\/strong><\/td>\n<td><strong>Sistema Operativo<\/strong><br \/>\t\t\t&#8211; GoogleTV<br \/>\t\t\t* Google TV es el nombre de la experiencia de software de este dispositivo y una marca comercial de Google LLC. Google, YouTube, Chromecast integrado y YouTube Music son marcas comerciales de Google LLC.<br \/>\t\t\t<strong>Plataforma<\/strong><br \/>\t\t\t&#8211; CPU: Quad cortex A73<br \/>\t\t\t&#8211; GPU: Mali-G52 (2EE) MC1<br \/>\t\t\t&#8211; RAM: 3 GB<br \/>\t\t\t&#8211; ROM: 32 GB<br \/>\t\t\t<strong>Smart TV<\/strong><br \/>\t\t\t&#8211; Asistente de Google integrado<br \/>\t\t\t*Google Assistant no est&aacute; disponible en determinados idiomas y pa&iacute;ses. Consulta el sitio web oficial de Google Assistant para obtener m&aacute;s informaci&oacute;n.<br \/>\t\t\t&#8211; Chromecast built-in<br \/>\t\t\t*Requiere aplicaciones habilitadas para Chromecast built-in.<br \/>\t\t\t&#8211; Compatible con Miracast<br \/>\t\t\t&#8211; Apple AirPlay<br \/>\t\t\t* Apple, AirPlay, iPad, iPhone son marcas comerciales de Apple Inc, registradas en Estados Unidos y otros pa&iacute;ses y regiones. Para utilizar AirPlay con Xiaomi TV S Mini LED 75 2025, se recomienda la &uacute;ltima versi&oacute;n de iOS, iPadOS o macOS.<br \/>\t\t\t<strong>Sonido<\/strong><br \/>\t\t\t&#8211; Est&eacute;reo<br \/>\t\t\t&#8211; Altavoz2 de 12,5W<br \/>\t\t\t&#8211; Compatible con Dolby Atmos<br \/>\t\t\t*Dolby, Dolby Atmos,Dolby Vision IQ, Dolby Vision y el s&iacute;mbolo de la doble D son marcas comerciales de Dolby Laboratories Licensing Corporation.<br \/>\t\t\t*Requiere contenido de v&iacute;deo compatible con Dolby Vision IQ, Dolby Atmos.<br \/>\t\t\t<strong>Alimentaci&oacute;n<\/strong><br \/>\t\t\t&#8211; Potencia: 280 W<br \/>\t\t\t&#8211; Voltaje: 200-240 V &#8211; 50\/60 Hz<br \/>\t\t\t* Var&iacute;a seg&uacute;n el mercado<br \/>\t\t\t&#8211; Temperatura de funcionamiento: De 0 &deg;C a 40 &deg;C<br \/>\t\t\t&#8211; Temperatura de almacenamiento: De -15 &deg;C a +45 &deg;C<br \/>\t\t\t&#8211; Humedad: Del 20 % al 80 %<br \/>\t\t\t&#8211; Humedad relativa: &lt; 80 %<br \/>\t\t\t&#8211; Energ&iacute;a en reposo: &le;0,5 W<br \/>\t\t\t<strong>Dimensiones<\/strong><br \/>\t\t\t&#8211; 1226 &times; 280 &times; 767 mm<br \/>\t\t\t&#8211; Aprox. 12,8 kg<br \/>\t\t\t&#8211; VESA: 300 x 300 mm<br \/>\t\t\t<strong>Contenido<\/strong><br \/>\t\t\t&#8211; 1 x pantalla<br \/>\t\t\t&#8211; 1 x cable de corriente<br \/>\t\t\t&#8211; 1 x instrucciones de seguridad e instalaci&oacute;n<br \/>\t\t\t&#8211; 2 x componentes base<br \/>\t\t\t&#8211; 1 x juego de destornilladores<br \/>\t\t\t&#8211; 1 x mando a distancia Bluetooth<br \/>\t\t\t* Var&iacute;a seg&uacute;n el mercado<\/td>\n<\/tr>\n<tr>\n<td valign=\"top\"><strong>Fecha de revisi&oacute;n<\/strong><\/td>\n<td>27-11-2024 por RTY<\/td>\n<\/tr>\n<\/table>\n","protected":false},"excerpt":{"rendered":"<p>Marca Xiaomi Modelo 55MINILED Pantalla &#8211; Tama&ntilde;o: 55&#8243; &#8211; Tipo de pantalla: LED QD-Mini &#8211; Resoluci&oacute;n: 4K, 3840 x 2160 &#8211; &Aacute;ngulo de visi&oacute;n: 178&deg; (H)\/178&deg; (V) &#8211; Tasa de refresco: 144 Hz &#8211; Gama de colores: 94 % de DCI-P3 (typ) &#8211; MEMC: 4K 120Hz &#8211; Compatible con: Dolby Vision IQ, Dolby Vision, IMAX&hellip;&nbsp;<a href=\"https:\/\/aivlisoft.net\/shop\/producto\/xiaomi-tv-55-s-mini-led-2025-4k-google-tv-144hz\/\" rel=\"bookmark\"><span class=\"screen-reader-text\">Xiaomi TV 55&#8243; S Mini Led 2025 4K Google TV 144hz<\/span><\/a><\/p>\n","protected":false},"featured_media":17628,"template":"","meta":{"neve_meta_sidebar":"","neve_meta_container":"","neve_meta_enable_content_width":"","neve_meta_content_width":0,"neve_meta_title_alignment":"","neve_meta_author_avatar":"","neve_post_elements_order":"","neve_meta_disable_header":"","neve_meta_disable_footer":"","neve_meta_disable_title":""},"product_brand":[],"product_cat":[15,8794],"product_tag":[6465],"class_list":{"0":"post-17627","1":"product","2":"type-product","3":"status-publish","4":"has-post-thumbnail","6":"product_cat-sin-categorizar","7":"product_cat-tv","8":"product_tag-ela5666eu","10":"first","11":"instock","12":"taxable","13":"shipping-taxable","14":"purchasable","15":"product-type-simple"},"yoast_head":"<!-- This site is optimized with the Yoast SEO plugin v26.0 - https:\/\/yoast.com\/wordpress\/plugins\/seo\/ -->\n<title>Xiaomi TV 55&quot; S Mini Led 2025 4K Google TV 144hz - Aivlisoft Inform\u00e1tica<\/title>\n<meta name=\"robots\" content=\"index, follow, max-snippet:-1, max-image-preview:large, max-video-preview:-1\" \/>\n<link rel=\"canonical\" href=\"https:\/\/aivlisoft.net\/shop\/producto\/xiaomi-tv-55-s-mini-led-2025-4k-google-tv-144hz\/\" \/>\n<meta property=\"og:locale\" content=\"es_ES\" \/>\n<meta property=\"og:type\" content=\"article\" \/>\n<meta property=\"og:title\" content=\"Xiaomi TV 55&quot; S Mini Led 2025 4K Google TV 144hz - Aivlisoft Inform\u00e1tica\" \/>\n<meta property=\"og:description\" content=\"Marca Xiaomi Modelo 55MINILED Pantalla &#8211; Tama&ntilde;o: 55&#8243; &#8211; Tipo de pantalla: LED QD-Mini &#8211; Resoluci&oacute;n: 4K, 3840 x 2160 &#8211; &Aacute;ngulo de visi&oacute;n: 178&deg; (H)\/178&deg; (V) &#8211; Tasa de refresco: 144 Hz &#8211; Gama de colores: 94 % de DCI-P3 (typ) &#8211; MEMC: 4K 120Hz &#8211; Compatible con: Dolby Vision IQ, Dolby Vision, IMAX&hellip;&nbsp;Xiaomi TV 55&#8243; S Mini Led 2025 4K Google TV 144hz\" \/>\n<meta property=\"og:url\" content=\"https:\/\/aivlisoft.net\/shop\/producto\/xiaomi-tv-55-s-mini-led-2025-4k-google-tv-144hz\/\" \/>\n<meta property=\"og:site_name\" content=\"Aivlisoft Inform\u00e1tica\" \/>\n<meta property=\"article:modified_time\" content=\"2025-01-14T20:27:22+00:00\" \/>\n<meta property=\"og:image\" content=\"https:\/\/aivlisoft.net\/shop\/wp-content\/uploads\/2025\/01\/MTVLED0934_800.jpg\" \/>\n\t<meta property=\"og:image:width\" content=\"800\" \/>\n\t<meta property=\"og:image:height\" content=\"800\" \/>\n\t<meta property=\"og:image:type\" content=\"image\/jpeg\" \/>\n<meta name=\"twitter:card\" content=\"summary_large_image\" \/>\n<meta name=\"twitter:label1\" content=\"Tiempo de lectura\" \/>\n\t<meta name=\"twitter:data1\" content=\"2 minutos\" \/>\n<script type=\"application\/ld+json\" class=\"yoast-schema-graph\">{\"@context\":\"https:\/\/schema.org\",\"@graph\":[{\"@type\":\"WebPage\",\"@id\":\"https:\/\/aivlisoft.net\/shop\/producto\/xiaomi-tv-55-s-mini-led-2025-4k-google-tv-144hz\/\",\"url\":\"https:\/\/aivlisoft.net\/shop\/producto\/xiaomi-tv-55-s-mini-led-2025-4k-google-tv-144hz\/\",\"name\":\"Xiaomi TV 55\\\" S Mini Led 2025 4K Google TV 144hz - Aivlisoft Inform\u00e1tica\",\"isPartOf\":{\"@id\":\"https:\/\/aivlisoft.net\/shop\/#website\"},\"primaryImageOfPage\":{\"@id\":\"https:\/\/aivlisoft.net\/shop\/producto\/xiaomi-tv-55-s-mini-led-2025-4k-google-tv-144hz\/#primaryimage\"},\"image\":{\"@id\":\"https:\/\/aivlisoft.net\/shop\/producto\/xiaomi-tv-55-s-mini-led-2025-4k-google-tv-144hz\/#primaryimage\"},\"thumbnailUrl\":\"https:\/\/aivlisoft.net\/shop\/wp-content\/uploads\/2025\/01\/MTVLED0934_800.jpg\",\"datePublished\":\"2025-01-13T15:14:01+00:00\",\"dateModified\":\"2025-01-14T20:27:22+00:00\",\"breadcrumb\":{\"@id\":\"https:\/\/aivlisoft.net\/shop\/producto\/xiaomi-tv-55-s-mini-led-2025-4k-google-tv-144hz\/#breadcrumb\"},\"inLanguage\":\"es\",\"potentialAction\":[{\"@type\":\"ReadAction\",\"target\":[\"https:\/\/aivlisoft.net\/shop\/producto\/xiaomi-tv-55-s-mini-led-2025-4k-google-tv-144hz\/\"]}]},{\"@type\":\"ImageObject\",\"inLanguage\":\"es\",\"@id\":\"https:\/\/aivlisoft.net\/shop\/producto\/xiaomi-tv-55-s-mini-led-2025-4k-google-tv-144hz\/#primaryimage\",\"url\":\"https:\/\/aivlisoft.net\/shop\/wp-content\/uploads\/2025\/01\/MTVLED0934_800.jpg\",\"contentUrl\":\"https:\/\/aivlisoft.net\/shop\/wp-content\/uploads\/2025\/01\/MTVLED0934_800.jpg\",\"width\":800,\"height\":800},{\"@type\":\"BreadcrumbList\",\"@id\":\"https:\/\/aivlisoft.net\/shop\/producto\/xiaomi-tv-55-s-mini-led-2025-4k-google-tv-144hz\/#breadcrumb\",\"itemListElement\":[{\"@type\":\"ListItem\",\"position\":1,\"name\":\"Portada\",\"item\":\"https:\/\/aivlisoft.net\/shop\/\"},{\"@type\":\"ListItem\",\"position\":2,\"name\":\"Tienda\",\"item\":\"https:\/\/aivlisoft.net\/shop\/tienda\/\"},{\"@type\":\"ListItem\",\"position\":3,\"name\":\"Xiaomi TV 55&#8243; S Mini Led 2025 4K Google TV 144hz\"}]},{\"@type\":\"WebSite\",\"@id\":\"https:\/\/aivlisoft.net\/shop\/#website\",\"url\":\"https:\/\/aivlisoft.net\/shop\/\",\"name\":\"Aivlisoft Inform\u00e1tica\",\"description\":\"En Aivlisoft Inform\u00e1tica ofrecemos soluciones tecnol\u00f3gicas para empresas: venta de ordenadores, consumibles, perif\u00e9ricos y m\u00e1s. Calidad, atenci\u00f3n personalizada y los mejores precios para tu negocio.\",\"publisher\":{\"@id\":\"https:\/\/aivlisoft.net\/shop\/#organization\"},\"potentialAction\":[{\"@type\":\"SearchAction\",\"target\":{\"@type\":\"EntryPoint\",\"urlTemplate\":\"https:\/\/aivlisoft.net\/shop\/?s={search_term_string}\"},\"query-input\":{\"@type\":\"PropertyValueSpecification\",\"valueRequired\":true,\"valueName\":\"search_term_string\"}}],\"inLanguage\":\"es\"},{\"@type\":\"Organization\",\"@id\":\"https:\/\/aivlisoft.net\/shop\/#organization\",\"name\":\"Aivlisoft Inform\u00e1tica\",\"url\":\"https:\/\/aivlisoft.net\/shop\/\",\"logo\":{\"@type\":\"ImageObject\",\"inLanguage\":\"es\",\"@id\":\"https:\/\/aivlisoft.net\/shop\/#\/schema\/logo\/image\/\",\"url\":\"https:\/\/aivlisoft.net\/shop\/wp-content\/uploads\/2024\/12\/removal.ai_5b848c54-0cdf-4140-95c5-c5536bb7573b-logodef.png\",\"contentUrl\":\"https:\/\/aivlisoft.net\/shop\/wp-content\/uploads\/2024\/12\/removal.ai_5b848c54-0cdf-4140-95c5-c5536bb7573b-logodef.png\",\"width\":484,\"height\":182,\"caption\":\"Aivlisoft Inform\u00e1tica\"},\"image\":{\"@id\":\"https:\/\/aivlisoft.net\/shop\/#\/schema\/logo\/image\/\"}}]}<\/script>\n<!-- \/ Yoast SEO plugin. -->","yoast_head_json":{"title":"Xiaomi TV 55\" S Mini Led 2025 4K Google TV 144hz - Aivlisoft Inform\u00e1tica","robots":{"index":"index","follow":"follow","max-snippet":"max-snippet:-1","max-image-preview":"max-image-preview:large","max-video-preview":"max-video-preview:-1"},"canonical":"https:\/\/aivlisoft.net\/shop\/producto\/xiaomi-tv-55-s-mini-led-2025-4k-google-tv-144hz\/","og_locale":"es_ES","og_type":"article","og_title":"Xiaomi TV 55\" S Mini Led 2025 4K Google TV 144hz - Aivlisoft Inform\u00e1tica","og_description":"Marca Xiaomi Modelo 55MINILED Pantalla &#8211; Tama&ntilde;o: 55&#8243; &#8211; Tipo de pantalla: LED QD-Mini &#8211; Resoluci&oacute;n: 4K, 3840 x 2160 &#8211; &Aacute;ngulo de visi&oacute;n: 178&deg; (H)\/178&deg; (V) &#8211; Tasa de refresco: 144 Hz &#8211; Gama de colores: 94 % de DCI-P3 (typ) &#8211; MEMC: 4K 120Hz &#8211; Compatible con: Dolby Vision IQ, Dolby Vision, IMAX&hellip;&nbsp;Xiaomi TV 55&#8243; S Mini Led 2025 4K Google TV 144hz","og_url":"https:\/\/aivlisoft.net\/shop\/producto\/xiaomi-tv-55-s-mini-led-2025-4k-google-tv-144hz\/","og_site_name":"Aivlisoft Inform\u00e1tica","article_modified_time":"2025-01-14T20:27:22+00:00","og_image":[{"width":800,"height":800,"url":"https:\/\/aivlisoft.net\/shop\/wp-content\/uploads\/2025\/01\/MTVLED0934_800.jpg","type":"image\/jpeg"}],"twitter_card":"summary_large_image","twitter_misc":{"Tiempo de lectura":"2 minutos"},"schema":{"@context":"https:\/\/schema.org","@graph":[{"@type":"WebPage","@id":"https:\/\/aivlisoft.net\/shop\/producto\/xiaomi-tv-55-s-mini-led-2025-4k-google-tv-144hz\/","url":"https:\/\/aivlisoft.net\/shop\/producto\/xiaomi-tv-55-s-mini-led-2025-4k-google-tv-144hz\/","name":"Xiaomi TV 55\" S Mini Led 2025 4K Google TV 144hz - Aivlisoft Inform\u00e1tica","isPartOf":{"@id":"https:\/\/aivlisoft.net\/shop\/#website"},"primaryImageOfPage":{"@id":"https:\/\/aivlisoft.net\/shop\/producto\/xiaomi-tv-55-s-mini-led-2025-4k-google-tv-144hz\/#primaryimage"},"image":{"@id":"https:\/\/aivlisoft.net\/shop\/producto\/xiaomi-tv-55-s-mini-led-2025-4k-google-tv-144hz\/#primaryimage"},"thumbnailUrl":"https:\/\/aivlisoft.net\/shop\/wp-content\/uploads\/2025\/01\/MTVLED0934_800.jpg","datePublished":"2025-01-13T15:14:01+00:00","dateModified":"2025-01-14T20:27:22+00:00","breadcrumb":{"@id":"https:\/\/aivlisoft.net\/shop\/producto\/xiaomi-tv-55-s-mini-led-2025-4k-google-tv-144hz\/#breadcrumb"},"inLanguage":"es","potentialAction":[{"@type":"ReadAction","target":["https:\/\/aivlisoft.net\/shop\/producto\/xiaomi-tv-55-s-mini-led-2025-4k-google-tv-144hz\/"]}]},{"@type":"ImageObject","inLanguage":"es","@id":"https:\/\/aivlisoft.net\/shop\/producto\/xiaomi-tv-55-s-mini-led-2025-4k-google-tv-144hz\/#primaryimage","url":"https:\/\/aivlisoft.net\/shop\/wp-content\/uploads\/2025\/01\/MTVLED0934_800.jpg","contentUrl":"https:\/\/aivlisoft.net\/shop\/wp-content\/uploads\/2025\/01\/MTVLED0934_800.jpg","width":800,"height":800},{"@type":"BreadcrumbList","@id":"https:\/\/aivlisoft.net\/shop\/producto\/xiaomi-tv-55-s-mini-led-2025-4k-google-tv-144hz\/#breadcrumb","itemListElement":[{"@type":"ListItem","position":1,"name":"Portada","item":"https:\/\/aivlisoft.net\/shop\/"},{"@type":"ListItem","position":2,"name":"Tienda","item":"https:\/\/aivlisoft.net\/shop\/tienda\/"},{"@type":"ListItem","position":3,"name":"Xiaomi TV 55&#8243; S Mini Led 2025 4K Google TV 144hz"}]},{"@type":"WebSite","@id":"https:\/\/aivlisoft.net\/shop\/#website","url":"https:\/\/aivlisoft.net\/shop\/","name":"Aivlisoft Inform\u00e1tica","description":"En Aivlisoft Inform\u00e1tica ofrecemos soluciones tecnol\u00f3gicas para empresas: venta de ordenadores, consumibles, perif\u00e9ricos y m\u00e1s. Calidad, atenci\u00f3n personalizada y los mejores precios para tu negocio.","publisher":{"@id":"https:\/\/aivlisoft.net\/shop\/#organization"},"potentialAction":[{"@type":"SearchAction","target":{"@type":"EntryPoint","urlTemplate":"https:\/\/aivlisoft.net\/shop\/?s={search_term_string}"},"query-input":{"@type":"PropertyValueSpecification","valueRequired":true,"valueName":"search_term_string"}}],"inLanguage":"es"},{"@type":"Organization","@id":"https:\/\/aivlisoft.net\/shop\/#organization","name":"Aivlisoft Inform\u00e1tica","url":"https:\/\/aivlisoft.net\/shop\/","logo":{"@type":"ImageObject","inLanguage":"es","@id":"https:\/\/aivlisoft.net\/shop\/#\/schema\/logo\/image\/","url":"https:\/\/aivlisoft.net\/shop\/wp-content\/uploads\/2024\/12\/removal.ai_5b848c54-0cdf-4140-95c5-c5536bb7573b-logodef.png","contentUrl":"https:\/\/aivlisoft.net\/shop\/wp-content\/uploads\/2024\/12\/removal.ai_5b848c54-0cdf-4140-95c5-c5536bb7573b-logodef.png","width":484,"height":182,"caption":"Aivlisoft Inform\u00e1tica"},"image":{"@id":"https:\/\/aivlisoft.net\/shop\/#\/schema\/logo\/image\/"}}]}},"_links":{"self":[{"href":"https:\/\/aivlisoft.net\/shop\/wp-json\/wp\/v2\/product\/17627","targetHints":{"allow":["GET"]}}],"collection":[{"href":"https:\/\/aivlisoft.net\/shop\/wp-json\/wp\/v2\/product"}],"about":[{"href":"https:\/\/aivlisoft.net\/shop\/wp-json\/wp\/v2\/types\/product"}],"wp:featuredmedia":[{"embeddable":true,"href":"https:\/\/aivlisoft.net\/shop\/wp-json\/wp\/v2\/media\/17628"}],"wp:attachment":[{"href":"https:\/\/aivlisoft.net\/shop\/wp-json\/wp\/v2\/media?parent=17627"}],"wp:term":[{"taxonomy":"product_brand","embeddable":true,"href":"https:\/\/aivlisoft.net\/shop\/wp-json\/wp\/v2\/product_brand?post=17627"},{"taxonomy":"product_cat","embeddable":true,"href":"https:\/\/aivlisoft.net\/shop\/wp-json\/wp\/v2\/product_cat?post=17627"},{"taxonomy":"product_tag","embeddable":true,"href":"https:\/\/aivlisoft.net\/shop\/wp-json\/wp\/v2\/product_tag?post=17627"}],"curies":[{"name":"wp","href":"https:\/\/api.w.org\/{rel}","templated":true}]}}