{"id":17615,"date":"2025-01-13T15:13:55","date_gmt":"2025-01-13T15:13:55","guid":{"rendered":"https:\/\/aivlisoft.com\/?post_type=product&#038;p=17615"},"modified":"2025-01-14T20:27:24","modified_gmt":"2025-01-14T20:27:24","slug":"samsung-tv-85-tq85q60d-qled-uhd-smart-tv-hdr10","status":"publish","type":"product","link":"https:\/\/aivlisoft.net\/shop\/producto\/samsung-tv-85-tq85q60d-qled-uhd-smart-tv-hdr10\/","title":{"rendered":"SAMSUNG TV 85&#8243; TQ85Q60D QLED UHD SMART TV HDR10+"},"content":{"rendered":"<p><\/p>\n<table class=\"tabla_caracteristicas k-table\" width=\"100%\">\n<tr>\n<td valign=\"top\"><strong>Marca<\/strong><\/td>\n<td>Samsung<\/td>\n<\/tr>\n<tr>\n<td valign=\"top\"><strong>Modelo<\/strong><\/td>\n<td><strong>TU43DU7105<\/strong><\/td>\n<\/tr>\n<tr>\n<td valign=\"top\"><strong>Pantalla<\/strong><\/td>\n<td>&#8211; Tama&ntilde;o de pantalla: <strong>85&#8243;<\/strong><br \/>\t\t\t&#8211; Tasa de Refresco: 50Hz<br \/>\t\t\t&#8211; Resoluci&oacute;n de la pantalla: 4K (3,840 x 2,160)<br \/>\t\t\t&#8211; Procesador de imagen: Quantum Processor Lite 4K<br \/>\t\t\t&#8211; HDR (Alto Rango Din&aacute;mico): Quantum HDR<br \/>\t\t\t&#8211; HDR 10+<br \/>\t\t\t&#8211; Escalado de imagen: 4K Upscaling<br \/>\t\t\t&#8211; Contraste: Dual LED<br \/>\t\t\t&#8211; Micro Dimming: Supreme UHD Dimming<br \/>\t\t\t&#8211; Mejora de contraste<br \/>\t\t\t&#8211; Tecnolog&iacute;a de movimiento: Motion Xcelerator<br \/>\t\t\t&#8211; Calibraci&oacute;n Inteligente: Basic<br \/>\t\t\t&#8211; Modo Director de cine<\/td>\n<\/tr>\n<tr>\n<td valign=\"top\"><strong>Conectividad<\/strong><\/td>\n<td>&#8211; Wi-Fi 5<br \/>\t\t\t&#8211; Bluetooth 5.2<br \/>\t\t\t<strong>Puertos<\/strong><br \/>\t\t\t&#8211; 3 x HDMI 4K 60Hz (for HDMI 1\/2\/3)<br \/>\t\t\t&#8211; 2 x USB-A<br \/>\t\t\t&#8211; 1 x Ethernet (LAN)<br \/>\t\t\t&#8211; 1 x Salida Audio Digital (&oacute;ptica)<br \/>\t\t\t&#8211; Entrada RF (Terrestre\/ Cable\/ sat&eacute;lite): 1\/1(Uso com&uacute;n para terrestre)\/1<br \/>\t\t\t&#8211; 1 x Clavija CI<br \/>\t\t\t&#8211; Anynet+ (HDMI-CEC)<br \/>\t\t\t&#8211; Canal HDMI de retorno de audio: eARC\/ARC<\/td>\n<\/tr>\n<tr>\n<td valign=\"top\"><strong>Caracter&iacute;sticas<\/strong><\/td>\n<td><strong>Smart TV<\/strong><br \/>\t\t\t&#8211; Sistema operativo: Tizen Smart TV<br \/>\t\t\t&#8211; Bixby<br \/>\t\t\t&#8211; Asistente de Voz integrado: Alexa (GB, DE, FR, IT, ES, AT, IE)<br \/>\t\t\t&#8211; Samsung TV Plus(GB, FR, DE, IT, ES, CH, AT, NL, SE, NO, DK, FI, PT, IE, BE, LU)<br \/>\t\t\t&#8211; Navegador web<br \/>\t\t\t&#8211; Funciona con altavoz de IA: Alexa (GB, DE, FR, IT, ES, AT, IE), Google Assistant (GB, FR, DE, IT, ES, CH, AT, NL, SE, NO, DK, FI, PT, IE, BE, LU)<br \/>\t\t\t&#8211; Funcionalidad SmartThings Hub \/ Matter Hub \/ IoT-Sensor<br \/>\t\t\t&#8211; Samsung Health(GB,IR solo)<br \/>\t\t\t&#8211; Gu&iacute;a Universal(GB, FR, DE, IT, ES)<br \/>\t\t\t&#8211; Experiencia Multi Dispositivo: M&oacute;vil a TV, Duplicado inicial TV, Duplicado sonido, TV Inal&aacute;mbrica On, Tap View<br \/>\t\t\t&#8211; Multi-View: hasta 2 videos<br \/>\t\t\t&#8211; Modo Ambient: Ambient<br \/>\t\t\t&#8211; NFT: Nifty Gateway<br \/>\t\t\t&#8211; Apple AirPlay: (w\/o Islas Aland, Islas Faroe, Antillas Holandesas, San Marino)<br \/>\t\t\t&#8211; Daily+<br \/>\t\t\t<strong>Gaming<\/strong><br \/>\t\t\t&#8211; Modo de Juego autom&aacute;tico (ALLM)<br \/>\t\t\t&#8211; Game Motion Plus<br \/>\t\t\t&#8211; Vista de juego s&uacute;per ultra ancha<br \/>\t\t\t&#8211; Mini Map Zoom<br \/>\t\t\t&#8211; Hue Sync(AT, BE, DK, FI, FR, DE, IT, NL, NO, PT, ES, SE, CH, GB)<br \/>\t\t\t&#8211; HGiG<br \/>\t\t\t&#8211; Gaming Hub(KR, US, CA, BR, GB, FR, DE, IT, ES, MX, AU)<br \/>\t\t\t<strong>Recepci&oacute;n<\/strong><br \/>\t\t\t&#8211; Transmisi&oacute;n digital: DVB-T2CS2<br \/>\t\t\t&#8211; Sintonizador anal&oacute;gico<br \/>\t\t\t&#8211; CI (Interfaz com&uacute;n): CI+(1.4) \/ CI+(1.4 ECP)_IT solo<br \/>\t\t\t&#8211; Clave TV<br \/>\t\t\t&#8211; Retansmisi&oacute;n de datos: HbbTV 2.0.3 (IT,GB,DE,CZ,SK,ES,PL,AT,FR,FI,EE,GR,SI,HR,BE,NL,LU,LT,HU,CH,PT,DK,ME)<br \/>\t\t\t<strong>Alimentaci&oacute;n<\/strong><br \/>\t\t\t&#8211; Suministro de energ&iacute;a: AC220-240V~ 50\/60Hz<br \/>\t\t\t&#8211; Consumo de energ&iacute;a (m&aacute;x.): 280 W<br \/>\t\t\t&#8211; Consumo de energ&iacute;a (Stand-by): 0,50 W<br \/>\t\t\t&#8211; Eco Sensor<br \/>\t\t\t&#8211; Eficiencia Energ&eacute;tica: G<br \/>\t\t\t&#8211; Consumo de energ&iacute;a (Est&aacute;ndar): 129 W<br \/>\t\t\t&#8211; Consumo anual de energ&iacute;a (est&aacute;ndar EU): 179 kWh<br \/>\t\t\t&#8211; Apagado autom&aacute;tico<br \/>\t\t\t&#8211; Ahorro de energ&iacute;a autom&aacute;tico<br \/>\t\t\t<strong>Dimensiones<\/strong><br \/>\t\t\t&#8211; 1900,9 x 1123,3 x 345,1 mm<br \/>\t\t\t&#8211; 42,5 kg<br \/>\t\t\t&#8211; VESA: 600 x 400 mm<\/td>\n<\/tr>\n<tr>\n<td valign=\"top\"><strong>Certificado energ&eacute;tico<\/strong><\/td>\n<td><a alt=\"Certificado energ&Atilde;&#402;????&Atilde;&#402;???&Atilde;&#402;??&Atilde;&#402;?&Atilde;&#8218;&Acirc;&copy;tico\" href=\"https:\/\/www.infortisa.com\/images\/content\/2024111514532828844MTVLED0931.webp\" target=\"_blank\">Ver certificado<\/a><\/td>\n<\/tr>\n<tr>\n<td valign=\"top\"><strong>Fecha de revisi&oacute;n<\/strong><\/td>\n<td>15-11-2024 por RTY<\/td>\n<\/tr>\n<\/table>\n","protected":false},"excerpt":{"rendered":"<p>Marca Samsung Modelo TU43DU7105 Pantalla &#8211; Tama&ntilde;o de pantalla: 85&#8243; &#8211; Tasa de Refresco: 50Hz &#8211; Resoluci&oacute;n de la pantalla: 4K (3,840 x 2,160) &#8211; Procesador de imagen: Quantum Processor Lite 4K &#8211; HDR (Alto Rango Din&aacute;mico): Quantum HDR &#8211; HDR 10+ &#8211; Escalado de imagen: 4K Upscaling &#8211; Contraste: Dual LED &#8211; Micro Dimming:&hellip;&nbsp;<a href=\"https:\/\/aivlisoft.net\/shop\/producto\/samsung-tv-85-tq85q60d-qled-uhd-smart-tv-hdr10\/\" rel=\"bookmark\"><span class=\"screen-reader-text\">SAMSUNG TV 85&#8243; TQ85Q60D QLED UHD SMART TV HDR10+<\/span><\/a><\/p>\n","protected":false},"featured_media":17616,"template":"","meta":{"neve_meta_sidebar":"","neve_meta_container":"","neve_meta_enable_content_width":"","neve_meta_content_width":0,"neve_meta_title_alignment":"","neve_meta_author_avatar":"","neve_post_elements_order":"","neve_meta_disable_header":"","neve_meta_disable_footer":"","neve_meta_disable_title":""},"product_brand":[],"product_cat":[15,8794],"product_tag":[6462],"class_list":{"0":"post-17615","1":"product","2":"type-product","3":"status-publish","4":"has-post-thumbnail","6":"product_cat-sin-categorizar","7":"product_cat-tv","8":"product_tag-tq85q60d","10":"first","11":"instock","12":"taxable","13":"shipping-taxable","14":"purchasable","15":"product-type-simple"},"yoast_head":"<!-- This site is optimized with the Yoast SEO plugin v26.0 - https:\/\/yoast.com\/wordpress\/plugins\/seo\/ -->\n<title>SAMSUNG TV 85&quot; TQ85Q60D QLED UHD SMART TV HDR10+ - Aivlisoft Inform\u00e1tica<\/title>\n<meta name=\"robots\" content=\"index, follow, max-snippet:-1, max-image-preview:large, max-video-preview:-1\" \/>\n<link rel=\"canonical\" href=\"https:\/\/aivlisoft.net\/shop\/producto\/samsung-tv-85-tq85q60d-qled-uhd-smart-tv-hdr10\/\" \/>\n<meta property=\"og:locale\" content=\"es_ES\" \/>\n<meta property=\"og:type\" content=\"article\" \/>\n<meta property=\"og:title\" content=\"SAMSUNG TV 85&quot; TQ85Q60D QLED UHD SMART TV HDR10+ - Aivlisoft Inform\u00e1tica\" \/>\n<meta property=\"og:description\" content=\"Marca Samsung Modelo TU43DU7105 Pantalla &#8211; Tama&ntilde;o de pantalla: 85&#8243; &#8211; Tasa de Refresco: 50Hz &#8211; Resoluci&oacute;n de la pantalla: 4K (3,840 x 2,160) &#8211; Procesador de imagen: Quantum Processor Lite 4K &#8211; HDR (Alto Rango Din&aacute;mico): Quantum HDR &#8211; HDR 10+ &#8211; Escalado de imagen: 4K Upscaling &#8211; Contraste: Dual LED &#8211; Micro Dimming:&hellip;&nbsp;SAMSUNG TV 85&#8243; TQ85Q60D QLED UHD SMART TV HDR10+\" \/>\n<meta property=\"og:url\" content=\"https:\/\/aivlisoft.net\/shop\/producto\/samsung-tv-85-tq85q60d-qled-uhd-smart-tv-hdr10\/\" \/>\n<meta property=\"og:site_name\" content=\"Aivlisoft Inform\u00e1tica\" \/>\n<meta property=\"article:modified_time\" content=\"2025-01-14T20:27:24+00:00\" \/>\n<meta property=\"og:image\" content=\"https:\/\/aivlisoft.net\/shop\/wp-content\/uploads\/2025\/01\/MTVLED0931_800.jpg\" \/>\n\t<meta property=\"og:image:width\" content=\"800\" \/>\n\t<meta property=\"og:image:height\" content=\"800\" \/>\n\t<meta property=\"og:image:type\" content=\"image\/jpeg\" \/>\n<meta name=\"twitter:card\" content=\"summary_large_image\" \/>\n<meta name=\"twitter:label1\" content=\"Tiempo de lectura\" \/>\n\t<meta name=\"twitter:data1\" content=\"3 minutos\" \/>\n<script type=\"application\/ld+json\" class=\"yoast-schema-graph\">{\"@context\":\"https:\/\/schema.org\",\"@graph\":[{\"@type\":\"WebPage\",\"@id\":\"https:\/\/aivlisoft.net\/shop\/producto\/samsung-tv-85-tq85q60d-qled-uhd-smart-tv-hdr10\/\",\"url\":\"https:\/\/aivlisoft.net\/shop\/producto\/samsung-tv-85-tq85q60d-qled-uhd-smart-tv-hdr10\/\",\"name\":\"SAMSUNG TV 85\\\" TQ85Q60D QLED UHD SMART TV HDR10+ - Aivlisoft Inform\u00e1tica\",\"isPartOf\":{\"@id\":\"https:\/\/aivlisoft.net\/shop\/#website\"},\"primaryImageOfPage\":{\"@id\":\"https:\/\/aivlisoft.net\/shop\/producto\/samsung-tv-85-tq85q60d-qled-uhd-smart-tv-hdr10\/#primaryimage\"},\"image\":{\"@id\":\"https:\/\/aivlisoft.net\/shop\/producto\/samsung-tv-85-tq85q60d-qled-uhd-smart-tv-hdr10\/#primaryimage\"},\"thumbnailUrl\":\"https:\/\/aivlisoft.net\/shop\/wp-content\/uploads\/2025\/01\/MTVLED0931_800.jpg\",\"datePublished\":\"2025-01-13T15:13:55+00:00\",\"dateModified\":\"2025-01-14T20:27:24+00:00\",\"breadcrumb\":{\"@id\":\"https:\/\/aivlisoft.net\/shop\/producto\/samsung-tv-85-tq85q60d-qled-uhd-smart-tv-hdr10\/#breadcrumb\"},\"inLanguage\":\"es\",\"potentialAction\":[{\"@type\":\"ReadAction\",\"target\":[\"https:\/\/aivlisoft.net\/shop\/producto\/samsung-tv-85-tq85q60d-qled-uhd-smart-tv-hdr10\/\"]}]},{\"@type\":\"ImageObject\",\"inLanguage\":\"es\",\"@id\":\"https:\/\/aivlisoft.net\/shop\/producto\/samsung-tv-85-tq85q60d-qled-uhd-smart-tv-hdr10\/#primaryimage\",\"url\":\"https:\/\/aivlisoft.net\/shop\/wp-content\/uploads\/2025\/01\/MTVLED0931_800.jpg\",\"contentUrl\":\"https:\/\/aivlisoft.net\/shop\/wp-content\/uploads\/2025\/01\/MTVLED0931_800.jpg\",\"width\":800,\"height\":800},{\"@type\":\"BreadcrumbList\",\"@id\":\"https:\/\/aivlisoft.net\/shop\/producto\/samsung-tv-85-tq85q60d-qled-uhd-smart-tv-hdr10\/#breadcrumb\",\"itemListElement\":[{\"@type\":\"ListItem\",\"position\":1,\"name\":\"Portada\",\"item\":\"https:\/\/aivlisoft.net\/shop\/\"},{\"@type\":\"ListItem\",\"position\":2,\"name\":\"Tienda\",\"item\":\"https:\/\/aivlisoft.net\/shop\/tienda\/\"},{\"@type\":\"ListItem\",\"position\":3,\"name\":\"SAMSUNG TV 85&#8243; TQ85Q60D QLED UHD SMART TV HDR10+\"}]},{\"@type\":\"WebSite\",\"@id\":\"https:\/\/aivlisoft.net\/shop\/#website\",\"url\":\"https:\/\/aivlisoft.net\/shop\/\",\"name\":\"Aivlisoft Inform\u00e1tica\",\"description\":\"En Aivlisoft Inform\u00e1tica ofrecemos soluciones tecnol\u00f3gicas para empresas: venta de ordenadores, consumibles, perif\u00e9ricos y m\u00e1s. Calidad, atenci\u00f3n personalizada y los mejores precios para tu negocio.\",\"publisher\":{\"@id\":\"https:\/\/aivlisoft.net\/shop\/#organization\"},\"potentialAction\":[{\"@type\":\"SearchAction\",\"target\":{\"@type\":\"EntryPoint\",\"urlTemplate\":\"https:\/\/aivlisoft.net\/shop\/?s={search_term_string}\"},\"query-input\":{\"@type\":\"PropertyValueSpecification\",\"valueRequired\":true,\"valueName\":\"search_term_string\"}}],\"inLanguage\":\"es\"},{\"@type\":\"Organization\",\"@id\":\"https:\/\/aivlisoft.net\/shop\/#organization\",\"name\":\"Aivlisoft Inform\u00e1tica\",\"url\":\"https:\/\/aivlisoft.net\/shop\/\",\"logo\":{\"@type\":\"ImageObject\",\"inLanguage\":\"es\",\"@id\":\"https:\/\/aivlisoft.net\/shop\/#\/schema\/logo\/image\/\",\"url\":\"https:\/\/aivlisoft.net\/shop\/wp-content\/uploads\/2024\/12\/removal.ai_5b848c54-0cdf-4140-95c5-c5536bb7573b-logodef.png\",\"contentUrl\":\"https:\/\/aivlisoft.net\/shop\/wp-content\/uploads\/2024\/12\/removal.ai_5b848c54-0cdf-4140-95c5-c5536bb7573b-logodef.png\",\"width\":484,\"height\":182,\"caption\":\"Aivlisoft Inform\u00e1tica\"},\"image\":{\"@id\":\"https:\/\/aivlisoft.net\/shop\/#\/schema\/logo\/image\/\"}}]}<\/script>\n<!-- \/ Yoast SEO plugin. -->","yoast_head_json":{"title":"SAMSUNG TV 85\" TQ85Q60D QLED UHD SMART TV HDR10+ - Aivlisoft Inform\u00e1tica","robots":{"index":"index","follow":"follow","max-snippet":"max-snippet:-1","max-image-preview":"max-image-preview:large","max-video-preview":"max-video-preview:-1"},"canonical":"https:\/\/aivlisoft.net\/shop\/producto\/samsung-tv-85-tq85q60d-qled-uhd-smart-tv-hdr10\/","og_locale":"es_ES","og_type":"article","og_title":"SAMSUNG TV 85\" TQ85Q60D QLED UHD SMART TV HDR10+ - Aivlisoft Inform\u00e1tica","og_description":"Marca Samsung Modelo TU43DU7105 Pantalla &#8211; Tama&ntilde;o de pantalla: 85&#8243; &#8211; Tasa de Refresco: 50Hz &#8211; Resoluci&oacute;n de la pantalla: 4K (3,840 x 2,160) &#8211; Procesador de imagen: Quantum Processor Lite 4K &#8211; HDR (Alto Rango Din&aacute;mico): Quantum HDR &#8211; HDR 10+ &#8211; Escalado de imagen: 4K Upscaling &#8211; Contraste: Dual LED &#8211; Micro Dimming:&hellip;&nbsp;SAMSUNG TV 85&#8243; TQ85Q60D QLED UHD SMART TV HDR10+","og_url":"https:\/\/aivlisoft.net\/shop\/producto\/samsung-tv-85-tq85q60d-qled-uhd-smart-tv-hdr10\/","og_site_name":"Aivlisoft Inform\u00e1tica","article_modified_time":"2025-01-14T20:27:24+00:00","og_image":[{"width":800,"height":800,"url":"https:\/\/aivlisoft.net\/shop\/wp-content\/uploads\/2025\/01\/MTVLED0931_800.jpg","type":"image\/jpeg"}],"twitter_card":"summary_large_image","twitter_misc":{"Tiempo de lectura":"3 minutos"},"schema":{"@context":"https:\/\/schema.org","@graph":[{"@type":"WebPage","@id":"https:\/\/aivlisoft.net\/shop\/producto\/samsung-tv-85-tq85q60d-qled-uhd-smart-tv-hdr10\/","url":"https:\/\/aivlisoft.net\/shop\/producto\/samsung-tv-85-tq85q60d-qled-uhd-smart-tv-hdr10\/","name":"SAMSUNG TV 85\" TQ85Q60D QLED UHD SMART TV HDR10+ - Aivlisoft Inform\u00e1tica","isPartOf":{"@id":"https:\/\/aivlisoft.net\/shop\/#website"},"primaryImageOfPage":{"@id":"https:\/\/aivlisoft.net\/shop\/producto\/samsung-tv-85-tq85q60d-qled-uhd-smart-tv-hdr10\/#primaryimage"},"image":{"@id":"https:\/\/aivlisoft.net\/shop\/producto\/samsung-tv-85-tq85q60d-qled-uhd-smart-tv-hdr10\/#primaryimage"},"thumbnailUrl":"https:\/\/aivlisoft.net\/shop\/wp-content\/uploads\/2025\/01\/MTVLED0931_800.jpg","datePublished":"2025-01-13T15:13:55+00:00","dateModified":"2025-01-14T20:27:24+00:00","breadcrumb":{"@id":"https:\/\/aivlisoft.net\/shop\/producto\/samsung-tv-85-tq85q60d-qled-uhd-smart-tv-hdr10\/#breadcrumb"},"inLanguage":"es","potentialAction":[{"@type":"ReadAction","target":["https:\/\/aivlisoft.net\/shop\/producto\/samsung-tv-85-tq85q60d-qled-uhd-smart-tv-hdr10\/"]}]},{"@type":"ImageObject","inLanguage":"es","@id":"https:\/\/aivlisoft.net\/shop\/producto\/samsung-tv-85-tq85q60d-qled-uhd-smart-tv-hdr10\/#primaryimage","url":"https:\/\/aivlisoft.net\/shop\/wp-content\/uploads\/2025\/01\/MTVLED0931_800.jpg","contentUrl":"https:\/\/aivlisoft.net\/shop\/wp-content\/uploads\/2025\/01\/MTVLED0931_800.jpg","width":800,"height":800},{"@type":"BreadcrumbList","@id":"https:\/\/aivlisoft.net\/shop\/producto\/samsung-tv-85-tq85q60d-qled-uhd-smart-tv-hdr10\/#breadcrumb","itemListElement":[{"@type":"ListItem","position":1,"name":"Portada","item":"https:\/\/aivlisoft.net\/shop\/"},{"@type":"ListItem","position":2,"name":"Tienda","item":"https:\/\/aivlisoft.net\/shop\/tienda\/"},{"@type":"ListItem","position":3,"name":"SAMSUNG TV 85&#8243; TQ85Q60D QLED UHD SMART TV HDR10+"}]},{"@type":"WebSite","@id":"https:\/\/aivlisoft.net\/shop\/#website","url":"https:\/\/aivlisoft.net\/shop\/","name":"Aivlisoft Inform\u00e1tica","description":"En Aivlisoft Inform\u00e1tica ofrecemos soluciones tecnol\u00f3gicas para empresas: venta de ordenadores, consumibles, perif\u00e9ricos y m\u00e1s. Calidad, atenci\u00f3n personalizada y los mejores precios para tu negocio.","publisher":{"@id":"https:\/\/aivlisoft.net\/shop\/#organization"},"potentialAction":[{"@type":"SearchAction","target":{"@type":"EntryPoint","urlTemplate":"https:\/\/aivlisoft.net\/shop\/?s={search_term_string}"},"query-input":{"@type":"PropertyValueSpecification","valueRequired":true,"valueName":"search_term_string"}}],"inLanguage":"es"},{"@type":"Organization","@id":"https:\/\/aivlisoft.net\/shop\/#organization","name":"Aivlisoft Inform\u00e1tica","url":"https:\/\/aivlisoft.net\/shop\/","logo":{"@type":"ImageObject","inLanguage":"es","@id":"https:\/\/aivlisoft.net\/shop\/#\/schema\/logo\/image\/","url":"https:\/\/aivlisoft.net\/shop\/wp-content\/uploads\/2024\/12\/removal.ai_5b848c54-0cdf-4140-95c5-c5536bb7573b-logodef.png","contentUrl":"https:\/\/aivlisoft.net\/shop\/wp-content\/uploads\/2024\/12\/removal.ai_5b848c54-0cdf-4140-95c5-c5536bb7573b-logodef.png","width":484,"height":182,"caption":"Aivlisoft Inform\u00e1tica"},"image":{"@id":"https:\/\/aivlisoft.net\/shop\/#\/schema\/logo\/image\/"}}]}},"_links":{"self":[{"href":"https:\/\/aivlisoft.net\/shop\/wp-json\/wp\/v2\/product\/17615","targetHints":{"allow":["GET"]}}],"collection":[{"href":"https:\/\/aivlisoft.net\/shop\/wp-json\/wp\/v2\/product"}],"about":[{"href":"https:\/\/aivlisoft.net\/shop\/wp-json\/wp\/v2\/types\/product"}],"wp:featuredmedia":[{"embeddable":true,"href":"https:\/\/aivlisoft.net\/shop\/wp-json\/wp\/v2\/media\/17616"}],"wp:attachment":[{"href":"https:\/\/aivlisoft.net\/shop\/wp-json\/wp\/v2\/media?parent=17615"}],"wp:term":[{"taxonomy":"product_brand","embeddable":true,"href":"https:\/\/aivlisoft.net\/shop\/wp-json\/wp\/v2\/product_brand?post=17615"},{"taxonomy":"product_cat","embeddable":true,"href":"https:\/\/aivlisoft.net\/shop\/wp-json\/wp\/v2\/product_cat?post=17615"},{"taxonomy":"product_tag","embeddable":true,"href":"https:\/\/aivlisoft.net\/shop\/wp-json\/wp\/v2\/product_tag?post=17615"}],"curies":[{"name":"wp","href":"https:\/\/api.w.org\/{rel}","templated":true}]}}