{"id":17606,"date":"2025-01-13T15:13:51","date_gmt":"2025-01-13T15:13:51","guid":{"rendered":"https:\/\/aivlisoft.com\/?post_type=product&#038;p=17606"},"modified":"2025-01-14T20:27:26","modified_gmt":"2025-01-14T20:27:26","slug":"toshiba-tv-55-55qv3463dg-uhd-qled-smart-tv-peana","status":"publish","type":"product","link":"https:\/\/aivlisoft.net\/shop\/producto\/toshiba-tv-55-55qv3463dg-uhd-qled-smart-tv-peana\/","title":{"rendered":"TOSHIBA TV 55&#8243; 55QV3463DG UHD QLED SMART TV PEANA"},"content":{"rendered":"<p><\/p>\n<table class=\"tabla_caracteristicas k-table\" width=\"100%\">\n<tr>\n<td valign=\"top\"><strong>Marca<\/strong><\/td>\n<td>Toshiba<\/td>\n<\/tr>\n<tr>\n<td valign=\"top\"><strong>Modelo<\/strong><\/td>\n<td><strong>55QV3463DG<\/strong><\/td>\n<\/tr>\n<tr>\n<td valign=\"top\"><strong>Pantalla<\/strong><\/td>\n<td>&#8211; Tama&ntilde;o<strong>: 55&#8243;<\/strong> \/ 139cm<br \/>\t\t\t&#8211; Tecnolog&iacute;a: Direct Back Light (<strong>DLED<\/strong>)<br \/>\t\t\t&#8211; Resoluci&oacute;n max.: Ultra HD (3840 x 2160)<br \/>\t\t\t&#8211; Brillo: 250<\/td>\n<\/tr>\n<tr>\n<td valign=\"top\"><strong>Conexiones<\/strong><\/td>\n<td>&#8211; CI+<br \/>\t\t\t&#8211; 3 x HDMI<br \/>\t\t\t&#8211; 2 x USB<br \/>\t\t\t&#8211; Ethernet<br \/>\t\t\t&#8211; Salida de audio digital: &Oacute;ptico<br \/>\t\t\t&#8211; Salida de auriculares<br \/>\t\t\t&#8211; Entrada de antena<\/td>\n<\/tr>\n<tr>\n<td valign=\"top\"><strong>Caracteristicas<\/strong><\/td>\n<td><strong>TV<\/strong><br \/>\t\t\t&#8211; Decodificador HEVC (H.265)<br \/>\t\t\t&#8211; Tipo sintonizador: HD DVB-T2\/C\/S2<br \/>\t\t\t&#8211; UHD desde sat&eacute;lite<br \/>\t\t\t&#8211; Gu&iacute;a electr&oacute;nica de programas (EPG)<br \/>\t\t\t&#8211; B&uacute;squeda autom&aacute;tica<br \/>\t\t\t&#8211; Capacidad de almacenamiento del programa (anal&oacute;gico): 200<br \/>\t\t\t&#8211; Capacidad de almacenamiento del programa (Digital S\/S2): 10000<br \/>\t\t\t&#8211; Capacidad de almacenamiento del programa (Digital T\/T2\/C): 800<br \/>\t\t\t<strong>Smart TV<\/strong><br \/>\t\t\t&#8211; HBBTV ver 2.0.2<br \/>\t\t\t&#8211; Audio-Video Sharing (AVS)<br \/>\t\t\t&#8211; Smart Portal: VIDAA<br \/>\t\t\t&#8211; Web Browser<br \/>\t\t\t&#8211; Netflix<br \/>\t\t\t&#8211; YouTube<br \/>\t\t\t&#8211; Screen Mirroring<br \/>\t\t\t&#8211; Prime Video<br \/>\t\t\t&#8211; Amazon Alexa: Works With Alexa<br \/>\t\t\t&#8211; Netflix 4K<br \/>\t\t\t&#8211; Youtube 4K<br \/>\t\t\t&#8211; Internal WLAN: InternalInternal<br \/>\t\t\t&#8211; FollowMe TV<br \/>\t\t\t&#8211; Smart Guide Application<br \/>\t\t\t&#8211; Smart Remote Application<br \/>\t\t\t<strong>Audio<\/strong><br \/>\t\t\t&#8211; Dolby Audio<br \/>\t\t\t&#8211; Audio Output Power (RMS): 2 x 10W<br \/>\t\t\t&#8211; Speaker Type: Down Firing<br \/>\t\t\t&#8211; Sound Modes: Music, Movie, Speech, Classic, Flat, User<br \/>\t\t\t&#8211; DTS<br \/>\t\t\t&#8211; Equalizer: 5 band<br \/>\t\t\t&#8211; Onkyo<br \/>\t\t\t&#8211; Ger (D) + Nicam Stereo<br \/>\t\t\t<strong>Rendimiento<\/strong><br \/>\t\t\t&#8211; Processor Type: 2022<br \/>\t\t\t&#8211; Smart TV<br \/>\t\t\t&#8211; Total Picture Quality: 2000<br \/>\t\t\t&nbsp;<strong>V&iacute;deo<\/strong><br \/>\t\t\t&#8211; HDR<br \/>\t\t\t&#8211; Picture Modes: Dynamic, Game, Sports, Cinema, Natural, Dolby Vision Bright, Dolby Vision Dark, User<br \/>\t\t\t&#8211; Dolby Vision HDR<br \/>\t\t\t&#8211; TRU Resolution<br \/>\t\t\t&#8211; TRU Micro Dimming<br \/>\t\t\t&#8211; UHD Upscaler<\/td>\n<\/tr>\n<tr>\n<td valign=\"top\"><strong>Otras caracter&iacute;sticas<\/strong><\/td>\n<td><strong>Funciones<\/strong><br \/>\t\t\t&#8211; HDMI ARC: Through HDMI2<br \/>\t\t\t&#8211; Grabaci&oacute;n por USB (PVR Ready)<br \/>\t\t\t&#8211; Clonaci&oacute;n de USB de lista de canales<br \/>\t\t\t&#8211; Teletexto<br \/>\t\t\t&#8211; HDMI CEC<br \/>\t\t\t&#8211; Modo Hotel b&aacute;sico: Passive- Basic Hotel Mode<br \/>\t\t\t&#8211; Reproductor multimedia<br \/>\t\t\t&#8211; Bloqueo para ni&ntilde;os<br \/>\t\t\t&#8211; Archivos compatibles con USB:<br \/>\t\t\t&nbsp; V&iacute;deo: .mpg, .mpeg, .dat, .vob, .mkv, .mp4, .mov, .flv, .3gp, .avi;<br \/>\t\t\t&nbsp; Audio: .mp3, .wma, .wav; Imagen: .jpg, .jpeg, .bmp, .png<br \/>\t\t\t<strong>Energ&iacute;a<\/strong><br \/>\t\t\t&#8211; Consumo de energ&iacute;a en espera (promedio): &lt;0,5 W<br \/>\t\t\t&#8211; Voltaje de funcionamiento &#8211; Frecuencia: 220-240 V CA<br \/>\t\t\t<strong>Dimensiones y peso<\/strong><br \/>\t\t\t&#8211; 1233 x 235 x 767 mm<br \/>\t\t\t&#8211; 13,90 kg<br \/>\t\t\t&#8211; Soporte VESA compatible: 200 &times; 200 mm<\/td>\n<\/tr>\n<tr>\n<td valign=\"top\"><strong>Certificado energ&eacute;tico<\/strong><\/td>\n<td><a alt=\"Certificado energ&Atilde;&#402;??????????&Atilde;&#402;?????????&Atilde;&#402;????????&Atilde;&#402;???????&Atilde;&#402;??????&Atilde;&#402;?????&Atilde;&#402;????&Atilde;&#402;???&Atilde;&#402;??&Atilde;&#402;?&Atilde;&#8218;&Acirc;&copy;tico\" href=\"https:\/\/www.infortisa.com\/images\/content\/2024111812273328844MTVLED0927.webp\" target=\"_blank\">Ver certificado<\/a><\/td>\n<\/tr>\n<tr>\n<td valign=\"top\"><strong>Fecha de revisi&oacute;n<\/strong><\/td>\n<td>18-11-2024 por RTY<\/td>\n<\/tr>\n<\/table>\n","protected":false},"excerpt":{"rendered":"<p>Marca Toshiba Modelo 55QV3463DG Pantalla &#8211; Tama&ntilde;o: 55&#8243; \/ 139cm &#8211; Tecnolog&iacute;a: Direct Back Light (DLED) &#8211; Resoluci&oacute;n max.: Ultra HD (3840 x 2160) &#8211; Brillo: 250 Conexiones &#8211; CI+ &#8211; 3 x HDMI &#8211; 2 x USB &#8211; Ethernet &#8211; Salida de audio digital: &Oacute;ptico &#8211; Salida de auriculares &#8211; Entrada de antena Caracteristicas&hellip;&nbsp;<a href=\"https:\/\/aivlisoft.net\/shop\/producto\/toshiba-tv-55-55qv3463dg-uhd-qled-smart-tv-peana\/\" rel=\"bookmark\"><span class=\"screen-reader-text\">TOSHIBA TV 55&#8243; 55QV3463DG UHD QLED SMART TV PEANA<\/span><\/a><\/p>\n","protected":false},"featured_media":17607,"template":"","meta":{"neve_meta_sidebar":"","neve_meta_container":"","neve_meta_enable_content_width":"","neve_meta_content_width":0,"neve_meta_title_alignment":"","neve_meta_author_avatar":"","neve_post_elements_order":"","neve_meta_disable_header":"","neve_meta_disable_footer":"","neve_meta_disable_title":""},"product_brand":[],"product_cat":[15,8794],"product_tag":[6458],"class_list":{"0":"post-17606","1":"product","2":"type-product","3":"status-publish","4":"has-post-thumbnail","6":"product_cat-sin-categorizar","7":"product_cat-tv","8":"product_tag-55qv3463dg","10":"first","11":"instock","12":"taxable","13":"shipping-taxable","14":"purchasable","15":"product-type-simple"},"yoast_head":"<!-- This site is optimized with the Yoast SEO plugin v26.0 - https:\/\/yoast.com\/wordpress\/plugins\/seo\/ -->\n<title>TOSHIBA TV 55&quot; 55QV3463DG UHD QLED SMART TV PEANA - Aivlisoft Inform\u00e1tica<\/title>\n<meta name=\"robots\" content=\"index, follow, max-snippet:-1, max-image-preview:large, max-video-preview:-1\" \/>\n<link rel=\"canonical\" href=\"https:\/\/aivlisoft.net\/shop\/producto\/toshiba-tv-55-55qv3463dg-uhd-qled-smart-tv-peana\/\" \/>\n<meta property=\"og:locale\" content=\"es_ES\" \/>\n<meta property=\"og:type\" content=\"article\" \/>\n<meta property=\"og:title\" content=\"TOSHIBA TV 55&quot; 55QV3463DG UHD QLED SMART TV PEANA - Aivlisoft Inform\u00e1tica\" \/>\n<meta property=\"og:description\" content=\"Marca Toshiba Modelo 55QV3463DG Pantalla &#8211; Tama&ntilde;o: 55&#8243; \/ 139cm &#8211; Tecnolog&iacute;a: Direct Back Light (DLED) &#8211; Resoluci&oacute;n max.: Ultra HD (3840 x 2160) &#8211; Brillo: 250 Conexiones &#8211; CI+ &#8211; 3 x HDMI &#8211; 2 x USB &#8211; Ethernet &#8211; Salida de audio digital: &Oacute;ptico &#8211; Salida de auriculares &#8211; Entrada de antena Caracteristicas&hellip;&nbsp;TOSHIBA TV 55&#8243; 55QV3463DG UHD QLED SMART TV PEANA\" \/>\n<meta property=\"og:url\" content=\"https:\/\/aivlisoft.net\/shop\/producto\/toshiba-tv-55-55qv3463dg-uhd-qled-smart-tv-peana\/\" \/>\n<meta property=\"og:site_name\" content=\"Aivlisoft Inform\u00e1tica\" \/>\n<meta property=\"article:modified_time\" content=\"2025-01-14T20:27:26+00:00\" \/>\n<meta property=\"og:image\" content=\"https:\/\/aivlisoft.net\/shop\/wp-content\/uploads\/2025\/01\/MTVLED0927_800.jpg\" \/>\n\t<meta property=\"og:image:width\" content=\"800\" \/>\n\t<meta property=\"og:image:height\" content=\"800\" \/>\n\t<meta property=\"og:image:type\" content=\"image\/jpeg\" \/>\n<meta name=\"twitter:card\" content=\"summary_large_image\" \/>\n<meta name=\"twitter:label1\" content=\"Tiempo de lectura\" \/>\n\t<meta name=\"twitter:data1\" content=\"2 minutos\" \/>\n<script type=\"application\/ld+json\" class=\"yoast-schema-graph\">{\"@context\":\"https:\/\/schema.org\",\"@graph\":[{\"@type\":\"WebPage\",\"@id\":\"https:\/\/aivlisoft.net\/shop\/producto\/toshiba-tv-55-55qv3463dg-uhd-qled-smart-tv-peana\/\",\"url\":\"https:\/\/aivlisoft.net\/shop\/producto\/toshiba-tv-55-55qv3463dg-uhd-qled-smart-tv-peana\/\",\"name\":\"TOSHIBA TV 55\\\" 55QV3463DG UHD QLED SMART TV PEANA - Aivlisoft Inform\u00e1tica\",\"isPartOf\":{\"@id\":\"https:\/\/aivlisoft.net\/shop\/#website\"},\"primaryImageOfPage\":{\"@id\":\"https:\/\/aivlisoft.net\/shop\/producto\/toshiba-tv-55-55qv3463dg-uhd-qled-smart-tv-peana\/#primaryimage\"},\"image\":{\"@id\":\"https:\/\/aivlisoft.net\/shop\/producto\/toshiba-tv-55-55qv3463dg-uhd-qled-smart-tv-peana\/#primaryimage\"},\"thumbnailUrl\":\"https:\/\/aivlisoft.net\/shop\/wp-content\/uploads\/2025\/01\/MTVLED0927_800.jpg\",\"datePublished\":\"2025-01-13T15:13:51+00:00\",\"dateModified\":\"2025-01-14T20:27:26+00:00\",\"breadcrumb\":{\"@id\":\"https:\/\/aivlisoft.net\/shop\/producto\/toshiba-tv-55-55qv3463dg-uhd-qled-smart-tv-peana\/#breadcrumb\"},\"inLanguage\":\"es\",\"potentialAction\":[{\"@type\":\"ReadAction\",\"target\":[\"https:\/\/aivlisoft.net\/shop\/producto\/toshiba-tv-55-55qv3463dg-uhd-qled-smart-tv-peana\/\"]}]},{\"@type\":\"ImageObject\",\"inLanguage\":\"es\",\"@id\":\"https:\/\/aivlisoft.net\/shop\/producto\/toshiba-tv-55-55qv3463dg-uhd-qled-smart-tv-peana\/#primaryimage\",\"url\":\"https:\/\/aivlisoft.net\/shop\/wp-content\/uploads\/2025\/01\/MTVLED0927_800.jpg\",\"contentUrl\":\"https:\/\/aivlisoft.net\/shop\/wp-content\/uploads\/2025\/01\/MTVLED0927_800.jpg\",\"width\":800,\"height\":800},{\"@type\":\"BreadcrumbList\",\"@id\":\"https:\/\/aivlisoft.net\/shop\/producto\/toshiba-tv-55-55qv3463dg-uhd-qled-smart-tv-peana\/#breadcrumb\",\"itemListElement\":[{\"@type\":\"ListItem\",\"position\":1,\"name\":\"Portada\",\"item\":\"https:\/\/aivlisoft.net\/shop\/\"},{\"@type\":\"ListItem\",\"position\":2,\"name\":\"Tienda\",\"item\":\"https:\/\/aivlisoft.net\/shop\/tienda\/\"},{\"@type\":\"ListItem\",\"position\":3,\"name\":\"TOSHIBA TV 55&#8243; 55QV3463DG UHD QLED SMART TV PEANA\"}]},{\"@type\":\"WebSite\",\"@id\":\"https:\/\/aivlisoft.net\/shop\/#website\",\"url\":\"https:\/\/aivlisoft.net\/shop\/\",\"name\":\"Aivlisoft Inform\u00e1tica\",\"description\":\"En Aivlisoft Inform\u00e1tica ofrecemos soluciones tecnol\u00f3gicas para empresas: venta de ordenadores, consumibles, perif\u00e9ricos y m\u00e1s. Calidad, atenci\u00f3n personalizada y los mejores precios para tu negocio.\",\"publisher\":{\"@id\":\"https:\/\/aivlisoft.net\/shop\/#organization\"},\"potentialAction\":[{\"@type\":\"SearchAction\",\"target\":{\"@type\":\"EntryPoint\",\"urlTemplate\":\"https:\/\/aivlisoft.net\/shop\/?s={search_term_string}\"},\"query-input\":{\"@type\":\"PropertyValueSpecification\",\"valueRequired\":true,\"valueName\":\"search_term_string\"}}],\"inLanguage\":\"es\"},{\"@type\":\"Organization\",\"@id\":\"https:\/\/aivlisoft.net\/shop\/#organization\",\"name\":\"Aivlisoft Inform\u00e1tica\",\"url\":\"https:\/\/aivlisoft.net\/shop\/\",\"logo\":{\"@type\":\"ImageObject\",\"inLanguage\":\"es\",\"@id\":\"https:\/\/aivlisoft.net\/shop\/#\/schema\/logo\/image\/\",\"url\":\"https:\/\/aivlisoft.net\/shop\/wp-content\/uploads\/2024\/12\/removal.ai_5b848c54-0cdf-4140-95c5-c5536bb7573b-logodef.png\",\"contentUrl\":\"https:\/\/aivlisoft.net\/shop\/wp-content\/uploads\/2024\/12\/removal.ai_5b848c54-0cdf-4140-95c5-c5536bb7573b-logodef.png\",\"width\":484,\"height\":182,\"caption\":\"Aivlisoft Inform\u00e1tica\"},\"image\":{\"@id\":\"https:\/\/aivlisoft.net\/shop\/#\/schema\/logo\/image\/\"}}]}<\/script>\n<!-- \/ Yoast SEO plugin. -->","yoast_head_json":{"title":"TOSHIBA TV 55\" 55QV3463DG UHD QLED SMART TV PEANA - Aivlisoft Inform\u00e1tica","robots":{"index":"index","follow":"follow","max-snippet":"max-snippet:-1","max-image-preview":"max-image-preview:large","max-video-preview":"max-video-preview:-1"},"canonical":"https:\/\/aivlisoft.net\/shop\/producto\/toshiba-tv-55-55qv3463dg-uhd-qled-smart-tv-peana\/","og_locale":"es_ES","og_type":"article","og_title":"TOSHIBA TV 55\" 55QV3463DG UHD QLED SMART TV PEANA - Aivlisoft Inform\u00e1tica","og_description":"Marca Toshiba Modelo 55QV3463DG Pantalla &#8211; Tama&ntilde;o: 55&#8243; \/ 139cm &#8211; Tecnolog&iacute;a: Direct Back Light (DLED) &#8211; Resoluci&oacute;n max.: Ultra HD (3840 x 2160) &#8211; Brillo: 250 Conexiones &#8211; CI+ &#8211; 3 x HDMI &#8211; 2 x USB &#8211; Ethernet &#8211; Salida de audio digital: &Oacute;ptico &#8211; Salida de auriculares &#8211; Entrada de antena Caracteristicas&hellip;&nbsp;TOSHIBA TV 55&#8243; 55QV3463DG UHD QLED SMART TV PEANA","og_url":"https:\/\/aivlisoft.net\/shop\/producto\/toshiba-tv-55-55qv3463dg-uhd-qled-smart-tv-peana\/","og_site_name":"Aivlisoft Inform\u00e1tica","article_modified_time":"2025-01-14T20:27:26+00:00","og_image":[{"width":800,"height":800,"url":"https:\/\/aivlisoft.net\/shop\/wp-content\/uploads\/2025\/01\/MTVLED0927_800.jpg","type":"image\/jpeg"}],"twitter_card":"summary_large_image","twitter_misc":{"Tiempo de lectura":"2 minutos"},"schema":{"@context":"https:\/\/schema.org","@graph":[{"@type":"WebPage","@id":"https:\/\/aivlisoft.net\/shop\/producto\/toshiba-tv-55-55qv3463dg-uhd-qled-smart-tv-peana\/","url":"https:\/\/aivlisoft.net\/shop\/producto\/toshiba-tv-55-55qv3463dg-uhd-qled-smart-tv-peana\/","name":"TOSHIBA TV 55\" 55QV3463DG UHD QLED SMART TV PEANA - Aivlisoft Inform\u00e1tica","isPartOf":{"@id":"https:\/\/aivlisoft.net\/shop\/#website"},"primaryImageOfPage":{"@id":"https:\/\/aivlisoft.net\/shop\/producto\/toshiba-tv-55-55qv3463dg-uhd-qled-smart-tv-peana\/#primaryimage"},"image":{"@id":"https:\/\/aivlisoft.net\/shop\/producto\/toshiba-tv-55-55qv3463dg-uhd-qled-smart-tv-peana\/#primaryimage"},"thumbnailUrl":"https:\/\/aivlisoft.net\/shop\/wp-content\/uploads\/2025\/01\/MTVLED0927_800.jpg","datePublished":"2025-01-13T15:13:51+00:00","dateModified":"2025-01-14T20:27:26+00:00","breadcrumb":{"@id":"https:\/\/aivlisoft.net\/shop\/producto\/toshiba-tv-55-55qv3463dg-uhd-qled-smart-tv-peana\/#breadcrumb"},"inLanguage":"es","potentialAction":[{"@type":"ReadAction","target":["https:\/\/aivlisoft.net\/shop\/producto\/toshiba-tv-55-55qv3463dg-uhd-qled-smart-tv-peana\/"]}]},{"@type":"ImageObject","inLanguage":"es","@id":"https:\/\/aivlisoft.net\/shop\/producto\/toshiba-tv-55-55qv3463dg-uhd-qled-smart-tv-peana\/#primaryimage","url":"https:\/\/aivlisoft.net\/shop\/wp-content\/uploads\/2025\/01\/MTVLED0927_800.jpg","contentUrl":"https:\/\/aivlisoft.net\/shop\/wp-content\/uploads\/2025\/01\/MTVLED0927_800.jpg","width":800,"height":800},{"@type":"BreadcrumbList","@id":"https:\/\/aivlisoft.net\/shop\/producto\/toshiba-tv-55-55qv3463dg-uhd-qled-smart-tv-peana\/#breadcrumb","itemListElement":[{"@type":"ListItem","position":1,"name":"Portada","item":"https:\/\/aivlisoft.net\/shop\/"},{"@type":"ListItem","position":2,"name":"Tienda","item":"https:\/\/aivlisoft.net\/shop\/tienda\/"},{"@type":"ListItem","position":3,"name":"TOSHIBA TV 55&#8243; 55QV3463DG UHD QLED SMART TV PEANA"}]},{"@type":"WebSite","@id":"https:\/\/aivlisoft.net\/shop\/#website","url":"https:\/\/aivlisoft.net\/shop\/","name":"Aivlisoft Inform\u00e1tica","description":"En Aivlisoft Inform\u00e1tica ofrecemos soluciones tecnol\u00f3gicas para empresas: venta de ordenadores, consumibles, perif\u00e9ricos y m\u00e1s. Calidad, atenci\u00f3n personalizada y los mejores precios para tu negocio.","publisher":{"@id":"https:\/\/aivlisoft.net\/shop\/#organization"},"potentialAction":[{"@type":"SearchAction","target":{"@type":"EntryPoint","urlTemplate":"https:\/\/aivlisoft.net\/shop\/?s={search_term_string}"},"query-input":{"@type":"PropertyValueSpecification","valueRequired":true,"valueName":"search_term_string"}}],"inLanguage":"es"},{"@type":"Organization","@id":"https:\/\/aivlisoft.net\/shop\/#organization","name":"Aivlisoft Inform\u00e1tica","url":"https:\/\/aivlisoft.net\/shop\/","logo":{"@type":"ImageObject","inLanguage":"es","@id":"https:\/\/aivlisoft.net\/shop\/#\/schema\/logo\/image\/","url":"https:\/\/aivlisoft.net\/shop\/wp-content\/uploads\/2024\/12\/removal.ai_5b848c54-0cdf-4140-95c5-c5536bb7573b-logodef.png","contentUrl":"https:\/\/aivlisoft.net\/shop\/wp-content\/uploads\/2024\/12\/removal.ai_5b848c54-0cdf-4140-95c5-c5536bb7573b-logodef.png","width":484,"height":182,"caption":"Aivlisoft Inform\u00e1tica"},"image":{"@id":"https:\/\/aivlisoft.net\/shop\/#\/schema\/logo\/image\/"}}]}},"_links":{"self":[{"href":"https:\/\/aivlisoft.net\/shop\/wp-json\/wp\/v2\/product\/17606","targetHints":{"allow":["GET"]}}],"collection":[{"href":"https:\/\/aivlisoft.net\/shop\/wp-json\/wp\/v2\/product"}],"about":[{"href":"https:\/\/aivlisoft.net\/shop\/wp-json\/wp\/v2\/types\/product"}],"wp:featuredmedia":[{"embeddable":true,"href":"https:\/\/aivlisoft.net\/shop\/wp-json\/wp\/v2\/media\/17607"}],"wp:attachment":[{"href":"https:\/\/aivlisoft.net\/shop\/wp-json\/wp\/v2\/media?parent=17606"}],"wp:term":[{"taxonomy":"product_brand","embeddable":true,"href":"https:\/\/aivlisoft.net\/shop\/wp-json\/wp\/v2\/product_brand?post=17606"},{"taxonomy":"product_cat","embeddable":true,"href":"https:\/\/aivlisoft.net\/shop\/wp-json\/wp\/v2\/product_cat?post=17606"},{"taxonomy":"product_tag","embeddable":true,"href":"https:\/\/aivlisoft.net\/shop\/wp-json\/wp\/v2\/product_tag?post=17606"}],"curies":[{"name":"wp","href":"https:\/\/api.w.org\/{rel}","templated":true}]}}