{"id":17601,"date":"2025-01-13T15:13:47","date_gmt":"2025-01-13T15:13:47","guid":{"rendered":"https:\/\/aivlisoft.com\/?post_type=product&#038;p=17601"},"modified":"2025-01-14T20:27:27","modified_gmt":"2025-01-14T20:27:27","slug":"tcl-65c805-tv-65-mini-led-4k-stvand-144hz-4hdmi","status":"publish","type":"product","link":"https:\/\/aivlisoft.net\/shop\/producto\/tcl-65c805-tv-65-mini-led-4k-stvand-144hz-4hdmi\/","title":{"rendered":"TCL 65C805 TV 65&#8243; Mini Led 4K STVAnd 144hz 4HDMI"},"content":{"rendered":"<p><\/p>\n<table class=\"tabla_caracteristicas k-table\" width=\"100%\">\n<tr>\n<td valign=\"top\"><strong>Marca<\/strong><\/td>\n<td>TCL<\/td>\n<\/tr>\n<tr>\n<td valign=\"top\"><strong>Modelo<\/strong><\/td>\n<td><strong>65C805<\/strong><\/td>\n<\/tr>\n<tr>\n<td valign=\"top\"><strong>Pantalla<\/strong><\/td>\n<td>&#8211; Diagonal de la pantalla: 165,1 cm (65&#8243;)<br \/>\t\t\t&#8211; Tipo HD: 4K Ultra HD<br \/>\t\t\t&#8211; Tecnolog&iacute;a de visualizaci&oacute;n: LED<br \/>\t\t\t&#8211; Retroiluminaci&oacute;n LED<br \/>\t\t\t&#8211; Tipo de retroiluminaci&oacute;n LED: Mini LED<br \/>\t\t\t&#8211; Forma de la pantalla: Plana<br \/>\t\t\t&#8211; Relaci&oacute;n de aspecto nativa: 16:9<br \/>\t\t\t&#8211; Brillo de pantalla: 1300 cd \/ m&sup2;<br \/>\t\t\t&#8211; Tiempo de respuesta: 5,7 ms<br \/>\t\t\t&#8211; Escaneado progresivo<br \/>\t\t\t&#8211; Tecnolog&iacute;a de interpolaci&oacute;n de movimiento: PPI (Picture Perfomance Index) 4000<br \/>\t\t\t&#8211; Frecuencia nativa de refresco: 144 Hz<br \/>\t\t\t&#8211; Admite visualizaci&oacute;n de frecuencia de actualizaci&oacute;n: 100 Hz, 120 Hz, 144 Hz, 240 Hz<br \/>\t\t\t&#8211; Nombre comercial de la relaci&oacute;n de contraste din&aacute;mico: Mega Contrast<br \/>\t\t\t&#8211; Profundidad de color: 10 bit<br \/>\t\t\t&#8211; Resoluci&oacute;n de la pantalla: 3840 x 2160 Pixeles<br \/>\t\t\t&#8211; Diagonal de pantalla: 165,1 cm<br \/>\t\t\t&#8211; Gama de colores est&aacute;ndar: Rec. 709<br \/>\t\t\t&#8211; Relaci&oacute;n de luminosidad m&aacute;xima: 65%<\/td>\n<\/tr>\n<tr>\n<td valign=\"top\"><strong>Conectividad<\/strong><\/td>\n<td>&#8211; Wi-Fi 802.11g, Wi-Fi 4 (802.11n), Wi-Fi 5 (802.11ac)<br \/>\t\t\t&#8211; Bluetooth 5.0<br \/>\t\t\t&#8211; Ethernet<br \/>\t\t\t&#8211; Wi-Fi Direct<br \/>\t\t\t&#8211; Perfiles de Bluetooth: A2DP, HID<br \/>\t\t\t&#8211; Miracast<br \/>\t\t\t&#8211; Navegaci&oacute;n<br \/>\t\t\t&#8211; Navegador web<br \/>\t\t\t&#8211; Soporte HID<br \/>\t\t\t<strong>Puertos<\/strong><br \/>\t\t\t&#8211; HDMI 2.1<br \/>\t\t\t&#8211; HDCP 2.2<br \/>\t\t\t&#8211; 1 x puerto Ethernet LAN (RJ-45)<br \/>\t\t\t&#8211; 1 x&nbsp; puertos tipo A USB 3.2 Gen 1 (3.1 Gen 1)<br \/>\t\t\t&#8211; 1 x Salida de audio (L,R)<br \/>\t\t\t&#8211; 1 x Audio digital, salida optica<br \/>\t\t\t&#8211; 1 x Salidas para auriculares<br \/>\t\t\t&#8211; 2 x puertos RF<br \/>\t\t\t&#8211; Tipo de conector RF &#8211; F, IEC<br \/>\t\t\t&#8211; Interfaz com&uacute;n Plus (CI+)<br \/>\t\t\t&#8211; Versi&oacute;n Common interface Plus (CI+) 1.4<br \/>\t\t\t&#8211; 4 x puertos HDMI<br \/>\t\t\t&#8211; Control de electr&oacute;nica de consumo (CEC) &#8211; T-link<br \/>\t\t\t&#8211; Wireless Display de Intel (Intel WiDi)<br \/>\t\t\t&#8211; Entrada de CA<br \/>\t\t\t&#8211; 1 x salida Video componente (YPbPr\/YCbCr)<\/td>\n<\/tr>\n<tr>\n<td valign=\"top\"><strong>Caracter&iacute;sticas<\/strong><\/td>\n<td><strong>Smart TV<\/strong><br \/>\t\t\t&#8211; TV por Internet<br \/>\t\t\t&#8211; Sistema operativo instalado: Google TV<br \/>\t\t\t&#8211; Versi&oacute;n de sistema operativo: ATV 12.0<br \/>\t\t\t&#8211; Duplicaci&oacute;n de pantalla<br \/>\t\t\t&#8211; Compatible con Apple AirPlay 2<br \/>\t\t\t&#8211; Reproducci&oacute;n en pantalla del sonido de un dispositivo m&oacute;vil<br \/>\t\t\t&#8211; HbbTV<br \/>\t\t\t&#8211; Versi&oacute;n de la plataforma de emisi&oacute;n de contenidos Hybrid Broadcast Broadband TV (HbbTV): 2.0.3<br \/>\t\t\t&#8211; Modos inteligentes: IMAX Enhanced, Deportes<br \/>\t\t\t&#8211; Interacci&oacute;n de voz de campo lejano<br \/>\t\t\t&#8211; Gu&iacute;a universal<br \/>\t\t\t&#8211; Chromecast integrado<br \/>\t\t\t&#8211; Plataforma de distribuciones de aplicaciones: Google Play<br \/>\t\t\t&#8211; Aplicaciones de v&iacute;deo: Amazon Prime Video, Apple TV, Disney+, HBO, Netflix, Twitch, YouTube<br \/>\t\t\t&#8211; Aplicaciones de m&uacute;sica: Deezer, Spotify, Tidal, Tune-In<br \/>\t\t\t&#8211; Aplicaciones de estilo de vida: Google Apps<br \/>\t\t\t<strong>Recepci&oacute;n<\/strong><br \/>\t\t\t&#8211; Tipo de sintonizador: Anal&oacute;gico y digital<br \/>\t\t\t&#8211; Se&ntilde;al anal&oacute;gica: NTSC, PAL BG, PAL DK, PAL I, SECAM B\/G, SECAM D\/K<br \/>\t\t\t&#8211; Formato de se&ntilde;al digital: DVB-C, DVB-S2, DVB-T2<br \/>\t\t\t&#8211; N&uacute;mero de sintonizadores: 1 sintonizador(es)<br \/>\t\t\t&#8211; Autobusqueda de cana<br \/>\t\t\t<strong>Sonido<\/strong><br \/>\t\t\t&#8211; 2 x N&uacute;mero de altavoces<br \/>\t\t\t&#8211; Potencia estimada RMS: 30 W<br \/>\t\t\t&#8211; Canales de salida de audio: 2.0 canales<br \/>\t\t\t&#8211; Decodificadores incorporados<br \/>\t\t\t&#8211; DTS, Dolby Atmos, Dolby Digital, DTS Virtual:X, DTS:X, Dolby Digital AC4, Dolby TrueHD<br \/>\t\t\t&#8211; Ecualizador<br \/>\t\t\t&#8211; 7 x Cantidad de bandas en ecualizador<br \/>\t\t\t&#8211; Nivelador autom&aacute;tico de volumen<br \/>\t\t\t&#8211; Enhanced Audio Return Channel (eARC) (Canal de retorno de audio mejorado)<br \/>\t\t\t<strong>Alimentaci&oacute;n<\/strong><br \/>\t\t\t&#8211; Consumo de energ&iacute;a (SDR) por 1000 horas: 111 kWh<br \/>\t\t\t&#8211; Consumo de energ&iacute;a (HDR) por 1000 horas: 240 kWh<br \/>\t\t\t&#8211; Voltaje de entrada AC: 220-240 V<br \/>\t\t\t&#8211; Frecuencia de entrada AC: 50 Hz<br \/>\t\t\t&#8211; Modo de ahorro de energ&iacute;a<br \/>\t\t\t<strong>Dimensiones<\/strong><br \/>\t\t\t&#8211; VESA: 100 x 100 mm<br \/>\t\t\t&#8211; 1444 x 340 x 905 mm<br \/>\t\t\t&#8211; 22,4 kg<\/td>\n<\/tr>\n<tr>\n<td valign=\"top\"><strong>Certificado energ&eacute;tico<\/strong><\/td>\n<td><a alt=\"Certificado energ&Atilde;&#402;??&Atilde;&#402;?&Atilde;&#8218;&Acirc;&copy;tico\" href=\"https:\/\/www.infortisa.com\/images\/content\/2024112516355628844MTVLED0925.webp\" target=\"_blank\">Ver certificado<\/a><\/td>\n<\/tr>\n<tr>\n<td valign=\"top\"><strong>Fecha de revisi&oacute;n<\/strong><\/td>\n<td>25-11-2024 por RTY<\/td>\n<\/tr>\n<\/table>\n","protected":false},"excerpt":{"rendered":"<p>Marca TCL Modelo 65C805 Pantalla &#8211; Diagonal de la pantalla: 165,1 cm (65&#8243;) &#8211; Tipo HD: 4K Ultra HD &#8211; Tecnolog&iacute;a de visualizaci&oacute;n: LED &#8211; Retroiluminaci&oacute;n LED &#8211; Tipo de retroiluminaci&oacute;n LED: Mini LED &#8211; Forma de la pantalla: Plana &#8211; Relaci&oacute;n de aspecto nativa: 16:9 &#8211; Brillo de pantalla: 1300 cd \/ m&sup2; &#8211;&hellip;&nbsp;<a href=\"https:\/\/aivlisoft.net\/shop\/producto\/tcl-65c805-tv-65-mini-led-4k-stvand-144hz-4hdmi\/\" rel=\"bookmark\"><span class=\"screen-reader-text\">TCL 65C805 TV 65&#8243; Mini Led 4K STVAnd 144hz 4HDMI<\/span><\/a><\/p>\n","protected":false},"featured_media":17602,"template":"","meta":{"neve_meta_sidebar":"","neve_meta_container":"","neve_meta_enable_content_width":"","neve_meta_content_width":0,"neve_meta_title_alignment":"","neve_meta_author_avatar":"","neve_post_elements_order":"","neve_meta_disable_header":"","neve_meta_disable_footer":"","neve_meta_disable_title":""},"product_brand":[],"product_cat":[15,8794],"product_tag":[6457],"class_list":{"0":"post-17601","1":"product","2":"type-product","3":"status-publish","4":"has-post-thumbnail","6":"product_cat-sin-categorizar","7":"product_cat-tv","8":"product_tag-65c805","10":"first","11":"instock","12":"taxable","13":"shipping-taxable","14":"purchasable","15":"product-type-simple"},"yoast_head":"<!-- This site is optimized with the Yoast SEO plugin v26.0 - https:\/\/yoast.com\/wordpress\/plugins\/seo\/ -->\n<title>TCL 65C805 TV 65&quot; Mini Led 4K STVAnd 144hz 4HDMI - Aivlisoft Inform\u00e1tica<\/title>\n<meta name=\"robots\" content=\"index, follow, max-snippet:-1, max-image-preview:large, max-video-preview:-1\" \/>\n<link rel=\"canonical\" href=\"https:\/\/aivlisoft.net\/shop\/producto\/tcl-65c805-tv-65-mini-led-4k-stvand-144hz-4hdmi\/\" \/>\n<meta property=\"og:locale\" content=\"es_ES\" \/>\n<meta property=\"og:type\" content=\"article\" \/>\n<meta property=\"og:title\" content=\"TCL 65C805 TV 65&quot; Mini Led 4K STVAnd 144hz 4HDMI - Aivlisoft Inform\u00e1tica\" \/>\n<meta property=\"og:description\" content=\"Marca TCL Modelo 65C805 Pantalla &#8211; Diagonal de la pantalla: 165,1 cm (65&#8243;) &#8211; Tipo HD: 4K Ultra HD &#8211; Tecnolog&iacute;a de visualizaci&oacute;n: LED &#8211; Retroiluminaci&oacute;n LED &#8211; Tipo de retroiluminaci&oacute;n LED: Mini LED &#8211; Forma de la pantalla: Plana &#8211; Relaci&oacute;n de aspecto nativa: 16:9 &#8211; Brillo de pantalla: 1300 cd \/ m&sup2; &#8211;&hellip;&nbsp;TCL 65C805 TV 65&#8243; Mini Led 4K STVAnd 144hz 4HDMI\" \/>\n<meta property=\"og:url\" content=\"https:\/\/aivlisoft.net\/shop\/producto\/tcl-65c805-tv-65-mini-led-4k-stvand-144hz-4hdmi\/\" \/>\n<meta property=\"og:site_name\" content=\"Aivlisoft Inform\u00e1tica\" \/>\n<meta property=\"article:modified_time\" content=\"2025-01-14T20:27:27+00:00\" \/>\n<meta property=\"og:image\" content=\"https:\/\/aivlisoft.net\/shop\/wp-content\/uploads\/2025\/01\/MTVLED0925_800.jpg\" \/>\n\t<meta property=\"og:image:width\" content=\"800\" \/>\n\t<meta property=\"og:image:height\" content=\"800\" \/>\n\t<meta property=\"og:image:type\" content=\"image\/jpeg\" \/>\n<meta name=\"twitter:card\" content=\"summary_large_image\" \/>\n<meta name=\"twitter:label1\" content=\"Tiempo de lectura\" \/>\n\t<meta name=\"twitter:data1\" content=\"3 minutos\" \/>\n<script type=\"application\/ld+json\" class=\"yoast-schema-graph\">{\"@context\":\"https:\/\/schema.org\",\"@graph\":[{\"@type\":\"WebPage\",\"@id\":\"https:\/\/aivlisoft.net\/shop\/producto\/tcl-65c805-tv-65-mini-led-4k-stvand-144hz-4hdmi\/\",\"url\":\"https:\/\/aivlisoft.net\/shop\/producto\/tcl-65c805-tv-65-mini-led-4k-stvand-144hz-4hdmi\/\",\"name\":\"TCL 65C805 TV 65\\\" Mini Led 4K STVAnd 144hz 4HDMI - Aivlisoft Inform\u00e1tica\",\"isPartOf\":{\"@id\":\"https:\/\/aivlisoft.net\/shop\/#website\"},\"primaryImageOfPage\":{\"@id\":\"https:\/\/aivlisoft.net\/shop\/producto\/tcl-65c805-tv-65-mini-led-4k-stvand-144hz-4hdmi\/#primaryimage\"},\"image\":{\"@id\":\"https:\/\/aivlisoft.net\/shop\/producto\/tcl-65c805-tv-65-mini-led-4k-stvand-144hz-4hdmi\/#primaryimage\"},\"thumbnailUrl\":\"https:\/\/aivlisoft.net\/shop\/wp-content\/uploads\/2025\/01\/MTVLED0925_800.jpg\",\"datePublished\":\"2025-01-13T15:13:47+00:00\",\"dateModified\":\"2025-01-14T20:27:27+00:00\",\"breadcrumb\":{\"@id\":\"https:\/\/aivlisoft.net\/shop\/producto\/tcl-65c805-tv-65-mini-led-4k-stvand-144hz-4hdmi\/#breadcrumb\"},\"inLanguage\":\"es\",\"potentialAction\":[{\"@type\":\"ReadAction\",\"target\":[\"https:\/\/aivlisoft.net\/shop\/producto\/tcl-65c805-tv-65-mini-led-4k-stvand-144hz-4hdmi\/\"]}]},{\"@type\":\"ImageObject\",\"inLanguage\":\"es\",\"@id\":\"https:\/\/aivlisoft.net\/shop\/producto\/tcl-65c805-tv-65-mini-led-4k-stvand-144hz-4hdmi\/#primaryimage\",\"url\":\"https:\/\/aivlisoft.net\/shop\/wp-content\/uploads\/2025\/01\/MTVLED0925_800.jpg\",\"contentUrl\":\"https:\/\/aivlisoft.net\/shop\/wp-content\/uploads\/2025\/01\/MTVLED0925_800.jpg\",\"width\":800,\"height\":800},{\"@type\":\"BreadcrumbList\",\"@id\":\"https:\/\/aivlisoft.net\/shop\/producto\/tcl-65c805-tv-65-mini-led-4k-stvand-144hz-4hdmi\/#breadcrumb\",\"itemListElement\":[{\"@type\":\"ListItem\",\"position\":1,\"name\":\"Portada\",\"item\":\"https:\/\/aivlisoft.net\/shop\/\"},{\"@type\":\"ListItem\",\"position\":2,\"name\":\"Tienda\",\"item\":\"https:\/\/aivlisoft.net\/shop\/tienda\/\"},{\"@type\":\"ListItem\",\"position\":3,\"name\":\"TCL 65C805 TV 65&#8243; Mini Led 4K STVAnd 144hz 4HDMI\"}]},{\"@type\":\"WebSite\",\"@id\":\"https:\/\/aivlisoft.net\/shop\/#website\",\"url\":\"https:\/\/aivlisoft.net\/shop\/\",\"name\":\"Aivlisoft Inform\u00e1tica\",\"description\":\"En Aivlisoft Inform\u00e1tica ofrecemos soluciones tecnol\u00f3gicas para empresas: venta de ordenadores, consumibles, perif\u00e9ricos y m\u00e1s. Calidad, atenci\u00f3n personalizada y los mejores precios para tu negocio.\",\"publisher\":{\"@id\":\"https:\/\/aivlisoft.net\/shop\/#organization\"},\"potentialAction\":[{\"@type\":\"SearchAction\",\"target\":{\"@type\":\"EntryPoint\",\"urlTemplate\":\"https:\/\/aivlisoft.net\/shop\/?s={search_term_string}\"},\"query-input\":{\"@type\":\"PropertyValueSpecification\",\"valueRequired\":true,\"valueName\":\"search_term_string\"}}],\"inLanguage\":\"es\"},{\"@type\":\"Organization\",\"@id\":\"https:\/\/aivlisoft.net\/shop\/#organization\",\"name\":\"Aivlisoft Inform\u00e1tica\",\"url\":\"https:\/\/aivlisoft.net\/shop\/\",\"logo\":{\"@type\":\"ImageObject\",\"inLanguage\":\"es\",\"@id\":\"https:\/\/aivlisoft.net\/shop\/#\/schema\/logo\/image\/\",\"url\":\"https:\/\/aivlisoft.net\/shop\/wp-content\/uploads\/2024\/12\/removal.ai_5b848c54-0cdf-4140-95c5-c5536bb7573b-logodef.png\",\"contentUrl\":\"https:\/\/aivlisoft.net\/shop\/wp-content\/uploads\/2024\/12\/removal.ai_5b848c54-0cdf-4140-95c5-c5536bb7573b-logodef.png\",\"width\":484,\"height\":182,\"caption\":\"Aivlisoft Inform\u00e1tica\"},\"image\":{\"@id\":\"https:\/\/aivlisoft.net\/shop\/#\/schema\/logo\/image\/\"}}]}<\/script>\n<!-- \/ Yoast SEO plugin. -->","yoast_head_json":{"title":"TCL 65C805 TV 65\" Mini Led 4K STVAnd 144hz 4HDMI - Aivlisoft Inform\u00e1tica","robots":{"index":"index","follow":"follow","max-snippet":"max-snippet:-1","max-image-preview":"max-image-preview:large","max-video-preview":"max-video-preview:-1"},"canonical":"https:\/\/aivlisoft.net\/shop\/producto\/tcl-65c805-tv-65-mini-led-4k-stvand-144hz-4hdmi\/","og_locale":"es_ES","og_type":"article","og_title":"TCL 65C805 TV 65\" Mini Led 4K STVAnd 144hz 4HDMI - Aivlisoft Inform\u00e1tica","og_description":"Marca TCL Modelo 65C805 Pantalla &#8211; Diagonal de la pantalla: 165,1 cm (65&#8243;) &#8211; Tipo HD: 4K Ultra HD &#8211; Tecnolog&iacute;a de visualizaci&oacute;n: LED &#8211; Retroiluminaci&oacute;n LED &#8211; Tipo de retroiluminaci&oacute;n LED: Mini LED &#8211; Forma de la pantalla: Plana &#8211; Relaci&oacute;n de aspecto nativa: 16:9 &#8211; Brillo de pantalla: 1300 cd \/ m&sup2; &#8211;&hellip;&nbsp;TCL 65C805 TV 65&#8243; Mini Led 4K STVAnd 144hz 4HDMI","og_url":"https:\/\/aivlisoft.net\/shop\/producto\/tcl-65c805-tv-65-mini-led-4k-stvand-144hz-4hdmi\/","og_site_name":"Aivlisoft Inform\u00e1tica","article_modified_time":"2025-01-14T20:27:27+00:00","og_image":[{"width":800,"height":800,"url":"https:\/\/aivlisoft.net\/shop\/wp-content\/uploads\/2025\/01\/MTVLED0925_800.jpg","type":"image\/jpeg"}],"twitter_card":"summary_large_image","twitter_misc":{"Tiempo de lectura":"3 minutos"},"schema":{"@context":"https:\/\/schema.org","@graph":[{"@type":"WebPage","@id":"https:\/\/aivlisoft.net\/shop\/producto\/tcl-65c805-tv-65-mini-led-4k-stvand-144hz-4hdmi\/","url":"https:\/\/aivlisoft.net\/shop\/producto\/tcl-65c805-tv-65-mini-led-4k-stvand-144hz-4hdmi\/","name":"TCL 65C805 TV 65\" Mini Led 4K STVAnd 144hz 4HDMI - Aivlisoft Inform\u00e1tica","isPartOf":{"@id":"https:\/\/aivlisoft.net\/shop\/#website"},"primaryImageOfPage":{"@id":"https:\/\/aivlisoft.net\/shop\/producto\/tcl-65c805-tv-65-mini-led-4k-stvand-144hz-4hdmi\/#primaryimage"},"image":{"@id":"https:\/\/aivlisoft.net\/shop\/producto\/tcl-65c805-tv-65-mini-led-4k-stvand-144hz-4hdmi\/#primaryimage"},"thumbnailUrl":"https:\/\/aivlisoft.net\/shop\/wp-content\/uploads\/2025\/01\/MTVLED0925_800.jpg","datePublished":"2025-01-13T15:13:47+00:00","dateModified":"2025-01-14T20:27:27+00:00","breadcrumb":{"@id":"https:\/\/aivlisoft.net\/shop\/producto\/tcl-65c805-tv-65-mini-led-4k-stvand-144hz-4hdmi\/#breadcrumb"},"inLanguage":"es","potentialAction":[{"@type":"ReadAction","target":["https:\/\/aivlisoft.net\/shop\/producto\/tcl-65c805-tv-65-mini-led-4k-stvand-144hz-4hdmi\/"]}]},{"@type":"ImageObject","inLanguage":"es","@id":"https:\/\/aivlisoft.net\/shop\/producto\/tcl-65c805-tv-65-mini-led-4k-stvand-144hz-4hdmi\/#primaryimage","url":"https:\/\/aivlisoft.net\/shop\/wp-content\/uploads\/2025\/01\/MTVLED0925_800.jpg","contentUrl":"https:\/\/aivlisoft.net\/shop\/wp-content\/uploads\/2025\/01\/MTVLED0925_800.jpg","width":800,"height":800},{"@type":"BreadcrumbList","@id":"https:\/\/aivlisoft.net\/shop\/producto\/tcl-65c805-tv-65-mini-led-4k-stvand-144hz-4hdmi\/#breadcrumb","itemListElement":[{"@type":"ListItem","position":1,"name":"Portada","item":"https:\/\/aivlisoft.net\/shop\/"},{"@type":"ListItem","position":2,"name":"Tienda","item":"https:\/\/aivlisoft.net\/shop\/tienda\/"},{"@type":"ListItem","position":3,"name":"TCL 65C805 TV 65&#8243; Mini Led 4K STVAnd 144hz 4HDMI"}]},{"@type":"WebSite","@id":"https:\/\/aivlisoft.net\/shop\/#website","url":"https:\/\/aivlisoft.net\/shop\/","name":"Aivlisoft Inform\u00e1tica","description":"En Aivlisoft Inform\u00e1tica ofrecemos soluciones tecnol\u00f3gicas para empresas: venta de ordenadores, consumibles, perif\u00e9ricos y m\u00e1s. Calidad, atenci\u00f3n personalizada y los mejores precios para tu negocio.","publisher":{"@id":"https:\/\/aivlisoft.net\/shop\/#organization"},"potentialAction":[{"@type":"SearchAction","target":{"@type":"EntryPoint","urlTemplate":"https:\/\/aivlisoft.net\/shop\/?s={search_term_string}"},"query-input":{"@type":"PropertyValueSpecification","valueRequired":true,"valueName":"search_term_string"}}],"inLanguage":"es"},{"@type":"Organization","@id":"https:\/\/aivlisoft.net\/shop\/#organization","name":"Aivlisoft Inform\u00e1tica","url":"https:\/\/aivlisoft.net\/shop\/","logo":{"@type":"ImageObject","inLanguage":"es","@id":"https:\/\/aivlisoft.net\/shop\/#\/schema\/logo\/image\/","url":"https:\/\/aivlisoft.net\/shop\/wp-content\/uploads\/2024\/12\/removal.ai_5b848c54-0cdf-4140-95c5-c5536bb7573b-logodef.png","contentUrl":"https:\/\/aivlisoft.net\/shop\/wp-content\/uploads\/2024\/12\/removal.ai_5b848c54-0cdf-4140-95c5-c5536bb7573b-logodef.png","width":484,"height":182,"caption":"Aivlisoft Inform\u00e1tica"},"image":{"@id":"https:\/\/aivlisoft.net\/shop\/#\/schema\/logo\/image\/"}}]}},"_links":{"self":[{"href":"https:\/\/aivlisoft.net\/shop\/wp-json\/wp\/v2\/product\/17601","targetHints":{"allow":["GET"]}}],"collection":[{"href":"https:\/\/aivlisoft.net\/shop\/wp-json\/wp\/v2\/product"}],"about":[{"href":"https:\/\/aivlisoft.net\/shop\/wp-json\/wp\/v2\/types\/product"}],"wp:featuredmedia":[{"embeddable":true,"href":"https:\/\/aivlisoft.net\/shop\/wp-json\/wp\/v2\/media\/17602"}],"wp:attachment":[{"href":"https:\/\/aivlisoft.net\/shop\/wp-json\/wp\/v2\/media?parent=17601"}],"wp:term":[{"taxonomy":"product_brand","embeddable":true,"href":"https:\/\/aivlisoft.net\/shop\/wp-json\/wp\/v2\/product_brand?post=17601"},{"taxonomy":"product_cat","embeddable":true,"href":"https:\/\/aivlisoft.net\/shop\/wp-json\/wp\/v2\/product_cat?post=17601"},{"taxonomy":"product_tag","embeddable":true,"href":"https:\/\/aivlisoft.net\/shop\/wp-json\/wp\/v2\/product_tag?post=17601"}],"curies":[{"name":"wp","href":"https:\/\/api.w.org\/{rel}","templated":true}]}}