{"id":17587,"date":"2025-01-13T15:13:37","date_gmt":"2025-01-13T15:13:37","guid":{"rendered":"https:\/\/aivlisoft.com\/?post_type=product&#038;p=17587"},"modified":"2025-01-14T20:27:31","modified_gmt":"2025-01-14T20:27:31","slug":"hisense-32a4n-tv-32-hd-stv-usb-hdmi","status":"publish","type":"product","link":"https:\/\/aivlisoft.net\/shop\/producto\/hisense-32a4n-tv-32-hd-stv-usb-hdmi\/","title":{"rendered":"Hisense 32A4N TV 32&#8243; HD STV USB HDMI"},"content":{"rendered":"<p><\/p>\n<table class=\"tabla_caracteristicas k-table\" width=\"100%\">\n<tr>\n<td valign=\"top\"><strong>Marca<\/strong><\/td>\n<td>Hisense<\/td>\n<\/tr>\n<tr>\n<td valign=\"top\"><strong>Modelo<\/strong><\/td>\n<td><strong>32A4N<\/strong><\/td>\n<\/tr>\n<tr>\n<td valign=\"top\"><strong>Pantalla<\/strong><\/td>\n<td>&#8211; Tama&ntilde;o<strong>: 32&#8243;<\/strong><br \/>\t\t\t&#8211; Panel: VA<br \/>\t\t\t&#8211; Tecnolog&iacute;a: <strong>DLED<\/strong><br \/>\t\t\t&#8211; Resoluci&oacute;n max.: <strong>HD <\/strong>1366&#215;768<br \/>\t\t\t&#8211; Relaci&oacute;n de Aspecto: 16:9<br \/>\t\t\t&#8211; Tiempo de respuesta del panel (ms): 8,0<br \/>\t\t\t&#8211; Refresco Panel: 60 Hz<br \/>\t\t\t&#8211; Profundidad del color: 8bit<br \/>\t\t\t&#8211; Contraste: 3000:1 (tipo)<br \/>\t\t\t&#8211; Brillo (nits) (Valor t&iacute;pico): 200<br \/>\t\t\t&#8211; &Aacute;ngulo de visi&oacute;n: 178&deg;<\/td>\n<\/tr>\n<tr>\n<td valign=\"top\"><strong>Conectividad<\/strong><\/td>\n<td><strong>Puertos E\/S<\/strong><br \/>\t\t\t&#8211; 3 x HDMI 1.4<br \/>\t\t\t&#8211; 2 x USB 2.0<br \/>\t\t\t&#8211; 1 x Entrada Audio (L\/R)<br \/>\t\t\t&#8211; 1 x Puerto Ethernet RJ45<br \/>\t\t\t&#8211; 2 x Sintonizador RF<br \/>\t\t\t&#8211; 1 x Salida auriculares<br \/>\t\t\t&#8211; Entrada AV: 1?mini?<br \/>\t\t\t<strong>Inal&aacute;mbrica<\/strong><br \/>\t\t\t&#8211; Wifi IEEE 802.11 b\/g\/n,2.4G<\/td>\n<\/tr>\n<tr>\n<td valign=\"top\"><strong>Caracteristicas<\/strong><\/td>\n<td><strong>TV<\/strong><br \/>\t\t\t&#8211; Sintonizador: DVB-T2+C+S2<br \/>\t\t\t&#8211; Soporte LCN<br \/>\t\t\t&#8211; EPG<br \/>\t\t\t&#8211; Control parental<br \/>\t\t\t&#8211; Lista canales favoritos (4)<br \/>\t\t\t&#8211; Teletexto<br \/>\t\t\t&#8211; Ordenaci&oacute;n de canales: Integrado y exportable a pc para editar (ChSort)<br \/>\t\t\t<strong>Smart TV<\/strong><br \/>\t\t\t&#8211; Apps: Youtube, Netflix, Amazon Prime Video, DAZN, Movistar +, RTVE, ATRES Player, Mitele<br \/>\t\t\t&#8211; Navegador web: Odin<br \/>\t\t\t&#8211; HbbTV 2.0.3<br \/>\t\t\t&#8211; Soporte MHEG &nbsp;(solo si requiere certificaci&oacute;n,p.e. Ziggo)<br \/>\t\t\t&#8211; Sistema Operativo: VIDAA U5.0<br \/>\t\t\t<strong>Audio<\/strong><br \/>\t\t\t&#8211; 2 x Altavoces 7W<br \/>\t\t\t&#8211; DTS Virtual X HD<br \/>\t\t\t&#8211; NICAM Stereo<br \/>\t\t\t&#8211; Dolby Audio(MS12),DTS<br \/>\t\t\t<strong>Rendimiento<\/strong><br \/>\t\t\t&#8211; Procesador Quad Core\/ MT9602<br \/>\t\t\t&#8211; Decodificaci&oacute;n: MPEG-2,MPEG-4,H.264,VP8,VP9,HEVC (H.265),VC-1<br \/>\t\t\t&#8211; Modo Game (input lag): 2K 60Hz 20 ms<br \/>\t\t\t&#8211; 3D Digital Comb Filter<br \/>\t\t\t&#8211; Reducci&oacute;n ruido MPEG<br \/>\t\t\t&#8211; Reducci&oacute;n ruido Mosquito<\/td>\n<\/tr>\n<tr>\n<td valign=\"top\"><strong>Otras caracter&iacute;sticas<\/strong><\/td>\n<td>&#8211; Modo Hotel<br \/>\t\t\t&#8211; Modo Juego<br \/>\t\t\t<strong>Energ&iacute;a<\/strong><br \/>\t\t\t&#8211; Fuente de alimentaci&oacute;n: AC100V~240V<br \/>\t\t\t&#8211; Frecuencia: 50\/60Hz<br \/>\t\t\t&#8211; Clase de eficiencia energ&eacute;tica (SDR): F<br \/>\t\t\t&#8211; Consumo:<br \/>\t\t\t&nbsp; Standby: &lt;=0.5W<br \/>\t\t\t&nbsp; Consumo en uso: 65W<br \/>\t\t\t&nbsp; Consumo anual: 40KWh\/year<br \/>\t\t\t<strong>Dimensiones y peso<\/strong><br \/>\t\t\t&#8211;<strong> <\/strong>726 &times; 186 &times; 479 mm<br \/>\t\t\t&#8211;&nbsp;3.8 kg kg<br \/>\t\t\t&#8211; Soporte VESA compatible: 100 &times; 200 mm<\/td>\n<\/tr>\n<tr>\n<td valign=\"top\"><strong>Certificado energ&eacute;tico<\/strong><\/td>\n<td><a alt=\"Certificado energ&Atilde;&#402;?&Atilde;&#8218;&Acirc;&copy;tico\" href=\"https:\/\/www.infortisa.com\/images\/content\/2024092512442628844MTVLED0916.webp\" target=\"_blank\">Ver certificado<\/a><\/td>\n<\/tr>\n<tr>\n<td valign=\"top\"><strong>Fecha de revisi&oacute;n<\/strong><\/td>\n<td>25-09-2024 por RTY<\/td>\n<\/tr>\n<\/table>\n","protected":false},"excerpt":{"rendered":"<p>Marca Hisense Modelo 32A4N Pantalla &#8211; Tama&ntilde;o: 32&#8243; &#8211; Panel: VA &#8211; Tecnolog&iacute;a: DLED &#8211; Resoluci&oacute;n max.: HD 1366&#215;768 &#8211; Relaci&oacute;n de Aspecto: 16:9 &#8211; Tiempo de respuesta del panel (ms): 8,0 &#8211; Refresco Panel: 60 Hz &#8211; Profundidad del color: 8bit &#8211; Contraste: 3000:1 (tipo) &#8211; Brillo (nits) (Valor t&iacute;pico): 200 &#8211; &Aacute;ngulo de&hellip;&nbsp;<a href=\"https:\/\/aivlisoft.net\/shop\/producto\/hisense-32a4n-tv-32-hd-stv-usb-hdmi\/\" rel=\"bookmark\"><span class=\"screen-reader-text\">Hisense 32A4N TV 32&#8243; HD STV USB HDMI<\/span><\/a><\/p>\n","protected":false},"featured_media":0,"template":"","meta":{"neve_meta_sidebar":"","neve_meta_container":"","neve_meta_enable_content_width":"","neve_meta_content_width":0,"neve_meta_title_alignment":"","neve_meta_author_avatar":"","neve_post_elements_order":"","neve_meta_disable_header":"","neve_meta_disable_footer":"","neve_meta_disable_title":""},"product_brand":[],"product_cat":[15,8794],"product_tag":[6449],"class_list":{"0":"post-17587","1":"product","2":"type-product","3":"status-publish","5":"product_cat-sin-categorizar","6":"product_cat-tv","7":"product_tag-32a4n","9":"first","10":"instock","11":"taxable","12":"shipping-taxable","13":"purchasable","14":"product-type-simple"},"yoast_head":"<!-- This site is optimized with the Yoast SEO plugin v26.0 - https:\/\/yoast.com\/wordpress\/plugins\/seo\/ -->\n<title>Hisense 32A4N TV 32&quot; HD STV USB HDMI - Aivlisoft Inform\u00e1tica<\/title>\n<meta name=\"robots\" content=\"index, follow, max-snippet:-1, max-image-preview:large, max-video-preview:-1\" \/>\n<link rel=\"canonical\" href=\"https:\/\/aivlisoft.net\/shop\/producto\/hisense-32a4n-tv-32-hd-stv-usb-hdmi\/\" \/>\n<meta property=\"og:locale\" content=\"es_ES\" \/>\n<meta property=\"og:type\" content=\"article\" \/>\n<meta property=\"og:title\" content=\"Hisense 32A4N TV 32&quot; HD STV USB HDMI - Aivlisoft Inform\u00e1tica\" \/>\n<meta property=\"og:description\" content=\"Marca Hisense Modelo 32A4N Pantalla &#8211; Tama&ntilde;o: 32&#8243; &#8211; Panel: VA &#8211; Tecnolog&iacute;a: DLED &#8211; Resoluci&oacute;n max.: HD 1366&#215;768 &#8211; Relaci&oacute;n de Aspecto: 16:9 &#8211; Tiempo de respuesta del panel (ms): 8,0 &#8211; Refresco Panel: 60 Hz &#8211; Profundidad del color: 8bit &#8211; Contraste: 3000:1 (tipo) &#8211; Brillo (nits) (Valor t&iacute;pico): 200 &#8211; &Aacute;ngulo de&hellip;&nbsp;Hisense 32A4N TV 32&#8243; HD STV USB HDMI\" \/>\n<meta property=\"og:url\" content=\"https:\/\/aivlisoft.net\/shop\/producto\/hisense-32a4n-tv-32-hd-stv-usb-hdmi\/\" \/>\n<meta property=\"og:site_name\" content=\"Aivlisoft Inform\u00e1tica\" \/>\n<meta property=\"article:modified_time\" content=\"2025-01-14T20:27:31+00:00\" \/>\n<meta name=\"twitter:card\" content=\"summary_large_image\" \/>\n<meta name=\"twitter:label1\" content=\"Tiempo de lectura\" \/>\n\t<meta name=\"twitter:data1\" content=\"2 minutos\" \/>\n<script type=\"application\/ld+json\" class=\"yoast-schema-graph\">{\"@context\":\"https:\/\/schema.org\",\"@graph\":[{\"@type\":\"WebPage\",\"@id\":\"https:\/\/aivlisoft.net\/shop\/producto\/hisense-32a4n-tv-32-hd-stv-usb-hdmi\/\",\"url\":\"https:\/\/aivlisoft.net\/shop\/producto\/hisense-32a4n-tv-32-hd-stv-usb-hdmi\/\",\"name\":\"Hisense 32A4N TV 32\\\" HD STV USB HDMI - Aivlisoft Inform\u00e1tica\",\"isPartOf\":{\"@id\":\"https:\/\/aivlisoft.net\/shop\/#website\"},\"datePublished\":\"2025-01-13T15:13:37+00:00\",\"dateModified\":\"2025-01-14T20:27:31+00:00\",\"breadcrumb\":{\"@id\":\"https:\/\/aivlisoft.net\/shop\/producto\/hisense-32a4n-tv-32-hd-stv-usb-hdmi\/#breadcrumb\"},\"inLanguage\":\"es\",\"potentialAction\":[{\"@type\":\"ReadAction\",\"target\":[\"https:\/\/aivlisoft.net\/shop\/producto\/hisense-32a4n-tv-32-hd-stv-usb-hdmi\/\"]}]},{\"@type\":\"BreadcrumbList\",\"@id\":\"https:\/\/aivlisoft.net\/shop\/producto\/hisense-32a4n-tv-32-hd-stv-usb-hdmi\/#breadcrumb\",\"itemListElement\":[{\"@type\":\"ListItem\",\"position\":1,\"name\":\"Portada\",\"item\":\"https:\/\/aivlisoft.net\/shop\/\"},{\"@type\":\"ListItem\",\"position\":2,\"name\":\"Tienda\",\"item\":\"https:\/\/aivlisoft.net\/shop\/tienda\/\"},{\"@type\":\"ListItem\",\"position\":3,\"name\":\"Hisense 32A4N TV 32&#8243; HD STV USB HDMI\"}]},{\"@type\":\"WebSite\",\"@id\":\"https:\/\/aivlisoft.net\/shop\/#website\",\"url\":\"https:\/\/aivlisoft.net\/shop\/\",\"name\":\"Aivlisoft Inform\u00e1tica\",\"description\":\"En Aivlisoft Inform\u00e1tica ofrecemos soluciones tecnol\u00f3gicas para empresas: venta de ordenadores, consumibles, perif\u00e9ricos y m\u00e1s. Calidad, atenci\u00f3n personalizada y los mejores precios para tu negocio.\",\"publisher\":{\"@id\":\"https:\/\/aivlisoft.net\/shop\/#organization\"},\"potentialAction\":[{\"@type\":\"SearchAction\",\"target\":{\"@type\":\"EntryPoint\",\"urlTemplate\":\"https:\/\/aivlisoft.net\/shop\/?s={search_term_string}\"},\"query-input\":{\"@type\":\"PropertyValueSpecification\",\"valueRequired\":true,\"valueName\":\"search_term_string\"}}],\"inLanguage\":\"es\"},{\"@type\":\"Organization\",\"@id\":\"https:\/\/aivlisoft.net\/shop\/#organization\",\"name\":\"Aivlisoft Inform\u00e1tica\",\"url\":\"https:\/\/aivlisoft.net\/shop\/\",\"logo\":{\"@type\":\"ImageObject\",\"inLanguage\":\"es\",\"@id\":\"https:\/\/aivlisoft.net\/shop\/#\/schema\/logo\/image\/\",\"url\":\"https:\/\/aivlisoft.net\/shop\/wp-content\/uploads\/2024\/12\/removal.ai_5b848c54-0cdf-4140-95c5-c5536bb7573b-logodef.png\",\"contentUrl\":\"https:\/\/aivlisoft.net\/shop\/wp-content\/uploads\/2024\/12\/removal.ai_5b848c54-0cdf-4140-95c5-c5536bb7573b-logodef.png\",\"width\":484,\"height\":182,\"caption\":\"Aivlisoft Inform\u00e1tica\"},\"image\":{\"@id\":\"https:\/\/aivlisoft.net\/shop\/#\/schema\/logo\/image\/\"}}]}<\/script>\n<!-- \/ Yoast SEO plugin. -->","yoast_head_json":{"title":"Hisense 32A4N TV 32\" HD STV USB HDMI - Aivlisoft Inform\u00e1tica","robots":{"index":"index","follow":"follow","max-snippet":"max-snippet:-1","max-image-preview":"max-image-preview:large","max-video-preview":"max-video-preview:-1"},"canonical":"https:\/\/aivlisoft.net\/shop\/producto\/hisense-32a4n-tv-32-hd-stv-usb-hdmi\/","og_locale":"es_ES","og_type":"article","og_title":"Hisense 32A4N TV 32\" HD STV USB HDMI - Aivlisoft Inform\u00e1tica","og_description":"Marca Hisense Modelo 32A4N Pantalla &#8211; Tama&ntilde;o: 32&#8243; &#8211; Panel: VA &#8211; Tecnolog&iacute;a: DLED &#8211; Resoluci&oacute;n max.: HD 1366&#215;768 &#8211; Relaci&oacute;n de Aspecto: 16:9 &#8211; Tiempo de respuesta del panel (ms): 8,0 &#8211; Refresco Panel: 60 Hz &#8211; Profundidad del color: 8bit &#8211; Contraste: 3000:1 (tipo) &#8211; Brillo (nits) (Valor t&iacute;pico): 200 &#8211; &Aacute;ngulo de&hellip;&nbsp;Hisense 32A4N TV 32&#8243; HD STV USB HDMI","og_url":"https:\/\/aivlisoft.net\/shop\/producto\/hisense-32a4n-tv-32-hd-stv-usb-hdmi\/","og_site_name":"Aivlisoft Inform\u00e1tica","article_modified_time":"2025-01-14T20:27:31+00:00","twitter_card":"summary_large_image","twitter_misc":{"Tiempo de lectura":"2 minutos"},"schema":{"@context":"https:\/\/schema.org","@graph":[{"@type":"WebPage","@id":"https:\/\/aivlisoft.net\/shop\/producto\/hisense-32a4n-tv-32-hd-stv-usb-hdmi\/","url":"https:\/\/aivlisoft.net\/shop\/producto\/hisense-32a4n-tv-32-hd-stv-usb-hdmi\/","name":"Hisense 32A4N TV 32\" HD STV USB HDMI - Aivlisoft Inform\u00e1tica","isPartOf":{"@id":"https:\/\/aivlisoft.net\/shop\/#website"},"datePublished":"2025-01-13T15:13:37+00:00","dateModified":"2025-01-14T20:27:31+00:00","breadcrumb":{"@id":"https:\/\/aivlisoft.net\/shop\/producto\/hisense-32a4n-tv-32-hd-stv-usb-hdmi\/#breadcrumb"},"inLanguage":"es","potentialAction":[{"@type":"ReadAction","target":["https:\/\/aivlisoft.net\/shop\/producto\/hisense-32a4n-tv-32-hd-stv-usb-hdmi\/"]}]},{"@type":"BreadcrumbList","@id":"https:\/\/aivlisoft.net\/shop\/producto\/hisense-32a4n-tv-32-hd-stv-usb-hdmi\/#breadcrumb","itemListElement":[{"@type":"ListItem","position":1,"name":"Portada","item":"https:\/\/aivlisoft.net\/shop\/"},{"@type":"ListItem","position":2,"name":"Tienda","item":"https:\/\/aivlisoft.net\/shop\/tienda\/"},{"@type":"ListItem","position":3,"name":"Hisense 32A4N TV 32&#8243; HD STV USB HDMI"}]},{"@type":"WebSite","@id":"https:\/\/aivlisoft.net\/shop\/#website","url":"https:\/\/aivlisoft.net\/shop\/","name":"Aivlisoft Inform\u00e1tica","description":"En Aivlisoft Inform\u00e1tica ofrecemos soluciones tecnol\u00f3gicas para empresas: venta de ordenadores, consumibles, perif\u00e9ricos y m\u00e1s. Calidad, atenci\u00f3n personalizada y los mejores precios para tu negocio.","publisher":{"@id":"https:\/\/aivlisoft.net\/shop\/#organization"},"potentialAction":[{"@type":"SearchAction","target":{"@type":"EntryPoint","urlTemplate":"https:\/\/aivlisoft.net\/shop\/?s={search_term_string}"},"query-input":{"@type":"PropertyValueSpecification","valueRequired":true,"valueName":"search_term_string"}}],"inLanguage":"es"},{"@type":"Organization","@id":"https:\/\/aivlisoft.net\/shop\/#organization","name":"Aivlisoft Inform\u00e1tica","url":"https:\/\/aivlisoft.net\/shop\/","logo":{"@type":"ImageObject","inLanguage":"es","@id":"https:\/\/aivlisoft.net\/shop\/#\/schema\/logo\/image\/","url":"https:\/\/aivlisoft.net\/shop\/wp-content\/uploads\/2024\/12\/removal.ai_5b848c54-0cdf-4140-95c5-c5536bb7573b-logodef.png","contentUrl":"https:\/\/aivlisoft.net\/shop\/wp-content\/uploads\/2024\/12\/removal.ai_5b848c54-0cdf-4140-95c5-c5536bb7573b-logodef.png","width":484,"height":182,"caption":"Aivlisoft Inform\u00e1tica"},"image":{"@id":"https:\/\/aivlisoft.net\/shop\/#\/schema\/logo\/image\/"}}]}},"_links":{"self":[{"href":"https:\/\/aivlisoft.net\/shop\/wp-json\/wp\/v2\/product\/17587","targetHints":{"allow":["GET"]}}],"collection":[{"href":"https:\/\/aivlisoft.net\/shop\/wp-json\/wp\/v2\/product"}],"about":[{"href":"https:\/\/aivlisoft.net\/shop\/wp-json\/wp\/v2\/types\/product"}],"wp:attachment":[{"href":"https:\/\/aivlisoft.net\/shop\/wp-json\/wp\/v2\/media?parent=17587"}],"wp:term":[{"taxonomy":"product_brand","embeddable":true,"href":"https:\/\/aivlisoft.net\/shop\/wp-json\/wp\/v2\/product_brand?post=17587"},{"taxonomy":"product_cat","embeddable":true,"href":"https:\/\/aivlisoft.net\/shop\/wp-json\/wp\/v2\/product_cat?post=17587"},{"taxonomy":"product_tag","embeddable":true,"href":"https:\/\/aivlisoft.net\/shop\/wp-json\/wp\/v2\/product_tag?post=17587"}],"curies":[{"name":"wp","href":"https:\/\/api.w.org\/{rel}","templated":true}]}}