{"id":17579,"date":"2025-01-13T15:13:33","date_gmt":"2025-01-13T15:13:33","guid":{"rendered":"https:\/\/aivlisoft.com\/?post_type=product&#038;p=17579"},"modified":"2025-01-14T20:27:33","modified_gmt":"2025-01-14T20:27:33","slug":"tcl-65p755-tv-65-4k-stvand-2xusb-3xhdmi","status":"publish","type":"product","link":"https:\/\/aivlisoft.net\/shop\/producto\/tcl-65p755-tv-65-4k-stvand-2xusb-3xhdmi\/","title":{"rendered":"TCL 65P755 TV 65&#8243; 4K STVAnd 2xUSB 3XHDMI"},"content":{"rendered":"<p><\/p>\n<table class=\"tabla_caracteristicas k-table\" width=\"100%\">\n<tr>\n<td valign=\"top\"><strong>Marca<\/strong><\/td>\n<td>TCL<\/td>\n<\/tr>\n<tr>\n<td valign=\"top\"><strong>Modelo<\/strong><\/td>\n<td><strong>65P755<\/strong><\/td>\n<\/tr>\n<tr>\n<td valign=\"top\"><strong>Pantalla<\/strong><\/td>\n<td>&#8211; Tama&ntilde;o de pantalla: <strong>65&#8243;<\/strong><br \/>\t\t\t&#8211; Tipo de panel: LED Directo<br \/>\t\t\t&#8211; Amplia tecnolog&iacute;a de color: Amplia gama de colores<br \/>\t\t\t&#8211; Formatos HDR: Dolby Vision, HDR10+, HDR10, HLG<br \/>\t\t\t&#8211; Claridad de movimiento: 60 Hz de vibraci&oacute;n<br \/>\t\t\t&#8211; Resoluci&oacute;n: 3840 x 2160<br \/>\t\t\t&#8211; Amplio &aacute;ngulo de visi&oacute;n<br \/>\t\t\t&#8211; Frecuencia de actualizaci&oacute;n del panel: 50\/60Hz+FRC \/ 120Hz FHD<br \/>\t\t\t&#8211; Contraste din&aacute;mico: Mega<br \/>\t\t\t&#8211; Smart HDR<br \/>\t\t\t&#8211; Procesamiento de im&aacute;genes: Procesador AiPQ<\/td>\n<\/tr>\n<tr>\n<td valign=\"top\"><strong>Conectividad<\/strong><\/td>\n<td>&#8211; Wi-Fi: WiFi 5<br \/>\t\t\t&#8211; Bluetooth 5.0<br \/>\t\t\t<strong>Puertos<\/strong><br \/>\t\t\t&#8211; 3 x HDMI 2.1<br \/>\t\t\t&#8211; Digital Audio Out<\/td>\n<\/tr>\n<tr>\n<td valign=\"top\"><strong>Caracter&iacute;sticas<\/strong><\/td>\n<td><strong>Smart TV<\/strong><br \/>\t\t\t&#8211; SmartTV: GoogleTV (29 idiomas)<br \/>\t\t\t&#8211; Sistema operativo Android: GoogleTV (ATV 12.0)<br \/>\t\t\t&#8211; 4K: Netflix, YouTube, Amazon Prime, AppleTV+ y m&aacute;s<br \/>\t\t\t&#8211; Aplicaciones: Google Play Store<br \/>\t\t\t&#8211; Hogar inteligente: TCL Home, Google Home, Alexa Smart Home<br \/>\t\t\t&#8211; AI Asistente Google: Asistente de Google Manos libres<br \/>\t\t\t&#8211; Encendido\/apagado del micr&oacute;fono integrado AI<br \/>\t\t\t&#8211; Modo ambiente(arte, fotos, hora, clima)<br \/>\t\t\t<strong>Sonido<\/strong><br \/>\t\t\t&#8211; Potencia de audio: 10W x 2<br \/>\t\t\t&#8211; Dolby Atmos: Dolby AC4, Dolby TrueHD<br \/>\t\t\t&#8211; Sonido premium DTS: DTS virtual X<br \/>\t\t\t&#8211; Canales de sonido: 2.0 Canales<br \/>\t\t\t<strong>Dimensiones<\/strong><br \/>\t\t\t&#8211; 1445 x 878 x 300 mm<br \/>\t\t\t&#8211; 14,10 kg<\/td>\n<\/tr>\n<tr>\n<td valign=\"top\"><strong>Certificado energ&eacute;tico<\/strong><\/td>\n<td><a alt=\"Certificado energ&Atilde;&#402;???????&Atilde;&#402;??????&Atilde;&#402;?????&Atilde;&#402;????&Atilde;&#402;???&Atilde;&#402;??&Atilde;&#402;?&Atilde;&#8218;&Acirc;&copy;tico\" href=\"https:\/\/www.infortisa.com\/images\/content\/2024090917482328844MTVLED0913.webp\" target=\"_blank\">Ver certificado<\/a><\/td>\n<\/tr>\n<tr>\n<td valign=\"top\"><strong>Fecha de revisi&oacute;n<\/strong><\/td>\n<td>09-09-2024 por RTY<\/td>\n<\/tr>\n<\/table>\n","protected":false},"excerpt":{"rendered":"<p>Marca TCL Modelo 65P755 Pantalla &#8211; Tama&ntilde;o de pantalla: 65&#8243; &#8211; Tipo de panel: LED Directo &#8211; Amplia tecnolog&iacute;a de color: Amplia gama de colores &#8211; Formatos HDR: Dolby Vision, HDR10+, HDR10, HLG &#8211; Claridad de movimiento: 60 Hz de vibraci&oacute;n &#8211; Resoluci&oacute;n: 3840 x 2160 &#8211; Amplio &aacute;ngulo de visi&oacute;n &#8211; Frecuencia de actualizaci&oacute;n&hellip;&nbsp;<a href=\"https:\/\/aivlisoft.net\/shop\/producto\/tcl-65p755-tv-65-4k-stvand-2xusb-3xhdmi\/\" rel=\"bookmark\"><span class=\"screen-reader-text\">TCL 65P755 TV 65&#8243; 4K STVAnd 2xUSB 3XHDMI<\/span><\/a><\/p>\n","protected":false},"featured_media":17580,"template":"","meta":{"neve_meta_sidebar":"","neve_meta_container":"","neve_meta_enable_content_width":"","neve_meta_content_width":0,"neve_meta_title_alignment":"","neve_meta_author_avatar":"","neve_post_elements_order":"","neve_meta_disable_header":"","neve_meta_disable_footer":"","neve_meta_disable_title":""},"product_brand":[],"product_cat":[15,8794],"product_tag":[6447],"class_list":{"0":"post-17579","1":"product","2":"type-product","3":"status-publish","4":"has-post-thumbnail","6":"product_cat-sin-categorizar","7":"product_cat-tv","8":"product_tag-65p755","10":"first","11":"instock","12":"taxable","13":"shipping-taxable","14":"purchasable","15":"product-type-simple"},"yoast_head":"<!-- This site is optimized with the Yoast SEO plugin v26.0 - https:\/\/yoast.com\/wordpress\/plugins\/seo\/ -->\n<title>TCL 65P755 TV 65&quot; 4K STVAnd 2xUSB 3XHDMI - Aivlisoft Inform\u00e1tica<\/title>\n<meta name=\"robots\" content=\"index, follow, max-snippet:-1, max-image-preview:large, max-video-preview:-1\" \/>\n<link rel=\"canonical\" href=\"https:\/\/aivlisoft.net\/shop\/producto\/tcl-65p755-tv-65-4k-stvand-2xusb-3xhdmi\/\" \/>\n<meta property=\"og:locale\" content=\"es_ES\" \/>\n<meta property=\"og:type\" content=\"article\" \/>\n<meta property=\"og:title\" content=\"TCL 65P755 TV 65&quot; 4K STVAnd 2xUSB 3XHDMI - Aivlisoft Inform\u00e1tica\" \/>\n<meta property=\"og:description\" content=\"Marca TCL Modelo 65P755 Pantalla &#8211; Tama&ntilde;o de pantalla: 65&#8243; &#8211; Tipo de panel: LED Directo &#8211; Amplia tecnolog&iacute;a de color: Amplia gama de colores &#8211; Formatos HDR: Dolby Vision, HDR10+, HDR10, HLG &#8211; Claridad de movimiento: 60 Hz de vibraci&oacute;n &#8211; Resoluci&oacute;n: 3840 x 2160 &#8211; Amplio &aacute;ngulo de visi&oacute;n &#8211; Frecuencia de actualizaci&oacute;n&hellip;&nbsp;TCL 65P755 TV 65&#8243; 4K STVAnd 2xUSB 3XHDMI\" \/>\n<meta property=\"og:url\" content=\"https:\/\/aivlisoft.net\/shop\/producto\/tcl-65p755-tv-65-4k-stvand-2xusb-3xhdmi\/\" \/>\n<meta property=\"og:site_name\" content=\"Aivlisoft Inform\u00e1tica\" \/>\n<meta property=\"article:modified_time\" content=\"2025-01-14T20:27:33+00:00\" \/>\n<meta property=\"og:image\" content=\"https:\/\/aivlisoft.net\/shop\/wp-content\/uploads\/2025\/01\/MTVLED0913_800.jpg\" \/>\n\t<meta property=\"og:image:width\" content=\"800\" \/>\n\t<meta property=\"og:image:height\" content=\"800\" \/>\n\t<meta property=\"og:image:type\" content=\"image\/jpeg\" \/>\n<meta name=\"twitter:card\" content=\"summary_large_image\" \/>\n<meta name=\"twitter:label1\" content=\"Tiempo de lectura\" \/>\n\t<meta name=\"twitter:data1\" content=\"1 minuto\" \/>\n<script type=\"application\/ld+json\" class=\"yoast-schema-graph\">{\"@context\":\"https:\/\/schema.org\",\"@graph\":[{\"@type\":\"WebPage\",\"@id\":\"https:\/\/aivlisoft.net\/shop\/producto\/tcl-65p755-tv-65-4k-stvand-2xusb-3xhdmi\/\",\"url\":\"https:\/\/aivlisoft.net\/shop\/producto\/tcl-65p755-tv-65-4k-stvand-2xusb-3xhdmi\/\",\"name\":\"TCL 65P755 TV 65\\\" 4K STVAnd 2xUSB 3XHDMI - Aivlisoft Inform\u00e1tica\",\"isPartOf\":{\"@id\":\"https:\/\/aivlisoft.net\/shop\/#website\"},\"primaryImageOfPage\":{\"@id\":\"https:\/\/aivlisoft.net\/shop\/producto\/tcl-65p755-tv-65-4k-stvand-2xusb-3xhdmi\/#primaryimage\"},\"image\":{\"@id\":\"https:\/\/aivlisoft.net\/shop\/producto\/tcl-65p755-tv-65-4k-stvand-2xusb-3xhdmi\/#primaryimage\"},\"thumbnailUrl\":\"https:\/\/aivlisoft.net\/shop\/wp-content\/uploads\/2025\/01\/MTVLED0913_800.jpg\",\"datePublished\":\"2025-01-13T15:13:33+00:00\",\"dateModified\":\"2025-01-14T20:27:33+00:00\",\"breadcrumb\":{\"@id\":\"https:\/\/aivlisoft.net\/shop\/producto\/tcl-65p755-tv-65-4k-stvand-2xusb-3xhdmi\/#breadcrumb\"},\"inLanguage\":\"es\",\"potentialAction\":[{\"@type\":\"ReadAction\",\"target\":[\"https:\/\/aivlisoft.net\/shop\/producto\/tcl-65p755-tv-65-4k-stvand-2xusb-3xhdmi\/\"]}]},{\"@type\":\"ImageObject\",\"inLanguage\":\"es\",\"@id\":\"https:\/\/aivlisoft.net\/shop\/producto\/tcl-65p755-tv-65-4k-stvand-2xusb-3xhdmi\/#primaryimage\",\"url\":\"https:\/\/aivlisoft.net\/shop\/wp-content\/uploads\/2025\/01\/MTVLED0913_800.jpg\",\"contentUrl\":\"https:\/\/aivlisoft.net\/shop\/wp-content\/uploads\/2025\/01\/MTVLED0913_800.jpg\",\"width\":800,\"height\":800},{\"@type\":\"BreadcrumbList\",\"@id\":\"https:\/\/aivlisoft.net\/shop\/producto\/tcl-65p755-tv-65-4k-stvand-2xusb-3xhdmi\/#breadcrumb\",\"itemListElement\":[{\"@type\":\"ListItem\",\"position\":1,\"name\":\"Portada\",\"item\":\"https:\/\/aivlisoft.net\/shop\/\"},{\"@type\":\"ListItem\",\"position\":2,\"name\":\"Tienda\",\"item\":\"https:\/\/aivlisoft.net\/shop\/tienda\/\"},{\"@type\":\"ListItem\",\"position\":3,\"name\":\"TCL 65P755 TV 65&#8243; 4K STVAnd 2xUSB 3XHDMI\"}]},{\"@type\":\"WebSite\",\"@id\":\"https:\/\/aivlisoft.net\/shop\/#website\",\"url\":\"https:\/\/aivlisoft.net\/shop\/\",\"name\":\"Aivlisoft Inform\u00e1tica\",\"description\":\"En Aivlisoft Inform\u00e1tica ofrecemos soluciones tecnol\u00f3gicas para empresas: venta de ordenadores, consumibles, perif\u00e9ricos y m\u00e1s. Calidad, atenci\u00f3n personalizada y los mejores precios para tu negocio.\",\"publisher\":{\"@id\":\"https:\/\/aivlisoft.net\/shop\/#organization\"},\"potentialAction\":[{\"@type\":\"SearchAction\",\"target\":{\"@type\":\"EntryPoint\",\"urlTemplate\":\"https:\/\/aivlisoft.net\/shop\/?s={search_term_string}\"},\"query-input\":{\"@type\":\"PropertyValueSpecification\",\"valueRequired\":true,\"valueName\":\"search_term_string\"}}],\"inLanguage\":\"es\"},{\"@type\":\"Organization\",\"@id\":\"https:\/\/aivlisoft.net\/shop\/#organization\",\"name\":\"Aivlisoft Inform\u00e1tica\",\"url\":\"https:\/\/aivlisoft.net\/shop\/\",\"logo\":{\"@type\":\"ImageObject\",\"inLanguage\":\"es\",\"@id\":\"https:\/\/aivlisoft.net\/shop\/#\/schema\/logo\/image\/\",\"url\":\"https:\/\/aivlisoft.net\/shop\/wp-content\/uploads\/2024\/12\/removal.ai_5b848c54-0cdf-4140-95c5-c5536bb7573b-logodef.png\",\"contentUrl\":\"https:\/\/aivlisoft.net\/shop\/wp-content\/uploads\/2024\/12\/removal.ai_5b848c54-0cdf-4140-95c5-c5536bb7573b-logodef.png\",\"width\":484,\"height\":182,\"caption\":\"Aivlisoft Inform\u00e1tica\"},\"image\":{\"@id\":\"https:\/\/aivlisoft.net\/shop\/#\/schema\/logo\/image\/\"}}]}<\/script>\n<!-- \/ Yoast SEO plugin. -->","yoast_head_json":{"title":"TCL 65P755 TV 65\" 4K STVAnd 2xUSB 3XHDMI - Aivlisoft Inform\u00e1tica","robots":{"index":"index","follow":"follow","max-snippet":"max-snippet:-1","max-image-preview":"max-image-preview:large","max-video-preview":"max-video-preview:-1"},"canonical":"https:\/\/aivlisoft.net\/shop\/producto\/tcl-65p755-tv-65-4k-stvand-2xusb-3xhdmi\/","og_locale":"es_ES","og_type":"article","og_title":"TCL 65P755 TV 65\" 4K STVAnd 2xUSB 3XHDMI - Aivlisoft Inform\u00e1tica","og_description":"Marca TCL Modelo 65P755 Pantalla &#8211; Tama&ntilde;o de pantalla: 65&#8243; &#8211; Tipo de panel: LED Directo &#8211; Amplia tecnolog&iacute;a de color: Amplia gama de colores &#8211; Formatos HDR: Dolby Vision, HDR10+, HDR10, HLG &#8211; Claridad de movimiento: 60 Hz de vibraci&oacute;n &#8211; Resoluci&oacute;n: 3840 x 2160 &#8211; Amplio &aacute;ngulo de visi&oacute;n &#8211; Frecuencia de actualizaci&oacute;n&hellip;&nbsp;TCL 65P755 TV 65&#8243; 4K STVAnd 2xUSB 3XHDMI","og_url":"https:\/\/aivlisoft.net\/shop\/producto\/tcl-65p755-tv-65-4k-stvand-2xusb-3xhdmi\/","og_site_name":"Aivlisoft Inform\u00e1tica","article_modified_time":"2025-01-14T20:27:33+00:00","og_image":[{"width":800,"height":800,"url":"https:\/\/aivlisoft.net\/shop\/wp-content\/uploads\/2025\/01\/MTVLED0913_800.jpg","type":"image\/jpeg"}],"twitter_card":"summary_large_image","twitter_misc":{"Tiempo de lectura":"1 minuto"},"schema":{"@context":"https:\/\/schema.org","@graph":[{"@type":"WebPage","@id":"https:\/\/aivlisoft.net\/shop\/producto\/tcl-65p755-tv-65-4k-stvand-2xusb-3xhdmi\/","url":"https:\/\/aivlisoft.net\/shop\/producto\/tcl-65p755-tv-65-4k-stvand-2xusb-3xhdmi\/","name":"TCL 65P755 TV 65\" 4K STVAnd 2xUSB 3XHDMI - Aivlisoft Inform\u00e1tica","isPartOf":{"@id":"https:\/\/aivlisoft.net\/shop\/#website"},"primaryImageOfPage":{"@id":"https:\/\/aivlisoft.net\/shop\/producto\/tcl-65p755-tv-65-4k-stvand-2xusb-3xhdmi\/#primaryimage"},"image":{"@id":"https:\/\/aivlisoft.net\/shop\/producto\/tcl-65p755-tv-65-4k-stvand-2xusb-3xhdmi\/#primaryimage"},"thumbnailUrl":"https:\/\/aivlisoft.net\/shop\/wp-content\/uploads\/2025\/01\/MTVLED0913_800.jpg","datePublished":"2025-01-13T15:13:33+00:00","dateModified":"2025-01-14T20:27:33+00:00","breadcrumb":{"@id":"https:\/\/aivlisoft.net\/shop\/producto\/tcl-65p755-tv-65-4k-stvand-2xusb-3xhdmi\/#breadcrumb"},"inLanguage":"es","potentialAction":[{"@type":"ReadAction","target":["https:\/\/aivlisoft.net\/shop\/producto\/tcl-65p755-tv-65-4k-stvand-2xusb-3xhdmi\/"]}]},{"@type":"ImageObject","inLanguage":"es","@id":"https:\/\/aivlisoft.net\/shop\/producto\/tcl-65p755-tv-65-4k-stvand-2xusb-3xhdmi\/#primaryimage","url":"https:\/\/aivlisoft.net\/shop\/wp-content\/uploads\/2025\/01\/MTVLED0913_800.jpg","contentUrl":"https:\/\/aivlisoft.net\/shop\/wp-content\/uploads\/2025\/01\/MTVLED0913_800.jpg","width":800,"height":800},{"@type":"BreadcrumbList","@id":"https:\/\/aivlisoft.net\/shop\/producto\/tcl-65p755-tv-65-4k-stvand-2xusb-3xhdmi\/#breadcrumb","itemListElement":[{"@type":"ListItem","position":1,"name":"Portada","item":"https:\/\/aivlisoft.net\/shop\/"},{"@type":"ListItem","position":2,"name":"Tienda","item":"https:\/\/aivlisoft.net\/shop\/tienda\/"},{"@type":"ListItem","position":3,"name":"TCL 65P755 TV 65&#8243; 4K STVAnd 2xUSB 3XHDMI"}]},{"@type":"WebSite","@id":"https:\/\/aivlisoft.net\/shop\/#website","url":"https:\/\/aivlisoft.net\/shop\/","name":"Aivlisoft Inform\u00e1tica","description":"En Aivlisoft Inform\u00e1tica ofrecemos soluciones tecnol\u00f3gicas para empresas: venta de ordenadores, consumibles, perif\u00e9ricos y m\u00e1s. Calidad, atenci\u00f3n personalizada y los mejores precios para tu negocio.","publisher":{"@id":"https:\/\/aivlisoft.net\/shop\/#organization"},"potentialAction":[{"@type":"SearchAction","target":{"@type":"EntryPoint","urlTemplate":"https:\/\/aivlisoft.net\/shop\/?s={search_term_string}"},"query-input":{"@type":"PropertyValueSpecification","valueRequired":true,"valueName":"search_term_string"}}],"inLanguage":"es"},{"@type":"Organization","@id":"https:\/\/aivlisoft.net\/shop\/#organization","name":"Aivlisoft Inform\u00e1tica","url":"https:\/\/aivlisoft.net\/shop\/","logo":{"@type":"ImageObject","inLanguage":"es","@id":"https:\/\/aivlisoft.net\/shop\/#\/schema\/logo\/image\/","url":"https:\/\/aivlisoft.net\/shop\/wp-content\/uploads\/2024\/12\/removal.ai_5b848c54-0cdf-4140-95c5-c5536bb7573b-logodef.png","contentUrl":"https:\/\/aivlisoft.net\/shop\/wp-content\/uploads\/2024\/12\/removal.ai_5b848c54-0cdf-4140-95c5-c5536bb7573b-logodef.png","width":484,"height":182,"caption":"Aivlisoft Inform\u00e1tica"},"image":{"@id":"https:\/\/aivlisoft.net\/shop\/#\/schema\/logo\/image\/"}}]}},"_links":{"self":[{"href":"https:\/\/aivlisoft.net\/shop\/wp-json\/wp\/v2\/product\/17579","targetHints":{"allow":["GET"]}}],"collection":[{"href":"https:\/\/aivlisoft.net\/shop\/wp-json\/wp\/v2\/product"}],"about":[{"href":"https:\/\/aivlisoft.net\/shop\/wp-json\/wp\/v2\/types\/product"}],"wp:featuredmedia":[{"embeddable":true,"href":"https:\/\/aivlisoft.net\/shop\/wp-json\/wp\/v2\/media\/17580"}],"wp:attachment":[{"href":"https:\/\/aivlisoft.net\/shop\/wp-json\/wp\/v2\/media?parent=17579"}],"wp:term":[{"taxonomy":"product_brand","embeddable":true,"href":"https:\/\/aivlisoft.net\/shop\/wp-json\/wp\/v2\/product_brand?post=17579"},{"taxonomy":"product_cat","embeddable":true,"href":"https:\/\/aivlisoft.net\/shop\/wp-json\/wp\/v2\/product_cat?post=17579"},{"taxonomy":"product_tag","embeddable":true,"href":"https:\/\/aivlisoft.net\/shop\/wp-json\/wp\/v2\/product_tag?post=17579"}],"curies":[{"name":"wp","href":"https:\/\/api.w.org\/{rel}","templated":true}]}}