{"id":17563,"date":"2025-01-13T15:13:21","date_gmt":"2025-01-13T15:13:21","guid":{"rendered":"https:\/\/aivlisoft.com\/?post_type=product&#038;p=17563"},"modified":"2025-01-14T20:29:15","modified_gmt":"2025-01-14T20:29:15","slug":"nevir-7712-tv-24-led-hd-usb-vga-hdmi-usb","status":"publish","type":"product","link":"https:\/\/aivlisoft.net\/shop\/producto\/nevir-7712-tv-24-led-hd-usb-vga-hdmi-usb\/","title":{"rendered":"Nevir 7712 TV 24 \u00bb LED HD USB VGA HDMI USB"},"content":{"rendered":"<p><\/p>\n<table class=\"tabla_caracteristicas k-table\" width=\"100%\">\n<tr>\n<td valign=\"top\"><strong>Marca<\/strong><\/td>\n<td>Nevir<\/td>\n<\/tr>\n<tr>\n<td valign=\"top\"><strong>Modelo<\/strong><\/td>\n<td><strong>NVR-7712-24RD2-N<\/strong><\/td>\n<\/tr>\n<tr>\n<td valign=\"top\"><strong>Pantalla<\/strong><\/td>\n<td>&#8211; LED de <strong>24&Prime; <\/strong>( 60,96 cm )<br \/>\t\t\t&#8211; Resoluci&oacute;n: 1366 x 768<br \/>\t\t\t&#8211; HD READY<br \/>\t\t\t&#8211; Tasa Refresco: 60 Hz<br \/>\t\t\t&#8211; Aspecto: 16:9<br \/>\t\t\t&#8211; Contraste: 3000:1<br \/>\t\t\t&#8211; Brillo: 180cd\/m2<br \/>\t\t\t&#8211; Angulo Vision: 178H\/178V<br \/>\t\t\t&#8211; Tiempo respuesta (G:G): 8 ms<br \/>\t\t\t&#8211; Modos de Imagen preestablecidos<\/td>\n<\/tr>\n<tr>\n<td valign=\"top\"><strong>Conexi&oacute;n<\/strong><\/td>\n<td>&#8211; 1 x HDMI<br \/>\t\t\t&#8211; 1 x USB 2.0<br \/>\t\t\t&#8211; EUROCONECTOR<br \/>\t\t\t&#8211; VGA<br \/>\t\t\t&#8211; 1 x Coaxial<br \/>\t\t\t&#8211; 1 x AV In<br \/>\t\t\t&#8211; 1 x YPbpr<br \/>\t\t\t&#8211; Salida Auriculares<br \/>\t\t\t&#8211; CI+<\/td>\n<\/tr>\n<tr>\n<td valign=\"top\">\n<div><strong>Otras <\/strong><\/div>\n<div><strong>Caracter&iacute;sticas<\/strong><\/div>\n<\/td>\n<td>&#8211; Control Parental<br \/>\t\t\t&#8211; Funci&oacute;n HOTEL<br \/>\t\t\t&#8211; Autoapagado<br \/>\t\t\t&#8211; Teletexto<br \/>\t\t\t&#8211; EPG<br \/>\t\t\t<strong>Sonido<br \/>\t\t\t&#8211; <\/strong> Altavoces Integrados<br \/>\t\t\t&#8211; Potencia de salida&nbsp; 2x 5W<br \/>\t\t\t&#8211; Modos Preestablecidos Audio<br \/>\t\t\t&#8211; Mute<br \/>\t\t\t<strong>Alimentaci&oacute;n<\/strong><br \/>\t\t\t&#8211; Consumo Energ&eacute;tic: &le;36W<br \/>\t\t\t&#8211; Fuente Alimentaci&oacute;n: AC 100-240V, 50\/60Hz<br \/>\t\t\t&#8211; Standby: &le;0,5W<br \/>\t\t\t<strong>Dimensiones<\/strong><br \/>\t\t\t&#8211; Con peana: 552 x 371 x 154 mm<br \/>\t\t\t&#8211; Sin peana: 552 x 330 x 76 mm<br \/>\t\t\t&#8211; VESA 100 x 100<br \/>\t\t\t<strong>Accesorios<\/strong><br \/>\t\t\t&#8211; Mando a Distancia multifunci&oacute;n<br \/>\t\t\t&#8211; Peanas de soporte<br \/>\t\t\t&#8211; Manual de Instrucciones<\/td>\n<\/tr>\n<tr>\n<td valign=\"top\"><strong>Certificado energ&eacute;tico<\/strong><\/td>\n<td><a alt=\"Certificado energ&Atilde;&#402;????&Atilde;&#402;???&Atilde;&#402;??&Atilde;&#402;?&Atilde;&#8218;&Acirc;&copy;tico\" href=\"https:\/\/www.infortisa.com\/images\/content\/2024081909281628844MTVLED0902.webp\" target=\"_blank\">Ver certificado<\/a><\/td>\n<\/tr>\n<tr>\n<td valign=\"top\"><strong>Fecha de revisi&oacute;n<\/strong><\/td>\n<td>19-08-2024 por RTY<\/td>\n<\/tr>\n<\/table>\n","protected":false},"excerpt":{"rendered":"<p>Marca Nevir Modelo NVR-7712-24RD2-N Pantalla &#8211; LED de 24&Prime; ( 60,96 cm ) &#8211; Resoluci&oacute;n: 1366 x 768 &#8211; HD READY &#8211; Tasa Refresco: 60 Hz &#8211; Aspecto: 16:9 &#8211; Contraste: 3000:1 &#8211; Brillo: 180cd\/m2 &#8211; Angulo Vision: 178H\/178V &#8211; Tiempo respuesta (G:G): 8 ms &#8211; Modos de Imagen preestablecidos Conexi&oacute;n &#8211; 1 x HDMI&hellip;&nbsp;<a href=\"https:\/\/aivlisoft.net\/shop\/producto\/nevir-7712-tv-24-led-hd-usb-vga-hdmi-usb\/\" rel=\"bookmark\"><span class=\"screen-reader-text\">Nevir 7712 TV 24 \u00bb LED HD USB VGA HDMI USB<\/span><\/a><\/p>\n","protected":false},"featured_media":17564,"template":"","meta":{"neve_meta_sidebar":"","neve_meta_container":"","neve_meta_enable_content_width":"","neve_meta_content_width":0,"neve_meta_title_alignment":"","neve_meta_author_avatar":"","neve_post_elements_order":"","neve_meta_disable_header":"","neve_meta_disable_footer":"","neve_meta_disable_title":""},"product_brand":[],"product_cat":[15,8794],"product_tag":[6439],"class_list":{"0":"post-17563","1":"product","2":"type-product","3":"status-publish","4":"has-post-thumbnail","6":"product_cat-sin-categorizar","7":"product_cat-tv","8":"product_tag-nvr-7712-24rd2-n","10":"first","11":"instock","12":"taxable","13":"shipping-taxable","14":"purchasable","15":"product-type-simple"},"yoast_head":"<!-- This site is optimized with the Yoast SEO plugin v26.0 - https:\/\/yoast.com\/wordpress\/plugins\/seo\/ -->\n<title>Nevir 7712 TV 24 &quot; LED HD USB VGA HDMI USB - Aivlisoft Inform\u00e1tica<\/title>\n<meta name=\"robots\" content=\"index, follow, max-snippet:-1, max-image-preview:large, max-video-preview:-1\" \/>\n<link rel=\"canonical\" href=\"https:\/\/aivlisoft.net\/shop\/producto\/nevir-7712-tv-24-led-hd-usb-vga-hdmi-usb\/\" \/>\n<meta property=\"og:locale\" content=\"es_ES\" \/>\n<meta property=\"og:type\" content=\"article\" \/>\n<meta property=\"og:title\" content=\"Nevir 7712 TV 24 &quot; LED HD USB VGA HDMI USB - Aivlisoft Inform\u00e1tica\" \/>\n<meta property=\"og:description\" content=\"Marca Nevir Modelo NVR-7712-24RD2-N Pantalla &#8211; LED de 24&Prime; ( 60,96 cm ) &#8211; Resoluci&oacute;n: 1366 x 768 &#8211; HD READY &#8211; Tasa Refresco: 60 Hz &#8211; Aspecto: 16:9 &#8211; Contraste: 3000:1 &#8211; Brillo: 180cd\/m2 &#8211; Angulo Vision: 178H\/178V &#8211; Tiempo respuesta (G:G): 8 ms &#8211; Modos de Imagen preestablecidos Conexi&oacute;n &#8211; 1 x HDMI&hellip;&nbsp;Nevir 7712 TV 24 \u00bb LED HD USB VGA HDMI USB\" \/>\n<meta property=\"og:url\" content=\"https:\/\/aivlisoft.net\/shop\/producto\/nevir-7712-tv-24-led-hd-usb-vga-hdmi-usb\/\" \/>\n<meta property=\"og:site_name\" content=\"Aivlisoft Inform\u00e1tica\" \/>\n<meta property=\"article:modified_time\" content=\"2025-01-14T20:29:15+00:00\" \/>\n<meta property=\"og:image\" content=\"https:\/\/aivlisoft.net\/shop\/wp-content\/uploads\/2025\/01\/MTVLED0902_800.jpg\" \/>\n\t<meta property=\"og:image:width\" content=\"800\" \/>\n\t<meta property=\"og:image:height\" content=\"800\" \/>\n\t<meta property=\"og:image:type\" content=\"image\/jpeg\" \/>\n<meta name=\"twitter:card\" content=\"summary_large_image\" \/>\n<meta name=\"twitter:label1\" content=\"Tiempo de lectura\" \/>\n\t<meta name=\"twitter:data1\" content=\"1 minuto\" \/>\n<script type=\"application\/ld+json\" class=\"yoast-schema-graph\">{\"@context\":\"https:\/\/schema.org\",\"@graph\":[{\"@type\":\"WebPage\",\"@id\":\"https:\/\/aivlisoft.net\/shop\/producto\/nevir-7712-tv-24-led-hd-usb-vga-hdmi-usb\/\",\"url\":\"https:\/\/aivlisoft.net\/shop\/producto\/nevir-7712-tv-24-led-hd-usb-vga-hdmi-usb\/\",\"name\":\"Nevir 7712 TV 24 \\\" LED HD USB VGA HDMI USB - Aivlisoft Inform\u00e1tica\",\"isPartOf\":{\"@id\":\"https:\/\/aivlisoft.net\/shop\/#website\"},\"primaryImageOfPage\":{\"@id\":\"https:\/\/aivlisoft.net\/shop\/producto\/nevir-7712-tv-24-led-hd-usb-vga-hdmi-usb\/#primaryimage\"},\"image\":{\"@id\":\"https:\/\/aivlisoft.net\/shop\/producto\/nevir-7712-tv-24-led-hd-usb-vga-hdmi-usb\/#primaryimage\"},\"thumbnailUrl\":\"https:\/\/aivlisoft.net\/shop\/wp-content\/uploads\/2025\/01\/MTVLED0902_800.jpg\",\"datePublished\":\"2025-01-13T15:13:21+00:00\",\"dateModified\":\"2025-01-14T20:29:15+00:00\",\"breadcrumb\":{\"@id\":\"https:\/\/aivlisoft.net\/shop\/producto\/nevir-7712-tv-24-led-hd-usb-vga-hdmi-usb\/#breadcrumb\"},\"inLanguage\":\"es\",\"potentialAction\":[{\"@type\":\"ReadAction\",\"target\":[\"https:\/\/aivlisoft.net\/shop\/producto\/nevir-7712-tv-24-led-hd-usb-vga-hdmi-usb\/\"]}]},{\"@type\":\"ImageObject\",\"inLanguage\":\"es\",\"@id\":\"https:\/\/aivlisoft.net\/shop\/producto\/nevir-7712-tv-24-led-hd-usb-vga-hdmi-usb\/#primaryimage\",\"url\":\"https:\/\/aivlisoft.net\/shop\/wp-content\/uploads\/2025\/01\/MTVLED0902_800.jpg\",\"contentUrl\":\"https:\/\/aivlisoft.net\/shop\/wp-content\/uploads\/2025\/01\/MTVLED0902_800.jpg\",\"width\":800,\"height\":800},{\"@type\":\"BreadcrumbList\",\"@id\":\"https:\/\/aivlisoft.net\/shop\/producto\/nevir-7712-tv-24-led-hd-usb-vga-hdmi-usb\/#breadcrumb\",\"itemListElement\":[{\"@type\":\"ListItem\",\"position\":1,\"name\":\"Portada\",\"item\":\"https:\/\/aivlisoft.net\/shop\/\"},{\"@type\":\"ListItem\",\"position\":2,\"name\":\"Tienda\",\"item\":\"https:\/\/aivlisoft.net\/shop\/tienda\/\"},{\"@type\":\"ListItem\",\"position\":3,\"name\":\"Nevir 7712 TV 24 \u00bb LED HD USB VGA HDMI USB\"}]},{\"@type\":\"WebSite\",\"@id\":\"https:\/\/aivlisoft.net\/shop\/#website\",\"url\":\"https:\/\/aivlisoft.net\/shop\/\",\"name\":\"Aivlisoft Inform\u00e1tica\",\"description\":\"En Aivlisoft Inform\u00e1tica ofrecemos soluciones tecnol\u00f3gicas para empresas: venta de ordenadores, consumibles, perif\u00e9ricos y m\u00e1s. Calidad, atenci\u00f3n personalizada y los mejores precios para tu negocio.\",\"publisher\":{\"@id\":\"https:\/\/aivlisoft.net\/shop\/#organization\"},\"potentialAction\":[{\"@type\":\"SearchAction\",\"target\":{\"@type\":\"EntryPoint\",\"urlTemplate\":\"https:\/\/aivlisoft.net\/shop\/?s={search_term_string}\"},\"query-input\":{\"@type\":\"PropertyValueSpecification\",\"valueRequired\":true,\"valueName\":\"search_term_string\"}}],\"inLanguage\":\"es\"},{\"@type\":\"Organization\",\"@id\":\"https:\/\/aivlisoft.net\/shop\/#organization\",\"name\":\"Aivlisoft Inform\u00e1tica\",\"url\":\"https:\/\/aivlisoft.net\/shop\/\",\"logo\":{\"@type\":\"ImageObject\",\"inLanguage\":\"es\",\"@id\":\"https:\/\/aivlisoft.net\/shop\/#\/schema\/logo\/image\/\",\"url\":\"https:\/\/aivlisoft.net\/shop\/wp-content\/uploads\/2024\/12\/removal.ai_5b848c54-0cdf-4140-95c5-c5536bb7573b-logodef.png\",\"contentUrl\":\"https:\/\/aivlisoft.net\/shop\/wp-content\/uploads\/2024\/12\/removal.ai_5b848c54-0cdf-4140-95c5-c5536bb7573b-logodef.png\",\"width\":484,\"height\":182,\"caption\":\"Aivlisoft Inform\u00e1tica\"},\"image\":{\"@id\":\"https:\/\/aivlisoft.net\/shop\/#\/schema\/logo\/image\/\"}}]}<\/script>\n<!-- \/ Yoast SEO plugin. -->","yoast_head_json":{"title":"Nevir 7712 TV 24 \" LED HD USB VGA HDMI USB - Aivlisoft Inform\u00e1tica","robots":{"index":"index","follow":"follow","max-snippet":"max-snippet:-1","max-image-preview":"max-image-preview:large","max-video-preview":"max-video-preview:-1"},"canonical":"https:\/\/aivlisoft.net\/shop\/producto\/nevir-7712-tv-24-led-hd-usb-vga-hdmi-usb\/","og_locale":"es_ES","og_type":"article","og_title":"Nevir 7712 TV 24 \" LED HD USB VGA HDMI USB - Aivlisoft Inform\u00e1tica","og_description":"Marca Nevir Modelo NVR-7712-24RD2-N Pantalla &#8211; LED de 24&Prime; ( 60,96 cm ) &#8211; Resoluci&oacute;n: 1366 x 768 &#8211; HD READY &#8211; Tasa Refresco: 60 Hz &#8211; Aspecto: 16:9 &#8211; Contraste: 3000:1 &#8211; Brillo: 180cd\/m2 &#8211; Angulo Vision: 178H\/178V &#8211; Tiempo respuesta (G:G): 8 ms &#8211; Modos de Imagen preestablecidos Conexi&oacute;n &#8211; 1 x HDMI&hellip;&nbsp;Nevir 7712 TV 24 \u00bb LED HD USB VGA HDMI USB","og_url":"https:\/\/aivlisoft.net\/shop\/producto\/nevir-7712-tv-24-led-hd-usb-vga-hdmi-usb\/","og_site_name":"Aivlisoft Inform\u00e1tica","article_modified_time":"2025-01-14T20:29:15+00:00","og_image":[{"width":800,"height":800,"url":"https:\/\/aivlisoft.net\/shop\/wp-content\/uploads\/2025\/01\/MTVLED0902_800.jpg","type":"image\/jpeg"}],"twitter_card":"summary_large_image","twitter_misc":{"Tiempo de lectura":"1 minuto"},"schema":{"@context":"https:\/\/schema.org","@graph":[{"@type":"WebPage","@id":"https:\/\/aivlisoft.net\/shop\/producto\/nevir-7712-tv-24-led-hd-usb-vga-hdmi-usb\/","url":"https:\/\/aivlisoft.net\/shop\/producto\/nevir-7712-tv-24-led-hd-usb-vga-hdmi-usb\/","name":"Nevir 7712 TV 24 \" LED HD USB VGA HDMI USB - Aivlisoft Inform\u00e1tica","isPartOf":{"@id":"https:\/\/aivlisoft.net\/shop\/#website"},"primaryImageOfPage":{"@id":"https:\/\/aivlisoft.net\/shop\/producto\/nevir-7712-tv-24-led-hd-usb-vga-hdmi-usb\/#primaryimage"},"image":{"@id":"https:\/\/aivlisoft.net\/shop\/producto\/nevir-7712-tv-24-led-hd-usb-vga-hdmi-usb\/#primaryimage"},"thumbnailUrl":"https:\/\/aivlisoft.net\/shop\/wp-content\/uploads\/2025\/01\/MTVLED0902_800.jpg","datePublished":"2025-01-13T15:13:21+00:00","dateModified":"2025-01-14T20:29:15+00:00","breadcrumb":{"@id":"https:\/\/aivlisoft.net\/shop\/producto\/nevir-7712-tv-24-led-hd-usb-vga-hdmi-usb\/#breadcrumb"},"inLanguage":"es","potentialAction":[{"@type":"ReadAction","target":["https:\/\/aivlisoft.net\/shop\/producto\/nevir-7712-tv-24-led-hd-usb-vga-hdmi-usb\/"]}]},{"@type":"ImageObject","inLanguage":"es","@id":"https:\/\/aivlisoft.net\/shop\/producto\/nevir-7712-tv-24-led-hd-usb-vga-hdmi-usb\/#primaryimage","url":"https:\/\/aivlisoft.net\/shop\/wp-content\/uploads\/2025\/01\/MTVLED0902_800.jpg","contentUrl":"https:\/\/aivlisoft.net\/shop\/wp-content\/uploads\/2025\/01\/MTVLED0902_800.jpg","width":800,"height":800},{"@type":"BreadcrumbList","@id":"https:\/\/aivlisoft.net\/shop\/producto\/nevir-7712-tv-24-led-hd-usb-vga-hdmi-usb\/#breadcrumb","itemListElement":[{"@type":"ListItem","position":1,"name":"Portada","item":"https:\/\/aivlisoft.net\/shop\/"},{"@type":"ListItem","position":2,"name":"Tienda","item":"https:\/\/aivlisoft.net\/shop\/tienda\/"},{"@type":"ListItem","position":3,"name":"Nevir 7712 TV 24 \u00bb LED HD USB VGA HDMI USB"}]},{"@type":"WebSite","@id":"https:\/\/aivlisoft.net\/shop\/#website","url":"https:\/\/aivlisoft.net\/shop\/","name":"Aivlisoft Inform\u00e1tica","description":"En Aivlisoft Inform\u00e1tica ofrecemos soluciones tecnol\u00f3gicas para empresas: venta de ordenadores, consumibles, perif\u00e9ricos y m\u00e1s. Calidad, atenci\u00f3n personalizada y los mejores precios para tu negocio.","publisher":{"@id":"https:\/\/aivlisoft.net\/shop\/#organization"},"potentialAction":[{"@type":"SearchAction","target":{"@type":"EntryPoint","urlTemplate":"https:\/\/aivlisoft.net\/shop\/?s={search_term_string}"},"query-input":{"@type":"PropertyValueSpecification","valueRequired":true,"valueName":"search_term_string"}}],"inLanguage":"es"},{"@type":"Organization","@id":"https:\/\/aivlisoft.net\/shop\/#organization","name":"Aivlisoft Inform\u00e1tica","url":"https:\/\/aivlisoft.net\/shop\/","logo":{"@type":"ImageObject","inLanguage":"es","@id":"https:\/\/aivlisoft.net\/shop\/#\/schema\/logo\/image\/","url":"https:\/\/aivlisoft.net\/shop\/wp-content\/uploads\/2024\/12\/removal.ai_5b848c54-0cdf-4140-95c5-c5536bb7573b-logodef.png","contentUrl":"https:\/\/aivlisoft.net\/shop\/wp-content\/uploads\/2024\/12\/removal.ai_5b848c54-0cdf-4140-95c5-c5536bb7573b-logodef.png","width":484,"height":182,"caption":"Aivlisoft Inform\u00e1tica"},"image":{"@id":"https:\/\/aivlisoft.net\/shop\/#\/schema\/logo\/image\/"}}]}},"_links":{"self":[{"href":"https:\/\/aivlisoft.net\/shop\/wp-json\/wp\/v2\/product\/17563","targetHints":{"allow":["GET"]}}],"collection":[{"href":"https:\/\/aivlisoft.net\/shop\/wp-json\/wp\/v2\/product"}],"about":[{"href":"https:\/\/aivlisoft.net\/shop\/wp-json\/wp\/v2\/types\/product"}],"wp:featuredmedia":[{"embeddable":true,"href":"https:\/\/aivlisoft.net\/shop\/wp-json\/wp\/v2\/media\/17564"}],"wp:attachment":[{"href":"https:\/\/aivlisoft.net\/shop\/wp-json\/wp\/v2\/media?parent=17563"}],"wp:term":[{"taxonomy":"product_brand","embeddable":true,"href":"https:\/\/aivlisoft.net\/shop\/wp-json\/wp\/v2\/product_brand?post=17563"},{"taxonomy":"product_cat","embeddable":true,"href":"https:\/\/aivlisoft.net\/shop\/wp-json\/wp\/v2\/product_cat?post=17563"},{"taxonomy":"product_tag","embeddable":true,"href":"https:\/\/aivlisoft.net\/shop\/wp-json\/wp\/v2\/product_tag?post=17563"}],"curies":[{"name":"wp","href":"https:\/\/api.w.org\/{rel}","templated":true}]}}